{"id":1059,"date":"2023-06-13T08:50:24","date_gmt":"2023-06-13T08:50:24","guid":{"rendered":"https:\/\/dev.agriportance.com\/?page_id=1059"},"modified":"2024-11-22T12:33:49","modified_gmt":"2024-11-22T12:33:49","slug":"rizeni-biometanu-lco2","status":"publish","type":"page","link":"https:\/\/agriportance.com\/cs\/kontakt\/vertriebsgebiete\/management-biomethan-lco2\/","title":{"rendered":"N\u011bmecko | Zprost\u0159edkov\u00e1n\u00ed LCO2"},"content":{"rendered":"<div id=\"cs-content\" class=\"cs-content\"><div class=\"x-section e1059-e1 mtf-0 mtf-1 mtf-2\"><div class=\"x-row x-container max width e1059-e2 mtf-8 mtf-9 mtf-a mtf-b mtf-e mtf-f\"><div class=\"x-row-inner\"><div class=\"x-col e1059-e3 mtf-l\"><div class=\"x-section e1059-e4 mtf-0 mtf-2 mtf-3 mtf-4\"><div class=\"x-row x-container max width e1059-e5 mtf-8 mtf-9 mtf-a mtf-b mtf-e mtf-g\"><div class=\"x-row-inner\"><div class=\"x-col e1059-e6 mtf-l\"><nav class=\"x-crumbs e1059-e7 mtf-n\" role=\"navigation\"><ol class=\"x-crumbs-list\" itemscope=\"\" itemtype=\"http:\/\/schema.org\/BreadcrumbList\" aria-label=\"Drobe\u010dkov\u00e1 navigace\"><li class=\"x-crumbs-list-item\" itemprop=\"itemListElement\" itemscope itemtype=\"http:\/\/schema.org\/ListItem\"><a class=\"x-crumbs-current x-crumbs-link\" itemtype=\"http:\/\/schema.org\/Thing\" itemprop=\"item\" href=\"https:\/\/agriportance.com\/cs\/\" title=\"Jste zde\"><span itemprop=\"name\"><i class=\"x-icon\" aria-hidden=\"true\" data-x-icon-s=\"&#xf015;\"><\/i><span class=\"visually-hidden\">agriportance<\/span><\/span><\/a><meta itemprop=\"position\" content=\"1\"><\/li><\/ol><\/nav><\/div><\/div><\/div><\/div><\/div><\/div><\/div><\/div><div class=\"x-section e1059-e8 mtf-0 mtf-3 mtf-5 mtf-6\"><div class=\"x-bg\" aria-hidden=\"true\"><div class=\"x-bg-layer-lower-image\"><\/div><div class=\"x-bg-layer-upper-color\"><\/div><\/div><div class=\"x-div x-container max width e1059-e9 mtf-o\"><div class=\"x-row e1059-e10 mtf-8 mtf-9 mtf-c mtf-h\"><div class=\"x-row-inner\"><div class=\"x-col e1059-e11 mtf-l\"><span class=\"x-image e1059-e12 mtf-p\"><img decoding=\"async\" src=\"https:\/\/agriportance.com\/wp-content\/uploads\/2023\/06\/thorben-krumnacker-agriportance.jpg\" width=\"250\" height=\"323\" alt=\"thorben-krumnacker-agriportance\"><\/span><\/div><div class=\"x-col e1059-e13 mtf-l\"><div class=\"x-text x-text-headline e1059-e14 mtf-q mtf-r mtf-s\"><div class=\"x-text-content\"><div class=\"x-text-content-text\">\n<h2 class=\"x-text-content-text-primary\">Thorben Krumnacker<\/h2><\/div><\/div><\/div><div class=\"x-text x-content e1059-e15 mtf-x mtf-y\"><p><span data-teams=\"true\"><span class=\"ui-provider a b c d e f g h i j k l m n o p q r s t u v w x y z ab ac ae af ag ah ai aj ak\" dir=\"ltr\">Account Manager Biometan a LCO2<\/span><\/span><\/p><\/div><div class=\"x-text x-content e1059-e16 mtf-x mtf-z\"><p><strong>agriportance. GmbH<\/strong><\/p>\n<p>Lippst\u00e4dter Stra\u00dfe 54 | Businessdock Building F | 48155 M\u00fcnster<\/p><\/div><div class=\"x-text x-text-headline has-graphic e1059-e17 mtf-r mtf-s mtf-t mtf-u\"><div class=\"x-text-content\"><span class=\"x-graphic\" aria-hidden=\"true\"><i class=\"x-icon x-graphic-child x-graphic-icon x-graphic-primary\" aria-hidden=\"true\" data-x-icon-s=\"&#xf3ce;\"><\/i><\/span><div class=\"x-text-content-text\"><h5 class=\"x-text-content-text-primary\">+49 176 46081028<\/h5>\n<\/div><\/div><\/div><div class=\"x-text x-text-headline has-graphic e1059-e18 mtf-r mtf-s mtf-t mtf-v\"><div class=\"x-text-content\"><span class=\"x-graphic\" aria-hidden=\"true\"><i class=\"x-icon x-graphic-child x-graphic-icon x-graphic-primary\" aria-hidden=\"true\" data-x-icon-s=\"&#xf0e0;\"><\/i><\/span><div class=\"x-text-content-text\"><h3 class=\"x-text-content-text-primary\"><a href=\"mailto:thorben.krumnacker@agriportance.com\">thorben.krumnacker@agriportance.com<\/a><\/h3>\n<\/div><\/div><\/div><\/div><\/div><\/div><\/div><\/div><div class=\"x-section e1059-e19 mtf-0 mtf-6 mtf-7\"><div class=\"x-row x-container max width e1059-e20 mtf-8 mtf-a mtf-d mtf-i mtf-j\"><div class=\"x-row-inner\"><div class=\"x-col e1059-e21 mtf-l mtf-m\"><div class=\"x-text x-text-headline e1059-e22 mtf-s mtf-w\"><div class=\"x-text-content\"><div class=\"x-text-content-text\"><h2 class=\"x-text-content-text-primary\">M\u016f\u017eete si tak\u00e9 domluvit sch\u016fzku p\u0159\u00edmo se mnou:<\/h2>\n<\/div><\/div><\/div><\/div><\/div><\/div><div class=\"x-row x-container max width e1059-e23 mtf-8 mtf-a mtf-d mtf-i mtf-k\"><div class=\"x-row-inner\"><div class=\"x-col e1059-e24 mtf-l mtf-m\"><div class=\"x-form-integration x-form-integration-embed e1059-e25 mtf-10\"><!-- Start of Meetings Embed Script -->\n    <div class=\"meetings-iframe-container\" data-src=\"https:\/\/meetings-eu1.hubspot.com\/meetings\/thorben-krumnacker?embed=true\"><\/div>\n    <script type=\"text\/javascript\" src=\"https:\/\/static.hsappstatic.net\/MeetingsEmbed\/ex\/MeetingsEmbedCode.js\"><\/script>\n  <!-- End of Meetings Embed Script --><\/div><\/div><\/div><\/div><\/div><\/div>","protected":false},"excerpt":{"rendered":"<p>agriportance Thorben KrumnackerAccount Manager Biomethane &amp; LCO2agriportance. GmbH Lippst\u00e4dter Stra\u00dfe 54 | Businessdock Building F | 48155 M\u00fcnster+49 176 46081028 thorben.krumnacker@agriportance.com M\u016f\u017eete si tak\u00e9 domluvit sch\u016fzku p\u0159\u00edmo se mnou:<\/p>","protected":false},"author":2,"featured_media":0,"parent":590,"menu_order":0,"comment_status":"closed","ping_status":"closed","template":"template-blank-4.php","meta":{"content-type":"","footnotes":""},"class_list":["post-1059","page","type-page","status-publish","hentry","no-post-thumbnail"],"yoast_head":"<!-- This site is optimized with the Yoast SEO Premium plugin v27.2 (Yoast SEO v27.3) - https:\/\/yoast.com\/product\/yoast-seo-premium-wordpress\/ -->\n<title>Vertrieb S\u00fcddeutschland | Vermittlung von Biomethan &amp; LCO2<\/title>\n<meta name=\"description\" content=\"Sie suchen Vermittler von Biomethan o. LCO2 in S\u00fcddeutschland? Sie ben\u00f6tigen THG-Bilanzierungen o. ein Handbuch zum Audit? Jetzt kontaktieren\" \/>\n<meta name=\"robots\" content=\"index, follow, max-snippet:-1, max-image-preview:large, max-video-preview:-1\" \/>\n<link rel=\"canonical\" href=\"https:\/\/agriportance.com\/cs\/kontakt\/prodejni-teritoria\/rizeni-biometanu-lco2\/\" \/>\n<meta property=\"og:locale\" content=\"cs_CZ\" \/>\n<meta property=\"og:type\" content=\"article\" \/>\n<meta property=\"og:title\" content=\"Deutschland | Vermittlung LCO2\" \/>\n<meta property=\"og:description\" content=\"Sie suchen Vermittler von Biomethan o. LCO2 in S\u00fcddeutschland? Sie ben\u00f6tigen THG-Bilanzierungen o. ein Handbuch zum Audit? Jetzt kontaktieren\" \/>\n<meta property=\"og:url\" content=\"https:\/\/agriportance.com\/cs\/kontakt\/prodejni-teritoria\/rizeni-biometanu-lco2\/\" \/>\n<meta property=\"og:site_name\" content=\"agriportance GmbH\" \/>\n<meta property=\"article:publisher\" content=\"https:\/\/www.facebook.com\/agriportance\" \/>\n<meta property=\"article:modified_time\" content=\"2024-11-22T12:33:49+00:00\" \/>\n<meta name=\"twitter:card\" content=\"summary_large_image\" \/>\n<meta name=\"twitter:site\" content=\"@agriportance\" \/>\n<meta name=\"twitter:label1\" content=\"Odhadovan\u00e1 doba \u010dten\u00ed\" \/>\n\t<meta name=\"twitter:data1\" content=\"1 minuta\" \/>\n<script type=\"application\/ld+json\" class=\"yoast-schema-graph\">{\"@context\":\"https:\\\/\\\/schema.org\",\"@graph\":[{\"@type\":\"WebPage\",\"@id\":\"https:\\\/\\\/agriportance.com\\\/de\\\/kontakt\\\/vertriebsgebiete\\\/management-biomethan-lco2\\\/\",\"url\":\"https:\\\/\\\/agriportance.com\\\/de\\\/kontakt\\\/vertriebsgebiete\\\/management-biomethan-lco2\\\/\",\"name\":\"Vertrieb S\u00fcddeutschland | Vermittlung von Biomethan & LCO2\",\"isPartOf\":{\"@id\":\"https:\\\/\\\/agriportance.com\\\/#website\"},\"datePublished\":\"2023-06-13T08:50:24+00:00\",\"dateModified\":\"2024-11-22T12:33:49+00:00\",\"description\":\"Sie suchen Vermittler von Biomethan o. LCO2 in S\u00fcddeutschland? Sie ben\u00f6tigen THG-Bilanzierungen o. ein Handbuch zum Audit? Jetzt kontaktieren\",\"breadcrumb\":{\"@id\":\"https:\\\/\\\/agriportance.com\\\/de\\\/kontakt\\\/vertriebsgebiete\\\/management-biomethan-lco2\\\/#breadcrumb\"},\"inLanguage\":\"cs\",\"potentialAction\":[{\"@type\":\"ReadAction\",\"target\":[\"https:\\\/\\\/agriportance.com\\\/de\\\/kontakt\\\/vertriebsgebiete\\\/management-biomethan-lco2\\\/\"]}]},{\"@type\":\"BreadcrumbList\",\"@id\":\"https:\\\/\\\/agriportance.com\\\/de\\\/kontakt\\\/vertriebsgebiete\\\/management-biomethan-lco2\\\/#breadcrumb\",\"itemListElement\":[{\"@type\":\"ListItem\",\"position\":1,\"name\":\"Startseite\",\"item\":\"https:\\\/\\\/agriportance.com\\\/de\\\/\"},{\"@type\":\"ListItem\",\"position\":2,\"name\":\"Kontakt\",\"item\":\"https:\\\/\\\/agriportance.com\\\/de\\\/kontakt\\\/\"},{\"@type\":\"ListItem\",\"position\":3,\"name\":\"Vertriebsgebiete\",\"item\":\"https:\\\/\\\/agriportance.com\\\/de\\\/kontakt\\\/vertriebsgebiete\\\/\"},{\"@type\":\"ListItem\",\"position\":4,\"name\":\"Deutschland | Vermittlung LCO2\"}]},{\"@type\":\"WebSite\",\"@id\":\"https:\\\/\\\/agriportance.com\\\/#website\",\"url\":\"https:\\\/\\\/agriportance.com\\\/\",\"name\":\"agriportance\",\"description\":\"Informationen und Dienstleistungen zu Biomethan und LCO2\",\"publisher\":{\"@id\":\"https:\\\/\\\/agriportance.com\\\/#organization\"},\"potentialAction\":[{\"@type\":\"SearchAction\",\"target\":{\"@type\":\"EntryPoint\",\"urlTemplate\":\"https:\\\/\\\/agriportance.com\\\/?s={search_term_string}\"},\"query-input\":{\"@type\":\"PropertyValueSpecification\",\"valueRequired\":true,\"valueName\":\"search_term_string\"}}],\"inLanguage\":\"cs\"},{\"@type\":\"Organization\",\"@id\":\"https:\\\/\\\/agriportance.com\\\/#organization\",\"name\":\"agriportance GmbH\",\"url\":\"https:\\\/\\\/agriportance.com\\\/\",\"logo\":{\"@type\":\"ImageObject\",\"inLanguage\":\"cs\",\"@id\":\"https:\\\/\\\/agriportance.com\\\/#\\\/schema\\\/logo\\\/image\\\/\",\"url\":\"https:\\\/\\\/agriportance.com\\\/wp-content\\\/uploads\\\/2023\\\/05\\\/agriportance-logo.png\",\"contentUrl\":\"https:\\\/\\\/agriportance.com\\\/wp-content\\\/uploads\\\/2023\\\/05\\\/agriportance-logo.png\",\"width\":701,\"height\":108,\"caption\":\"agriportance GmbH\"},\"image\":{\"@id\":\"https:\\\/\\\/agriportance.com\\\/#\\\/schema\\\/logo\\\/image\\\/\"},\"sameAs\":[\"https:\\\/\\\/www.facebook.com\\\/agriportance\",\"https:\\\/\\\/x.com\\\/agriportance\",\"https:\\\/\\\/de.linkedin.com\\\/company\\\/agriportance\",\"https:\\\/\\\/www.instagram.com\\\/agriportance\"]}]}<\/script>\n<!-- \/ Yoast SEO Premium plugin. -->","yoast_head_json":{"title":"Prodej ji\u017en\u00ed N\u011bmecko | Po\u0159\u00edzen\u00ed biometanu a LCO2","description":"Hled\u00e1te zprost\u0159edkovatele pro biometan nebo LCO2 v ji\u017en\u00edm N\u011bmecku? Pot\u0159ebujete bilanci sklen\u00edkov\u00fdch plyn\u016f nebo manu\u00e1l k auditu? Kontaktujte n\u00e1s nyn\u00ed","robots":{"index":"index","follow":"follow","max-snippet":"max-snippet:-1","max-image-preview":"max-image-preview:large","max-video-preview":"max-video-preview:-1"},"canonical":"https:\/\/agriportance.com\/cs\/kontakt\/prodejni-teritoria\/rizeni-biometanu-lco2\/","og_locale":"cs_CZ","og_type":"article","og_title":"Deutschland | Vermittlung LCO2","og_description":"Sie suchen Vermittler von Biomethan o. LCO2 in S\u00fcddeutschland? Sie ben\u00f6tigen THG-Bilanzierungen o. ein Handbuch zum Audit? Jetzt kontaktieren","og_url":"https:\/\/agriportance.com\/cs\/kontakt\/prodejni-teritoria\/rizeni-biometanu-lco2\/","og_site_name":"agriportance GmbH","article_publisher":"https:\/\/www.facebook.com\/agriportance","article_modified_time":"2024-11-22T12:33:49+00:00","twitter_card":"summary_large_image","twitter_site":"@agriportance","twitter_misc":{"Odhadovan\u00e1 doba \u010dten\u00ed":"1 minuta"},"schema":{"@context":"https:\/\/schema.org","@graph":[{"@type":"WebPage","@id":"https:\/\/agriportance.com\/de\/kontakt\/vertriebsgebiete\/management-biomethan-lco2\/","url":"https:\/\/agriportance.com\/de\/kontakt\/vertriebsgebiete\/management-biomethan-lco2\/","name":"Prodej ji\u017en\u00ed N\u011bmecko | Po\u0159\u00edzen\u00ed biometanu a LCO2","isPartOf":{"@id":"https:\/\/agriportance.com\/#website"},"datePublished":"2023-06-13T08:50:24+00:00","dateModified":"2024-11-22T12:33:49+00:00","description":"Hled\u00e1te zprost\u0159edkovatele pro biometan nebo LCO2 v ji\u017en\u00edm N\u011bmecku? Pot\u0159ebujete bilanci sklen\u00edkov\u00fdch plyn\u016f nebo manu\u00e1l k auditu? Kontaktujte n\u00e1s nyn\u00ed","breadcrumb":{"@id":"https:\/\/agriportance.com\/de\/kontakt\/vertriebsgebiete\/management-biomethan-lco2\/#breadcrumb"},"inLanguage":"cs","potentialAction":[{"@type":"ReadAction","target":["https:\/\/agriportance.com\/de\/kontakt\/vertriebsgebiete\/management-biomethan-lco2\/"]}]},{"@type":"BreadcrumbList","@id":"https:\/\/agriportance.com\/de\/kontakt\/vertriebsgebiete\/management-biomethan-lco2\/#breadcrumb","itemListElement":[{"@type":"ListItem","position":1,"name":"Startseite","item":"https:\/\/agriportance.com\/de\/"},{"@type":"ListItem","position":2,"name":"Kontakt","item":"https:\/\/agriportance.com\/de\/kontakt\/"},{"@type":"ListItem","position":3,"name":"Vertriebsgebiete","item":"https:\/\/agriportance.com\/de\/kontakt\/vertriebsgebiete\/"},{"@type":"ListItem","position":4,"name":"Deutschland | Vermittlung LCO2"}]},{"@type":"WebSite","@id":"https:\/\/agriportance.com\/#website","url":"https:\/\/agriportance.com\/","name":"agriportance","description":"Informace a slu\u017eby o biometanu a LCO2","publisher":{"@id":"https:\/\/agriportance.com\/#organization"},"potentialAction":[{"@type":"SearchAction","target":{"@type":"EntryPoint","urlTemplate":"https:\/\/agriportance.com\/?s={search_term_string}"},"query-input":{"@type":"PropertyValueSpecification","valueRequired":true,"valueName":"search_term_string"}}],"inLanguage":"cs"},{"@type":"Organization","@id":"https:\/\/agriportance.com\/#organization","name":"agriportance GmbH","url":"https:\/\/agriportance.com\/","logo":{"@type":"ImageObject","inLanguage":"cs","@id":"https:\/\/agriportance.com\/#\/schema\/logo\/image\/","url":"https:\/\/agriportance.com\/wp-content\/uploads\/2023\/05\/agriportance-logo.png","contentUrl":"https:\/\/agriportance.com\/wp-content\/uploads\/2023\/05\/agriportance-logo.png","width":701,"height":108,"caption":"agriportance GmbH"},"image":{"@id":"https:\/\/agriportance.com\/#\/schema\/logo\/image\/"},"sameAs":["https:\/\/www.facebook.com\/agriportance","https:\/\/x.com\/agriportance","https:\/\/de.linkedin.com\/company\/agriportance","https:\/\/www.instagram.com\/agriportance"]}]}},"_links":{"self":[{"href":"https:\/\/agriportance.com\/cs\/wp-json\/wp\/v2\/pages\/1059","targetHints":{"allow":["GET"]}}],"collection":[{"href":"https:\/\/agriportance.com\/cs\/wp-json\/wp\/v2\/pages"}],"about":[{"href":"https:\/\/agriportance.com\/cs\/wp-json\/wp\/v2\/types\/page"}],"author":[{"embeddable":true,"href":"https:\/\/agriportance.com\/cs\/wp-json\/wp\/v2\/users\/2"}],"replies":[{"embeddable":true,"href":"https:\/\/agriportance.com\/cs\/wp-json\/wp\/v2\/comments?post=1059"}],"version-history":[{"count":12,"href":"https:\/\/agriportance.com\/cs\/wp-json\/wp\/v2\/pages\/1059\/revisions"}],"predecessor-version":[{"id":35238,"href":"https:\/\/agriportance.com\/cs\/wp-json\/wp\/v2\/pages\/1059\/revisions\/35238"}],"up":[{"embeddable":true,"href":"https:\/\/agriportance.com\/cs\/wp-json\/wp\/v2\/pages\/590"}],"wp:attachment":[{"href":"https:\/\/agriportance.com\/cs\/wp-json\/wp\/v2\/media?parent=1059"}],"curies":[{"name":"wp","href":"https:\/\/api.w.org\/{rel}","templated":true}]}}