{"id":1277,"date":"2023-06-12T14:38:56","date_gmt":"2023-06-12T14:38:56","guid":{"rendered":"https:\/\/dev.agriportance.com\/biomethan-herstellung-2-2-2-2-3-2-2"},"modified":"2025-06-25T12:12:46","modified_gmt":"2025-06-25T12:12:46","slug":"certifikace-udrzitelnosti-redcert","status":"publish","type":"page","link":"https:\/\/agriportance.com\/cs\/dienstleistungen\/nachhaltigkeitszertifizierung-redcert\/","title":{"rendered":"REDcert | Podpora certifikace udr\u017eitelnosti"},"content":{"rendered":"<div id=\"cs-content\" class=\"cs-content\"><div class=\"x-section e1277-e1 mzh-0 mzh-1 mzh-2 mzh-3\"><div class=\"x-bg\" aria-hidden=\"true\"><div class=\"x-bg-layer-lower-image\"><\/div><div class=\"x-bg-layer-upper-color\"><\/div><\/div><div class=\"x-row x-container max width e1277-e2 mzh-e mzh-f mzh-g mzh-h mzh-m mzh-n\"><div class=\"x-row-inner\"><div class=\"x-col e1277-e3 mzh-w mzh-x mzh-y mzh-z\"><div class=\"x-section e1277-e4 mzh-0 mzh-4 mzh-5 mzh-6 mzh-7\"><div class=\"x-row x-container max width e1277-e5 mzh-e mzh-f mzh-g mzh-h mzh-m mzh-o\"><div class=\"x-row-inner\"><div class=\"x-col e1277-e6 mzh-w mzh-x mzh-y mzh-z\"><nav class=\"x-crumbs e1277-e7 mzh-17\" role=\"navigation\"><ol class=\"x-crumbs-list\" itemscope=\"\" itemtype=\"http:\/\/schema.org\/BreadcrumbList\" aria-label=\"Drobe\u010dkov\u00e1 navigace\"><li class=\"x-crumbs-list-item\" itemprop=\"itemListElement\" itemscope itemtype=\"http:\/\/schema.org\/ListItem\"><a class=\"x-crumbs-current x-crumbs-link\" itemtype=\"http:\/\/schema.org\/Thing\" itemprop=\"item\" href=\"https:\/\/agriportance.com\/cs\/\" title=\"Jste zde\"><span itemprop=\"name\"><i class=\"x-icon\" aria-hidden=\"true\" data-x-icon-s=\"&#xf015;\"><\/i><span class=\"visually-hidden\">agriportance<\/span><\/span><\/a><meta itemprop=\"position\" content=\"1\"><\/li><\/ol><\/nav><\/div><\/div><\/div><\/div><\/div><\/div><\/div><\/div><div class=\"x-section e1277-e8 mzh-0 mzh-2 mzh-3 mzh-8\"><div class=\"x-bg\" aria-hidden=\"true\"><div class=\"x-bg-layer-lower-image\"><\/div><div class=\"x-bg-layer-upper-color\"><\/div><\/div><div class=\"x-container e1277-e9 mzh-18\"><div class=\"x-column x-sm x-1-1 e1277-e10 mzh-19\"><div class=\"x-text x-text-headline e1277-e11 mzh-1a mzh-1b mzh-1c mzh-1d\"><div class=\"x-text-content\"><div class=\"x-text-content-text\"><h1 class=\"x-text-content-text-primary\">Doprovodn\u00e1 certifikace udr\u017eitelnosti podle REDcert<\/h1>\n<\/div><\/div><\/div><div class=\"x-text x-content e1277-e12 mzh-1p mzh-1q mzh-1r\"><p>Ve sv\u011bt\u011b, kter\u00fd st\u00e1le v\u00edce db\u00e1 na \u017eivotn\u00ed prost\u0159ed\u00ed a udr\u017eitelnost, jsou certifikace, jako je REDcert, d\u016fle\u017eit\u00fdm krokem pro ka\u017edou bioplynovou stanici.<\/p>\n<p>Nejen\u017ee potvrzuj\u00ed v\u00e1\u0161 z\u00e1vazek k udr\u017eiteln\u011bj\u0161\u00ed budoucnosti, ale tak\u00e9 zaji\u0161\u0165uj\u00ed, \u017ee v\u00e1\u0161 produkt na b\u00e1zi biometanu z\u00edsk\u00e1 na trhu konkuren\u010dn\u00ed v\u00fdhodu a bude certifikov\u00e1n. V tak d\u016fle\u017eit\u00e9m procesu, jako je certifikace udr\u017eitelnosti, v\u00e1s m\u016f\u017eeme podpo\u0159it a poskytnout v\u00e1m z\u00e1sadn\u00ed pomoc. M\u016f\u017eeme v\u00e1m pomoci s dotazy, p\u0159\u00edpadn\u011b pro v\u00e1s p\u0159ipravit bilanci sklen\u00edkov\u00fdch plyn\u016f nebo vypracovat manu\u00e1l pro audit; v ka\u017ed\u00e9m p\u0159\u00edpad\u011b v\u00e1s procesem provedeme d\u00edky na\u0161im odborn\u00fdm znalostem.<\/p>\n<p class=\"p1\"><b>Doprov\u00e1z\u00edme v\u00e1s v procesu certifikace udr\u017eitelnosti podle REDcert!<\/b><\/p><\/div><\/div><\/div><\/div><div class=\"x-section e1277-e13 mzh-0 mzh-4 mzh-7 mzh-9\"><div class=\"x-row x-container max width e1277-e14 mzh-e mzh-f mzh-g mzh-h mzh-m mzh-p\"><div class=\"x-row-inner\"><div class=\"x-col e1277-e15 mzh-w mzh-x mzh-y mzh-z\"><div class=\"x-text x-text-headline e1277-e16 mzh-1b mzh-1d mzh-1e mzh-1f mzh-1g\"><div class=\"x-text-content\"><div class=\"x-text-content-text\"><h2 class=\"x-text-content-text-primary\">REDcert - certifikace udr\u017eitelnosti pro odv\u011btv\u00ed bioenergetiky<\/h2>\n<\/div><\/div><\/div><div class=\"x-text x-content e1277-e17 mzh-1q mzh-1r mzh-1s mzh-1t mzh-1u\"><p data-start=\"213\" data-end=\"598\">Na str\u00e1nk\u00e1ch <strong data-start=\"217\" data-end=\"235\">Syst\u00e9m REDcert<\/strong> je jedn\u00edm z p\u0159edn\u00edch syst\u00e9m\u016f certifikace udr\u017eitelnosti biomasy a biopaliv v Evrop\u011b. Byl zalo\u017een v roce 2010 v\u00fdznamn\u00fdmi hr\u00e1\u010di v oblasti zem\u011bd\u011blstv\u00ed a biopaliv a umo\u017e\u0148uje implementaci po\u017eadavk\u016f sm\u011brnice EU o obnoviteln\u00fdch zdroj\u00edch energie (RED II) v oblasti udr\u017eiteln\u00e9 produkce a zpracov\u00e1n\u00ed biomasy.<\/p>\n<p data-start=\"600\" data-end=\"962\">S <strong data-start=\"604\" data-end=\"615\">REDcert<\/strong> spole\u010dnosti v cel\u00e9m hodnotov\u00e9m \u0159et\u011bzci - od zem\u011bd\u011blsk\u00fdch podnik\u016f a bioplynov\u00fdch stanic a\u017e po obchodn\u00edky - prokazuj\u00ed, \u017ee jejich produkty jsou vyr\u00e1b\u011bny ekologicky udr\u017eiteln\u00fdm zp\u016fsobem a jsou dohledateln\u00e9. To zahrnuje dodr\u017eov\u00e1n\u00ed c\u00edl\u016f sni\u017eov\u00e1n\u00ed emis\u00ed sklen\u00edkov\u00fdch plyn\u016f, krit\u00e9ri\u00ed pro vyu\u017e\u00edv\u00e1n\u00ed p\u016fdy a transparentn\u00edch syst\u00e9m\u016f hmotnostn\u00ed bilance.<\/p>\n<p data-start=\"964\" data-end=\"1307\">Syst\u00e9m je praktick\u00fd a mezin\u00e1rodn\u011b uzn\u00e1van\u00fd a je pravideln\u011b kontrolov\u00e1n nez\u00e1visl\u00fdmi certifika\u010dn\u00edmi org\u00e1ny. Pro spole\u010dnosti p\u016fsob\u00edc\u00ed na evropsk\u00e9m trhu <strong data-start=\"1163\" data-end=\"1174\">REDcert<\/strong> je hlavn\u00edm z\u00e1kladem pro z\u00edsk\u00e1n\u00ed p\u0159\u00edstupu k dotac\u00edm a trh\u016fm a pro spolehliv\u00e9 pln\u011bn\u00ed z\u00e1konn\u00fdch po\u017eadavk\u016f.<\/p><\/div><\/div><\/div><\/div><\/div><div class=\"x-section e1277-e18 mzh-0 mzh-2 mzh-4 mzh-5 mzh-a\"><div class=\"x-bg\" aria-hidden=\"true\"><div class=\"x-bg-layer-lower-image\"><\/div><div class=\"x-bg-layer-upper-color\"><\/div><\/div><div class=\"x-row x-container max width e1277-e19 mzh-e mzh-f mzh-g mzh-h mzh-m mzh-q\"><div class=\"x-row-inner\"><div class=\"x-col e1277-e20 mzh-w mzh-x mzh-y mzh-z\"><div class=\"x-section e1277-e21 mzh-0 mzh-7 mzh-9 mzh-b\"><div class=\"x-row x-container max width e1277-e22 mzh-e mzh-f mzh-g mzh-h mzh-m mzh-r\"><div class=\"x-row-inner\"><div class=\"x-col e1277-e23 mzh-w mzh-x mzh-y mzh-z\"><div class=\"x-section e1277-e24 mzh-0 mzh-7 mzh-c\"><div class=\"x-row x-container max width e1277-e25 mzh-e mzh-f mzh-g mzh-h mzh-m mzh-s\"><div class=\"x-row-inner\"><div class=\"x-col e1277-e26 mzh-w mzh-x mzh-y mzh-z\"><div class=\"x-row e1277-e27 mzh-e mzh-h mzh-i mzh-j mzh-t\"><div class=\"x-bg\" aria-hidden=\"true\"><div class=\"x-bg-layer-lower-color\"><\/div><\/div><div class=\"x-row-inner\"><div class=\"x-col e1277-e28 mzh-w mzh-x mzh-10 mzh-11 mzh-12 mzh-13\"><div class=\"x-text x-text-headline e1277-e29 mzh-1a mzh-1b mzh-1d mzh-1f mzh-1g mzh-1h mzh-1i mzh-1j\"><div class=\"x-text-content\"><div class=\"x-text-content-text\"><h3 class=\"x-text-content-text-primary\"><h5>Kontaktujte n\u00e1s<\/h5><\/h3>\n<\/div><\/div><\/div><hr class=\"x-line e1277-e30 mzh-1z mzh-20\"\/><div class=\"x-text x-text-headline has-graphic e1277-e31 mzh-1a mzh-1b mzh-1f mzh-1g mzh-1j mzh-1k mzh-1l mzh-1m\"><div class=\"x-text-content\"><span class=\"x-graphic\" aria-hidden=\"true\"><i class=\"x-icon x-graphic-child x-graphic-icon x-graphic-primary\" aria-hidden=\"true\" data-x-icon-l=\"&#xf5a0;\"><\/i><\/span><div class=\"x-text-content-text\"><span class=\"x-text-content-text-primary\">Lippst\u00e4dter Stra\u00dfe 54 Businessdock Building F 48155 M\u00fcnster<\/span>\n<\/div><\/div><\/div><hr class=\"x-line e1277-e32 mzh-20 mzh-21\"\/><div class=\"x-text x-text-headline has-graphic e1277-e33 mzh-1a mzh-1b mzh-1f mzh-1g mzh-1j mzh-1k mzh-1l mzh-1m\"><div class=\"x-text-content\"><span class=\"x-graphic\" aria-hidden=\"true\"><i class=\"x-icon x-graphic-child x-graphic-icon x-graphic-primary\" aria-hidden=\"true\" data-x-icon-l=\"&#x40;\"><\/i><\/span><div class=\"x-text-content-text\"><span class=\"x-text-content-text-primary\"><a href=\"mailto:info@agriportance.com\"><span style=\"color: #ffffff;\">info@agriportance.com<\/span><\/a><\/span>\n<\/div><\/div><\/div><hr class=\"x-line e1277-e34 mzh-20 mzh-21\"\/><div class=\"x-text x-text-headline has-graphic e1277-e35 mzh-1a mzh-1b mzh-1f mzh-1g mzh-1j mzh-1k mzh-1l mzh-1m\"><div class=\"x-text-content\"><span class=\"x-graphic\" aria-hidden=\"true\"><i class=\"x-icon x-graphic-child x-graphic-icon x-graphic-primary\" aria-hidden=\"true\" data-x-icon-l=\"&#xf2a0;\"><\/i><\/span><div class=\"x-text-content-text\"><span class=\"x-text-content-text-primary\">+49 176 57915277<\/span>\n<\/div><\/div><\/div><hr class=\"x-line e1277-e36 mzh-20 mzh-21\"\/><div class=\"x-row e1277-e37 mzh-e mzh-g mzh-i mzh-k mzh-l mzh-u\"><div class=\"x-row-inner\"><div class=\"x-col e1277-e38 mzh-w mzh-x mzh-y mzh-z mzh-10 mzh-13 mzh-14\"><a class=\"x-anchor x-anchor-button has-graphic e1277-e39 mzh-23 mzh-24\" tabindex=\"0\" href=\"https:\/\/www.instagram.com\/agriportance\/\" target=\"_blank\" rel=\"noopener noreferrer\"><div class=\"x-anchor-content\"><span class=\"x-graphic\" aria-hidden=\"true\"><i class=\"x-icon x-graphic-child x-graphic-icon x-graphic-primary\" aria-hidden=\"true\" data-x-icon-b=\"&#xf16d;\"><\/i><\/span><\/div><\/a><a class=\"x-anchor x-anchor-button has-graphic e1277-e40 mzh-23 mzh-24\" tabindex=\"0\" href=\"https:\/\/www.facebook.com\/agriportance\" target=\"_blank\" rel=\"noopener noreferrer\"><div class=\"x-anchor-content\"><span class=\"x-graphic\" aria-hidden=\"true\"><i class=\"x-icon x-graphic-child x-graphic-icon x-graphic-primary\" aria-hidden=\"true\" data-x-icon-b=\"&#xf09a;\"><\/i><\/span><\/div><\/a><a class=\"x-anchor x-anchor-button has-graphic e1277-e41 mzh-23 mzh-24\" tabindex=\"0\" href=\"tel:+49 175 6335057\"><div class=\"x-anchor-content\"><span class=\"x-graphic\" aria-hidden=\"true\"><i class=\"x-icon x-graphic-child x-graphic-icon x-graphic-primary\" aria-hidden=\"true\" data-x-icon-b=\"&#xf232;\"><\/i><\/span><\/div><\/a><\/div><\/div><\/div><\/div><div class=\"x-col e1277-e42 mzh-w mzh-x mzh-y mzh-15\"><div class=\"x-text x-text-headline e1277-e43 mzh-1a mzh-1b mzh-1f mzh-1g mzh-1h mzh-1l mzh-1n\"><div class=\"x-text-content\"><div class=\"x-text-content-text\"><h3 class=\"x-text-content-text-primary\">Pot\u0159ebujete poradit?<\/h3>\n<\/div><\/div><\/div><div class=\"x-text x-content e1277-e44 mzh-1q mzh-1r mzh-1s mzh-1t mzh-1v\"><p>Nev\u00e1hejte n\u00e1m poslat zpr\u00e1vu<\/p><\/div><hr class=\"x-line e1277-e45 mzh-20 mzh-22\"\/><div class=\"x-form-integration x-form-integration-embed e1277-e46 mzh-26\"><p><script charset=\"utf-8\" type=\"text\/javascript\" src=\"\/\/js-eu1.hsforms.net\/forms\/embed\/v2.js\"><\/script> <script>\n  hbspt.forms.create({\n    region: \"eu1\",\n    portalId: \"25523324\",\n    formId: \"de664c9d-a35c-4cae-be59-912f053806c2\"\n  });\n<\/script><\/p><\/div><hr class=\"x-line e1277-e47 mzh-20 mzh-22\"\/><\/div><\/div><\/div><\/div><\/div><\/div><\/div><\/div><\/div><\/div><\/div><\/div><\/div><\/div><\/div><div class=\"x-section e1277-e48 mzh-0 mzh-7 mzh-9 mzh-b\"><div class=\"x-div x-container max width e1277-e49 mzh-27 mzh-28 mzh-29 mzh-2a\"><div class=\"x-text x-text-headline e1277-e50 mzh-1b mzh-1d mzh-1f mzh-1m mzh-1o\"><div class=\"x-text-content\"><div class=\"x-text-content-text\">\n<h2 class=\"x-text-content-text-primary\">Dal\u0161\u00ed slu\u017eby poskytovan\u00e9 spole\u010dnost\u00ed agriportance.<\/h2><\/div><\/div><\/div><\/div><div class=\"x-row x-container max width e1277-e51 mzh-e mzh-f mzh-g mzh-h mzh-l mzh-m mzh-v\"><div class=\"x-row-inner\"><div class=\"x-col e1277-e52 mzh-w mzh-z mzh-10 mzh-11 mzh-16\"><div class=\"x-div e1277-e53 mzh-29 mzh-2a mzh-2b mzh-2c\"><span class=\"x-image e1277-e54 mzh-2e\"><img decoding=\"async\" src=\"https:\/\/agriportance.com\/wp-content\/uploads\/2023\/06\/biomethan-einkaufen-1.png\" width=\"500\" height=\"375\" alt=\"Z\u00e1stupn\u00fd obr\u00e1zek\"><\/span><\/div><div class=\"x-div e1277-e55 mzh-27 mzh-2a mzh-2b mzh-2d\"><div class=\"x-text x-content e1277-e56 mzh-1q mzh-1t mzh-1w mzh-1x\"><h3>Koupit biometan | Bio-LNG | Bio-CNG<\/h3><\/div><hr class=\"x-line e1277-e57 mzh-2f\"\/><div class=\"x-text x-content e1277-e58 mzh-1q mzh-1r mzh-1t mzh-1x mzh-1y\"><p>Pot\u0159ebujete biometan, bio-plyn nebo bio-zemn\u00ed plyn? V\u00edce informac\u00ed najdete zde:<\/p><\/div><a class=\"x-anchor x-anchor-button has-graphic e1277-e59 mzh-24 mzh-25 mzh-d\" tabindex=\"0\" href=\"https:\/\/agriportance.com\/cs\/sluzby\/koupit-biometan\/\" data-x-effect=\"{&quot;durationBase&quot;:&quot;300ms&quot;}\"><div class=\"x-anchor-content\"><span class=\"x-graphic\" aria-hidden=\"true\"><i class=\"x-icon x-graphic-child x-graphic-icon x-graphic-primary\" aria-hidden=\"true\" data-x-icon-o=\"&#xf061;\"><\/i><\/span><div class=\"x-anchor-text\"><span class=\"x-anchor-text-primary\">Dal\u0161\u00ed informace<\/span><\/div><\/div><\/a><\/div><\/div><div class=\"x-col e1277-e60 mzh-w mzh-z mzh-10 mzh-11 mzh-16\"><div class=\"x-div e1277-e61 mzh-29 mzh-2a mzh-2b mzh-2c\"><span class=\"x-image e1277-e62 mzh-2e\"><img decoding=\"async\" src=\"https:\/\/agriportance.com\/wp-content\/uploads\/2023\/06\/biomethan-preise-entwicklungen.jpeg\" width=\"750\" height=\"527\" alt=\"Z\u00e1stupn\u00fd obr\u00e1zek\"><\/span><\/div><div class=\"x-div e1277-e63 mzh-27 mzh-2a mzh-2b mzh-2d\"><div class=\"x-text x-content e1277-e64 mzh-1q mzh-1t mzh-1w mzh-1x\"><h3>Koupit LCO2<\/h3><\/div><hr class=\"x-line e1277-e65 mzh-2f\"\/><div class=\"x-text x-content e1277-e66 mzh-1q mzh-1r mzh-1t mzh-1x mzh-1y\"><p>Pot\u0159ebujete LCO2? Spolehliv\u011b v\u00e1m zajist\u00edme po\u017eadovan\u00e9 mno\u017estv\u00ed LCO2.<\/p><\/div><a class=\"x-anchor x-anchor-button has-graphic e1277-e67 mzh-24 mzh-25 mzh-d\" tabindex=\"0\" href=\"https:\/\/agriportance.com\/cs\/sluzby\/koupit-bio-lco2\/\" data-x-effect=\"{&quot;durationBase&quot;:&quot;300ms&quot;}\"><div class=\"x-anchor-content\"><span class=\"x-graphic\" aria-hidden=\"true\"><i class=\"x-icon x-graphic-child x-graphic-icon x-graphic-primary\" aria-hidden=\"true\" data-x-icon-o=\"&#xf061;\"><\/i><\/span><div class=\"x-anchor-text\"><span class=\"x-anchor-text-primary\">Dal\u0161\u00ed informace<\/span><\/div><\/div><\/a><\/div><\/div><div class=\"x-col e1277-e68 mzh-w mzh-z mzh-10 mzh-11 mzh-16\"><div class=\"x-div e1277-e69 mzh-29 mzh-2a mzh-2b mzh-2c\"><span class=\"x-image e1277-e70 mzh-2e\"><img decoding=\"async\" src=\"https:\/\/agriportance.com\/wp-content\/uploads\/2023\/06\/biomethan-agriportance-23.jpeg\" width=\"750\" height=\"750\" alt=\"Z\u00e1stupn\u00fd obr\u00e1zek\"><\/span><\/div><div class=\"x-div e1277-e71 mzh-27 mzh-2a mzh-2b mzh-2d\"><div class=\"x-text x-content e1277-e72 mzh-1q mzh-1t mzh-1w mzh-1x\"><h3>Prodej LCO2<\/h3><\/div><hr class=\"x-line e1277-e73 mzh-2f\"\/><div class=\"x-text x-content e1277-e74 mzh-1q mzh-1r mzh-1t mzh-1x mzh-1y\"><p>Chcete prodat LCO2? Zprost\u0159edkujeme va\u0161e mno\u017estv\u00ed LCO2 rychle a v\u00fdhodn\u011b.<\/p><\/div><a class=\"x-anchor x-anchor-button has-graphic e1277-e75 mzh-24 mzh-25 mzh-d\" tabindex=\"0\" href=\"https:\/\/agriportance.com\/cs\/sluzby\/prodat-bio-lco2\/\" data-x-effect=\"{&quot;durationBase&quot;:&quot;300ms&quot;}\"><div class=\"x-anchor-content\"><span class=\"x-graphic\" aria-hidden=\"true\"><i class=\"x-icon x-graphic-child x-graphic-icon x-graphic-primary\" aria-hidden=\"true\" data-x-icon-o=\"&#xf061;\"><\/i><\/span><div class=\"x-anchor-text\"><span class=\"x-anchor-text-primary\">Dal\u0161\u00ed informace<\/span><\/div><\/div><\/a><\/div><\/div><\/div><\/div><\/div><\/div>","protected":false},"excerpt":{"rendered":"<p>agriportancePodpora certifikace udr\u017eitelnosti podle REDcert Ve sv\u011bt\u011b, kter\u00fd si st\u00e1le v\u00edce uv\u011bdomuje \u017eivotn\u00ed prost\u0159ed\u00ed a udr\u017eitelnost, jsou certifikace, jako je REDcert, d\u016fle\u017eit\u00fdm krokem pro ka\u017edou bioplynovou stanici. Nejen\u017ee potvrzuj\u00ed z\u00e1vazek k udr\u017eiteln\u011bj\u0161\u00ed budoucnosti, ale tak\u00e9 zaji\u0161\u0165uj\u00ed, \u017ee v\u00e1\u0161 produkt z biometanu z\u00edsk\u00e1 konkuren\u010dn\u00ed v\u00fdhodu na trhu a bude certifikov\u00e1n. V tak d\u016fle\u017eit\u00e9m procesu, jak\u00fdm je v\u00fdroba bioplynu, je certifikace ...<\/p>","protected":false},"author":2,"featured_media":0,"parent":87,"menu_order":0,"comment_status":"closed","ping_status":"closed","template":"template-blank-4.php","meta":{"content-type":"","footnotes":""},"class_list":["post-1277","page","type-page","status-publish","hentry","no-post-thumbnail"],"yoast_head":"<!-- This site is optimized with the Yoast SEO Premium plugin v27.3 (Yoast SEO v27.3) - https:\/\/yoast.com\/product\/yoast-seo-premium-wordpress\/ -->\n<title>Begleitung der Nachhaltigkeitszertifizierung nach REDcert<\/title>\n<meta name=\"description\" content=\"Wir bieten fachliche Begleitung der Nachhaltigkeitszertifizierung nach REDcert. Erstellung des Audit-Handbuchs &amp; THG-Bilanzierung m\u00f6glich \u2705\" \/>\n<meta name=\"robots\" content=\"index, follow, max-snippet:-1, max-image-preview:large, max-video-preview:-1\" \/>\n<link rel=\"canonical\" href=\"https:\/\/agriportance.com\/cs\/sluzby\/certifikace-udrzitelnosti-redcert\/\" \/>\n<meta property=\"og:locale\" content=\"cs_CZ\" \/>\n<meta property=\"og:type\" content=\"article\" \/>\n<meta property=\"og:title\" content=\"REDcert | Begleitung der Nachhaltigkeitszertifizierung\" \/>\n<meta property=\"og:description\" content=\"Wir bieten fachliche Begleitung der Nachhaltigkeitszertifizierung nach REDcert. Erstellung des Audit-Handbuchs &amp; THG-Bilanzierung m\u00f6glich \u2705\" \/>\n<meta property=\"og:url\" content=\"https:\/\/agriportance.com\/cs\/sluzby\/certifikace-udrzitelnosti-redcert\/\" \/>\n<meta property=\"og:site_name\" content=\"agriportance GmbH\" \/>\n<meta property=\"article:publisher\" content=\"https:\/\/www.facebook.com\/agriportance\" \/>\n<meta property=\"article:modified_time\" content=\"2025-06-25T12:12:46+00:00\" \/>\n<meta name=\"twitter:card\" content=\"summary_large_image\" \/>\n<meta name=\"twitter:site\" content=\"@agriportance\" \/>\n<meta name=\"twitter:label1\" content=\"Odhadovan\u00e1 doba \u010dten\u00ed\" \/>\n\t<meta name=\"twitter:data1\" content=\"4 minuty\" \/>\n<script type=\"application\/ld+json\" class=\"yoast-schema-graph\">{\"@context\":\"https:\\\/\\\/schema.org\",\"@graph\":[{\"@type\":\"WebPage\",\"@id\":\"https:\\\/\\\/agriportance.com\\\/en\\\/services\\\/sustainability-certification-redcert\\\/\",\"url\":\"https:\\\/\\\/agriportance.com\\\/en\\\/services\\\/sustainability-certification-redcert\\\/\",\"name\":\"Begleitung der Nachhaltigkeitszertifizierung nach REDcert\",\"isPartOf\":{\"@id\":\"https:\\\/\\\/agriportance.com\\\/#website\"},\"datePublished\":\"2023-06-12T14:38:56+00:00\",\"dateModified\":\"2025-06-25T12:12:46+00:00\",\"description\":\"Wir bieten fachliche Begleitung der Nachhaltigkeitszertifizierung nach REDcert. Erstellung des Audit-Handbuchs & THG-Bilanzierung m\u00f6glich \u2705\",\"breadcrumb\":{\"@id\":\"https:\\\/\\\/agriportance.com\\\/en\\\/services\\\/sustainability-certification-redcert\\\/#breadcrumb\"},\"inLanguage\":\"cs\",\"potentialAction\":[{\"@type\":\"ReadAction\",\"target\":[\"https:\\\/\\\/agriportance.com\\\/en\\\/services\\\/sustainability-certification-redcert\\\/\"]}]},{\"@type\":\"BreadcrumbList\",\"@id\":\"https:\\\/\\\/agriportance.com\\\/en\\\/services\\\/sustainability-certification-redcert\\\/#breadcrumb\",\"itemListElement\":[{\"@type\":\"ListItem\",\"position\":1,\"name\":\"Startseite\",\"item\":\"https:\\\/\\\/agriportance.com\\\/de\\\/\"},{\"@type\":\"ListItem\",\"position\":2,\"name\":\"Dienstleistungen\",\"item\":\"https:\\\/\\\/agriportance.com\\\/de\\\/dienstleistungen\\\/\"},{\"@type\":\"ListItem\",\"position\":3,\"name\":\"REDcert | Begleitung der Nachhaltigkeitszertifizierung\"}]},{\"@type\":\"WebSite\",\"@id\":\"https:\\\/\\\/agriportance.com\\\/#website\",\"url\":\"https:\\\/\\\/agriportance.com\\\/\",\"name\":\"agriportance\",\"description\":\"Informationen und Dienstleistungen zu Biomethan und LCO2\",\"publisher\":{\"@id\":\"https:\\\/\\\/agriportance.com\\\/#organization\"},\"potentialAction\":[{\"@type\":\"SearchAction\",\"target\":{\"@type\":\"EntryPoint\",\"urlTemplate\":\"https:\\\/\\\/agriportance.com\\\/?s={search_term_string}\"},\"query-input\":{\"@type\":\"PropertyValueSpecification\",\"valueRequired\":true,\"valueName\":\"search_term_string\"}}],\"inLanguage\":\"cs\"},{\"@type\":\"Organization\",\"@id\":\"https:\\\/\\\/agriportance.com\\\/#organization\",\"name\":\"agriportance GmbH\",\"url\":\"https:\\\/\\\/agriportance.com\\\/\",\"logo\":{\"@type\":\"ImageObject\",\"inLanguage\":\"cs\",\"@id\":\"https:\\\/\\\/agriportance.com\\\/#\\\/schema\\\/logo\\\/image\\\/\",\"url\":\"https:\\\/\\\/agriportance.com\\\/wp-content\\\/uploads\\\/2023\\\/05\\\/agriportance-logo.png\",\"contentUrl\":\"https:\\\/\\\/agriportance.com\\\/wp-content\\\/uploads\\\/2023\\\/05\\\/agriportance-logo.png\",\"width\":701,\"height\":108,\"caption\":\"agriportance GmbH\"},\"image\":{\"@id\":\"https:\\\/\\\/agriportance.com\\\/#\\\/schema\\\/logo\\\/image\\\/\"},\"sameAs\":[\"https:\\\/\\\/www.facebook.com\\\/agriportance\",\"https:\\\/\\\/x.com\\\/agriportance\",\"https:\\\/\\\/de.linkedin.com\\\/company\\\/agriportance\",\"https:\\\/\\\/www.instagram.com\\\/agriportance\"]}]}<\/script>\n<!-- \/ Yoast SEO Premium plugin. -->","yoast_head_json":{"title":"Doprovodn\u00e1 certifikace udr\u017eitelnosti podle REDcert","description":"Nab\u00edz\u00edme profesion\u00e1ln\u00ed podporu pro certifikaci udr\u017eitelnosti podle REDcert. P\u0159\u00edprava p\u0159\u00edru\u010dky pro audit a mo\u017enost bilancov\u00e1n\u00ed sklen\u00edkov\u00fdch plyn\u016f \u2705","robots":{"index":"index","follow":"follow","max-snippet":"max-snippet:-1","max-image-preview":"max-image-preview:large","max-video-preview":"max-video-preview:-1"},"canonical":"https:\/\/agriportance.com\/cs\/sluzby\/certifikace-udrzitelnosti-redcert\/","og_locale":"cs_CZ","og_type":"article","og_title":"REDcert | Begleitung der Nachhaltigkeitszertifizierung","og_description":"Wir bieten fachliche Begleitung der Nachhaltigkeitszertifizierung nach REDcert. Erstellung des Audit-Handbuchs & THG-Bilanzierung m\u00f6glich \u2705","og_url":"https:\/\/agriportance.com\/cs\/sluzby\/certifikace-udrzitelnosti-redcert\/","og_site_name":"agriportance GmbH","article_publisher":"https:\/\/www.facebook.com\/agriportance","article_modified_time":"2025-06-25T12:12:46+00:00","twitter_card":"summary_large_image","twitter_site":"@agriportance","twitter_misc":{"Odhadovan\u00e1 doba \u010dten\u00ed":"4 minuty"},"schema":{"@context":"https:\/\/schema.org","@graph":[{"@type":"WebPage","@id":"https:\/\/agriportance.com\/en\/services\/sustainability-certification-redcert\/","url":"https:\/\/agriportance.com\/en\/services\/sustainability-certification-redcert\/","name":"Doprovodn\u00e1 certifikace udr\u017eitelnosti podle REDcert","isPartOf":{"@id":"https:\/\/agriportance.com\/#website"},"datePublished":"2023-06-12T14:38:56+00:00","dateModified":"2025-06-25T12:12:46+00:00","description":"Nab\u00edz\u00edme profesion\u00e1ln\u00ed podporu pro certifikaci udr\u017eitelnosti podle REDcert. P\u0159\u00edprava p\u0159\u00edru\u010dky pro audit a mo\u017enost bilancov\u00e1n\u00ed sklen\u00edkov\u00fdch plyn\u016f \u2705","breadcrumb":{"@id":"https:\/\/agriportance.com\/en\/services\/sustainability-certification-redcert\/#breadcrumb"},"inLanguage":"cs","potentialAction":[{"@type":"ReadAction","target":["https:\/\/agriportance.com\/en\/services\/sustainability-certification-redcert\/"]}]},{"@type":"BreadcrumbList","@id":"https:\/\/agriportance.com\/en\/services\/sustainability-certification-redcert\/#breadcrumb","itemListElement":[{"@type":"ListItem","position":1,"name":"Startseite","item":"https:\/\/agriportance.com\/de\/"},{"@type":"ListItem","position":2,"name":"Dienstleistungen","item":"https:\/\/agriportance.com\/de\/dienstleistungen\/"},{"@type":"ListItem","position":3,"name":"REDcert | Begleitung der Nachhaltigkeitszertifizierung"}]},{"@type":"WebSite","@id":"https:\/\/agriportance.com\/#website","url":"https:\/\/agriportance.com\/","name":"agriportance","description":"Informace a slu\u017eby o biometanu a LCO2","publisher":{"@id":"https:\/\/agriportance.com\/#organization"},"potentialAction":[{"@type":"SearchAction","target":{"@type":"EntryPoint","urlTemplate":"https:\/\/agriportance.com\/?s={search_term_string}"},"query-input":{"@type":"PropertyValueSpecification","valueRequired":true,"valueName":"search_term_string"}}],"inLanguage":"cs"},{"@type":"Organization","@id":"https:\/\/agriportance.com\/#organization","name":"agriportance GmbH","url":"https:\/\/agriportance.com\/","logo":{"@type":"ImageObject","inLanguage":"cs","@id":"https:\/\/agriportance.com\/#\/schema\/logo\/image\/","url":"https:\/\/agriportance.com\/wp-content\/uploads\/2023\/05\/agriportance-logo.png","contentUrl":"https:\/\/agriportance.com\/wp-content\/uploads\/2023\/05\/agriportance-logo.png","width":701,"height":108,"caption":"agriportance GmbH"},"image":{"@id":"https:\/\/agriportance.com\/#\/schema\/logo\/image\/"},"sameAs":["https:\/\/www.facebook.com\/agriportance","https:\/\/x.com\/agriportance","https:\/\/de.linkedin.com\/company\/agriportance","https:\/\/www.instagram.com\/agriportance"]}]}},"_links":{"self":[{"href":"https:\/\/agriportance.com\/cs\/wp-json\/wp\/v2\/pages\/1277","targetHints":{"allow":["GET"]}}],"collection":[{"href":"https:\/\/agriportance.com\/cs\/wp-json\/wp\/v2\/pages"}],"about":[{"href":"https:\/\/agriportance.com\/cs\/wp-json\/wp\/v2\/types\/page"}],"author":[{"embeddable":true,"href":"https:\/\/agriportance.com\/cs\/wp-json\/wp\/v2\/users\/2"}],"replies":[{"embeddable":true,"href":"https:\/\/agriportance.com\/cs\/wp-json\/wp\/v2\/comments?post=1277"}],"version-history":[{"count":20,"href":"https:\/\/agriportance.com\/cs\/wp-json\/wp\/v2\/pages\/1277\/revisions"}],"predecessor-version":[{"id":37436,"href":"https:\/\/agriportance.com\/cs\/wp-json\/wp\/v2\/pages\/1277\/revisions\/37436"}],"up":[{"embeddable":true,"href":"https:\/\/agriportance.com\/cs\/wp-json\/wp\/v2\/pages\/87"}],"wp:attachment":[{"href":"https:\/\/agriportance.com\/cs\/wp-json\/wp\/v2\/media?parent=1277"}],"curies":[{"name":"wp","href":"https:\/\/api.w.org\/{rel}","templated":true}]}}