{"id":1279,"date":"2023-06-12T14:40:16","date_gmt":"2023-06-12T14:40:16","guid":{"rendered":"https:\/\/dev.agriportance.com\/biomethan-herstellung-2-2-2-2-4"},"modified":"2023-08-10T11:34:23","modified_gmt":"2023-08-10T11:34:23","slug":"prodat-bio-lco2","status":"publish","type":"page","link":"https:\/\/agriportance.com\/cs\/dienstleistungen\/bio-lco2-verkaufen\/","title":{"rendered":"Prodej Bio LCO2"},"content":{"rendered":"<div id=\"cs-content\" class=\"cs-content\"><\/div>","protected":false},"excerpt":{"rendered":"<p>agriportanceBio-LCO2 na prodej Prod\u00e1vejte organick\u00fd LCO2 na\u0161im prost\u0159ednictv\u00edm spolehliv\u00fdm kupuj\u00edc\u00edm. Nen\u00ed \u017e\u00e1dn\u00fdm tajemstv\u00edm, \u017ee trh s LCO2 je dynamick\u00fd a slo\u017eit\u00fd, a proto m\u016f\u017ee profesion\u00e1ln\u00ed zprost\u0159edkov\u00e1n\u00ed v\u00fdrazn\u011b zv\u00fd\u0161it v\u00e1\u0161 prodejn\u00ed \u00fasp\u011bch. Ve spole\u010dnosti agriportance prod\u00e1v\u00e1me organick\u00fd LCO2 za v\u00e1s a nab\u00edz\u00edme v\u00e1m komplexn\u00ed bal\u00ed\u010dek bezstarostn\u00fdch slu\u017eeb, kter\u00fd v\u00e1s zbav\u00ed p\u0159ek\u00e1\u017eek a probl\u00e9m\u016f na trhu s LCO2. Jste-li ekologick\u00fdm v\u00fdrobcem LCO2 nebo m\u00e1te-li z\u00e1jem o prodej organick\u00e9ho LCO2, m\u016f\u017eete se obr\u00e1tit na ...<\/p>","protected":false},"author":2,"featured_media":0,"parent":87,"menu_order":0,"comment_status":"closed","ping_status":"closed","template":"template-blank-4.php","meta":{"content-type":"","footnotes":""},"class_list":["post-1279","page","type-page","status-publish","hentry","no-post-thumbnail"],"yoast_head":"<!-- This site is optimized with the Yoast SEO Premium plugin v27.3 (Yoast SEO v27.3) - https:\/\/yoast.com\/product\/yoast-seo-premium-wordpress\/ -->\n<title>BIO - LCO2 zu attraktiven Konditionen verkaufen<\/title>\n<meta name=\"description\" content=\"Wir vermitteln schnell und effizient Ihr Bio-LCO2. Profitieren Sie von unserem gro\u00dfen Netzwerk. Jetzt Kontakt aufnehmen \u2705\" \/>\n<meta name=\"robots\" content=\"index, follow, max-snippet:-1, max-image-preview:large, max-video-preview:-1\" \/>\n<link rel=\"canonical\" href=\"https:\/\/agriportance.com\/cs\/sluzby\/prodat-bio-lco2\/\" \/>\n<meta property=\"og:locale\" content=\"cs_CZ\" \/>\n<meta property=\"og:type\" content=\"article\" \/>\n<meta property=\"og:title\" content=\"Bio-LCO2 verkaufen\" \/>\n<meta property=\"og:description\" content=\"Wir vermitteln schnell und effizient Ihr Bio-LCO2. Profitieren Sie von unserem gro\u00dfen Netzwerk. Jetzt Kontakt aufnehmen \u2705\" \/>\n<meta property=\"og:url\" content=\"https:\/\/agriportance.com\/cs\/sluzby\/prodat-bio-lco2\/\" \/>\n<meta property=\"og:site_name\" content=\"agriportance GmbH\" \/>\n<meta property=\"article:publisher\" content=\"https:\/\/www.facebook.com\/agriportance\" \/>\n<meta property=\"article:modified_time\" content=\"2023-08-10T11:34:23+00:00\" \/>\n<meta name=\"twitter:card\" content=\"summary_large_image\" \/>\n<meta name=\"twitter:site\" content=\"@agriportance\" \/>\n<meta name=\"twitter:label1\" content=\"Odhadovan\u00e1 doba \u010dten\u00ed\" \/>\n\t<meta name=\"twitter:data1\" content=\"5 minut\" \/>\n<script type=\"application\/ld+json\" class=\"yoast-schema-graph\">{\"@context\":\"https:\\\/\\\/schema.org\",\"@graph\":[{\"@type\":\"WebPage\",\"@id\":\"https:\\\/\\\/agriportance.com\\\/de\\\/dienstleistungen\\\/bio-lco2-verkaufen\\\/\",\"url\":\"https:\\\/\\\/agriportance.com\\\/de\\\/dienstleistungen\\\/bio-lco2-verkaufen\\\/\",\"name\":\"BIO - LCO2 zu attraktiven Konditionen verkaufen\",\"isPartOf\":{\"@id\":\"https:\\\/\\\/agriportance.com\\\/#website\"},\"datePublished\":\"2023-06-12T14:40:16+00:00\",\"dateModified\":\"2023-08-10T11:34:23+00:00\",\"description\":\"Wir vermitteln schnell und effizient Ihr Bio-LCO2. Profitieren Sie von unserem gro\u00dfen Netzwerk. Jetzt Kontakt aufnehmen \u2705\",\"breadcrumb\":{\"@id\":\"https:\\\/\\\/agriportance.com\\\/de\\\/dienstleistungen\\\/bio-lco2-verkaufen\\\/#breadcrumb\"},\"inLanguage\":\"cs\",\"potentialAction\":[{\"@type\":\"ReadAction\",\"target\":[\"https:\\\/\\\/agriportance.com\\\/de\\\/dienstleistungen\\\/bio-lco2-verkaufen\\\/\"]}]},{\"@type\":\"BreadcrumbList\",\"@id\":\"https:\\\/\\\/agriportance.com\\\/de\\\/dienstleistungen\\\/bio-lco2-verkaufen\\\/#breadcrumb\",\"itemListElement\":[{\"@type\":\"ListItem\",\"position\":1,\"name\":\"Startseite\",\"item\":\"https:\\\/\\\/agriportance.com\\\/de\\\/\"},{\"@type\":\"ListItem\",\"position\":2,\"name\":\"Dienstleistungen\",\"item\":\"https:\\\/\\\/agriportance.com\\\/de\\\/dienstleistungen\\\/\"},{\"@type\":\"ListItem\",\"position\":3,\"name\":\"Bio-LCO2 verkaufen\"}]},{\"@type\":\"WebSite\",\"@id\":\"https:\\\/\\\/agriportance.com\\\/#website\",\"url\":\"https:\\\/\\\/agriportance.com\\\/\",\"name\":\"agriportance\",\"description\":\"Informationen und Dienstleistungen zu Biomethan und LCO2\",\"publisher\":{\"@id\":\"https:\\\/\\\/agriportance.com\\\/#organization\"},\"potentialAction\":[{\"@type\":\"SearchAction\",\"target\":{\"@type\":\"EntryPoint\",\"urlTemplate\":\"https:\\\/\\\/agriportance.com\\\/?s={search_term_string}\"},\"query-input\":{\"@type\":\"PropertyValueSpecification\",\"valueRequired\":true,\"valueName\":\"search_term_string\"}}],\"inLanguage\":\"cs\"},{\"@type\":\"Organization\",\"@id\":\"https:\\\/\\\/agriportance.com\\\/#organization\",\"name\":\"agriportance GmbH\",\"url\":\"https:\\\/\\\/agriportance.com\\\/\",\"logo\":{\"@type\":\"ImageObject\",\"inLanguage\":\"cs\",\"@id\":\"https:\\\/\\\/agriportance.com\\\/#\\\/schema\\\/logo\\\/image\\\/\",\"url\":\"https:\\\/\\\/agriportance.com\\\/wp-content\\\/uploads\\\/2023\\\/05\\\/agriportance-logo.png\",\"contentUrl\":\"https:\\\/\\\/agriportance.com\\\/wp-content\\\/uploads\\\/2023\\\/05\\\/agriportance-logo.png\",\"width\":701,\"height\":108,\"caption\":\"agriportance GmbH\"},\"image\":{\"@id\":\"https:\\\/\\\/agriportance.com\\\/#\\\/schema\\\/logo\\\/image\\\/\"},\"sameAs\":[\"https:\\\/\\\/www.facebook.com\\\/agriportance\",\"https:\\\/\\\/x.com\\\/agriportance\",\"https:\\\/\\\/de.linkedin.com\\\/company\\\/agriportance\",\"https:\\\/\\\/www.instagram.com\\\/agriportance\"]}]}<\/script>\n<!-- \/ Yoast SEO Premium plugin. -->","yoast_head_json":{"title":"BIO - LCO2 na prodej za atraktivn\u00edch podm\u00ednek","description":"Bio-LCO2 v\u00e1m zajist\u00edme rychle a efektivn\u011b. Vyu\u017eijte v\u00fdhod na\u0161\u00ed rozs\u00e1hl\u00e9 s\u00edt\u011b. Kontaktujte n\u00e1s nyn\u00ed \u2705","robots":{"index":"index","follow":"follow","max-snippet":"max-snippet:-1","max-image-preview":"max-image-preview:large","max-video-preview":"max-video-preview:-1"},"canonical":"https:\/\/agriportance.com\/cs\/sluzby\/prodat-bio-lco2\/","og_locale":"cs_CZ","og_type":"article","og_title":"Bio-LCO2 verkaufen","og_description":"Wir vermitteln schnell und effizient Ihr Bio-LCO2. Profitieren Sie von unserem gro\u00dfen Netzwerk. Jetzt Kontakt aufnehmen \u2705","og_url":"https:\/\/agriportance.com\/cs\/sluzby\/prodat-bio-lco2\/","og_site_name":"agriportance GmbH","article_publisher":"https:\/\/www.facebook.com\/agriportance","article_modified_time":"2023-08-10T11:34:23+00:00","twitter_card":"summary_large_image","twitter_site":"@agriportance","twitter_misc":{"Odhadovan\u00e1 doba \u010dten\u00ed":"5 minut"},"schema":{"@context":"https:\/\/schema.org","@graph":[{"@type":"WebPage","@id":"https:\/\/agriportance.com\/de\/dienstleistungen\/bio-lco2-verkaufen\/","url":"https:\/\/agriportance.com\/de\/dienstleistungen\/bio-lco2-verkaufen\/","name":"BIO - LCO2 na prodej za atraktivn\u00edch podm\u00ednek","isPartOf":{"@id":"https:\/\/agriportance.com\/#website"},"datePublished":"2023-06-12T14:40:16+00:00","dateModified":"2023-08-10T11:34:23+00:00","description":"Bio-LCO2 v\u00e1m zajist\u00edme rychle a efektivn\u011b. Vyu\u017eijte v\u00fdhod na\u0161\u00ed rozs\u00e1hl\u00e9 s\u00edt\u011b. Kontaktujte n\u00e1s nyn\u00ed \u2705","breadcrumb":{"@id":"https:\/\/agriportance.com\/de\/dienstleistungen\/bio-lco2-verkaufen\/#breadcrumb"},"inLanguage":"cs","potentialAction":[{"@type":"ReadAction","target":["https:\/\/agriportance.com\/de\/dienstleistungen\/bio-lco2-verkaufen\/"]}]},{"@type":"BreadcrumbList","@id":"https:\/\/agriportance.com\/de\/dienstleistungen\/bio-lco2-verkaufen\/#breadcrumb","itemListElement":[{"@type":"ListItem","position":1,"name":"Startseite","item":"https:\/\/agriportance.com\/de\/"},{"@type":"ListItem","position":2,"name":"Dienstleistungen","item":"https:\/\/agriportance.com\/de\/dienstleistungen\/"},{"@type":"ListItem","position":3,"name":"Bio-LCO2 verkaufen"}]},{"@type":"WebSite","@id":"https:\/\/agriportance.com\/#website","url":"https:\/\/agriportance.com\/","name":"agriportance","description":"Informace a slu\u017eby o biometanu a LCO2","publisher":{"@id":"https:\/\/agriportance.com\/#organization"},"potentialAction":[{"@type":"SearchAction","target":{"@type":"EntryPoint","urlTemplate":"https:\/\/agriportance.com\/?s={search_term_string}"},"query-input":{"@type":"PropertyValueSpecification","valueRequired":true,"valueName":"search_term_string"}}],"inLanguage":"cs"},{"@type":"Organization","@id":"https:\/\/agriportance.com\/#organization","name":"agriportance GmbH","url":"https:\/\/agriportance.com\/","logo":{"@type":"ImageObject","inLanguage":"cs","@id":"https:\/\/agriportance.com\/#\/schema\/logo\/image\/","url":"https:\/\/agriportance.com\/wp-content\/uploads\/2023\/05\/agriportance-logo.png","contentUrl":"https:\/\/agriportance.com\/wp-content\/uploads\/2023\/05\/agriportance-logo.png","width":701,"height":108,"caption":"agriportance GmbH"},"image":{"@id":"https:\/\/agriportance.com\/#\/schema\/logo\/image\/"},"sameAs":["https:\/\/www.facebook.com\/agriportance","https:\/\/x.com\/agriportance","https:\/\/de.linkedin.com\/company\/agriportance","https:\/\/www.instagram.com\/agriportance"]}]}},"_links":{"self":[{"href":"https:\/\/agriportance.com\/cs\/wp-json\/wp\/v2\/pages\/1279","targetHints":{"allow":["GET"]}}],"collection":[{"href":"https:\/\/agriportance.com\/cs\/wp-json\/wp\/v2\/pages"}],"about":[{"href":"https:\/\/agriportance.com\/cs\/wp-json\/wp\/v2\/types\/page"}],"author":[{"embeddable":true,"href":"https:\/\/agriportance.com\/cs\/wp-json\/wp\/v2\/users\/2"}],"replies":[{"embeddable":true,"href":"https:\/\/agriportance.com\/cs\/wp-json\/wp\/v2\/comments?post=1279"}],"version-history":[{"count":27,"href":"https:\/\/agriportance.com\/cs\/wp-json\/wp\/v2\/pages\/1279\/revisions"}],"predecessor-version":[{"id":2725,"href":"https:\/\/agriportance.com\/cs\/wp-json\/wp\/v2\/pages\/1279\/revisions\/2725"}],"up":[{"embeddable":true,"href":"https:\/\/agriportance.com\/cs\/wp-json\/wp\/v2\/pages\/87"}],"wp:attachment":[{"href":"https:\/\/agriportance.com\/cs\/wp-json\/wp\/v2\/media?parent=1279"}],"curies":[{"name":"wp","href":"https:\/\/api.w.org\/{rel}","templated":true}]}}