{"id":1634,"date":"2023-06-15T11:12:57","date_gmt":"2023-06-15T11:12:57","guid":{"rendered":"https:\/\/dev.agriportance.com\/ist-biometan-nachhaltig-2"},"modified":"2026-01-08T10:32:24","modified_gmt":"2026-01-08T10:32:24","slug":"ceny-za-vyvoj-biometanu","status":"publish","type":"page","link":"https:\/\/agriportance.com\/cs\/preisentwicklung\/biomethan-entwicklung-preise\/","title":{"rendered":"Ceny biometanu"},"content":{"rendered":"<div id=\"cs-content\" class=\"cs-content\"><div class=\"x-section e1634-e1 m19e-0 m19e-1 m19e-2 m19e-3\"><div class=\"x-form-integration x-form-integration-embed e1634-e2 m19e-7\"><script type=\"text\/javascript\">jQuery(function() { _initLayerSlider( '#layerslider_26_26bawnsw84ds', {createdWith: '6.10.2', sliderVersion: '7.14.0', type: 'fullsize', maxRatio: 1, hideUnder: 400, pauseOnHover: 'enabled', skin: 'v6', sliderFadeInDuration: 350, navPrevNext: false, hoverPrevNext: false, navStartStop: false, navButtons: false, showCircleTimer: false, useSrcset: true, skinsPath: 'https:\/\/agriportance.com\/wp-content\/plugins\/LayerSlider\/assets\/static\/layerslider\/skins\/', performanceMode: true, height: 600}); });<\/script><div id=\"layerslider_26_26bawnsw84ds\"  class=\"ls-wp-container fitvidsignore ls-about-us ls-selectable\" style=\"width:1280px;height:100vh;margin:0 auto;margin-bottom: 0px;\"><div class=\"ls-slide\" data-ls=\"bgcolor:#ffffff;\"><img decoding=\"async\" width=\"1739\" height=\"938\" src=\"https:\/\/agriportance.com\/wp-content\/uploads\/layerslider\/projects\/PIXEL-Agency-\u2013-Your-Agency\/your-agency-snapshot.jpg\" class=\"ls-tn\" alt=\"\" srcset=\"https:\/\/agriportance.com\/wp-content\/uploads\/layerslider\/projects\/PIXEL-Agency-\u2013-Your-Agency\/your-agency-snapshot.jpg 1739w, https:\/\/agriportance.com\/wp-content\/uploads\/layerslider\/projects\/PIXEL-Agency-\u2013-Your-Agency\/your-agency-snapshot-300x162.jpg 300w, https:\/\/agriportance.com\/wp-content\/uploads\/layerslider\/projects\/PIXEL-Agency-\u2013-Your-Agency\/your-agency-snapshot-1024x552.jpg 1024w, https:\/\/agriportance.com\/wp-content\/uploads\/layerslider\/projects\/PIXEL-Agency-\u2013-Your-Agency\/your-agency-snapshot-768x414.jpg 768w, https:\/\/agriportance.com\/wp-content\/uploads\/layerslider\/projects\/PIXEL-Agency-\u2013-Your-Agency\/your-agency-snapshot-1536x829.jpg 1536w, https:\/\/agriportance.com\/wp-content\/uploads\/layerslider\/projects\/PIXEL-Agency-\u2013-Your-Agency\/your-agency-snapshot-100x54.jpg 100w, https:\/\/agriportance.com\/wp-content\/uploads\/layerslider\/projects\/PIXEL-Agency-\u2013-Your-Agency\/your-agency-snapshot-862x465.jpg 862w, https:\/\/agriportance.com\/wp-content\/uploads\/layerslider\/projects\/PIXEL-Agency-\u2013-Your-Agency\/your-agency-snapshot-1140x615.jpg 1140w\" sizes=\"(max-width: 1739px) 100vw, 1739px\" \/><div style=\"top:41.58%;left:50%;background-size:inherit;background-position:inherit;font-size:18px;background-color:#f9f7fa;width:1600px;height:951px;\" class=\"ls-l ls-html-layer\" data-ls=\"durationin:2000;delayin:200;easingin:easeOutQuint;fadein:false;scalexin:0;position:fixed;\"><\/div><div style=\"top:46px;left:51px;background-size:inherit;background-position:inherit;font-size:18px;width:631px;height:420px;background-color:#73ad59;\" class=\"ls-l ls-html-layer\" data-ls=\"offsetxin:100;durationin:1400;delayin:400;easingin:easeOutQuint;fadein:false;scalexin:0;transformoriginin:100% 50% 0;position:relative;\"><\/div><img decoding=\"async\" width=\"1500\" height=\"600\" src=\"https:\/\/agriportance.com\/wp-content\/uploads\/2024\/06\/biogasanlage-agriportance-biomethan.png\" class=\"ls-l ls-img-layer\" alt=\"\" srcset=\"https:\/\/agriportance.com\/wp-content\/uploads\/2024\/06\/biogasanlage-agriportance-biomethan.png 1500w, https:\/\/agriportance.com\/wp-content\/uploads\/2024\/06\/biogasanlage-agriportance-biomethan-300x120.png 300w, https:\/\/agriportance.com\/wp-content\/uploads\/2024\/06\/biogasanlage-agriportance-biomethan-1024x410.png 1024w, https:\/\/agriportance.com\/wp-content\/uploads\/2024\/06\/biogasanlage-agriportance-biomethan-768x307.png 768w, https:\/\/agriportance.com\/wp-content\/uploads\/2024\/06\/biogasanlage-agriportance-biomethan-18x7.png 18w, https:\/\/agriportance.com\/wp-content\/uploads\/2024\/06\/biogasanlage-agriportance-biomethan-1000x400.png 1000w, https:\/\/agriportance.com\/wp-content\/uploads\/2024\/06\/biogasanlage-agriportance-biomethan-100x40.png 100w, https:\/\/agriportance.com\/wp-content\/uploads\/2024\/06\/biogasanlage-agriportance-biomethan-1190x476.png 1190w\" sizes=\"(max-width: 1500px) 100vw, 1500px\" style=\"top:94px;left:77px;background-size:inherit;background-position:inherit;width:680px;height:453px;\" data-ls=\"offsetxin:100;durationin:1400;delayin:500;easingin:easeOutQuint;clipin:0 0 0 100%;position:relative;\"><p style=\"top:94px;left:757px;font-weight:600;background-size:inherit;background-position:inherit;font-size:37px;font-family:poppins;color:#2b2b2b;\" class=\"ls-l ls-text-layer\" data-ls=\"offsetxin:-50;durationin:1400;delayin:500;easingin:easeOutQuint;clipin:0 0 0 0;texttransitionin:true;texttypein:words_asc;textshiftin:125;textoffsetyin:100lh;texteasingin:easeOutQuint;textstartatin:transitioninstart + 200;textrotatein:90;texttransformoriginin:0% 100% 0;position:relative;\">Zaj\u00edm\u00e1 v\u00e1s biometan?<\/p><div style=\"top:185px;left:761px;background-size:inherit;background-position:inherit;font-size:2px;width:66px;height:3px;background-color:#73ad59;\" class=\"ls-l ls-html-layer\" data-ls=\"durationin:1400;delayin:1000;easingin:easeOutQuint;scalexin:0;transformoriginin:0% 50% 0;position:relative;\"><\/div><p style=\"top:240px;left:757px;background-size:inherit;background-position:inherit;font-size:18px;font-family:poppins;color:#2b2b2b;width:400px;line-height:24px;white-space:normal;\" class=\"ls-l ls-text-layer\" data-ls=\"durationin:1400;delayin:1200;easingin:easeOutQuint;texttransitionin:true;texttypein:lines_asc;textshiftin:125;textoffsetyin:10;texteasingin:easeOutQuint;textstartatin:transitioninstart + 200;texttransformoriginin:0% 100% 0;position:relative;\">M\u00e1te dotazy k biometanu? Jste provozovatelem bioplynov\u00e9 stanice nebo chcete biometan nakupovat? Obra\u0165te se na n\u00e1s nez\u00e1vazn\u011b<\/p><a style=\"\" class=\"ls-l\" href=\"https:\/\/agriportance.com\/cs\/kontakt\/kontaktni-formular\/\" target=\"_self\"><ls-layer style=\"padding-top:0.7em;padding-bottom:0.7em;padding-right:1.85em;padding-left:1.85em;font-size:17px;font-weight:600;color:#fff;border-radius:0.45em;left:757px;top:408px;text-align:center;text-transform:uppercase;background-color:#73ad59;\" class=\"ls-button-layer\">Kontakt<\/ls-layer><\/a><\/div><\/div><\/div><\/div><div class=\"x-section e1634-e3 m19e-0 m19e-3 m19e-4\"><div class=\"x-bg\" aria-hidden=\"true\"><div class=\"x-bg-layer-lower-image\"><\/div><div class=\"x-bg-layer-upper-color\"><\/div><\/div><div class=\"x-container e1634-e4 m19e-8\"><div class=\"x-column x-sm x-1-1 e1634-e5 m19e-9\"><div class=\"x-text x-text-headline e1634-e6 m19e-a m19e-b m19e-c m19e-d m19e-e\"><div class=\"x-text-content\"><div class=\"x-text-content-text\"><h1 class=\"x-text-content-text-primary\"><span class=\"TextRun SCXW239588645 BCX8\" lang=\"DE-DE\" xml:lang=\"DE-DE\" data-contrast=\"auto\"><span class=\"NormalTextRun SCXW239588645 BCX8\">V\u00fdvoj cen biometanu | <\/span><span class=\"NormalTextRun SCXW239588645 BCX8\">Na str\u00e1nk\u00e1ch<\/span> <span class=\"NormalTextRun SCXW239588645 BCX8\">Biometan ticker<\/span><\/span><\/h1>\n<\/div><\/div><\/div><div class=\"x-text x-text-headline e1634-e7 m19e-a m19e-d m19e-e m19e-f\"><div class=\"x-text-content\"><div class=\"x-text-content-text\"><h2 class=\"x-text-content-text-primary\"><span class=\"TextRun SCXW92992814 BCX8\" lang=\"DE-DE\" xml:lang=\"DE-DE\" data-contrast=\"auto\"><span class=\"NormalTextRun SCXW92992814 BCX8\">V\u00ddVOJ CENY BIOMETANU V N\u011aMECKU<\/span><\/span><span class=\"EOP SCXW92992814 BCX8\" data-ccp-props=\"{&quot;201341983&quot;:0,&quot;335559739&quot;:160,&quot;335559740&quot;:259}\">&nbsp;<\/span><\/h2>\n<\/div><\/div><\/div><div class=\"x-text x-content e1634-e8 m19e-n m19e-o\"><p class=\"p1\" style=\"text-align: justify;\"><span class=\"TextRun SCXW226102639 BCX8\" lang=\"DE-DE\" xml:lang=\"DE-DE\" data-contrast=\"auto\"><span class=\"NormalTextRun SCXW226102639 BCX8\">Trh s biometanem v N\u011bmecku je ji\u017e n\u011bkolik let na vzestupu. Trh se vyzna\u010duje t\u00edm, \u017ee <\/span><span class=\"NormalTextRun SCXW226102639 BCX8\">stoupaj\u00edc\u00edm<\/span><span class=\"NormalTextRun SCXW226102639 BCX8\"> ceny bioplynu dod\u00e1van\u00e9ho do s\u00edt\u011b. Hnac\u00ed silou v tomto sm\u011bru je p\u0159edev\u0161\u00edm zaveden\u00ed <\/span><span class=\"NormalTextRun SpellingErrorV2Themed SCXW226102639 BCX8\">Obnoviteln\u00e9 zdroje<\/span><span class=\"NormalTextRun SCXW226102639 BCX8\"> Energie <\/span><span class=\"NormalTextRun SpellingErrorV2Themed SCXW226102639 BCX8\">Sm\u011brnice<\/span><span class=\"NormalTextRun SCXW226102639 BCX8\"> III (REDIII) a zv\u00fd\u0161en\u00fd z\u00e1jem o bio-LNG a v n\u011bkter\u00fdch p\u0159\u00edpadech o bio-CNG. To m\u00e1 za n\u00e1sledek <\/span><span class=\"NormalTextRun SCXW226102639 BCX8\">zv\u00fd\u0161en\u00fd<\/span> <span class=\"NormalTextRun SCXW226102639 BCX8\">Ceny biometanu p\u0159edev\u0161\u00edm z hnoje a pokro\u010dil\u00fdch zbytk\u016f. Ty jsou v sou\u010dasn\u00e9 dob\u011b zp\u016fsobil\u00e9 pro dvoj\u00ed zapo\u010dten\u00ed v syst\u00e9mu kv\u00f3t na emise sklen\u00edkov\u00fdch plyn\u016f (GHG) a vzhledem k jejich lep\u0161\u00ed hodnot\u011b GHG je lze zapo\u010d\u00edtat do obnoviteln\u00fdch surovin (<\/span><span class=\"NormalTextRun SpellingErrorV2Themed SCXW226102639 BCX8\">NawaRos<\/span><span class=\"NormalTextRun SCXW226102639 BCX8\">) o krok nap\u0159ed na stran\u011b p\u0159\u00edjm\u016f. V\u00fdroba bioplynu se tak st\u00e1v\u00e1 zaj\u00edmav\u011bj\u0161\u00ed a nab\u00edz\u00ed nov\u00e9 p\u0159\u00edle\u017eitosti pro provozovatele bioplynov\u00fdch stanic, kte\u0159\u00ed se odklonili od v\u00fdroby bioplynu. <\/span><span class=\"NormalTextRun SCXW226102639 BCX8\">de<\/span><span class=\"NormalTextRun SCXW226102639 BCX8\">r v\u00fdroba energie v<\/span> <span class=\"NormalTextRun SCXW226102639 BCX8\">EEG<\/span><span class=\"NormalTextRun SCXW226102639 BCX8\">. N\u00e1sleduj\u00edc\u00ed \u00fadaje poch\u00e1zej\u00ed z rozhovor\u016f s \u00fa\u010dastn\u00edky trhu s biometanem a p\u0159edstavuj\u00ed pouze vzorek cel\u00e9ho trhu. Mezi \u00fa\u010dastn\u00edky trhu s biometanem pat\u0159\u00ed nap\u0159\u00edklad provozovatel\u00e9 za\u0159\u00edzen\u00ed na v\u00fdrobu bioplynu nebo za\u0159\u00edzen\u00ed na zkapal\u0148ov\u00e1n\u00ed bio-zemn\u00edho plynu. Na str\u00e1nk\u00e1ch <\/span><span class=\"NormalTextRun SpellingErrorV2Themed SCXW226102639 BCX8\">agriportance<\/span><span class=\"NormalTextRun SCXW226102639 BCX8\"> nem\u016f\u017ee zaru\u010dit p\u0159esnost cen biometanu.<\/span><\/span><span class=\"EOP SCXW226102639 BCX8\" data-ccp-props=\"{&quot;201341983&quot;:0,&quot;335559739&quot;:160,&quot;335559740&quot;:259}\">&nbsp;<\/span><\/p><\/div><\/div><\/div><\/div><div class=\"x-section e1634-e9 m19e-0 m19e-1 m19e-5\"><div class=\"x-row x-container max width e1634-e10 m19e-q m19e-r m19e-s m19e-t m19e-u m19e-y m19e-z\"><div class=\"x-row-inner\"><div class=\"x-col e1634-e11 m19e-14 m19e-15 m19e-16\"><a class=\"x-anchor x-anchor-button e1634-e12 m19e-1b m19e-1c\" tabindex=\"0\" href=\"https:\/\/agriportance.com\/cs\/nastroje\/ceny-za-vyvoj-biometanu\/ceny-biometanu-na-rok-dopredu\/\" target=\"_blank\" rel=\"noopener noreferrer\"><div class=\"x-anchor-content\"><div class=\"x-anchor-text\"><span class=\"x-anchor-text-primary\">Ceny biometanu na rok dop\u0159edu<\/span><\/div><\/div><\/a><\/div><div class=\"x-col e1634-e13 m19e-14 m19e-15 m19e-16\"><a class=\"x-anchor x-anchor-button e1634-e14 m19e-1b m19e-1c\" tabindex=\"0\" href=\"https:\/\/agriportance.com\/cs\/nastroje\/ceny-za-vyvoj-biometanu\/ceny-biometanu-spot\/\" target=\"_blank\" rel=\"noopener noreferrer\"><div class=\"x-anchor-content\"><div class=\"x-anchor-text\"><span class=\"x-anchor-text-primary\">Spotov\u00e9 ceny biometanu<\/span><\/div><\/div><\/a><\/div><div class=\"x-col e1634-e15 m19e-14 m19e-15 m19e-16\"><a class=\"x-anchor x-anchor-button e1634-e16 m19e-1b m19e-1c m19e-1d\" tabindex=\"0\" href=\"https:\/\/agriportance.com\/cs\/nastroje\/ceny-za-vyvoj-biometanu\/ceny-biometanu-dlouhodobe-smlouvy-o-dodavkach\/\" target=\"_blank\" rel=\"noopener noreferrer\"><div class=\"x-anchor-content\"><div class=\"x-anchor-text\"><span class=\"x-anchor-text-primary\">Ceny biometanu v dlouhodob\u00e9m horizontu<\/span><\/div><\/div><\/a><\/div><\/div><\/div><\/div><div class=\"x-section e1634-e17 m19e-0 m19e-5 m19e-6\"><div class=\"x-row x-container max width e1634-e18 m19e-q m19e-r m19e-s m19e-t m19e-y m19e-10\"><div class=\"x-row-inner\"><div class=\"x-col e1634-e19 m19e-14 m19e-15 m19e-16\"><div class=\"x-row x-container max width e1634-e20 m19e-q m19e-r m19e-s m19e-t m19e-y m19e-11\"><div class=\"x-row-inner\"><div class=\"x-col e1634-e21 m19e-14 m19e-15 m19e-16\"><div class=\"x-row e1634-e22 m19e-q m19e-t m19e-v m19e-w m19e-12\"><div class=\"x-bg\" aria-hidden=\"true\"><div class=\"x-bg-layer-lower-color\"><\/div><\/div><div class=\"x-row-inner\"><div class=\"x-col e1634-e23 m19e-14 m19e-17 m19e-18\"><div class=\"x-text x-text-headline e1634-e24 m19e-a m19e-b m19e-d m19e-g m19e-h m19e-i m19e-j\"><div class=\"x-text-content\"><div class=\"x-text-content-text\"><h3 class=\"x-text-content-text-primary\"><h5>Kontaktujte n\u00e1s<\/h5><\/h3>\n<\/div><\/div><\/div><hr class=\"x-line e1634-e25 m19e-1f m19e-1g\"\/><div class=\"x-text x-text-headline has-graphic e1634-e26 m19e-a m19e-b m19e-g m19e-j m19e-k m19e-l\"><div class=\"x-text-content\"><span class=\"x-graphic\" aria-hidden=\"true\"><i class=\"x-icon x-graphic-child x-graphic-icon x-graphic-primary\" aria-hidden=\"true\" data-x-icon-l=\"&#xf5a0;\"><\/i><\/span><div class=\"x-text-content-text\"><span class=\"x-text-content-text-primary\">Lippst\u00e4dter Stra\u00dfe 54 Businessdock Building F 48155 M\u00fcnster<\/span>\n<\/div><\/div><\/div><hr class=\"x-line e1634-e27 m19e-1g m19e-1h\"\/><div class=\"x-text x-text-headline has-graphic e1634-e28 m19e-a m19e-b m19e-g m19e-j m19e-k m19e-l\"><div class=\"x-text-content\"><span class=\"x-graphic\" aria-hidden=\"true\"><i class=\"x-icon x-graphic-child x-graphic-icon x-graphic-primary\" aria-hidden=\"true\" data-x-icon-l=\"&#x40;\"><\/i><\/span><div class=\"x-text-content-text\"><span class=\"x-text-content-text-primary\"><a href=\"mailto:info@agriportance.com\"><span style=\"color: #ffffff;\">info@agriportance.com<\/span><\/a><\/span>\n<\/div><\/div><\/div><hr class=\"x-line e1634-e29 m19e-1g m19e-1h\"\/><div class=\"x-text x-text-headline has-graphic e1634-e30 m19e-a m19e-b m19e-g m19e-j m19e-k m19e-l\"><div class=\"x-text-content\"><span class=\"x-graphic\" aria-hidden=\"true\"><i class=\"x-icon x-graphic-child x-graphic-icon x-graphic-primary\" aria-hidden=\"true\" data-x-icon-l=\"&#xf2a0;\"><\/i><\/span><div class=\"x-text-content-text\"><span class=\"x-text-content-text-primary\">+49 176 57915277<\/span>\n<\/div><\/div><\/div><hr class=\"x-line e1634-e31 m19e-1g m19e-1h\"\/><div class=\"x-row e1634-e32 m19e-q m19e-s m19e-u m19e-v m19e-x m19e-13\"><div class=\"x-row-inner\"><div class=\"x-col e1634-e33 m19e-14 m19e-15 m19e-16 m19e-17 m19e-19\"><a class=\"x-anchor x-anchor-button has-graphic e1634-e34 m19e-1b m19e-1e\" tabindex=\"0\" href=\"https:\/\/www.instagram.com\/agriportance\/\" target=\"_blank\" rel=\"noopener noreferrer\"><div class=\"x-anchor-content\"><span class=\"x-graphic\" aria-hidden=\"true\"><i class=\"x-icon x-graphic-child x-graphic-icon x-graphic-primary\" aria-hidden=\"true\" data-x-icon-b=\"&#xf16d;\"><\/i><\/span><\/div><\/a><a class=\"x-anchor x-anchor-button has-graphic e1634-e35 m19e-1b m19e-1e\" tabindex=\"0\" href=\"https:\/\/www.facebook.com\/agriportance\" target=\"_blank\" rel=\"noopener noreferrer\"><div class=\"x-anchor-content\"><span class=\"x-graphic\" aria-hidden=\"true\"><i class=\"x-icon x-graphic-child x-graphic-icon x-graphic-primary\" aria-hidden=\"true\" data-x-icon-b=\"&#xf09a;\"><\/i><\/span><\/div><\/a><a class=\"x-anchor x-anchor-button has-graphic e1634-e36 m19e-1b m19e-1e\" tabindex=\"0\" href=\"tel:+49 175 6335057\"><div class=\"x-anchor-content\"><span class=\"x-graphic\" aria-hidden=\"true\"><i class=\"x-icon x-graphic-child x-graphic-icon x-graphic-primary\" aria-hidden=\"true\" data-x-icon-b=\"&#xf232;\"><\/i><\/span><\/div><\/a><\/div><\/div><\/div><\/div><div class=\"x-col e1634-e37 m19e-14 m19e-15 m19e-1a\"><div class=\"x-text x-text-headline e1634-e38 m19e-a m19e-b m19e-g m19e-h m19e-l m19e-m\"><div class=\"x-text-content\"><div class=\"x-text-content-text\"><h3 class=\"x-text-content-text-primary\">Pot\u0159ebujete poradit?<\/h3>\n<\/div><\/div><\/div><div class=\"x-text x-content e1634-e39 m19e-o m19e-p\"><p>Nev\u00e1hejte n\u00e1m poslat zpr\u00e1vu<\/p><\/div><hr class=\"x-line e1634-e40 m19e-1g m19e-1i\"\/><div class=\"x-form-integration x-form-integration-embed e1634-e41 m19e-7\"><p><script charset=\"utf-8\" type=\"text\/javascript\" src=\"\/\/js-eu1.hsforms.net\/forms\/embed\/v2.js\"><\/script> <script>\n  hbspt.forms.create({\n    region: \"eu1\",\n    portalId: \"25523324\",\n    formId: \"de664c9d-a35c-4cae-be59-912f053806c2\"\n  });\n<\/script><\/p><\/div><hr class=\"x-line e1634-e42 m19e-1g m19e-1i\"\/><\/div><\/div><\/div><\/div><\/div><\/div><\/div><\/div><\/div><\/div><\/div>","protected":false},"excerpt":{"rendered":"<p>Zaj\u00edm\u00e1te se o biometan? M\u00e1te ot\u00e1zky t\u00fdkaj\u00edc\u00ed se biometanu? Jste provozovatelem bioplynov\u00e9 stanice nebo chcete biometan nakupovat? Obra\u0165te se na n\u00e1s nez\u00e1vazn\u011bKontaktV\u00fdvoj cen biometanu | Cenov\u00fd tiker biometanu V\u00ddVOJ CEN BIOMETANU V N\u011aMECKU Trh s biometanem v N\u011bmecku je ji\u017e n\u011bkolik let na vzestupu. Trh se vyzna\u010duje rostouc\u00edmi cenami bioplynu dod\u00e1van\u00e9ho do s\u00edt\u011b. Hnac\u00ed silou tohoto v\u00fdvoje je ...<\/p>","protected":false},"author":2,"featured_media":0,"parent":1662,"menu_order":0,"comment_status":"closed","ping_status":"closed","template":"template-blank-4.php","meta":{"content-type":"","footnotes":""},"class_list":["post-1634","page","type-page","status-publish","hentry","no-post-thumbnail"],"yoast_head":"<!-- This site is optimized with the Yoast SEO Premium plugin v27.3 (Yoast SEO v27.3) - https:\/\/yoast.com\/product\/yoast-seo-premium-wordpress\/ -->\n<title>Preisentwicklung von Biomethan | Hier verfolgen<\/title>\n<meta name=\"description\" content=\"Verfolgen Sie die Preisentwicklung von Biomethan. Nutzen Sie unseren Biomethan-Preisticker und schauen Sie sich die Biomethan-Preise an \u2705\" \/>\n<meta name=\"robots\" content=\"index, follow, max-snippet:-1, max-image-preview:large, max-video-preview:-1\" \/>\n<link rel=\"canonical\" href=\"https:\/\/agriportance.com\/cs\/nastroje\/ceny-za-vyvoj-biometanu\/\" \/>\n<meta property=\"og:locale\" content=\"cs_CZ\" \/>\n<meta property=\"og:type\" content=\"article\" \/>\n<meta property=\"og:title\" content=\"Biomethan Preise\" \/>\n<meta property=\"og:description\" content=\"Verfolgen Sie die Preisentwicklung von Biomethan. Nutzen Sie unseren Biomethan-Preisticker und schauen Sie sich die Biomethan-Preise an \u2705\" \/>\n<meta property=\"og:url\" content=\"https:\/\/agriportance.com\/cs\/nastroje\/ceny-za-vyvoj-biometanu\/\" \/>\n<meta property=\"og:site_name\" content=\"agriportance GmbH\" \/>\n<meta property=\"article:publisher\" content=\"https:\/\/www.facebook.com\/agriportance\" \/>\n<meta property=\"article:modified_time\" content=\"2026-01-08T10:32:24+00:00\" \/>\n<meta name=\"twitter:card\" content=\"summary_large_image\" \/>\n<meta name=\"twitter:site\" content=\"@agriportance\" \/>\n<meta name=\"twitter:label1\" content=\"Odhadovan\u00e1 doba \u010dten\u00ed\" \/>\n\t<meta name=\"twitter:data1\" content=\"3 minuty\" \/>\n<script type=\"application\/ld+json\" class=\"yoast-schema-graph\">{\"@context\":\"https:\\\/\\\/schema.org\",\"@graph\":[{\"@type\":\"WebPage\",\"@id\":\"https:\\\/\\\/agriportance.com\\\/de\\\/preisentwicklung\\\/biomethan-entwicklung-preise\\\/\",\"url\":\"https:\\\/\\\/agriportance.com\\\/de\\\/preisentwicklung\\\/biomethan-entwicklung-preise\\\/\",\"name\":\"Preisentwicklung von Biomethan | Hier verfolgen\",\"isPartOf\":{\"@id\":\"https:\\\/\\\/agriportance.com\\\/#website\"},\"datePublished\":\"2023-06-15T11:12:57+00:00\",\"dateModified\":\"2026-01-08T10:32:24+00:00\",\"description\":\"Verfolgen Sie die Preisentwicklung von Biomethan. Nutzen Sie unseren Biomethan-Preisticker und schauen Sie sich die Biomethan-Preise an \u2705\",\"breadcrumb\":{\"@id\":\"https:\\\/\\\/agriportance.com\\\/de\\\/preisentwicklung\\\/biomethan-entwicklung-preise\\\/#breadcrumb\"},\"inLanguage\":\"cs\",\"potentialAction\":[{\"@type\":\"ReadAction\",\"target\":[\"https:\\\/\\\/agriportance.com\\\/de\\\/preisentwicklung\\\/biomethan-entwicklung-preise\\\/\"]}]},{\"@type\":\"BreadcrumbList\",\"@id\":\"https:\\\/\\\/agriportance.com\\\/de\\\/preisentwicklung\\\/biomethan-entwicklung-preise\\\/#breadcrumb\",\"itemListElement\":[{\"@type\":\"ListItem\",\"position\":1,\"name\":\"Startseite\",\"item\":\"https:\\\/\\\/agriportance.com\\\/de\\\/\"},{\"@type\":\"ListItem\",\"position\":2,\"name\":\"Preisentwicklung\",\"item\":\"https:\\\/\\\/agriportance.com\\\/de\\\/preisentwicklung\\\/\"},{\"@type\":\"ListItem\",\"position\":3,\"name\":\"Biomethan Preise\"}]},{\"@type\":\"WebSite\",\"@id\":\"https:\\\/\\\/agriportance.com\\\/#website\",\"url\":\"https:\\\/\\\/agriportance.com\\\/\",\"name\":\"agriportance\",\"description\":\"Informationen und Dienstleistungen zu Biomethan und LCO2\",\"publisher\":{\"@id\":\"https:\\\/\\\/agriportance.com\\\/#organization\"},\"potentialAction\":[{\"@type\":\"SearchAction\",\"target\":{\"@type\":\"EntryPoint\",\"urlTemplate\":\"https:\\\/\\\/agriportance.com\\\/?s={search_term_string}\"},\"query-input\":{\"@type\":\"PropertyValueSpecification\",\"valueRequired\":true,\"valueName\":\"search_term_string\"}}],\"inLanguage\":\"cs\"},{\"@type\":\"Organization\",\"@id\":\"https:\\\/\\\/agriportance.com\\\/#organization\",\"name\":\"agriportance GmbH\",\"url\":\"https:\\\/\\\/agriportance.com\\\/\",\"logo\":{\"@type\":\"ImageObject\",\"inLanguage\":\"cs\",\"@id\":\"https:\\\/\\\/agriportance.com\\\/#\\\/schema\\\/logo\\\/image\\\/\",\"url\":\"https:\\\/\\\/agriportance.com\\\/wp-content\\\/uploads\\\/2023\\\/05\\\/agriportance-logo.png\",\"contentUrl\":\"https:\\\/\\\/agriportance.com\\\/wp-content\\\/uploads\\\/2023\\\/05\\\/agriportance-logo.png\",\"width\":701,\"height\":108,\"caption\":\"agriportance GmbH\"},\"image\":{\"@id\":\"https:\\\/\\\/agriportance.com\\\/#\\\/schema\\\/logo\\\/image\\\/\"},\"sameAs\":[\"https:\\\/\\\/www.facebook.com\\\/agriportance\",\"https:\\\/\\\/x.com\\\/agriportance\",\"https:\\\/\\\/de.linkedin.com\\\/company\\\/agriportance\",\"https:\\\/\\\/www.instagram.com\\\/agriportance\"]}]}<\/script>\n<!-- \/ Yoast SEO Premium plugin. -->","yoast_head_json":{"title":"Sledujte v\u00fdvoj cen biometanu zde","description":"Sledov\u00e1n\u00ed v\u00fdvoje cen biometanu. Pou\u017eijte n\u00e1\u0161 cenov\u00fd ticker biometanu a pod\u00edvejte se na ceny biometanu \u2705","robots":{"index":"index","follow":"follow","max-snippet":"max-snippet:-1","max-image-preview":"max-image-preview:large","max-video-preview":"max-video-preview:-1"},"canonical":"https:\/\/agriportance.com\/cs\/nastroje\/ceny-za-vyvoj-biometanu\/","og_locale":"cs_CZ","og_type":"article","og_title":"Biomethan Preise","og_description":"Verfolgen Sie die Preisentwicklung von Biomethan. Nutzen Sie unseren Biomethan-Preisticker und schauen Sie sich die Biomethan-Preise an \u2705","og_url":"https:\/\/agriportance.com\/cs\/nastroje\/ceny-za-vyvoj-biometanu\/","og_site_name":"agriportance GmbH","article_publisher":"https:\/\/www.facebook.com\/agriportance","article_modified_time":"2026-01-08T10:32:24+00:00","twitter_card":"summary_large_image","twitter_site":"@agriportance","twitter_misc":{"Odhadovan\u00e1 doba \u010dten\u00ed":"3 minuty"},"schema":{"@context":"https:\/\/schema.org","@graph":[{"@type":"WebPage","@id":"https:\/\/agriportance.com\/de\/preisentwicklung\/biomethan-entwicklung-preise\/","url":"https:\/\/agriportance.com\/de\/preisentwicklung\/biomethan-entwicklung-preise\/","name":"Sledujte v\u00fdvoj cen biometanu zde","isPartOf":{"@id":"https:\/\/agriportance.com\/#website"},"datePublished":"2023-06-15T11:12:57+00:00","dateModified":"2026-01-08T10:32:24+00:00","description":"Sledov\u00e1n\u00ed v\u00fdvoje cen biometanu. Pou\u017eijte n\u00e1\u0161 cenov\u00fd ticker biometanu a pod\u00edvejte se na ceny biometanu \u2705","breadcrumb":{"@id":"https:\/\/agriportance.com\/de\/preisentwicklung\/biomethan-entwicklung-preise\/#breadcrumb"},"inLanguage":"cs","potentialAction":[{"@type":"ReadAction","target":["https:\/\/agriportance.com\/de\/preisentwicklung\/biomethan-entwicklung-preise\/"]}]},{"@type":"BreadcrumbList","@id":"https:\/\/agriportance.com\/de\/preisentwicklung\/biomethan-entwicklung-preise\/#breadcrumb","itemListElement":[{"@type":"ListItem","position":1,"name":"Startseite","item":"https:\/\/agriportance.com\/de\/"},{"@type":"ListItem","position":2,"name":"Preisentwicklung","item":"https:\/\/agriportance.com\/de\/preisentwicklung\/"},{"@type":"ListItem","position":3,"name":"Biomethan Preise"}]},{"@type":"WebSite","@id":"https:\/\/agriportance.com\/#website","url":"https:\/\/agriportance.com\/","name":"agriportance","description":"Informace a slu\u017eby o biometanu a LCO2","publisher":{"@id":"https:\/\/agriportance.com\/#organization"},"potentialAction":[{"@type":"SearchAction","target":{"@type":"EntryPoint","urlTemplate":"https:\/\/agriportance.com\/?s={search_term_string}"},"query-input":{"@type":"PropertyValueSpecification","valueRequired":true,"valueName":"search_term_string"}}],"inLanguage":"cs"},{"@type":"Organization","@id":"https:\/\/agriportance.com\/#organization","name":"agriportance GmbH","url":"https:\/\/agriportance.com\/","logo":{"@type":"ImageObject","inLanguage":"cs","@id":"https:\/\/agriportance.com\/#\/schema\/logo\/image\/","url":"https:\/\/agriportance.com\/wp-content\/uploads\/2023\/05\/agriportance-logo.png","contentUrl":"https:\/\/agriportance.com\/wp-content\/uploads\/2023\/05\/agriportance-logo.png","width":701,"height":108,"caption":"agriportance GmbH"},"image":{"@id":"https:\/\/agriportance.com\/#\/schema\/logo\/image\/"},"sameAs":["https:\/\/www.facebook.com\/agriportance","https:\/\/x.com\/agriportance","https:\/\/de.linkedin.com\/company\/agriportance","https:\/\/www.instagram.com\/agriportance"]}]}},"_links":{"self":[{"href":"https:\/\/agriportance.com\/cs\/wp-json\/wp\/v2\/pages\/1634","targetHints":{"allow":["GET"]}}],"collection":[{"href":"https:\/\/agriportance.com\/cs\/wp-json\/wp\/v2\/pages"}],"about":[{"href":"https:\/\/agriportance.com\/cs\/wp-json\/wp\/v2\/types\/page"}],"author":[{"embeddable":true,"href":"https:\/\/agriportance.com\/cs\/wp-json\/wp\/v2\/users\/2"}],"replies":[{"embeddable":true,"href":"https:\/\/agriportance.com\/cs\/wp-json\/wp\/v2\/comments?post=1634"}],"version-history":[{"count":43,"href":"https:\/\/agriportance.com\/cs\/wp-json\/wp\/v2\/pages\/1634\/revisions"}],"predecessor-version":[{"id":38111,"href":"https:\/\/agriportance.com\/cs\/wp-json\/wp\/v2\/pages\/1634\/revisions\/38111"}],"up":[{"embeddable":true,"href":"https:\/\/agriportance.com\/cs\/wp-json\/wp\/v2\/pages\/1662"}],"wp:attachment":[{"href":"https:\/\/agriportance.com\/cs\/wp-json\/wp\/v2\/media?parent=1634"}],"curies":[{"name":"wp","href":"https:\/\/api.w.org\/{rel}","templated":true}]}}