{"id":1685,"date":"2023-06-15T15:03:00","date_gmt":"2023-06-15T15:03:00","guid":{"rendered":"https:\/\/agriportance.com\/haftungsausschluss"},"modified":"2023-06-19T13:22:52","modified_gmt":"2023-06-19T13:22:52","slug":"zreknuti-se-odpovednosti","status":"publish","type":"page","link":"https:\/\/agriportance.com\/cs\/haftungsausschluss\/","title":{"rendered":"Odm\u00edtnut\u00ed odpov\u011bdnosti"},"content":{"rendered":"<!-- Legal document generated by Complianz | GDPR\/CCPA Cookie Consent https:\/\/wordpress.org\/plugins\/complianz-gdpr -->\n<div id=\"cmplz-document\" class=\"cmplz-document disclaimer cmplz-document-all\"><p>Spole\u010dnost agriportance se zavazuje udr\u017eovat tyto webov\u00e9 str\u00e1nky aktu\u00e1ln\u00ed a p\u0159esn\u00e9. Pokud p\u0159esto naraz\u00edte na n\u011bco nespr\u00e1vn\u00e9ho nebo neaktu\u00e1ln\u00edho, budeme r\u00e1di, kdy\u017e n\u00e1s na to upozorn\u00edte. Uve\u010fte, pros\u00edm, kde na webov\u00fdch str\u00e1nk\u00e1ch jste informace \u010detli. My se na to pak co nejd\u0159\u00edve pod\u00edv\u00e1me. Svou odpov\u011b\u010f pros\u00edm za\u0161lete e-mailem na adresu: <span class=\"cmplz-obfuscate\">info@<span class=\"cmplz-fmail-domain\">ex.com<\/span>&#097;g&#114;ip&#111;&#114;t&#097;n&#099;e.&#099;om<\/span>.<\/p><p>Neodpov\u00edd\u00e1me za ztr\u00e1ty vznikl\u00e9 v d\u016fsledku nep\u0159esnost\u00ed nebo ne\u00faplnosti, ani za ztr\u00e1ty vznikl\u00e9 v d\u016fsledku probl\u00e9m\u016f zp\u016fsoben\u00fdch \u0161\u00ed\u0159en\u00edm informac\u00ed prost\u0159ednictv\u00edm internetu nebo s n\u00edm spojen\u00fdch, jako jsou poruchy nebo p\u0159eru\u0161en\u00ed. P\u0159i pou\u017e\u00edv\u00e1n\u00ed webov\u00fdch formul\u00e1\u0159\u016f se sna\u017e\u00edme omezit po\u010det po\u017eadovan\u00fdch pol\u00ed na minimum. Za p\u0159\u00edpadn\u00e9 ztr\u00e1ty vznikl\u00e9 v d\u016fsledku pou\u017eit\u00ed \u00fadaj\u016f, rad nebo n\u00e1pad\u016f poskytnut\u00fdch spole\u010dnost\u00ed agriportance nebo jej\u00edm jm\u00e9nem prost\u0159ednictv\u00edm t\u011bchto webov\u00fdch str\u00e1nek nenese spole\u010dnost agriportance \u017e\u00e1dnou odpov\u011bdnost.<\/p><p>Ve\u0161ker\u00e9 osobn\u00ed \u00fadaje, kter\u00e9 n\u00e1m poskytnete v r\u00e1mci sv\u00e9 odpov\u011bdi nebo \u017e\u00e1dosti o informace, budou pou\u017eity pouze v souladu s na\u0161\u00edm prohl\u00e1\u0161en\u00edm o ochran\u011b osobn\u00edch \u00fadaj\u016f.<\/p><p>agriportance vynalo\u017e\u00ed ve\u0161ker\u00e9 p\u0159im\u011b\u0159en\u00e9 \u00fasil\u00ed, aby ochr\u00e1nila sv\u00e9 syst\u00e9my p\u0159ed jakoukoli formou nez\u00e1konn\u00e9ho pou\u017eit\u00ed. agriportance za t\u00edmto \u00fa\u010delem zavede vhodn\u00e1 technick\u00e1 a organiza\u010dn\u00ed opat\u0159en\u00ed, mimo jin\u00e9 s p\u0159ihl\u00e9dnut\u00edm ke stavu techniky. Neodpov\u00edd\u00e1 v\u0161ak za jakoukoli p\u0159\u00edmou a\/nebo nep\u0159\u00edmou \u0161kodu, kter\u00e1 vznikne u\u017eivateli internetov\u00fdch str\u00e1nek v d\u016fsledku protipr\u00e1vn\u00edho pou\u017eit\u00ed jej\u00edch syst\u00e9m\u016f t\u0159et\u00ed osobou.<\/p><p>spole\u010dnost agriportance nenese \u017e\u00e1dnou odpov\u011bdnost za obsah webov\u00fdch str\u00e1nek, na kter\u00e9 nebo z nich\u017e vede hypertextov\u00fd odkaz nebo jin\u00fd odkaz. Produkty nebo slu\u017eby nab\u00edzen\u00e9 t\u0159et\u00edmi stranami se \u0159\u00edd\u00ed platn\u00fdmi podm\u00ednkami t\u011bchto t\u0159et\u00edch stran.<\/p><p>Ve\u0161ker\u00e1 pr\u00e1va du\u0161evn\u00edho vlastnictv\u00ed k obsahu na t\u011bchto webov\u00fdch str\u00e1nk\u00e1ch n\u00e1le\u017e\u00ed t\u0159et\u00edm stran\u00e1m, kter\u00e9 obsah um\u00edstily samy nebo od nich\u017e spole\u010dnost agriportance z\u00edskala u\u017eivatelskou licenci.<\/p><p>Kop\u00edrov\u00e1n\u00ed, \u0161\u00ed\u0159en\u00ed a jak\u00e9koliv jin\u00e9 pou\u017eit\u00ed t\u011bchto materi\u00e1l\u016f nen\u00ed bez p\u00edsemn\u00e9ho souhlasu spole\u010dnosti agriportance povoleno, s v\u00fdjimkou p\u0159\u00edpad\u016f, kdy je v z\u00e1vazn\u00fdch pr\u00e1vn\u00edch p\u0159edpisech stanoveno jinak (nap\u0159. pr\u00e1vo citovat), pokud konkr\u00e9tn\u00ed obsah nevypl\u00fdv\u00e1 jinak.<\/p><p>Pokud m\u00e1te jak\u00e9koli dotazy nebo probl\u00e9my s p\u0159\u00edstupnost\u00ed webov\u00fdch str\u00e1nek, nev\u00e1hejte se na n\u00e1s obr\u00e1tit.<\/p><\/div>","protected":false},"excerpt":{"rendered":"","protected":false},"author":1,"featured_media":0,"parent":0,"menu_order":0,"comment_status":"closed","ping_status":"closed","template":"template-layout-full-width.php","meta":{"content-type":"","footnotes":""},"class_list":["post-1685","page","type-page","status-publish","hentry","no-post-thumbnail"],"yoast_head":"<!-- This site is optimized with the Yoast SEO Premium plugin v27.3 (Yoast SEO v27.3) - https:\/\/yoast.com\/product\/yoast-seo-premium-wordpress\/ -->\n<title>Haftungsausschluss | agriportance GmbH<\/title>\n<meta name=\"description\" content=\"Folgend gelangen Sie zu unserem Haftungsausschluss.\" \/>\n<meta name=\"robots\" content=\"index, follow, max-snippet:-1, max-image-preview:large, max-video-preview:-1\" \/>\n<link rel=\"canonical\" href=\"https:\/\/agriportance.com\/cs\/zreknuti-se-odpovednosti\/\" \/>\n<meta property=\"og:locale\" content=\"cs_CZ\" \/>\n<meta property=\"og:type\" content=\"article\" \/>\n<meta property=\"og:title\" content=\"Haftungsausschluss\" \/>\n<meta property=\"og:description\" content=\"Folgend gelangen Sie zu unserem Haftungsausschluss.\" \/>\n<meta property=\"og:url\" content=\"https:\/\/agriportance.com\/cs\/zreknuti-se-odpovednosti\/\" \/>\n<meta property=\"og:site_name\" content=\"agriportance GmbH\" \/>\n<meta property=\"article:publisher\" content=\"https:\/\/www.facebook.com\/agriportance\" \/>\n<meta property=\"article:modified_time\" content=\"2023-06-19T13:22:52+00:00\" \/>\n<meta name=\"twitter:card\" content=\"summary_large_image\" \/>\n<meta name=\"twitter:site\" content=\"@agriportance\" \/>\n<script type=\"application\/ld+json\" class=\"yoast-schema-graph\">{\"@context\":\"https:\\\/\\\/schema.org\",\"@graph\":[{\"@type\":\"WebPage\",\"@id\":\"https:\\\/\\\/agriportance.com\\\/haftungsausschluss\\\/\",\"url\":\"https:\\\/\\\/agriportance.com\\\/haftungsausschluss\\\/\",\"name\":\"Haftungsausschluss | agriportance GmbH\",\"isPartOf\":{\"@id\":\"https:\\\/\\\/agriportance.com\\\/#website\"},\"datePublished\":\"2023-06-15T15:03:00+00:00\",\"dateModified\":\"2023-06-19T13:22:52+00:00\",\"description\":\"Folgend gelangen Sie zu unserem Haftungsausschluss.\",\"breadcrumb\":{\"@id\":\"https:\\\/\\\/agriportance.com\\\/haftungsausschluss\\\/#breadcrumb\"},\"inLanguage\":\"cs\",\"potentialAction\":[{\"@type\":\"ReadAction\",\"target\":[\"https:\\\/\\\/agriportance.com\\\/haftungsausschluss\\\/\"]}]},{\"@type\":\"BreadcrumbList\",\"@id\":\"https:\\\/\\\/agriportance.com\\\/haftungsausschluss\\\/#breadcrumb\",\"itemListElement\":[{\"@type\":\"ListItem\",\"position\":1,\"name\":\"Startseite\",\"item\":\"https:\\\/\\\/agriportance.com\\\/de\\\/\"},{\"@type\":\"ListItem\",\"position\":2,\"name\":\"Haftungsausschluss\"}]},{\"@type\":\"WebSite\",\"@id\":\"https:\\\/\\\/agriportance.com\\\/#website\",\"url\":\"https:\\\/\\\/agriportance.com\\\/\",\"name\":\"agriportance\",\"description\":\"Informationen und Dienstleistungen zu Biomethan und LCO2\",\"publisher\":{\"@id\":\"https:\\\/\\\/agriportance.com\\\/#organization\"},\"potentialAction\":[{\"@type\":\"SearchAction\",\"target\":{\"@type\":\"EntryPoint\",\"urlTemplate\":\"https:\\\/\\\/agriportance.com\\\/?s={search_term_string}\"},\"query-input\":{\"@type\":\"PropertyValueSpecification\",\"valueRequired\":true,\"valueName\":\"search_term_string\"}}],\"inLanguage\":\"cs\"},{\"@type\":\"Organization\",\"@id\":\"https:\\\/\\\/agriportance.com\\\/#organization\",\"name\":\"agriportance GmbH\",\"url\":\"https:\\\/\\\/agriportance.com\\\/\",\"logo\":{\"@type\":\"ImageObject\",\"inLanguage\":\"cs\",\"@id\":\"https:\\\/\\\/agriportance.com\\\/#\\\/schema\\\/logo\\\/image\\\/\",\"url\":\"https:\\\/\\\/agriportance.com\\\/wp-content\\\/uploads\\\/2023\\\/05\\\/agriportance-logo.png\",\"contentUrl\":\"https:\\\/\\\/agriportance.com\\\/wp-content\\\/uploads\\\/2023\\\/05\\\/agriportance-logo.png\",\"width\":701,\"height\":108,\"caption\":\"agriportance GmbH\"},\"image\":{\"@id\":\"https:\\\/\\\/agriportance.com\\\/#\\\/schema\\\/logo\\\/image\\\/\"},\"sameAs\":[\"https:\\\/\\\/www.facebook.com\\\/agriportance\",\"https:\\\/\\\/x.com\\\/agriportance\",\"https:\\\/\\\/de.linkedin.com\\\/company\\\/agriportance\",\"https:\\\/\\\/www.instagram.com\\\/agriportance\"]}]}<\/script>\n<!-- \/ Yoast SEO Premium plugin. -->","yoast_head_json":{"title":"Z\u0159eknut\u00ed se odpov\u011bdnosti | agriportance GmbH","description":"N\u00ed\u017ee naleznete na\u0161e prohl\u00e1\u0161en\u00ed o vylou\u010den\u00ed odpov\u011bdnosti.","robots":{"index":"index","follow":"follow","max-snippet":"max-snippet:-1","max-image-preview":"max-image-preview:large","max-video-preview":"max-video-preview:-1"},"canonical":"https:\/\/agriportance.com\/cs\/zreknuti-se-odpovednosti\/","og_locale":"cs_CZ","og_type":"article","og_title":"Haftungsausschluss","og_description":"Folgend gelangen Sie zu unserem Haftungsausschluss.","og_url":"https:\/\/agriportance.com\/cs\/zreknuti-se-odpovednosti\/","og_site_name":"agriportance GmbH","article_publisher":"https:\/\/www.facebook.com\/agriportance","article_modified_time":"2023-06-19T13:22:52+00:00","twitter_card":"summary_large_image","twitter_site":"@agriportance","schema":{"@context":"https:\/\/schema.org","@graph":[{"@type":"WebPage","@id":"https:\/\/agriportance.com\/haftungsausschluss\/","url":"https:\/\/agriportance.com\/haftungsausschluss\/","name":"Z\u0159eknut\u00ed se odpov\u011bdnosti | agriportance GmbH","isPartOf":{"@id":"https:\/\/agriportance.com\/#website"},"datePublished":"2023-06-15T15:03:00+00:00","dateModified":"2023-06-19T13:22:52+00:00","description":"N\u00ed\u017ee naleznete na\u0161e prohl\u00e1\u0161en\u00ed o vylou\u010den\u00ed odpov\u011bdnosti.","breadcrumb":{"@id":"https:\/\/agriportance.com\/haftungsausschluss\/#breadcrumb"},"inLanguage":"cs","potentialAction":[{"@type":"ReadAction","target":["https:\/\/agriportance.com\/haftungsausschluss\/"]}]},{"@type":"BreadcrumbList","@id":"https:\/\/agriportance.com\/haftungsausschluss\/#breadcrumb","itemListElement":[{"@type":"ListItem","position":1,"name":"Startseite","item":"https:\/\/agriportance.com\/de\/"},{"@type":"ListItem","position":2,"name":"Haftungsausschluss"}]},{"@type":"WebSite","@id":"https:\/\/agriportance.com\/#website","url":"https:\/\/agriportance.com\/","name":"agriportance","description":"Informace a slu\u017eby o biometanu a LCO2","publisher":{"@id":"https:\/\/agriportance.com\/#organization"},"potentialAction":[{"@type":"SearchAction","target":{"@type":"EntryPoint","urlTemplate":"https:\/\/agriportance.com\/?s={search_term_string}"},"query-input":{"@type":"PropertyValueSpecification","valueRequired":true,"valueName":"search_term_string"}}],"inLanguage":"cs"},{"@type":"Organization","@id":"https:\/\/agriportance.com\/#organization","name":"agriportance GmbH","url":"https:\/\/agriportance.com\/","logo":{"@type":"ImageObject","inLanguage":"cs","@id":"https:\/\/agriportance.com\/#\/schema\/logo\/image\/","url":"https:\/\/agriportance.com\/wp-content\/uploads\/2023\/05\/agriportance-logo.png","contentUrl":"https:\/\/agriportance.com\/wp-content\/uploads\/2023\/05\/agriportance-logo.png","width":701,"height":108,"caption":"agriportance GmbH"},"image":{"@id":"https:\/\/agriportance.com\/#\/schema\/logo\/image\/"},"sameAs":["https:\/\/www.facebook.com\/agriportance","https:\/\/x.com\/agriportance","https:\/\/de.linkedin.com\/company\/agriportance","https:\/\/www.instagram.com\/agriportance"]}]}},"_links":{"self":[{"href":"https:\/\/agriportance.com\/cs\/wp-json\/wp\/v2\/pages\/1685","targetHints":{"allow":["GET"]}}],"collection":[{"href":"https:\/\/agriportance.com\/cs\/wp-json\/wp\/v2\/pages"}],"about":[{"href":"https:\/\/agriportance.com\/cs\/wp-json\/wp\/v2\/types\/page"}],"author":[{"embeddable":true,"href":"https:\/\/agriportance.com\/cs\/wp-json\/wp\/v2\/users\/1"}],"replies":[{"embeddable":true,"href":"https:\/\/agriportance.com\/cs\/wp-json\/wp\/v2\/comments?post=1685"}],"version-history":[{"count":2,"href":"https:\/\/agriportance.com\/cs\/wp-json\/wp\/v2\/pages\/1685\/revisions"}],"predecessor-version":[{"id":1765,"href":"https:\/\/agriportance.com\/cs\/wp-json\/wp\/v2\/pages\/1685\/revisions\/1765"}],"wp:attachment":[{"href":"https:\/\/agriportance.com\/cs\/wp-json\/wp\/v2\/media?parent=1685"}],"curies":[{"name":"wp","href":"https:\/\/api.w.org\/{rel}","templated":true}]}}