{"id":2519,"date":"2023-07-31T10:57:52","date_gmt":"2023-07-31T10:57:52","guid":{"rendered":"https:\/\/agriportance.com\/unternehmen\/presse-2\/"},"modified":"2023-10-20T14:57:54","modified_gmt":"2023-10-20T14:57:54","slug":"tiskove-sluzby","status":"publish","type":"page","link":"https:\/\/agriportance.com\/cs\/unternehmen\/presse\/presse-service\/","title":{"rendered":"Tiskov\u00e1 slu\u017eba"},"content":{"rendered":"<div id=\"cs-content\" class=\"cs-content\"><\/div>","protected":false},"excerpt":{"rendered":"<p>Tiskov\u00fd servis agriportance Chcete se dozv\u011bd\u011bt, jak m\u016f\u017eeme spole\u010dn\u011b dos\u00e1hnout p\u0159echodu na energetiku prost\u0159ednictv\u00edm bioplynu? Jak se tvo\u0159\u00ed cena biometanu a co ovliv\u0148uje trh s biometanem? Co je to certifikace udr\u017eitelnosti? Chcete si promluvit s odborn\u00edkem na tuto oblast? Pak se obra\u0165te na Henninga Dickse.Henning DicksCEO &amp; Head of SalesSt\u00e1hnout logo Agriportance Logo agriportance N\u00ed\u017ee si m\u016f\u017eete st\u00e1hnout na\u0161e ...<\/p>","protected":false},"author":2,"featured_media":0,"parent":2256,"menu_order":0,"comment_status":"closed","ping_status":"closed","template":"template-blank-4.php","meta":{"content-type":"","footnotes":""},"class_list":["post-2519","page","type-page","status-publish","hentry","no-post-thumbnail"],"yoast_head":"<!-- This site is optimized with the Yoast SEO Premium plugin v27.3 (Yoast SEO v27.3) - https:\/\/yoast.com\/product\/yoast-seo-premium-wordpress\/ -->\n<title>Presseservice | agriportance GmbH<\/title>\n<meta name=\"description\" content=\"Unter Presseservice finden Sie unser Logo sowie Impressionen von Henning Dicks und dem agriportance-Team zur redaktionellen Nutzung\" \/>\n<meta name=\"robots\" content=\"index, follow, max-snippet:-1, max-image-preview:large, max-video-preview:-1\" \/>\n<link rel=\"canonical\" href=\"https:\/\/agriportance.com\/cs\/spolecnost\/tisk\/tiskove-sluzby\/\" \/>\n<meta property=\"og:locale\" content=\"cs_CZ\" \/>\n<meta property=\"og:type\" content=\"article\" \/>\n<meta property=\"og:title\" content=\"Presseservice\" \/>\n<meta property=\"og:description\" content=\"Unter Presseservice finden Sie unser Logo sowie Impressionen von Henning Dicks und dem agriportance-Team zur redaktionellen Nutzung\" \/>\n<meta property=\"og:url\" content=\"https:\/\/agriportance.com\/cs\/spolecnost\/tisk\/tiskove-sluzby\/\" \/>\n<meta property=\"og:site_name\" content=\"agriportance GmbH\" \/>\n<meta property=\"article:publisher\" content=\"https:\/\/www.facebook.com\/agriportance\" \/>\n<meta property=\"article:modified_time\" content=\"2023-10-20T14:57:54+00:00\" \/>\n<meta name=\"twitter:card\" content=\"summary_large_image\" \/>\n<meta name=\"twitter:site\" content=\"@agriportance\" \/>\n<meta name=\"twitter:label1\" content=\"Odhadovan\u00e1 doba \u010dten\u00ed\" \/>\n\t<meta name=\"twitter:data1\" content=\"2 minuty\" \/>\n<script type=\"application\/ld+json\" class=\"yoast-schema-graph\">{\"@context\":\"https:\\\/\\\/schema.org\",\"@graph\":[{\"@type\":\"WebPage\",\"@id\":\"https:\\\/\\\/agriportance.com\\\/de\\\/unternehmen\\\/presse\\\/presse-service\\\/\",\"url\":\"https:\\\/\\\/agriportance.com\\\/de\\\/unternehmen\\\/presse\\\/presse-service\\\/\",\"name\":\"Presseservice | agriportance GmbH\",\"isPartOf\":{\"@id\":\"https:\\\/\\\/agriportance.com\\\/#website\"},\"datePublished\":\"2023-07-31T10:57:52+00:00\",\"dateModified\":\"2023-10-20T14:57:54+00:00\",\"description\":\"Unter Presseservice finden Sie unser Logo sowie Impressionen von Henning Dicks und dem agriportance-Team zur redaktionellen Nutzung\",\"breadcrumb\":{\"@id\":\"https:\\\/\\\/agriportance.com\\\/de\\\/unternehmen\\\/presse\\\/presse-service\\\/#breadcrumb\"},\"inLanguage\":\"cs\",\"potentialAction\":[{\"@type\":\"ReadAction\",\"target\":[\"https:\\\/\\\/agriportance.com\\\/de\\\/unternehmen\\\/presse\\\/presse-service\\\/\"]}]},{\"@type\":\"BreadcrumbList\",\"@id\":\"https:\\\/\\\/agriportance.com\\\/de\\\/unternehmen\\\/presse\\\/presse-service\\\/#breadcrumb\",\"itemListElement\":[{\"@type\":\"ListItem\",\"position\":1,\"name\":\"Startseite\",\"item\":\"https:\\\/\\\/agriportance.com\\\/de\\\/\"},{\"@type\":\"ListItem\",\"position\":2,\"name\":\"Unternehmen\",\"item\":\"https:\\\/\\\/agriportance.com\\\/de\\\/unternehmen\\\/\"},{\"@type\":\"ListItem\",\"position\":3,\"name\":\"Presse\",\"item\":\"https:\\\/\\\/agriportance.com\\\/de\\\/unternehmen\\\/presse\\\/\"},{\"@type\":\"ListItem\",\"position\":4,\"name\":\"Presseservice\"}]},{\"@type\":\"WebSite\",\"@id\":\"https:\\\/\\\/agriportance.com\\\/#website\",\"url\":\"https:\\\/\\\/agriportance.com\\\/\",\"name\":\"agriportance\",\"description\":\"Informationen und Dienstleistungen zu Biomethan und LCO2\",\"publisher\":{\"@id\":\"https:\\\/\\\/agriportance.com\\\/#organization\"},\"potentialAction\":[{\"@type\":\"SearchAction\",\"target\":{\"@type\":\"EntryPoint\",\"urlTemplate\":\"https:\\\/\\\/agriportance.com\\\/?s={search_term_string}\"},\"query-input\":{\"@type\":\"PropertyValueSpecification\",\"valueRequired\":true,\"valueName\":\"search_term_string\"}}],\"inLanguage\":\"cs\"},{\"@type\":\"Organization\",\"@id\":\"https:\\\/\\\/agriportance.com\\\/#organization\",\"name\":\"agriportance GmbH\",\"url\":\"https:\\\/\\\/agriportance.com\\\/\",\"logo\":{\"@type\":\"ImageObject\",\"inLanguage\":\"cs\",\"@id\":\"https:\\\/\\\/agriportance.com\\\/#\\\/schema\\\/logo\\\/image\\\/\",\"url\":\"https:\\\/\\\/agriportance.com\\\/wp-content\\\/uploads\\\/2023\\\/05\\\/agriportance-logo.png\",\"contentUrl\":\"https:\\\/\\\/agriportance.com\\\/wp-content\\\/uploads\\\/2023\\\/05\\\/agriportance-logo.png\",\"width\":701,\"height\":108,\"caption\":\"agriportance GmbH\"},\"image\":{\"@id\":\"https:\\\/\\\/agriportance.com\\\/#\\\/schema\\\/logo\\\/image\\\/\"},\"sameAs\":[\"https:\\\/\\\/www.facebook.com\\\/agriportance\",\"https:\\\/\\\/x.com\\\/agriportance\",\"https:\\\/\\\/de.linkedin.com\\\/company\\\/agriportance\",\"https:\\\/\\\/www.instagram.com\\\/agriportance\"]}]}<\/script>\n<!-- \/ Yoast SEO Premium plugin. -->","yoast_head_json":{"title":"Tiskov\u00e1 slu\u017eba | agriportance GmbH","description":"V sekci tiskov\u00fd servis naleznete na\u0161e logo a dojmy Henninga Dickse a t\u00fdmu agriportance pro redak\u010dn\u00ed pou\u017eit\u00ed.","robots":{"index":"index","follow":"follow","max-snippet":"max-snippet:-1","max-image-preview":"max-image-preview:large","max-video-preview":"max-video-preview:-1"},"canonical":"https:\/\/agriportance.com\/cs\/spolecnost\/tisk\/tiskove-sluzby\/","og_locale":"cs_CZ","og_type":"article","og_title":"Presseservice","og_description":"Unter Presseservice finden Sie unser Logo sowie Impressionen von Henning Dicks und dem agriportance-Team zur redaktionellen Nutzung","og_url":"https:\/\/agriportance.com\/cs\/spolecnost\/tisk\/tiskove-sluzby\/","og_site_name":"agriportance GmbH","article_publisher":"https:\/\/www.facebook.com\/agriportance","article_modified_time":"2023-10-20T14:57:54+00:00","twitter_card":"summary_large_image","twitter_site":"@agriportance","twitter_misc":{"Odhadovan\u00e1 doba \u010dten\u00ed":"2 minuty"},"schema":{"@context":"https:\/\/schema.org","@graph":[{"@type":"WebPage","@id":"https:\/\/agriportance.com\/de\/unternehmen\/presse\/presse-service\/","url":"https:\/\/agriportance.com\/de\/unternehmen\/presse\/presse-service\/","name":"Tiskov\u00e1 slu\u017eba | agriportance GmbH","isPartOf":{"@id":"https:\/\/agriportance.com\/#website"},"datePublished":"2023-07-31T10:57:52+00:00","dateModified":"2023-10-20T14:57:54+00:00","description":"V sekci tiskov\u00fd servis naleznete na\u0161e logo a dojmy Henninga Dickse a t\u00fdmu agriportance pro redak\u010dn\u00ed pou\u017eit\u00ed.","breadcrumb":{"@id":"https:\/\/agriportance.com\/de\/unternehmen\/presse\/presse-service\/#breadcrumb"},"inLanguage":"cs","potentialAction":[{"@type":"ReadAction","target":["https:\/\/agriportance.com\/de\/unternehmen\/presse\/presse-service\/"]}]},{"@type":"BreadcrumbList","@id":"https:\/\/agriportance.com\/de\/unternehmen\/presse\/presse-service\/#breadcrumb","itemListElement":[{"@type":"ListItem","position":1,"name":"Startseite","item":"https:\/\/agriportance.com\/de\/"},{"@type":"ListItem","position":2,"name":"Unternehmen","item":"https:\/\/agriportance.com\/de\/unternehmen\/"},{"@type":"ListItem","position":3,"name":"Presse","item":"https:\/\/agriportance.com\/de\/unternehmen\/presse\/"},{"@type":"ListItem","position":4,"name":"Presseservice"}]},{"@type":"WebSite","@id":"https:\/\/agriportance.com\/#website","url":"https:\/\/agriportance.com\/","name":"agriportance","description":"Informace a slu\u017eby o biometanu a LCO2","publisher":{"@id":"https:\/\/agriportance.com\/#organization"},"potentialAction":[{"@type":"SearchAction","target":{"@type":"EntryPoint","urlTemplate":"https:\/\/agriportance.com\/?s={search_term_string}"},"query-input":{"@type":"PropertyValueSpecification","valueRequired":true,"valueName":"search_term_string"}}],"inLanguage":"cs"},{"@type":"Organization","@id":"https:\/\/agriportance.com\/#organization","name":"agriportance GmbH","url":"https:\/\/agriportance.com\/","logo":{"@type":"ImageObject","inLanguage":"cs","@id":"https:\/\/agriportance.com\/#\/schema\/logo\/image\/","url":"https:\/\/agriportance.com\/wp-content\/uploads\/2023\/05\/agriportance-logo.png","contentUrl":"https:\/\/agriportance.com\/wp-content\/uploads\/2023\/05\/agriportance-logo.png","width":701,"height":108,"caption":"agriportance GmbH"},"image":{"@id":"https:\/\/agriportance.com\/#\/schema\/logo\/image\/"},"sameAs":["https:\/\/www.facebook.com\/agriportance","https:\/\/x.com\/agriportance","https:\/\/de.linkedin.com\/company\/agriportance","https:\/\/www.instagram.com\/agriportance"]}]}},"_links":{"self":[{"href":"https:\/\/agriportance.com\/cs\/wp-json\/wp\/v2\/pages\/2519","targetHints":{"allow":["GET"]}}],"collection":[{"href":"https:\/\/agriportance.com\/cs\/wp-json\/wp\/v2\/pages"}],"about":[{"href":"https:\/\/agriportance.com\/cs\/wp-json\/wp\/v2\/types\/page"}],"author":[{"embeddable":true,"href":"https:\/\/agriportance.com\/cs\/wp-json\/wp\/v2\/users\/2"}],"replies":[{"embeddable":true,"href":"https:\/\/agriportance.com\/cs\/wp-json\/wp\/v2\/comments?post=2519"}],"version-history":[{"count":22,"href":"https:\/\/agriportance.com\/cs\/wp-json\/wp\/v2\/pages\/2519\/revisions"}],"predecessor-version":[{"id":24944,"href":"https:\/\/agriportance.com\/cs\/wp-json\/wp\/v2\/pages\/2519\/revisions\/24944"}],"up":[{"embeddable":true,"href":"https:\/\/agriportance.com\/cs\/wp-json\/wp\/v2\/pages\/2256"}],"wp:attachment":[{"href":"https:\/\/agriportance.com\/cs\/wp-json\/wp\/v2\/media?parent=2519"}],"curies":[{"name":"wp","href":"https:\/\/api.w.org\/{rel}","templated":true}]}}