{"id":338,"date":"2023-05-15T08:50:40","date_gmt":"2023-05-15T08:50:40","guid":{"rendered":"https:\/\/dev.agriportance.com\/?page_id=338"},"modified":"2025-07-08T07:51:40","modified_gmt":"2025-07-08T07:51:40","slug":"spolecnost","status":"publish","type":"page","link":"https:\/\/agriportance.com\/cs\/unternehmen\/","title":{"rendered":"Spole\u010dnost"},"content":{"rendered":"<div id=\"cs-content\" class=\"cs-content\"><div class=\"x-section e338-e1 m9e-0 m9e-1 m9e-2 m9e-3\"><div class=\"x-row x-container max width e338-e2 m9e-h m9e-i m9e-m m9e-n\"><div class=\"x-row-inner\"><div class=\"x-col e338-e3 m9e-s m9e-t\"><div class=\"x-section e338-e4 m9e-0 m9e-1 m9e-3 m9e-4 m9e-5\"><div class=\"x-row x-container max width e338-e5 m9e-h m9e-i m9e-m m9e-o\"><div class=\"x-row-inner\"><div class=\"x-col e338-e6 m9e-s m9e-t\"><nav class=\"x-crumbs e338-e7 m9e-w\" role=\"navigation\"><ol class=\"x-crumbs-list\" itemscope=\"\" itemtype=\"http:\/\/schema.org\/BreadcrumbList\" aria-label=\"Drobe\u010dkov\u00e1 navigace\"><li class=\"x-crumbs-list-item\" itemprop=\"itemListElement\" itemscope itemtype=\"http:\/\/schema.org\/ListItem\"><a class=\"x-crumbs-current x-crumbs-link\" itemtype=\"http:\/\/schema.org\/Thing\" itemprop=\"item\" href=\"https:\/\/agriportance.com\/cs\/\" title=\"Jste zde\"><span itemprop=\"name\"><i class=\"x-icon\" aria-hidden=\"true\" data-x-icon-s=\"&#xf015;\"><\/i><span class=\"visually-hidden\">agriportance<\/span><\/span><\/a><meta itemprop=\"position\" content=\"1\"><\/li><\/ol><\/nav><\/div><\/div><\/div><\/div><\/div><\/div><\/div><\/div><div class=\"x-section e338-e8 m9e-0 m9e-1 m9e-4 m9e-6 m9e-7 m9e-8\"><div class=\"x-container max width e338-e9 m9e-x m9e-y\"><div class=\"x-column x-sm x-1-1 e338-e10 m9e-10 m9e-11\"><div class=\"x-text x-text-headline e338-e11 m9e-1e m9e-1f m9e-1g m9e-1h m9e-1i m9e-1j m9e-1k m9e-1l m9e-1m m9e-1n\"><div class=\"x-text-content\"><div class=\"x-text-content-text\"><h1 class=\"x-text-content-text-primary\">agriportance - v\u00edce energie pro udr\u017eitelnost<\/h1>\n<\/div><\/div><\/div><\/div><\/div><div class=\"x-container max width e338-e12 m9e-x m9e-y\"><div class=\"x-column x-sm x-3-5 e338-e13 m9e-10 m9e-11 m9e-12 m9e-13\"><div class=\"x-bg\" aria-hidden=\"true\"><div class=\"x-bg-layer-upper-image\" data-x-element-bg-layer=\"{&quot;parallaxSize&quot;:&quot;120%&quot;,&quot;parallaxDir&quot;:&quot;v&quot;,&quot;parallaxRev&quot;:true}\"><\/div><\/div><hr class=\"x-line e338-e14 m9e-1y\"\/><\/div><div class=\"x-column x-sm x-2-5 e338-e15 m9e-10 m9e-14 m9e-15 m9e-16\"><div class=\"x-text x-text-headline e338-e16 m9e-1g m9e-1h m9e-1i m9e-1m m9e-1o m9e-1p m9e-1q m9e-1r\"><div class=\"x-text-content\"><div class=\"x-text-content-text\"><p class=\"x-text-content-text-subheadline\">\u017divotn\u00ed prost\u0159ed\u00ed je n\u00e1m bl\u00edzk\u00e9<\/p>\n<div class=\"x-text-content-text-primary\">L\u00e1ska k udr\u017eitelnosti se stala podnikatelsk\u00fdm n\u00e1padem<\/div><\/div><\/div><\/div><div class=\"x-text x-content e338-e17 m9e-1z m9e-20 m9e-21\">Vize v\u011bt\u0161\u00ed ochrany klimatu v zem\u011bd\u011blstv\u00ed dala vzniknout obchodn\u00edmu n\u00e1padu, kter\u00fd udr\u017eiteln\u011b posiluje energetickou transformaci v odv\u011btv\u00ed paliv.<\/div><\/div><\/div><\/div><div class=\"x-section e338-e18 m9e-0 m9e-1 m9e-8 m9e-9 m9e-a\"><div class=\"x-row e338-e19 m9e-h m9e-j m9e-k m9e-p repro-product-tables-outer-row\"><div class=\"x-row-inner\"><div class=\"x-col e338-e20 m9e-s m9e-u\"><div class=\"x-row e338-e21 m9e-h m9e-j m9e-l m9e-q\"><div class=\"x-row-inner\"><div class=\"x-col e338-e22 m9e-s m9e-t m9e-v\"><div class=\"x-text x-text-headline e338-e23 m9e-1f m9e-1g m9e-1h m9e-1i m9e-1j m9e-1q m9e-1r m9e-1s\"><div class=\"x-text-content\"><div class=\"x-text-content-text\"><h2 class=\"x-text-content-text-primary\">Agriportance spole\u010dnosti.<\/h2>\n<\/div><\/div><\/div><div class=\"x-text x-content e338-e24 m9e-20 m9e-22\"><p>S n\u00e1mi z\u00edsk\u00e1te rozumn\u00e9 a spolehliv\u00e9 poradenstv\u00ed a optimalizaci, abyste dos\u00e1hli nejlep\u0161\u00edho v\u00fdsledku pro sv\u016fj projekt. Prost\u0159ednictv\u00edm na\u0161\u00ed s\u00edt\u011b jsme schopni zprost\u0159edkovat biometan a LCO2 lukrativn\u011b jak pro z\u00e1kazn\u00edky, tak pro v\u00fdrobce. Krom\u011b toho v\u00e1m na\u0161e slu\u017eby a n\u00e1stroje nab\u00edzej\u00ed na m\u00edru \u0161it\u00e1 \u0159e\u0161en\u00ed, kter\u00e1 v\u00e1s efektivn\u011b podpo\u0159\u00ed nap\u0159\u00edklad p\u0159i certifikaci udr\u017eitelnosti.<\/p>\n<p>90% z na\u0161eho t\u00fdmu m\u00e1 zem\u011bd\u011blsk\u00e9 vzd\u011bl\u00e1n\u00ed a na\u0161el z\u00e1libu v agrobyznysu. Zn\u00e1me trh a p\u0159ed\u00e1v\u00e1me v\u00e1m sv\u00e9 zku\u0161enosti.<\/p>\n<p>Nev\u00e1hejte n\u00e1m zavolat nebo napsat e-mail a my s v\u00e1mi p\u0159\u00edmo probereme, co pro v\u00e1s m\u016f\u017eeme ud\u011blat.<\/p><\/div><a class=\"x-anchor x-anchor-button has-graphic e338-e25 m9e-24 m9e-25 m9e-26 m9e-27\" tabindex=\"0\" href=\"https:\/\/share-eu1.hsforms.com\/1MaGDJFhJT4GBcpuq-pnsogf71x8\"><div class=\"x-anchor-content\"><span class=\"x-graphic\" aria-hidden=\"true\"><i class=\"x-icon x-graphic-child x-graphic-icon x-graphic-primary\" aria-hidden=\"true\" data-x-icon-s=\"&#xf101;\"><\/i><\/span><div class=\"x-anchor-text\"><span class=\"x-anchor-text-primary\">Kontakt<\/span><\/div><\/div><\/a><\/div><\/div><\/div><\/div><\/div><\/div><\/div><div class=\"x-section e338-e26 m9e-0 m9e-1 m9e-8 m9e-a m9e-b\"><div class=\"x-container e338-e27 m9e-x m9e-y\"><div class=\"x-column x-sm x-1-1 e338-e28 m9e-10 m9e-11\"><a class=\"x-anchor x-anchor-button has-graphic e338-e29 m9e-26 m9e-27 m9e-28 m9e-29 m9e-2a\" tabindex=\"0\" href=\"https:\/\/share-eu1.hsforms.com\/1npfZKCtTTi2QkSHl68Lvowf71x8\" target=\"_blank\" rel=\"noopener noreferrer\"><div class=\"x-anchor-content\"><span class=\"x-graphic\" aria-hidden=\"true\"><i class=\"x-icon x-graphic-child x-graphic-icon x-graphic-primary\" aria-hidden=\"true\" data-x-icon-s=\"&#xf105;\"><\/i><i class=\"x-icon x-graphic-child x-graphic-icon x-graphic-secondary\" aria-hidden=\"true\" data-x-icon-s=\"&#xf101;\"><\/i><\/span><div class=\"x-anchor-text\"><span class=\"x-anchor-text-primary\" data-x-single-anim=\"x-scale-up\">P\u0159ihlaste se k odb\u011bru newsletteru<\/span><\/div><\/div><\/a><\/div><\/div><\/div><div class=\"x-section e338-e30 m9e-0 m9e-1 m9e-7 m9e-8 m9e-c m9e-d\"><div class=\"x-container max width e338-e31 m9e-x m9e-y\"><div class=\"x-column x-sm x-1-2 e338-e32 m9e-10 m9e-13 m9e-15 m9e-16 m9e-17 m9e-18\"><div class=\"x-bg\" aria-hidden=\"true\"><div class=\"x-bg-layer-upper-image\" data-x-element-bg-layer=\"{&quot;parallaxSize&quot;:&quot;120%&quot;,&quot;parallaxDir&quot;:&quot;v&quot;,&quot;parallaxRev&quot;:true}\"><\/div><\/div><div class=\"x-text x-text-headline e338-e33 m9e-1h m9e-1k m9e-1m m9e-1p m9e-1r m9e-1t m9e-1u\"><div class=\"x-text-content\"><div class=\"x-text-content-text\"><p class=\"x-text-content-text-subheadline\">Informativn\u00ed<\/p>\n<h3 class=\"x-text-content-text-primary\">Klikn\u011bte zde pro na\u0161e akce<\/h3><\/div><\/div><\/div><a class=\"x-anchor x-anchor-button has-graphic e338-e34 m9e-25 m9e-26 m9e-29 m9e-2b m9e-2c\" tabindex=\"0\" href=\"https:\/\/agriportance.com\/cs\/spolecnost\/udalosti\/\" target=\"_blank\" rel=\"noopener noreferrer\"><div class=\"x-anchor-content\"><span class=\"x-graphic\" aria-hidden=\"true\"><i class=\"x-icon x-graphic-child x-graphic-icon x-graphic-primary\" aria-hidden=\"true\" data-x-icon-s=\"&#xf105;\"><\/i><i class=\"x-icon x-graphic-child x-graphic-icon x-graphic-secondary\" aria-hidden=\"true\" data-x-icon-s=\"&#xf101;\"><\/i><\/span><\/div><\/a><\/div><div class=\"x-column x-sm x-1-2 e338-e35 m9e-10 m9e-13 m9e-15 m9e-16 m9e-17 m9e-19\"><div class=\"x-bg\" aria-hidden=\"true\"><div class=\"x-bg-layer-upper-image\" data-x-element-bg-layer=\"{&quot;parallaxSize&quot;:&quot;120%&quot;,&quot;parallaxDir&quot;:&quot;v&quot;,&quot;parallaxRev&quot;:true}\"><\/div><\/div><div class=\"x-text x-text-headline e338-e36 m9e-1h m9e-1k m9e-1m m9e-1p m9e-1r m9e-1t m9e-1u\"><div class=\"x-text-content\"><div class=\"x-text-content-text\"><p class=\"x-text-content-text-subheadline\">Historie zalo\u017een\u00ed<\/p>\n<h3 class=\"x-text-content-text-primary\">Jednodu\u0161eji: digitalizovat procesy a podporovat obnoviteln\u00e9 zdroje energie.<\/h3><\/div><\/div><\/div><a class=\"x-anchor x-anchor-button has-graphic e338-e37 m9e-25 m9e-26 m9e-29 m9e-2b m9e-2c\" tabindex=\"0\" href=\"https:\/\/agriportance.com\/cs\/blog\/agriportance-pribeh-mlade-spolecnosti-ktera-ovlivnuje-prechod-k-energetice\/\" target=\"_blank\" rel=\"noopener noreferrer\"><div class=\"x-anchor-content\"><span class=\"x-graphic\" aria-hidden=\"true\"><i class=\"x-icon x-graphic-child x-graphic-icon x-graphic-primary\" aria-hidden=\"true\" data-x-icon-s=\"&#xf105;\"><\/i><i class=\"x-icon x-graphic-child x-graphic-icon x-graphic-secondary\" aria-hidden=\"true\" data-x-icon-s=\"&#xf101;\"><\/i><\/span><\/div><\/a><\/div><\/div><\/div><div class=\"x-section e338-e38 m9e-0 m9e-3 m9e-e\"><div class=\"x-row x-container max width e338-e39 m9e-h m9e-i m9e-m m9e-r\"><div class=\"x-row-inner\"><div class=\"x-col e338-e40 m9e-s m9e-t\"><span class=\"x-image e338-e41 m9e-2e m9e-2f m9e-2g\"><img decoding=\"async\" src=\"https:\/\/agriportance.com\/wp-content\/uploads\/2025\/07\/first-climate-co2.png\" width=\"353\" height=\"500\" alt=\"Obr\u00e1zek\"><\/span><\/div><div class=\"x-col e338-e42 m9e-s m9e-t\"><div class=\"x-text x-text-headline e338-e43 m9e-1h m9e-1i m9e-1j m9e-1k m9e-1l m9e-1m m9e-1n m9e-1t m9e-1v\"><div class=\"x-text-content\"><div class=\"x-text-content-text\"><h3 class=\"x-text-content-text-primary\"><span style=\"color: #ffffff;\"><span style=\"color: #000000;\">My\u00a0 \u00a0 \u00a0 <\/span><\/span><span style=\"color: #ffffff;\"><span style=\"color: #000000;\">\u00a0 \u00a0 \u00a0 \u00a0 \u00a0<\/span><\/span><span style=\"color: #ffffff;\"><span style=\"color: #000000;\">jsou\u00a0 \u00a0 \u00a0 \u00a0 \u00a0<\/span><\/span><span style=\"color: #ffffff;\"><span style=\"color: #000000;\">\u00a0<\/span><\/span><span style=\"color: #ffffff;\"><span style=\"color: #000000;\"><span style=\"color: #339966;\">zelen\u00e1<\/span><\/span><\/span><\/h3>\n<\/div><\/div><\/div><\/div><\/div><\/div><\/div><div class=\"x-text x-text-headline e338-e44 m9e-1h m9e-1i m9e-1j m9e-1k m9e-1l m9e-1m m9e-1t m9e-1v m9e-1w\"><div class=\"x-text-content\"><div class=\"x-text-content-text\"><h2 class=\"x-text-content-text-primary\"><span style=\"color: #ffffff;\">T\u00fdm<\/span><\/h2>\n<\/div><\/div><\/div><div class=\"x-section e338-e45 m9e-0 m9e-1 m9e-8 m9e-f m9e-g\"><div class=\"x-bg\" aria-hidden=\"true\"><div class=\"x-bg-layer-lower-color\"><\/div><div class=\"x-bg-layer-upper-image\" data-x-element-bg-layer=\"{&quot;parallaxSize&quot;:&quot;120%&quot;,&quot;parallaxDir&quot;:&quot;v&quot;,&quot;parallaxRev&quot;:true}\"><\/div><\/div><div class=\"x-container max width e338-e46 m9e-y m9e-z\"><div class=\"x-column x-sm x-2-3 e338-e47 m9e-10 m9e-11\">&nbsp;<\/div><div class=\"x-column x-sm x-1-3 e338-e48 m9e-10 m9e-11\"><a class=\"x-anchor x-anchor-button has-graphic e338-e49 m9e-26 m9e-27 m9e-29 m9e-2a m9e-2b m9e-2d\" tabindex=\"0\" href=\"https:\/\/agriportance.com\/cs\/spolecnost\/tym-agriportance-2\/\" target=\"_blank\" rel=\"noopener noreferrer\"><div class=\"x-anchor-content\"><span class=\"x-graphic\" aria-hidden=\"true\"><i class=\"x-icon x-graphic-child x-graphic-icon x-graphic-primary\" aria-hidden=\"true\" data-x-icon-s=\"&#xf105;\"><\/i><i class=\"x-icon x-graphic-child x-graphic-icon x-graphic-secondary\" aria-hidden=\"true\" data-x-icon-s=\"&#xf101;\"><\/i><\/span><div class=\"x-anchor-text\"><span class=\"x-anchor-text-primary\">Seznamte se s n\u00e1mi<\/span><\/div><\/div><\/a><\/div><\/div><\/div><div class=\"x-section e338-e50 m9e-0 m9e-1 m9e-7 m9e-8 m9e-c m9e-g\"><div class=\"x-container max width e338-e51 m9e-x m9e-y\"><div class=\"x-column x-sm x-1-1 e338-e52 m9e-10 m9e-16 m9e-1a\"><div class=\"x-text x-text-headline e338-e53 m9e-1f m9e-1g m9e-1h m9e-1i m9e-1k m9e-1l m9e-1n m9e-1v m9e-1x\"><div class=\"x-text-content\"><div class=\"x-text-content-text\"><h3 class=\"x-text-content-text-primary\">Siln\u00ed spole\u010dn\u011b!<\/h3>\n<\/div><\/div><\/div><div class=\"x-text x-content e338-e54 m9e-20 m9e-21 m9e-23\"><h2>Jsme partne\u0159i:<\/h2><\/div><\/div><\/div><div class=\"x-container max width marginless-columns e338-e55 m9e-x m9e-y\"><div class=\"x-column x-sm x-1-4 e338-e56 m9e-10 m9e-14 m9e-1b m9e-1c\"><span class=\"x-image e338-e57 m9e-2e m9e-2f m9e-2h\"><img decoding=\"async\" src=\"https:\/\/agriportance.com\/wp-content\/uploads\/2023\/06\/1-stork.energy-logo-grau.webp\" width=\"189\" height=\"116\" alt=\"storch-energy\"><\/span><\/div><div class=\"x-column x-sm x-1-4 e338-e58 m9e-10 m9e-14 m9e-1b m9e-1d\"><span class=\"x-image e338-e59 m9e-2e m9e-2h m9e-2i m9e-2j\"><img decoding=\"async\" src=\"https:\/\/agriportance.com\/wp-content\/uploads\/2023\/06\/digital-hub-muensterland.webp\" width=\"170\" height=\"61\" alt=\"digitasl-hub-muensterland\"><\/span><\/div><div class=\"x-column x-sm x-1-4 e338-e60 m9e-10 m9e-14 m9e-1b m9e-1c\"><\/div><div class=\"x-column x-sm x-1-4 e338-e62 m9e-10 m9e-14 m9e-1b m9e-1d\"><span class=\"x-image e338-e63 m9e-2e m9e-2h m9e-2i m9e-2j\"><img decoding=\"async\" src=\"https:\/\/agriportance.com\/wp-content\/uploads\/2023\/06\/Logo_ProjectTogether_w600.webp\" width=\"300\" height=\"150\" alt=\"project-together\"><\/span><\/div><\/div><div class=\"x-container max width marginless-columns e338-e64 m9e-x m9e-y\"><div class=\"x-column x-sm x-1-4 e338-e65 m9e-10 m9e-14 m9e-1b m9e-1d\"><span class=\"x-image e338-e66 m9e-2e m9e-2h m9e-2i m9e-2j\"><img decoding=\"async\" src=\"https:\/\/agriportance.com\/wp-content\/uploads\/2023\/06\/Climate-Founders-Logo.webp\" width=\"367\" height=\"114\" alt=\"zakladatel\u00e9 klimatu\"><\/span><\/div><div class=\"x-column x-sm x-1-4 e338-e67 m9e-10 m9e-14 m9e-1b m9e-1c\"><span class=\"x-image e338-e68 m9e-2e m9e-2f m9e-2h\"><img decoding=\"async\" src=\"https:\/\/agriportance.com\/wp-content\/uploads\/2023\/06\/seedhouse_logo_greenblack_sign-768x432-1.png\" width=\"384\" height=\"216\" alt=\"seedhouse\"><\/span><\/div><div class=\"x-column x-sm x-1-4 e338-e69 m9e-10 m9e-14 m9e-1b m9e-1d\"><span class=\"x-image e338-e70 m9e-2e m9e-2f m9e-2h\"><img decoding=\"async\" src=\"https:\/\/agriportance.com\/wp-content\/uploads\/2023\/06\/REACH_Logo_02.webp\" width=\"123\" height=\"94\" alt=\"reach-euregio-start-up-centre\"><\/span><\/div><div class=\"x-column x-sm x-1-4 e338-e71 m9e-10 m9e-14 m9e-1b m9e-1c\"><span class=\"x-image e338-e72 m9e-2e m9e-2h m9e-2j m9e-2k\"><img decoding=\"async\" src=\"https:\/\/agriportance.com\/wp-content\/uploads\/2023\/06\/gruendergarage-muenster-logo.png\" width=\"153\" height=\"44\" alt=\"gruendergarage-muenster-logo\"><\/span><\/div><\/div><\/div><\/div>","protected":false},"excerpt":{"rendered":"<p>agriportanceagriportance - s v\u011bt\u0161\u00ed energi\u00ed do udr\u017eitelnosti \u017divotn\u00ed prost\u0159ed\u00ed n\u00e1m le\u017e\u00ed na srdci Podnikatelsk\u00fd n\u00e1pad se zrodil z l\u00e1sky k udr\u017eitelnostiPodnikatelsk\u00fd n\u00e1pad se zrodil z vize vn\u00e9st do zem\u011bd\u011blstv\u00ed v\u011bt\u0161\u00ed ochranu klimatu, kter\u00e1 udr\u017eiteln\u011b posiluje energetickou transformaci pro sektor paliv. agriportance. Poskytujeme v\u00e1m solidn\u00ed a spolehliv\u00e9 poradenstv\u00ed a optimalizaci k dosa\u017een\u00ed nejlep\u0161\u00edho v\u00fdsledku.<\/p>","protected":false},"author":2,"featured_media":0,"parent":0,"menu_order":0,"comment_status":"closed","ping_status":"closed","template":"template-blank-4.php","meta":{"content-type":"","footnotes":""},"class_list":["post-338","page","type-page","status-publish","hentry","no-post-thumbnail"],"yoast_head":"<!-- This site is optimized with the Yoast SEO Premium plugin v27.3 (Yoast SEO v27.3) - https:\/\/yoast.com\/product\/yoast-seo-premium-wordpress\/ -->\n<title>agriportance. | Infos &amp; News zum Unternehmen<\/title>\n<meta name=\"description\" content=\"Sie m\u00f6chten mehr \u00fcber das Unternehmen agriportance erfahren? Folgend erhalten Sie Infos zu unserem Unternehmen. Jetzt mehr erfahren \u2705\" \/>\n<meta name=\"robots\" content=\"index, follow, max-snippet:-1, max-image-preview:large, max-video-preview:-1\" \/>\n<link rel=\"canonical\" href=\"https:\/\/agriportance.com\/cs\/spolecnost\/\" \/>\n<meta property=\"og:locale\" content=\"cs_CZ\" \/>\n<meta property=\"og:type\" content=\"article\" \/>\n<meta property=\"og:title\" content=\"Unternehmen\" \/>\n<meta property=\"og:description\" content=\"Sie m\u00f6chten mehr \u00fcber das Unternehmen agriportance erfahren? Folgend erhalten Sie Infos zu unserem Unternehmen. Jetzt mehr erfahren \u2705\" \/>\n<meta property=\"og:url\" content=\"https:\/\/agriportance.com\/cs\/spolecnost\/\" \/>\n<meta property=\"og:site_name\" content=\"agriportance GmbH\" \/>\n<meta property=\"article:publisher\" content=\"https:\/\/www.facebook.com\/agriportance\" \/>\n<meta property=\"article:modified_time\" content=\"2025-07-08T07:51:40+00:00\" \/>\n<meta name=\"twitter:card\" content=\"summary_large_image\" \/>\n<meta name=\"twitter:site\" content=\"@agriportance\" \/>\n<meta name=\"twitter:label1\" content=\"Odhadovan\u00e1 doba \u010dten\u00ed\" \/>\n\t<meta name=\"twitter:data1\" content=\"2 minuty\" \/>\n<script type=\"application\/ld+json\" class=\"yoast-schema-graph\">{\"@context\":\"https:\\\/\\\/schema.org\",\"@graph\":[{\"@type\":\"WebPage\",\"@id\":\"https:\\\/\\\/agriportance.com\\\/de\\\/unternehmen\\\/\",\"url\":\"https:\\\/\\\/agriportance.com\\\/de\\\/unternehmen\\\/\",\"name\":\"agriportance. | Infos & News zum Unternehmen\",\"isPartOf\":{\"@id\":\"https:\\\/\\\/agriportance.com\\\/#website\"},\"datePublished\":\"2023-05-15T08:50:40+00:00\",\"dateModified\":\"2025-07-08T07:51:40+00:00\",\"description\":\"Sie m\u00f6chten mehr \u00fcber das Unternehmen agriportance erfahren? Folgend erhalten Sie Infos zu unserem Unternehmen. Jetzt mehr erfahren \u2705\",\"breadcrumb\":{\"@id\":\"https:\\\/\\\/agriportance.com\\\/de\\\/unternehmen\\\/#breadcrumb\"},\"inLanguage\":\"cs\",\"potentialAction\":[{\"@type\":\"ReadAction\",\"target\":[\"https:\\\/\\\/agriportance.com\\\/de\\\/unternehmen\\\/\"]}]},{\"@type\":\"BreadcrumbList\",\"@id\":\"https:\\\/\\\/agriportance.com\\\/de\\\/unternehmen\\\/#breadcrumb\",\"itemListElement\":[{\"@type\":\"ListItem\",\"position\":1,\"name\":\"Startseite\",\"item\":\"https:\\\/\\\/agriportance.com\\\/de\\\/\"},{\"@type\":\"ListItem\",\"position\":2,\"name\":\"Unternehmen\"}]},{\"@type\":\"WebSite\",\"@id\":\"https:\\\/\\\/agriportance.com\\\/#website\",\"url\":\"https:\\\/\\\/agriportance.com\\\/\",\"name\":\"agriportance\",\"description\":\"Informationen und Dienstleistungen zu Biomethan und LCO2\",\"publisher\":{\"@id\":\"https:\\\/\\\/agriportance.com\\\/#organization\"},\"potentialAction\":[{\"@type\":\"SearchAction\",\"target\":{\"@type\":\"EntryPoint\",\"urlTemplate\":\"https:\\\/\\\/agriportance.com\\\/?s={search_term_string}\"},\"query-input\":{\"@type\":\"PropertyValueSpecification\",\"valueRequired\":true,\"valueName\":\"search_term_string\"}}],\"inLanguage\":\"cs\"},{\"@type\":\"Organization\",\"@id\":\"https:\\\/\\\/agriportance.com\\\/#organization\",\"name\":\"agriportance GmbH\",\"url\":\"https:\\\/\\\/agriportance.com\\\/\",\"logo\":{\"@type\":\"ImageObject\",\"inLanguage\":\"cs\",\"@id\":\"https:\\\/\\\/agriportance.com\\\/#\\\/schema\\\/logo\\\/image\\\/\",\"url\":\"https:\\\/\\\/agriportance.com\\\/wp-content\\\/uploads\\\/2023\\\/05\\\/agriportance-logo.png\",\"contentUrl\":\"https:\\\/\\\/agriportance.com\\\/wp-content\\\/uploads\\\/2023\\\/05\\\/agriportance-logo.png\",\"width\":701,\"height\":108,\"caption\":\"agriportance GmbH\"},\"image\":{\"@id\":\"https:\\\/\\\/agriportance.com\\\/#\\\/schema\\\/logo\\\/image\\\/\"},\"sameAs\":[\"https:\\\/\\\/www.facebook.com\\\/agriportance\",\"https:\\\/\\\/x.com\\\/agriportance\",\"https:\\\/\\\/de.linkedin.com\\\/company\\\/agriportance\",\"https:\\\/\\\/www.instagram.com\\\/agriportance\"]}]}<\/script>\n<!-- \/ Yoast SEO Premium plugin. -->","yoast_head_json":{"title":"agriportance. | Informace a novinky o spole\u010dnosti","description":"Chcete se dozv\u011bd\u011bt v\u00edce o agriportance? N\u00ed\u017ee naleznete informace o na\u0161\u00ed spole\u010dnosti. Zjist\u011bte v\u00edce informac\u00ed \u2705","robots":{"index":"index","follow":"follow","max-snippet":"max-snippet:-1","max-image-preview":"max-image-preview:large","max-video-preview":"max-video-preview:-1"},"canonical":"https:\/\/agriportance.com\/cs\/spolecnost\/","og_locale":"cs_CZ","og_type":"article","og_title":"Unternehmen","og_description":"Sie m\u00f6chten mehr \u00fcber das Unternehmen agriportance erfahren? Folgend erhalten Sie Infos zu unserem Unternehmen. Jetzt mehr erfahren \u2705","og_url":"https:\/\/agriportance.com\/cs\/spolecnost\/","og_site_name":"agriportance GmbH","article_publisher":"https:\/\/www.facebook.com\/agriportance","article_modified_time":"2025-07-08T07:51:40+00:00","twitter_card":"summary_large_image","twitter_site":"@agriportance","twitter_misc":{"Odhadovan\u00e1 doba \u010dten\u00ed":"2 minuty"},"schema":{"@context":"https:\/\/schema.org","@graph":[{"@type":"WebPage","@id":"https:\/\/agriportance.com\/de\/unternehmen\/","url":"https:\/\/agriportance.com\/de\/unternehmen\/","name":"agriportance. | Informace a novinky o spole\u010dnosti","isPartOf":{"@id":"https:\/\/agriportance.com\/#website"},"datePublished":"2023-05-15T08:50:40+00:00","dateModified":"2025-07-08T07:51:40+00:00","description":"Chcete se dozv\u011bd\u011bt v\u00edce o agriportance? N\u00ed\u017ee naleznete informace o na\u0161\u00ed spole\u010dnosti. Zjist\u011bte v\u00edce informac\u00ed \u2705","breadcrumb":{"@id":"https:\/\/agriportance.com\/de\/unternehmen\/#breadcrumb"},"inLanguage":"cs","potentialAction":[{"@type":"ReadAction","target":["https:\/\/agriportance.com\/de\/unternehmen\/"]}]},{"@type":"BreadcrumbList","@id":"https:\/\/agriportance.com\/de\/unternehmen\/#breadcrumb","itemListElement":[{"@type":"ListItem","position":1,"name":"Startseite","item":"https:\/\/agriportance.com\/de\/"},{"@type":"ListItem","position":2,"name":"Unternehmen"}]},{"@type":"WebSite","@id":"https:\/\/agriportance.com\/#website","url":"https:\/\/agriportance.com\/","name":"agriportance","description":"Informace a slu\u017eby o biometanu a LCO2","publisher":{"@id":"https:\/\/agriportance.com\/#organization"},"potentialAction":[{"@type":"SearchAction","target":{"@type":"EntryPoint","urlTemplate":"https:\/\/agriportance.com\/?s={search_term_string}"},"query-input":{"@type":"PropertyValueSpecification","valueRequired":true,"valueName":"search_term_string"}}],"inLanguage":"cs"},{"@type":"Organization","@id":"https:\/\/agriportance.com\/#organization","name":"agriportance GmbH","url":"https:\/\/agriportance.com\/","logo":{"@type":"ImageObject","inLanguage":"cs","@id":"https:\/\/agriportance.com\/#\/schema\/logo\/image\/","url":"https:\/\/agriportance.com\/wp-content\/uploads\/2023\/05\/agriportance-logo.png","contentUrl":"https:\/\/agriportance.com\/wp-content\/uploads\/2023\/05\/agriportance-logo.png","width":701,"height":108,"caption":"agriportance GmbH"},"image":{"@id":"https:\/\/agriportance.com\/#\/schema\/logo\/image\/"},"sameAs":["https:\/\/www.facebook.com\/agriportance","https:\/\/x.com\/agriportance","https:\/\/de.linkedin.com\/company\/agriportance","https:\/\/www.instagram.com\/agriportance"]}]}},"_links":{"self":[{"href":"https:\/\/agriportance.com\/cs\/wp-json\/wp\/v2\/pages\/338","targetHints":{"allow":["GET"]}}],"collection":[{"href":"https:\/\/agriportance.com\/cs\/wp-json\/wp\/v2\/pages"}],"about":[{"href":"https:\/\/agriportance.com\/cs\/wp-json\/wp\/v2\/types\/page"}],"author":[{"embeddable":true,"href":"https:\/\/agriportance.com\/cs\/wp-json\/wp\/v2\/users\/2"}],"replies":[{"embeddable":true,"href":"https:\/\/agriportance.com\/cs\/wp-json\/wp\/v2\/comments?post=338"}],"version-history":[{"count":23,"href":"https:\/\/agriportance.com\/cs\/wp-json\/wp\/v2\/pages\/338\/revisions"}],"predecessor-version":[{"id":37540,"href":"https:\/\/agriportance.com\/cs\/wp-json\/wp\/v2\/pages\/338\/revisions\/37540"}],"wp:attachment":[{"href":"https:\/\/agriportance.com\/cs\/wp-json\/wp\/v2\/media?parent=338"}],"curies":[{"name":"wp","href":"https:\/\/api.w.org\/{rel}","templated":true}]}}