{"id":34789,"date":"2024-09-05T11:18:40","date_gmt":"2024-09-05T11:18:40","guid":{"rendered":"https:\/\/agriportance.com\/de\/?page_id=34789"},"modified":"2024-09-05T11:53:27","modified_gmt":"2024-09-05T11:53:27","slug":"reference-agriportance-marx-wahlen-agrar-gmbh","status":"publish","type":"page","link":"https:\/\/agriportance.com\/cs\/unternehmen\/referenzen\/referenz-agriportance-marx-wahlen-agrar-gmbh\/","title":{"rendered":"Referen\u010dn\u00ed agriportance | Marx &amp; Wahlen Agrat GmbH &amp; Co KG"},"content":{"rendered":"<div id=\"cs-content\" class=\"cs-content\"><div class=\"x-section e34789-e1 mqud-0 mqud-1 mqud-2 mqud-3 mqud-4 mqud-5\"><div class=\"x-row x-container max width e34789-e2 mqud-d mqud-e mqud-g mqud-h\"><div class=\"x-row-inner\"><div class=\"x-col e34789-e3 mqud-o mqud-p mqud-q\"><span class=\"x-image e34789-e4 mqud-s mqud-t\"><img decoding=\"async\" src=\"https:\/\/agriportance.com\/wp-content\/uploads\/2024\/09\/nicolas-marx-marx-wahlen-agrar-gmbh-co-kg.jpeg\" width=\"450\" height=\"600\" alt=\"Obr\u00e1zek\"><\/span><\/div><div class=\"x-col e34789-e5 mqud-o mqud-p\"><span class=\"x-image e34789-e6 mqud-s mqud-t\"><img decoding=\"async\" src=\"https:\/\/agriportance.com\/wp-content\/uploads\/2024\/09\/biogasanlage-schillingen-marx-wahlen-agrar-gmbh.jpg\" width=\"400\" height=\"300\" alt=\"Pohled z pta\u010d\u00ed perspektivy na bioplynovou stanici v Schillingenu spole\u010dnosti Marx &amp; Wahlen Agrar GmbH &amp; Co KG\"><\/span><span class=\"x-image e34789-e7 mqud-s mqud-u\"><img decoding=\"async\" src=\"https:\/\/agriportance.com\/wp-content\/uploads\/2024\/09\/referenz-marx-wahlen-agrar-gmbh-anlage.jpg\" width=\"400\" height=\"225\" alt=\"Obr\u00e1zek\"><\/span><\/div><\/div><\/div><\/div><div class=\"x-section e34789-e8 mqud-1 mqud-2 mqud-4 mqud-5 mqud-6 mqud-7\"><div class=\"x-row x-container max width e34789-e9 mqud-d mqud-e mqud-g mqud-i\"><div class=\"x-row-inner\"><div class=\"x-col e34789-e10 mqud-o mqud-p\"><div class=\"x-text x-text-headline e34789-e11 mqud-v mqud-w mqud-x mqud-y mqud-z mqud-10 mqud-11\"><div class=\"x-text-content\"><div class=\"x-text-content-text\"><h1 class=\"x-text-content-text-primary\">REFERENCE<\/h1>\n<\/div><\/div><\/div><div class=\"x-text x-text-headline e34789-e12 mqud-w mqud-z mqud-10 mqud-12 mqud-13 mqud-14 mqud-15 mqud-16 mqud-17\"><div class=\"x-text-content\"><div class=\"x-text-content-text\"><h2 class=\"x-text-content-text-primary\"><span class=\"OYPEnA font-feature-liga-off font-feature-clig-off font-feature-calt-off text-decoration-none text-strikethrough-none\">Zem\u011bd\u011blstv\u00ed Marx &amp; Wahlen<\/span><\/h2>\n<\/div><\/div><\/div><div class=\"x-text x-text-headline e34789-e13 mqud-v mqud-w mqud-z mqud-11 mqud-14 mqud-15 mqud-16 mqud-18\"><div class=\"x-text-content\"><div class=\"x-text-content-text\"><div class=\"x-text-content-text-primary\"><p>GmbH &amp; Co KG<\/p><\/div>\n<\/div><\/div><\/div><\/div><\/div><\/div><\/div><div class=\"x-section e34789-e14 mqud-0 mqud-1 mqud-2 mqud-5 mqud-8\"><div class=\"x-row x-container max width e34789-e15 mqud-d mqud-e mqud-g mqud-j\"><div class=\"x-row-inner\"><div class=\"x-col e34789-e16 mqud-o mqud-p\"><div class=\"x-section e34789-e17 mqud-0 mqud-1 mqud-2 mqud-9\"><div class=\"x-bg\" aria-hidden=\"true\"><div class=\"x-bg-layer-lower-image\" data-x-element-bg-layer=\"{&quot;parallaxSize&quot;:&quot;150%&quot;,&quot;parallaxDir&quot;:&quot;v&quot;,&quot;parallaxRev&quot;:false}\"><\/div><\/div><div class=\"x-row x-container max width e34789-e18 mqud-e mqud-f mqud-k\"><div class=\"x-row-inner\"><div class=\"x-col e34789-e19 mqud-o mqud-r\"><div class=\"x-text x-content e34789-e20 mqud-1c mqud-1d\"><span class=\"OYPEnA font-feature-liga-off font-feature-clig-off font-feature-calt-off text-decoration-none text-strikethrough-none\">\"Budeme se i nad\u00e1le spol\u00e9hat na slu\u017eby a software spole\u010dnosti agriportance, kter\u00e9 n\u00e1m sb\u011br pot\u0159ebn\u00fdch dat v\u00fdrazn\u011b usnad\u0148uj\u00ed.\"<\/span><\/div><div class=\"x-text x-text-headline e34789-e21 mqud-w mqud-x mqud-10 mqud-11 mqud-12 mqud-16 mqud-19 mqud-1a\"><div class=\"x-text-content\"><div class=\"x-text-content-text\"><h4 class=\"x-text-content-text-primary\"><span class=\"OYPEnA font-feature-liga-off font-feature-clig-off font-feature-calt-off text-decoration-none text-strikethrough-none\">Nicolas Marx<\/span><\/h4>\n<\/div><\/div><\/div><span class=\"x-image e34789-e22 mqud-s mqud-t\"><img decoding=\"async\" src=\"https:\/\/agriportance.com\/wp-content\/uploads\/2024\/09\/logo-marx-wahlen-agrar-gmbH.png\" width=\"250\" height=\"81\" alt=\"Obr\u00e1zek\"><\/span><div class=\"x-text x-text-headline e34789-e23 mqud-w mqud-10 mqud-11 mqud-12 mqud-14 mqud-16 mqud-19 mqud-1b\"><div class=\"x-text-content\"><div class=\"x-text-content-text\"><h4 class=\"x-text-content-text-primary\"><p class=\"p1\">Provozovatel za\u0159\u00edzen\u00ed v Schillingenu<\/p>\n<p class=\"p1\">Marx &amp; Wahlen Agrar GmbH &amp; Co. KG<\/p><\/h4>\n<\/div><\/div><\/div><\/div><\/div><\/div><\/div><\/div><div class=\"x-col e34789-e24 mqud-o mqud-p\"><div class=\"x-text x-content e34789-e25 mqud-1d mqud-1e mqud-1f\"><p class=\"p1\"><span class=\"s1\">Od roku 2004 je spole\u010dnost Marx &amp; Wahlen Agrar GmbH &amp; Co. KG provozuje bioplynov\u00e9 stanice na r\u016fzn\u00fdch m\u00edstech regionu. Od roku 2024 se zde mimo jin\u00e9 vyr\u00e1b\u00ed biometan, kter\u00fd se zpracov\u00e1v\u00e1 pomoc\u00ed membr\u00e1nov\u00e9ho procesu a dod\u00e1v\u00e1 do m\u00edstn\u00ed s\u00edt\u011b zemn\u00edho plynu.<\/span><\/p>\n<p class=\"p1\"><span class=\"s1\">Bioplynov\u00e9 stanice tak\u00e9 vyr\u00e1b\u011bj\u00ed elekt\u0159inu pro dod\u00e1vku do s\u00edt\u011b a pro vlastn\u00ed pot\u0159ebu - a tak\u00e9 teplo, kter\u00e9 prost\u0159ednictv\u00edm teplovodu z\u00e1sobuje n\u011bkolik ve\u0159ejn\u00fdch za\u0159\u00edzen\u00ed a soukrom\u00fdch dom\u00e1cnost\u00ed v okol\u00ed. Tato kombinace z\u00e1sobuje region elekt\u0159inou, teplem a biometanem z udr\u017eiteln\u00e9ho zdroje.<\/span><\/p><\/div><\/div><\/div><\/div><\/div><div class=\"x-section e34789-e26 mqud-0 mqud-1 mqud-2 mqud-5 mqud-a\"><div class=\"x-row x-container max width e34789-e27 mqud-d mqud-e mqud-g mqud-l\"><div class=\"x-row-inner\"><div class=\"x-col e34789-e28 mqud-o mqud-p\"><div class=\"x-text x-content e34789-e29 mqud-1d mqud-1e mqud-1g\"><p>\"agriportance n\u00e1m p\u0159edev\u0161\u00edm radila p\u0159i p\u0159echodu na zpracov\u00e1n\u00ed plynu v z\u00e1vod\u011b v Schillingenu a podpo\u0159ila n\u00e1s sv\u00fdm technick\u00fdm servisem, abychom nakonec u\u010dinili zadost palivov\u00e9mu sektoru v\u00fdpo\u010dtem kv\u00f3t sklen\u00edkov\u00fdch plyn\u016f a hmotnostn\u00edch bilanc\u00ed.<\/p>\n<p>Na slu\u017eby a software agriportance budeme spol\u00e9hat i v budoucnu, co\u017e n\u00e1m zna\u010dn\u011b usnad\u0148uje pr\u00e1ci p\u0159i sb\u011bru pot\u0159ebn\u00fdch \u00fadaj\u016f. Jsme p\u0159esv\u011bd\u010deni, \u017ee agriportance se neust\u00e1le vyv\u00edj\u00ed a jako mlad\u00fd a inovativn\u00ed t\u00fdm znamen\u00e1 pokrok v digitalizaci zem\u011bd\u011blstv\u00ed,\" \u0159\u00edk\u00e1 Nicolas Marx, provozovatel za\u0159\u00edzen\u00ed v Schillingenu, Marx &amp; Wahlen Agrar GmbH &amp; Co. KG<\/p><\/div><\/div><\/div><\/div><\/div><div class=\"x-section e34789-e30 mqud-0 mqud-1 mqud-4 mqud-5 mqud-7 mqud-b\"><div class=\"x-row x-container max width e34789-e31 mqud-d mqud-e mqud-g mqud-m\"><div class=\"x-row-inner\"><div class=\"x-col e34789-e32 mqud-o mqud-p\"><div class=\"x-text x-text-headline e34789-e33 mqud-w mqud-z mqud-10 mqud-12 mqud-13 mqud-14 mqud-15 mqud-16 mqud-17\"><div class=\"x-text-content\"><div class=\"x-text-content-text\"><div class=\"x-text-content-text-primary\"><span class=\"OYPEnA font-feature-liga-off font-feature-clig-off font-feature-calt-off text-decoration-none text-strikethrough-none\">Zem\u011bd\u011blstv\u00ed Marx &amp; Wahlen<\/span><\/div>\n<\/div><\/div><\/div><div class=\"x-text x-text-headline e34789-e34 mqud-v mqud-w mqud-z mqud-14 mqud-15 mqud-16 mqud-17 mqud-18\"><div class=\"x-text-content\"><div class=\"x-text-content-text\"><div class=\"x-text-content-text-primary\">GmbH &amp; Co KG<\/div>\n<\/div><\/div><\/div><\/div><\/div><\/div><\/div><div class=\"x-section e34789-e35 mqud-0 mqud-1 mqud-2 mqud-3 mqud-5 mqud-c\"><div class=\"x-row x-container max width e34789-e36 mqud-d mqud-e mqud-g mqud-n\"><div class=\"x-row-inner\"><div class=\"x-col e34789-e37 mqud-o mqud-p\"><span class=\"x-image e34789-e38 mqud-s mqud-t\"><img decoding=\"async\" src=\"https:\/\/agriportance.com\/wp-content\/uploads\/2024\/09\/biogasanlage-schillingen-marx-wahlen-agrar.jpg\" srcset=\"https:\/\/agriportance.com\/wp-content\/uploads\/2024\/09\/biogasanlage-schillingen-marx-wahlen-agrar.jpg 429w, https:\/\/agriportance.com\/wp-content\/uploads\/2024\/09\/biogasanlage-schillingen-marx-wahlen-agrar-216x300.jpg 216w, https:\/\/agriportance.com\/wp-content\/uploads\/2024\/09\/biogasanlage-schillingen-marx-wahlen-agrar-9x12.jpg 9w, https:\/\/agriportance.com\/wp-content\/uploads\/2024\/09\/biogasanlage-schillingen-marx-wahlen-agrar-100x139.jpg 100w\" sizes=\"(max-width: 429px) 100vw, 429px\" alt=\"Na obr\u00e1zku je bioplynov\u00e1 stanice v Schillingenu od spole\u010dnosti Marx &amp; Wahlen Agrar GmbH &amp; Co KG.\"><\/span><\/div><div class=\"x-col e34789-e39 mqud-o mqud-p\"><span class=\"x-image e34789-e40 mqud-s mqud-t\"><img decoding=\"async\" src=\"https:\/\/agriportance.com\/wp-content\/uploads\/2024\/09\/nicolas-marx-marx-wahlen-grar-gmbh.jpeg\" width=\"450\" height=\"600\" alt=\"Nicolas Marx, provozovatel za\u0159\u00edzen\u00ed v Schillingenu, Marx &amp; Wahlen Agrar GmbH &amp; Co. KG\"><\/span><\/div><\/div><\/div><\/div><\/div>","protected":false},"excerpt":{"rendered":"<p>REFERENCE Marx &amp; Wahlen Agrar GmbH &amp; Co KG \u201eI v budoucnu se budeme spol\u00e9hat na slu\u017eby a software spole\u010dnosti agriportance, kter\u00e9 n\u00e1m v\u00fdrazn\u011b usnad\u0148uj\u00ed sb\u011br pot\u0159ebn\u00fdch dat.\u201c Nicolas Marx Provozovatel za\u0159\u00edzen\u00ed v Schillingenu Marx &amp; Wahlen Agrar GmbH &amp; Co. KG Od roku 2004 je spole\u010dnost Marx &amp; Wahlen Agrar GmbH &amp; Co. KG provozuje bioplynov\u00e9 stanice na r\u016fzn\u00fdch m\u00edstech v \u010cesk\u00e9 republice, kde se v posledn\u00edch ...<\/p>","protected":false},"author":2,"featured_media":0,"parent":408,"menu_order":0,"comment_status":"closed","ping_status":"closed","template":"template-blank-4.php","meta":{"content-type":"","footnotes":""},"class_list":["post-34789","page","type-page","status-publish","hentry","no-post-thumbnail"],"yoast_head":"<!-- This site is optimized with the Yoast SEO Premium plugin v27.3 (Yoast SEO v27.3) - https:\/\/yoast.com\/product\/yoast-seo-premium-wordpress\/ -->\n<title>Referenz agriportance | Marx &amp; Wahlen Agrat GmbH &amp; Co KG - agriportance GmbH<\/title>\n<meta name=\"robots\" content=\"index, follow, max-snippet:-1, max-image-preview:large, max-video-preview:-1\" \/>\n<link rel=\"canonical\" href=\"https:\/\/agriportance.com\/cs\/spolecnost\/odkazy\/reference-agriportance-marx-wahlen-agrar-gmbh\/\" \/>\n<meta property=\"og:locale\" content=\"cs_CZ\" \/>\n<meta property=\"og:type\" content=\"article\" \/>\n<meta property=\"og:title\" content=\"Referenz agriportance | Marx &amp; Wahlen Agrat GmbH &amp; Co KG\" \/>\n<meta property=\"og:description\" content=\"REFERENZ Marx &amp; Wahlen Agrar GmbH &amp; Co KG \u201eWir vertrauen auch in Zukunft auf die Dienstleistungen und Software von agriportance, welche die Erfassung der notwendigen Daten erheblich erleichtert.\u201cNicolas Marx Betreiber der Anlagen Schillingen Marx &amp; Wahlen Agrar GmbH &amp; Co. KG Seit 2004 betreibt die Marx &amp; Wahlen Agrar GmbH &amp; Co. KG Biogasanlagen an verschiedenen Standorten in der ...\" \/>\n<meta property=\"og:url\" content=\"https:\/\/agriportance.com\/cs\/spolecnost\/odkazy\/reference-agriportance-marx-wahlen-agrar-gmbh\/\" \/>\n<meta property=\"og:site_name\" content=\"agriportance GmbH\" \/>\n<meta property=\"article:publisher\" content=\"https:\/\/www.facebook.com\/agriportance\" \/>\n<meta property=\"article:modified_time\" content=\"2024-09-05T11:53:27+00:00\" \/>\n<meta name=\"twitter:card\" content=\"summary_large_image\" \/>\n<meta name=\"twitter:site\" content=\"@agriportance\" \/>\n<meta name=\"twitter:label1\" content=\"Odhadovan\u00e1 doba \u010dten\u00ed\" \/>\n\t<meta name=\"twitter:data1\" content=\"3 minuty\" \/>\n<script type=\"application\/ld+json\" class=\"yoast-schema-graph\">{\"@context\":\"https:\\\/\\\/schema.org\",\"@graph\":[{\"@type\":\"WebPage\",\"@id\":\"https:\\\/\\\/agriportance.com\\\/de\\\/unternehmen\\\/referenzen\\\/referenz-agriportance-marx-wahlen-agrar-gmbh\\\/\",\"url\":\"https:\\\/\\\/agriportance.com\\\/de\\\/unternehmen\\\/referenzen\\\/referenz-agriportance-marx-wahlen-agrar-gmbh\\\/\",\"name\":\"Referenz agriportance | Marx & Wahlen Agrat GmbH & Co KG - agriportance GmbH\",\"isPartOf\":{\"@id\":\"https:\\\/\\\/agriportance.com\\\/#website\"},\"datePublished\":\"2024-09-05T11:18:40+00:00\",\"dateModified\":\"2024-09-05T11:53:27+00:00\",\"breadcrumb\":{\"@id\":\"https:\\\/\\\/agriportance.com\\\/de\\\/unternehmen\\\/referenzen\\\/referenz-agriportance-marx-wahlen-agrar-gmbh\\\/#breadcrumb\"},\"inLanguage\":\"cs\",\"potentialAction\":[{\"@type\":\"ReadAction\",\"target\":[\"https:\\\/\\\/agriportance.com\\\/de\\\/unternehmen\\\/referenzen\\\/referenz-agriportance-marx-wahlen-agrar-gmbh\\\/\"]}]},{\"@type\":\"BreadcrumbList\",\"@id\":\"https:\\\/\\\/agriportance.com\\\/de\\\/unternehmen\\\/referenzen\\\/referenz-agriportance-marx-wahlen-agrar-gmbh\\\/#breadcrumb\",\"itemListElement\":[{\"@type\":\"ListItem\",\"position\":1,\"name\":\"Startseite\",\"item\":\"https:\\\/\\\/agriportance.com\\\/de\\\/\"},{\"@type\":\"ListItem\",\"position\":2,\"name\":\"Unternehmen\",\"item\":\"https:\\\/\\\/agriportance.com\\\/de\\\/unternehmen\\\/\"},{\"@type\":\"ListItem\",\"position\":3,\"name\":\"Referenzen\",\"item\":\"https:\\\/\\\/agriportance.com\\\/de\\\/unternehmen\\\/referenzen\\\/\"},{\"@type\":\"ListItem\",\"position\":4,\"name\":\"Referenz agriportance | Marx &#038; Wahlen Agrat GmbH &#038; Co KG\"}]},{\"@type\":\"WebSite\",\"@id\":\"https:\\\/\\\/agriportance.com\\\/#website\",\"url\":\"https:\\\/\\\/agriportance.com\\\/\",\"name\":\"agriportance\",\"description\":\"Informationen und Dienstleistungen zu Biomethan und LCO2\",\"publisher\":{\"@id\":\"https:\\\/\\\/agriportance.com\\\/#organization\"},\"potentialAction\":[{\"@type\":\"SearchAction\",\"target\":{\"@type\":\"EntryPoint\",\"urlTemplate\":\"https:\\\/\\\/agriportance.com\\\/?s={search_term_string}\"},\"query-input\":{\"@type\":\"PropertyValueSpecification\",\"valueRequired\":true,\"valueName\":\"search_term_string\"}}],\"inLanguage\":\"cs\"},{\"@type\":\"Organization\",\"@id\":\"https:\\\/\\\/agriportance.com\\\/#organization\",\"name\":\"agriportance GmbH\",\"url\":\"https:\\\/\\\/agriportance.com\\\/\",\"logo\":{\"@type\":\"ImageObject\",\"inLanguage\":\"cs\",\"@id\":\"https:\\\/\\\/agriportance.com\\\/#\\\/schema\\\/logo\\\/image\\\/\",\"url\":\"https:\\\/\\\/agriportance.com\\\/wp-content\\\/uploads\\\/2023\\\/05\\\/agriportance-logo.png\",\"contentUrl\":\"https:\\\/\\\/agriportance.com\\\/wp-content\\\/uploads\\\/2023\\\/05\\\/agriportance-logo.png\",\"width\":701,\"height\":108,\"caption\":\"agriportance GmbH\"},\"image\":{\"@id\":\"https:\\\/\\\/agriportance.com\\\/#\\\/schema\\\/logo\\\/image\\\/\"},\"sameAs\":[\"https:\\\/\\\/www.facebook.com\\\/agriportance\",\"https:\\\/\\\/x.com\\\/agriportance\",\"https:\\\/\\\/de.linkedin.com\\\/company\\\/agriportance\",\"https:\\\/\\\/www.instagram.com\\\/agriportance\"]}]}<\/script>\n<!-- \/ Yoast SEO Premium plugin. -->","yoast_head_json":{"title":"Reference agriportance | Marx &amp; Wahlen Agrat GmbH &amp; Co KG - agriportance GmbH","robots":{"index":"index","follow":"follow","max-snippet":"max-snippet:-1","max-image-preview":"max-image-preview:large","max-video-preview":"max-video-preview:-1"},"canonical":"https:\/\/agriportance.com\/cs\/spolecnost\/odkazy\/reference-agriportance-marx-wahlen-agrar-gmbh\/","og_locale":"cs_CZ","og_type":"article","og_title":"Referenz agriportance | Marx & Wahlen Agrat GmbH & Co KG","og_description":"REFERENZ Marx &amp; Wahlen Agrar GmbH &amp; Co KG \u201eWir vertrauen auch in Zukunft auf die Dienstleistungen und Software von agriportance, welche die Erfassung der notwendigen Daten erheblich erleichtert.\u201cNicolas Marx Betreiber der Anlagen Schillingen Marx &amp; Wahlen Agrar GmbH &amp; Co. KG Seit 2004 betreibt die Marx &amp; Wahlen Agrar GmbH &amp; Co. KG Biogasanlagen an verschiedenen Standorten in der ...","og_url":"https:\/\/agriportance.com\/cs\/spolecnost\/odkazy\/reference-agriportance-marx-wahlen-agrar-gmbh\/","og_site_name":"agriportance GmbH","article_publisher":"https:\/\/www.facebook.com\/agriportance","article_modified_time":"2024-09-05T11:53:27+00:00","twitter_card":"summary_large_image","twitter_site":"@agriportance","twitter_misc":{"Odhadovan\u00e1 doba \u010dten\u00ed":"3 minuty"},"schema":{"@context":"https:\/\/schema.org","@graph":[{"@type":"WebPage","@id":"https:\/\/agriportance.com\/de\/unternehmen\/referenzen\/referenz-agriportance-marx-wahlen-agrar-gmbh\/","url":"https:\/\/agriportance.com\/de\/unternehmen\/referenzen\/referenz-agriportance-marx-wahlen-agrar-gmbh\/","name":"Reference agriportance | Marx &amp; Wahlen Agrat GmbH &amp; Co KG - agriportance GmbH","isPartOf":{"@id":"https:\/\/agriportance.com\/#website"},"datePublished":"2024-09-05T11:18:40+00:00","dateModified":"2024-09-05T11:53:27+00:00","breadcrumb":{"@id":"https:\/\/agriportance.com\/de\/unternehmen\/referenzen\/referenz-agriportance-marx-wahlen-agrar-gmbh\/#breadcrumb"},"inLanguage":"cs","potentialAction":[{"@type":"ReadAction","target":["https:\/\/agriportance.com\/de\/unternehmen\/referenzen\/referenz-agriportance-marx-wahlen-agrar-gmbh\/"]}]},{"@type":"BreadcrumbList","@id":"https:\/\/agriportance.com\/de\/unternehmen\/referenzen\/referenz-agriportance-marx-wahlen-agrar-gmbh\/#breadcrumb","itemListElement":[{"@type":"ListItem","position":1,"name":"Startseite","item":"https:\/\/agriportance.com\/de\/"},{"@type":"ListItem","position":2,"name":"Unternehmen","item":"https:\/\/agriportance.com\/de\/unternehmen\/"},{"@type":"ListItem","position":3,"name":"Referenzen","item":"https:\/\/agriportance.com\/de\/unternehmen\/referenzen\/"},{"@type":"ListItem","position":4,"name":"Referenz agriportance | Marx &#038; Wahlen Agrat GmbH &#038; Co KG"}]},{"@type":"WebSite","@id":"https:\/\/agriportance.com\/#website","url":"https:\/\/agriportance.com\/","name":"agriportance","description":"Informace a slu\u017eby o biometanu a LCO2","publisher":{"@id":"https:\/\/agriportance.com\/#organization"},"potentialAction":[{"@type":"SearchAction","target":{"@type":"EntryPoint","urlTemplate":"https:\/\/agriportance.com\/?s={search_term_string}"},"query-input":{"@type":"PropertyValueSpecification","valueRequired":true,"valueName":"search_term_string"}}],"inLanguage":"cs"},{"@type":"Organization","@id":"https:\/\/agriportance.com\/#organization","name":"agriportance GmbH","url":"https:\/\/agriportance.com\/","logo":{"@type":"ImageObject","inLanguage":"cs","@id":"https:\/\/agriportance.com\/#\/schema\/logo\/image\/","url":"https:\/\/agriportance.com\/wp-content\/uploads\/2023\/05\/agriportance-logo.png","contentUrl":"https:\/\/agriportance.com\/wp-content\/uploads\/2023\/05\/agriportance-logo.png","width":701,"height":108,"caption":"agriportance GmbH"},"image":{"@id":"https:\/\/agriportance.com\/#\/schema\/logo\/image\/"},"sameAs":["https:\/\/www.facebook.com\/agriportance","https:\/\/x.com\/agriportance","https:\/\/de.linkedin.com\/company\/agriportance","https:\/\/www.instagram.com\/agriportance"]}]}},"_links":{"self":[{"href":"https:\/\/agriportance.com\/cs\/wp-json\/wp\/v2\/pages\/34789","targetHints":{"allow":["GET"]}}],"collection":[{"href":"https:\/\/agriportance.com\/cs\/wp-json\/wp\/v2\/pages"}],"about":[{"href":"https:\/\/agriportance.com\/cs\/wp-json\/wp\/v2\/types\/page"}],"author":[{"embeddable":true,"href":"https:\/\/agriportance.com\/cs\/wp-json\/wp\/v2\/users\/2"}],"replies":[{"embeddable":true,"href":"https:\/\/agriportance.com\/cs\/wp-json\/wp\/v2\/comments?post=34789"}],"version-history":[{"count":9,"href":"https:\/\/agriportance.com\/cs\/wp-json\/wp\/v2\/pages\/34789\/revisions"}],"predecessor-version":[{"id":34805,"href":"https:\/\/agriportance.com\/cs\/wp-json\/wp\/v2\/pages\/34789\/revisions\/34805"}],"up":[{"embeddable":true,"href":"https:\/\/agriportance.com\/cs\/wp-json\/wp\/v2\/pages\/408"}],"wp:attachment":[{"href":"https:\/\/agriportance.com\/cs\/wp-json\/wp\/v2\/media?parent=34789"}],"curies":[{"name":"wp","href":"https:\/\/api.w.org\/{rel}","templated":true}]}}