{"id":36540,"date":"2025-03-20T14:15:55","date_gmt":"2025-03-20T14:15:55","guid":{"rendered":"https:\/\/agriportance.com\/de\/?page_id=36540"},"modified":"2026-04-08T08:33:13","modified_gmt":"2026-04-08T08:33:13","slug":"ceny-biometanu-dlouhodobe-smlouvy-o-dodavkach","status":"publish","type":"page","link":"https:\/\/agriportance.com\/cs\/preisentwicklung\/biomethan-entwicklung-preise\/biomethan-preise-langfristige-liefervertraege\/","title":{"rendered":"Ceny biometanu v dlouhodob\u00e9m horizontu"},"content":{"rendered":"<div id=\"cs-content\" class=\"cs-content\"><div class=\"x-section e36540-e1 ms70-0 ms70-1 ms70-2\"><div class=\"x-row x-container max width e36540-e2 ms70-9 ms70-a ms70-b ms70-f ms70-g\"><div class=\"x-row-inner\"><div class=\"x-col e36540-e3 ms70-p ms70-q\"><div class=\"x-text x-text-headline e36540-e4 ms70-u ms70-v ms70-w ms70-x ms70-y ms70-z\"><div class=\"x-text-content\"><div class=\"x-text-content-text\"><h1 class=\"x-text-content-text-primary\">Biomethanpreise f&uuml;r langfristige Liefervertr&auml;ge: Stabilit&auml;t und Planungssicherheit f&uuml;r Ihre Energieversorgung<\/h1>\n<\/div><\/div><\/div><\/div><\/div><\/div><\/div><div class=\"x-section e36540-e5 ms70-0 ms70-1 ms70-3\"><div class=\"x-row x-container max width e36540-e6 ms70-9 ms70-a ms70-b ms70-f ms70-h\"><div class=\"x-row-inner\"><div class=\"x-col e36540-e7 ms70-p ms70-q\"><span class=\"x-image e36540-e8 ms70-1a ms70-1b\"><img decoding=\"async\" src=\"https:\/\/agriportance.com\/wp-content\/uploads\/2025\/03\/biomethan-preise-langfristig.png\" srcset=\"https:\/\/agriportance.com\/wp-content\/uploads\/2025\/03\/biomethan-preise-langfristig.png 500w, https:\/\/agriportance.com\/wp-content\/uploads\/2025\/03\/biomethan-preise-langfristig-300x300.png 300w, https:\/\/agriportance.com\/wp-content\/uploads\/2025\/03\/biomethan-preise-langfristig-150x150.png 150w, https:\/\/agriportance.com\/wp-content\/uploads\/2025\/03\/biomethan-preise-langfristig-12x12.png 12w, https:\/\/agriportance.com\/wp-content\/uploads\/2025\/03\/biomethan-preise-langfristig-100x100.png 100w\" sizes=\"(max-width: 500px) 100vw, 500px\" alt=\"Image\"><\/span><\/div><div class=\"x-col e36540-e9 ms70-p ms70-q ms70-r\"><div class=\"x-row x-container max width e36540-e10 ms70-9 ms70-b ms70-c ms70-f ms70-i\"><div class=\"x-row-inner\"><div class=\"x-col e36540-e11 ms70-p ms70-q\"><div class=\"x-text x-content e36540-e12 ms70-1d ms70-1e ms70-1f ms70-1g ms70-1h ms70-1i ms70-1j ms70-1k\"><p class=\"p1\">Eine vorausschauende Beschaffung von Biomethan ist entscheidend f&uuml;r eine stabile und wirtschaftliche Energieversorgung. <b>Langfristige Liefervertr&auml;ge<\/b> bieten sowohl K&auml;ufern als auch Produzenten Planungssicherheit und erm&ouml;glichen eine verl&auml;ssliche Preisgestaltung &uuml;ber mehrere Jahre hinweg.<\/p><\/div><div class=\"x-text x-text-headline e36540-e13 ms70-v ms70-w ms70-y ms70-z ms70-10 ms70-11\"><div class=\"x-text-content\"><div class=\"x-text-content-text\"><h2 class=\"x-text-content-text-primary\">Was sind langfristige Liefervertr&auml;ge?<\/h2>\n<\/div><\/div><\/div><div class=\"x-text x-content e36540-e14 ms70-1d ms70-1e ms70-1f ms70-1g ms70-1h ms70-1i ms70-1j ms70-1k\"><p class=\"p1\">Bei <b>langfristigen Biomethan-Liefervertr&auml;gen<\/b> handelt es sich um vertraglich vereinbarte Liefermengen &uuml;ber einen festgelegten Zeitraum von mehreren Jahren. Diese Vertr&auml;ge bieten den Vorteil stabiler <b>Biomethanpreise<\/b>, wodurch der Einfluss von Marktschwankungen auf die langfristige Projektplanung minimiert wird. Insbesondere f&uuml;r Anlagen mit EEG-F&ouml;rderung oder spezifischen Nachhaltigkeitsanforderungen sind solche Abnahmevereinbarungen von gro&szlig;er Bedeutung.<\/p><\/div><\/div><\/div><\/div><\/div><\/div><\/div><\/div><div class=\"x-section e36540-e15 ms70-0 ms70-1 ms70-4\"><div class=\"x-row x-container max width e36540-e16 ms70-9 ms70-a ms70-b ms70-f ms70-j\"><div class=\"x-row-inner\"><div class=\"x-col e36540-e17 ms70-p ms70-r ms70-s\"><div class=\"x-text x-text-headline e36540-e18 ms70-v ms70-w ms70-y ms70-z ms70-11 ms70-12\"><div class=\"x-text-content\"><div class=\"x-text-content-text\"><h2 class=\"x-text-content-text-primary\">Regelm&auml;&szlig;ige Aktualisierung und Markttransparenz<\/h2>\n<\/div><\/div><\/div><div class=\"x-text x-content e36540-e19 ms70-1d ms70-1e ms70-1f ms70-1h ms70-1i ms70-1j ms70-1k ms70-1l\"><p class=\"p2\">Die Preisangaben werden regelm&auml;&szlig;ig aktualisiert, um Marktentwicklungen bestm&ouml;glich widerzuspiegeln. Unsere &Uuml;bersicht schafft Transparenz und erleichtert es Unternehmen, fundierte Entscheidungen zur langfristigen Beschaffung von Biomethan und dessen Preisen zu treffen.<\/p><\/div><\/div><\/div><\/div><\/div><div class=\"x-form-integration x-form-integration-embed e36540-e20 ms70-1u\"><!DOCTYPE html>\n<html lang=\"de\">\n<head>\n    <meta charset=\"UTF-8\">\n    <meta name=\"viewport\" content=\"width=device-width, initial-scale=1.0\">\n    <title>Preistabelle Biomethanpreise langfristig 6 Jahre<\/title>\n    <script src=\"https:\/\/cdn.jsdelivr.net\/npm\/chart.js\"><\/script>\n    <style>\n        body {\n            font-family: 'Poppins', sans-serif;\n            text-align: center;\n            margin: 20px;\n        }\n\n        #chartContainer {\n            position: relative;\n            max-width: 800px;\n            height: 400px;\n            margin: auto;\n        }\n\n        #logoOverlay {\n            position: absolute;\n            top: 50%;\n            left: 50%;\n            width: 50%;\n            opacity: 0.5;\n            transform: translate(-50%, -50%);\n            pointer-events: none;\n        }\n    <\/style>\n<\/head>\n<body>\n    <div id=\"chartContainer\">\n        <canvas id=\"priceChart\"><\/canvas>\n        <img decoding=\"async\" id=\"logoOverlay\" src=\"https:\/\/agriportance.com\/wp-content\/uploads\/2023\/09\/agriportance-logo.png\" alt=\"Logo\">\n    <\/div>\n\n    <script>\n        document.addEventListener(\"DOMContentLoaded\", function () {\n            const labels = [\n               \"Apr 23\", \"Mai 23\", \"Jun 23\", \"Jul 23\", \"Aug 23\", \"Sep 23\", \"Okt 23\", \"Nov 23\", \"Dez 23\", \"Jan 24\", \"Feb 24\", \"Mrz 24\", \"Apr 24\", \"Mai 24\", \"Jun 24\", \"Jul 24\", \"Aug 24\", \"Sep 24\", \"Okt 24\", \"Nov 24\", \"Dez 24\", \"Jan 25\", \"Feb 25\", \"Mrz 25\", \"Apr 25\", \"Mai 25\", \"Jun 25\", \"Jul 25\", \"Aug 25\", \"Sep 25\", \"Okt 25\", \"Nov 25\", \"Dez 25\",  \"Jan 26\", \"Feb 26\", \"Mrz 26\",  \"Apr 26\"\n            ];\n\n            const eegPrices = [\n                10.9, 10.7, 10.5, 10.3, 10.3, 10.1, 10, 9.9, 9.7, 9.7, 9.2, 9, 9, 8.9, 8.7, 8.7, 8.7, 8.7, 8.7, 8.7, 8.6, 8.9, 8.9, 8.9, 8.6, 8.5, 8.6, 8.6, 8.4, 8.2, 8.2, 7.9, 7.9, 7.8, 7.4, 7.7, 7.3\n            ];\n\n            const reststoffe = [\n                14, 14.3, 14.6, 13.5, 11.9, 10.2, 9.6, 9.6, 9.8, 9.8, 9.8, 9.7, 9.5, 9.5, 9.5, 9.3, 9.3, 8.9, 8.9, 9.1, 9.2, 9.5, 9.5, 9.3, 9.1, 8.6, 8.8, 8.5, 8.3, 8.0, 8.1, 8.1, 8.1, 8, 7.8, 7.6, 7.6\n            ];\n\n            const ctx = document.getElementById(\"priceChart\").getContext(\"2d\");\n\n            new Chart(ctx, {\n                type: \"line\",\n                data: {\n                    labels: labels,\n                    datasets: [\n                        {\n                            label: \"EEG price\",\n                            data: eegPrices,\n                            borderColor: \"#73ad59\",\n                            fill: false\n                        },\n                        {\n                            label: \"Waste and residue price\",\n                            data: reststoffe,\n                            borderColor: \"#000000\",\n                            fill: false\n                        }\n                    ]\n                },\n                options: {\n                    responsive: true,\n                    maintainAspectRatio: false,\n                    plugins: {\n                        legend: {\n                            display: true,\n                            position: \"top\"\n                        }\n                    },\n                    scales: {\n                        x: {\n                            display: true,\n                            title: {\n                                display: true,\n                                text: \"Month\/Year\"\n                            }\n                        },\n                        y: {\n                            display: true,\n                            title: {\n                                display: true,\n                                text: \"Price (ct\/kWh)\"\n                            },\n                            beginAtZero: false\n                        }\n                    }\n                }\n            });\n        });\n    <\/script>\n<\/body>\n<\/html>\n<\/div><div class=\"x-section e36540-e21 ms70-0 ms70-3 ms70-5\"><div class=\"x-row x-container max width e36540-e22 ms70-9 ms70-a ms70-b ms70-f ms70-k\"><div class=\"x-row-inner\"><div class=\"x-col e36540-e23 ms70-p ms70-q\"><div class=\"x-text x-content e36540-e24 ms70-1d ms70-1e ms70-1f ms70-1g ms70-1h ms70-1j ms70-1m\"><p>* Die auf dieser Seite dargestellten Preise f&uuml;r Biomethan dienen ausschlie&szlig;lich Informationszwecken und stellen weder ein verbindliches Angebot noch eine Garantie f&uuml;r die tats&auml;chliche Verf&uuml;gbarkeit oder Preisgestaltung dar. agriportance GmbH &uuml;bernimmt keine Haftung f&uuml;r die Richtigkeit, Vollst&auml;ndigkeit oder Aktualit&auml;t der Angaben. Jegliche Haftung f&uuml;r Sch&auml;den, die aus der Nutzung der bereitgestellten Informationen entstehen, wird im gesetzlich zul&auml;ssigen Umfang ausgeschlossen.<\/p><\/div><\/div><\/div><\/div><\/div><div class=\"x-section e36540-e25 ms70-0 ms70-4 ms70-6\"><div class=\"x-row x-container max width e36540-e26 ms70-9 ms70-a ms70-b ms70-f ms70-l\"><div class=\"x-row-inner\"><div class=\"x-col e36540-e27 ms70-p ms70-q\"><div class=\"x-text x-content e36540-e28 ms70-1d ms70-1e ms70-1j ms70-1n ms70-1o ms70-1p\"><p>Folgend finden Sie weitere Biomethanpreis-Charts:<\/p><\/div><div class=\"x-section e36540-e29 ms70-0 ms70-4 ms70-7\"><div class=\"x-row x-container max width e36540-e30 ms70-9 ms70-a ms70-b ms70-d ms70-f ms70-m\"><div class=\"x-row-inner\"><div class=\"x-col e36540-e31 ms70-p ms70-q\"><a class=\"x-anchor x-anchor-button e36540-e32 ms70-1v\" tabindex=\"0\" href=\"https:\/\/agriportance.com\/de\/preisentwicklung\/biomethan-entwicklung-preise\/biomethan-preise-year-ahead\/\" target=\"_blank\" rel=\"noopener noreferrer\"><div class=\"x-anchor-content\"><div class=\"x-anchor-text\"><span class=\"x-anchor-text-primary\">Biomethanpreise Year ahead<\/span><\/div><\/div><\/a><\/div><div class=\"x-col e36540-e33 ms70-p ms70-q\"><a class=\"x-anchor x-anchor-button e36540-e34 ms70-1v\" tabindex=\"0\" href=\"https:\/\/agriportance.com\/de\/preisentwicklung\/biomethan-entwicklung-preise\/biomethan-preise-spot\/\" target=\"_blank\" rel=\"noopener noreferrer\"><div class=\"x-anchor-content\"><div class=\"x-anchor-text\"><span class=\"x-anchor-text-primary\">Biomethanpreise Spot<\/span><\/div><\/div><\/a><\/div><\/div><\/div><\/div><\/div><\/div><\/div><\/div><div class=\"x-section e36540-e35 ms70-0 ms70-4 ms70-6 ms70-8\"><div class=\"x-row x-container max width e36540-e36 ms70-9 ms70-a ms70-b ms70-f ms70-n\"><div class=\"x-row-inner\"><div class=\"x-col e36540-e37 ms70-p ms70-q\"><div class=\"x-text x-text-headline e36540-e38 ms70-u ms70-v ms70-y ms70-13 ms70-14\"><div class=\"x-text-content\"><div class=\"x-text-content-text\"><h2 class=\"x-text-content-text-primary\"><b>Interesse an Biomethan?<\/b><\/h2>\n<\/div><\/div><\/div><div class=\"x-text x-content e36540-e39 ms70-1e ms70-1i ms70-1j ms70-1n ms70-1o ms70-1q\"><p class=\"p1\">Sie m&ouml;chten mehr &uuml;ber<b>&nbsp;langfristige Liefervertr&auml;ge<\/b> erfahren oder direkt Mengen anfragen? Kontaktieren Sie unser Team f&uuml;r eine individuelle Beratung.<\/p><\/div><div class=\"x-row e36540-e40 ms70-9 ms70-a ms70-e ms70-o\"><div class=\"x-row-inner\"><div class=\"x-col e36540-e41 ms70-p ms70-q\"><span class=\"x-image e36540-e42 ms70-1a ms70-1c\"><img decoding=\"async\" src=\"https:\/\/agriportance.com\/wp-content\/uploads\/2023\/10\/maximilian-becker-agriportance.jpg\" width=\"250\" height=\"324\" alt=\"maximilian-becker-agriportance\"><\/span><\/div><div class=\"x-col e36540-e43 ms70-p ms70-q ms70-t\"><div class=\"x-text x-text-headline e36540-e44 ms70-v ms70-z ms70-13 ms70-15 ms70-16\"><div class=\"x-text-content\"><div class=\"x-text-content-text\">\n<h2 class=\"x-text-content-text-primary\">Maximilian Becker<\/h2><\/div><\/div><\/div><div class=\"x-text x-content e36540-e45 ms70-1e ms70-1h ms70-1n ms70-1r ms70-1s\"><span data-teams=\"true\"><span class=\"ui-provider a b c d e f g h i j k l m n o p q r s t u v w x y z ab ac ae af ag ah ai aj ak\" dir=\"ltr\">Team-Leiter Vermittlung<\/span><\/span><\/div><div class=\"x-text x-content e36540-e46 ms70-1e ms70-1h ms70-1n ms70-1r ms70-1t\"><p><strong>agriportance. GmbH<\/strong><\/p>\n<p>Lippst&auml;dter Stra&szlig;e 54 | Businessdock Geb&auml;ude F |&nbsp; 48155 M&uuml;nster<\/p><\/div><div class=\"x-text x-text-headline has-graphic e36540-e47 ms70-v ms70-z ms70-13 ms70-16 ms70-17 ms70-18\"><div class=\"x-text-content\"><span class=\"x-graphic\" aria-hidden=\"true\"><i class=\"x-icon x-graphic-child x-graphic-icon x-graphic-primary\" aria-hidden=\"true\" data-x-icon-s=\"&#xf3ce;\"><\/i><\/span><div class=\"x-text-content-text\"><h5 class=\"x-text-content-text-primary\">+49 176 57915277<\/h5>\n<\/div><\/div><\/div><div class=\"x-text x-text-headline has-graphic e36540-e48 ms70-v ms70-z ms70-13 ms70-16 ms70-17 ms70-19\"><div class=\"x-text-content\"><span class=\"x-graphic\" aria-hidden=\"true\"><i class=\"x-icon x-graphic-child x-graphic-icon x-graphic-primary\" aria-hidden=\"true\" data-x-icon-s=\"&#xf0e0;\"><\/i><\/span><div class=\"x-text-content-text\"><h3 class=\"x-text-content-text-primary\"><a href=\"mailto:maximilian.becker@agriportance.com\">maximilian.becker@agriportance.com<\/a><\/h3>\n<\/div><\/div><\/div><\/div><\/div><\/div><\/div><\/div><\/div><\/div><\/div>\n","protected":false},"excerpt":{"rendered":"<p>Ceny biometanu pro dlouhodob\u00e9 smlouvy o dod\u00e1vk\u00e1ch: Pro stabiln\u00ed a hospod\u00e1rn\u00e9 z\u00e1sobov\u00e1n\u00ed energi\u00ed je rozhoduj\u00edc\u00ed v\u00fdhledov\u00fd n\u00e1kup biometanu. Dlouhodob\u00e9 smlouvy o dod\u00e1vk\u00e1ch nab\u00edzej\u00ed odb\u011bratel\u016fm i v\u00fdrobc\u016fm jistotu pl\u00e1nov\u00e1n\u00ed a umo\u017e\u0148uj\u00ed spolehliv\u00e9 stanoven\u00ed cen na n\u011bkolik let. co jsou to dlouhodob\u00e9 smlouvy o dod\u00e1vk\u00e1ch? Dlouhodob\u00e9 smlouvy o dod\u00e1vk\u00e1ch biometanu jsou smluvn\u011b dohodnut\u00e1 mno\u017estv\u00ed dod\u00e1vek na pevn\u011b stanoven\u00e9 obdob\u00ed n\u011bkolika let.<\/p>","protected":false},"author":2,"featured_media":0,"parent":1634,"menu_order":0,"comment_status":"closed","ping_status":"closed","template":"template-blank-4.php","meta":{"content-type":"","footnotes":""},"class_list":["post-36540","page","type-page","status-publish","hentry","no-post-thumbnail"],"yoast_head":"<!-- This site is optimized with the Yoast SEO Premium plugin v27.3 (Yoast SEO v27.3) - https:\/\/yoast.com\/product\/yoast-seo-premium-wordpress\/ -->\n<title>Biomethan Preise f\u00fcr langfristige Liefervertr\u00e4ge | agriportance<\/title>\n<meta name=\"description\" content=\"Erfahren Sie mehr \u00fcber die Preisentwicklung von Biomethan bei langfristigen Liefervertr\u00e4gen. Bleiben Sie auf dem Laufenden \u00fcber Trends &amp; Marktbedingungen.\" \/>\n<meta name=\"robots\" content=\"index, follow, max-snippet:-1, max-image-preview:large, max-video-preview:-1\" \/>\n<link rel=\"canonical\" href=\"https:\/\/agriportance.com\/cs\/nastroje\/ceny-za-vyvoj-biometanu\/ceny-biometanu-dlouhodobe-smlouvy-o-dodavkach\/\" \/>\n<meta property=\"og:locale\" content=\"cs_CZ\" \/>\n<meta property=\"og:type\" content=\"article\" \/>\n<meta property=\"og:title\" content=\"Biomethan Preise langfristig\" \/>\n<meta property=\"og:description\" content=\"Erfahren Sie mehr \u00fcber die Preisentwicklung von Biomethan bei langfristigen Liefervertr\u00e4gen. Bleiben Sie auf dem Laufenden \u00fcber Trends &amp; Marktbedingungen.\" \/>\n<meta property=\"og:url\" content=\"https:\/\/agriportance.com\/cs\/nastroje\/ceny-za-vyvoj-biometanu\/ceny-biometanu-dlouhodobe-smlouvy-o-dodavkach\/\" \/>\n<meta property=\"og:site_name\" content=\"agriportance GmbH\" \/>\n<meta property=\"article:publisher\" content=\"https:\/\/www.facebook.com\/agriportance\" \/>\n<meta property=\"article:modified_time\" content=\"2026-04-08T08:33:13+00:00\" \/>\n<meta name=\"twitter:card\" content=\"summary_large_image\" \/>\n<meta name=\"twitter:site\" content=\"@agriportance\" \/>\n<meta name=\"twitter:label1\" content=\"Odhadovan\u00e1 doba \u010dten\u00ed\" \/>\n\t<meta name=\"twitter:data1\" content=\"2 minuty\" \/>\n<script type=\"application\/ld+json\" class=\"yoast-schema-graph\">{\"@context\":\"https:\\\/\\\/schema.org\",\"@graph\":[{\"@type\":\"WebPage\",\"@id\":\"https:\\\/\\\/agriportance.com\\\/de\\\/preisentwicklung\\\/biomethan-entwicklung-preise\\\/biomethan-preise-langfristige-liefervertraege\\\/\",\"url\":\"https:\\\/\\\/agriportance.com\\\/de\\\/preisentwicklung\\\/biomethan-entwicklung-preise\\\/biomethan-preise-langfristige-liefervertraege\\\/\",\"name\":\"Biomethan Preise f\u00fcr langfristige Liefervertr\u00e4ge | agriportance\",\"isPartOf\":{\"@id\":\"https:\\\/\\\/agriportance.com\\\/#website\"},\"datePublished\":\"2025-03-20T14:15:55+00:00\",\"dateModified\":\"2026-04-08T08:33:13+00:00\",\"description\":\"Erfahren Sie mehr \u00fcber die Preisentwicklung von Biomethan bei langfristigen Liefervertr\u00e4gen. Bleiben Sie auf dem Laufenden \u00fcber Trends & Marktbedingungen.\",\"breadcrumb\":{\"@id\":\"https:\\\/\\\/agriportance.com\\\/de\\\/preisentwicklung\\\/biomethan-entwicklung-preise\\\/biomethan-preise-langfristige-liefervertraege\\\/#breadcrumb\"},\"inLanguage\":\"cs\",\"potentialAction\":[{\"@type\":\"ReadAction\",\"target\":[\"https:\\\/\\\/agriportance.com\\\/de\\\/preisentwicklung\\\/biomethan-entwicklung-preise\\\/biomethan-preise-langfristige-liefervertraege\\\/\"]}]},{\"@type\":\"BreadcrumbList\",\"@id\":\"https:\\\/\\\/agriportance.com\\\/de\\\/preisentwicklung\\\/biomethan-entwicklung-preise\\\/biomethan-preise-langfristige-liefervertraege\\\/#breadcrumb\",\"itemListElement\":[{\"@type\":\"ListItem\",\"position\":1,\"name\":\"Startseite\",\"item\":\"https:\\\/\\\/agriportance.com\\\/de\\\/\"},{\"@type\":\"ListItem\",\"position\":2,\"name\":\"Preisentwicklung\",\"item\":\"https:\\\/\\\/agriportance.com\\\/de\\\/preisentwicklung\\\/\"},{\"@type\":\"ListItem\",\"position\":3,\"name\":\"Biomethan Preise\",\"item\":\"https:\\\/\\\/agriportance.com\\\/de\\\/preisentwicklung\\\/biomethan-entwicklung-preise\\\/\"},{\"@type\":\"ListItem\",\"position\":4,\"name\":\"Biomethan Preise langfristig\"}]},{\"@type\":\"WebSite\",\"@id\":\"https:\\\/\\\/agriportance.com\\\/#website\",\"url\":\"https:\\\/\\\/agriportance.com\\\/\",\"name\":\"agriportance\",\"description\":\"Informationen und Dienstleistungen zu Biomethan und LCO2\",\"publisher\":{\"@id\":\"https:\\\/\\\/agriportance.com\\\/#organization\"},\"potentialAction\":[{\"@type\":\"SearchAction\",\"target\":{\"@type\":\"EntryPoint\",\"urlTemplate\":\"https:\\\/\\\/agriportance.com\\\/?s={search_term_string}\"},\"query-input\":{\"@type\":\"PropertyValueSpecification\",\"valueRequired\":true,\"valueName\":\"search_term_string\"}}],\"inLanguage\":\"cs\"},{\"@type\":\"Organization\",\"@id\":\"https:\\\/\\\/agriportance.com\\\/#organization\",\"name\":\"agriportance GmbH\",\"url\":\"https:\\\/\\\/agriportance.com\\\/\",\"logo\":{\"@type\":\"ImageObject\",\"inLanguage\":\"cs\",\"@id\":\"https:\\\/\\\/agriportance.com\\\/#\\\/schema\\\/logo\\\/image\\\/\",\"url\":\"https:\\\/\\\/agriportance.com\\\/wp-content\\\/uploads\\\/2023\\\/05\\\/agriportance-logo.png\",\"contentUrl\":\"https:\\\/\\\/agriportance.com\\\/wp-content\\\/uploads\\\/2023\\\/05\\\/agriportance-logo.png\",\"width\":701,\"height\":108,\"caption\":\"agriportance GmbH\"},\"image\":{\"@id\":\"https:\\\/\\\/agriportance.com\\\/#\\\/schema\\\/logo\\\/image\\\/\"},\"sameAs\":[\"https:\\\/\\\/www.facebook.com\\\/agriportance\",\"https:\\\/\\\/x.com\\\/agriportance\",\"https:\\\/\\\/de.linkedin.com\\\/company\\\/agriportance\",\"https:\\\/\\\/www.instagram.com\\\/agriportance\"]}]}<\/script>\n<!-- \/ Yoast SEO Premium plugin. -->","yoast_head_json":{"title":"Ceny biometanu pro dlouhodob\u00e9 smlouvy o dod\u00e1vk\u00e1ch | agriportance","description":"Zjist\u011bte v\u00edce o v\u00fdvoji cen biometanu pro dlouhodob\u00e9 smlouvy o dod\u00e1vk\u00e1ch. Z\u00edskejte aktu\u00e1ln\u00ed informace o trendech a podm\u00ednk\u00e1ch na trhu.","robots":{"index":"index","follow":"follow","max-snippet":"max-snippet:-1","max-image-preview":"max-image-preview:large","max-video-preview":"max-video-preview:-1"},"canonical":"https:\/\/agriportance.com\/cs\/nastroje\/ceny-za-vyvoj-biometanu\/ceny-biometanu-dlouhodobe-smlouvy-o-dodavkach\/","og_locale":"cs_CZ","og_type":"article","og_title":"Biomethan Preise langfristig","og_description":"Erfahren Sie mehr \u00fcber die Preisentwicklung von Biomethan bei langfristigen Liefervertr\u00e4gen. Bleiben Sie auf dem Laufenden \u00fcber Trends & Marktbedingungen.","og_url":"https:\/\/agriportance.com\/cs\/nastroje\/ceny-za-vyvoj-biometanu\/ceny-biometanu-dlouhodobe-smlouvy-o-dodavkach\/","og_site_name":"agriportance GmbH","article_publisher":"https:\/\/www.facebook.com\/agriportance","article_modified_time":"2026-04-08T08:33:13+00:00","twitter_card":"summary_large_image","twitter_site":"@agriportance","twitter_misc":{"Odhadovan\u00e1 doba \u010dten\u00ed":"2 minuty"},"schema":{"@context":"https:\/\/schema.org","@graph":[{"@type":"WebPage","@id":"https:\/\/agriportance.com\/de\/preisentwicklung\/biomethan-entwicklung-preise\/biomethan-preise-langfristige-liefervertraege\/","url":"https:\/\/agriportance.com\/de\/preisentwicklung\/biomethan-entwicklung-preise\/biomethan-preise-langfristige-liefervertraege\/","name":"Ceny biometanu pro dlouhodob\u00e9 smlouvy o dod\u00e1vk\u00e1ch | agriportance","isPartOf":{"@id":"https:\/\/agriportance.com\/#website"},"datePublished":"2025-03-20T14:15:55+00:00","dateModified":"2026-04-08T08:33:13+00:00","description":"Zjist\u011bte v\u00edce o v\u00fdvoji cen biometanu pro dlouhodob\u00e9 smlouvy o dod\u00e1vk\u00e1ch. Z\u00edskejte aktu\u00e1ln\u00ed informace o trendech a podm\u00ednk\u00e1ch na trhu.","breadcrumb":{"@id":"https:\/\/agriportance.com\/de\/preisentwicklung\/biomethan-entwicklung-preise\/biomethan-preise-langfristige-liefervertraege\/#breadcrumb"},"inLanguage":"cs","potentialAction":[{"@type":"ReadAction","target":["https:\/\/agriportance.com\/de\/preisentwicklung\/biomethan-entwicklung-preise\/biomethan-preise-langfristige-liefervertraege\/"]}]},{"@type":"BreadcrumbList","@id":"https:\/\/agriportance.com\/de\/preisentwicklung\/biomethan-entwicklung-preise\/biomethan-preise-langfristige-liefervertraege\/#breadcrumb","itemListElement":[{"@type":"ListItem","position":1,"name":"Startseite","item":"https:\/\/agriportance.com\/de\/"},{"@type":"ListItem","position":2,"name":"Preisentwicklung","item":"https:\/\/agriportance.com\/de\/preisentwicklung\/"},{"@type":"ListItem","position":3,"name":"Biomethan Preise","item":"https:\/\/agriportance.com\/de\/preisentwicklung\/biomethan-entwicklung-preise\/"},{"@type":"ListItem","position":4,"name":"Biomethan Preise langfristig"}]},{"@type":"WebSite","@id":"https:\/\/agriportance.com\/#website","url":"https:\/\/agriportance.com\/","name":"agriportance","description":"Informace a slu\u017eby o biometanu a LCO2","publisher":{"@id":"https:\/\/agriportance.com\/#organization"},"potentialAction":[{"@type":"SearchAction","target":{"@type":"EntryPoint","urlTemplate":"https:\/\/agriportance.com\/?s={search_term_string}"},"query-input":{"@type":"PropertyValueSpecification","valueRequired":true,"valueName":"search_term_string"}}],"inLanguage":"cs"},{"@type":"Organization","@id":"https:\/\/agriportance.com\/#organization","name":"agriportance GmbH","url":"https:\/\/agriportance.com\/","logo":{"@type":"ImageObject","inLanguage":"cs","@id":"https:\/\/agriportance.com\/#\/schema\/logo\/image\/","url":"https:\/\/agriportance.com\/wp-content\/uploads\/2023\/05\/agriportance-logo.png","contentUrl":"https:\/\/agriportance.com\/wp-content\/uploads\/2023\/05\/agriportance-logo.png","width":701,"height":108,"caption":"agriportance GmbH"},"image":{"@id":"https:\/\/agriportance.com\/#\/schema\/logo\/image\/"},"sameAs":["https:\/\/www.facebook.com\/agriportance","https:\/\/x.com\/agriportance","https:\/\/de.linkedin.com\/company\/agriportance","https:\/\/www.instagram.com\/agriportance"]}]}},"_links":{"self":[{"href":"https:\/\/agriportance.com\/cs\/wp-json\/wp\/v2\/pages\/36540","targetHints":{"allow":["GET"]}}],"collection":[{"href":"https:\/\/agriportance.com\/cs\/wp-json\/wp\/v2\/pages"}],"about":[{"href":"https:\/\/agriportance.com\/cs\/wp-json\/wp\/v2\/types\/page"}],"author":[{"embeddable":true,"href":"https:\/\/agriportance.com\/cs\/wp-json\/wp\/v2\/users\/2"}],"replies":[{"embeddable":true,"href":"https:\/\/agriportance.com\/cs\/wp-json\/wp\/v2\/comments?post=36540"}],"version-history":[{"count":17,"href":"https:\/\/agriportance.com\/cs\/wp-json\/wp\/v2\/pages\/36540\/revisions"}],"predecessor-version":[{"id":37419,"href":"https:\/\/agriportance.com\/cs\/wp-json\/wp\/v2\/pages\/36540\/revisions\/37419"}],"up":[{"embeddable":true,"href":"https:\/\/agriportance.com\/cs\/wp-json\/wp\/v2\/pages\/1634"}],"wp:attachment":[{"href":"https:\/\/agriportance.com\/cs\/wp-json\/wp\/v2\/media?parent=36540"}],"curies":[{"name":"wp","href":"https:\/\/api.w.org\/{rel}","templated":true}]}}