{"id":1390,"date":"2023-06-13T12:57:09","date_gmt":"2023-06-13T12:57:09","guid":{"rendered":"https:\/\/dev.agriportance.com\/geschaeftsbedingungen"},"modified":"2023-06-27T08:40:34","modified_gmt":"2023-06-27T08:40:34","slug":"vilkar-og-betingelser","status":"publish","type":"page","link":"https:\/\/agriportance.com\/da\/geschaeftsbedingungen\/","title":{"rendered":"Vilk\u00e5r og betingelser"},"content":{"rendered":"<!-- This legal document was generated by Complianz Terms &amp; Conditions https:\/\/wordpress.org\/plugins\/complianz-terms-conditions -->\n<div id=\"cmplz-document\" class=\"cmplz-document cmplz-terms-conditions\"><p><i>Vilk\u00e5r &amp; betingelser blev sidst opdateret den 16. august 2024<\/i><\/p><h2>1. indledning<\/h2><p>Disse vilk\u00e5r og betingelser g\u00e6lder for dette websted og for transaktioner relateret til disse produkter og tjenester. Du kan v\u00e6re bundet af andre kontrakter, der er relateret til denne aftale med os, eller produkter eller tjenester, som du \u00e6ndrer fra os. Hvis der er en konflikt mellem vilk\u00e5rene for din ordre og vilk\u00e5rene i denne kontrakt, skal du kontrollere og have adgang til vilk\u00e5rene i denne kontrakt.<\/p><h2>2. Indbinding<\/h2><p>F\u00f8r du registrerer dig, f\u00e5r adgang til eller p\u00e5 anden m\u00e5de bruger denne hjemmeside, accepterer du hermed at v\u00e6re bundet af disse vilk\u00e5r og betingelser. Alle bidrag fra denne hjemmeside indeb\u00e6rer kendskab til og accept af disse vilk\u00e5r og betingelser. I l\u00f8bet af de n\u00e6ste par dage kan vi dog ogs\u00e5 overveje at acceptere dem direkte.<\/p><h2>3. Intellektuel ejendom<\/h2><p>Vi eller vores licensgivende myndighed indsamler og kontrollerer alle oplysninger og andre intellektuelle ejendomsrettigheder p\u00e5 webstedet og de data, oplysninger og andre ressourcer, der er synlige eller tilg\u00e6ngelige p\u00e5 webstedet.<\/p><p class=\"cmplz-subtitle\">3.1 Creative Commons<\/p><p>Indholdet p\u00e5 denne side af sk\u00e6rmen er helt under en -licens, mens den anden side er vinklet.<\/p><h2>4. Nyhedsbrev<\/h2><p>Ved at bruge ovenst\u00e5ende kan du sende dine egne nyheder i elektronisk form til andre, der m\u00e5ske er interesserede i at bes\u00f8ge din hjemmeside.<\/p><h2>5. tredjeparts ejendom<\/h2><p>Dette websted kan indeholde hyperlinks eller andre henvisninger til andre websteder. Vi inkluderer eller henviser ikke til andre dele af dette websted, der er linket til fra dette websted. Produkter eller dele, der bruges fra andre websteder, er underlagt de g\u00e6ldende vilk\u00e5r og betingelser for denne kontrakt. Ethvert materiale eller stof, der bruges p\u00e5 dette websted, falder ikke ind under dette dokuments anvendelsesomr\u00e5de.<\/p><p>Du vil ikke v\u00e6re ansvarlig for tab af privatlivets fred eller skade p\u00e5 dette websted. Du b\u00e6rer alle risici i forbindelse med brugen af dette websted og eventuelle relaterede tredjepartstjenester. Du er ikke ansvarlig for indholdet af fanen eller skitsen p\u00e5 nogen anden side, uanset hvordan den blev oprettet, som f\u00f8lge af din vurdering af de personlige oplysninger, du har givet.<\/p><h2>6. ansvarlig brug<\/h2><p>For at kunne bruge dette websted skal du acceptere at bruge det i den form og p\u00e5 den m\u00e5de, der er beskrevet i dette dokument, eventuelle andre kontrakter med os og eventuelle g\u00e6ldende love, regler eller generel accept af onlinepraksis og brancheretningslinjer. Du m\u00e5 ikke bruge denne hjemmeside eller nogen anden hjemmeside til at bruge, videregive eller distribuere materiale, der best\u00e5r af (eller er knyttet til) online computersoftware; bruge data indsamlet fra denne hjemmeside til direkte markedsf\u00f8ringsaktiviteter eller bruge systematiserede eller automatiserede dataindsamlingsaktiviteter p\u00e5 eller i forbindelse med denne hjemmeside.<\/p><p>Det er strengt forbudt at deltage i enhver aktivitet, der kr\u00e6ver eller kan for\u00e5rsage skade p\u00e5 webstedet, eller som kan for\u00e5rsage skade, kr\u00e6nkelse eller skade p\u00e5 webstedet.<\/p><h2>7. Politik for refundering og returnerede varer<\/h2><p class=\"cmplz-subtitle\">7.1 Fortrydelsesret<\/p><p>Du har ret til at annullere denne kontrakt i 14 dage uden at angive nogen grund.<\/p><p>For at opfylde dine kontraktlige forpligtelser skal du informere os om din hensigt om at forts\u00e6tte kontrakten med en separat erkl\u00e6ring (f.eks. et kort brev sendt med post, fax eller e-mail). Disse kontaktoplysninger findes nedenfor. Du kan bruge den vedh\u00e6ftede model <a target=\"_blank\" href=\"https:\/\/agriportance.com\/wp-content\/uploads\/complianz\/withdrawal-forms\/withdrawal-form-da.pdf\">fortrydelsesformular<\/a>men det er ikke obligatorisk.<\/p><p>Hvis du bringer denne besked, vil vi gerne bede dig om at sende os en besked om \u00e6ndring af en s\u00e5dan besked p\u00e5 et andet medie (f.eks. via e-mail).<\/p><p>For at forl\u00e6nge tidsfristen er det vigtigt, at du sender din besked til modtageren af tidsfristen, inden den udl\u00f8ber.<\/p><p class=\"cmplz-subtitle\">7.2 Virkninger af tilbagetr\u00e6kning<\/p><p>Hvis du forts\u00e6tter denne kontrakt, refunderer vi dig alle bel\u00f8b, du har betalt, inklusive leveringsomkostninger (med undtagelse af de andre omkostninger, der g\u00e6lder for denne type levering og den billigste type standardlevering, som annulleres p\u00e5 leveringsdagen), under alle omst\u00e6ndigheder ikke udl\u00f8ber efter 14 dage fra den dato, hvor du blev informeret om din hensigt om at forts\u00e6tte denne kontrakt. Du vil blive bedt om at foretage en separat betaling, n\u00e5r du har foretaget den f\u00f8rste transaktion, forudsat at du ikke har foretaget nogen anden betaling; under alle omst\u00e6ndigheder vil du ikke blive bedt om at betale det skyldige bel\u00f8b i forbindelse med en separat betaling.<\/p><p>Du er blevet bedt om en mulig forringet v\u00e6rdi af varerne som f\u00f8lge af anden h\u00e5ndtering, end hvad der er n\u00f8dvendigt for at fastsl\u00e5 varens art, egenskaber og funktion.<\/p><p>Du skal v\u00e6re opm\u00e6rksom p\u00e5, at dette kun er en juridisk undtagelse fra retten til forsvar, og at den anden part ikke kan vende tilbage eller blive fjernet.  Jeg giver dig nogle oplysninger om, hvorfor dette blev gjort i f\u00f8rste omgang.<\/p><h2>8. Indsendelse af id\u00e9<\/h2><p>Der er dog ingen ideer, forslag, fortabelse af rettigheder eller andre oplysninger, der kan betragtes som din egen intellektuelle ejendom, som du gerne vil pr\u00e6sentere for os, medmindre du har undervurderet den intellektuelle ejendomsret eller en hensigtserkl\u00e6ring. Hvis du videregiver dette til os gennem en s\u00e5dan skriftlig aftale, giver du os en ikke-eksklusiv, ikke-kommerciel, ikke-eksklusiv, royaltyfri licens til at bruge, reproducere, \u00e6ndre, tilpasse, offentligg\u00f8re, distribuere og transmittere dette indhold i ethvert medie.<\/p><h2>9. oph\u00f8r af brug<\/h2><p>Du kan kun springe til et andet tidspunkt for brug eller suspension, midtvejs eller permanent, websted eller en hvilken som helst, der mest sandsynligt vil blive brugt. Du accepterer, at vi ikke er ansvarlige over for dig eller nogen anden tredjepart for en s\u00e5dan opsigelse, suspension eller annullering af din adgang til eller brug af webstedet eller noget andet indhold, som du m\u00e5tte have p\u00e5 webstedet. Du vil ikke blive underrettet om nogen form for kompensation eller anden betaling, selvom du har de samme funktioner, egenskaber eller\/og intet andet indhold, du har budt med eller er kommet til at stj\u00e6le p\u00e5, permanent. Du m\u00e5 ikke slukke eller omg\u00e5 eller fors\u00f8ge at slukke den, f\u00f8r den er blevet slukket.<\/p><h2>10. Garantier og ansvar<\/h2><p>I dette afsnit vil begr\u00e6nsningen eller udelukkelsen med garanti blive undervurderet af l\u00e6seren, da det vil v\u00e6re umuligt at begr\u00e6nse eller udelukke. Dette websted og gammelt indhold p\u00e5 hjemmesiden leveres p\u00e5 et \"som det er\" og \"som det burde v\u00e6re\" -grundlag og kan indeholde un\u00f8jagtigheder eller typografiske fejl. Vi giver alle garantier af enhver art, hvad enten det er udtrykkeligt eller underforst\u00e5et, herunder men ikke begr\u00e6nset til garantier for salgbarhed, egnethed til et bestemt form\u00e5l eller ikke-kr\u00e6nkelse. Vi giver ingen garanti for, at:<\/p><p><ul>\n                    <li>Den nye hjemmeside eller vores indhold vil opfylde dine krav;<\/li>\n                    <li>Den nye hjemmeside vil v\u00e6re tilg\u00e6ngelig p\u00e5 en uafbrudt, rettidig, sikker eller fejlfri basis.<\/li>\n        <\/ul><\/p><p>F\u00f8lgende bestemmelser i dette afsnit skal g\u00e6lde i det maksimale omfang, loven tillader, og skal ikke g\u00e6lde for begr\u00e6nsning eller udelukkelse af ansvar med hensyn til ethvert sp\u00f8rgsm\u00e5l, der kan v\u00e6re ulovligt eller uretf\u00e6rdigt for os at begr\u00e6nse eller udelukke. Du kan v\u00e6re ansvarlig under andre omst\u00e6ndigheder for enhver direkte eller indirekte skade (herunder enhver skade p\u00e5 eller korruption af data, software eller databaser eller enhver skade p\u00e5 eller tab af data eller information) for\u00e5rsaget af dig eller enhver tredjepart, der handler i forbindelse med din adgang til eller brug af dette websted.<\/p><h2>11. Privat k\u00f8rsel<\/h2><p>For at f\u00e5 adgang til dette websted eller andre tjenester kan du blive bedt om at give oplysninger om dig selv som en del af registreringsprocessen. Du accepterer, at alle oplysninger, du giver, altid vil v\u00e6re n\u00f8jagtige, korrekte og opdaterede.<\/p><p>Vi har vedtaget en politik for at forebygge eventuelle interessekonflikter i privatlivet, som du m\u00e5tte have. For mere information, se venligst vores <a href=\"\">Erkl\u00e6ring om beskyttelse af personlige oplysninger<\/a> og vores <a href=\"https:\/\/agriportance.com\/da\/cookie-direktivet-eu\/\">Cookie-politik<\/a>.<\/p><h2>12. tilg\u00e6ngelighed<\/h2><p>Vi er forpligtet til at g\u00f8re det indhold, vi leverer, tilg\u00e6ngeligt for personer med handicap. Hvis du har et funktionshandicap og ikke kan f\u00e5 adgang til en del af dit handicap p\u00e5 grund af dit funktionshandicap, beder vi dig om at give os en detaljeret beskrivelse af det problem, du oplever. Hvis problemet ikke kan identificeres og l\u00f8ses ved hj\u00e6lp af industristandard informationsteknologi og teknologieksperter, vil vi l\u00f8se det hurtigt.<\/p><h2>13. Eksportrestriktioner \/ Lovlig overholdelse<\/h2><p>Adgang til hjemmesiden fra omr\u00e5der eller lande, hvor det er uautoriseret at opbevare eller k\u00f8be produkter eller varer, der er p\u00e5 hjemmesiden, er forbudt. Du m\u00e5 ikke bruge denne hjemmeside i forbindelse med nogen sportslicens eller regulering i dit land.<\/p><h2>14. opgave<\/h2><p>Du m\u00e5 ikke overf\u00f8re, overrepr\u00e6sentere eller underrepr\u00e6sentere nogen af dine rettigheder eller forpligtelser i forhold til denne kontrakt, hverken direkte eller indirekte, til nogen tredjepart uden dit eget skriftlige samtykke. Du m\u00e5 ikke overf\u00f8re, overfylde eller underkontraktere nogen af dine rettigheder eller forpligtelser i forhold til denne kontrakt eller nogen af dens vilk\u00e5r og betingelser, hverken direkte eller indirekte, til nogen tredjepart uden dit eget skriftlige samtykke.<\/p><h2>15. Overtr\u00e6delser af disse Vilk\u00e5r og betingelser<\/h2><p>For at forhindre uautoriseret adgang til dette websted og dets indhold kan vi, hvis du bruger dette websted og dets indhold til andre form\u00e5l, suspendere brugen af dette websted og dets indhold til passende form\u00e5l. Dette kan omfatte midtvejs eller permanent suspension af din adgang til webstedet, kontakt til din internetudbyder for at sp\u00f8rge om blokering af din adgang til webstedet eller\/og inkludering af andet indhold.<\/p><h2>16. Force majeure<\/h2><p>Med undtagelse af fortabelse af rettigheder til at indg\u00e5 denne aftale, skal fortabelse, fiasko eller fors\u00f8mmelse fra den anden parts side ikke anses for at v\u00e6re en overrepr\u00e6sentation af denne aftale eller af rettighederne til at indg\u00e5 denne aftale, hvis l\u00e6ngden og omfanget af en s\u00e5dan forsinkelse, fiasko eller fors\u00f8mmelse ikke er tilstr\u00e6kkelig for de relevante dele af kontrollen.<\/p><h2>17. Skadesl\u00f8sholdelse<\/h2><p>Du accepterer, at du har ret til at lave, anmode om og modtage skitser, udtalelser, skitser, faner og andre oplysninger i overensstemmelse med vilk\u00e5rene og betingelserne i denne aftale, herunder intellektuelle ejendomsrettigheder og privatlivsrettigheder. Du vil blive bedt om at levere dine egne skader, faner, omkostninger og udgifter relateret til sagsh\u00e5ndtering.<\/p><h2>18 Afkald<\/h2><p>Enhver manglende opm\u00e6rksomhed p\u00e5 nogen af de ovenn\u00e6vnte punkter i denne kontrakt eller enhver manglende overholdelse af kontraktens vilk\u00e5r eller enhver manglende overholdelse af kontraktens vilk\u00e5r eller enhver manglende overholdelse af kontraktens vilk\u00e5r eller enhver manglende overholdelse af kontraktens vilk\u00e5r skal ikke anerkendes. Aftale eller enhver del heraf, eller ret til derefter at h\u00e5ndh\u00e6ve hver eneste bestemmelse.<\/p><h2>19 Sprog<\/h2><p>Disse dokumenter og korrespondance skal holdes ajour og fortsat v\u00e6re p\u00e5 engelsk. Alle dokumenter og al korrespondance skal underskrives p\u00e5 det relevante sted.<\/p><h2>20 Hele aftalen<\/h2><p>Disse vilk\u00e5r og betingelser, sammen med vores <a href=\"\">fortrolighedserkl\u00e6ring<\/a> og <a href=\"https:\/\/agriportance.com\/da\/cookie-direktivet-eu\/\">cookie-politik<\/a>, udg\u00f8r hele aftalen mellem dig og agriportance GmbH i forbindelse med din brug af denne hjemmeside.<\/p><h2>21. Opdatering af disse vilk\u00e5r og betingelser<\/h2><p>Du kan v\u00e6lge at bruge disse ord og s\u00e6tninger fra tid til anden. Det er dit ansvar regelm\u00e6ssigt at bruge dette dokument og disse elementer til \u00e6ndringer eller udskiftninger. Den dato, der er angivet i begyndelsen af dette dokument, er datoen for den seneste revision. \u00c6ndringerne af disse vilk\u00e5r og betingelser og af privatlivspolitikken vil have en betydelig indvirkning p\u00e5 indholdet af dette websted. Din fortsatte brug af dette websted efter godkendelsen og udgivelsen anses for at v\u00e6re din accept af disse vilk\u00e5r og betingelser.<\/p><h2>22. Valg af lov og lovgivning<\/h2><p>Disse k\u00f8ret\u00f8jer og de p\u00e5g\u00e6ldende k\u00f8ret\u00f8jer er underlagt lovgivningen i Tyskland. Forholdet mellem disse k\u00f8ret\u00f8jer og gerningsmanden er underlagt lovene og bestemmelserne i Forbundsrepublikken Tyskland. Hvis ingen del eller indhold af denne aftale eller selve aftalen viser sig at v\u00e6re ulovlig eller at udg\u00f8re et forsvar mod tilbageholdelse af en beboer eller anden person for kontraktbrud, skal annulleres, slettes og\/eller ikke knyttes til den k\u00e6rlige mund med henblik p\u00e5 at opfylde form\u00e5let med dette vilk\u00e5r og betingelser. De andre medlemmer af juryen er ikke tilfredse.<\/p><h2>23. Kontaktoplysninger<\/h2><p>Dette websted ejes og administreres af agriportance GmbH<\/p><p>Du kan kontakte os ang\u00e5ende Vilk\u00e5r og Betingelser ved at skrive til os p\u00e5 f\u00f8lgende adresse: in&#102;&#111;&#064;ag&#114;&#105;&#112;&#111;rt&#097;n&#099;e.&#099;om<br>Lippst\u00e4dter Stra\u00dfe 54<br \/>\r\n48155 M\u00fcnster <\/p><h2>24. Download<\/h2><p>Du kan ogs\u00e5 <a href=\"https:\/\/agriportance.com\/wp-content\/plugins\/complianz-terms-conditions\/download.php\">Download<\/a> vores vilk\u00e5r og betingelser som PDF.<\/p><\/div>","protected":false},"excerpt":{"rendered":"","protected":false},"author":2,"featured_media":0,"parent":0,"menu_order":0,"comment_status":"closed","ping_status":"closed","template":"template-layout-full-width.php","meta":{"content-type":"","footnotes":""},"class_list":["post-1390","page","type-page","status-publish","hentry","no-post-thumbnail"],"yoast_head":"<!-- This site is optimized with the Yoast SEO Premium plugin v27.3 (Yoast SEO v27.3) - https:\/\/yoast.com\/product\/yoast-seo-premium-wordpress\/ -->\n<title>Gesch\u00e4ftsbedingungen der agriportance GmbH<\/title>\n<meta name=\"description\" content=\"Erfahren Sie mehr \u00fcber unsere Gesch\u00e4ftsbedingungen. Wir legen gro\u00dfen Wert auf Transparenz und faire Vereinbarungen.\" \/>\n<meta name=\"robots\" content=\"index, follow, max-snippet:-1, max-image-preview:large, max-video-preview:-1\" \/>\n<link rel=\"canonical\" href=\"https:\/\/agriportance.com\/da\/vilkar-og-betingelser\/\" \/>\n<meta property=\"og:locale\" content=\"da_DK\" \/>\n<meta property=\"og:type\" content=\"article\" \/>\n<meta property=\"og:title\" content=\"Gesch\u00e4ftsbedingungen\" \/>\n<meta property=\"og:description\" content=\"Erfahren Sie mehr \u00fcber unsere Gesch\u00e4ftsbedingungen. Wir legen gro\u00dfen Wert auf Transparenz und faire Vereinbarungen.\" \/>\n<meta property=\"og:url\" content=\"https:\/\/agriportance.com\/da\/vilkar-og-betingelser\/\" \/>\n<meta property=\"og:site_name\" content=\"agriportance GmbH\" \/>\n<meta property=\"article:publisher\" content=\"https:\/\/www.facebook.com\/agriportance\" \/>\n<meta property=\"article:modified_time\" content=\"2023-06-27T08:40:34+00:00\" \/>\n<meta name=\"twitter:card\" content=\"summary_large_image\" \/>\n<meta name=\"twitter:site\" content=\"@agriportance\" \/>\n<script type=\"application\/ld+json\" class=\"yoast-schema-graph\">{\"@context\":\"https:\\\/\\\/schema.org\",\"@graph\":[{\"@type\":\"WebPage\",\"@id\":\"https:\\\/\\\/agriportance.com\\\/geschaeftsbedingungen\\\/\",\"url\":\"https:\\\/\\\/agriportance.com\\\/geschaeftsbedingungen\\\/\",\"name\":\"Gesch\u00e4ftsbedingungen der agriportance GmbH\",\"isPartOf\":{\"@id\":\"https:\\\/\\\/agriportance.com\\\/#website\"},\"datePublished\":\"2023-06-13T12:57:09+00:00\",\"dateModified\":\"2023-06-27T08:40:34+00:00\",\"description\":\"Erfahren Sie mehr \u00fcber unsere Gesch\u00e4ftsbedingungen. Wir legen gro\u00dfen Wert auf Transparenz und faire Vereinbarungen.\",\"breadcrumb\":{\"@id\":\"https:\\\/\\\/agriportance.com\\\/geschaeftsbedingungen\\\/#breadcrumb\"},\"inLanguage\":\"da-DK\",\"potentialAction\":[{\"@type\":\"ReadAction\",\"target\":[\"https:\\\/\\\/agriportance.com\\\/geschaeftsbedingungen\\\/\"]}]},{\"@type\":\"BreadcrumbList\",\"@id\":\"https:\\\/\\\/agriportance.com\\\/geschaeftsbedingungen\\\/#breadcrumb\",\"itemListElement\":[{\"@type\":\"ListItem\",\"position\":1,\"name\":\"Startseite\",\"item\":\"https:\\\/\\\/agriportance.com\\\/de\\\/\"},{\"@type\":\"ListItem\",\"position\":2,\"name\":\"Gesch\u00e4ftsbedingungen\"}]},{\"@type\":\"WebSite\",\"@id\":\"https:\\\/\\\/agriportance.com\\\/#website\",\"url\":\"https:\\\/\\\/agriportance.com\\\/\",\"name\":\"agriportance\",\"description\":\"Informationen und Dienstleistungen zu Biomethan und LCO2\",\"publisher\":{\"@id\":\"https:\\\/\\\/agriportance.com\\\/#organization\"},\"potentialAction\":[{\"@type\":\"SearchAction\",\"target\":{\"@type\":\"EntryPoint\",\"urlTemplate\":\"https:\\\/\\\/agriportance.com\\\/?s={search_term_string}\"},\"query-input\":{\"@type\":\"PropertyValueSpecification\",\"valueRequired\":true,\"valueName\":\"search_term_string\"}}],\"inLanguage\":\"da-DK\"},{\"@type\":\"Organization\",\"@id\":\"https:\\\/\\\/agriportance.com\\\/#organization\",\"name\":\"agriportance GmbH\",\"url\":\"https:\\\/\\\/agriportance.com\\\/\",\"logo\":{\"@type\":\"ImageObject\",\"inLanguage\":\"da-DK\",\"@id\":\"https:\\\/\\\/agriportance.com\\\/#\\\/schema\\\/logo\\\/image\\\/\",\"url\":\"https:\\\/\\\/agriportance.com\\\/wp-content\\\/uploads\\\/2023\\\/05\\\/agriportance-logo.png\",\"contentUrl\":\"https:\\\/\\\/agriportance.com\\\/wp-content\\\/uploads\\\/2023\\\/05\\\/agriportance-logo.png\",\"width\":701,\"height\":108,\"caption\":\"agriportance GmbH\"},\"image\":{\"@id\":\"https:\\\/\\\/agriportance.com\\\/#\\\/schema\\\/logo\\\/image\\\/\"},\"sameAs\":[\"https:\\\/\\\/www.facebook.com\\\/agriportance\",\"https:\\\/\\\/x.com\\\/agriportance\",\"https:\\\/\\\/de.linkedin.com\\\/company\\\/agriportance\",\"https:\\\/\\\/www.instagram.com\\\/agriportance\"]}]}<\/script>\n<!-- \/ Yoast SEO Premium plugin. -->","yoast_head_json":{"title":"Vilk\u00e5r og betingelser for agriportance GmbH","description":"Find ud af mere om vores vilk\u00e5r og betingelser. Vi l\u00e6gger stor v\u00e6gt p\u00e5 gennemsigtighed og fair aftaler.","robots":{"index":"index","follow":"follow","max-snippet":"max-snippet:-1","max-image-preview":"max-image-preview:large","max-video-preview":"max-video-preview:-1"},"canonical":"https:\/\/agriportance.com\/da\/vilkar-og-betingelser\/","og_locale":"da_DK","og_type":"article","og_title":"Gesch\u00e4ftsbedingungen","og_description":"Erfahren Sie mehr \u00fcber unsere Gesch\u00e4ftsbedingungen. Wir legen gro\u00dfen Wert auf Transparenz und faire Vereinbarungen.","og_url":"https:\/\/agriportance.com\/da\/vilkar-og-betingelser\/","og_site_name":"agriportance GmbH","article_publisher":"https:\/\/www.facebook.com\/agriportance","article_modified_time":"2023-06-27T08:40:34+00:00","twitter_card":"summary_large_image","twitter_site":"@agriportance","schema":{"@context":"https:\/\/schema.org","@graph":[{"@type":"WebPage","@id":"https:\/\/agriportance.com\/geschaeftsbedingungen\/","url":"https:\/\/agriportance.com\/geschaeftsbedingungen\/","name":"Vilk\u00e5r og betingelser for agriportance GmbH","isPartOf":{"@id":"https:\/\/agriportance.com\/#website"},"datePublished":"2023-06-13T12:57:09+00:00","dateModified":"2023-06-27T08:40:34+00:00","description":"Find ud af mere om vores vilk\u00e5r og betingelser. Vi l\u00e6gger stor v\u00e6gt p\u00e5 gennemsigtighed og fair aftaler.","breadcrumb":{"@id":"https:\/\/agriportance.com\/geschaeftsbedingungen\/#breadcrumb"},"inLanguage":"da-DK","potentialAction":[{"@type":"ReadAction","target":["https:\/\/agriportance.com\/geschaeftsbedingungen\/"]}]},{"@type":"BreadcrumbList","@id":"https:\/\/agriportance.com\/geschaeftsbedingungen\/#breadcrumb","itemListElement":[{"@type":"ListItem","position":1,"name":"Startseite","item":"https:\/\/agriportance.com\/de\/"},{"@type":"ListItem","position":2,"name":"Gesch\u00e4ftsbedingungen"}]},{"@type":"WebSite","@id":"https:\/\/agriportance.com\/#website","url":"https:\/\/agriportance.com\/","name":"agriportance","description":"Information og tjenester om biometan og LCO2","publisher":{"@id":"https:\/\/agriportance.com\/#organization"},"potentialAction":[{"@type":"SearchAction","target":{"@type":"EntryPoint","urlTemplate":"https:\/\/agriportance.com\/?s={search_term_string}"},"query-input":{"@type":"PropertyValueSpecification","valueRequired":true,"valueName":"search_term_string"}}],"inLanguage":"da-DK"},{"@type":"Organization","@id":"https:\/\/agriportance.com\/#organization","name":"agriportance GmbH","url":"https:\/\/agriportance.com\/","logo":{"@type":"ImageObject","inLanguage":"da-DK","@id":"https:\/\/agriportance.com\/#\/schema\/logo\/image\/","url":"https:\/\/agriportance.com\/wp-content\/uploads\/2023\/05\/agriportance-logo.png","contentUrl":"https:\/\/agriportance.com\/wp-content\/uploads\/2023\/05\/agriportance-logo.png","width":701,"height":108,"caption":"agriportance GmbH"},"image":{"@id":"https:\/\/agriportance.com\/#\/schema\/logo\/image\/"},"sameAs":["https:\/\/www.facebook.com\/agriportance","https:\/\/x.com\/agriportance","https:\/\/de.linkedin.com\/company\/agriportance","https:\/\/www.instagram.com\/agriportance"]}]}},"_links":{"self":[{"href":"https:\/\/agriportance.com\/da\/wp-json\/wp\/v2\/pages\/1390","targetHints":{"allow":["GET"]}}],"collection":[{"href":"https:\/\/agriportance.com\/da\/wp-json\/wp\/v2\/pages"}],"about":[{"href":"https:\/\/agriportance.com\/da\/wp-json\/wp\/v2\/types\/page"}],"author":[{"embeddable":true,"href":"https:\/\/agriportance.com\/da\/wp-json\/wp\/v2\/users\/2"}],"replies":[{"embeddable":true,"href":"https:\/\/agriportance.com\/da\/wp-json\/wp\/v2\/comments?post=1390"}],"version-history":[{"count":2,"href":"https:\/\/agriportance.com\/da\/wp-json\/wp\/v2\/pages\/1390\/revisions"}],"predecessor-version":[{"id":1764,"href":"https:\/\/agriportance.com\/da\/wp-json\/wp\/v2\/pages\/1390\/revisions\/1764"}],"wp:attachment":[{"href":"https:\/\/agriportance.com\/da\/wp-json\/wp\/v2\/media?parent=1390"}],"curies":[{"name":"wp","href":"https:\/\/api.w.org\/{rel}","templated":true}]}}