{"id":159,"date":"2023-05-10T12:20:59","date_gmt":"2023-05-10T12:20:59","guid":{"rendered":"https:\/\/dev.agriportance.com\/?page_id=159"},"modified":"2024-01-19T15:53:31","modified_gmt":"2024-01-19T15:53:31","slug":"hvad-er-biometan","status":"publish","type":"page","link":"https:\/\/agriportance.com\/da\/wissen\/biomethan\/was-ist-biomethan\/","title":{"rendered":"Hvad er biometan?"},"content":{"rendered":"<div id=\"cs-content\" class=\"cs-content\"><div class=\"x-section e159-e1 m4f-0 m4f-1 m4f-2 m4f-3 m4f-4 m4f-5\"><div class=\"x-bg\" aria-hidden=\"true\"><div class=\"x-bg-layer-lower-image\" data-x-element-bg-layer=\"{&quot;parallaxSize&quot;:&quot;105%&quot;,&quot;parallaxDir&quot;:&quot;h&quot;,&quot;parallaxRev&quot;:true}\"><\/div><div class=\"x-bg-layer-upper-color\"><\/div><\/div><div class=\"x-container e159-e2 m4f-e\"><div class=\"x-column x-sm x-1-1 e159-e3 m4f-f\"><div class=\"x-text x-text-headline e159-e4 m4f-g m4f-h m4f-i m4f-j\"><div class=\"x-text-content\"><div class=\"x-text-content-text\"><h1 class=\"x-text-content-text-primary\">Hvad er biometan?<\/h1>\n<\/div><\/div><\/div><\/div><\/div><\/div><div class=\"x-section e159-e5 m4f-0 m4f-4 m4f-5 m4f-6 m4f-7\"><div class=\"x-bg\" aria-hidden=\"true\"><div class=\"x-bg-layer-lower-image\"><\/div><div class=\"x-bg-layer-upper-color\"><\/div><\/div><div class=\"x-row x-container max width e159-e6 m4f-m m4f-n m4f-o\"><div class=\"x-row-inner\"><div class=\"x-col e159-e7 m4f-r\"><div class=\"x-section e159-e8 m4f-0 m4f-8 m4f-9 m4f-a\"><div class=\"x-row x-container max width e159-e9 m4f-m m4f-n m4f-p\"><div class=\"x-row-inner\"><div class=\"x-col e159-e10 m4f-r\"><nav class=\"x-crumbs e159-e11 m4f-s\" role=\"navigation\"><ol class=\"x-crumbs-list\" itemscope=\"\" itemtype=\"http:\/\/schema.org\/BreadcrumbList\" aria-label=\"Br\u00f8dkrumme-navigation\"><li class=\"x-crumbs-list-item\" itemprop=\"itemListElement\" itemscope itemtype=\"http:\/\/schema.org\/ListItem\"><a class=\"x-crumbs-current x-crumbs-link\" itemtype=\"http:\/\/schema.org\/Thing\" itemprop=\"item\" href=\"https:\/\/agriportance.com\/da\/\" title=\"Du er her\"><span itemprop=\"name\"><i class=\"x-icon\" aria-hidden=\"true\" data-x-icon-s=\"&#xf015;\"><\/i><span class=\"visually-hidden\">agriportance<\/span><\/span><\/a><meta itemprop=\"position\" content=\"1\"><\/li><\/ol><\/nav><\/div><\/div><\/div><\/div><\/div><\/div><\/div><\/div><div class=\"x-section e159-e12 m4f-0 m4f-1 m4f-4 m4f-5 m4f-7 m4f-b m4f-c\"><div class=\"x-bg\" aria-hidden=\"true\"><div class=\"x-bg-layer-lower-image\"><\/div><div class=\"x-bg-layer-upper-color\"><\/div><\/div><div class=\"x-container e159-e13 m4f-e\"><div class=\"x-column x-sm x-1-1 e159-e14 m4f-f\"><div class=\"x-text x-text-headline e159-e15 m4f-g m4f-h m4f-k\"><div class=\"x-text-content\"><div class=\"x-text-content-text\"><h2 class=\"x-text-content-text-primary\">Biometan - den gr\u00f8nne gas med et stort potentiale<\/h2>\n<\/div><\/div><\/div><div class=\"x-text x-content e159-e16 m4f-t m4f-u m4f-v\"><p class=\"p1\">Hvad er biometan? Biometan, ogs\u00e5 kendt som vedvarende naturgas eller gr\u00f8n gas, er en b\u00e6redygtig energikilde, der udvindes ved at behandle biologisk affald og organiske materialer. Det bruges ofte som en erstatning af h\u00f8j kvalitet for fossil naturgas og tilbyder en bred vifte af milj\u00f8- og klimavenlige anvendelsesmuligheder.<\/p><\/div><\/div><\/div><\/div><div class=\"x-section e159-e17 m4f-0 m4f-4 m4f-5 m4f-7 m4f-8 m4f-c\"><div class=\"x-bg\" aria-hidden=\"true\"><div class=\"x-bg-layer-lower-image\"><\/div><div class=\"x-bg-layer-upper-color\"><\/div><\/div><div class=\"x-container e159-e18 m4f-e\"><div class=\"x-column x-sm x-1-1 e159-e19 m4f-f\"><div class=\"x-text x-text-headline e159-e20 m4f-g m4f-h m4f-k\"><div class=\"x-text-content\"><div class=\"x-text-content-text\"><h2 class=\"x-text-content-text-primary\">Biometan - b\u00e6redygtig energi til en gr\u00f8nnere fremtid<\/h2>\n<\/div><\/div><\/div><div class=\"x-text x-content e159-e21 m4f-u m4f-v m4f-w\"><p class=\"p1\" style=\"text-align: justify;\">Biometan er en vigtig spiller i energisektoren og spiller en stadig vigtigere rolle i kampen mod klimaforandringer. Som en vedvarende gr\u00f8n gas produceres den fra forskellige biologiske kilder, herunder landbrugsaffald, organiske restprodukter og endda spildevandsslam. Biometan produceres gennem en proces, der kaldes anaerob ford\u00f8jelse, hvor mikroorganismer nedbryder de biologiske materialer og producerer metan.<\/p>\n<p class=\"p1\" style=\"text-align: justify;\">Fordelene ved biometan er mange. For det f\u00f8rste er det et milj\u00f8venligt alternativ til fossil naturgas. Biometan produceres af vedvarende r\u00e5materialer, hvilket f\u00f8rer til en betydelig reduktion af drivhusgasemissioner. Desuden kan biometan f\u00f8res direkte ind i det eksisterende naturgasnet og bruges til forskellige form\u00e5l.<\/p>\n<p class=\"p1\" style=\"text-align: justify;\">En af de vigtigste anvendelser af biometan er decentraliseret energiproduktion. Biometan kan bruges til at generere varme og elektricitet i husholdninger, kommercielle omr\u00e5der og endda industrianl\u00e6g. Det kan ogs\u00e5 bruges som br\u00e6ndstof til k\u00f8ret\u00f8jer, hvilket reducerer transportsektorens CO2-fodaftryk. Brugen af biomethan giver ogs\u00e5 mulighed for energilagring og -forsyning, hvilket er s\u00e6rligt fordelagtigt i perioder med spidsbelastning.<\/p>\n<p class=\"p1\" style=\"text-align: justify;\">Desuden er biometan en vigtig komponent i en b\u00e6redygtig cirkul\u00e6r \u00f8konomi. Ved at genanvende biologisk affald og restprodukter udnyttes ressourcerne effektivt, samtidig med at lossepladserne aflastes. Det fremmer ogs\u00e5 den regionale udvikling, da biometananl\u00e6g ofte drives lokalt og skaber lokale arbejdspladser.<\/p>\n<p class=\"p1\" style=\"text-align: justify;\">Samlet set er biometan en lovende l\u00f8sning til energiomstillingen. Det er et milj\u00f8venligt alternativ til fossile br\u00e6ndstoffer, hj\u00e6lper med at reducere udledningen af drivhusgasser og fremmer en b\u00e6redygtig cirkul\u00e6r \u00f8konomi. Med den stigende eftersp\u00f8rgsel p\u00e5 vedvarende energi bliver biometan en vigtig del af vores gr\u00f8nnere fremtid.<\/p><\/div><\/div><\/div><\/div><div class=\"x-section e159-e22 m4f-0 m4f-3 m4f-4 m4f-9 m4f-d\"><div class=\"x-div x-container max width e159-e23 m4f-y\"><div class=\"x-text x-text-headline e159-e24 m4f-h m4f-i m4f-l\"><div class=\"x-text-content\"><div class=\"x-text-content-text\">\n<h2 class=\"x-text-content-text-primary\">Forklaringer p\u00e5 biometan<\/h2><\/div><\/div><\/div><\/div><div class=\"x-row x-container max width e159-e25 m4f-m m4f-n m4f-q\"><div class=\"x-row-inner\"><div class=\"x-col e159-e26 m4f-r\"><div class=\"x-acc e159-e27 m4f-z\" id=\"x-acc-e159-e27\"><div class=\"e159-e28 x-acc-item\"><button id=\"tab-e159-e28\" class=\"x-acc-header x-active\" role=\"button\" type=\"button\" aria-expanded=\"true\" aria-controls=\"panel-e159-e28\" data-x-toggle=\"collapse\" data-x-toggleable=\"e159-e28\"><span class=\"x-acc-header-content\"><span class=\"x-acc-header-indicator\">\u25b8<\/span><span class=\"x-acc-header-text\"><h2><span data-contrast=\"none\" xml:lang=\"DE-DE\" lang=\"DE-DE\" class=\"TextRun SCXW1696805 BCX9\"><span class=\"NormalTextRun SCXW1696805 BCX9\" data-ccp-parastyle=\"heading 2\">Hvad er forskellen mellem biometan og biogas?<\/span><\/span><span class=\"EOP SCXW1696805 BCX9\" data-ccp-props=\"{&quot;134245418&quot;:true,&quot;134245529&quot;:true,&quot;201341983&quot;:0,&quot;335559738&quot;:40,&quot;335559739&quot;:0,&quot;335559740&quot;:259}\">\u00a0<\/span><\/h2><\/span><\/span><\/button><div id=\"panel-e159-e28\" role=\"tabpanel\" aria-hidden=\"false\" aria-labelledby=\"tab-e159-e28\" data-x-toggleable=\"e159-e28\" data-x-toggle-collapse=\"1\"><div class=\"x-acc-content\"><div class=\"x-text x-content e159-e29 m4f-u m4f-x\"><p class=\"p1\" style=\"text-align: justify;\">Biomethan er sammen med kuldioxid og andre gasser et produkt af opgraderet biogas.<\/p>\n<p class=\"p1\" style=\"text-align: justify;\">Biometan og biogas er to forskellige energikilder, der kan udvindes af organiske materialer. Lidt forenklet kan man sige, at biometan udvindes af biogas gennem en rensningsproces. Det er derfor, at biometan ofte sidestilles med biogas. Det har den fordel, at det har en h\u00f8jere energit\u00e6thed end biogas og derfor kan bruges mere effektivt. Desuden kan biometan f\u00f8res ind i det eksisterende naturgasnet. Dermed kan det bruges i en anden region og endda opbevares i eksisterende naturgaslagre.<\/p>\n<p class=\"p1\" style=\"text-align: justify;\">Kort sagt er biometan den metan, der udvindes fra biogas gennem yderligere opgradering, og som kan bruges som et vedvarende br\u00e6ndstof og til energiproduktion af elektricitet og varme. Metanindholdet i biogas er mellem 50-60%.<\/p><\/div><\/div><\/div><\/div><div class=\"e159-e30 x-acc-item\"><button id=\"tab-e159-e30\" class=\"x-acc-header\" role=\"button\" type=\"button\" aria-expanded=\"false\" aria-controls=\"panel-e159-e30\" data-x-toggle=\"collapse\" data-x-toggleable=\"e159-e30\"><span class=\"x-acc-header-content\"><span class=\"x-acc-header-indicator\">\u25b8<\/span><span class=\"x-acc-header-text\"><h2>Hvorfor er biometan en god energib\u00e6rer?<\/h2><\/span><\/span><\/button><div id=\"panel-e159-e30\" role=\"tabpanel\" aria-hidden=\"true\" aria-labelledby=\"tab-e159-e30\" data-x-toggleable=\"e159-e30\" data-x-toggle-collapse=\"1\" class=\"x-collapsed\"><div class=\"x-acc-content\"><div class=\"x-text x-content e159-e31 m4f-u m4f-x\"><p class=\"p2\" style=\"text-align: justify;\">Biomethan er en god energib\u00e6rer af flere grunde:<\/p>\n\n<ol class=\"ol1\" style=\"text-align: justify;\">\n \t<li class=\"li2\"><strong>Fornyelig:<\/strong> Biometan produceres af organisk affald og fornyelige r\u00e5materialer, der kommer fra landbruget, byerne eller industrien. Da disse materialer hele tiden vokser tilbage eller produceres alligevel, og i mods\u00e6tning til fossile br\u00e6ndstoffer ikke kan udt\u00f8mmes, er biometan en vedvarende energikilde.<\/li>\n \t<li class=\"li2\"><strong>Klimabeskyttelse:<\/strong> N\u00e5r biometan br\u00e6ndes, producerer det kun s\u00e5 meget CO2, som r\u00e5stofferne absorberede under deres v\u00e6kst. Det betyder, at biometan er meget mere klimavenligt end fossile br\u00e6ndstoffer som olie eller naturgas. Bionaturgas er s\u00e5ledes en energikilde med lavt kulstofindhold, som frigiver f\u00e6rre drivhusgasser under forbr\u00e6ndingen end fossile br\u00e6ndstoffer. Desuden forhindrer brugen af biometan fra organisk affald, at der udledes metan i atmosf\u00e6ren, som er meget mere skadeligt for klimaet end kuldioxid.<\/li>\n \t<li class=\"li2\"><strong>Fleksibilitet:<\/strong> Biomethan kan bruges p\u00e5 forskellige omr\u00e5der, f.eks. som br\u00e6ndstof i transportsektoren, til el- og varmeproduktion. Ligesom naturgas kan det transporteres og bruges i eksisterende gasnet. P\u00e5 den m\u00e5de kan det v\u00e6re med til at reducere afh\u00e6ngigheden af fossile energikilder.<\/li>\n \t<li><strong>Uafh\u00e6ngighed<\/strong>Biometan kan produceres uafh\u00e6ngigt af vejret. Sol- og vindenergi kan kun produceres under passende vejrforhold.<\/li>\n \t<li class=\"li2\"><strong>Cirkul\u00e6r \u00f8konomi: <\/strong>Biometan produceres ofte af organisk affald, som ellers skulle bortskaffes. Gennem produktion af biometan kan dette affald bruges til noget fornuftigt, og der skabes et lukket kredsl\u00f8b.<\/li>\n \t<li class=\"li2\"><strong>Regionalitet:<\/strong> Biometananl\u00e6g kan drives decentralt, dvs. at de kan bygges i n\u00e6rheden af udgangsmaterialerne. Det sparer transportveje og omkostninger og skaber regional v\u00e6rdiskabelse.<\/li>\n \t<li class=\"li2\"><strong>Jobskabelse:<\/strong> Produktionen af biometan skaber arbejdspladser i landbruget, i transport- og logistiksektoren og i biogas- og gasindustrien.<\/li>\n \t<li class=\"li2\"><strong>Lokal energiforsyning:<\/strong> Biomethan kan produceres lokalt, hvilket reducerer afh\u00e6ngigheden af indenlandske og udenlandske energileverand\u00f8rer.<\/li>\n \t<li class=\"li2\"><strong>\u00d8konomisk effektivitet:<\/strong> Biometan kan v\u00e6re \u00f8konomisk interessant, hvis det produceres af organisk affald og restmaterialer, som alligevel er tilg\u00e6ngelige i n\u00e6rheden. Derudover er der statslige tilskudsprogrammer, der st\u00f8tter brugen af biometan.<\/li>\n<\/ol>\n<p class=\"p3\" style=\"text-align: justify;\">Samlet set er biometan et lovende alternativ til fossile br\u00e6ndstoffer og kan v\u00e6re med til at drive energiomstillingen.<\/p><\/div><\/div><\/div><\/div><div class=\"e159-e32 x-acc-item\"><button id=\"tab-e159-e32\" class=\"x-acc-header\" role=\"button\" type=\"button\" aria-expanded=\"false\" aria-controls=\"panel-e159-e32\" data-x-toggle=\"collapse\" data-x-toggleable=\"e159-e32\"><span class=\"x-acc-header-content\"><span class=\"x-acc-header-indicator\">\u25b8<\/span><span class=\"x-acc-header-text\"><h2><span>Hvordan produceres biometan?<\/span><\/h2><\/span><\/span><\/button><div id=\"panel-e159-e32\" role=\"tabpanel\" aria-hidden=\"true\" aria-labelledby=\"tab-e159-e32\" data-x-toggleable=\"e159-e32\" data-x-toggle-collapse=\"1\" class=\"x-collapsed\"><div class=\"x-acc-content\"><div class=\"x-text x-content e159-e33 m4f-u m4f-x\"><p class=\"p1\" style=\"text-align: justify;\">Biometan, ogs\u00e5 kendt som vedvarende metan eller bionaturgas, er en b\u00e6redygtig energikilde, der stammer fra organiske materialer. Den skabes gennem en proces, der kaldes biomethanisering, hvor biologiske r\u00e5materialer nedbrydes under kontrollerede forhold for at producere metan. Denne artikel giver dig et indg\u00e5ende indblik i, hvordan biometan skabes, og hvilke trin der er involveret i produktionen.<\/p>\n<p style=\"text-align: justify;\"><strong>Udv\u00e6lgelse af \u00f8kologiske r\u00e5varer:<\/strong><\/p>\n<p style=\"text-align: justify;\">Produktionen af biometan kr\u00e6ver biologiske r\u00e5materialer, der fungerer som substrater. Typisk anvendes organiske materialer som plantebiomasse, organisk affald fra landbrug, industri eller husholdninger. Disse r\u00e5materialer kan antage forskellige former, herunder energiafgr\u00f8der som majs, gr\u00e6s, raps eller gylle, g\u00f8dning samt affald som madaffald, spildevandsslam eller bioaffald.<\/p>\n<p style=\"text-align: justify;\"><strong>Forbehandling af r\u00e5materialerne:<\/strong><\/p>\n<p style=\"text-align: justify;\">F\u00f8r r\u00e5materialerne kan indf\u00f8res i biometaniseringsprocessen, skal de forbehandles delvist for at optimere deres sammens\u00e6tning. Det kan omfatte neddeling, t\u00f8rring eller fermentering for at g\u00f8re biomassen lettere nedbrydelig og maksimere udbyttet af metan.<\/p>\n<p style=\"text-align: justify;\"><strong>Anaerob fermentering:<\/strong><\/p>\n<p style=\"text-align: justify;\">Det n\u00e6ste trin er at uds\u00e6tte de forbehandlede r\u00e5materialer for anaerob fermentering. Denne proces finder sted i s\u00e6rlige beholdere, der kaldes fermentorer eller bioreaktorer. Disse beholdere giver optimale betingelser for aktiviteten af mikroorganismer, der nedbryder de organiske materialer og producerer metan. Anaerob ford\u00f8jelse finder sted i et iltfrit milj\u00f8, da de involverede mikroorganismer arbejder under anaerobe forhold.<\/p>\n<p style=\"text-align: justify;\"><strong>Produktion af biogas:<\/strong><\/p>\n<p style=\"text-align: justify;\">Under anaerob nedbrydning nedbrydes organiske materialer af mikroorganismer. Det producerer forskellige gasser, hovedsageligt metan (CH4) og kuldioxid (CO2), samt sm\u00e5 m\u00e6ngder sporgasser som brint (H2) og hydrogensulfid (H2S). Denne gasblanding kaldes biogas og indeholder ca. 50-75% metan.<\/p>\n<p style=\"text-align: justify;\"><strong>Behandling af biogas:<\/strong><\/p>\n<p style=\"text-align: justify;\">Den producerede biogas skal renses og opgraderes, f\u00f8r den kan bruges som biometan. I dette trin fjernes kuldioxid, brint og andre urenheder fra biogassen for at opn\u00e5 et h\u00f8jere metanindhold. Opgraderingen kan ske ved hj\u00e6lp af forskellige teknologier s\u00e5som absorption, adsorption eller membranseparation.<\/p>\n<p style=\"text-align: justify;\"><strong>Rensning af metan:<\/strong><\/p>\n<p style=\"text-align: justify;\">For yderligere at forbedre kvaliteten af biometanen underkastes den ofte metanrensning. Det fjerner de resterende urenheder som svovlforbindelser, fugt og andre sporgasser.<\/p><\/div><\/div><\/div><\/div><\/div><\/div><\/div><\/div><\/div><\/div>","protected":false},"excerpt":{"rendered":"<p>Hvad er biomethan? agriportanceBiomethan - den gr\u00f8nne gas med stort potentiale Hvad er biomethan? Biometan, ogs\u00e5 kendt som vedvarende naturgas eller gr\u00f8n gas, er en b\u00e6redygtig energikilde, der opn\u00e5s ved at behandle biologisk affald og organiske materialer. Den bruges ofte som en erstatning af h\u00f8j kvalitet for fossil naturgas og har en r\u00e6kke milj\u00f8- og klimavenlige anvendelsesmuligheder.Biometan - ...<\/p>","protected":false},"author":1,"featured_media":0,"parent":123,"menu_order":0,"comment_status":"closed","ping_status":"closed","template":"template-blank-4.php","meta":{"content-type":"","footnotes":""},"class_list":["post-159","page","type-page","status-publish","hentry","no-post-thumbnail"],"yoast_head":"<!-- This site is optimized with the Yoast SEO Premium plugin v27.3 (Yoast SEO v27.3) - https:\/\/yoast.com\/product\/yoast-seo-premium-wordpress\/ -->\n<title>Was ist Biomethan | Wir liefern Antworten<\/title>\n<meta name=\"description\" content=\"Was ist Biomethan und was ist der Unterschied zwischen Biomethan und Biogas? Alle Antworten zu diesem Thema erfahren Sie hier \u27a1\ufe0f\" \/>\n<meta name=\"robots\" content=\"index, follow, max-snippet:-1, max-image-preview:large, max-video-preview:-1\" \/>\n<link rel=\"canonical\" href=\"https:\/\/agriportance.com\/da\/vide\/biometan\/hvad-er-biometan\/\" \/>\n<meta property=\"og:locale\" content=\"da_DK\" \/>\n<meta property=\"og:type\" content=\"article\" \/>\n<meta property=\"og:title\" content=\"Was ist Biomethan\" \/>\n<meta property=\"og:description\" content=\"Was ist Biomethan und was ist der Unterschied zwischen Biomethan und Biogas? Alle Antworten zu diesem Thema erfahren Sie hier \u27a1\ufe0f\" \/>\n<meta property=\"og:url\" content=\"https:\/\/agriportance.com\/da\/vide\/biometan\/hvad-er-biometan\/\" \/>\n<meta property=\"og:site_name\" content=\"agriportance GmbH\" \/>\n<meta property=\"article:publisher\" content=\"https:\/\/www.facebook.com\/agriportance\" \/>\n<meta property=\"article:modified_time\" content=\"2024-01-19T15:53:31+00:00\" \/>\n<meta name=\"twitter:card\" content=\"summary_large_image\" \/>\n<meta name=\"twitter:site\" content=\"@agriportance\" \/>\n<meta name=\"twitter:label1\" content=\"Estimeret l\u00e6setid\" \/>\n\t<meta name=\"twitter:data1\" content=\"3 minutter\" \/>\n<script type=\"application\/ld+json\" class=\"yoast-schema-graph\">{\"@context\":\"https:\\\/\\\/schema.org\",\"@graph\":[{\"@type\":\"WebPage\",\"@id\":\"https:\\\/\\\/agriportance.com\\\/wissen\\\/biomethan\\\/was-ist-biomethan\\\/\",\"url\":\"https:\\\/\\\/agriportance.com\\\/wissen\\\/biomethan\\\/was-ist-biomethan\\\/\",\"name\":\"Was ist Biomethan | Wir liefern Antworten\",\"isPartOf\":{\"@id\":\"https:\\\/\\\/agriportance.com\\\/#website\"},\"datePublished\":\"2023-05-10T12:20:59+00:00\",\"dateModified\":\"2024-01-19T15:53:31+00:00\",\"description\":\"Was ist Biomethan und was ist der Unterschied zwischen Biomethan und Biogas? Alle Antworten zu diesem Thema erfahren Sie hier \u27a1\ufe0f\",\"breadcrumb\":{\"@id\":\"https:\\\/\\\/agriportance.com\\\/wissen\\\/biomethan\\\/was-ist-biomethan\\\/#breadcrumb\"},\"inLanguage\":\"da-DK\",\"potentialAction\":[{\"@type\":\"ReadAction\",\"target\":[\"https:\\\/\\\/agriportance.com\\\/wissen\\\/biomethan\\\/was-ist-biomethan\\\/\"]}]},{\"@type\":\"BreadcrumbList\",\"@id\":\"https:\\\/\\\/agriportance.com\\\/wissen\\\/biomethan\\\/was-ist-biomethan\\\/#breadcrumb\",\"itemListElement\":[{\"@type\":\"ListItem\",\"position\":1,\"name\":\"Startseite\",\"item\":\"https:\\\/\\\/agriportance.com\\\/de\\\/\"},{\"@type\":\"ListItem\",\"position\":2,\"name\":\"Wissen\",\"item\":\"https:\\\/\\\/agriportance.com\\\/de\\\/wissen\\\/\"},{\"@type\":\"ListItem\",\"position\":3,\"name\":\"Biomethan\",\"item\":\"https:\\\/\\\/agriportance.com\\\/wissen\\\/biomethan\\\/\"},{\"@type\":\"ListItem\",\"position\":4,\"name\":\"Was ist Biomethan\"}]},{\"@type\":\"WebSite\",\"@id\":\"https:\\\/\\\/agriportance.com\\\/#website\",\"url\":\"https:\\\/\\\/agriportance.com\\\/\",\"name\":\"agriportance\",\"description\":\"Informationen und Dienstleistungen zu Biomethan und LCO2\",\"publisher\":{\"@id\":\"https:\\\/\\\/agriportance.com\\\/#organization\"},\"potentialAction\":[{\"@type\":\"SearchAction\",\"target\":{\"@type\":\"EntryPoint\",\"urlTemplate\":\"https:\\\/\\\/agriportance.com\\\/?s={search_term_string}\"},\"query-input\":{\"@type\":\"PropertyValueSpecification\",\"valueRequired\":true,\"valueName\":\"search_term_string\"}}],\"inLanguage\":\"da-DK\"},{\"@type\":\"Organization\",\"@id\":\"https:\\\/\\\/agriportance.com\\\/#organization\",\"name\":\"agriportance GmbH\",\"url\":\"https:\\\/\\\/agriportance.com\\\/\",\"logo\":{\"@type\":\"ImageObject\",\"inLanguage\":\"da-DK\",\"@id\":\"https:\\\/\\\/agriportance.com\\\/#\\\/schema\\\/logo\\\/image\\\/\",\"url\":\"https:\\\/\\\/agriportance.com\\\/wp-content\\\/uploads\\\/2023\\\/05\\\/agriportance-logo.png\",\"contentUrl\":\"https:\\\/\\\/agriportance.com\\\/wp-content\\\/uploads\\\/2023\\\/05\\\/agriportance-logo.png\",\"width\":701,\"height\":108,\"caption\":\"agriportance GmbH\"},\"image\":{\"@id\":\"https:\\\/\\\/agriportance.com\\\/#\\\/schema\\\/logo\\\/image\\\/\"},\"sameAs\":[\"https:\\\/\\\/www.facebook.com\\\/agriportance\",\"https:\\\/\\\/x.com\\\/agriportance\",\"https:\\\/\\\/de.linkedin.com\\\/company\\\/agriportance\",\"https:\\\/\\\/www.instagram.com\\\/agriportance\"]}]}<\/script>\n<!-- \/ Yoast SEO Premium plugin. -->","yoast_head_json":{"title":"Hvad er biometan | Vi giver svar","description":"Hvad er biometan, og hvad er forskellen mellem biometan og biogas? Du kan finde alle svarene p\u00e5 dette emne her \u27a1\ufe0f","robots":{"index":"index","follow":"follow","max-snippet":"max-snippet:-1","max-image-preview":"max-image-preview:large","max-video-preview":"max-video-preview:-1"},"canonical":"https:\/\/agriportance.com\/da\/vide\/biometan\/hvad-er-biometan\/","og_locale":"da_DK","og_type":"article","og_title":"Was ist Biomethan","og_description":"Was ist Biomethan und was ist der Unterschied zwischen Biomethan und Biogas? Alle Antworten zu diesem Thema erfahren Sie hier \u27a1\ufe0f","og_url":"https:\/\/agriportance.com\/da\/vide\/biometan\/hvad-er-biometan\/","og_site_name":"agriportance GmbH","article_publisher":"https:\/\/www.facebook.com\/agriportance","article_modified_time":"2024-01-19T15:53:31+00:00","twitter_card":"summary_large_image","twitter_site":"@agriportance","twitter_misc":{"Estimeret l\u00e6setid":"3 minutter"},"schema":{"@context":"https:\/\/schema.org","@graph":[{"@type":"WebPage","@id":"https:\/\/agriportance.com\/wissen\/biomethan\/was-ist-biomethan\/","url":"https:\/\/agriportance.com\/wissen\/biomethan\/was-ist-biomethan\/","name":"Hvad er biometan | Vi giver svar","isPartOf":{"@id":"https:\/\/agriportance.com\/#website"},"datePublished":"2023-05-10T12:20:59+00:00","dateModified":"2024-01-19T15:53:31+00:00","description":"Hvad er biometan, og hvad er forskellen mellem biometan og biogas? Du kan finde alle svarene p\u00e5 dette emne her \u27a1\ufe0f","breadcrumb":{"@id":"https:\/\/agriportance.com\/wissen\/biomethan\/was-ist-biomethan\/#breadcrumb"},"inLanguage":"da-DK","potentialAction":[{"@type":"ReadAction","target":["https:\/\/agriportance.com\/wissen\/biomethan\/was-ist-biomethan\/"]}]},{"@type":"BreadcrumbList","@id":"https:\/\/agriportance.com\/wissen\/biomethan\/was-ist-biomethan\/#breadcrumb","itemListElement":[{"@type":"ListItem","position":1,"name":"Startseite","item":"https:\/\/agriportance.com\/de\/"},{"@type":"ListItem","position":2,"name":"Wissen","item":"https:\/\/agriportance.com\/de\/wissen\/"},{"@type":"ListItem","position":3,"name":"Biomethan","item":"https:\/\/agriportance.com\/wissen\/biomethan\/"},{"@type":"ListItem","position":4,"name":"Was ist Biomethan"}]},{"@type":"WebSite","@id":"https:\/\/agriportance.com\/#website","url":"https:\/\/agriportance.com\/","name":"agriportance","description":"Information og tjenester om biometan og LCO2","publisher":{"@id":"https:\/\/agriportance.com\/#organization"},"potentialAction":[{"@type":"SearchAction","target":{"@type":"EntryPoint","urlTemplate":"https:\/\/agriportance.com\/?s={search_term_string}"},"query-input":{"@type":"PropertyValueSpecification","valueRequired":true,"valueName":"search_term_string"}}],"inLanguage":"da-DK"},{"@type":"Organization","@id":"https:\/\/agriportance.com\/#organization","name":"agriportance GmbH","url":"https:\/\/agriportance.com\/","logo":{"@type":"ImageObject","inLanguage":"da-DK","@id":"https:\/\/agriportance.com\/#\/schema\/logo\/image\/","url":"https:\/\/agriportance.com\/wp-content\/uploads\/2023\/05\/agriportance-logo.png","contentUrl":"https:\/\/agriportance.com\/wp-content\/uploads\/2023\/05\/agriportance-logo.png","width":701,"height":108,"caption":"agriportance GmbH"},"image":{"@id":"https:\/\/agriportance.com\/#\/schema\/logo\/image\/"},"sameAs":["https:\/\/www.facebook.com\/agriportance","https:\/\/x.com\/agriportance","https:\/\/de.linkedin.com\/company\/agriportance","https:\/\/www.instagram.com\/agriportance"]}]}},"_links":{"self":[{"href":"https:\/\/agriportance.com\/da\/wp-json\/wp\/v2\/pages\/159","targetHints":{"allow":["GET"]}}],"collection":[{"href":"https:\/\/agriportance.com\/da\/wp-json\/wp\/v2\/pages"}],"about":[{"href":"https:\/\/agriportance.com\/da\/wp-json\/wp\/v2\/types\/page"}],"author":[{"embeddable":true,"href":"https:\/\/agriportance.com\/da\/wp-json\/wp\/v2\/users\/1"}],"replies":[{"embeddable":true,"href":"https:\/\/agriportance.com\/da\/wp-json\/wp\/v2\/comments?post=159"}],"version-history":[{"count":18,"href":"https:\/\/agriportance.com\/da\/wp-json\/wp\/v2\/pages\/159\/revisions"}],"predecessor-version":[{"id":30745,"href":"https:\/\/agriportance.com\/da\/wp-json\/wp\/v2\/pages\/159\/revisions\/30745"}],"up":[{"embeddable":true,"href":"https:\/\/agriportance.com\/da\/wp-json\/wp\/v2\/pages\/123"}],"wp:attachment":[{"href":"https:\/\/agriportance.com\/da\/wp-json\/wp\/v2\/media?parent=159"}],"curies":[{"name":"wp","href":"https:\/\/api.w.org\/{rel}","templated":true}]}}