{"id":1685,"date":"2023-06-15T15:03:00","date_gmt":"2023-06-15T15:03:00","guid":{"rendered":"https:\/\/agriportance.com\/haftungsausschluss"},"modified":"2023-06-19T13:22:52","modified_gmt":"2023-06-19T13:22:52","slug":"ansvarsfraskrivelse","status":"publish","type":"page","link":"https:\/\/agriportance.com\/da\/haftungsausschluss\/","title":{"rendered":"Ansvarsfraskrivelse"},"content":{"rendered":"<!-- Legal document generated by Complianz | GDPR\/CCPA Cookie Consent https:\/\/wordpress.org\/plugins\/complianz-gdpr -->\n<div id=\"cmplz-document\" class=\"cmplz-document disclaimer cmplz-document-all\"><p>agriportance er forpligtet til at holde denne hjemmeside opdateret og n\u00f8jagtig. Skulle du alligevel st\u00f8de p\u00e5 noget, der er forkert eller for\u00e6ldet, vil vi s\u00e6tte pris p\u00e5, at du giver os besked. Angiv venligst, hvor p\u00e5 hjemmesiden du har l\u00e6st oplysningerne. S\u00e5 kigger vi p\u00e5 det s\u00e5 hurtigt som muligt. Send venligst dit svar pr. e-mail til: <span class=\"cmplz-obfuscate\">info@<span class=\"cmplz-fmail-domain\">ex.com<\/span>&#097;&#103;r&#105;p&#111;rtan&#099;&#101;&#046;com<\/span>.<\/p><p>Vi er ikke ansvarlige for tab som f\u00f8lge af un\u00f8jagtigheder eller ufuldst\u00e6ndighed eller for tab som f\u00f8lge af problemer for\u00e5rsaget af eller iboende i formidlingen af information via internettet, s\u00e5som forstyrrelser eller afbrydelser. N\u00e5r vi bruger webformularer, bestr\u00e6ber vi os p\u00e5 at begr\u00e6nse antallet af kr\u00e6vede felter til et minimum. agriportance p\u00e5tager sig intet ansvar for tab som f\u00f8lge af brug af data, r\u00e5d eller ideer, der er leveret af eller p\u00e5 vegne af agriportance via denne hjemmeside.<\/p><p>Alle personlige data, du giver os i forbindelse med dit svar eller din anmodning om oplysninger, vil kun blive brugt i overensstemmelse med vores erkl\u00e6ring om beskyttelse af personlige oplysninger.<\/p><p>agriportance tr\u00e6ffer alle rimelige foranstaltninger for at beskytte sine systemer mod enhver form for ulovlig brug. agriportance gennemf\u00f8rer passende tekniske og organisatoriske foranstaltninger til dette form\u00e5l, bl.a. under hensyntagen til det aktuelle tekniske niveau. Agriportance kan dog ikke holdes ansvarlig for noget tab, direkte og\/eller indirekte, som en bruger af webstedet m\u00e5tte lide som f\u00f8lge af tredjemands ulovlige brug af agriportances systemer.<\/p><p>agriportance p\u00e5tager sig intet ansvar for indholdet af hjemmesider, hvortil eller hvorfra der er et hyperlink eller anden henvisning. Produkter eller tjenester, der tilbydes af tredjeparter, er underlagt de g\u00e6ldende vilk\u00e5r og betingelser for disse tredjeparter.<\/p><p>Alle immaterielle rettigheder til indhold p\u00e5 dette websted tilh\u00f8rer tredjeparter, der selv har placeret indholdet, eller som agriportance har f\u00e5et en brugerlicens fra.<\/p><p>Kopiering, spredning og enhver anden brug af dette materiale er ikke tilladt uden skriftlig tilladelse fra agriportance, undtagen og kun i det omfang, det er fastsat i ufravigelige lovbestemmelser (f.eks. citatretten), medmindre andet f\u00f8lger af det konkrete indhold.<\/p><p>Hvis du har sp\u00f8rgsm\u00e5l eller problemer med hjemmesidens tilg\u00e6ngelighed, er du velkommen til at kontakte os.<\/p><\/div>","protected":false},"excerpt":{"rendered":"","protected":false},"author":1,"featured_media":0,"parent":0,"menu_order":0,"comment_status":"closed","ping_status":"closed","template":"template-layout-full-width.php","meta":{"content-type":"","footnotes":""},"class_list":["post-1685","page","type-page","status-publish","hentry","no-post-thumbnail"],"yoast_head":"<!-- This site is optimized with the Yoast SEO Premium plugin v27.3 (Yoast SEO v27.3) - https:\/\/yoast.com\/product\/yoast-seo-premium-wordpress\/ -->\n<title>Haftungsausschluss | agriportance GmbH<\/title>\n<meta name=\"description\" content=\"Folgend gelangen Sie zu unserem Haftungsausschluss.\" \/>\n<meta name=\"robots\" content=\"index, follow, max-snippet:-1, max-image-preview:large, max-video-preview:-1\" \/>\n<link rel=\"canonical\" href=\"https:\/\/agriportance.com\/da\/ansvarsfraskrivelse\/\" \/>\n<meta property=\"og:locale\" content=\"da_DK\" \/>\n<meta property=\"og:type\" content=\"article\" \/>\n<meta property=\"og:title\" content=\"Haftungsausschluss\" \/>\n<meta property=\"og:description\" content=\"Folgend gelangen Sie zu unserem Haftungsausschluss.\" \/>\n<meta property=\"og:url\" content=\"https:\/\/agriportance.com\/da\/ansvarsfraskrivelse\/\" \/>\n<meta property=\"og:site_name\" content=\"agriportance GmbH\" \/>\n<meta property=\"article:publisher\" content=\"https:\/\/www.facebook.com\/agriportance\" \/>\n<meta property=\"article:modified_time\" content=\"2023-06-19T13:22:52+00:00\" \/>\n<meta name=\"twitter:card\" content=\"summary_large_image\" \/>\n<meta name=\"twitter:site\" content=\"@agriportance\" \/>\n<script type=\"application\/ld+json\" class=\"yoast-schema-graph\">{\"@context\":\"https:\\\/\\\/schema.org\",\"@graph\":[{\"@type\":\"WebPage\",\"@id\":\"https:\\\/\\\/agriportance.com\\\/haftungsausschluss\\\/\",\"url\":\"https:\\\/\\\/agriportance.com\\\/haftungsausschluss\\\/\",\"name\":\"Haftungsausschluss | agriportance GmbH\",\"isPartOf\":{\"@id\":\"https:\\\/\\\/agriportance.com\\\/#website\"},\"datePublished\":\"2023-06-15T15:03:00+00:00\",\"dateModified\":\"2023-06-19T13:22:52+00:00\",\"description\":\"Folgend gelangen Sie zu unserem Haftungsausschluss.\",\"breadcrumb\":{\"@id\":\"https:\\\/\\\/agriportance.com\\\/haftungsausschluss\\\/#breadcrumb\"},\"inLanguage\":\"da-DK\",\"potentialAction\":[{\"@type\":\"ReadAction\",\"target\":[\"https:\\\/\\\/agriportance.com\\\/haftungsausschluss\\\/\"]}]},{\"@type\":\"BreadcrumbList\",\"@id\":\"https:\\\/\\\/agriportance.com\\\/haftungsausschluss\\\/#breadcrumb\",\"itemListElement\":[{\"@type\":\"ListItem\",\"position\":1,\"name\":\"Startseite\",\"item\":\"https:\\\/\\\/agriportance.com\\\/de\\\/\"},{\"@type\":\"ListItem\",\"position\":2,\"name\":\"Haftungsausschluss\"}]},{\"@type\":\"WebSite\",\"@id\":\"https:\\\/\\\/agriportance.com\\\/#website\",\"url\":\"https:\\\/\\\/agriportance.com\\\/\",\"name\":\"agriportance\",\"description\":\"Informationen und Dienstleistungen zu Biomethan und LCO2\",\"publisher\":{\"@id\":\"https:\\\/\\\/agriportance.com\\\/#organization\"},\"potentialAction\":[{\"@type\":\"SearchAction\",\"target\":{\"@type\":\"EntryPoint\",\"urlTemplate\":\"https:\\\/\\\/agriportance.com\\\/?s={search_term_string}\"},\"query-input\":{\"@type\":\"PropertyValueSpecification\",\"valueRequired\":true,\"valueName\":\"search_term_string\"}}],\"inLanguage\":\"da-DK\"},{\"@type\":\"Organization\",\"@id\":\"https:\\\/\\\/agriportance.com\\\/#organization\",\"name\":\"agriportance GmbH\",\"url\":\"https:\\\/\\\/agriportance.com\\\/\",\"logo\":{\"@type\":\"ImageObject\",\"inLanguage\":\"da-DK\",\"@id\":\"https:\\\/\\\/agriportance.com\\\/#\\\/schema\\\/logo\\\/image\\\/\",\"url\":\"https:\\\/\\\/agriportance.com\\\/wp-content\\\/uploads\\\/2023\\\/05\\\/agriportance-logo.png\",\"contentUrl\":\"https:\\\/\\\/agriportance.com\\\/wp-content\\\/uploads\\\/2023\\\/05\\\/agriportance-logo.png\",\"width\":701,\"height\":108,\"caption\":\"agriportance GmbH\"},\"image\":{\"@id\":\"https:\\\/\\\/agriportance.com\\\/#\\\/schema\\\/logo\\\/image\\\/\"},\"sameAs\":[\"https:\\\/\\\/www.facebook.com\\\/agriportance\",\"https:\\\/\\\/x.com\\\/agriportance\",\"https:\\\/\\\/de.linkedin.com\\\/company\\\/agriportance\",\"https:\\\/\\\/www.instagram.com\\\/agriportance\"]}]}<\/script>\n<!-- \/ Yoast SEO Premium plugin. -->","yoast_head_json":{"title":"Ansvarsfraskrivelse | agriportance GmbH","description":"Nedenfor finder du vores ansvarsfraskrivelse.","robots":{"index":"index","follow":"follow","max-snippet":"max-snippet:-1","max-image-preview":"max-image-preview:large","max-video-preview":"max-video-preview:-1"},"canonical":"https:\/\/agriportance.com\/da\/ansvarsfraskrivelse\/","og_locale":"da_DK","og_type":"article","og_title":"Haftungsausschluss","og_description":"Folgend gelangen Sie zu unserem Haftungsausschluss.","og_url":"https:\/\/agriportance.com\/da\/ansvarsfraskrivelse\/","og_site_name":"agriportance GmbH","article_publisher":"https:\/\/www.facebook.com\/agriportance","article_modified_time":"2023-06-19T13:22:52+00:00","twitter_card":"summary_large_image","twitter_site":"@agriportance","schema":{"@context":"https:\/\/schema.org","@graph":[{"@type":"WebPage","@id":"https:\/\/agriportance.com\/haftungsausschluss\/","url":"https:\/\/agriportance.com\/haftungsausschluss\/","name":"Ansvarsfraskrivelse | agriportance GmbH","isPartOf":{"@id":"https:\/\/agriportance.com\/#website"},"datePublished":"2023-06-15T15:03:00+00:00","dateModified":"2023-06-19T13:22:52+00:00","description":"Nedenfor finder du vores ansvarsfraskrivelse.","breadcrumb":{"@id":"https:\/\/agriportance.com\/haftungsausschluss\/#breadcrumb"},"inLanguage":"da-DK","potentialAction":[{"@type":"ReadAction","target":["https:\/\/agriportance.com\/haftungsausschluss\/"]}]},{"@type":"BreadcrumbList","@id":"https:\/\/agriportance.com\/haftungsausschluss\/#breadcrumb","itemListElement":[{"@type":"ListItem","position":1,"name":"Startseite","item":"https:\/\/agriportance.com\/de\/"},{"@type":"ListItem","position":2,"name":"Haftungsausschluss"}]},{"@type":"WebSite","@id":"https:\/\/agriportance.com\/#website","url":"https:\/\/agriportance.com\/","name":"agriportance","description":"Information og tjenester om biometan og LCO2","publisher":{"@id":"https:\/\/agriportance.com\/#organization"},"potentialAction":[{"@type":"SearchAction","target":{"@type":"EntryPoint","urlTemplate":"https:\/\/agriportance.com\/?s={search_term_string}"},"query-input":{"@type":"PropertyValueSpecification","valueRequired":true,"valueName":"search_term_string"}}],"inLanguage":"da-DK"},{"@type":"Organization","@id":"https:\/\/agriportance.com\/#organization","name":"agriportance GmbH","url":"https:\/\/agriportance.com\/","logo":{"@type":"ImageObject","inLanguage":"da-DK","@id":"https:\/\/agriportance.com\/#\/schema\/logo\/image\/","url":"https:\/\/agriportance.com\/wp-content\/uploads\/2023\/05\/agriportance-logo.png","contentUrl":"https:\/\/agriportance.com\/wp-content\/uploads\/2023\/05\/agriportance-logo.png","width":701,"height":108,"caption":"agriportance GmbH"},"image":{"@id":"https:\/\/agriportance.com\/#\/schema\/logo\/image\/"},"sameAs":["https:\/\/www.facebook.com\/agriportance","https:\/\/x.com\/agriportance","https:\/\/de.linkedin.com\/company\/agriportance","https:\/\/www.instagram.com\/agriportance"]}]}},"_links":{"self":[{"href":"https:\/\/agriportance.com\/da\/wp-json\/wp\/v2\/pages\/1685","targetHints":{"allow":["GET"]}}],"collection":[{"href":"https:\/\/agriportance.com\/da\/wp-json\/wp\/v2\/pages"}],"about":[{"href":"https:\/\/agriportance.com\/da\/wp-json\/wp\/v2\/types\/page"}],"author":[{"embeddable":true,"href":"https:\/\/agriportance.com\/da\/wp-json\/wp\/v2\/users\/1"}],"replies":[{"embeddable":true,"href":"https:\/\/agriportance.com\/da\/wp-json\/wp\/v2\/comments?post=1685"}],"version-history":[{"count":2,"href":"https:\/\/agriportance.com\/da\/wp-json\/wp\/v2\/pages\/1685\/revisions"}],"predecessor-version":[{"id":1765,"href":"https:\/\/agriportance.com\/da\/wp-json\/wp\/v2\/pages\/1685\/revisions\/1765"}],"wp:attachment":[{"href":"https:\/\/agriportance.com\/da\/wp-json\/wp\/v2\/media?parent=1685"}],"curies":[{"name":"wp","href":"https:\/\/api.w.org\/{rel}","templated":true}]}}