{"id":2058,"date":"2023-07-04T12:18:40","date_gmt":"2023-07-04T12:18:40","guid":{"rendered":"https:\/\/agriportance.com\/?page_id=2058"},"modified":"2024-01-25T16:11:09","modified_gmt":"2024-01-25T16:11:09","slug":"vide","status":"publish","type":"page","link":"https:\/\/agriportance.com\/da\/wissen\/","title":{"rendered":"Viden"},"content":{"rendered":"<div id=\"cs-content\" class=\"cs-content\"><div class=\"x-section e2058-e1 m1l6-0 m1l6-1 m1l6-2\"><div class=\"x-text x-text-headline e2058-e2 m1l6-5 m1l6-6\"><div class=\"x-text-content\"><div class=\"x-text-content-text\"><h1 class=\"x-text-content-text-primary\"><h1 style=\"text-align: center;\">Viden om emnet biometan<\/h1><\/h1>\n<\/div><\/div><\/div><\/div><div class=\"x-section e2058-e3 m1l6-0 m1l6-1 m1l6-3\"><div class=\"x-row x-container max width e2058-e4 m1l6-8 m1l6-9 m1l6-b\"><div class=\"x-row-inner\"><div class=\"x-col e2058-e5 m1l6-d m1l6-e\"><div class=\"x-text x-content e2058-e6 m1l6-j\"><p class=\"p1\">Her finder du en omfattende samling af information, podcasts, blogartikler, publikationer og downloads, der kan udvide din viden om emnet b\u00e6redygtighed og biometan. Vores m\u00e5l er at give dig en v\u00e6rdifuld ressource om emnet biometan.<\/p>\n<p class=\"p1\"><strong>Podcast:<\/strong><\/p>\n<p class=\"p1\">Fordyb dig i en verden af biometan med vores informative podcast. Vi d\u00e6kker en r\u00e6kke forskellige emner, fra produktion og forarbejdning til anvendelse og fordele ved biometan. L\u00e6r af eksperter, hvordan biometan bidrager til energiomstillingen, og hvordan det kan bruges i forskellige sektorer som transport, industri og husholdninger.<\/p>\n<p class=\"p1\"><strong>Blog:<\/strong><\/p>\n<p class=\"p1\">I vores blog holder vi dig regelm\u00e6ssigt opdateret om den seneste udvikling og interessante aspekter inden for biometan. Vores eksperter deler deres viden og giver indsigt i de seneste forskningsresultater, innovative teknologier og vellykkede projekter. Her finder du sp\u00e6ndende artikler, der vil hj\u00e6lpe dig med at forst\u00e5 og udnytte biometans fulde potentiale.<\/p>\n<p class=\"p1\"><strong>Publikationer:<\/strong><\/p>\n<p class=\"p1\">Vores omfattende samling af publikationer giver dig dybdeg\u00e5ende indsigt i forskellige aspekter af biometan. Fra videnskabelige artikler og casestudier til vejledninger og rapporter finder du et v\u00e6ld af information af h\u00f8j kvalitet. Vores publikationer er skrevet af anerkendte eksperter og er en v\u00e6rdifuld ressource for forskere, fagfolk og interesserede parter.<\/p>\n<p class=\"p1\">God forn\u00f8jelse med at kigge!<\/p><\/div><\/div><\/div><\/div><\/div><div class=\"x-section e2058-e7 m1l6-0 m1l6-4\"><div class=\"x-row e2058-e8 m1l6-8 m1l6-a m1l6-c\"><div class=\"x-row-inner\"><div class=\"x-col e2058-e9 m1l6-d m1l6-f m1l6-g interactive-column\"><div class=\"x-bg\" aria-hidden=\"true\"><div class=\"x-bg-layer-lower-image\"><\/div><div class=\"x-bg-layer-upper-color\"><\/div><\/div><div class=\"x-text x-text-headline e2058-e10 m1l6-5 m1l6-7\"><div class=\"x-text-content\"><div class=\"x-text-content-text\"><h2 class=\"x-text-content-text-primary\">agriportcast\nVores podcast<\/h2>\n<\/div><\/div><\/div><a class=\"x-anchor x-anchor-button has-graphic e2058-e11 m1l6-k m1l6-l icon\" tabindex=\"0\" href=\"#\"><div class=\"x-anchor-content\"><span class=\"x-graphic\" aria-hidden=\"true\"><i class=\"x-icon x-graphic-child x-graphic-icon x-graphic-primary\" aria-hidden=\"true\" data-x-icon-l=\"&#x2b;\"><\/i><\/span><\/div><\/a><a class=\"x-anchor x-anchor-button has-graphic e2058-e12 m1l6-k m1l6-m m1l6-n\" tabindex=\"0\" href=\"https:\/\/agriportance.com\/da\/vide\/podcast\/\"><div class=\"x-anchor-content\"><span class=\"x-graphic\" aria-hidden=\"true\"><i class=\"x-icon x-graphic-child x-graphic-icon x-graphic-primary\" aria-hidden=\"true\" data-x-icon-l=\"&#xf105;\"><\/i><\/span><div class=\"x-anchor-text\"><span class=\"x-anchor-text-primary\">Klik her<\/span><\/div><\/div><\/a><\/div><div class=\"x-col e2058-e13 m1l6-d m1l6-f m1l6-h interactive-column\"><div class=\"x-bg\" aria-hidden=\"true\"><div class=\"x-bg-layer-lower-image\"><\/div><div class=\"x-bg-layer-upper-color\"><\/div><\/div><div class=\"x-text x-text-headline e2058-e14 m1l6-5 m1l6-7\"><div class=\"x-text-content\"><div class=\"x-text-content-text\"><h2 class=\"x-text-content-text-primary\">Agriportance Blog<\/h2>\n<\/div><\/div><\/div><a class=\"x-anchor x-anchor-button has-graphic e2058-e15 m1l6-k m1l6-l icon\" tabindex=\"0\" href=\"#\"><div class=\"x-anchor-content\"><span class=\"x-graphic\" aria-hidden=\"true\"><i class=\"x-icon x-graphic-child x-graphic-icon x-graphic-primary\" aria-hidden=\"true\" data-x-icon-l=\"&#x2b;\"><\/i><\/span><\/div><\/a><a class=\"x-anchor x-anchor-button has-graphic e2058-e16 m1l6-k m1l6-m m1l6-o\" tabindex=\"0\" href=\"https:\/\/agriportance.com\/da\/vide\/blog\/\"><div class=\"x-anchor-content\"><span class=\"x-graphic\" aria-hidden=\"true\"><i class=\"x-icon x-graphic-child x-graphic-icon x-graphic-primary\" aria-hidden=\"true\" data-x-icon-l=\"&#xf105;\"><\/i><\/span><div class=\"x-anchor-text\"><span class=\"x-anchor-text-primary\">Klik her<\/span><\/div><\/div><\/a><\/div><div class=\"x-col e2058-e17 m1l6-d m1l6-f m1l6-i interactive-column\"><div class=\"x-bg\" aria-hidden=\"true\"><div class=\"x-bg-layer-lower-image\"><\/div><div class=\"x-bg-layer-upper-color\"><\/div><\/div><div class=\"x-text x-text-headline e2058-e18 m1l6-5 m1l6-7\"><div class=\"x-text-content\"><div class=\"x-text-content-text\"><h2 class=\"x-text-content-text-primary\">Publikationer<\/h2>\n<\/div><\/div><\/div><a class=\"x-anchor x-anchor-button has-graphic e2058-e19 m1l6-k m1l6-l icon\" tabindex=\"0\" href=\"#\"><div class=\"x-anchor-content\"><span class=\"x-graphic\" aria-hidden=\"true\"><i class=\"x-icon x-graphic-child x-graphic-icon x-graphic-primary\" aria-hidden=\"true\" data-x-icon-l=\"&#x2b;\"><\/i><\/span><\/div><\/a><a class=\"x-anchor x-anchor-button has-graphic e2058-e20 m1l6-k m1l6-m m1l6-o\" tabindex=\"0\" href=\"#\"><div class=\"x-anchor-content\"><span class=\"x-graphic\" aria-hidden=\"true\"><i class=\"x-icon x-graphic-child x-graphic-icon x-graphic-primary\" aria-hidden=\"true\" data-x-icon-l=\"&#xf105;\"><\/i><\/span><div class=\"x-anchor-text\"><span class=\"x-anchor-text-primary\">Klik her<\/span><\/div><\/div><\/a><\/div><\/div><\/div><\/div><\/div>","protected":false},"excerpt":{"rendered":"<p>Viden om biometan Her finder du en omfattende samling af information, podcasts, blogartikler, publikationer og downloads, der kan udvide din viden om b\u00e6redygtighed og biometan. Vores m\u00e5l er at give dig en v\u00e6rdifuld kilde til information om alle aspekter af biometan. Podcast: Fordyb dig i biometanens verden med vores informative podcast. Vi d\u00e6kker ...<\/p>","protected":false},"author":2,"featured_media":0,"parent":0,"menu_order":0,"comment_status":"closed","ping_status":"closed","template":"template-blank-4.php","meta":{"content-type":"","footnotes":""},"class_list":["post-2058","page","type-page","status-publish","hentry","no-post-thumbnail"],"yoast_head":"<!-- This site is optimized with the Yoast SEO Premium plugin v27.4 (Yoast SEO v27.4) - https:\/\/yoast.com\/product\/yoast-seo-premium-wordpress\/ -->\n<title>Wissen zu Biomethan: Podcast, Blog, Publikationen &amp; Downloads<\/title>\n<meta name=\"description\" content=\"Erfahren Sie mehr zum Thema Biomethan &amp; LCO2 in unserem Podcast oder Blog. Nutzen Sie unsere Publikationen &amp; Downloads. Jetzt Wissen aneignen\" \/>\n<meta name=\"robots\" content=\"index, follow, max-snippet:-1, max-image-preview:large, max-video-preview:-1\" \/>\n<link rel=\"canonical\" href=\"https:\/\/agriportance.com\/da\/vide\/\" \/>\n<meta property=\"og:locale\" content=\"da_DK\" \/>\n<meta property=\"og:type\" content=\"article\" \/>\n<meta property=\"og:title\" content=\"Wissen\" \/>\n<meta property=\"og:description\" content=\"Erfahren Sie mehr zum Thema Biomethan &amp; LCO2 in unserem Podcast oder Blog. Nutzen Sie unsere Publikationen &amp; Downloads. Jetzt Wissen aneignen\" \/>\n<meta property=\"og:url\" content=\"https:\/\/agriportance.com\/da\/vide\/\" \/>\n<meta property=\"og:site_name\" content=\"agriportance GmbH\" \/>\n<meta property=\"article:publisher\" content=\"https:\/\/www.facebook.com\/agriportance\" \/>\n<meta property=\"article:modified_time\" content=\"2024-01-25T16:11:09+00:00\" \/>\n<meta name=\"twitter:card\" content=\"summary_large_image\" \/>\n<meta name=\"twitter:site\" content=\"@agriportance\" \/>\n<meta name=\"twitter:label1\" content=\"Estimeret l\u00e6setid\" \/>\n\t<meta name=\"twitter:data1\" content=\"2 minutter\" \/>\n<script type=\"application\/ld+json\" class=\"yoast-schema-graph\">{\"@context\":\"https:\\\/\\\/schema.org\",\"@graph\":[{\"@type\":\"WebPage\",\"@id\":\"https:\\\/\\\/agriportance.com\\\/de\\\/wissen\\\/\",\"url\":\"https:\\\/\\\/agriportance.com\\\/de\\\/wissen\\\/\",\"name\":\"Wissen zu Biomethan: Podcast, Blog, Publikationen & Downloads\",\"isPartOf\":{\"@id\":\"https:\\\/\\\/agriportance.com\\\/#website\"},\"datePublished\":\"2023-07-04T12:18:40+00:00\",\"dateModified\":\"2024-01-25T16:11:09+00:00\",\"description\":\"Erfahren Sie mehr zum Thema Biomethan & LCO2 in unserem Podcast oder Blog. Nutzen Sie unsere Publikationen & Downloads. Jetzt Wissen aneignen\",\"breadcrumb\":{\"@id\":\"https:\\\/\\\/agriportance.com\\\/de\\\/wissen\\\/#breadcrumb\"},\"inLanguage\":\"da-DK\",\"potentialAction\":[{\"@type\":\"ReadAction\",\"target\":[\"https:\\\/\\\/agriportance.com\\\/de\\\/wissen\\\/\"]}]},{\"@type\":\"BreadcrumbList\",\"@id\":\"https:\\\/\\\/agriportance.com\\\/de\\\/wissen\\\/#breadcrumb\",\"itemListElement\":[{\"@type\":\"ListItem\",\"position\":1,\"name\":\"Startseite\",\"item\":\"https:\\\/\\\/agriportance.com\\\/de\\\/\"},{\"@type\":\"ListItem\",\"position\":2,\"name\":\"Wissen\"}]},{\"@type\":\"WebSite\",\"@id\":\"https:\\\/\\\/agriportance.com\\\/#website\",\"url\":\"https:\\\/\\\/agriportance.com\\\/\",\"name\":\"agriportance\",\"description\":\"Informationen und Dienstleistungen zu Biomethan und LCO2\",\"publisher\":{\"@id\":\"https:\\\/\\\/agriportance.com\\\/#organization\"},\"potentialAction\":[{\"@type\":\"SearchAction\",\"target\":{\"@type\":\"EntryPoint\",\"urlTemplate\":\"https:\\\/\\\/agriportance.com\\\/?s={search_term_string}\"},\"query-input\":{\"@type\":\"PropertyValueSpecification\",\"valueRequired\":true,\"valueName\":\"search_term_string\"}}],\"inLanguage\":\"da-DK\"},{\"@type\":\"Organization\",\"@id\":\"https:\\\/\\\/agriportance.com\\\/#organization\",\"name\":\"agriportance GmbH\",\"url\":\"https:\\\/\\\/agriportance.com\\\/\",\"logo\":{\"@type\":\"ImageObject\",\"inLanguage\":\"da-DK\",\"@id\":\"https:\\\/\\\/agriportance.com\\\/#\\\/schema\\\/logo\\\/image\\\/\",\"url\":\"https:\\\/\\\/agriportance.com\\\/wp-content\\\/uploads\\\/2023\\\/05\\\/agriportance-logo.png\",\"contentUrl\":\"https:\\\/\\\/agriportance.com\\\/wp-content\\\/uploads\\\/2023\\\/05\\\/agriportance-logo.png\",\"width\":701,\"height\":108,\"caption\":\"agriportance GmbH\"},\"image\":{\"@id\":\"https:\\\/\\\/agriportance.com\\\/#\\\/schema\\\/logo\\\/image\\\/\"},\"sameAs\":[\"https:\\\/\\\/www.facebook.com\\\/agriportance\",\"https:\\\/\\\/x.com\\\/agriportance\",\"https:\\\/\\\/de.linkedin.com\\\/company\\\/agriportance\",\"https:\\\/\\\/www.instagram.com\\\/agriportance\"]}]}<\/script>\n<!-- \/ Yoast SEO Premium plugin. -->","yoast_head_json":{"title":"Viden om biometan: podcast, blog, publikationer &amp; downloads","description":"Find ud af mere om biometan &amp; LCO2 i vores podcast eller blog. Brug vores publikationer og downloads. Tilegn dig viden nu","robots":{"index":"index","follow":"follow","max-snippet":"max-snippet:-1","max-image-preview":"max-image-preview:large","max-video-preview":"max-video-preview:-1"},"canonical":"https:\/\/agriportance.com\/da\/vide\/","og_locale":"da_DK","og_type":"article","og_title":"Wissen","og_description":"Erfahren Sie mehr zum Thema Biomethan & LCO2 in unserem Podcast oder Blog. Nutzen Sie unsere Publikationen & Downloads. Jetzt Wissen aneignen","og_url":"https:\/\/agriportance.com\/da\/vide\/","og_site_name":"agriportance GmbH","article_publisher":"https:\/\/www.facebook.com\/agriportance","article_modified_time":"2024-01-25T16:11:09+00:00","twitter_card":"summary_large_image","twitter_site":"@agriportance","twitter_misc":{"Estimeret l\u00e6setid":"2 minutter"},"schema":{"@context":"https:\/\/schema.org","@graph":[{"@type":"WebPage","@id":"https:\/\/agriportance.com\/de\/wissen\/","url":"https:\/\/agriportance.com\/de\/wissen\/","name":"Viden om biometan: podcast, blog, publikationer &amp; downloads","isPartOf":{"@id":"https:\/\/agriportance.com\/#website"},"datePublished":"2023-07-04T12:18:40+00:00","dateModified":"2024-01-25T16:11:09+00:00","description":"Find ud af mere om biometan &amp; LCO2 i vores podcast eller blog. Brug vores publikationer og downloads. Tilegn dig viden nu","breadcrumb":{"@id":"https:\/\/agriportance.com\/de\/wissen\/#breadcrumb"},"inLanguage":"da-DK","potentialAction":[{"@type":"ReadAction","target":["https:\/\/agriportance.com\/de\/wissen\/"]}]},{"@type":"BreadcrumbList","@id":"https:\/\/agriportance.com\/de\/wissen\/#breadcrumb","itemListElement":[{"@type":"ListItem","position":1,"name":"Startseite","item":"https:\/\/agriportance.com\/de\/"},{"@type":"ListItem","position":2,"name":"Wissen"}]},{"@type":"WebSite","@id":"https:\/\/agriportance.com\/#website","url":"https:\/\/agriportance.com\/","name":"agriportance","description":"Information og tjenester om biometan og LCO2","publisher":{"@id":"https:\/\/agriportance.com\/#organization"},"potentialAction":[{"@type":"SearchAction","target":{"@type":"EntryPoint","urlTemplate":"https:\/\/agriportance.com\/?s={search_term_string}"},"query-input":{"@type":"PropertyValueSpecification","valueRequired":true,"valueName":"search_term_string"}}],"inLanguage":"da-DK"},{"@type":"Organization","@id":"https:\/\/agriportance.com\/#organization","name":"agriportance GmbH","url":"https:\/\/agriportance.com\/","logo":{"@type":"ImageObject","inLanguage":"da-DK","@id":"https:\/\/agriportance.com\/#\/schema\/logo\/image\/","url":"https:\/\/agriportance.com\/wp-content\/uploads\/2023\/05\/agriportance-logo.png","contentUrl":"https:\/\/agriportance.com\/wp-content\/uploads\/2023\/05\/agriportance-logo.png","width":701,"height":108,"caption":"agriportance GmbH"},"image":{"@id":"https:\/\/agriportance.com\/#\/schema\/logo\/image\/"},"sameAs":["https:\/\/www.facebook.com\/agriportance","https:\/\/x.com\/agriportance","https:\/\/de.linkedin.com\/company\/agriportance","https:\/\/www.instagram.com\/agriportance"]}]}},"_links":{"self":[{"href":"https:\/\/agriportance.com\/da\/wp-json\/wp\/v2\/pages\/2058","targetHints":{"allow":["GET"]}}],"collection":[{"href":"https:\/\/agriportance.com\/da\/wp-json\/wp\/v2\/pages"}],"about":[{"href":"https:\/\/agriportance.com\/da\/wp-json\/wp\/v2\/types\/page"}],"author":[{"embeddable":true,"href":"https:\/\/agriportance.com\/da\/wp-json\/wp\/v2\/users\/2"}],"replies":[{"embeddable":true,"href":"https:\/\/agriportance.com\/da\/wp-json\/wp\/v2\/comments?post=2058"}],"version-history":[{"count":8,"href":"https:\/\/agriportance.com\/da\/wp-json\/wp\/v2\/pages\/2058\/revisions"}],"predecessor-version":[{"id":31315,"href":"https:\/\/agriportance.com\/da\/wp-json\/wp\/v2\/pages\/2058\/revisions\/31315"}],"wp:attachment":[{"href":"https:\/\/agriportance.com\/da\/wp-json\/wp\/v2\/media?parent=2058"}],"curies":[{"name":"wp","href":"https:\/\/api.w.org\/{rel}","templated":true}]}}