{"id":2240,"date":"2023-07-26T08:25:09","date_gmt":"2023-07-26T08:25:09","guid":{"rendered":"https:\/\/agriportance.com\/?page_id=2240"},"modified":"2023-10-20T14:13:32","modified_gmt":"2023-10-20T14:13:32","slug":"presseartikel","status":"publish","type":"page","link":"https:\/\/agriportance.com\/da\/unternehmen\/presse\/presseartikel\/","title":{"rendered":"Presseartikel"},"content":{"rendered":"<div id=\"cs-content\" class=\"cs-content\"><\/div>","protected":false},"excerpt":{"rendered":"<p>Presseartikler agriportance Her finder du en omfattende samling af alle presseartikler om vores virksomhed, omhyggeligt sorteret efter \u00e5r. Dyk ned i vores virksomhedshistorie, og find ud af mere om vores milep\u00e6le, succeser og udvikling gennem \u00e5rene. Vores \"Presseoversigt\" er et arkiv, der giver dig et overblik over mediernes tilstedev\u00e6relse og rapportering om vores virksomhed.  Artiklerne er ...<\/p>","protected":false},"author":2,"featured_media":0,"parent":2256,"menu_order":0,"comment_status":"closed","ping_status":"closed","template":"template-blank-4.php","meta":{"content-type":"","footnotes":""},"class_list":["post-2240","page","type-page","status-publish","hentry","no-post-thumbnail"],"yoast_head":"<!-- This site is optimized with the Yoast SEO Premium plugin v27.3 (Yoast SEO v27.3) - https:\/\/yoast.com\/product\/yoast-seo-premium-wordpress\/ -->\n<title>Pressearchiv von agriportance | Hier finden Sie unsere PR-Artikel<\/title>\n<meta name=\"description\" content=\"Im Pressearchiv der agriportance GmbH finden Sie ver\u00f6ffentlichte Beitr\u00e4ge, Medienmitteilungen und Presseartikel\" \/>\n<meta name=\"robots\" content=\"index, follow, max-snippet:-1, max-image-preview:large, max-video-preview:-1\" \/>\n<link rel=\"canonical\" href=\"https:\/\/agriportance.com\/da\/virksomhed\/presse\/presseartikel\/\" \/>\n<meta property=\"og:locale\" content=\"da_DK\" \/>\n<meta property=\"og:type\" content=\"article\" \/>\n<meta property=\"og:title\" content=\"Presseartikel\" \/>\n<meta property=\"og:description\" content=\"Im Pressearchiv der agriportance GmbH finden Sie ver\u00f6ffentlichte Beitr\u00e4ge, Medienmitteilungen und Presseartikel\" \/>\n<meta property=\"og:url\" content=\"https:\/\/agriportance.com\/da\/virksomhed\/presse\/presseartikel\/\" \/>\n<meta property=\"og:site_name\" content=\"agriportance GmbH\" \/>\n<meta property=\"article:publisher\" content=\"https:\/\/www.facebook.com\/agriportance\" \/>\n<meta property=\"article:modified_time\" content=\"2023-10-20T14:13:32+00:00\" \/>\n<meta name=\"twitter:card\" content=\"summary_large_image\" \/>\n<meta name=\"twitter:site\" content=\"@agriportance\" \/>\n<meta name=\"twitter:label1\" content=\"Estimeret l\u00e6setid\" \/>\n\t<meta name=\"twitter:data1\" content=\"3 minutter\" \/>\n<script type=\"application\/ld+json\" class=\"yoast-schema-graph\">{\"@context\":\"https:\\\/\\\/schema.org\",\"@graph\":[{\"@type\":\"WebPage\",\"@id\":\"https:\\\/\\\/agriportance.com\\\/de\\\/unternehmen\\\/presse\\\/presseartikel\\\/\",\"url\":\"https:\\\/\\\/agriportance.com\\\/de\\\/unternehmen\\\/presse\\\/presseartikel\\\/\",\"name\":\"Pressearchiv von agriportance | Hier finden Sie unsere PR-Artikel\",\"isPartOf\":{\"@id\":\"https:\\\/\\\/agriportance.com\\\/#website\"},\"datePublished\":\"2023-07-26T08:25:09+00:00\",\"dateModified\":\"2023-10-20T14:13:32+00:00\",\"description\":\"Im Pressearchiv der agriportance GmbH finden Sie ver\u00f6ffentlichte Beitr\u00e4ge, Medienmitteilungen und Presseartikel\",\"breadcrumb\":{\"@id\":\"https:\\\/\\\/agriportance.com\\\/de\\\/unternehmen\\\/presse\\\/presseartikel\\\/#breadcrumb\"},\"inLanguage\":\"da-DK\",\"potentialAction\":[{\"@type\":\"ReadAction\",\"target\":[\"https:\\\/\\\/agriportance.com\\\/de\\\/unternehmen\\\/presse\\\/presseartikel\\\/\"]}]},{\"@type\":\"BreadcrumbList\",\"@id\":\"https:\\\/\\\/agriportance.com\\\/de\\\/unternehmen\\\/presse\\\/presseartikel\\\/#breadcrumb\",\"itemListElement\":[{\"@type\":\"ListItem\",\"position\":1,\"name\":\"Startseite\",\"item\":\"https:\\\/\\\/agriportance.com\\\/de\\\/\"},{\"@type\":\"ListItem\",\"position\":2,\"name\":\"Unternehmen\",\"item\":\"https:\\\/\\\/agriportance.com\\\/de\\\/unternehmen\\\/\"},{\"@type\":\"ListItem\",\"position\":3,\"name\":\"Presse\",\"item\":\"https:\\\/\\\/agriportance.com\\\/de\\\/unternehmen\\\/presse\\\/\"},{\"@type\":\"ListItem\",\"position\":4,\"name\":\"Presseartikel\"}]},{\"@type\":\"WebSite\",\"@id\":\"https:\\\/\\\/agriportance.com\\\/#website\",\"url\":\"https:\\\/\\\/agriportance.com\\\/\",\"name\":\"agriportance\",\"description\":\"Informationen und Dienstleistungen zu Biomethan und LCO2\",\"publisher\":{\"@id\":\"https:\\\/\\\/agriportance.com\\\/#organization\"},\"potentialAction\":[{\"@type\":\"SearchAction\",\"target\":{\"@type\":\"EntryPoint\",\"urlTemplate\":\"https:\\\/\\\/agriportance.com\\\/?s={search_term_string}\"},\"query-input\":{\"@type\":\"PropertyValueSpecification\",\"valueRequired\":true,\"valueName\":\"search_term_string\"}}],\"inLanguage\":\"da-DK\"},{\"@type\":\"Organization\",\"@id\":\"https:\\\/\\\/agriportance.com\\\/#organization\",\"name\":\"agriportance GmbH\",\"url\":\"https:\\\/\\\/agriportance.com\\\/\",\"logo\":{\"@type\":\"ImageObject\",\"inLanguage\":\"da-DK\",\"@id\":\"https:\\\/\\\/agriportance.com\\\/#\\\/schema\\\/logo\\\/image\\\/\",\"url\":\"https:\\\/\\\/agriportance.com\\\/wp-content\\\/uploads\\\/2023\\\/05\\\/agriportance-logo.png\",\"contentUrl\":\"https:\\\/\\\/agriportance.com\\\/wp-content\\\/uploads\\\/2023\\\/05\\\/agriportance-logo.png\",\"width\":701,\"height\":108,\"caption\":\"agriportance GmbH\"},\"image\":{\"@id\":\"https:\\\/\\\/agriportance.com\\\/#\\\/schema\\\/logo\\\/image\\\/\"},\"sameAs\":[\"https:\\\/\\\/www.facebook.com\\\/agriportance\",\"https:\\\/\\\/x.com\\\/agriportance\",\"https:\\\/\\\/de.linkedin.com\\\/company\\\/agriportance\",\"https:\\\/\\\/www.instagram.com\\\/agriportance\"]}]}<\/script>\n<!-- \/ Yoast SEO Premium plugin. -->","yoast_head_json":{"title":"Pressearkiv for agriportance | Her kan du finde vores PR-artikler","description":"I agriportance GmbH's pressearkiv kan du finde offentliggjorte artikler, pressemeddelelser og presseartikler.","robots":{"index":"index","follow":"follow","max-snippet":"max-snippet:-1","max-image-preview":"max-image-preview:large","max-video-preview":"max-video-preview:-1"},"canonical":"https:\/\/agriportance.com\/da\/virksomhed\/presse\/presseartikel\/","og_locale":"da_DK","og_type":"article","og_title":"Presseartikel","og_description":"Im Pressearchiv der agriportance GmbH finden Sie ver\u00f6ffentlichte Beitr\u00e4ge, Medienmitteilungen und Presseartikel","og_url":"https:\/\/agriportance.com\/da\/virksomhed\/presse\/presseartikel\/","og_site_name":"agriportance GmbH","article_publisher":"https:\/\/www.facebook.com\/agriportance","article_modified_time":"2023-10-20T14:13:32+00:00","twitter_card":"summary_large_image","twitter_site":"@agriportance","twitter_misc":{"Estimeret l\u00e6setid":"3 minutter"},"schema":{"@context":"https:\/\/schema.org","@graph":[{"@type":"WebPage","@id":"https:\/\/agriportance.com\/de\/unternehmen\/presse\/presseartikel\/","url":"https:\/\/agriportance.com\/de\/unternehmen\/presse\/presseartikel\/","name":"Pressearkiv for agriportance | Her kan du finde vores PR-artikler","isPartOf":{"@id":"https:\/\/agriportance.com\/#website"},"datePublished":"2023-07-26T08:25:09+00:00","dateModified":"2023-10-20T14:13:32+00:00","description":"I agriportance GmbH's pressearkiv kan du finde offentliggjorte artikler, pressemeddelelser og presseartikler.","breadcrumb":{"@id":"https:\/\/agriportance.com\/de\/unternehmen\/presse\/presseartikel\/#breadcrumb"},"inLanguage":"da-DK","potentialAction":[{"@type":"ReadAction","target":["https:\/\/agriportance.com\/de\/unternehmen\/presse\/presseartikel\/"]}]},{"@type":"BreadcrumbList","@id":"https:\/\/agriportance.com\/de\/unternehmen\/presse\/presseartikel\/#breadcrumb","itemListElement":[{"@type":"ListItem","position":1,"name":"Startseite","item":"https:\/\/agriportance.com\/de\/"},{"@type":"ListItem","position":2,"name":"Unternehmen","item":"https:\/\/agriportance.com\/de\/unternehmen\/"},{"@type":"ListItem","position":3,"name":"Presse","item":"https:\/\/agriportance.com\/de\/unternehmen\/presse\/"},{"@type":"ListItem","position":4,"name":"Presseartikel"}]},{"@type":"WebSite","@id":"https:\/\/agriportance.com\/#website","url":"https:\/\/agriportance.com\/","name":"agriportance","description":"Information og tjenester om biometan og LCO2","publisher":{"@id":"https:\/\/agriportance.com\/#organization"},"potentialAction":[{"@type":"SearchAction","target":{"@type":"EntryPoint","urlTemplate":"https:\/\/agriportance.com\/?s={search_term_string}"},"query-input":{"@type":"PropertyValueSpecification","valueRequired":true,"valueName":"search_term_string"}}],"inLanguage":"da-DK"},{"@type":"Organization","@id":"https:\/\/agriportance.com\/#organization","name":"agriportance GmbH","url":"https:\/\/agriportance.com\/","logo":{"@type":"ImageObject","inLanguage":"da-DK","@id":"https:\/\/agriportance.com\/#\/schema\/logo\/image\/","url":"https:\/\/agriportance.com\/wp-content\/uploads\/2023\/05\/agriportance-logo.png","contentUrl":"https:\/\/agriportance.com\/wp-content\/uploads\/2023\/05\/agriportance-logo.png","width":701,"height":108,"caption":"agriportance GmbH"},"image":{"@id":"https:\/\/agriportance.com\/#\/schema\/logo\/image\/"},"sameAs":["https:\/\/www.facebook.com\/agriportance","https:\/\/x.com\/agriportance","https:\/\/de.linkedin.com\/company\/agriportance","https:\/\/www.instagram.com\/agriportance"]}]}},"_links":{"self":[{"href":"https:\/\/agriportance.com\/da\/wp-json\/wp\/v2\/pages\/2240","targetHints":{"allow":["GET"]}}],"collection":[{"href":"https:\/\/agriportance.com\/da\/wp-json\/wp\/v2\/pages"}],"about":[{"href":"https:\/\/agriportance.com\/da\/wp-json\/wp\/v2\/types\/page"}],"author":[{"embeddable":true,"href":"https:\/\/agriportance.com\/da\/wp-json\/wp\/v2\/users\/2"}],"replies":[{"embeddable":true,"href":"https:\/\/agriportance.com\/da\/wp-json\/wp\/v2\/comments?post=2240"}],"version-history":[{"count":10,"href":"https:\/\/agriportance.com\/da\/wp-json\/wp\/v2\/pages\/2240\/revisions"}],"predecessor-version":[{"id":2556,"href":"https:\/\/agriportance.com\/da\/wp-json\/wp\/v2\/pages\/2240\/revisions\/2556"}],"up":[{"embeddable":true,"href":"https:\/\/agriportance.com\/da\/wp-json\/wp\/v2\/pages\/2256"}],"wp:attachment":[{"href":"https:\/\/agriportance.com\/da\/wp-json\/wp\/v2\/media?parent=2240"}],"curies":[{"name":"wp","href":"https:\/\/api.w.org\/{rel}","templated":true}]}}