{"id":34482,"date":"2024-06-05T11:28:12","date_gmt":"2024-06-05T11:28:12","guid":{"rendered":"https:\/\/agriportance.com\/de\/kontakt\/vertriebsgebiete\/vertrieb-spanien-daenemark-2\/"},"modified":"2025-07-30T07:36:09","modified_gmt":"2025-07-30T07:36:09","slug":"salg-benelux-polen","status":"publish","type":"page","link":"https:\/\/agriportance.com\/da\/kontakt\/vertriebsgebiete\/vertrieb-benelux-polen\/","title":{"rendered":"Salg Benelux"},"content":{"rendered":"<div id=\"cs-content\" class=\"cs-content\"><div class=\"x-section e34482-e1 mqlu-0 mqlu-1 mqlu-2\"><div class=\"x-row x-container max width e34482-e2 mqlu-8 mqlu-9 mqlu-a mqlu-b mqlu-e mqlu-f\"><div class=\"x-row-inner\"><div class=\"x-col e34482-e3 mqlu-l\"><div class=\"x-section e34482-e4 mqlu-0 mqlu-2 mqlu-3 mqlu-4\"><div class=\"x-row x-container max width e34482-e5 mqlu-8 mqlu-9 mqlu-a mqlu-b mqlu-e mqlu-g\"><div class=\"x-row-inner\"><div class=\"x-col e34482-e6 mqlu-l\"><nav class=\"x-crumbs e34482-e7 mqlu-n\" role=\"navigation\"><ol class=\"x-crumbs-list\" itemscope=\"\" itemtype=\"http:\/\/schema.org\/BreadcrumbList\" aria-label=\"Br\u00f8dkrumme-navigation\"><li class=\"x-crumbs-list-item\" itemprop=\"itemListElement\" itemscope itemtype=\"http:\/\/schema.org\/ListItem\"><a class=\"x-crumbs-current x-crumbs-link\" itemtype=\"http:\/\/schema.org\/Thing\" itemprop=\"item\" href=\"https:\/\/agriportance.com\/da\/\" title=\"Du er her\"><span itemprop=\"name\"><i class=\"x-icon\" aria-hidden=\"true\" data-x-icon-s=\"&#xf015;\"><\/i><span class=\"visually-hidden\">agriportance<\/span><\/span><\/a><meta itemprop=\"position\" content=\"1\"><\/li><\/ol><\/nav><\/div><\/div><\/div><\/div><\/div><\/div><\/div><\/div><div class=\"x-section e34482-e8 mqlu-0 mqlu-3 mqlu-5 mqlu-6\"><div class=\"x-bg\" aria-hidden=\"true\"><div class=\"x-bg-layer-lower-image\"><\/div><div class=\"x-bg-layer-upper-color\"><\/div><\/div><div class=\"x-div x-container max width e34482-e9 mqlu-o\"><div class=\"x-section e34482-e10 mqlu-0 mqlu-3 mqlu-5 mqlu-6\"><div class=\"x-bg\" aria-hidden=\"true\"><div class=\"x-bg-layer-lower-image\"><\/div><div class=\"x-bg-layer-upper-color\"><\/div><\/div><div class=\"x-div x-container max width e34482-e11 mqlu-o\"><div class=\"x-row e34482-e12 mqlu-8 mqlu-9 mqlu-c mqlu-h\"><div class=\"x-row-inner\"><div class=\"x-col e34482-e13 mqlu-l\"><span class=\"x-image e34482-e14 mqlu-p\"><img decoding=\"async\" src=\"https:\/\/agriportance.com\/wp-content\/uploads\/2025\/01\/kelsey-winkel-agriportance.png\" width=\"250\" height=\"324\" alt=\"christian-schuerholz-agriportance\"><\/span><\/div><div class=\"x-col e34482-e15 mqlu-l\"><div class=\"x-text x-content e34482-e16 mqlu-q mqlu-r mqlu-s\"><h1>DISTRIBUTIONSOMR\u00c5DE Holland<\/h1><\/div><div class=\"x-text x-text-headline e34482-e17 mqlu-w mqlu-x mqlu-y\"><div class=\"x-text-content\"><div class=\"x-text-content-text\">\n<h2 class=\"x-text-content-text-primary\">Kelsey Angle<\/h2><\/div><\/div><\/div><div class=\"x-text x-content e34482-e18 mqlu-q mqlu-r mqlu-t mqlu-u\"><p><span class=\"OYPEnA font-feature-liga-off font-feature-clig-off font-feature-calt-off text-decoration-none text-strikethrough-none\">Salg og projektledelse<\/span><\/p><\/div><div class=\"x-text x-content e34482-e19 mqlu-r mqlu-t mqlu-v\"><p><strong>agriportance. GmbH<\/strong><\/p>\n<p>Lippst\u00e4dter Stra\u00dfe 54 | Businessdock Building F | 48155 M\u00fcnster<\/p><\/div><div class=\"x-text x-text-headline has-graphic e34482-e20 mqlu-x mqlu-y mqlu-z mqlu-10\"><div class=\"x-text-content\"><span class=\"x-graphic\" aria-hidden=\"true\"><i class=\"x-icon x-graphic-child x-graphic-icon x-graphic-primary\" aria-hidden=\"true\" data-x-icon-s=\"&#xf3ce;\"><\/i><\/span><div class=\"x-text-content-text\"><h5 class=\"x-text-content-text-primary\"><span class=\"OYPEnA font-feature-liga-off font-feature-clig-off font-feature-calt-off text-decoration-none text-strikethrough-none\">+49 176 43870278<\/span><\/h5>\n<\/div><\/div><\/div><div class=\"x-text x-text-headline has-graphic e34482-e21 mqlu-x mqlu-y mqlu-z mqlu-11\"><div class=\"x-text-content\"><span class=\"x-graphic\" aria-hidden=\"true\"><i class=\"x-icon x-graphic-child x-graphic-icon x-graphic-primary\" aria-hidden=\"true\" data-x-icon-s=\"&#xf0e0;\"><\/i><\/span><div class=\"x-text-content-text\"><h3 class=\"x-text-content-text-primary\"><span class=\"OYPEnA font-feature-liga-off font-feature-clig-off font-feature-calt-off text-decoration-none text-strikethrough-none\">kelsey.winkel@agriportance.com<\/span><\/h3>\n<\/div><\/div><\/div><\/div><\/div><\/div><\/div><\/div><\/div><\/div><div class=\"x-section e34482-e22 mqlu-0 mqlu-6 mqlu-7\"><div class=\"x-row x-container max width e34482-e23 mqlu-8 mqlu-a mqlu-d mqlu-i mqlu-j\"><div class=\"x-row-inner\"><div class=\"x-col e34482-e24 mqlu-l mqlu-m\"><div class=\"x-text x-text-headline e34482-e25 mqlu-y mqlu-12\"><div class=\"x-text-content\"><div class=\"x-text-content-text\"><h2 class=\"x-text-content-text-primary\">Du er ogs\u00e5 velkommen til at booke en tid direkte hos mig:<\/h2>\n<\/div><\/div><\/div><\/div><\/div><\/div><div class=\"x-row x-container max width e34482-e26 mqlu-8 mqlu-a mqlu-d mqlu-i mqlu-k\"><div class=\"x-row-inner\"><div class=\"x-col e34482-e27 mqlu-l mqlu-m\"><div class=\"x-form-integration x-form-integration-embed e34482-e28 mqlu-13\"><!-- Start of Meetings Embed Script -->\n    <div class=\"meetings-iframe-container\" data-src=\"https:\/\/meetings-eu1.hubspot.com\/kelsey-winkel?embed=true\"><\/div>\n    <script type=\"text\/javascript\" src=\"https:\/\/static.hsappstatic.net\/MeetingsEmbed\/ex\/MeetingsEmbedCode.js\"><\/script>\n  <!-- End of Meetings Embed Script --><\/div><\/div><\/div><\/div><\/div><\/div>","protected":false},"excerpt":{"rendered":"<p>agriportanceVERTRIEBSGEBIET Niederlande Kelsey WinkelVertrieb und Projektmanagementagriportance. GmbH Lippst&auml;dter Stra&szlig;e 54 | Businessdock Building F |&nbsp; 48155 M&uuml;nster+49 176 43870278 kelsey.winkel@agriportance.com Gerne k&ouml;nnen Sie auch direkt einen Termin mit mir buchen:<\/p>","protected":false},"author":2,"featured_media":0,"parent":590,"menu_order":0,"comment_status":"closed","ping_status":"closed","template":"template-blank-4.php","meta":{"content-type":"","footnotes":""},"class_list":["post-34482","page","type-page","status-publish","hentry","no-post-thumbnail"],"yoast_head":"<!-- This site is optimized with the Yoast SEO Premium plugin v27.3 (Yoast SEO v27.3) - https:\/\/yoast.com\/product\/yoast-seo-premium-wordpress\/ -->\n<title>Vertrieb Benelux - agriportance GmbH<\/title>\n<meta name=\"robots\" content=\"index, follow, max-snippet:-1, max-image-preview:large, max-video-preview:-1\" \/>\n<link rel=\"canonical\" href=\"https:\/\/agriportance.com\/da\/kontakt\/salgsomrader\/salg-benelux-polen\/\" \/>\n<meta property=\"og:locale\" content=\"da_DK\" \/>\n<meta property=\"og:type\" content=\"article\" \/>\n<meta property=\"og:title\" content=\"Vertrieb Benelux\" \/>\n<meta property=\"og:description\" content=\"agriportanceVERTRIEBSGEBIET Niederlande Kelsey WinkelVertrieb und Projektmanagementagriportance. GmbH Lippst&auml;dter Stra&szlig;e 54 | Businessdock Building F |&nbsp; 48155 M&uuml;nster+49 176 43870278 kelsey.winkel@agriportance.com Gerne k&ouml;nnen Sie auch direkt einen Termin mit mir buchen:\" \/>\n<meta property=\"og:url\" content=\"https:\/\/agriportance.com\/da\/kontakt\/salgsomrader\/salg-benelux-polen\/\" \/>\n<meta property=\"og:site_name\" content=\"agriportance GmbH\" \/>\n<meta property=\"article:publisher\" content=\"https:\/\/www.facebook.com\/agriportance\" \/>\n<meta property=\"article:modified_time\" content=\"2025-07-30T07:36:09+00:00\" \/>\n<meta name=\"twitter:card\" content=\"summary_large_image\" \/>\n<meta name=\"twitter:site\" content=\"@agriportance\" \/>\n<meta name=\"twitter:label1\" content=\"Estimeret l\u00e6setid\" \/>\n\t<meta name=\"twitter:data1\" content=\"1 minut\" \/>\n<script type=\"application\/ld+json\" class=\"yoast-schema-graph\">{\"@context\":\"https:\\\/\\\/schema.org\",\"@graph\":[{\"@type\":\"WebPage\",\"@id\":\"https:\\\/\\\/agriportance.com\\\/de\\\/kontakt\\\/vertriebsgebiete\\\/vertrieb-benelux-polen\\\/\",\"url\":\"https:\\\/\\\/agriportance.com\\\/de\\\/kontakt\\\/vertriebsgebiete\\\/vertrieb-benelux-polen\\\/\",\"name\":\"Vertrieb Benelux - agriportance GmbH\",\"isPartOf\":{\"@id\":\"https:\\\/\\\/agriportance.com\\\/#website\"},\"datePublished\":\"2024-06-05T11:28:12+00:00\",\"dateModified\":\"2025-07-30T07:36:09+00:00\",\"breadcrumb\":{\"@id\":\"https:\\\/\\\/agriportance.com\\\/de\\\/kontakt\\\/vertriebsgebiete\\\/vertrieb-benelux-polen\\\/#breadcrumb\"},\"inLanguage\":\"da-DK\",\"potentialAction\":[{\"@type\":\"ReadAction\",\"target\":[\"https:\\\/\\\/agriportance.com\\\/de\\\/kontakt\\\/vertriebsgebiete\\\/vertrieb-benelux-polen\\\/\"]}]},{\"@type\":\"BreadcrumbList\",\"@id\":\"https:\\\/\\\/agriportance.com\\\/de\\\/kontakt\\\/vertriebsgebiete\\\/vertrieb-benelux-polen\\\/#breadcrumb\",\"itemListElement\":[{\"@type\":\"ListItem\",\"position\":1,\"name\":\"Startseite\",\"item\":\"https:\\\/\\\/agriportance.com\\\/de\\\/\"},{\"@type\":\"ListItem\",\"position\":2,\"name\":\"Kontakt\",\"item\":\"https:\\\/\\\/agriportance.com\\\/de\\\/kontakt\\\/\"},{\"@type\":\"ListItem\",\"position\":3,\"name\":\"Vertriebsgebiete\",\"item\":\"https:\\\/\\\/agriportance.com\\\/de\\\/kontakt\\\/vertriebsgebiete\\\/\"},{\"@type\":\"ListItem\",\"position\":4,\"name\":\"Vertrieb Benelux\"}]},{\"@type\":\"WebSite\",\"@id\":\"https:\\\/\\\/agriportance.com\\\/#website\",\"url\":\"https:\\\/\\\/agriportance.com\\\/\",\"name\":\"agriportance\",\"description\":\"Informationen und Dienstleistungen zu Biomethan und LCO2\",\"publisher\":{\"@id\":\"https:\\\/\\\/agriportance.com\\\/#organization\"},\"potentialAction\":[{\"@type\":\"SearchAction\",\"target\":{\"@type\":\"EntryPoint\",\"urlTemplate\":\"https:\\\/\\\/agriportance.com\\\/?s={search_term_string}\"},\"query-input\":{\"@type\":\"PropertyValueSpecification\",\"valueRequired\":true,\"valueName\":\"search_term_string\"}}],\"inLanguage\":\"da-DK\"},{\"@type\":\"Organization\",\"@id\":\"https:\\\/\\\/agriportance.com\\\/#organization\",\"name\":\"agriportance GmbH\",\"url\":\"https:\\\/\\\/agriportance.com\\\/\",\"logo\":{\"@type\":\"ImageObject\",\"inLanguage\":\"da-DK\",\"@id\":\"https:\\\/\\\/agriportance.com\\\/#\\\/schema\\\/logo\\\/image\\\/\",\"url\":\"https:\\\/\\\/agriportance.com\\\/wp-content\\\/uploads\\\/2023\\\/05\\\/agriportance-logo.png\",\"contentUrl\":\"https:\\\/\\\/agriportance.com\\\/wp-content\\\/uploads\\\/2023\\\/05\\\/agriportance-logo.png\",\"width\":701,\"height\":108,\"caption\":\"agriportance GmbH\"},\"image\":{\"@id\":\"https:\\\/\\\/agriportance.com\\\/#\\\/schema\\\/logo\\\/image\\\/\"},\"sameAs\":[\"https:\\\/\\\/www.facebook.com\\\/agriportance\",\"https:\\\/\\\/x.com\\\/agriportance\",\"https:\\\/\\\/de.linkedin.com\\\/company\\\/agriportance\",\"https:\\\/\\\/www.instagram.com\\\/agriportance\"]}]}<\/script>\n<!-- \/ Yoast SEO Premium plugin. -->","yoast_head_json":{"title":"Salg Benelux - agriportance GmbH","robots":{"index":"index","follow":"follow","max-snippet":"max-snippet:-1","max-image-preview":"max-image-preview:large","max-video-preview":"max-video-preview:-1"},"canonical":"https:\/\/agriportance.com\/da\/kontakt\/salgsomrader\/salg-benelux-polen\/","og_locale":"da_DK","og_type":"article","og_title":"Vertrieb Benelux","og_description":"agriportanceVERTRIEBSGEBIET Niederlande Kelsey WinkelVertrieb und Projektmanagementagriportance. GmbH Lippst&auml;dter Stra&szlig;e 54 | Businessdock Building F |&nbsp; 48155 M&uuml;nster+49 176 43870278 kelsey.winkel@agriportance.com Gerne k&ouml;nnen Sie auch direkt einen Termin mit mir buchen:","og_url":"https:\/\/agriportance.com\/da\/kontakt\/salgsomrader\/salg-benelux-polen\/","og_site_name":"agriportance GmbH","article_publisher":"https:\/\/www.facebook.com\/agriportance","article_modified_time":"2025-07-30T07:36:09+00:00","twitter_card":"summary_large_image","twitter_site":"@agriportance","twitter_misc":{"Estimeret l\u00e6setid":"1 minut"},"schema":{"@context":"https:\/\/schema.org","@graph":[{"@type":"WebPage","@id":"https:\/\/agriportance.com\/de\/kontakt\/vertriebsgebiete\/vertrieb-benelux-polen\/","url":"https:\/\/agriportance.com\/de\/kontakt\/vertriebsgebiete\/vertrieb-benelux-polen\/","name":"Salg Benelux - agriportance GmbH","isPartOf":{"@id":"https:\/\/agriportance.com\/#website"},"datePublished":"2024-06-05T11:28:12+00:00","dateModified":"2025-07-30T07:36:09+00:00","breadcrumb":{"@id":"https:\/\/agriportance.com\/de\/kontakt\/vertriebsgebiete\/vertrieb-benelux-polen\/#breadcrumb"},"inLanguage":"da-DK","potentialAction":[{"@type":"ReadAction","target":["https:\/\/agriportance.com\/de\/kontakt\/vertriebsgebiete\/vertrieb-benelux-polen\/"]}]},{"@type":"BreadcrumbList","@id":"https:\/\/agriportance.com\/de\/kontakt\/vertriebsgebiete\/vertrieb-benelux-polen\/#breadcrumb","itemListElement":[{"@type":"ListItem","position":1,"name":"Startseite","item":"https:\/\/agriportance.com\/de\/"},{"@type":"ListItem","position":2,"name":"Kontakt","item":"https:\/\/agriportance.com\/de\/kontakt\/"},{"@type":"ListItem","position":3,"name":"Vertriebsgebiete","item":"https:\/\/agriportance.com\/de\/kontakt\/vertriebsgebiete\/"},{"@type":"ListItem","position":4,"name":"Vertrieb Benelux"}]},{"@type":"WebSite","@id":"https:\/\/agriportance.com\/#website","url":"https:\/\/agriportance.com\/","name":"agriportance","description":"Information og tjenester om biometan og LCO2","publisher":{"@id":"https:\/\/agriportance.com\/#organization"},"potentialAction":[{"@type":"SearchAction","target":{"@type":"EntryPoint","urlTemplate":"https:\/\/agriportance.com\/?s={search_term_string}"},"query-input":{"@type":"PropertyValueSpecification","valueRequired":true,"valueName":"search_term_string"}}],"inLanguage":"da-DK"},{"@type":"Organization","@id":"https:\/\/agriportance.com\/#organization","name":"agriportance GmbH","url":"https:\/\/agriportance.com\/","logo":{"@type":"ImageObject","inLanguage":"da-DK","@id":"https:\/\/agriportance.com\/#\/schema\/logo\/image\/","url":"https:\/\/agriportance.com\/wp-content\/uploads\/2023\/05\/agriportance-logo.png","contentUrl":"https:\/\/agriportance.com\/wp-content\/uploads\/2023\/05\/agriportance-logo.png","width":701,"height":108,"caption":"agriportance GmbH"},"image":{"@id":"https:\/\/agriportance.com\/#\/schema\/logo\/image\/"},"sameAs":["https:\/\/www.facebook.com\/agriportance","https:\/\/x.com\/agriportance","https:\/\/de.linkedin.com\/company\/agriportance","https:\/\/www.instagram.com\/agriportance"]}]}},"_links":{"self":[{"href":"https:\/\/agriportance.com\/da\/wp-json\/wp\/v2\/pages\/34482","targetHints":{"allow":["GET"]}}],"collection":[{"href":"https:\/\/agriportance.com\/da\/wp-json\/wp\/v2\/pages"}],"about":[{"href":"https:\/\/agriportance.com\/da\/wp-json\/wp\/v2\/types\/page"}],"author":[{"embeddable":true,"href":"https:\/\/agriportance.com\/da\/wp-json\/wp\/v2\/users\/2"}],"replies":[{"embeddable":true,"href":"https:\/\/agriportance.com\/da\/wp-json\/wp\/v2\/comments?post=34482"}],"version-history":[{"count":6,"href":"https:\/\/agriportance.com\/da\/wp-json\/wp\/v2\/pages\/34482\/revisions"}],"predecessor-version":[{"id":37615,"href":"https:\/\/agriportance.com\/da\/wp-json\/wp\/v2\/pages\/34482\/revisions\/37615"}],"up":[{"embeddable":true,"href":"https:\/\/agriportance.com\/da\/wp-json\/wp\/v2\/pages\/590"}],"wp:attachment":[{"href":"https:\/\/agriportance.com\/da\/wp-json\/wp\/v2\/media?parent=34482"}],"curies":[{"name":"wp","href":"https:\/\/api.w.org\/{rel}","templated":true}]}}