{"id":13827,"date":"2022-09-30T12:41:38","date_gmt":"2022-09-30T12:41:38","guid":{"rendered":"https:\/\/agriportance.com\/?page_id=13827"},"modified":"2023-09-26T14:53:35","modified_gmt":"2023-09-26T14:53:35","slug":"lng-und-bio-lng","status":"publish","type":"page","link":"https:\/\/agriportance.com\/de\/wissen\/bioenergie-lexikon\/lng-und-bio-lng\/","title":{"rendered":"LNG und Bio-LNG\ufffc"},"content":{"rendered":"\n<h1 class=\"wp-block-heading has-text-color\" id=\"h-unterschied-von-lng-und-bio-lng\" style=\"color:#29572a\">Unterschied von LNG und Bio-LNG<\/h1>\n\n\n\n<p>Aufgrund der momentanen Energiekrise ist das Begriffs-K\u00fcrzel&nbsp;<em>LNG<\/em>&nbsp;in den Medien immer wieder zu h\u00f6ren und zu lesen. LNG bedeutet \u201eLiquified Natural Gas\u201c. Es ist nichts anderes als Erdgas, das man traditionell aus fossilen Quellen gewinnt und verfl\u00fcssigt. Bio-LNG hingegen ist aufbereitetes fl\u00fcssiges Biogas bzw. reines Biomethan (CH4), das man aus erneuerbaren Quellen gewonnen hat. Beides besteht aus Methan unterschiedlicher Qualit\u00e4t.<\/p>\n\n\n\n<h2 class=\"wp-block-heading has-text-color\" id=\"h-woraus-wird-bio-lng-hergestellt\" style=\"color:#285727\">Woraus wird Bio-LNG hergestellt?<\/h2>\n\n\n\n<p>Ausgangsmaterial f\u00fcr Biogas sind organische Abf\u00e4lle, wie G\u00fclle, Stallmist, Haus- und landwirtschaftliche Abf\u00e4lle. Durch Fermentation, also die mikrobielle und enzymatische Umwandlung dieser Stoffe in Gas, entsteht Biogas, das im Volksmund auch \u201egr\u00fcnes Gas\u201c genannt wird.<\/p>\n\n\n\n<h2 class=\"wp-block-heading has-text-color\" id=\"h-wie-wird-aus-biogas-bio-lng\" style=\"color:#25622c\">Wie wird aus Biogas Bio-LNG?<\/h2>\n\n\n\n<p>Die so entstandenen \u201eG\u00e4rgase\u201c f\u00fchrt man entweder in kleinen lokalen oder in gro\u00dfen zentral betriebenen Bio-LNG-Anlagen zusammen. Unter extrem niedriger Temperatur von ca. -150\u00b0C, entsteht daraus eine farb- und geruchslose Fl\u00fcssigkeit: Bio-LNG. Sie wird nun gereinigt, indem noch enthaltenes CO2 abgespalten wird.<\/p>\n\n\n\n<h2 class=\"wp-block-heading has-text-color\" id=\"h-vorteile-von-bio-lng\" style=\"color:#285727\">Vorteile von Bio-LNG<\/h2>\n\n\n\n<p>Bio-LNG als Energietr\u00e4ger einzusetzen, bietet mehrere Vorteile. Zum einen vermeidet man die Emission von NH4, N2O (Lachgas) und NH3. Diese entstehen, wenn man G\u00fclle und Mist auf die Felder ausbringt. Stattdessen werden sie gesammelt und fermentiert. Ein erheblicher Vorteil liegt in der Qualit\u00e4t von Bio-LNG gegen\u00fcber klassischem LNG.&nbsp;<\/p>\n\n\n\n<p>Bei der Verbrennung von Bio-LNG entsteht deutlich weniger CO2. Die Werte betragen -80 %&nbsp; gegen\u00fcber -20 % bei klassischem LNG sowie erheblich weniger an emittiertem Schwefel und Stickoxiden. Auch Feinstaub wird nicht freigesetzt. Setzt man Bio-LNG als Kraftstoff ein, zeigt dieser eine deutlich bessere Klopffestigkeit (unerw\u00fcnschte Selbstz\u00fcndungen) als LNG oder gew\u00f6hnlicher Dieselkraftstoff.&nbsp;<\/p>\n\n\n\n<h2 class=\"wp-block-heading has-text-color\" id=\"h-dekarbonisierung-des-schwerlastverkehrs\" style=\"color:#285727\">Dekarbonisierung des Schwerlastverkehrs<\/h2>\n\n\n\n<p>Die h\u00f6here Energiedichte f\u00fchrt zudem zu einem geringeren Verbrauch und einer gr\u00f6\u00dferen Reichweite. Das ist besonders da von Bedeutung, wo gro\u00dfe Massen \u00fcber weite Strecken zu transportieren sind, wie im Schwerlastverkehr auf der Stra\u00dfe und auf dem Wasser. Auf den Verkehr gehen in Deutschland laut Statistischem Bundesamt 26,6 % des emittierten CO2 zur\u00fcck. Der Schwerlastverkehr hat daran den gr\u00f6\u00dften Anteil: Besonders die gro\u00dfen Sattelzugmaschinen (40Tonner) verursachen 45 % der CO2-Emissionen.&nbsp;<\/p>\n\n\n<div class=\"wp-block-image is-style-rounded\">\n<figure class=\"aligncenter size-full is-resized\"><img decoding=\"async\" src=\"https:\/\/agriportance.com\/wp-content\/uploads\/2023\/09\/containerschiff-getankung-lng-nachhaltig.png\" alt=\"\" class=\"wp-image-23540\" style=\"width:437px;height:310px\" width=\"437\" height=\"310\" srcset=\"https:\/\/agriportance.com\/wp-content\/uploads\/2023\/09\/containerschiff-getankung-lng-nachhaltig.png 997w, https:\/\/agriportance.com\/wp-content\/uploads\/2023\/09\/containerschiff-getankung-lng-nachhaltig-300x213.png 300w, https:\/\/agriportance.com\/wp-content\/uploads\/2023\/09\/containerschiff-getankung-lng-nachhaltig-768x545.png 768w, https:\/\/agriportance.com\/wp-content\/uploads\/2023\/09\/containerschiff-getankung-lng-nachhaltig-18x12.png 18w, https:\/\/agriportance.com\/wp-content\/uploads\/2023\/09\/containerschiff-getankung-lng-nachhaltig-100x71.png 100w\" sizes=\"(max-width: 437px) 100vw, 437px\" \/><\/figure>\n<\/div>\n\n\n<p>Die Verkehrswende, die im PKW-Bereich durch die Elektrifizierung im vollen Gang ist, l\u00e4sst im Schwerlast- und Schiffsverkehr noch auf sich warten. Die angestrebte Dekarbonisierung, also die Reduktion von CO2, kann hier nur geringf\u00fcgig mit Elektromotoren erreicht werden. Aufwand und Nutzen sind derzeit wirtschaftlich nicht vern\u00fcnftig darstellbar. Die Wende kann nur mit Fl\u00fcssigerdgas erreicht werden. Dazu kommt&nbsp; ein erheblicher Handling-Vorteil, weil man das fl\u00fcssige Gas (0,2 % des urspr\u00fcnglichen Volumens) sehr flexibel transportieren kann.<\/p>\n\n\n\n<h2 class=\"wp-block-heading has-text-color\" id=\"h-bio-lng-am-anfang-seiner-entwicklung\" style=\"color:#285727\">Bio-LNG am Anfang seiner Entwicklung<\/h2>\n\n\n\n<p>Bio-LNG steht noch ganz am Anfang seiner Entwicklung. Will Deutschland und vor allem Europa seine gesteckten Klimaziele erreichen \u2013 Klimaneutralit\u00e4t bis 2050, Reduktion von CO2 um 55 % \u2013 wird man auf Bio-LNG nicht verzichten k\u00f6nnen. Auch f\u00fcr die notwendige Energie-Unabh\u00e4ngigkeit ist Bio-LNG ein wesentliches Werkzeug. Nachfolgenden Generationen wird eine bessere Qualit\u00e4t der Luft geboten und einer essentiellen, aber durch die Energiewende bedrohten Branche wie die Logistik wird in eine bessere und nachhaltigere Zukunft gef\u00fchrt.<\/p>\n","protected":false},"excerpt":{"rendered":"<p>Unterschied von LNG und Bio-LNG Aufgrund der momentanen Energiekrise ist das Begriffs-K\u00fcrzel&nbsp;LNG&nbsp;in den Medien immer wieder zu h\u00f6ren und zu lesen. LNG bedeutet \u201eLiquified Natural Gas\u201c. Es ist nichts anderes als Erdgas, das man traditionell aus fossilen Quellen gewinnt und verfl\u00fcssigt. Bio-LNG hingegen ist aufbereitetes fl\u00fcssiges Biogas bzw. reines Biomethan (CH4), das man aus erneuerbaren Quellen gewonnen hat. Beides besteht &#8230;<\/p>\n","protected":false},"author":2,"featured_media":0,"parent":13631,"menu_order":0,"comment_status":"closed","ping_status":"closed","template":"","meta":{"content-type":"","footnotes":""},"class_list":["post-13827","page","type-page","status-publish","hentry","no-post-thumbnail"],"yoast_head":"<!-- This site is optimized with the Yoast SEO Premium plugin v27.5 (Yoast SEO v27.5) - https:\/\/yoast.com\/product\/yoast-seo-premium-wordpress\/ -->\n<title>LNG und Bio-LNG \u2013 ein Vergleich<\/title>\n<meta name=\"description\" content=\"LNG und Bio-LNG als Kraftstoff: Erfahren Sie mehr \u00fcber Erdgas, Biogas und die Umwandlung von Abf\u00e4llen in Bio-LNG f\u00fcr den Kraftstoffsektor\" \/>\n<meta name=\"robots\" content=\"index, follow, max-snippet:-1, max-image-preview:large, max-video-preview:-1\" \/>\n<link rel=\"canonical\" href=\"https:\/\/agriportance.com\/de\/wissen\/bioenergie-lexikon\/lng-und-bio-lng\/\" \/>\n<meta property=\"og:locale\" content=\"de_DE\" \/>\n<meta property=\"og:type\" content=\"article\" \/>\n<meta property=\"og:title\" content=\"LNG und Bio-LNG\ufffc\" \/>\n<meta property=\"og:description\" content=\"LNG und Bio-LNG als Kraftstoff: Erfahren Sie mehr \u00fcber Erdgas, Biogas und die Umwandlung von Abf\u00e4llen in Bio-LNG f\u00fcr den Kraftstoffsektor\" \/>\n<meta property=\"og:url\" content=\"https:\/\/agriportance.com\/de\/wissen\/bioenergie-lexikon\/lng-und-bio-lng\/\" \/>\n<meta property=\"og:site_name\" content=\"agriportance GmbH\" \/>\n<meta property=\"article:publisher\" content=\"https:\/\/www.facebook.com\/agriportance\" \/>\n<meta property=\"article:modified_time\" content=\"2023-09-26T14:53:35+00:00\" \/>\n<meta property=\"og:image\" content=\"https:\/\/agriportance.com\/wp-content\/uploads\/2023\/09\/containerschiff-getankung-lng-nachhaltig.png\" \/>\n<meta name=\"twitter:card\" content=\"summary_large_image\" \/>\n<meta name=\"twitter:site\" content=\"@agriportance\" \/>\n<meta name=\"twitter:label1\" content=\"Gesch\u00e4tzte Lesezeit\" \/>\n\t<meta name=\"twitter:data1\" content=\"3\u00a0Minuten\" \/>\n<script type=\"application\/ld+json\" class=\"yoast-schema-graph\">{\"@context\":\"https:\\\/\\\/schema.org\",\"@graph\":[{\"@type\":\"WebPage\",\"@id\":\"https:\\\/\\\/agriportance.com\\\/wissen\\\/bioenergie-lexikon\\\/lng-und-bio-lng\\\/\",\"url\":\"https:\\\/\\\/agriportance.com\\\/wissen\\\/bioenergie-lexikon\\\/lng-und-bio-lng\\\/\",\"name\":\"LNG und Bio-LNG \u2013 ein Vergleich\",\"isPartOf\":{\"@id\":\"https:\\\/\\\/agriportance.com\\\/#website\"},\"primaryImageOfPage\":{\"@id\":\"https:\\\/\\\/agriportance.com\\\/wissen\\\/bioenergie-lexikon\\\/lng-und-bio-lng\\\/#primaryimage\"},\"image\":{\"@id\":\"https:\\\/\\\/agriportance.com\\\/wissen\\\/bioenergie-lexikon\\\/lng-und-bio-lng\\\/#primaryimage\"},\"thumbnailUrl\":\"https:\\\/\\\/agriportance.com\\\/wp-content\\\/uploads\\\/2023\\\/09\\\/containerschiff-getankung-lng-nachhaltig.png\",\"datePublished\":\"2022-09-30T12:41:38+00:00\",\"dateModified\":\"2023-09-26T14:53:35+00:00\",\"description\":\"LNG und Bio-LNG als Kraftstoff: Erfahren Sie mehr \u00fcber Erdgas, Biogas und die Umwandlung von Abf\u00e4llen in Bio-LNG f\u00fcr den Kraftstoffsektor\",\"breadcrumb\":{\"@id\":\"https:\\\/\\\/agriportance.com\\\/wissen\\\/bioenergie-lexikon\\\/lng-und-bio-lng\\\/#breadcrumb\"},\"inLanguage\":\"de\",\"potentialAction\":[{\"@type\":\"ReadAction\",\"target\":[\"https:\\\/\\\/agriportance.com\\\/wissen\\\/bioenergie-lexikon\\\/lng-und-bio-lng\\\/\"]}]},{\"@type\":\"ImageObject\",\"inLanguage\":\"de\",\"@id\":\"https:\\\/\\\/agriportance.com\\\/wissen\\\/bioenergie-lexikon\\\/lng-und-bio-lng\\\/#primaryimage\",\"url\":\"https:\\\/\\\/agriportance.com\\\/wp-content\\\/uploads\\\/2023\\\/09\\\/containerschiff-getankung-lng-nachhaltig.png\",\"contentUrl\":\"https:\\\/\\\/agriportance.com\\\/wp-content\\\/uploads\\\/2023\\\/09\\\/containerschiff-getankung-lng-nachhaltig.png\"},{\"@type\":\"BreadcrumbList\",\"@id\":\"https:\\\/\\\/agriportance.com\\\/wissen\\\/bioenergie-lexikon\\\/lng-und-bio-lng\\\/#breadcrumb\",\"itemListElement\":[{\"@type\":\"ListItem\",\"position\":1,\"name\":\"Startseite\",\"item\":\"https:\\\/\\\/agriportance.com\\\/de\\\/\"},{\"@type\":\"ListItem\",\"position\":2,\"name\":\"Wissen\",\"item\":\"https:\\\/\\\/agriportance.com\\\/de\\\/wissen\\\/\"},{\"@type\":\"ListItem\",\"position\":3,\"name\":\"Lexikon Bioenergie\",\"item\":\"https:\\\/\\\/agriportance.com\\\/wissen\\\/bioenergie-lexikon\\\/\"},{\"@type\":\"ListItem\",\"position\":4,\"name\":\"LNG und Bio-LNG\ufffc\"}]},{\"@type\":\"WebSite\",\"@id\":\"https:\\\/\\\/agriportance.com\\\/#website\",\"url\":\"https:\\\/\\\/agriportance.com\\\/\",\"name\":\"agriportance\",\"description\":\"Informationen und Dienstleistungen zu Biomethan und LCO2\",\"publisher\":{\"@id\":\"https:\\\/\\\/agriportance.com\\\/#organization\"},\"potentialAction\":[{\"@type\":\"SearchAction\",\"target\":{\"@type\":\"EntryPoint\",\"urlTemplate\":\"https:\\\/\\\/agriportance.com\\\/?s={search_term_string}\"},\"query-input\":{\"@type\":\"PropertyValueSpecification\",\"valueRequired\":true,\"valueName\":\"search_term_string\"}}],\"inLanguage\":\"de\"},{\"@type\":\"Organization\",\"@id\":\"https:\\\/\\\/agriportance.com\\\/#organization\",\"name\":\"agriportance GmbH\",\"url\":\"https:\\\/\\\/agriportance.com\\\/\",\"logo\":{\"@type\":\"ImageObject\",\"inLanguage\":\"de\",\"@id\":\"https:\\\/\\\/agriportance.com\\\/#\\\/schema\\\/logo\\\/image\\\/\",\"url\":\"https:\\\/\\\/agriportance.com\\\/wp-content\\\/uploads\\\/2023\\\/05\\\/agriportance-logo.png\",\"contentUrl\":\"https:\\\/\\\/agriportance.com\\\/wp-content\\\/uploads\\\/2023\\\/05\\\/agriportance-logo.png\",\"width\":701,\"height\":108,\"caption\":\"agriportance GmbH\"},\"image\":{\"@id\":\"https:\\\/\\\/agriportance.com\\\/#\\\/schema\\\/logo\\\/image\\\/\"},\"sameAs\":[\"https:\\\/\\\/www.facebook.com\\\/agriportance\",\"https:\\\/\\\/x.com\\\/agriportance\",\"https:\\\/\\\/de.linkedin.com\\\/company\\\/agriportance\",\"https:\\\/\\\/www.instagram.com\\\/agriportance\"]}]}<\/script>\n<!-- \/ Yoast SEO Premium plugin. -->","yoast_head_json":{"title":"LNG und Bio-LNG \u2013 ein Vergleich","description":"LNG und Bio-LNG als Kraftstoff: Erfahren Sie mehr \u00fcber Erdgas, Biogas und die Umwandlung von Abf\u00e4llen in Bio-LNG f\u00fcr den Kraftstoffsektor","robots":{"index":"index","follow":"follow","max-snippet":"max-snippet:-1","max-image-preview":"max-image-preview:large","max-video-preview":"max-video-preview:-1"},"canonical":"https:\/\/agriportance.com\/de\/wissen\/bioenergie-lexikon\/lng-und-bio-lng\/","og_locale":"de_DE","og_type":"article","og_title":"LNG und Bio-LNG\ufffc","og_description":"LNG und Bio-LNG als Kraftstoff: Erfahren Sie mehr \u00fcber Erdgas, Biogas und die Umwandlung von Abf\u00e4llen in Bio-LNG f\u00fcr den Kraftstoffsektor","og_url":"https:\/\/agriportance.com\/de\/wissen\/bioenergie-lexikon\/lng-und-bio-lng\/","og_site_name":"agriportance GmbH","article_publisher":"https:\/\/www.facebook.com\/agriportance","article_modified_time":"2023-09-26T14:53:35+00:00","og_image":[{"url":"https:\/\/agriportance.com\/wp-content\/uploads\/2023\/09\/containerschiff-getankung-lng-nachhaltig.png","type":"","width":"","height":""}],"twitter_card":"summary_large_image","twitter_site":"@agriportance","twitter_misc":{"Gesch\u00e4tzte Lesezeit":"3\u00a0Minuten"},"schema":{"@context":"https:\/\/schema.org","@graph":[{"@type":"WebPage","@id":"https:\/\/agriportance.com\/wissen\/bioenergie-lexikon\/lng-und-bio-lng\/","url":"https:\/\/agriportance.com\/wissen\/bioenergie-lexikon\/lng-und-bio-lng\/","name":"LNG und Bio-LNG \u2013 ein Vergleich","isPartOf":{"@id":"https:\/\/agriportance.com\/#website"},"primaryImageOfPage":{"@id":"https:\/\/agriportance.com\/wissen\/bioenergie-lexikon\/lng-und-bio-lng\/#primaryimage"},"image":{"@id":"https:\/\/agriportance.com\/wissen\/bioenergie-lexikon\/lng-und-bio-lng\/#primaryimage"},"thumbnailUrl":"https:\/\/agriportance.com\/wp-content\/uploads\/2023\/09\/containerschiff-getankung-lng-nachhaltig.png","datePublished":"2022-09-30T12:41:38+00:00","dateModified":"2023-09-26T14:53:35+00:00","description":"LNG und Bio-LNG als Kraftstoff: Erfahren Sie mehr \u00fcber Erdgas, Biogas und die Umwandlung von Abf\u00e4llen in Bio-LNG f\u00fcr den Kraftstoffsektor","breadcrumb":{"@id":"https:\/\/agriportance.com\/wissen\/bioenergie-lexikon\/lng-und-bio-lng\/#breadcrumb"},"inLanguage":"de","potentialAction":[{"@type":"ReadAction","target":["https:\/\/agriportance.com\/wissen\/bioenergie-lexikon\/lng-und-bio-lng\/"]}]},{"@type":"ImageObject","inLanguage":"de","@id":"https:\/\/agriportance.com\/wissen\/bioenergie-lexikon\/lng-und-bio-lng\/#primaryimage","url":"https:\/\/agriportance.com\/wp-content\/uploads\/2023\/09\/containerschiff-getankung-lng-nachhaltig.png","contentUrl":"https:\/\/agriportance.com\/wp-content\/uploads\/2023\/09\/containerschiff-getankung-lng-nachhaltig.png"},{"@type":"BreadcrumbList","@id":"https:\/\/agriportance.com\/wissen\/bioenergie-lexikon\/lng-und-bio-lng\/#breadcrumb","itemListElement":[{"@type":"ListItem","position":1,"name":"Startseite","item":"https:\/\/agriportance.com\/de\/"},{"@type":"ListItem","position":2,"name":"Wissen","item":"https:\/\/agriportance.com\/de\/wissen\/"},{"@type":"ListItem","position":3,"name":"Lexikon Bioenergie","item":"https:\/\/agriportance.com\/wissen\/bioenergie-lexikon\/"},{"@type":"ListItem","position":4,"name":"LNG und Bio-LNG\ufffc"}]},{"@type":"WebSite","@id":"https:\/\/agriportance.com\/#website","url":"https:\/\/agriportance.com\/","name":"agriportance","description":"Informationen und Dienstleistungen zu Biomethan und LCO2","publisher":{"@id":"https:\/\/agriportance.com\/#organization"},"potentialAction":[{"@type":"SearchAction","target":{"@type":"EntryPoint","urlTemplate":"https:\/\/agriportance.com\/?s={search_term_string}"},"query-input":{"@type":"PropertyValueSpecification","valueRequired":true,"valueName":"search_term_string"}}],"inLanguage":"de"},{"@type":"Organization","@id":"https:\/\/agriportance.com\/#organization","name":"agriportance GmbH","url":"https:\/\/agriportance.com\/","logo":{"@type":"ImageObject","inLanguage":"de","@id":"https:\/\/agriportance.com\/#\/schema\/logo\/image\/","url":"https:\/\/agriportance.com\/wp-content\/uploads\/2023\/05\/agriportance-logo.png","contentUrl":"https:\/\/agriportance.com\/wp-content\/uploads\/2023\/05\/agriportance-logo.png","width":701,"height":108,"caption":"agriportance GmbH"},"image":{"@id":"https:\/\/agriportance.com\/#\/schema\/logo\/image\/"},"sameAs":["https:\/\/www.facebook.com\/agriportance","https:\/\/x.com\/agriportance","https:\/\/de.linkedin.com\/company\/agriportance","https:\/\/www.instagram.com\/agriportance"]}]}},"_links":{"self":[{"href":"https:\/\/agriportance.com\/de\/wp-json\/wp\/v2\/pages\/13827","targetHints":{"allow":["GET"]}}],"collection":[{"href":"https:\/\/agriportance.com\/de\/wp-json\/wp\/v2\/pages"}],"about":[{"href":"https:\/\/agriportance.com\/de\/wp-json\/wp\/v2\/types\/page"}],"author":[{"embeddable":true,"href":"https:\/\/agriportance.com\/de\/wp-json\/wp\/v2\/users\/2"}],"replies":[{"embeddable":true,"href":"https:\/\/agriportance.com\/de\/wp-json\/wp\/v2\/comments?post=13827"}],"version-history":[{"count":4,"href":"https:\/\/agriportance.com\/de\/wp-json\/wp\/v2\/pages\/13827\/revisions"}],"predecessor-version":[{"id":23576,"href":"https:\/\/agriportance.com\/de\/wp-json\/wp\/v2\/pages\/13827\/revisions\/23576"}],"up":[{"embeddable":true,"href":"https:\/\/agriportance.com\/de\/wp-json\/wp\/v2\/pages\/13631"}],"wp:attachment":[{"href":"https:\/\/agriportance.com\/de\/wp-json\/wp\/v2\/media?parent=13827"}],"curies":[{"name":"wp","href":"https:\/\/api.w.org\/{rel}","templated":true}]}}