{"id":85,"date":"2016-08-05T11:43:13","date_gmt":"2016-08-05T16:43:13","guid":{"rendered":"https:\/\/dev.agriportance.com\/contact"},"modified":"2025-02-13T15:27:20","modified_gmt":"2025-02-13T15:27:20","slug":"contact","status":"publish","type":"page","link":"https:\/\/agriportance.com\/en\/kontakt\/","title":{"rendered":"Contact us"},"content":{"rendered":"<div id=\"cs-content\" class=\"cs-content\"><div class=\"x-section e85-e1 m2d-0\"><div class=\"x-row x-container max width e85-e2 m2d-1 m2d-2\"><div class=\"x-row-inner\"><div class=\"x-col e85-e3 m2d-3\"><div class=\"x-text x-text-headline e85-e4 m2d-4\"><div class=\"x-text-content\"><div class=\"x-text-content-text\"><h1 class=\"x-text-content-text-primary\">Contact form<\/h1>\n<\/div><\/div><\/div><div class=\"x-text x-content e85-e5 m2d-5\"><p class=\"p1\">Willkommen auf unserer agriportance Website!<\/p>\n<p class=\"p1\">M\u00f6chten Sie mit uns in Kontakt treten? Unser Kontaktformular ist der ideale Weg, um uns schnell und unkompliziert eine Nachricht zukommen zu lassen. Wir freuen uns darauf, von Ihnen zu h\u00f6ren!<\/p>\n<p class=\"p1\">Unser Kontaktformular bietet Ihnen die M\u00f6glichkeit, uns Ihre Anliegen, Fragen oder Feedback mitzuteilen. Egal, ob Sie Informationen zu unseren Dienstleistungen ben\u00f6tigen, eine individuelle Beratung w\u00fcnschen oder einfach nur Hallo sagen m\u00f6chten - wir sind gerne f\u00fcr Sie da.<\/p>\n<p class=\"p1\">Das Ausf\u00fcllen unseres Kontaktformulars ist denkbar einfach. Geben Sie einfach Ihren Namen, Ihre E-Mail-Adresse und Ihre Nachricht ein, und klicken Sie auf \"Senden\". Wir stellen sicher, dass Ihre Daten sicher \u00fcbertragen und vertraulich behandelt werden.<\/p><\/div><div class=\"x-form-integration x-form-integration-embed e85-e6 m2d-6\"><script charset=\"utf-8\" type=\"text\/javascript\" src=\"\/\/js-eu1.hsforms.net\/forms\/embed\/v2.js\"><\/script> <script>\n  hbspt.forms.create({\n    region: \"eu1\",\n    portalId: \"25523324\",\n    formId: \"de664c9d-a35c-4cae-be59-912f053806c2\"\n  });\n<\/script><\/div><\/div><\/div><\/div><\/div><\/div>","protected":false},"excerpt":{"rendered":"<p>Kontaktformular Willkommen auf unserer agriportance Website! M\u00f6chten Sie mit uns in Kontakt treten? Unser Kontaktformular ist der ideale Weg, um uns schnell und unkompliziert eine Nachricht zukommen zu lassen. Wir freuen uns darauf, von Ihnen zu h\u00f6ren! Unser Kontaktformular bietet Ihnen die M\u00f6glichkeit, uns Ihre Anliegen, Fragen oder Feedback mitzuteilen. Egal, ob Sie Informationen zu unseren Dienstleistungen ben\u00f6tigen, eine individuelle &#8230;<\/p>","protected":false},"author":1,"featured_media":0,"parent":0,"menu_order":0,"comment_status":"closed","ping_status":"closed","template":"template-blank-4.php","meta":{"content-type":"","footnotes":""},"class_list":["post-85","page","type-page","status-publish","hentry","no-post-thumbnail"],"yoast_head":"<!-- This site is optimized with the Yoast SEO Premium plugin v27.5 (Yoast SEO v27.5) - https:\/\/yoast.com\/product\/yoast-seo-premium-wordpress\/ -->\n<title>Kontakt | agriportance.<\/title>\n<meta name=\"description\" content=\"Folgend gelangen Sie zu den Kontaktm\u00f6glichkeiten von agriportance. Kontaktieren Sie uns bei Fragen oder wenn Sie eine Beratung ben\u00f6tigen\" \/>\n<meta name=\"robots\" content=\"index, follow, max-snippet:-1, max-image-preview:large, max-video-preview:-1\" \/>\n<link rel=\"canonical\" href=\"https:\/\/agriportance.com\/en\/contact\/\" \/>\n<meta property=\"og:locale\" content=\"en_GB\" \/>\n<meta property=\"og:type\" content=\"article\" \/>\n<meta property=\"og:title\" content=\"Kontakt\" \/>\n<meta property=\"og:description\" content=\"Folgend gelangen Sie zu den Kontaktm\u00f6glichkeiten von agriportance. Kontaktieren Sie uns bei Fragen oder wenn Sie eine Beratung ben\u00f6tigen\" \/>\n<meta property=\"og:url\" content=\"https:\/\/agriportance.com\/en\/contact\/\" \/>\n<meta property=\"og:site_name\" content=\"agriportance GmbH\" \/>\n<meta property=\"article:publisher\" content=\"https:\/\/www.facebook.com\/agriportance\" \/>\n<meta property=\"article:modified_time\" content=\"2025-02-13T15:27:20+00:00\" \/>\n<meta name=\"twitter:card\" content=\"summary_large_image\" \/>\n<meta name=\"twitter:site\" content=\"@agriportance\" \/>\n<meta name=\"twitter:label1\" content=\"Estimated reading time\" \/>\n\t<meta name=\"twitter:data1\" content=\"1 minute\" \/>\n<script type=\"application\/ld+json\" class=\"yoast-schema-graph\">{\"@context\":\"https:\\\/\\\/schema.org\",\"@graph\":[{\"@type\":\"WebPage\",\"@id\":\"https:\\\/\\\/agriportance.com\\\/de\\\/kontakt\\\/\",\"url\":\"https:\\\/\\\/agriportance.com\\\/de\\\/kontakt\\\/\",\"name\":\"Kontakt | agriportance.\",\"isPartOf\":{\"@id\":\"https:\\\/\\\/agriportance.com\\\/#website\"},\"datePublished\":\"2016-08-05T16:43:13+00:00\",\"dateModified\":\"2025-02-13T15:27:20+00:00\",\"description\":\"Folgend gelangen Sie zu den Kontaktm\u00f6glichkeiten von agriportance. Kontaktieren Sie uns bei Fragen oder wenn Sie eine Beratung ben\u00f6tigen\",\"breadcrumb\":{\"@id\":\"https:\\\/\\\/agriportance.com\\\/de\\\/kontakt\\\/#breadcrumb\"},\"inLanguage\":\"en-GB\",\"potentialAction\":[{\"@type\":\"ReadAction\",\"target\":[\"https:\\\/\\\/agriportance.com\\\/de\\\/kontakt\\\/\"]}]},{\"@type\":\"BreadcrumbList\",\"@id\":\"https:\\\/\\\/agriportance.com\\\/de\\\/kontakt\\\/#breadcrumb\",\"itemListElement\":[{\"@type\":\"ListItem\",\"position\":1,\"name\":\"Startseite\",\"item\":\"https:\\\/\\\/agriportance.com\\\/de\\\/\"},{\"@type\":\"ListItem\",\"position\":2,\"name\":\"Kontakt\"}]},{\"@type\":\"WebSite\",\"@id\":\"https:\\\/\\\/agriportance.com\\\/#website\",\"url\":\"https:\\\/\\\/agriportance.com\\\/\",\"name\":\"agriportance\",\"description\":\"Informationen und Dienstleistungen zu Biomethan und LCO2\",\"publisher\":{\"@id\":\"https:\\\/\\\/agriportance.com\\\/#organization\"},\"potentialAction\":[{\"@type\":\"SearchAction\",\"target\":{\"@type\":\"EntryPoint\",\"urlTemplate\":\"https:\\\/\\\/agriportance.com\\\/?s={search_term_string}\"},\"query-input\":{\"@type\":\"PropertyValueSpecification\",\"valueRequired\":true,\"valueName\":\"search_term_string\"}}],\"inLanguage\":\"en-GB\"},{\"@type\":\"Organization\",\"@id\":\"https:\\\/\\\/agriportance.com\\\/#organization\",\"name\":\"agriportance GmbH\",\"url\":\"https:\\\/\\\/agriportance.com\\\/\",\"logo\":{\"@type\":\"ImageObject\",\"inLanguage\":\"en-GB\",\"@id\":\"https:\\\/\\\/agriportance.com\\\/#\\\/schema\\\/logo\\\/image\\\/\",\"url\":\"https:\\\/\\\/agriportance.com\\\/wp-content\\\/uploads\\\/2023\\\/05\\\/agriportance-logo.png\",\"contentUrl\":\"https:\\\/\\\/agriportance.com\\\/wp-content\\\/uploads\\\/2023\\\/05\\\/agriportance-logo.png\",\"width\":701,\"height\":108,\"caption\":\"agriportance GmbH\"},\"image\":{\"@id\":\"https:\\\/\\\/agriportance.com\\\/#\\\/schema\\\/logo\\\/image\\\/\"},\"sameAs\":[\"https:\\\/\\\/www.facebook.com\\\/agriportance\",\"https:\\\/\\\/x.com\\\/agriportance\",\"https:\\\/\\\/de.linkedin.com\\\/company\\\/agriportance\",\"https:\\\/\\\/www.instagram.com\\\/agriportance\"]}]}<\/script>\n<!-- \/ Yoast SEO Premium plugin. -->","yoast_head_json":{"title":"Kontakt | agriportance.","description":"Folgend gelangen Sie zu den Kontaktm\u00f6glichkeiten von agriportance. Kontaktieren Sie uns bei Fragen oder wenn Sie eine Beratung ben\u00f6tigen","robots":{"index":"index","follow":"follow","max-snippet":"max-snippet:-1","max-image-preview":"max-image-preview:large","max-video-preview":"max-video-preview:-1"},"canonical":"https:\/\/agriportance.com\/en\/contact\/","og_locale":"en_GB","og_type":"article","og_title":"Kontakt","og_description":"Folgend gelangen Sie zu den Kontaktm\u00f6glichkeiten von agriportance. Kontaktieren Sie uns bei Fragen oder wenn Sie eine Beratung ben\u00f6tigen","og_url":"https:\/\/agriportance.com\/en\/contact\/","og_site_name":"agriportance GmbH","article_publisher":"https:\/\/www.facebook.com\/agriportance","article_modified_time":"2025-02-13T15:27:20+00:00","twitter_card":"summary_large_image","twitter_site":"@agriportance","twitter_misc":{"Estimated reading time":"1 minute"},"schema":{"@context":"https:\/\/schema.org","@graph":[{"@type":"WebPage","@id":"https:\/\/agriportance.com\/de\/kontakt\/","url":"https:\/\/agriportance.com\/de\/kontakt\/","name":"Kontakt | agriportance.","isPartOf":{"@id":"https:\/\/agriportance.com\/#website"},"datePublished":"2016-08-05T16:43:13+00:00","dateModified":"2025-02-13T15:27:20+00:00","description":"Folgend gelangen Sie zu den Kontaktm\u00f6glichkeiten von agriportance. Kontaktieren Sie uns bei Fragen oder wenn Sie eine Beratung ben\u00f6tigen","breadcrumb":{"@id":"https:\/\/agriportance.com\/de\/kontakt\/#breadcrumb"},"inLanguage":"en-GB","potentialAction":[{"@type":"ReadAction","target":["https:\/\/agriportance.com\/de\/kontakt\/"]}]},{"@type":"BreadcrumbList","@id":"https:\/\/agriportance.com\/de\/kontakt\/#breadcrumb","itemListElement":[{"@type":"ListItem","position":1,"name":"Startseite","item":"https:\/\/agriportance.com\/de\/"},{"@type":"ListItem","position":2,"name":"Kontakt"}]},{"@type":"WebSite","@id":"https:\/\/agriportance.com\/#website","url":"https:\/\/agriportance.com\/","name":"agriportance","description":"Information and services on biomethane and LCO2","publisher":{"@id":"https:\/\/agriportance.com\/#organization"},"potentialAction":[{"@type":"SearchAction","target":{"@type":"EntryPoint","urlTemplate":"https:\/\/agriportance.com\/?s={search_term_string}"},"query-input":{"@type":"PropertyValueSpecification","valueRequired":true,"valueName":"search_term_string"}}],"inLanguage":"en-GB"},{"@type":"Organization","@id":"https:\/\/agriportance.com\/#organization","name":"agriportance GmbH","url":"https:\/\/agriportance.com\/","logo":{"@type":"ImageObject","inLanguage":"en-GB","@id":"https:\/\/agriportance.com\/#\/schema\/logo\/image\/","url":"https:\/\/agriportance.com\/wp-content\/uploads\/2023\/05\/agriportance-logo.png","contentUrl":"https:\/\/agriportance.com\/wp-content\/uploads\/2023\/05\/agriportance-logo.png","width":701,"height":108,"caption":"agriportance GmbH"},"image":{"@id":"https:\/\/agriportance.com\/#\/schema\/logo\/image\/"},"sameAs":["https:\/\/www.facebook.com\/agriportance","https:\/\/x.com\/agriportance","https:\/\/de.linkedin.com\/company\/agriportance","https:\/\/www.instagram.com\/agriportance"]}]}},"_links":{"self":[{"href":"https:\/\/agriportance.com\/en\/wp-json\/wp\/v2\/pages\/85","targetHints":{"allow":["GET"]}}],"collection":[{"href":"https:\/\/agriportance.com\/en\/wp-json\/wp\/v2\/pages"}],"about":[{"href":"https:\/\/agriportance.com\/en\/wp-json\/wp\/v2\/types\/page"}],"author":[{"embeddable":true,"href":"https:\/\/agriportance.com\/en\/wp-json\/wp\/v2\/users\/1"}],"replies":[{"embeddable":true,"href":"https:\/\/agriportance.com\/en\/wp-json\/wp\/v2\/comments?post=85"}],"version-history":[{"count":13,"href":"https:\/\/agriportance.com\/en\/wp-json\/wp\/v2\/pages\/85\/revisions"}],"predecessor-version":[{"id":36335,"href":"https:\/\/agriportance.com\/en\/wp-json\/wp\/v2\/pages\/85\/revisions\/36335"}],"wp:attachment":[{"href":"https:\/\/agriportance.com\/en\/wp-json\/wp\/v2\/media?parent=85"}],"curies":[{"name":"wp","href":"https:\/\/api.w.org\/{rel}","templated":true}]}}