{"id":1684,"date":"2023-06-15T15:03:00","date_gmt":"2023-06-15T15:03:00","guid":{"rendered":"https:\/\/agriportance.com\/impressum"},"modified":"2023-07-26T09:21:10","modified_gmt":"2023-07-26T09:21:10","slug":"imprimir","status":"publish","type":"page","link":"https:\/\/agriportance.com\/es\/impressum\/","title":{"rendered":"Pie de imprenta"},"content":{"rendered":"<!-- Legal document generated by Complianz | GDPR\/CCPA Cookie Consent https:\/\/wordpress.org\/plugins\/complianz-gdpr -->\n<div id=\"cmplz-document\" class=\"cmplz-document impressum cmplz-document-all\"><p><i>This imprint was last updated on diciembre 11, 2025.<\/i><\/p><p class=\"cmplz-subtitle\">El propietario de este sitio web es:<\/p><p>agriportance GmbH<br>Calle Lippst\u00e4dter 54<br \/>\r\nD\u00e1rsena de negocios Edificio F<br \/>\r\n48155 M\u00fcnster<br>Alemania<br>Correo electr\u00f3nico:&nbsp;<span class=\"cmplz-obfuscate\">info@<span class=\"cmplz-fmail-domain\">ex.com<\/span>a&#103;&#114;i&#112;o&#114;ta&#110;&#099;&#101;&#046;c&#111;m<\/span><br>Tel\u00e9fono: +49 (0) 251 29798000<br>IVA ID: DE343514396<\/p><p class=\"cmplz-subtitle\">El\/los representante(s) legal(es) de agriportance GmbH:<\/p><p>Henning Dicks<\/p><h2>1. general<\/h2><p>No estamos dispuestos ni obligados a participar en procedimientos de resoluci\u00f3n de litigios ante una junta arbitral de consumo.<\/p><h2>2. informaci\u00f3n complementaria<\/h2><p>Referencias de las im\u00e1genes y gr\u00e1ficos utilizados:<br \/>\r\nhttps:\/\/www.canva.com<br \/>\r\nhttps:\/\/stock.adobe.com<\/p><\/div>","protected":false},"excerpt":{"rendered":"","protected":false},"author":1,"featured_media":0,"parent":0,"menu_order":0,"comment_status":"closed","ping_status":"closed","template":"template-layout-full-width.php","meta":{"content-type":"","footnotes":""},"class_list":["post-1684","page","type-page","status-publish","hentry","no-post-thumbnail"],"yoast_head":"<!-- This site is optimized with the Yoast SEO Premium plugin v27.2 (Yoast SEO v27.3) - https:\/\/yoast.com\/product\/yoast-seo-premium-wordpress\/ -->\n<title>Impressum agriportance GmbH<\/title>\n<meta name=\"description\" content=\"Impressum und Verantwortlichkeiten der agriportance GmbH | Lippst\u00e4dter Stra\u00dfe 54 in 48155 M\u00fcnster\" \/>\n<meta name=\"robots\" content=\"index, follow, max-snippet:-1, max-image-preview:large, max-video-preview:-1\" \/>\n<link rel=\"canonical\" href=\"https:\/\/agriportance.com\/es\/imprimir\/\" \/>\n<meta property=\"og:locale\" content=\"es_ES\" \/>\n<meta property=\"og:type\" content=\"article\" \/>\n<meta property=\"og:title\" content=\"Impressum\" \/>\n<meta property=\"og:description\" content=\"Impressum und Verantwortlichkeiten der agriportance GmbH | Lippst\u00e4dter Stra\u00dfe 54 in 48155 M\u00fcnster\" \/>\n<meta property=\"og:url\" content=\"https:\/\/agriportance.com\/es\/imprimir\/\" \/>\n<meta property=\"og:site_name\" content=\"agriportance GmbH\" \/>\n<meta property=\"article:publisher\" content=\"https:\/\/www.facebook.com\/agriportance\" \/>\n<meta property=\"article:modified_time\" content=\"2023-07-26T09:21:10+00:00\" \/>\n<meta name=\"twitter:card\" content=\"summary_large_image\" \/>\n<meta name=\"twitter:site\" content=\"@agriportance\" \/>\n<script type=\"application\/ld+json\" class=\"yoast-schema-graph\">{\"@context\":\"https:\\\/\\\/schema.org\",\"@graph\":[{\"@type\":\"WebPage\",\"@id\":\"https:\\\/\\\/agriportance.com\\\/impressum\\\/\",\"url\":\"https:\\\/\\\/agriportance.com\\\/impressum\\\/\",\"name\":\"Impressum agriportance GmbH\",\"isPartOf\":{\"@id\":\"https:\\\/\\\/agriportance.com\\\/#website\"},\"datePublished\":\"2023-06-15T15:03:00+00:00\",\"dateModified\":\"2023-07-26T09:21:10+00:00\",\"description\":\"Impressum und Verantwortlichkeiten der agriportance GmbH | Lippst\u00e4dter Stra\u00dfe 54 in 48155 M\u00fcnster\",\"breadcrumb\":{\"@id\":\"https:\\\/\\\/agriportance.com\\\/impressum\\\/#breadcrumb\"},\"inLanguage\":\"es\",\"potentialAction\":[{\"@type\":\"ReadAction\",\"target\":[\"https:\\\/\\\/agriportance.com\\\/impressum\\\/\"]}]},{\"@type\":\"BreadcrumbList\",\"@id\":\"https:\\\/\\\/agriportance.com\\\/impressum\\\/#breadcrumb\",\"itemListElement\":[{\"@type\":\"ListItem\",\"position\":1,\"name\":\"Startseite\",\"item\":\"https:\\\/\\\/agriportance.com\\\/de\\\/\"},{\"@type\":\"ListItem\",\"position\":2,\"name\":\"Impressum\"}]},{\"@type\":\"WebSite\",\"@id\":\"https:\\\/\\\/agriportance.com\\\/#website\",\"url\":\"https:\\\/\\\/agriportance.com\\\/\",\"name\":\"agriportance\",\"description\":\"Informationen und Dienstleistungen zu Biomethan und LCO2\",\"publisher\":{\"@id\":\"https:\\\/\\\/agriportance.com\\\/#organization\"},\"potentialAction\":[{\"@type\":\"SearchAction\",\"target\":{\"@type\":\"EntryPoint\",\"urlTemplate\":\"https:\\\/\\\/agriportance.com\\\/?s={search_term_string}\"},\"query-input\":{\"@type\":\"PropertyValueSpecification\",\"valueRequired\":true,\"valueName\":\"search_term_string\"}}],\"inLanguage\":\"es\"},{\"@type\":\"Organization\",\"@id\":\"https:\\\/\\\/agriportance.com\\\/#organization\",\"name\":\"agriportance GmbH\",\"url\":\"https:\\\/\\\/agriportance.com\\\/\",\"logo\":{\"@type\":\"ImageObject\",\"inLanguage\":\"es\",\"@id\":\"https:\\\/\\\/agriportance.com\\\/#\\\/schema\\\/logo\\\/image\\\/\",\"url\":\"https:\\\/\\\/agriportance.com\\\/wp-content\\\/uploads\\\/2023\\\/05\\\/agriportance-logo.png\",\"contentUrl\":\"https:\\\/\\\/agriportance.com\\\/wp-content\\\/uploads\\\/2023\\\/05\\\/agriportance-logo.png\",\"width\":701,\"height\":108,\"caption\":\"agriportance GmbH\"},\"image\":{\"@id\":\"https:\\\/\\\/agriportance.com\\\/#\\\/schema\\\/logo\\\/image\\\/\"},\"sameAs\":[\"https:\\\/\\\/www.facebook.com\\\/agriportance\",\"https:\\\/\\\/x.com\\\/agriportance\",\"https:\\\/\\\/de.linkedin.com\\\/company\\\/agriportance\",\"https:\\\/\\\/www.instagram.com\\\/agriportance\"]}]}<\/script>\n<!-- \/ Yoast SEO Premium plugin. -->","yoast_head_json":{"title":"Pie de imprenta agriportance GmbH","description":"Pie de imprenta y responsabilidades de agriportance GmbH | Lippst\u00e4dter Stra\u00dfe 54 en 48155 M\u00fcnster","robots":{"index":"index","follow":"follow","max-snippet":"max-snippet:-1","max-image-preview":"max-image-preview:large","max-video-preview":"max-video-preview:-1"},"canonical":"https:\/\/agriportance.com\/es\/imprimir\/","og_locale":"es_ES","og_type":"article","og_title":"Impressum","og_description":"Impressum und Verantwortlichkeiten der agriportance GmbH | Lippst\u00e4dter Stra\u00dfe 54 in 48155 M\u00fcnster","og_url":"https:\/\/agriportance.com\/es\/imprimir\/","og_site_name":"agriportance GmbH","article_publisher":"https:\/\/www.facebook.com\/agriportance","article_modified_time":"2023-07-26T09:21:10+00:00","twitter_card":"summary_large_image","twitter_site":"@agriportance","schema":{"@context":"https:\/\/schema.org","@graph":[{"@type":"WebPage","@id":"https:\/\/agriportance.com\/impressum\/","url":"https:\/\/agriportance.com\/impressum\/","name":"Pie de imprenta agriportance GmbH","isPartOf":{"@id":"https:\/\/agriportance.com\/#website"},"datePublished":"2023-06-15T15:03:00+00:00","dateModified":"2023-07-26T09:21:10+00:00","description":"Pie de imprenta y responsabilidades de agriportance GmbH | Lippst\u00e4dter Stra\u00dfe 54 en 48155 M\u00fcnster","breadcrumb":{"@id":"https:\/\/agriportance.com\/impressum\/#breadcrumb"},"inLanguage":"es","potentialAction":[{"@type":"ReadAction","target":["https:\/\/agriportance.com\/impressum\/"]}]},{"@type":"BreadcrumbList","@id":"https:\/\/agriportance.com\/impressum\/#breadcrumb","itemListElement":[{"@type":"ListItem","position":1,"name":"Startseite","item":"https:\/\/agriportance.com\/de\/"},{"@type":"ListItem","position":2,"name":"Impressum"}]},{"@type":"WebSite","@id":"https:\/\/agriportance.com\/#website","url":"https:\/\/agriportance.com\/","name":"agriportance","description":"Informaci\u00f3n y servicios sobre biometano y LCO2","publisher":{"@id":"https:\/\/agriportance.com\/#organization"},"potentialAction":[{"@type":"SearchAction","target":{"@type":"EntryPoint","urlTemplate":"https:\/\/agriportance.com\/?s={search_term_string}"},"query-input":{"@type":"PropertyValueSpecification","valueRequired":true,"valueName":"search_term_string"}}],"inLanguage":"es"},{"@type":"Organization","@id":"https:\/\/agriportance.com\/#organization","name":"agriportance GmbH","url":"https:\/\/agriportance.com\/","logo":{"@type":"ImageObject","inLanguage":"es","@id":"https:\/\/agriportance.com\/#\/schema\/logo\/image\/","url":"https:\/\/agriportance.com\/wp-content\/uploads\/2023\/05\/agriportance-logo.png","contentUrl":"https:\/\/agriportance.com\/wp-content\/uploads\/2023\/05\/agriportance-logo.png","width":701,"height":108,"caption":"agriportance GmbH"},"image":{"@id":"https:\/\/agriportance.com\/#\/schema\/logo\/image\/"},"sameAs":["https:\/\/www.facebook.com\/agriportance","https:\/\/x.com\/agriportance","https:\/\/de.linkedin.com\/company\/agriportance","https:\/\/www.instagram.com\/agriportance"]}]}},"_links":{"self":[{"href":"https:\/\/agriportance.com\/es\/wp-json\/wp\/v2\/pages\/1684","targetHints":{"allow":["GET"]}}],"collection":[{"href":"https:\/\/agriportance.com\/es\/wp-json\/wp\/v2\/pages"}],"about":[{"href":"https:\/\/agriportance.com\/es\/wp-json\/wp\/v2\/types\/page"}],"author":[{"embeddable":true,"href":"https:\/\/agriportance.com\/es\/wp-json\/wp\/v2\/users\/1"}],"replies":[{"embeddable":true,"href":"https:\/\/agriportance.com\/es\/wp-json\/wp\/v2\/comments?post=1684"}],"version-history":[{"count":7,"href":"https:\/\/agriportance.com\/es\/wp-json\/wp\/v2\/pages\/1684\/revisions"}],"predecessor-version":[{"id":36761,"href":"https:\/\/agriportance.com\/es\/wp-json\/wp\/v2\/pages\/1684\/revisions\/36761"}],"wp:attachment":[{"href":"https:\/\/agriportance.com\/es\/wp-json\/wp\/v2\/media?parent=1684"}],"curies":[{"name":"wp","href":"https:\/\/api.w.org\/{rel}","templated":true}]}}