{"id":33875,"date":"2024-04-18T13:27:00","date_gmt":"2024-04-18T13:27:00","guid":{"rendered":"https:\/\/agriportance.com\/de\/?page_id=33875"},"modified":"2024-04-18T14:18:41","modified_gmt":"2024-04-18T14:18:41","slug":"redes-sociales","status":"publish","type":"page","link":"https:\/\/agriportance.com\/es\/unternehmen\/social-media\/","title":{"rendered":"Redes sociales"},"content":{"rendered":"<div id=\"cs-content\" class=\"cs-content\"><div class=\"x-section e33875-e1 mq4z-0 mq4z-1 mq4z-2\"><div class=\"x-container max width e33875-e2 mq4z-8\"><div class=\"x-column x-sm x-1-1 e33875-e3 mq4z-9\"><div class=\"x-text x-text-headline e33875-e4 mq4z-b mq4z-c\"><div class=\"x-text-content\"><div class=\"x-text-content-text\"><h1 class=\"x-text-content-text-primary\"><b>Medios sociales de <\/b>agriportance&nbsp;<\/h1>\n<\/div><\/div><\/div><\/div><\/div><div class=\"x-container max width e33875-e5 mq4z-8\"><div class=\"x-column x-sm x-1-1 e33875-e6 mq4z-9 mq4z-a\"><div class=\"x-bg\" aria-hidden=\"true\"><div class=\"x-bg-layer-upper-image\" data-x-element-bg-layer=\"{&quot;parallaxSize&quot;:&quot;120%&quot;,&quot;parallaxDir&quot;:&quot;v&quot;,&quot;parallaxRev&quot;:true}\"><\/div><\/div><hr class=\"x-line e33875-e7 mq4z-e\"\/><\/div><\/div><\/div><div class=\"x-section e33875-e8 mq4z-0 mq4z-3 mq4z-4\"><div class=\"x-row x-container max width e33875-e9 mq4z-f mq4z-g mq4z-h\"><div class=\"x-row-inner\"><div class=\"x-col e33875-e10 mq4z-l\"><nav class=\"x-crumbs e33875-e11 mq4z-m\" role=\"navigation\"><ol class=\"x-crumbs-list\" itemscope=\"\" itemtype=\"http:\/\/schema.org\/BreadcrumbList\" aria-label=\"Navegaci\u00f3n con migas de pan\"><li class=\"x-crumbs-list-item\" itemprop=\"itemListElement\" itemscope itemtype=\"http:\/\/schema.org\/ListItem\"><a class=\"x-crumbs-current x-crumbs-link\" itemtype=\"http:\/\/schema.org\/Thing\" itemprop=\"item\" href=\"https:\/\/agriportance.com\/es\/\" title=\"Usted est\u00e1 aqu\u00ed\"><span itemprop=\"name\"><i class=\"x-icon\" aria-hidden=\"true\" data-x-icon-s=\"&#xf015;\"><\/i><span class=\"visually-hidden\">agriportance<\/span><\/span><\/a><meta itemprop=\"position\" content=\"1\"><\/li><\/ol><\/nav><\/div><\/div><\/div><\/div><div class=\"x-section e33875-e12 mq4z-0 mq4z-2 mq4z-4 mq4z-5\"><div class=\"x-row x-container max width e33875-e13 mq4z-f mq4z-g mq4z-i\"><div class=\"x-row-inner\"><div class=\"x-col e33875-e14 mq4z-l\"><div class=\"x-text x-text-headline e33875-e15 mq4z-c mq4z-d\"><div class=\"x-text-content\"><div class=\"x-text-content-text\"><h2 class=\"x-text-content-text-primary\"><b>Bienvenido al centro social de agriportance<\/b><\/h2>\n<\/div><\/div><\/div><div class=\"x-text x-content e33875-e16 mq4z-n\"><p class=\"p1\">Nuestros canales en las redes sociales constituyen una plataforma en la que compartimos noticias del sector del biog\u00e1s, comunicamos todo lo importante de nuestra empresa, damos a conocer los \u00faltimos acontecimientos y celebramos los \u00e9xitos de nuestros socios y clientes.<\/p>\n<p class=\"p1\">Esperamos poder intercambiar ideas con nuestra comunidad. Ideas, sugerencias y contribuciones constructivas son siempre bienvenidas.<\/p><\/div><\/div><\/div><\/div><\/div><div class=\"x-section e33875-e17 mq4z-0 mq4z-4 mq4z-6\"><div class=\"x-row x-container max width e33875-e18 mq4z-f mq4z-g mq4z-j\"><div class=\"x-row-inner\"><div class=\"x-col e33875-e19 mq4z-l\"><a class=\"x-anchor x-anchor-button has-graphic e33875-e20 mq4z-o\" tabindex=\"0\" href=\"https:\/\/www.instagram.com\/agriportance\/\" target=\"_blank\" rel=\"noopener noreferrer\"><div class=\"x-anchor-content\"><span class=\"x-graphic\" aria-hidden=\"true\"><i class=\"x-icon x-graphic-child x-graphic-icon x-graphic-primary\" aria-hidden=\"true\" data-x-icon-s=\"&#xf101;\"><\/i><\/span><div class=\"x-anchor-text\"><span class=\"x-anchor-text-primary\">Instagram<\/span><\/div><\/div><\/a><\/div><div class=\"x-col e33875-e21 mq4z-l\"><a class=\"x-anchor x-anchor-button has-graphic e33875-e22 mq4z-o\" tabindex=\"0\" href=\"https:\/\/de.linkedin.com\/company\/agriportance\"><div class=\"x-anchor-content\"><span class=\"x-graphic\" aria-hidden=\"true\"><i class=\"x-icon x-graphic-child x-graphic-icon x-graphic-primary\" aria-hidden=\"true\" data-x-icon-s=\"&#xf101;\"><\/i><\/span><div class=\"x-anchor-text\"><span class=\"x-anchor-text-primary\">LinkedIn<\/span><\/div><\/div><\/a><\/div><div class=\"x-col e33875-e23 mq4z-l\"><a class=\"x-anchor x-anchor-button has-graphic e33875-e24 mq4z-o\" tabindex=\"0\" href=\"https:\/\/www.facebook.com\/agriportance\/\" target=\"_blank\" rel=\"noopener noreferrer\"><div class=\"x-anchor-content\"><span class=\"x-graphic\" aria-hidden=\"true\"><i class=\"x-icon x-graphic-child x-graphic-icon x-graphic-primary\" aria-hidden=\"true\" data-x-icon-s=\"&#xf101;\"><\/i><\/span><div class=\"x-anchor-text\"><span class=\"x-anchor-text-primary\">Facebook<\/span><\/div><\/div><\/a><\/div><div class=\"x-col e33875-e25 mq4z-l\"><a class=\"x-anchor x-anchor-button has-graphic e33875-e26 mq4z-o\" tabindex=\"0\" href=\"https:\/\/de.linkedin.com\/company\/agriportance\"><div class=\"x-anchor-content\"><span class=\"x-graphic\" aria-hidden=\"true\"><i class=\"x-icon x-graphic-child x-graphic-icon x-graphic-primary\" aria-hidden=\"true\" data-x-icon-s=\"&#xf101;\"><\/i><\/span><div class=\"x-anchor-text\"><span class=\"x-anchor-text-primary\">X<\/span><\/div><\/div><\/a><\/div><\/div><\/div><\/div><div class=\"x-section e33875-e27 mq4z-0 mq4z-4 mq4z-5 mq4z-7\"><div class=\"x-row x-container max width e33875-e28 mq4z-f mq4z-g mq4z-k\"><div class=\"x-row-inner\"><div class=\"x-col e33875-e29 mq4z-l\"><div class=\"x-acc e33875-e30 mq4z-p\" id=\"x-acc-e33875-e30\"><div class=\"e33875-e31 x-acc-item\"><button id=\"tab-e33875-e31\" class=\"x-acc-header\" role=\"button\" type=\"button\" aria-expanded=\"false\" aria-controls=\"panel-e33875-e31\" data-x-toggle=\"collapse\" data-x-toggleable=\"e33875-e31\"><span class=\"x-acc-header-content\"><span class=\"x-acc-header-indicator\">\u25b8<\/span><span class=\"x-acc-header-text\">Mayo de 2024<\/span><\/span><\/button><div id=\"panel-e33875-e31\" role=\"tabpanel\" aria-hidden=\"true\" aria-labelledby=\"tab-e33875-e31\" data-x-toggleable=\"e33875-e31\" data-x-toggle-collapse=\"1\" class=\"x-collapsed\"><div class=\"x-acc-content\"><div class=\"x-text x-content e33875-e32 mq4z-n\">\u00a1Esto es contenido acorde\u00f3n!<\/div><\/div><\/div><\/div><div class=\"e33875-e33 x-acc-item\"><button id=\"tab-e33875-e33\" class=\"x-acc-header\" role=\"button\" type=\"button\" aria-expanded=\"false\" aria-controls=\"panel-e33875-e33\" data-x-toggle=\"collapse\" data-x-toggleable=\"e33875-e33\"><span class=\"x-acc-header-content\"><span class=\"x-acc-header-indicator\">\u25b8<\/span><span class=\"x-acc-header-text\">Abril de 2024<\/span><\/span><\/button><div id=\"panel-e33875-e33\" role=\"tabpanel\" aria-hidden=\"true\" aria-labelledby=\"tab-e33875-e33\" data-x-toggleable=\"e33875-e33\" data-x-toggle-collapse=\"1\" class=\"x-collapsed\"><div class=\"x-acc-content\"><div class=\"x-text x-content e33875-e34 mq4z-n\">\u00a1Esto es contenido acorde\u00f3n!<\/div><\/div><\/div><\/div><\/div><\/div><\/div><\/div><\/div><\/div>","protected":false},"excerpt":{"rendered":"<p>Medios sociales de agriportance agriportanceBienvenidos al centro social de agriportance Nuestros canales de medios sociales ofrecen una plataforma en la que compartimos noticias del sector del biog\u00e1s, comunicamos todo lo importante de nuestra empresa, damos a conocer los \u00faltimos eventos o celebramos los \u00e9xitos de nuestros socios y clientes. Estamos deseando interactuar con nuestra comunidad. Las ideas, sugerencias y contribuciones constructivas son siempre bienvenidas.InstagramLinkedInFacebookX\u25b8May 2024Esta es ...<\/p>","protected":false},"author":2,"featured_media":0,"parent":338,"menu_order":0,"comment_status":"closed","ping_status":"closed","template":"template-blank-4.php","meta":{"content-type":"","footnotes":""},"class_list":["post-33875","page","type-page","status-publish","hentry","no-post-thumbnail"],"yoast_head":"<!-- This site is optimized with the Yoast SEO Premium plugin v27.3 (Yoast SEO v27.3) - https:\/\/yoast.com\/product\/yoast-seo-premium-wordpress\/ -->\n<title>Social Media - agriportance GmbH<\/title>\n<meta name=\"robots\" content=\"index, follow, max-snippet:-1, max-image-preview:large, max-video-preview:-1\" \/>\n<link rel=\"canonical\" href=\"https:\/\/agriportance.com\/es\/empresa\/redes-sociales\/\" \/>\n<meta property=\"og:locale\" content=\"es_ES\" \/>\n<meta property=\"og:type\" content=\"article\" \/>\n<meta property=\"og:title\" content=\"Social Media\" \/>\n<meta property=\"og:description\" content=\"Social Media von agriportance&nbsp; agriportanceWillkommen im Social Hub von agriportance Unsere Social Media-Kan&auml;le bieten eine Plattform, auf der wir News im Biogas-Sektor teilen, alles Wichtige aus unserem Hause kommunizieren, die neuesten Veranstaltungen ver&ouml;ffentlichen oder die Erfolge unserer Partner und Kunden feiern. Wir freuen uns auf den Austausch mit unserer Community. Ideen, Vorschl&auml;ge und konstruktiven Beitr&auml;ge sind jederzeit willkommen.InstagramLinkedInFacebookX&#x25b8;Mai 2024This is ...\" \/>\n<meta property=\"og:url\" content=\"https:\/\/agriportance.com\/es\/empresa\/redes-sociales\/\" \/>\n<meta property=\"og:site_name\" content=\"agriportance GmbH\" \/>\n<meta property=\"article:publisher\" content=\"https:\/\/www.facebook.com\/agriportance\" \/>\n<meta property=\"article:modified_time\" content=\"2024-04-18T14:18:41+00:00\" \/>\n<meta name=\"twitter:card\" content=\"summary_large_image\" \/>\n<meta name=\"twitter:site\" content=\"@agriportance\" \/>\n<meta name=\"twitter:label1\" content=\"Tiempo de lectura\" \/>\n\t<meta name=\"twitter:data1\" content=\"2 minutos\" \/>\n<script type=\"application\/ld+json\" class=\"yoast-schema-graph\">{\"@context\":\"https:\\\/\\\/schema.org\",\"@graph\":[{\"@type\":\"WebPage\",\"@id\":\"https:\\\/\\\/agriportance.com\\\/unternehmen\\\/social-media\\\/\",\"url\":\"https:\\\/\\\/agriportance.com\\\/unternehmen\\\/social-media\\\/\",\"name\":\"Social Media - agriportance GmbH\",\"isPartOf\":{\"@id\":\"https:\\\/\\\/agriportance.com\\\/#website\"},\"datePublished\":\"2024-04-18T13:27:00+00:00\",\"dateModified\":\"2024-04-18T14:18:41+00:00\",\"breadcrumb\":{\"@id\":\"https:\\\/\\\/agriportance.com\\\/unternehmen\\\/social-media\\\/#breadcrumb\"},\"inLanguage\":\"es\",\"potentialAction\":[{\"@type\":\"ReadAction\",\"target\":[\"https:\\\/\\\/agriportance.com\\\/unternehmen\\\/social-media\\\/\"]}]},{\"@type\":\"BreadcrumbList\",\"@id\":\"https:\\\/\\\/agriportance.com\\\/unternehmen\\\/social-media\\\/#breadcrumb\",\"itemListElement\":[{\"@type\":\"ListItem\",\"position\":1,\"name\":\"Startseite\",\"item\":\"https:\\\/\\\/agriportance.com\\\/de\\\/\"},{\"@type\":\"ListItem\",\"position\":2,\"name\":\"Unternehmen\",\"item\":\"https:\\\/\\\/agriportance.com\\\/de\\\/unternehmen\\\/\"},{\"@type\":\"ListItem\",\"position\":3,\"name\":\"Social Media\"}]},{\"@type\":\"WebSite\",\"@id\":\"https:\\\/\\\/agriportance.com\\\/#website\",\"url\":\"https:\\\/\\\/agriportance.com\\\/\",\"name\":\"agriportance\",\"description\":\"Informationen und Dienstleistungen zu Biomethan und LCO2\",\"publisher\":{\"@id\":\"https:\\\/\\\/agriportance.com\\\/#organization\"},\"potentialAction\":[{\"@type\":\"SearchAction\",\"target\":{\"@type\":\"EntryPoint\",\"urlTemplate\":\"https:\\\/\\\/agriportance.com\\\/?s={search_term_string}\"},\"query-input\":{\"@type\":\"PropertyValueSpecification\",\"valueRequired\":true,\"valueName\":\"search_term_string\"}}],\"inLanguage\":\"es\"},{\"@type\":\"Organization\",\"@id\":\"https:\\\/\\\/agriportance.com\\\/#organization\",\"name\":\"agriportance GmbH\",\"url\":\"https:\\\/\\\/agriportance.com\\\/\",\"logo\":{\"@type\":\"ImageObject\",\"inLanguage\":\"es\",\"@id\":\"https:\\\/\\\/agriportance.com\\\/#\\\/schema\\\/logo\\\/image\\\/\",\"url\":\"https:\\\/\\\/agriportance.com\\\/wp-content\\\/uploads\\\/2023\\\/05\\\/agriportance-logo.png\",\"contentUrl\":\"https:\\\/\\\/agriportance.com\\\/wp-content\\\/uploads\\\/2023\\\/05\\\/agriportance-logo.png\",\"width\":701,\"height\":108,\"caption\":\"agriportance GmbH\"},\"image\":{\"@id\":\"https:\\\/\\\/agriportance.com\\\/#\\\/schema\\\/logo\\\/image\\\/\"},\"sameAs\":[\"https:\\\/\\\/www.facebook.com\\\/agriportance\",\"https:\\\/\\\/x.com\\\/agriportance\",\"https:\\\/\\\/de.linkedin.com\\\/company\\\/agriportance\",\"https:\\\/\\\/www.instagram.com\\\/agriportance\"]}]}<\/script>\n<!-- \/ Yoast SEO Premium plugin. -->","yoast_head_json":{"title":"Redes sociales - agriportance GmbH","robots":{"index":"index","follow":"follow","max-snippet":"max-snippet:-1","max-image-preview":"max-image-preview:large","max-video-preview":"max-video-preview:-1"},"canonical":"https:\/\/agriportance.com\/es\/empresa\/redes-sociales\/","og_locale":"es_ES","og_type":"article","og_title":"Social Media","og_description":"Social Media von agriportance&nbsp; agriportanceWillkommen im Social Hub von agriportance Unsere Social Media-Kan&auml;le bieten eine Plattform, auf der wir News im Biogas-Sektor teilen, alles Wichtige aus unserem Hause kommunizieren, die neuesten Veranstaltungen ver&ouml;ffentlichen oder die Erfolge unserer Partner und Kunden feiern. Wir freuen uns auf den Austausch mit unserer Community. Ideen, Vorschl&auml;ge und konstruktiven Beitr&auml;ge sind jederzeit willkommen.InstagramLinkedInFacebookX&#x25b8;Mai 2024This is ...","og_url":"https:\/\/agriportance.com\/es\/empresa\/redes-sociales\/","og_site_name":"agriportance GmbH","article_publisher":"https:\/\/www.facebook.com\/agriportance","article_modified_time":"2024-04-18T14:18:41+00:00","twitter_card":"summary_large_image","twitter_site":"@agriportance","twitter_misc":{"Tiempo de lectura":"2 minutos"},"schema":{"@context":"https:\/\/schema.org","@graph":[{"@type":"WebPage","@id":"https:\/\/agriportance.com\/unternehmen\/social-media\/","url":"https:\/\/agriportance.com\/unternehmen\/social-media\/","name":"Redes sociales - agriportance GmbH","isPartOf":{"@id":"https:\/\/agriportance.com\/#website"},"datePublished":"2024-04-18T13:27:00+00:00","dateModified":"2024-04-18T14:18:41+00:00","breadcrumb":{"@id":"https:\/\/agriportance.com\/unternehmen\/social-media\/#breadcrumb"},"inLanguage":"es","potentialAction":[{"@type":"ReadAction","target":["https:\/\/agriportance.com\/unternehmen\/social-media\/"]}]},{"@type":"BreadcrumbList","@id":"https:\/\/agriportance.com\/unternehmen\/social-media\/#breadcrumb","itemListElement":[{"@type":"ListItem","position":1,"name":"Startseite","item":"https:\/\/agriportance.com\/de\/"},{"@type":"ListItem","position":2,"name":"Unternehmen","item":"https:\/\/agriportance.com\/de\/unternehmen\/"},{"@type":"ListItem","position":3,"name":"Social Media"}]},{"@type":"WebSite","@id":"https:\/\/agriportance.com\/#website","url":"https:\/\/agriportance.com\/","name":"agriportance","description":"Informaci\u00f3n y servicios sobre biometano y LCO2","publisher":{"@id":"https:\/\/agriportance.com\/#organization"},"potentialAction":[{"@type":"SearchAction","target":{"@type":"EntryPoint","urlTemplate":"https:\/\/agriportance.com\/?s={search_term_string}"},"query-input":{"@type":"PropertyValueSpecification","valueRequired":true,"valueName":"search_term_string"}}],"inLanguage":"es"},{"@type":"Organization","@id":"https:\/\/agriportance.com\/#organization","name":"agriportance GmbH","url":"https:\/\/agriportance.com\/","logo":{"@type":"ImageObject","inLanguage":"es","@id":"https:\/\/agriportance.com\/#\/schema\/logo\/image\/","url":"https:\/\/agriportance.com\/wp-content\/uploads\/2023\/05\/agriportance-logo.png","contentUrl":"https:\/\/agriportance.com\/wp-content\/uploads\/2023\/05\/agriportance-logo.png","width":701,"height":108,"caption":"agriportance GmbH"},"image":{"@id":"https:\/\/agriportance.com\/#\/schema\/logo\/image\/"},"sameAs":["https:\/\/www.facebook.com\/agriportance","https:\/\/x.com\/agriportance","https:\/\/de.linkedin.com\/company\/agriportance","https:\/\/www.instagram.com\/agriportance"]}]}},"_links":{"self":[{"href":"https:\/\/agriportance.com\/es\/wp-json\/wp\/v2\/pages\/33875","targetHints":{"allow":["GET"]}}],"collection":[{"href":"https:\/\/agriportance.com\/es\/wp-json\/wp\/v2\/pages"}],"about":[{"href":"https:\/\/agriportance.com\/es\/wp-json\/wp\/v2\/types\/page"}],"author":[{"embeddable":true,"href":"https:\/\/agriportance.com\/es\/wp-json\/wp\/v2\/users\/2"}],"replies":[{"embeddable":true,"href":"https:\/\/agriportance.com\/es\/wp-json\/wp\/v2\/comments?post=33875"}],"version-history":[{"count":3,"href":"https:\/\/agriportance.com\/es\/wp-json\/wp\/v2\/pages\/33875\/revisions"}],"predecessor-version":[{"id":33879,"href":"https:\/\/agriportance.com\/es\/wp-json\/wp\/v2\/pages\/33875\/revisions\/33879"}],"up":[{"embeddable":true,"href":"https:\/\/agriportance.com\/es\/wp-json\/wp\/v2\/pages\/338"}],"wp:attachment":[{"href":"https:\/\/agriportance.com\/es\/wp-json\/wp\/v2\/media?parent=33875"}],"curies":[{"name":"wp","href":"https:\/\/api.w.org\/{rel}","templated":true}]}}