{"id":34789,"date":"2024-09-05T11:18:40","date_gmt":"2024-09-05T11:18:40","guid":{"rendered":"https:\/\/agriportance.com\/de\/?page_id=34789"},"modified":"2024-09-05T11:53:27","modified_gmt":"2024-09-05T11:53:27","slug":"referencia-agriportance-marx-wahlen-agrar-gmbh","status":"publish","type":"page","link":"https:\/\/agriportance.com\/es\/unternehmen\/referenzen\/referenz-agriportance-marx-wahlen-agrar-gmbh\/","title":{"rendered":"Referencia agriportance | Marx &amp; Wahlen Agrat GmbH &amp; Co KG"},"content":{"rendered":"<div id=\"cs-content\" class=\"cs-content\"><div class=\"x-section e34789-e1 mqud-0 mqud-1 mqud-2 mqud-3 mqud-4 mqud-5\"><div class=\"x-row x-container max width e34789-e2 mqud-d mqud-e mqud-g mqud-h\"><div class=\"x-row-inner\"><div class=\"x-col e34789-e3 mqud-o mqud-p mqud-q\"><span class=\"x-image e34789-e4 mqud-s mqud-t\"><img decoding=\"async\" src=\"https:\/\/agriportance.com\/wp-content\/uploads\/2024\/09\/nicolas-marx-marx-wahlen-agrar-gmbh-co-kg.jpeg\" width=\"450\" height=\"600\" alt=\"Imagen\"><\/span><\/div><div class=\"x-col e34789-e5 mqud-o mqud-p\"><span class=\"x-image e34789-e6 mqud-s mqud-t\"><img decoding=\"async\" src=\"https:\/\/agriportance.com\/wp-content\/uploads\/2024\/09\/biogasanlage-schillingen-marx-wahlen-agrar-gmbh.jpg\" width=\"400\" height=\"300\" alt=\"Vista a\u00e9rea de la planta de biog\u00e1s de Marx &amp; Wahlen Agrar GmbH &amp; Co KG en Schillingen.\"><\/span><span class=\"x-image e34789-e7 mqud-s mqud-u\"><img decoding=\"async\" src=\"https:\/\/agriportance.com\/wp-content\/uploads\/2024\/09\/referenz-marx-wahlen-agrar-gmbh-anlage.jpg\" width=\"400\" height=\"225\" alt=\"Imagen\"><\/span><\/div><\/div><\/div><\/div><div class=\"x-section e34789-e8 mqud-1 mqud-2 mqud-4 mqud-5 mqud-6 mqud-7\"><div class=\"x-row x-container max width e34789-e9 mqud-d mqud-e mqud-g mqud-i\"><div class=\"x-row-inner\"><div class=\"x-col e34789-e10 mqud-o mqud-p\"><div class=\"x-text x-text-headline e34789-e11 mqud-v mqud-w mqud-x mqud-y mqud-z mqud-10 mqud-11\"><div class=\"x-text-content\"><div class=\"x-text-content-text\"><h1 class=\"x-text-content-text-primary\">REFERENCIA<\/h1>\n<\/div><\/div><\/div><div class=\"x-text x-text-headline e34789-e12 mqud-w mqud-z mqud-10 mqud-12 mqud-13 mqud-14 mqud-15 mqud-16 mqud-17\"><div class=\"x-text-content\"><div class=\"x-text-content-text\"><h2 class=\"x-text-content-text-primary\"><span class=\"OYPEnA font-feature-liga-off font-feature-clig-off font-feature-calt-off text-decoration-none text-strikethrough-none\">Marx &amp; Wahlen Agricultura<\/span><\/h2>\n<\/div><\/div><\/div><div class=\"x-text x-text-headline e34789-e13 mqud-v mqud-w mqud-z mqud-11 mqud-14 mqud-15 mqud-16 mqud-18\"><div class=\"x-text-content\"><div class=\"x-text-content-text\"><div class=\"x-text-content-text-primary\"><p>GmbH &amp; Co KG<\/p><\/div>\n<\/div><\/div><\/div><\/div><\/div><\/div><\/div><div class=\"x-section e34789-e14 mqud-0 mqud-1 mqud-2 mqud-5 mqud-8\"><div class=\"x-row x-container max width e34789-e15 mqud-d mqud-e mqud-g mqud-j\"><div class=\"x-row-inner\"><div class=\"x-col e34789-e16 mqud-o mqud-p\"><div class=\"x-section e34789-e17 mqud-0 mqud-1 mqud-2 mqud-9\"><div class=\"x-bg\" aria-hidden=\"true\"><div class=\"x-bg-layer-lower-image\" data-x-element-bg-layer=\"{&quot;parallaxSize&quot;:&quot;150%&quot;,&quot;parallaxDir&quot;:&quot;v&quot;,&quot;parallaxRev&quot;:false}\"><\/div><\/div><div class=\"x-row x-container max width e34789-e18 mqud-e mqud-f mqud-k\"><div class=\"x-row-inner\"><div class=\"x-col e34789-e19 mqud-o mqud-r\"><div class=\"x-text x-content e34789-e20 mqud-1c mqud-1d\"><span class=\"OYPEnA font-feature-liga-off font-feature-clig-off font-feature-calt-off text-decoration-none text-strikethrough-none\">\"Seguiremos confiando en los servicios y el software de agriportance, que facilitan mucho la recopilaci\u00f3n de los datos necesarios\".<\/span><\/div><div class=\"x-text x-text-headline e34789-e21 mqud-w mqud-x mqud-10 mqud-11 mqud-12 mqud-16 mqud-19 mqud-1a\"><div class=\"x-text-content\"><div class=\"x-text-content-text\"><h4 class=\"x-text-content-text-primary\"><span class=\"OYPEnA font-feature-liga-off font-feature-clig-off font-feature-calt-off text-decoration-none text-strikethrough-none\">Nicolas Marx<\/span><\/h4>\n<\/div><\/div><\/div><span class=\"x-image e34789-e22 mqud-s mqud-t\"><img decoding=\"async\" src=\"https:\/\/agriportance.com\/wp-content\/uploads\/2024\/09\/logo-marx-wahlen-agrar-gmbH.png\" width=\"250\" height=\"81\" alt=\"Imagen\"><\/span><div class=\"x-text x-text-headline e34789-e23 mqud-w mqud-10 mqud-11 mqud-12 mqud-14 mqud-16 mqud-19 mqud-1b\"><div class=\"x-text-content\"><div class=\"x-text-content-text\"><h4 class=\"x-text-content-text-primary\"><p class=\"p1\">Explotador de las instalaciones de Schillingen<\/p>\n<p class=\"p1\">Marx &amp; Wahlen Agrar GmbH &amp; Co. KG<\/p><\/h4>\n<\/div><\/div><\/div><\/div><\/div><\/div><\/div><\/div><div class=\"x-col e34789-e24 mqud-o mqud-p\"><div class=\"x-text x-content e34789-e25 mqud-1d mqud-1e mqud-1f\"><p class=\"p1\"><span class=\"s1\">Desde 2004, Marx &amp; Wahlen Agrar GmbH &amp; Co. KG explota plantas de biog\u00e1s en varios puntos de la regi\u00f3n. Entre otras cosas, desde 2024 se produce biometano, que se procesa mediante un proceso de membrana y se introduce en la red local de gas natural.<\/span><\/p>\n<p class=\"p1\"><span class=\"s1\">Las plantas de biog\u00e1s tambi\u00e9n producen electricidad para alimentar la red y para uso propio, as\u00ed como calor, que abastece a varias instalaciones p\u00fablicas y hogares privados de la zona a trav\u00e9s de un gasoducto de calor. Esta combinaci\u00f3n suministra a la regi\u00f3n electricidad, calor y biometano a partir de una fuente sostenible.<\/span><\/p><\/div><\/div><\/div><\/div><\/div><div class=\"x-section e34789-e26 mqud-0 mqud-1 mqud-2 mqud-5 mqud-a\"><div class=\"x-row x-container max width e34789-e27 mqud-d mqud-e mqud-g mqud-l\"><div class=\"x-row-inner\"><div class=\"x-col e34789-e28 mqud-o mqud-p\"><div class=\"x-text x-content e34789-e29 mqud-1d mqud-1e mqud-1g\"><p>\"agriportance nos asesor\u00f3 en particular sobre el cambio al procesamiento de gas en la planta de Schillingen y nos apoy\u00f3 con su servicio t\u00e9cnico para, en \u00faltima instancia, hacer justicia al sector de los combustibles mediante el c\u00e1lculo de las cuotas de GEI y los balances de masa.<\/p>\n<p>En el futuro seguiremos confiando en los servicios y el software de agriportance, que nos facilita mucho el trabajo a la hora de recopilar los datos necesarios. Estamos seguros de que agriportance evoluciona constantemente y, como equipo joven e innovador, representa el progreso en la digitalizaci\u00f3n agr\u00edcola\", afirma Nicolas Marx, operador de las instalaciones de Schillingen, Marx &amp; Wahlen Agrar GmbH &amp; Co. KG<\/p><\/div><\/div><\/div><\/div><\/div><div class=\"x-section e34789-e30 mqud-0 mqud-1 mqud-4 mqud-5 mqud-7 mqud-b\"><div class=\"x-row x-container max width e34789-e31 mqud-d mqud-e mqud-g mqud-m\"><div class=\"x-row-inner\"><div class=\"x-col e34789-e32 mqud-o mqud-p\"><div class=\"x-text x-text-headline e34789-e33 mqud-w mqud-z mqud-10 mqud-12 mqud-13 mqud-14 mqud-15 mqud-16 mqud-17\"><div class=\"x-text-content\"><div class=\"x-text-content-text\"><div class=\"x-text-content-text-primary\"><span class=\"OYPEnA font-feature-liga-off font-feature-clig-off font-feature-calt-off text-decoration-none text-strikethrough-none\">Marx &amp; Wahlen Agricultura<\/span><\/div>\n<\/div><\/div><\/div><div class=\"x-text x-text-headline e34789-e34 mqud-v mqud-w mqud-z mqud-14 mqud-15 mqud-16 mqud-17 mqud-18\"><div class=\"x-text-content\"><div class=\"x-text-content-text\"><div class=\"x-text-content-text-primary\">GmbH &amp; Co KG<\/div>\n<\/div><\/div><\/div><\/div><\/div><\/div><\/div><div class=\"x-section e34789-e35 mqud-0 mqud-1 mqud-2 mqud-3 mqud-5 mqud-c\"><div class=\"x-row x-container max width e34789-e36 mqud-d mqud-e mqud-g mqud-n\"><div class=\"x-row-inner\"><div class=\"x-col e34789-e37 mqud-o mqud-p\"><span class=\"x-image e34789-e38 mqud-s mqud-t\"><img decoding=\"async\" src=\"https:\/\/agriportance.com\/wp-content\/uploads\/2024\/09\/biogasanlage-schillingen-marx-wahlen-agrar.jpg\" srcset=\"https:\/\/agriportance.com\/wp-content\/uploads\/2024\/09\/biogasanlage-schillingen-marx-wahlen-agrar.jpg 429w, https:\/\/agriportance.com\/wp-content\/uploads\/2024\/09\/biogasanlage-schillingen-marx-wahlen-agrar-216x300.jpg 216w, https:\/\/agriportance.com\/wp-content\/uploads\/2024\/09\/biogasanlage-schillingen-marx-wahlen-agrar-9x12.jpg 9w, https:\/\/agriportance.com\/wp-content\/uploads\/2024\/09\/biogasanlage-schillingen-marx-wahlen-agrar-100x139.jpg 100w\" sizes=\"(max-width: 429px) 100vw, 429px\" alt=\"La imagen muestra la planta de biog\u00e1s de Marx &amp; Wahlen Agrar GmbH &amp; Co KG en Schillingen.\"><\/span><\/div><div class=\"x-col e34789-e39 mqud-o mqud-p\"><span class=\"x-image e34789-e40 mqud-s mqud-t\"><img decoding=\"async\" src=\"https:\/\/agriportance.com\/wp-content\/uploads\/2024\/09\/nicolas-marx-marx-wahlen-grar-gmbh.jpeg\" width=\"450\" height=\"600\" alt=\"Nicolas Marx, explotador de las instalaciones de Schillingen, Marx &amp; Wahlen Agrar GmbH &amp; Co. KG\"><\/span><\/div><\/div><\/div><\/div><\/div>","protected":false},"excerpt":{"rendered":"<p>REFERENCIA Marx &amp; Wahlen Agrar GmbH &amp; Co KG \u201eEn el futuro seguiremos confiando en los servicios y el software de agriportance, que facilitan enormemente la recopilaci\u00f3n de los datos necesarios\u201c Nicolas Marx Operador de las instalaciones de Schillingen Marx &amp; Wahlen Agrar GmbH &amp; Co. KG Desde 2004, Marx &amp; Wahlen Agrar GmbH &amp; Co. KG explota plantas de biog\u00e1s en distintos lugares de ...<\/p>","protected":false},"author":2,"featured_media":0,"parent":408,"menu_order":0,"comment_status":"closed","ping_status":"closed","template":"template-blank-4.php","meta":{"content-type":"","footnotes":""},"class_list":["post-34789","page","type-page","status-publish","hentry","no-post-thumbnail"],"yoast_head":"<!-- This site is optimized with the Yoast SEO Premium plugin v27.3 (Yoast SEO v27.3) - https:\/\/yoast.com\/product\/yoast-seo-premium-wordpress\/ -->\n<title>Referenz agriportance | Marx &amp; Wahlen Agrat GmbH &amp; Co KG - agriportance GmbH<\/title>\n<meta name=\"robots\" content=\"index, follow, max-snippet:-1, max-image-preview:large, max-video-preview:-1\" \/>\n<link rel=\"canonical\" href=\"https:\/\/agriportance.com\/es\/empresa\/referencias\/referencia-agriportance-marx-wahlen-agrar-gmbh\/\" \/>\n<meta property=\"og:locale\" content=\"es_ES\" \/>\n<meta property=\"og:type\" content=\"article\" \/>\n<meta property=\"og:title\" content=\"Referenz agriportance | Marx &amp; Wahlen Agrat GmbH &amp; Co KG\" \/>\n<meta property=\"og:description\" content=\"REFERENZ Marx &amp; Wahlen Agrar GmbH &amp; Co KG \u201eWir vertrauen auch in Zukunft auf die Dienstleistungen und Software von agriportance, welche die Erfassung der notwendigen Daten erheblich erleichtert.\u201cNicolas Marx Betreiber der Anlagen Schillingen Marx &amp; Wahlen Agrar GmbH &amp; Co. KG Seit 2004 betreibt die Marx &amp; Wahlen Agrar GmbH &amp; Co. KG Biogasanlagen an verschiedenen Standorten in der ...\" \/>\n<meta property=\"og:url\" content=\"https:\/\/agriportance.com\/es\/empresa\/referencias\/referencia-agriportance-marx-wahlen-agrar-gmbh\/\" \/>\n<meta property=\"og:site_name\" content=\"agriportance GmbH\" \/>\n<meta property=\"article:publisher\" content=\"https:\/\/www.facebook.com\/agriportance\" \/>\n<meta property=\"article:modified_time\" content=\"2024-09-05T11:53:27+00:00\" \/>\n<meta name=\"twitter:card\" content=\"summary_large_image\" \/>\n<meta name=\"twitter:site\" content=\"@agriportance\" \/>\n<meta name=\"twitter:label1\" content=\"Tiempo de lectura\" \/>\n\t<meta name=\"twitter:data1\" content=\"3 minutos\" \/>\n<script type=\"application\/ld+json\" class=\"yoast-schema-graph\">{\"@context\":\"https:\\\/\\\/schema.org\",\"@graph\":[{\"@type\":\"WebPage\",\"@id\":\"https:\\\/\\\/agriportance.com\\\/de\\\/unternehmen\\\/referenzen\\\/referenz-agriportance-marx-wahlen-agrar-gmbh\\\/\",\"url\":\"https:\\\/\\\/agriportance.com\\\/de\\\/unternehmen\\\/referenzen\\\/referenz-agriportance-marx-wahlen-agrar-gmbh\\\/\",\"name\":\"Referenz agriportance | Marx & Wahlen Agrat GmbH & Co KG - agriportance GmbH\",\"isPartOf\":{\"@id\":\"https:\\\/\\\/agriportance.com\\\/#website\"},\"datePublished\":\"2024-09-05T11:18:40+00:00\",\"dateModified\":\"2024-09-05T11:53:27+00:00\",\"breadcrumb\":{\"@id\":\"https:\\\/\\\/agriportance.com\\\/de\\\/unternehmen\\\/referenzen\\\/referenz-agriportance-marx-wahlen-agrar-gmbh\\\/#breadcrumb\"},\"inLanguage\":\"es\",\"potentialAction\":[{\"@type\":\"ReadAction\",\"target\":[\"https:\\\/\\\/agriportance.com\\\/de\\\/unternehmen\\\/referenzen\\\/referenz-agriportance-marx-wahlen-agrar-gmbh\\\/\"]}]},{\"@type\":\"BreadcrumbList\",\"@id\":\"https:\\\/\\\/agriportance.com\\\/de\\\/unternehmen\\\/referenzen\\\/referenz-agriportance-marx-wahlen-agrar-gmbh\\\/#breadcrumb\",\"itemListElement\":[{\"@type\":\"ListItem\",\"position\":1,\"name\":\"Startseite\",\"item\":\"https:\\\/\\\/agriportance.com\\\/de\\\/\"},{\"@type\":\"ListItem\",\"position\":2,\"name\":\"Unternehmen\",\"item\":\"https:\\\/\\\/agriportance.com\\\/de\\\/unternehmen\\\/\"},{\"@type\":\"ListItem\",\"position\":3,\"name\":\"Referenzen\",\"item\":\"https:\\\/\\\/agriportance.com\\\/de\\\/unternehmen\\\/referenzen\\\/\"},{\"@type\":\"ListItem\",\"position\":4,\"name\":\"Referenz agriportance | Marx &#038; Wahlen Agrat GmbH &#038; Co KG\"}]},{\"@type\":\"WebSite\",\"@id\":\"https:\\\/\\\/agriportance.com\\\/#website\",\"url\":\"https:\\\/\\\/agriportance.com\\\/\",\"name\":\"agriportance\",\"description\":\"Informationen und Dienstleistungen zu Biomethan und LCO2\",\"publisher\":{\"@id\":\"https:\\\/\\\/agriportance.com\\\/#organization\"},\"potentialAction\":[{\"@type\":\"SearchAction\",\"target\":{\"@type\":\"EntryPoint\",\"urlTemplate\":\"https:\\\/\\\/agriportance.com\\\/?s={search_term_string}\"},\"query-input\":{\"@type\":\"PropertyValueSpecification\",\"valueRequired\":true,\"valueName\":\"search_term_string\"}}],\"inLanguage\":\"es\"},{\"@type\":\"Organization\",\"@id\":\"https:\\\/\\\/agriportance.com\\\/#organization\",\"name\":\"agriportance GmbH\",\"url\":\"https:\\\/\\\/agriportance.com\\\/\",\"logo\":{\"@type\":\"ImageObject\",\"inLanguage\":\"es\",\"@id\":\"https:\\\/\\\/agriportance.com\\\/#\\\/schema\\\/logo\\\/image\\\/\",\"url\":\"https:\\\/\\\/agriportance.com\\\/wp-content\\\/uploads\\\/2023\\\/05\\\/agriportance-logo.png\",\"contentUrl\":\"https:\\\/\\\/agriportance.com\\\/wp-content\\\/uploads\\\/2023\\\/05\\\/agriportance-logo.png\",\"width\":701,\"height\":108,\"caption\":\"agriportance GmbH\"},\"image\":{\"@id\":\"https:\\\/\\\/agriportance.com\\\/#\\\/schema\\\/logo\\\/image\\\/\"},\"sameAs\":[\"https:\\\/\\\/www.facebook.com\\\/agriportance\",\"https:\\\/\\\/x.com\\\/agriportance\",\"https:\\\/\\\/de.linkedin.com\\\/company\\\/agriportance\",\"https:\\\/\\\/www.instagram.com\\\/agriportance\"]}]}<\/script>\n<!-- \/ Yoast SEO Premium plugin. -->","yoast_head_json":{"title":"Referencia agriportance | Marx &amp; Wahlen Agrat GmbH &amp; Co KG - agriportance GmbH","robots":{"index":"index","follow":"follow","max-snippet":"max-snippet:-1","max-image-preview":"max-image-preview:large","max-video-preview":"max-video-preview:-1"},"canonical":"https:\/\/agriportance.com\/es\/empresa\/referencias\/referencia-agriportance-marx-wahlen-agrar-gmbh\/","og_locale":"es_ES","og_type":"article","og_title":"Referenz agriportance | Marx & Wahlen Agrat GmbH & Co KG","og_description":"REFERENZ Marx &amp; Wahlen Agrar GmbH &amp; Co KG \u201eWir vertrauen auch in Zukunft auf die Dienstleistungen und Software von agriportance, welche die Erfassung der notwendigen Daten erheblich erleichtert.\u201cNicolas Marx Betreiber der Anlagen Schillingen Marx &amp; Wahlen Agrar GmbH &amp; Co. KG Seit 2004 betreibt die Marx &amp; Wahlen Agrar GmbH &amp; Co. KG Biogasanlagen an verschiedenen Standorten in der ...","og_url":"https:\/\/agriportance.com\/es\/empresa\/referencias\/referencia-agriportance-marx-wahlen-agrar-gmbh\/","og_site_name":"agriportance GmbH","article_publisher":"https:\/\/www.facebook.com\/agriportance","article_modified_time":"2024-09-05T11:53:27+00:00","twitter_card":"summary_large_image","twitter_site":"@agriportance","twitter_misc":{"Tiempo de lectura":"3 minutos"},"schema":{"@context":"https:\/\/schema.org","@graph":[{"@type":"WebPage","@id":"https:\/\/agriportance.com\/de\/unternehmen\/referenzen\/referenz-agriportance-marx-wahlen-agrar-gmbh\/","url":"https:\/\/agriportance.com\/de\/unternehmen\/referenzen\/referenz-agriportance-marx-wahlen-agrar-gmbh\/","name":"Referencia agriportance | Marx &amp; Wahlen Agrat GmbH &amp; Co KG - agriportance GmbH","isPartOf":{"@id":"https:\/\/agriportance.com\/#website"},"datePublished":"2024-09-05T11:18:40+00:00","dateModified":"2024-09-05T11:53:27+00:00","breadcrumb":{"@id":"https:\/\/agriportance.com\/de\/unternehmen\/referenzen\/referenz-agriportance-marx-wahlen-agrar-gmbh\/#breadcrumb"},"inLanguage":"es","potentialAction":[{"@type":"ReadAction","target":["https:\/\/agriportance.com\/de\/unternehmen\/referenzen\/referenz-agriportance-marx-wahlen-agrar-gmbh\/"]}]},{"@type":"BreadcrumbList","@id":"https:\/\/agriportance.com\/de\/unternehmen\/referenzen\/referenz-agriportance-marx-wahlen-agrar-gmbh\/#breadcrumb","itemListElement":[{"@type":"ListItem","position":1,"name":"Startseite","item":"https:\/\/agriportance.com\/de\/"},{"@type":"ListItem","position":2,"name":"Unternehmen","item":"https:\/\/agriportance.com\/de\/unternehmen\/"},{"@type":"ListItem","position":3,"name":"Referenzen","item":"https:\/\/agriportance.com\/de\/unternehmen\/referenzen\/"},{"@type":"ListItem","position":4,"name":"Referenz agriportance | Marx &#038; Wahlen Agrat GmbH &#038; Co KG"}]},{"@type":"WebSite","@id":"https:\/\/agriportance.com\/#website","url":"https:\/\/agriportance.com\/","name":"agriportance","description":"Informaci\u00f3n y servicios sobre biometano y LCO2","publisher":{"@id":"https:\/\/agriportance.com\/#organization"},"potentialAction":[{"@type":"SearchAction","target":{"@type":"EntryPoint","urlTemplate":"https:\/\/agriportance.com\/?s={search_term_string}"},"query-input":{"@type":"PropertyValueSpecification","valueRequired":true,"valueName":"search_term_string"}}],"inLanguage":"es"},{"@type":"Organization","@id":"https:\/\/agriportance.com\/#organization","name":"agriportance GmbH","url":"https:\/\/agriportance.com\/","logo":{"@type":"ImageObject","inLanguage":"es","@id":"https:\/\/agriportance.com\/#\/schema\/logo\/image\/","url":"https:\/\/agriportance.com\/wp-content\/uploads\/2023\/05\/agriportance-logo.png","contentUrl":"https:\/\/agriportance.com\/wp-content\/uploads\/2023\/05\/agriportance-logo.png","width":701,"height":108,"caption":"agriportance GmbH"},"image":{"@id":"https:\/\/agriportance.com\/#\/schema\/logo\/image\/"},"sameAs":["https:\/\/www.facebook.com\/agriportance","https:\/\/x.com\/agriportance","https:\/\/de.linkedin.com\/company\/agriportance","https:\/\/www.instagram.com\/agriportance"]}]}},"_links":{"self":[{"href":"https:\/\/agriportance.com\/es\/wp-json\/wp\/v2\/pages\/34789","targetHints":{"allow":["GET"]}}],"collection":[{"href":"https:\/\/agriportance.com\/es\/wp-json\/wp\/v2\/pages"}],"about":[{"href":"https:\/\/agriportance.com\/es\/wp-json\/wp\/v2\/types\/page"}],"author":[{"embeddable":true,"href":"https:\/\/agriportance.com\/es\/wp-json\/wp\/v2\/users\/2"}],"replies":[{"embeddable":true,"href":"https:\/\/agriportance.com\/es\/wp-json\/wp\/v2\/comments?post=34789"}],"version-history":[{"count":9,"href":"https:\/\/agriportance.com\/es\/wp-json\/wp\/v2\/pages\/34789\/revisions"}],"predecessor-version":[{"id":34805,"href":"https:\/\/agriportance.com\/es\/wp-json\/wp\/v2\/pages\/34789\/revisions\/34805"}],"up":[{"embeddable":true,"href":"https:\/\/agriportance.com\/es\/wp-json\/wp\/v2\/pages\/408"}],"wp:attachment":[{"href":"https:\/\/agriportance.com\/es\/wp-json\/wp\/v2\/media?parent=34789"}],"curies":[{"name":"wp","href":"https:\/\/api.w.org\/{rel}","templated":true}]}}