{"id":1064,"date":"2023-06-13T08:48:08","date_gmt":"2023-06-13T08:48:08","guid":{"rendered":"https:\/\/dev.agriportance.com\/?page_id=1064"},"modified":"2024-11-15T10:43:23","modified_gmt":"2024-11-15T10:43:23","slug":"distribution-toiture","status":"publish","type":"page","link":"https:\/\/agriportance.com\/fr\/kontakt\/vertriebsgebiete\/vertrieb-dach\/","title":{"rendered":"Ventes DACH"},"content":{"rendered":"<div id=\"cs-content\" class=\"cs-content\"><div class=\"x-section e1064-e1 mtk-0 mtk-1 mtk-2\"><div class=\"x-row x-container max width e1064-e2 mtk-9 mtk-a mtk-b mtk-c mtk-f mtk-g\"><div class=\"x-row-inner\"><div class=\"x-col e1064-e3 mtk-n\"><div class=\"x-section e1064-e4 mtk-0 mtk-2 mtk-3 mtk-4\"><div class=\"x-row x-container max width e1064-e5 mtk-9 mtk-a mtk-b mtk-c mtk-f mtk-h\"><div class=\"x-row-inner\"><div class=\"x-col e1064-e6 mtk-n\"><nav class=\"x-crumbs e1064-e7 mtk-p\" role=\"navigation\"><ol class=\"x-crumbs-list\" itemscope=\"\" itemtype=\"http:\/\/schema.org\/BreadcrumbList\" aria-label=\"Navigation par fil d&#039;Ariane\"><li class=\"x-crumbs-list-item\" itemprop=\"itemListElement\" itemscope itemtype=\"http:\/\/schema.org\/ListItem\"><a class=\"x-crumbs-current x-crumbs-link\" itemtype=\"http:\/\/schema.org\/Thing\" itemprop=\"item\" href=\"https:\/\/agriportance.com\/fr\/\" title=\"Vous \u00eates ici\"><span itemprop=\"name\"><i class=\"x-icon\" aria-hidden=\"true\" data-x-icon-s=\"&#xf015;\"><\/i><span class=\"visually-hidden\">agriportance<\/span><\/span><\/a><meta itemprop=\"position\" content=\"1\"><\/li><\/ol><\/nav><\/div><\/div><\/div><\/div><\/div><\/div><\/div><\/div><div class=\"x-section e1064-e8 mtk-0 mtk-2 mtk-3 mtk-5\"><div class=\"x-row x-container max width e1064-e9 mtk-9 mtk-a mtk-b mtk-c mtk-f mtk-i\"><div class=\"x-row-inner\"><div class=\"x-col e1064-e10 mtk-n\"><div class=\"x-section e1064-e11 mtk-0 mtk-6 mtk-7\"><div class=\"x-bg\" aria-hidden=\"true\"><div class=\"x-bg-layer-lower-image\"><\/div><div class=\"x-bg-layer-upper-color\"><\/div><\/div><div class=\"x-div x-container max width e1064-e12 mtk-q\"><div class=\"x-row e1064-e13 mtk-9 mtk-a mtk-d mtk-j\"><div class=\"x-row-inner\"><div class=\"x-col e1064-e14 mtk-n\"><span class=\"x-image e1064-e15 mtk-r\"><img decoding=\"async\" src=\"https:\/\/agriportance.com\/wp-content\/uploads\/2023\/06\/christian-schuerholz-agriportance.jpg\" width=\"250\" height=\"323\" alt=\"christian-schuerholz-agriportance\"><\/span><\/div><div class=\"x-col e1064-e16 mtk-n\"><div class=\"x-text x-text-headline e1064-e17 mtk-s mtk-t mtk-u\"><div class=\"x-text-content\"><div class=\"x-text-content-text\">\n<h2 class=\"x-text-content-text-primary\">Christian Sch\u00fcrholz<\/h2><\/div><\/div><\/div><div class=\"x-text x-content e1064-e18 mtk-z mtk-10\"><p><span data-teams=\"true\"><span class=\"ui-provider a b c d e f g h i j k l m n o p q r s t u v w x y z ab ac ae af ag ah ai aj ak\" dir=\"ltr\">Chef d'\u00e9quipe des producteurs de biom\u00e9thane DACH<\/span><\/span><\/p><\/div><div class=\"x-text x-content e1064-e19 mtk-z mtk-11\"><p><strong>agriportance. GmbH<\/strong><\/p>\n<p>Lippst\u00e4dter Stra\u00dfe 54 | Businessdock B\u00e2timent F | 48155 M\u00fcnster<\/p><\/div><div class=\"x-text x-text-headline has-graphic e1064-e20 mtk-t mtk-u mtk-v mtk-w\"><div class=\"x-text-content\"><span class=\"x-graphic\" aria-hidden=\"true\"><i class=\"x-icon x-graphic-child x-graphic-icon x-graphic-primary\" aria-hidden=\"true\" data-x-icon-s=\"&#xf3ce;\"><\/i><\/span><div class=\"x-text-content-text\"><h5 class=\"x-text-content-text-primary\"><a href=\"http:\/\/+49 176 19454317\" data-wplink-url-error=\"true\">+49 176 19454317<\/a><\/h5>\n<\/div><\/div><\/div><div class=\"x-text x-text-headline has-graphic e1064-e21 mtk-t mtk-u mtk-v mtk-x\"><div class=\"x-text-content\"><span class=\"x-graphic\" aria-hidden=\"true\"><i class=\"x-icon x-graphic-child x-graphic-icon x-graphic-primary\" aria-hidden=\"true\" data-x-icon-s=\"&#xf0e0;\"><\/i><\/span><div class=\"x-text-content-text\"><h3 class=\"x-text-content-text-primary\">christian.schuerholz@agriportance.com<\/h3>\n<\/div><\/div><\/div><\/div><\/div><\/div><\/div><\/div><\/div><\/div><\/div><\/div><div class=\"x-section e1064-e22 mtk-0 mtk-7 mtk-8\"><div class=\"x-row x-container max width e1064-e23 mtk-9 mtk-b mtk-e mtk-k mtk-l\"><div class=\"x-row-inner\"><div class=\"x-col e1064-e24 mtk-n mtk-o\"><div class=\"x-text x-text-headline e1064-e25 mtk-u mtk-y\"><div class=\"x-text-content\"><div class=\"x-text-content-text\"><h3 class=\"x-text-content-text-primary\">Vous pouvez \u00e9galement prendre rendez-vous directement avec moi :<\/h3>\n<\/div><\/div><\/div><\/div><\/div><\/div><div class=\"x-row x-container max width e1064-e26 mtk-9 mtk-b mtk-e mtk-k mtk-m\"><div class=\"x-row-inner\"><div class=\"x-col e1064-e27 mtk-n mtk-o\"><div class=\"x-form-integration x-form-integration-embed e1064-e28 mtk-12\"><p><!-- Start of Meetings Embed Script --><\/p>\n\n<div class=\"meetings-iframe-container\" data-src=\"https:\/\/meetings-eu1.hubspot.com\/christian-schuerholz?embed=true\"><\/div>\n<p><script type=\"text\/javascript\" src=\"https:\/\/static.hsappstatic.net\/MeetingsEmbed\/ex\/MeetingsEmbedCode.js\"><\/script><br \/>\n<!-- End of Meetings Embed Script --><\/p><\/div><\/div><\/div><\/div><\/div><\/div>","protected":false},"excerpt":{"rendered":"<p>agriportance Christian Sch\u00fcrholzChef d'\u00e9quipe producteurs de biom\u00e9thane DACHagriportance. GmbH Lippst\u00e4dter Stra\u00dfe 54 | Businessdock B\u00e2timent F | 48155 M\u00fcnster+49 176 19454317 christian.schuerholz@agriportance.com Vous pouvez aussi r\u00e9server directement un rendez-vous avec moi :<\/p>","protected":false},"author":2,"featured_media":0,"parent":590,"menu_order":0,"comment_status":"closed","ping_status":"closed","template":"template-blank-4.php","meta":{"content-type":"","footnotes":""},"class_list":["post-1064","page","type-page","status-publish","hentry","no-post-thumbnail"],"yoast_head":"<!-- This site is optimized with the Yoast SEO Premium plugin v27.3 (Yoast SEO v27.3) - https:\/\/yoast.com\/product\/yoast-seo-premium-wordpress\/ -->\n<title>Vertrieb in Norddeutschland f\u00fcr Biomethan &amp; LCO2<\/title>\n<meta name=\"description\" content=\"Vertrieb Norddeutschland | Dienstleistungen f\u00fcr K\u00e4ufer von Biomethan \/ LCO2 und f\u00fcr Biogasanlagenbetreiber. Kontaktieren Sie Herrn van Laack\" \/>\n<meta name=\"robots\" content=\"index, follow, max-snippet:-1, max-image-preview:large, max-video-preview:-1\" \/>\n<link rel=\"canonical\" href=\"https:\/\/agriportance.com\/fr\/contact\/territoires-de-distribution\/distribution-toiture\/\" \/>\n<meta property=\"og:locale\" content=\"fr_FR\" \/>\n<meta property=\"og:type\" content=\"article\" \/>\n<meta property=\"og:title\" content=\"Vertrieb DACH\" \/>\n<meta property=\"og:description\" content=\"Vertrieb Norddeutschland | Dienstleistungen f\u00fcr K\u00e4ufer von Biomethan \/ LCO2 und f\u00fcr Biogasanlagenbetreiber. Kontaktieren Sie Herrn van Laack\" \/>\n<meta property=\"og:url\" content=\"https:\/\/agriportance.com\/fr\/contact\/territoires-de-distribution\/distribution-toiture\/\" \/>\n<meta property=\"og:site_name\" content=\"agriportance GmbH\" \/>\n<meta property=\"article:publisher\" content=\"https:\/\/www.facebook.com\/agriportance\" \/>\n<meta property=\"article:modified_time\" content=\"2024-11-15T10:43:23+00:00\" \/>\n<meta name=\"twitter:card\" content=\"summary_large_image\" \/>\n<meta name=\"twitter:site\" content=\"@agriportance\" \/>\n<meta name=\"twitter:label1\" content=\"Dur\u00e9e de lecture estim\u00e9e\" \/>\n\t<meta name=\"twitter:data1\" content=\"1 minute\" \/>\n<script type=\"application\/ld+json\" class=\"yoast-schema-graph\">{\"@context\":\"https:\\\/\\\/schema.org\",\"@graph\":[{\"@type\":\"WebPage\",\"@id\":\"https:\\\/\\\/agriportance.com\\\/de\\\/kontakt\\\/vertriebsgebiete\\\/vertrieb-dach\\\/\",\"url\":\"https:\\\/\\\/agriportance.com\\\/de\\\/kontakt\\\/vertriebsgebiete\\\/vertrieb-dach\\\/\",\"name\":\"Vertrieb in Norddeutschland f\u00fcr Biomethan & LCO2\",\"isPartOf\":{\"@id\":\"https:\\\/\\\/agriportance.com\\\/#website\"},\"datePublished\":\"2023-06-13T08:48:08+00:00\",\"dateModified\":\"2024-11-15T10:43:23+00:00\",\"description\":\"Vertrieb Norddeutschland | Dienstleistungen f\u00fcr K\u00e4ufer von Biomethan \\\/ LCO2 und f\u00fcr Biogasanlagenbetreiber. Kontaktieren Sie Herrn van Laack\",\"breadcrumb\":{\"@id\":\"https:\\\/\\\/agriportance.com\\\/de\\\/kontakt\\\/vertriebsgebiete\\\/vertrieb-dach\\\/#breadcrumb\"},\"inLanguage\":\"fr-FR\",\"potentialAction\":[{\"@type\":\"ReadAction\",\"target\":[\"https:\\\/\\\/agriportance.com\\\/de\\\/kontakt\\\/vertriebsgebiete\\\/vertrieb-dach\\\/\"]}]},{\"@type\":\"BreadcrumbList\",\"@id\":\"https:\\\/\\\/agriportance.com\\\/de\\\/kontakt\\\/vertriebsgebiete\\\/vertrieb-dach\\\/#breadcrumb\",\"itemListElement\":[{\"@type\":\"ListItem\",\"position\":1,\"name\":\"Startseite\",\"item\":\"https:\\\/\\\/agriportance.com\\\/de\\\/\"},{\"@type\":\"ListItem\",\"position\":2,\"name\":\"Kontakt\",\"item\":\"https:\\\/\\\/agriportance.com\\\/de\\\/kontakt\\\/\"},{\"@type\":\"ListItem\",\"position\":3,\"name\":\"Vertriebsgebiete\",\"item\":\"https:\\\/\\\/agriportance.com\\\/de\\\/kontakt\\\/vertriebsgebiete\\\/\"},{\"@type\":\"ListItem\",\"position\":4,\"name\":\"Vertrieb DACH\"}]},{\"@type\":\"WebSite\",\"@id\":\"https:\\\/\\\/agriportance.com\\\/#website\",\"url\":\"https:\\\/\\\/agriportance.com\\\/\",\"name\":\"agriportance\",\"description\":\"Informationen und Dienstleistungen zu Biomethan und LCO2\",\"publisher\":{\"@id\":\"https:\\\/\\\/agriportance.com\\\/#organization\"},\"potentialAction\":[{\"@type\":\"SearchAction\",\"target\":{\"@type\":\"EntryPoint\",\"urlTemplate\":\"https:\\\/\\\/agriportance.com\\\/?s={search_term_string}\"},\"query-input\":{\"@type\":\"PropertyValueSpecification\",\"valueRequired\":true,\"valueName\":\"search_term_string\"}}],\"inLanguage\":\"fr-FR\"},{\"@type\":\"Organization\",\"@id\":\"https:\\\/\\\/agriportance.com\\\/#organization\",\"name\":\"agriportance GmbH\",\"url\":\"https:\\\/\\\/agriportance.com\\\/\",\"logo\":{\"@type\":\"ImageObject\",\"inLanguage\":\"fr-FR\",\"@id\":\"https:\\\/\\\/agriportance.com\\\/#\\\/schema\\\/logo\\\/image\\\/\",\"url\":\"https:\\\/\\\/agriportance.com\\\/wp-content\\\/uploads\\\/2023\\\/05\\\/agriportance-logo.png\",\"contentUrl\":\"https:\\\/\\\/agriportance.com\\\/wp-content\\\/uploads\\\/2023\\\/05\\\/agriportance-logo.png\",\"width\":701,\"height\":108,\"caption\":\"agriportance GmbH\"},\"image\":{\"@id\":\"https:\\\/\\\/agriportance.com\\\/#\\\/schema\\\/logo\\\/image\\\/\"},\"sameAs\":[\"https:\\\/\\\/www.facebook.com\\\/agriportance\",\"https:\\\/\\\/x.com\\\/agriportance\",\"https:\\\/\\\/de.linkedin.com\\\/company\\\/agriportance\",\"https:\\\/\\\/www.instagram.com\\\/agriportance\"]}]}<\/script>\n<!-- \/ Yoast SEO Premium plugin. -->","yoast_head_json":{"title":"Distribution dans le nord de l'Allemagne pour le biom\u00e9thane &amp; LCO2","description":"Distribution Allemagne du Nord | Services pour les acheteurs de biom\u00e9thane \/ LCO2 et pour les exploitants d'installations de biogaz. Contactez M. van Laack","robots":{"index":"index","follow":"follow","max-snippet":"max-snippet:-1","max-image-preview":"max-image-preview:large","max-video-preview":"max-video-preview:-1"},"canonical":"https:\/\/agriportance.com\/fr\/contact\/territoires-de-distribution\/distribution-toiture\/","og_locale":"fr_FR","og_type":"article","og_title":"Vertrieb DACH","og_description":"Vertrieb Norddeutschland | Dienstleistungen f\u00fcr K\u00e4ufer von Biomethan \/ LCO2 und f\u00fcr Biogasanlagenbetreiber. Kontaktieren Sie Herrn van Laack","og_url":"https:\/\/agriportance.com\/fr\/contact\/territoires-de-distribution\/distribution-toiture\/","og_site_name":"agriportance GmbH","article_publisher":"https:\/\/www.facebook.com\/agriportance","article_modified_time":"2024-11-15T10:43:23+00:00","twitter_card":"summary_large_image","twitter_site":"@agriportance","twitter_misc":{"Dur\u00e9e de lecture estim\u00e9e":"1 minute"},"schema":{"@context":"https:\/\/schema.org","@graph":[{"@type":"WebPage","@id":"https:\/\/agriportance.com\/de\/kontakt\/vertriebsgebiete\/vertrieb-dach\/","url":"https:\/\/agriportance.com\/de\/kontakt\/vertriebsgebiete\/vertrieb-dach\/","name":"Distribution dans le nord de l'Allemagne pour le biom\u00e9thane &amp; LCO2","isPartOf":{"@id":"https:\/\/agriportance.com\/#website"},"datePublished":"2023-06-13T08:48:08+00:00","dateModified":"2024-11-15T10:43:23+00:00","description":"Distribution Allemagne du Nord | Services pour les acheteurs de biom\u00e9thane \/ LCO2 et pour les exploitants d'installations de biogaz. Contactez M. van Laack","breadcrumb":{"@id":"https:\/\/agriportance.com\/de\/kontakt\/vertriebsgebiete\/vertrieb-dach\/#breadcrumb"},"inLanguage":"fr-FR","potentialAction":[{"@type":"ReadAction","target":["https:\/\/agriportance.com\/de\/kontakt\/vertriebsgebiete\/vertrieb-dach\/"]}]},{"@type":"BreadcrumbList","@id":"https:\/\/agriportance.com\/de\/kontakt\/vertriebsgebiete\/vertrieb-dach\/#breadcrumb","itemListElement":[{"@type":"ListItem","position":1,"name":"Startseite","item":"https:\/\/agriportance.com\/de\/"},{"@type":"ListItem","position":2,"name":"Kontakt","item":"https:\/\/agriportance.com\/de\/kontakt\/"},{"@type":"ListItem","position":3,"name":"Vertriebsgebiete","item":"https:\/\/agriportance.com\/de\/kontakt\/vertriebsgebiete\/"},{"@type":"ListItem","position":4,"name":"Vertrieb DACH"}]},{"@type":"WebSite","@id":"https:\/\/agriportance.com\/#website","url":"https:\/\/agriportance.com\/","name":"agriportance","description":"Informations et services sur le biom\u00e9thane et le LCO2","publisher":{"@id":"https:\/\/agriportance.com\/#organization"},"potentialAction":[{"@type":"SearchAction","target":{"@type":"EntryPoint","urlTemplate":"https:\/\/agriportance.com\/?s={search_term_string}"},"query-input":{"@type":"PropertyValueSpecification","valueRequired":true,"valueName":"search_term_string"}}],"inLanguage":"fr-FR"},{"@type":"Organization","@id":"https:\/\/agriportance.com\/#organization","name":"agriportance GmbH","url":"https:\/\/agriportance.com\/","logo":{"@type":"ImageObject","inLanguage":"fr-FR","@id":"https:\/\/agriportance.com\/#\/schema\/logo\/image\/","url":"https:\/\/agriportance.com\/wp-content\/uploads\/2023\/05\/agriportance-logo.png","contentUrl":"https:\/\/agriportance.com\/wp-content\/uploads\/2023\/05\/agriportance-logo.png","width":701,"height":108,"caption":"agriportance GmbH"},"image":{"@id":"https:\/\/agriportance.com\/#\/schema\/logo\/image\/"},"sameAs":["https:\/\/www.facebook.com\/agriportance","https:\/\/x.com\/agriportance","https:\/\/de.linkedin.com\/company\/agriportance","https:\/\/www.instagram.com\/agriportance"]}]}},"_links":{"self":[{"href":"https:\/\/agriportance.com\/fr\/wp-json\/wp\/v2\/pages\/1064","targetHints":{"allow":["GET"]}}],"collection":[{"href":"https:\/\/agriportance.com\/fr\/wp-json\/wp\/v2\/pages"}],"about":[{"href":"https:\/\/agriportance.com\/fr\/wp-json\/wp\/v2\/types\/page"}],"author":[{"embeddable":true,"href":"https:\/\/agriportance.com\/fr\/wp-json\/wp\/v2\/users\/2"}],"replies":[{"embeddable":true,"href":"https:\/\/agriportance.com\/fr\/wp-json\/wp\/v2\/comments?post=1064"}],"version-history":[{"count":14,"href":"https:\/\/agriportance.com\/fr\/wp-json\/wp\/v2\/pages\/1064\/revisions"}],"predecessor-version":[{"id":35121,"href":"https:\/\/agriportance.com\/fr\/wp-json\/wp\/v2\/pages\/1064\/revisions\/35121"}],"up":[{"embeddable":true,"href":"https:\/\/agriportance.com\/fr\/wp-json\/wp\/v2\/pages\/590"}],"wp:attachment":[{"href":"https:\/\/agriportance.com\/fr\/wp-json\/wp\/v2\/media?parent=1064"}],"curies":[{"name":"wp","href":"https:\/\/api.w.org\/{rel}","templated":true}]}}