{"id":1279,"date":"2023-06-12T14:40:16","date_gmt":"2023-06-12T14:40:16","guid":{"rendered":"https:\/\/dev.agriportance.com\/biomethan-herstellung-2-2-2-2-4"},"modified":"2023-08-10T11:34:23","modified_gmt":"2023-08-10T11:34:23","slug":"vendre-bio-lco2","status":"publish","type":"page","link":"https:\/\/agriportance.com\/fr\/dienstleistungen\/bio-lco2-verkaufen\/","title":{"rendered":"Vendre du LCO2 bio"},"content":{"rendered":"<div id=\"cs-content\" class=\"cs-content\"><\/div>","protected":false},"excerpt":{"rendered":"<p>agriportanceVendre du LCO2 bio Vendez du LCO2 bio par notre interm\u00e9diaire \u00e0 des acheteurs fiables. Ce n'est pas un secret que le march\u00e9 du LCO2 est dynamique et complexe, c'est pourquoi un interm\u00e9diaire professionnel peut consid\u00e9rablement augmenter votre succ\u00e8s de vente. Chez agriportance, nous vendons votre LCO2 bio pour vous et vous proposons un package sans souci qui vous lib\u00e8re des obstacles et des d\u00e9fis du march\u00e9 du LCO2. Si vous \u00eates producteur de LCO2 bio ou ...<\/p>","protected":false},"author":2,"featured_media":0,"parent":87,"menu_order":0,"comment_status":"closed","ping_status":"closed","template":"template-blank-4.php","meta":{"content-type":"","footnotes":""},"class_list":["post-1279","page","type-page","status-publish","hentry","no-post-thumbnail"],"yoast_head":"<!-- This site is optimized with the Yoast SEO Premium plugin v27.3 (Yoast SEO v27.3) - https:\/\/yoast.com\/product\/yoast-seo-premium-wordpress\/ -->\n<title>BIO - LCO2 zu attraktiven Konditionen verkaufen<\/title>\n<meta name=\"description\" content=\"Wir vermitteln schnell und effizient Ihr Bio-LCO2. Profitieren Sie von unserem gro\u00dfen Netzwerk. Jetzt Kontakt aufnehmen \u2705\" \/>\n<meta name=\"robots\" content=\"index, follow, max-snippet:-1, max-image-preview:large, max-video-preview:-1\" \/>\n<link rel=\"canonical\" href=\"https:\/\/agriportance.com\/fr\/services\/vendre-bio-lco2\/\" \/>\n<meta property=\"og:locale\" content=\"fr_FR\" \/>\n<meta property=\"og:type\" content=\"article\" \/>\n<meta property=\"og:title\" content=\"Bio-LCO2 verkaufen\" \/>\n<meta property=\"og:description\" content=\"Wir vermitteln schnell und effizient Ihr Bio-LCO2. Profitieren Sie von unserem gro\u00dfen Netzwerk. Jetzt Kontakt aufnehmen \u2705\" \/>\n<meta property=\"og:url\" content=\"https:\/\/agriportance.com\/fr\/services\/vendre-bio-lco2\/\" \/>\n<meta property=\"og:site_name\" content=\"agriportance GmbH\" \/>\n<meta property=\"article:publisher\" content=\"https:\/\/www.facebook.com\/agriportance\" \/>\n<meta property=\"article:modified_time\" content=\"2023-08-10T11:34:23+00:00\" \/>\n<meta name=\"twitter:card\" content=\"summary_large_image\" \/>\n<meta name=\"twitter:site\" content=\"@agriportance\" \/>\n<meta name=\"twitter:label1\" content=\"Dur\u00e9e de lecture estim\u00e9e\" \/>\n\t<meta name=\"twitter:data1\" content=\"5 minutes\" \/>\n<script type=\"application\/ld+json\" class=\"yoast-schema-graph\">{\"@context\":\"https:\\\/\\\/schema.org\",\"@graph\":[{\"@type\":\"WebPage\",\"@id\":\"https:\\\/\\\/agriportance.com\\\/de\\\/dienstleistungen\\\/bio-lco2-verkaufen\\\/\",\"url\":\"https:\\\/\\\/agriportance.com\\\/de\\\/dienstleistungen\\\/bio-lco2-verkaufen\\\/\",\"name\":\"BIO - LCO2 zu attraktiven Konditionen verkaufen\",\"isPartOf\":{\"@id\":\"https:\\\/\\\/agriportance.com\\\/#website\"},\"datePublished\":\"2023-06-12T14:40:16+00:00\",\"dateModified\":\"2023-08-10T11:34:23+00:00\",\"description\":\"Wir vermitteln schnell und effizient Ihr Bio-LCO2. Profitieren Sie von unserem gro\u00dfen Netzwerk. Jetzt Kontakt aufnehmen \u2705\",\"breadcrumb\":{\"@id\":\"https:\\\/\\\/agriportance.com\\\/de\\\/dienstleistungen\\\/bio-lco2-verkaufen\\\/#breadcrumb\"},\"inLanguage\":\"fr-FR\",\"potentialAction\":[{\"@type\":\"ReadAction\",\"target\":[\"https:\\\/\\\/agriportance.com\\\/de\\\/dienstleistungen\\\/bio-lco2-verkaufen\\\/\"]}]},{\"@type\":\"BreadcrumbList\",\"@id\":\"https:\\\/\\\/agriportance.com\\\/de\\\/dienstleistungen\\\/bio-lco2-verkaufen\\\/#breadcrumb\",\"itemListElement\":[{\"@type\":\"ListItem\",\"position\":1,\"name\":\"Startseite\",\"item\":\"https:\\\/\\\/agriportance.com\\\/de\\\/\"},{\"@type\":\"ListItem\",\"position\":2,\"name\":\"Dienstleistungen\",\"item\":\"https:\\\/\\\/agriportance.com\\\/de\\\/dienstleistungen\\\/\"},{\"@type\":\"ListItem\",\"position\":3,\"name\":\"Bio-LCO2 verkaufen\"}]},{\"@type\":\"WebSite\",\"@id\":\"https:\\\/\\\/agriportance.com\\\/#website\",\"url\":\"https:\\\/\\\/agriportance.com\\\/\",\"name\":\"agriportance\",\"description\":\"Informationen und Dienstleistungen zu Biomethan und LCO2\",\"publisher\":{\"@id\":\"https:\\\/\\\/agriportance.com\\\/#organization\"},\"potentialAction\":[{\"@type\":\"SearchAction\",\"target\":{\"@type\":\"EntryPoint\",\"urlTemplate\":\"https:\\\/\\\/agriportance.com\\\/?s={search_term_string}\"},\"query-input\":{\"@type\":\"PropertyValueSpecification\",\"valueRequired\":true,\"valueName\":\"search_term_string\"}}],\"inLanguage\":\"fr-FR\"},{\"@type\":\"Organization\",\"@id\":\"https:\\\/\\\/agriportance.com\\\/#organization\",\"name\":\"agriportance GmbH\",\"url\":\"https:\\\/\\\/agriportance.com\\\/\",\"logo\":{\"@type\":\"ImageObject\",\"inLanguage\":\"fr-FR\",\"@id\":\"https:\\\/\\\/agriportance.com\\\/#\\\/schema\\\/logo\\\/image\\\/\",\"url\":\"https:\\\/\\\/agriportance.com\\\/wp-content\\\/uploads\\\/2023\\\/05\\\/agriportance-logo.png\",\"contentUrl\":\"https:\\\/\\\/agriportance.com\\\/wp-content\\\/uploads\\\/2023\\\/05\\\/agriportance-logo.png\",\"width\":701,\"height\":108,\"caption\":\"agriportance GmbH\"},\"image\":{\"@id\":\"https:\\\/\\\/agriportance.com\\\/#\\\/schema\\\/logo\\\/image\\\/\"},\"sameAs\":[\"https:\\\/\\\/www.facebook.com\\\/agriportance\",\"https:\\\/\\\/x.com\\\/agriportance\",\"https:\\\/\\\/de.linkedin.com\\\/company\\\/agriportance\",\"https:\\\/\\\/www.instagram.com\\\/agriportance\"]}]}<\/script>\n<!-- \/ Yoast SEO Premium plugin. -->","yoast_head_json":{"title":"BIO - Vendre du LCO2 \u00e0 des conditions attractives","description":"Nous procurons rapidement et efficacement votre Bio-LCO2. Profitez de notre vaste r\u00e9seau. Prendre contact maintenant \u2705","robots":{"index":"index","follow":"follow","max-snippet":"max-snippet:-1","max-image-preview":"max-image-preview:large","max-video-preview":"max-video-preview:-1"},"canonical":"https:\/\/agriportance.com\/fr\/services\/vendre-bio-lco2\/","og_locale":"fr_FR","og_type":"article","og_title":"Bio-LCO2 verkaufen","og_description":"Wir vermitteln schnell und effizient Ihr Bio-LCO2. Profitieren Sie von unserem gro\u00dfen Netzwerk. Jetzt Kontakt aufnehmen \u2705","og_url":"https:\/\/agriportance.com\/fr\/services\/vendre-bio-lco2\/","og_site_name":"agriportance GmbH","article_publisher":"https:\/\/www.facebook.com\/agriportance","article_modified_time":"2023-08-10T11:34:23+00:00","twitter_card":"summary_large_image","twitter_site":"@agriportance","twitter_misc":{"Dur\u00e9e de lecture estim\u00e9e":"5 minutes"},"schema":{"@context":"https:\/\/schema.org","@graph":[{"@type":"WebPage","@id":"https:\/\/agriportance.com\/de\/dienstleistungen\/bio-lco2-verkaufen\/","url":"https:\/\/agriportance.com\/de\/dienstleistungen\/bio-lco2-verkaufen\/","name":"BIO - Vendre du LCO2 \u00e0 des conditions attractives","isPartOf":{"@id":"https:\/\/agriportance.com\/#website"},"datePublished":"2023-06-12T14:40:16+00:00","dateModified":"2023-08-10T11:34:23+00:00","description":"Nous procurons rapidement et efficacement votre Bio-LCO2. Profitez de notre vaste r\u00e9seau. Prendre contact maintenant \u2705","breadcrumb":{"@id":"https:\/\/agriportance.com\/de\/dienstleistungen\/bio-lco2-verkaufen\/#breadcrumb"},"inLanguage":"fr-FR","potentialAction":[{"@type":"ReadAction","target":["https:\/\/agriportance.com\/de\/dienstleistungen\/bio-lco2-verkaufen\/"]}]},{"@type":"BreadcrumbList","@id":"https:\/\/agriportance.com\/de\/dienstleistungen\/bio-lco2-verkaufen\/#breadcrumb","itemListElement":[{"@type":"ListItem","position":1,"name":"Startseite","item":"https:\/\/agriportance.com\/de\/"},{"@type":"ListItem","position":2,"name":"Dienstleistungen","item":"https:\/\/agriportance.com\/de\/dienstleistungen\/"},{"@type":"ListItem","position":3,"name":"Bio-LCO2 verkaufen"}]},{"@type":"WebSite","@id":"https:\/\/agriportance.com\/#website","url":"https:\/\/agriportance.com\/","name":"agriportance","description":"Informations et services sur le biom\u00e9thane et le LCO2","publisher":{"@id":"https:\/\/agriportance.com\/#organization"},"potentialAction":[{"@type":"SearchAction","target":{"@type":"EntryPoint","urlTemplate":"https:\/\/agriportance.com\/?s={search_term_string}"},"query-input":{"@type":"PropertyValueSpecification","valueRequired":true,"valueName":"search_term_string"}}],"inLanguage":"fr-FR"},{"@type":"Organization","@id":"https:\/\/agriportance.com\/#organization","name":"agriportance GmbH","url":"https:\/\/agriportance.com\/","logo":{"@type":"ImageObject","inLanguage":"fr-FR","@id":"https:\/\/agriportance.com\/#\/schema\/logo\/image\/","url":"https:\/\/agriportance.com\/wp-content\/uploads\/2023\/05\/agriportance-logo.png","contentUrl":"https:\/\/agriportance.com\/wp-content\/uploads\/2023\/05\/agriportance-logo.png","width":701,"height":108,"caption":"agriportance GmbH"},"image":{"@id":"https:\/\/agriportance.com\/#\/schema\/logo\/image\/"},"sameAs":["https:\/\/www.facebook.com\/agriportance","https:\/\/x.com\/agriportance","https:\/\/de.linkedin.com\/company\/agriportance","https:\/\/www.instagram.com\/agriportance"]}]}},"_links":{"self":[{"href":"https:\/\/agriportance.com\/fr\/wp-json\/wp\/v2\/pages\/1279","targetHints":{"allow":["GET"]}}],"collection":[{"href":"https:\/\/agriportance.com\/fr\/wp-json\/wp\/v2\/pages"}],"about":[{"href":"https:\/\/agriportance.com\/fr\/wp-json\/wp\/v2\/types\/page"}],"author":[{"embeddable":true,"href":"https:\/\/agriportance.com\/fr\/wp-json\/wp\/v2\/users\/2"}],"replies":[{"embeddable":true,"href":"https:\/\/agriportance.com\/fr\/wp-json\/wp\/v2\/comments?post=1279"}],"version-history":[{"count":27,"href":"https:\/\/agriportance.com\/fr\/wp-json\/wp\/v2\/pages\/1279\/revisions"}],"predecessor-version":[{"id":2725,"href":"https:\/\/agriportance.com\/fr\/wp-json\/wp\/v2\/pages\/1279\/revisions\/2725"}],"up":[{"embeddable":true,"href":"https:\/\/agriportance.com\/fr\/wp-json\/wp\/v2\/pages\/87"}],"wp:attachment":[{"href":"https:\/\/agriportance.com\/fr\/wp-json\/wp\/v2\/media?parent=1279"}],"curies":[{"name":"wp","href":"https:\/\/api.w.org\/{rel}","templated":true}]}}