{"id":35725,"date":"2025-01-17T13:42:31","date_gmt":"2025-01-17T13:42:31","guid":{"rendered":"https:\/\/agriportance.com\/?page_id=35725"},"modified":"2025-01-20T13:53:36","modified_gmt":"2025-01-20T13:53:36","slug":"avis-de-non-responsabilite-2","status":"publish","type":"page","link":"https:\/\/agriportance.com\/fr\/agriportance\/disclaimer-hinweise\/","title":{"rendered":"Remarques"},"content":{"rendered":"<h2 class=\"wp-block-heading\" id=\"h-unerlaubte-vervielfaltigung\"><strong>Reproduction non autoris\u00e9e :<\/strong><\/h2>\n\n\n\n<p>Le contenu de cette pr\u00e9sentation est prot\u00e9g\u00e9 par les droits d'auteur. Toute forme de reproduction, de diffusion ou d'autre utilisation sans l'autorisation \u00e9crite expresse de l'entreprise est strictement interdite.<\/p>\n\n\n\n<h2 class=\"wp-block-heading\" id=\"h-beispielhafter-charakter\"><strong>Un caract\u00e8re exemplaire :<\/strong><\/h2>\n\n\n\n<p>Les donn\u00e9es, informations et exemples pr\u00e9sent\u00e9s dans cette pr\u00e9sentation ne sont donn\u00e9s qu'\u00e0 titre d'illustration et ne doivent pas \u00eatre consid\u00e9r\u00e9s comme des repr\u00e9sentations ou des pr\u00e9dictions exactes.<\/p>\n\n\n\n<h2 class=\"wp-block-heading\" id=\"h-ausschluss-der-rechtlichen-beratung\"><strong>Exclusion de tout conseil juridique :<\/strong><\/h2>\n\n\n\n<p>Le contenu de cette pr\u00e9sentation ne constitue pas un conseil juridique et ne doit pas \u00eatre utilis\u00e9 comme tel.<\/p>\n\n\n\n<h2 class=\"wp-block-heading\" id=\"h-ausschluss-der-haftung\"><strong>Exclusion de responsabilit\u00e9 :<\/strong><\/h2>\n\n\n\n<p>La soci\u00e9t\u00e9 n'assume aucune responsabilit\u00e9 pour les dommages ou les pertes qui pourraient r\u00e9sulter directement ou indirectement de l'utilisation des informations contenues dans cette pr\u00e9sentation.<\/p>\n\n\n\n<p><\/p>","protected":false},"excerpt":{"rendered":"<p>Reproduction non autoris\u00e9e : Le contenu de cette pr\u00e9sentation est prot\u00e9g\u00e9 par les droits d'auteur. Toute forme de reproduction, de diffusion ou d'autre utilisation sans l'autorisation \u00e9crite expresse de l'entreprise est strictement interdite. Caract\u00e8re exemplaire : Les donn\u00e9es, informations et exemples figurant dans cette pr\u00e9sentation sont fournis \u00e0 titre d'illustration uniquement et ne doivent pas \u00eatre consid\u00e9r\u00e9s comme des repr\u00e9sentations ou des pr\u00e9dictions exactes. Exclusion de tout conseil juridique : Les ...<\/p>","protected":false},"author":2,"featured_media":0,"parent":55,"menu_order":0,"comment_status":"closed","ping_status":"closed","template":"template-blank-1.php","meta":{"content-type":"","footnotes":""},"class_list":["post-35725","page","type-page","status-publish","hentry","no-post-thumbnail"],"yoast_head":"<!-- This site is optimized with the Yoast SEO Premium plugin v27.3 (Yoast SEO v27.3) - https:\/\/yoast.com\/product\/yoast-seo-premium-wordpress\/ -->\n<title>Hinweise - agriportance GmbH<\/title>\n<meta name=\"description\" content=\"Wichtige Hinweise zu den Daten und Informationen, die agriportance unverbindlich bereitstellt.\" \/>\n<meta name=\"robots\" content=\"index, follow, max-snippet:-1, max-image-preview:large, max-video-preview:-1\" \/>\n<link rel=\"canonical\" href=\"https:\/\/agriportance.com\/fr\/agriportance-3\/avis-de-non-responsabilite-2\/\" \/>\n<meta property=\"og:locale\" content=\"fr_FR\" \/>\n<meta property=\"og:type\" content=\"article\" \/>\n<meta property=\"og:title\" content=\"Hinweise\" \/>\n<meta property=\"og:description\" content=\"Wichtige Hinweise zu den Daten und Informationen, die agriportance unverbindlich bereitstellt.\" \/>\n<meta property=\"og:url\" content=\"https:\/\/agriportance.com\/fr\/agriportance-3\/avis-de-non-responsabilite-2\/\" \/>\n<meta property=\"og:site_name\" content=\"agriportance GmbH\" \/>\n<meta property=\"article:publisher\" content=\"https:\/\/www.facebook.com\/agriportance\" \/>\n<meta property=\"article:modified_time\" content=\"2025-01-20T13:53:36+00:00\" \/>\n<meta name=\"twitter:card\" content=\"summary_large_image\" \/>\n<meta name=\"twitter:site\" content=\"@agriportance\" \/>\n<meta name=\"twitter:label1\" content=\"Dur\u00e9e de lecture estim\u00e9e\" \/>\n\t<meta name=\"twitter:data1\" content=\"1 minute\" \/>\n<script type=\"application\/ld+json\" class=\"yoast-schema-graph\">{\"@context\":\"https:\\\/\\\/schema.org\",\"@graph\":[{\"@type\":\"WebPage\",\"@id\":\"https:\\\/\\\/agriportance.com\\\/de\\\/agriportance\\\/disclaimer-hinweise\\\/\",\"url\":\"https:\\\/\\\/agriportance.com\\\/de\\\/agriportance\\\/disclaimer-hinweise\\\/\",\"name\":\"Hinweise - agriportance GmbH\",\"isPartOf\":{\"@id\":\"https:\\\/\\\/agriportance.com\\\/#website\"},\"datePublished\":\"2025-01-17T13:42:31+00:00\",\"dateModified\":\"2025-01-20T13:53:36+00:00\",\"description\":\"Wichtige Hinweise zu den Daten und Informationen, die agriportance unverbindlich bereitstellt.\",\"breadcrumb\":{\"@id\":\"https:\\\/\\\/agriportance.com\\\/de\\\/agriportance\\\/disclaimer-hinweise\\\/#breadcrumb\"},\"inLanguage\":\"fr-FR\",\"potentialAction\":[{\"@type\":\"ReadAction\",\"target\":[\"https:\\\/\\\/agriportance.com\\\/de\\\/agriportance\\\/disclaimer-hinweise\\\/\"]}]},{\"@type\":\"BreadcrumbList\",\"@id\":\"https:\\\/\\\/agriportance.com\\\/de\\\/agriportance\\\/disclaimer-hinweise\\\/#breadcrumb\",\"itemListElement\":[{\"@type\":\"ListItem\",\"position\":1,\"name\":\"Startseite\",\"item\":\"https:\\\/\\\/agriportance.com\\\/de\\\/\"},{\"@type\":\"ListItem\",\"position\":2,\"name\":\"agriportance\",\"item\":\"https:\\\/\\\/agriportance.com\\\/de\\\/\"},{\"@type\":\"ListItem\",\"position\":3,\"name\":\"Hinweise\"}]},{\"@type\":\"WebSite\",\"@id\":\"https:\\\/\\\/agriportance.com\\\/#website\",\"url\":\"https:\\\/\\\/agriportance.com\\\/\",\"name\":\"agriportance\",\"description\":\"Informationen und Dienstleistungen zu Biomethan und LCO2\",\"publisher\":{\"@id\":\"https:\\\/\\\/agriportance.com\\\/#organization\"},\"potentialAction\":[{\"@type\":\"SearchAction\",\"target\":{\"@type\":\"EntryPoint\",\"urlTemplate\":\"https:\\\/\\\/agriportance.com\\\/?s={search_term_string}\"},\"query-input\":{\"@type\":\"PropertyValueSpecification\",\"valueRequired\":true,\"valueName\":\"search_term_string\"}}],\"inLanguage\":\"fr-FR\"},{\"@type\":\"Organization\",\"@id\":\"https:\\\/\\\/agriportance.com\\\/#organization\",\"name\":\"agriportance GmbH\",\"url\":\"https:\\\/\\\/agriportance.com\\\/\",\"logo\":{\"@type\":\"ImageObject\",\"inLanguage\":\"fr-FR\",\"@id\":\"https:\\\/\\\/agriportance.com\\\/#\\\/schema\\\/logo\\\/image\\\/\",\"url\":\"https:\\\/\\\/agriportance.com\\\/wp-content\\\/uploads\\\/2023\\\/05\\\/agriportance-logo.png\",\"contentUrl\":\"https:\\\/\\\/agriportance.com\\\/wp-content\\\/uploads\\\/2023\\\/05\\\/agriportance-logo.png\",\"width\":701,\"height\":108,\"caption\":\"agriportance GmbH\"},\"image\":{\"@id\":\"https:\\\/\\\/agriportance.com\\\/#\\\/schema\\\/logo\\\/image\\\/\"},\"sameAs\":[\"https:\\\/\\\/www.facebook.com\\\/agriportance\",\"https:\\\/\\\/x.com\\\/agriportance\",\"https:\\\/\\\/de.linkedin.com\\\/company\\\/agriportance\",\"https:\\\/\\\/www.instagram.com\\\/agriportance\"]}]}<\/script>\n<!-- \/ Yoast SEO Premium plugin. -->","yoast_head_json":{"title":"Indications - agriportance GmbH","description":"Remarques importantes concernant les donn\u00e9es et informations fournies par agriportance sans engagement.","robots":{"index":"index","follow":"follow","max-snippet":"max-snippet:-1","max-image-preview":"max-image-preview:large","max-video-preview":"max-video-preview:-1"},"canonical":"https:\/\/agriportance.com\/fr\/agriportance-3\/avis-de-non-responsabilite-2\/","og_locale":"fr_FR","og_type":"article","og_title":"Hinweise","og_description":"Wichtige Hinweise zu den Daten und Informationen, die agriportance unverbindlich bereitstellt.","og_url":"https:\/\/agriportance.com\/fr\/agriportance-3\/avis-de-non-responsabilite-2\/","og_site_name":"agriportance GmbH","article_publisher":"https:\/\/www.facebook.com\/agriportance","article_modified_time":"2025-01-20T13:53:36+00:00","twitter_card":"summary_large_image","twitter_site":"@agriportance","twitter_misc":{"Dur\u00e9e de lecture estim\u00e9e":"1 minute"},"schema":{"@context":"https:\/\/schema.org","@graph":[{"@type":"WebPage","@id":"https:\/\/agriportance.com\/de\/agriportance\/disclaimer-hinweise\/","url":"https:\/\/agriportance.com\/de\/agriportance\/disclaimer-hinweise\/","name":"Indications - agriportance GmbH","isPartOf":{"@id":"https:\/\/agriportance.com\/#website"},"datePublished":"2025-01-17T13:42:31+00:00","dateModified":"2025-01-20T13:53:36+00:00","description":"Remarques importantes concernant les donn\u00e9es et informations fournies par agriportance sans engagement.","breadcrumb":{"@id":"https:\/\/agriportance.com\/de\/agriportance\/disclaimer-hinweise\/#breadcrumb"},"inLanguage":"fr-FR","potentialAction":[{"@type":"ReadAction","target":["https:\/\/agriportance.com\/de\/agriportance\/disclaimer-hinweise\/"]}]},{"@type":"BreadcrumbList","@id":"https:\/\/agriportance.com\/de\/agriportance\/disclaimer-hinweise\/#breadcrumb","itemListElement":[{"@type":"ListItem","position":1,"name":"Startseite","item":"https:\/\/agriportance.com\/de\/"},{"@type":"ListItem","position":2,"name":"agriportance","item":"https:\/\/agriportance.com\/de\/"},{"@type":"ListItem","position":3,"name":"Hinweise"}]},{"@type":"WebSite","@id":"https:\/\/agriportance.com\/#website","url":"https:\/\/agriportance.com\/","name":"agriportance","description":"Informations et services sur le biom\u00e9thane et le LCO2","publisher":{"@id":"https:\/\/agriportance.com\/#organization"},"potentialAction":[{"@type":"SearchAction","target":{"@type":"EntryPoint","urlTemplate":"https:\/\/agriportance.com\/?s={search_term_string}"},"query-input":{"@type":"PropertyValueSpecification","valueRequired":true,"valueName":"search_term_string"}}],"inLanguage":"fr-FR"},{"@type":"Organization","@id":"https:\/\/agriportance.com\/#organization","name":"agriportance GmbH","url":"https:\/\/agriportance.com\/","logo":{"@type":"ImageObject","inLanguage":"fr-FR","@id":"https:\/\/agriportance.com\/#\/schema\/logo\/image\/","url":"https:\/\/agriportance.com\/wp-content\/uploads\/2023\/05\/agriportance-logo.png","contentUrl":"https:\/\/agriportance.com\/wp-content\/uploads\/2023\/05\/agriportance-logo.png","width":701,"height":108,"caption":"agriportance GmbH"},"image":{"@id":"https:\/\/agriportance.com\/#\/schema\/logo\/image\/"},"sameAs":["https:\/\/www.facebook.com\/agriportance","https:\/\/x.com\/agriportance","https:\/\/de.linkedin.com\/company\/agriportance","https:\/\/www.instagram.com\/agriportance"]}]}},"_links":{"self":[{"href":"https:\/\/agriportance.com\/fr\/wp-json\/wp\/v2\/pages\/35725","targetHints":{"allow":["GET"]}}],"collection":[{"href":"https:\/\/agriportance.com\/fr\/wp-json\/wp\/v2\/pages"}],"about":[{"href":"https:\/\/agriportance.com\/fr\/wp-json\/wp\/v2\/types\/page"}],"author":[{"embeddable":true,"href":"https:\/\/agriportance.com\/fr\/wp-json\/wp\/v2\/users\/2"}],"replies":[{"embeddable":true,"href":"https:\/\/agriportance.com\/fr\/wp-json\/wp\/v2\/comments?post=35725"}],"version-history":[{"count":4,"href":"https:\/\/agriportance.com\/fr\/wp-json\/wp\/v2\/pages\/35725\/revisions"}],"predecessor-version":[{"id":35757,"href":"https:\/\/agriportance.com\/fr\/wp-json\/wp\/v2\/pages\/35725\/revisions\/35757"}],"up":[{"embeddable":true,"href":"https:\/\/agriportance.com\/fr\/wp-json\/wp\/v2\/pages\/55"}],"wp:attachment":[{"href":"https:\/\/agriportance.com\/fr\/wp-json\/wp\/v2\/media?parent=35725"}],"curies":[{"name":"wp","href":"https:\/\/api.w.org\/{rel}","templated":true}]}}