{"id":85,"date":"2016-08-05T11:43:13","date_gmt":"2016-08-05T16:43:13","guid":{"rendered":"https:\/\/dev.agriportance.com\/contact"},"modified":"2025-02-13T15:27:20","modified_gmt":"2025-02-13T15:27:20","slug":"contact","status":"publish","type":"page","link":"https:\/\/agriportance.com\/fr\/kontakt\/","title":{"rendered":"Contact"},"content":{"rendered":"<div id=\"cs-content\" class=\"cs-content\"><div class=\"x-section e85-e1 m2d-0\"><div class=\"x-row x-container max width e85-e2 m2d-1 m2d-2\"><div class=\"x-row-inner\"><div class=\"x-col e85-e3 m2d-3\"><div class=\"x-text x-text-headline e85-e4 m2d-4\"><div class=\"x-text-content\"><div class=\"x-text-content-text\"><h1 class=\"x-text-content-text-primary\">Formulaire de contact<\/h1>\n<\/div><\/div><\/div><div class=\"x-text x-content e85-e5 m2d-5\"><p class=\"p1\">Bienvenue sur notre site agriportance !<\/p>\n<p class=\"p1\">Vous souhaitez prendre contact avec nous ? Notre formulaire de contact est le moyen id\u00e9al pour nous faire parvenir un message rapidement et facilement. Nous nous r\u00e9jouissons d'avoir de vos nouvelles !<\/p>\n<p class=\"p1\">Notre formulaire de contact vous offre la possibilit\u00e9 de nous faire part de vos pr\u00e9occupations, de vos questions ou de vos commentaires. Que vous ayez besoin d'informations sur nos services, que vous souhaitiez un conseil personnalis\u00e9 ou que vous souhaitiez simplement dire bonjour, nous sommes \u00e0 votre disposition.<\/p>\n<p class=\"p1\">Remplir notre formulaire de contact est tr\u00e8s simple. Il vous suffit d'indiquer votre nom, votre adresse e-mail et votre message, puis de cliquer sur \"Envoyer\". Nous veillons \u00e0 ce que vos donn\u00e9es soient transmises en toute s\u00e9curit\u00e9 et trait\u00e9es de mani\u00e8re confidentielle.<\/p><\/div><div class=\"x-form-integration x-form-integration-embed e85-e6 m2d-6\"><script charset=\"utf-8\" type=\"text\/javascript\" src=\"\/\/js-eu1.hsforms.net\/forms\/embed\/v2.js\"><\/script> <script>\n  hbspt.forms.create({\n    region: \"eu1\",\n    portalId: \"25523324\",\n    formId: \"de664c9d-a35c-4cae-be59-912f053806c2\"\n  });\n<\/script><\/div><\/div><\/div><\/div><\/div><\/div>","protected":false},"excerpt":{"rendered":"<p>Formulaire de contact Bienvenue sur notre site web agriportance ! Vous souhaitez prendre contact avec nous ? Notre formulaire de contact est le moyen id\u00e9al pour nous faire parvenir un message rapidement et facilement. Nous nous r\u00e9jouissons d'avoir de vos nouvelles ! Notre formulaire de contact vous offre la possibilit\u00e9 de nous faire part de vos pr\u00e9occupations, de vos questions ou de vos commentaires. Que vous ayez besoin d'informations sur nos services, d'une demande ...<\/p>","protected":false},"author":1,"featured_media":0,"parent":0,"menu_order":0,"comment_status":"closed","ping_status":"closed","template":"template-blank-4.php","meta":{"content-type":"","footnotes":""},"class_list":["post-85","page","type-page","status-publish","hentry","no-post-thumbnail"],"yoast_head":"<!-- This site is optimized with the Yoast SEO Premium plugin v27.3 (Yoast SEO v27.3) - https:\/\/yoast.com\/product\/yoast-seo-premium-wordpress\/ -->\n<title>Kontakt | agriportance.<\/title>\n<meta name=\"description\" content=\"Folgend gelangen Sie zu den Kontaktm\u00f6glichkeiten von agriportance. Kontaktieren Sie uns bei Fragen oder wenn Sie eine Beratung ben\u00f6tigen\" \/>\n<meta name=\"robots\" content=\"index, follow, max-snippet:-1, max-image-preview:large, max-video-preview:-1\" \/>\n<link rel=\"canonical\" href=\"https:\/\/agriportance.com\/fr\/contact\/\" \/>\n<meta property=\"og:locale\" content=\"fr_FR\" \/>\n<meta property=\"og:type\" content=\"article\" \/>\n<meta property=\"og:title\" content=\"Kontakt\" \/>\n<meta property=\"og:description\" content=\"Folgend gelangen Sie zu den Kontaktm\u00f6glichkeiten von agriportance. Kontaktieren Sie uns bei Fragen oder wenn Sie eine Beratung ben\u00f6tigen\" \/>\n<meta property=\"og:url\" content=\"https:\/\/agriportance.com\/fr\/contact\/\" \/>\n<meta property=\"og:site_name\" content=\"agriportance GmbH\" \/>\n<meta property=\"article:publisher\" content=\"https:\/\/www.facebook.com\/agriportance\" \/>\n<meta property=\"article:modified_time\" content=\"2025-02-13T15:27:20+00:00\" \/>\n<meta name=\"twitter:card\" content=\"summary_large_image\" \/>\n<meta name=\"twitter:site\" content=\"@agriportance\" \/>\n<meta name=\"twitter:label1\" content=\"Dur\u00e9e de lecture estim\u00e9e\" \/>\n\t<meta name=\"twitter:data1\" content=\"1 minute\" \/>\n<script type=\"application\/ld+json\" class=\"yoast-schema-graph\">{\"@context\":\"https:\\\/\\\/schema.org\",\"@graph\":[{\"@type\":\"WebPage\",\"@id\":\"https:\\\/\\\/agriportance.com\\\/de\\\/kontakt\\\/\",\"url\":\"https:\\\/\\\/agriportance.com\\\/de\\\/kontakt\\\/\",\"name\":\"Kontakt | agriportance.\",\"isPartOf\":{\"@id\":\"https:\\\/\\\/agriportance.com\\\/#website\"},\"datePublished\":\"2016-08-05T16:43:13+00:00\",\"dateModified\":\"2025-02-13T15:27:20+00:00\",\"description\":\"Folgend gelangen Sie zu den Kontaktm\u00f6glichkeiten von agriportance. Kontaktieren Sie uns bei Fragen oder wenn Sie eine Beratung ben\u00f6tigen\",\"breadcrumb\":{\"@id\":\"https:\\\/\\\/agriportance.com\\\/de\\\/kontakt\\\/#breadcrumb\"},\"inLanguage\":\"fr-FR\",\"potentialAction\":[{\"@type\":\"ReadAction\",\"target\":[\"https:\\\/\\\/agriportance.com\\\/de\\\/kontakt\\\/\"]}]},{\"@type\":\"BreadcrumbList\",\"@id\":\"https:\\\/\\\/agriportance.com\\\/de\\\/kontakt\\\/#breadcrumb\",\"itemListElement\":[{\"@type\":\"ListItem\",\"position\":1,\"name\":\"Startseite\",\"item\":\"https:\\\/\\\/agriportance.com\\\/de\\\/\"},{\"@type\":\"ListItem\",\"position\":2,\"name\":\"Kontakt\"}]},{\"@type\":\"WebSite\",\"@id\":\"https:\\\/\\\/agriportance.com\\\/#website\",\"url\":\"https:\\\/\\\/agriportance.com\\\/\",\"name\":\"agriportance\",\"description\":\"Informationen und Dienstleistungen zu Biomethan und LCO2\",\"publisher\":{\"@id\":\"https:\\\/\\\/agriportance.com\\\/#organization\"},\"potentialAction\":[{\"@type\":\"SearchAction\",\"target\":{\"@type\":\"EntryPoint\",\"urlTemplate\":\"https:\\\/\\\/agriportance.com\\\/?s={search_term_string}\"},\"query-input\":{\"@type\":\"PropertyValueSpecification\",\"valueRequired\":true,\"valueName\":\"search_term_string\"}}],\"inLanguage\":\"fr-FR\"},{\"@type\":\"Organization\",\"@id\":\"https:\\\/\\\/agriportance.com\\\/#organization\",\"name\":\"agriportance GmbH\",\"url\":\"https:\\\/\\\/agriportance.com\\\/\",\"logo\":{\"@type\":\"ImageObject\",\"inLanguage\":\"fr-FR\",\"@id\":\"https:\\\/\\\/agriportance.com\\\/#\\\/schema\\\/logo\\\/image\\\/\",\"url\":\"https:\\\/\\\/agriportance.com\\\/wp-content\\\/uploads\\\/2023\\\/05\\\/agriportance-logo.png\",\"contentUrl\":\"https:\\\/\\\/agriportance.com\\\/wp-content\\\/uploads\\\/2023\\\/05\\\/agriportance-logo.png\",\"width\":701,\"height\":108,\"caption\":\"agriportance GmbH\"},\"image\":{\"@id\":\"https:\\\/\\\/agriportance.com\\\/#\\\/schema\\\/logo\\\/image\\\/\"},\"sameAs\":[\"https:\\\/\\\/www.facebook.com\\\/agriportance\",\"https:\\\/\\\/x.com\\\/agriportance\",\"https:\\\/\\\/de.linkedin.com\\\/company\\\/agriportance\",\"https:\\\/\\\/www.instagram.com\\\/agriportance\"]}]}<\/script>\n<!-- \/ Yoast SEO Premium plugin. -->","yoast_head_json":{"title":"Contact | agriportance.","description":"Vous trouverez ci-dessous les possibilit\u00e9s de contact d'agriportance. Contactez-nous si vous avez des questions ou si vous avez besoin de conseils.","robots":{"index":"index","follow":"follow","max-snippet":"max-snippet:-1","max-image-preview":"max-image-preview:large","max-video-preview":"max-video-preview:-1"},"canonical":"https:\/\/agriportance.com\/fr\/contact\/","og_locale":"fr_FR","og_type":"article","og_title":"Kontakt","og_description":"Folgend gelangen Sie zu den Kontaktm\u00f6glichkeiten von agriportance. Kontaktieren Sie uns bei Fragen oder wenn Sie eine Beratung ben\u00f6tigen","og_url":"https:\/\/agriportance.com\/fr\/contact\/","og_site_name":"agriportance GmbH","article_publisher":"https:\/\/www.facebook.com\/agriportance","article_modified_time":"2025-02-13T15:27:20+00:00","twitter_card":"summary_large_image","twitter_site":"@agriportance","twitter_misc":{"Dur\u00e9e de lecture estim\u00e9e":"1 minute"},"schema":{"@context":"https:\/\/schema.org","@graph":[{"@type":"WebPage","@id":"https:\/\/agriportance.com\/de\/kontakt\/","url":"https:\/\/agriportance.com\/de\/kontakt\/","name":"Contact | agriportance.","isPartOf":{"@id":"https:\/\/agriportance.com\/#website"},"datePublished":"2016-08-05T16:43:13+00:00","dateModified":"2025-02-13T15:27:20+00:00","description":"Vous trouverez ci-dessous les possibilit\u00e9s de contact d'agriportance. Contactez-nous si vous avez des questions ou si vous avez besoin de conseils.","breadcrumb":{"@id":"https:\/\/agriportance.com\/de\/kontakt\/#breadcrumb"},"inLanguage":"fr-FR","potentialAction":[{"@type":"ReadAction","target":["https:\/\/agriportance.com\/de\/kontakt\/"]}]},{"@type":"BreadcrumbList","@id":"https:\/\/agriportance.com\/de\/kontakt\/#breadcrumb","itemListElement":[{"@type":"ListItem","position":1,"name":"Startseite","item":"https:\/\/agriportance.com\/de\/"},{"@type":"ListItem","position":2,"name":"Kontakt"}]},{"@type":"WebSite","@id":"https:\/\/agriportance.com\/#website","url":"https:\/\/agriportance.com\/","name":"agriportance","description":"Informations et services sur le biom\u00e9thane et le LCO2","publisher":{"@id":"https:\/\/agriportance.com\/#organization"},"potentialAction":[{"@type":"SearchAction","target":{"@type":"EntryPoint","urlTemplate":"https:\/\/agriportance.com\/?s={search_term_string}"},"query-input":{"@type":"PropertyValueSpecification","valueRequired":true,"valueName":"search_term_string"}}],"inLanguage":"fr-FR"},{"@type":"Organization","@id":"https:\/\/agriportance.com\/#organization","name":"agriportance GmbH","url":"https:\/\/agriportance.com\/","logo":{"@type":"ImageObject","inLanguage":"fr-FR","@id":"https:\/\/agriportance.com\/#\/schema\/logo\/image\/","url":"https:\/\/agriportance.com\/wp-content\/uploads\/2023\/05\/agriportance-logo.png","contentUrl":"https:\/\/agriportance.com\/wp-content\/uploads\/2023\/05\/agriportance-logo.png","width":701,"height":108,"caption":"agriportance GmbH"},"image":{"@id":"https:\/\/agriportance.com\/#\/schema\/logo\/image\/"},"sameAs":["https:\/\/www.facebook.com\/agriportance","https:\/\/x.com\/agriportance","https:\/\/de.linkedin.com\/company\/agriportance","https:\/\/www.instagram.com\/agriportance"]}]}},"_links":{"self":[{"href":"https:\/\/agriportance.com\/fr\/wp-json\/wp\/v2\/pages\/85","targetHints":{"allow":["GET"]}}],"collection":[{"href":"https:\/\/agriportance.com\/fr\/wp-json\/wp\/v2\/pages"}],"about":[{"href":"https:\/\/agriportance.com\/fr\/wp-json\/wp\/v2\/types\/page"}],"author":[{"embeddable":true,"href":"https:\/\/agriportance.com\/fr\/wp-json\/wp\/v2\/users\/1"}],"replies":[{"embeddable":true,"href":"https:\/\/agriportance.com\/fr\/wp-json\/wp\/v2\/comments?post=85"}],"version-history":[{"count":13,"href":"https:\/\/agriportance.com\/fr\/wp-json\/wp\/v2\/pages\/85\/revisions"}],"predecessor-version":[{"id":36335,"href":"https:\/\/agriportance.com\/fr\/wp-json\/wp\/v2\/pages\/85\/revisions\/36335"}],"wp:attachment":[{"href":"https:\/\/agriportance.com\/fr\/wp-json\/wp\/v2\/media?parent=85"}],"curies":[{"name":"wp","href":"https:\/\/api.w.org\/{rel}","templated":true}]}}