{"id":1230,"date":"2023-06-12T14:32:49","date_gmt":"2023-06-12T14:32:49","guid":{"rendered":"https:\/\/dev.agriportance.com\/biomethan-herstellung-2-2-2-2-3"},"modified":"2023-10-20T14:09:29","modified_gmt":"2023-10-20T14:09:29","slug":"seminari-corsi-di-formazione","status":"publish","type":"page","link":"https:\/\/agriportance.com\/it\/dienstleistungen\/seminare-schulungen\/","title":{"rendered":"Seminari"},"content":{"rendered":"<div id=\"cs-content\" class=\"cs-content\"><\/div>","protected":false},"excerpt":{"rendered":"<p>agriportanceseminare und Schulungen buchen -Wissen erhalten Wir bieten f\u00fcr Sie und Ihr Team Seminare und Schulungen an. Die Schulungen oder Seminare werden speziell auf Ihre Bed\u00fcrfnisse zugeschnitten. Sie k\u00f6nnen Themen ausw\u00e4hlen, die f\u00fcr Ihr Unternehmen am relevantesten sind und gezielt an den Herausforderungen arbeiten, denen Sie begegnen. W\u00e4hlen Sie unter anderem aus den Themengebieten THG-Quote, THG-Bilanzierung oder Optimierung der THG-Bilanz &#8230;<\/p>","protected":false},"author":2,"featured_media":0,"parent":87,"menu_order":0,"comment_status":"closed","ping_status":"closed","template":"template-blank-4.php","meta":{"content-type":"","footnotes":""},"class_list":["post-1230","page","type-page","status-publish","hentry","no-post-thumbnail"],"yoast_head":"<!-- This site is optimized with the Yoast SEO Premium plugin v27.3 (Yoast SEO v27.3) - https:\/\/yoast.com\/product\/yoast-seo-premium-wordpress\/ -->\n<title>Seminare und Schulungen zum Thema Biomethan buchen<\/title>\n<meta name=\"description\" content=\"Buchen Sie unsere Seminare oder Schulungen und lassen Sie sich &amp; Ihr Team zu den Themen von Biomethan &amp; LCO2 weiterbilden. Jetzt anfragen \u2705\" \/>\n<meta name=\"robots\" content=\"index, follow, max-snippet:-1, max-image-preview:large, max-video-preview:-1\" \/>\n<link rel=\"canonical\" href=\"https:\/\/agriportance.com\/it\/servizi\/seminari-corsi-di-formazione\/\" \/>\n<meta property=\"og:locale\" content=\"it_IT\" \/>\n<meta property=\"og:type\" content=\"article\" \/>\n<meta property=\"og:title\" content=\"Seminare\" \/>\n<meta property=\"og:description\" content=\"Buchen Sie unsere Seminare oder Schulungen und lassen Sie sich &amp; Ihr Team zu den Themen von Biomethan &amp; LCO2 weiterbilden. Jetzt anfragen \u2705\" \/>\n<meta property=\"og:url\" content=\"https:\/\/agriportance.com\/it\/servizi\/seminari-corsi-di-formazione\/\" \/>\n<meta property=\"og:site_name\" content=\"agriportance GmbH\" \/>\n<meta property=\"article:publisher\" content=\"https:\/\/www.facebook.com\/agriportance\" \/>\n<meta property=\"article:modified_time\" content=\"2023-10-20T14:09:29+00:00\" \/>\n<meta name=\"twitter:card\" content=\"summary_large_image\" \/>\n<meta name=\"twitter:site\" content=\"@agriportance\" \/>\n<meta name=\"twitter:label1\" content=\"Tempo di lettura stimato\" \/>\n\t<meta name=\"twitter:data1\" content=\"4 minuti\" \/>\n<script type=\"application\/ld+json\" class=\"yoast-schema-graph\">{\"@context\":\"https:\\\/\\\/schema.org\",\"@graph\":[{\"@type\":\"WebPage\",\"@id\":\"https:\\\/\\\/agriportance.com\\\/de\\\/dienstleistungen\\\/seminare-schulungen\\\/\",\"url\":\"https:\\\/\\\/agriportance.com\\\/de\\\/dienstleistungen\\\/seminare-schulungen\\\/\",\"name\":\"Seminare und Schulungen zum Thema Biomethan buchen\",\"isPartOf\":{\"@id\":\"https:\\\/\\\/agriportance.com\\\/#website\"},\"datePublished\":\"2023-06-12T14:32:49+00:00\",\"dateModified\":\"2023-10-20T14:09:29+00:00\",\"description\":\"Buchen Sie unsere Seminare oder Schulungen und lassen Sie sich & Ihr Team zu den Themen von Biomethan & LCO2 weiterbilden. Jetzt anfragen \u2705\",\"breadcrumb\":{\"@id\":\"https:\\\/\\\/agriportance.com\\\/de\\\/dienstleistungen\\\/seminare-schulungen\\\/#breadcrumb\"},\"inLanguage\":\"it-IT\",\"potentialAction\":[{\"@type\":\"ReadAction\",\"target\":[\"https:\\\/\\\/agriportance.com\\\/de\\\/dienstleistungen\\\/seminare-schulungen\\\/\"]}]},{\"@type\":\"BreadcrumbList\",\"@id\":\"https:\\\/\\\/agriportance.com\\\/de\\\/dienstleistungen\\\/seminare-schulungen\\\/#breadcrumb\",\"itemListElement\":[{\"@type\":\"ListItem\",\"position\":1,\"name\":\"Startseite\",\"item\":\"https:\\\/\\\/agriportance.com\\\/de\\\/\"},{\"@type\":\"ListItem\",\"position\":2,\"name\":\"Dienstleistungen\",\"item\":\"https:\\\/\\\/agriportance.com\\\/de\\\/dienstleistungen\\\/\"},{\"@type\":\"ListItem\",\"position\":3,\"name\":\"Seminare\"}]},{\"@type\":\"WebSite\",\"@id\":\"https:\\\/\\\/agriportance.com\\\/#website\",\"url\":\"https:\\\/\\\/agriportance.com\\\/\",\"name\":\"agriportance\",\"description\":\"Informationen und Dienstleistungen zu Biomethan und LCO2\",\"publisher\":{\"@id\":\"https:\\\/\\\/agriportance.com\\\/#organization\"},\"potentialAction\":[{\"@type\":\"SearchAction\",\"target\":{\"@type\":\"EntryPoint\",\"urlTemplate\":\"https:\\\/\\\/agriportance.com\\\/?s={search_term_string}\"},\"query-input\":{\"@type\":\"PropertyValueSpecification\",\"valueRequired\":true,\"valueName\":\"search_term_string\"}}],\"inLanguage\":\"it-IT\"},{\"@type\":\"Organization\",\"@id\":\"https:\\\/\\\/agriportance.com\\\/#organization\",\"name\":\"agriportance GmbH\",\"url\":\"https:\\\/\\\/agriportance.com\\\/\",\"logo\":{\"@type\":\"ImageObject\",\"inLanguage\":\"it-IT\",\"@id\":\"https:\\\/\\\/agriportance.com\\\/#\\\/schema\\\/logo\\\/image\\\/\",\"url\":\"https:\\\/\\\/agriportance.com\\\/wp-content\\\/uploads\\\/2023\\\/05\\\/agriportance-logo.png\",\"contentUrl\":\"https:\\\/\\\/agriportance.com\\\/wp-content\\\/uploads\\\/2023\\\/05\\\/agriportance-logo.png\",\"width\":701,\"height\":108,\"caption\":\"agriportance GmbH\"},\"image\":{\"@id\":\"https:\\\/\\\/agriportance.com\\\/#\\\/schema\\\/logo\\\/image\\\/\"},\"sameAs\":[\"https:\\\/\\\/www.facebook.com\\\/agriportance\",\"https:\\\/\\\/x.com\\\/agriportance\",\"https:\\\/\\\/de.linkedin.com\\\/company\\\/agriportance\",\"https:\\\/\\\/www.instagram.com\\\/agriportance\"]}]}<\/script>\n<!-- \/ Yoast SEO Premium plugin. -->","yoast_head_json":{"title":"Prenotare seminari e corsi di formazione sul biometano","description":"Prenotate i nostri seminari o corsi di formazione e formate voi stessi e il vostro team sui temi del biometano e dell'LCO2. Richiedi ora \u2705","robots":{"index":"index","follow":"follow","max-snippet":"max-snippet:-1","max-image-preview":"max-image-preview:large","max-video-preview":"max-video-preview:-1"},"canonical":"https:\/\/agriportance.com\/it\/servizi\/seminari-corsi-di-formazione\/","og_locale":"it_IT","og_type":"article","og_title":"Seminare","og_description":"Buchen Sie unsere Seminare oder Schulungen und lassen Sie sich & Ihr Team zu den Themen von Biomethan & LCO2 weiterbilden. Jetzt anfragen \u2705","og_url":"https:\/\/agriportance.com\/it\/servizi\/seminari-corsi-di-formazione\/","og_site_name":"agriportance GmbH","article_publisher":"https:\/\/www.facebook.com\/agriportance","article_modified_time":"2023-10-20T14:09:29+00:00","twitter_card":"summary_large_image","twitter_site":"@agriportance","twitter_misc":{"Tempo di lettura stimato":"4 minuti"},"schema":{"@context":"https:\/\/schema.org","@graph":[{"@type":"WebPage","@id":"https:\/\/agriportance.com\/de\/dienstleistungen\/seminare-schulungen\/","url":"https:\/\/agriportance.com\/de\/dienstleistungen\/seminare-schulungen\/","name":"Prenotare seminari e corsi di formazione sul biometano","isPartOf":{"@id":"https:\/\/agriportance.com\/#website"},"datePublished":"2023-06-12T14:32:49+00:00","dateModified":"2023-10-20T14:09:29+00:00","description":"Prenotate i nostri seminari o corsi di formazione e formate voi stessi e il vostro team sui temi del biometano e dell'LCO2. Richiedi ora \u2705","breadcrumb":{"@id":"https:\/\/agriportance.com\/de\/dienstleistungen\/seminare-schulungen\/#breadcrumb"},"inLanguage":"it-IT","potentialAction":[{"@type":"ReadAction","target":["https:\/\/agriportance.com\/de\/dienstleistungen\/seminare-schulungen\/"]}]},{"@type":"BreadcrumbList","@id":"https:\/\/agriportance.com\/de\/dienstleistungen\/seminare-schulungen\/#breadcrumb","itemListElement":[{"@type":"ListItem","position":1,"name":"Startseite","item":"https:\/\/agriportance.com\/de\/"},{"@type":"ListItem","position":2,"name":"Dienstleistungen","item":"https:\/\/agriportance.com\/de\/dienstleistungen\/"},{"@type":"ListItem","position":3,"name":"Seminare"}]},{"@type":"WebSite","@id":"https:\/\/agriportance.com\/#website","url":"https:\/\/agriportance.com\/","name":"agriportanza","description":"Informazioni e servizi su biometano e LCO2","publisher":{"@id":"https:\/\/agriportance.com\/#organization"},"potentialAction":[{"@type":"SearchAction","target":{"@type":"EntryPoint","urlTemplate":"https:\/\/agriportance.com\/?s={search_term_string}"},"query-input":{"@type":"PropertyValueSpecification","valueRequired":true,"valueName":"search_term_string"}}],"inLanguage":"it-IT"},{"@type":"Organization","@id":"https:\/\/agriportance.com\/#organization","name":"agriportance GmbH","url":"https:\/\/agriportance.com\/","logo":{"@type":"ImageObject","inLanguage":"it-IT","@id":"https:\/\/agriportance.com\/#\/schema\/logo\/image\/","url":"https:\/\/agriportance.com\/wp-content\/uploads\/2023\/05\/agriportance-logo.png","contentUrl":"https:\/\/agriportance.com\/wp-content\/uploads\/2023\/05\/agriportance-logo.png","width":701,"height":108,"caption":"agriportance GmbH"},"image":{"@id":"https:\/\/agriportance.com\/#\/schema\/logo\/image\/"},"sameAs":["https:\/\/www.facebook.com\/agriportance","https:\/\/x.com\/agriportance","https:\/\/de.linkedin.com\/company\/agriportance","https:\/\/www.instagram.com\/agriportance"]}]}},"_links":{"self":[{"href":"https:\/\/agriportance.com\/it\/wp-json\/wp\/v2\/pages\/1230","targetHints":{"allow":["GET"]}}],"collection":[{"href":"https:\/\/agriportance.com\/it\/wp-json\/wp\/v2\/pages"}],"about":[{"href":"https:\/\/agriportance.com\/it\/wp-json\/wp\/v2\/types\/page"}],"author":[{"embeddable":true,"href":"https:\/\/agriportance.com\/it\/wp-json\/wp\/v2\/users\/2"}],"replies":[{"embeddable":true,"href":"https:\/\/agriportance.com\/it\/wp-json\/wp\/v2\/comments?post=1230"}],"version-history":[{"count":24,"href":"https:\/\/agriportance.com\/it\/wp-json\/wp\/v2\/pages\/1230\/revisions"}],"predecessor-version":[{"id":24598,"href":"https:\/\/agriportance.com\/it\/wp-json\/wp\/v2\/pages\/1230\/revisions\/24598"}],"up":[{"embeddable":true,"href":"https:\/\/agriportance.com\/it\/wp-json\/wp\/v2\/pages\/87"}],"wp:attachment":[{"href":"https:\/\/agriportance.com\/it\/wp-json\/wp\/v2\/media?parent=1230"}],"curies":[{"name":"wp","href":"https:\/\/api.w.org\/{rel}","templated":true}]}}