{"id":162,"date":"2023-05-10T12:21:29","date_gmt":"2023-05-10T12:21:29","guid":{"rendered":"https:\/\/dev.agriportance.com\/biomethan-herstellung-2"},"modified":"2024-08-13T10:15:08","modified_gmt":"2024-08-13T10:15:08","slug":"come-si-produce-il-biometano","status":"publish","type":"page","link":"https:\/\/agriportance.com\/it\/wissen\/biomethan\/wie-wird-biomethan-hergestellt\/","title":{"rendered":"Come viene prodotto il biometano"},"content":{"rendered":"<div id=\"cs-content\" class=\"cs-content\"><div class=\"x-section e162-e1 m4i-0 m4i-1 m4i-2\"><div class=\"x-bg\" aria-hidden=\"true\"><div class=\"x-bg-layer-lower-image\" data-x-element-bg-layer=\"{&quot;parallaxSize&quot;:&quot;105%&quot;,&quot;parallaxDir&quot;:&quot;h&quot;,&quot;parallaxRev&quot;:true}\"><\/div><div class=\"x-bg-layer-upper-color\"><\/div><\/div><div class=\"x-container e162-e2 m4i-a\"><div class=\"x-column x-sm x-1-1 e162-e3 m4i-b m4i-c\"><div class=\"x-text x-text-headline e162-e4 m4i-e m4i-f m4i-g m4i-h\"><div class=\"x-text-content\"><div class=\"x-text-content-text\"><h1 class=\"x-text-content-text-primary\">Come si produce il biometano?<\/h1>\n<\/div><\/div><\/div><\/div><\/div><\/div><div class=\"x-section e162-e5 m4i-0 m4i-2 m4i-3 m4i-4\"><div class=\"x-bg\" aria-hidden=\"true\"><div class=\"x-bg-layer-lower-image\"><\/div><div class=\"x-bg-layer-upper-color\"><\/div><\/div><div class=\"x-row x-container max width e162-e6 m4i-o m4i-q m4i-r\"><div class=\"x-row-inner\"><div class=\"x-col e162-e7 m4i-t m4i-u\"><nav class=\"x-crumbs e162-e8 m4i-w\" role=\"navigation\"><ol class=\"x-crumbs-list\" itemscope=\"\" itemtype=\"http:\/\/schema.org\/BreadcrumbList\" aria-label=\"Navigazione Breadcrumb\"><li class=\"x-crumbs-list-item\" itemprop=\"itemListElement\" itemscope itemtype=\"http:\/\/schema.org\/ListItem\"><a class=\"x-crumbs-current x-crumbs-link\" itemtype=\"http:\/\/schema.org\/Thing\" itemprop=\"item\" href=\"https:\/\/agriportance.com\/it\/\" title=\"Sei qui\"><span itemprop=\"name\"><i class=\"x-icon\" aria-hidden=\"true\" data-x-icon-s=\"&#xf015;\"><\/i><span class=\"visually-hidden\">agriportanza<\/span><\/span><\/a><meta itemprop=\"position\" content=\"1\"><\/li><\/ol><\/nav><\/div><\/div><\/div><\/div><div class=\"x-section e162-e9 m4i-0 m4i-2 m4i-4 m4i-5 m4i-6\"><div class=\"x-bg\" aria-hidden=\"true\"><div class=\"x-bg-layer-lower-image\"><\/div><div class=\"x-bg-layer-upper-color\"><\/div><\/div><div class=\"x-container e162-e10 m4i-a\"><div class=\"x-column x-sm x-1-2 e162-e11 m4i-b m4i-c\"><div class=\"x-text x-text-headline e162-e12 m4i-e m4i-f m4i-i m4i-j m4i-k\"><div class=\"x-text-content\"><div class=\"x-text-content-text\"><h2 class=\"x-text-content-text-primary\">Produzione di biometano<\/h2>\n<\/div><\/div><\/div><div class=\"x-text x-content e162-e13 m4i-x m4i-y m4i-z m4i-10\"><p style=\"text-align: justify;\">La produzione di biometano \u00e8 un processo promettente che offre vantaggi sia ecologici che economici. Il biometano \u00e8 prodotto da rifiuti biologici e pu\u00f2 essere utilizzato come combustibile rinnovabile in diverse applicazioni.<\/p>\n<p style=\"text-align: justify;\">Il biometano si ottiene principalmente da materiali organici come rifiuti agricoli, scarti alimentari, fanghi di depurazione e altre fonti biologiche. Questi rifiuti vengono trattati in un impianto di digestione anaerobica. In questo modo si libera il gas metano.<\/p><\/div><\/div><div class=\"x-column x-sm x-1-2 e162-e14 m4i-b m4i-d\"><span class=\"x-image e162-e15 m4i-17 m4i-18\"><img decoding=\"async\" src=\"https:\/\/agriportance.com\/wp-content\/uploads\/2023\/09\/biogasanlage-biomethan-agriportance-maisfeld.png\" width=\"500\" height=\"375\" alt=\"Immagine\"><\/span><\/div><\/div><\/div><div class=\"x-section e162-e16 m4i-0 m4i-2 m4i-4 m4i-6 m4i-7\"><div class=\"x-bg\" aria-hidden=\"true\"><div class=\"x-bg-layer-lower-image\"><\/div><div class=\"x-bg-layer-upper-color\"><\/div><\/div><div class=\"x-container e162-e17 m4i-a\"><div class=\"x-column x-sm x-1-1 e162-e18 m4i-b m4i-c\"><div class=\"x-text x-text-headline e162-e19 m4i-e m4i-f m4i-i m4i-j m4i-l\"><div class=\"x-text-content\"><div class=\"x-text-content-text\"><h3 class=\"x-text-content-text-primary\">Substrati | Approvvigionamento di biomassa<\/h3>\n<\/div><\/div><\/div><div class=\"x-text x-content e162-e20 m4i-x m4i-y m4i-10 m4i-11 m4i-12\"><p>La prima fase consiste nell'individuare e procurare fonti di biomassa adatte. Per produrre biometano si possono utilizzare diversi substrati. Ecco alcuni esempi:<\/p>\n<ol class=\"ol1\" style=\"text-align: justify;\">\n<li class=\"li1\"><strong>Rifiuti organici:<\/strong> Una fonte comune di biometano sono i rifiuti organici, come gli scarti di cucina, i rifiuti del giardino, i rifiuti agricoli e i rifiuti alimentari. Questi possono essere utilizzati nei cosiddetti impianti di fermentazione o impianti di biogas per produrre biometano.<\/li>\n<li class=\"li1\"><strong>Colture energetiche<\/strong>Alcune specie vegetali coltivate specificamente per la produzione di energia possono essere utilizzate come substrato per la produzione di biometano. Ne sono un esempio il mais, l'erba, l'erba medica e la barbabietola. Queste piante vengono raccolte e fatte fermentare in impianti di biogas.<\/li>\n<li class=\"li1\"><strong>Liquami e letame:<\/strong> Anche le feci animali, come i liquami e il letame, sono substrati adatti alla produzione di biometano. In combinazione con altri materiali organici, possono essere utilizzati negli impianti di biogas per produrre biometano.<\/li>\n<li class=\"li1\"><strong>Rifiuti industriali:<\/strong> Alcune industrie producono rifiuti organici che possono essere utilizzati per la produzione di biometano. Ne sono un esempio i rifiuti della lavorazione degli alimenti, i rifiuti dell'industria delle bevande e quelli dell'industria della carta e della cellulosa.<\/li>\n<li class=\"li1\"><strong>Fanghi di depurazione:<\/strong> Anche i fanghi di depurazione, che sono un sottoprodotto del trattamento delle acque reflue, possono essere utilizzati per la produzione di biometano. Utilizzando i fanghi di depurazione negli impianti di biogas, non solo \u00e8 possibile produrre biometano, ma i fanghi di depurazione possono anche essere smaltiti catturando il gas metano che altrimenti si disperderebbe nell'atmosfera.<\/li>\n<\/ol>\n<p class=\"p1\" style=\"text-align: justify;\">Esistono altri potenziali substrati per la produzione di biometano e la scelta dipende dalla disponibilit\u00e0, dalle condizioni locali e dalla capacit\u00e0 tecnica. \u00c8 importante selezionare con cura i substrati per garantire una produzione di biometano efficiente e sostenibile.<\/p><\/div><div class=\"x-text x-text-headline e162-e21 m4i-e m4i-f m4i-i m4i-j m4i-l\"><div class=\"x-text-content\"><div class=\"x-text-content-text\"><h3 class=\"x-text-content-text-primary\">Pretrattamento di substrati o biomassa<\/h3>\n<\/div><\/div><\/div><div class=\"x-text x-content e162-e22 m4i-x m4i-y m4i-10 m4i-11 m4i-12\">In questa fase la biomassa viene pretrattata per prepararla al processo di fermentazione. Ci\u00f2 pu\u00f2 includere la triturazione, la frantumazione o la macinazione per aumentare la superficie e facilitare la decomposizione.<\/div><div class=\"x-text x-text-headline e162-e23 m4i-e m4i-f m4i-i m4i-j m4i-l\"><div class=\"x-text-content\"><div class=\"x-text-content-text\"><h3 class=\"x-text-content-text-primary\">Fermentazione anaerobica<\/h3>\n<\/div><\/div><\/div><div class=\"x-text x-content e162-e24 m4i-x m4i-y m4i-z m4i-10\"><p style=\"text-align: justify;\">La chiave per produrre biometano \u00e8 la digestione anaerobica. I microrganismi naturali presenti nei rifiuti decompongono i materiali organici e producono gas metano nel processo. La biomassa pretrattata viene posta in un digestore anaerobico, noto anche come reattore di biogas o bioreattore. Il digestore \u00e8 un sistema chiuso che impedisce l'ingresso di ossigeno.<\/p>\n<p style=\"text-align: justify;\">La biomassa viene fermentata con l'aiuto di microrganismi anaerobici, in particolare produttori di metano. Questi microrganismi scompongono i composti organici della biomassa e producono metano (CH4) come componente principale del biogas.<\/p><\/div><div class=\"x-text x-text-headline e162-e25 m4i-e m4i-f m4i-j m4i-l m4i-m\"><div class=\"x-text-content\"><div class=\"x-text-content-text\"><h3 class=\"x-text-content-text-primary\">Il fermentatore<\/h3>\n<\/div><\/div><\/div><div class=\"x-text x-content e162-e26 m4i-x m4i-y m4i-z m4i-10\"><p style=\"text-align: justify;\">Per creare le condizioni ottimali per i microrganismi, il fermentatore viene mantenuto a una certa temperatura (di solito tra 35\u00b0C e 55\u00b0C, a seconda dei microrganismi). Inoltre, il contenuto del fermentatore viene mantenuto in movimento per garantire una distribuzione uniforme dei microrganismi e dei nutrienti. Durante il processo di fermentazione, i microrganismi decompongono la biomassa e la convertono in biogas.<\/p>\n<p style=\"text-align: justify;\">Il biogas \u00e8 costituito principalmente da metano (50-75%), anidride carbonica (25-50%) e tracce di altri gas come azoto, idrogeno e acido solfidrico. Il processo di fermentazione pu\u00f2 durare da alcune settimane a mesi, a seconda del tipo di biomassa e delle condizioni del fermentatore.<\/p><\/div><div class=\"x-text x-text-headline e162-e27 m4i-e m4i-f m4i-j m4i-l m4i-m\"><div class=\"x-text-content\"><div class=\"x-text-content-text\"><h3 class=\"x-text-content-text-primary\">Preparazione e pulizia<\/h3>\n<\/div><\/div><\/div><div class=\"x-text x-content e162-e28 m4i-x m4i-y m4i-z m4i-10\"><p style=\"text-align: justify;\">Dopo la fermentazione anaerobica, il gas prodotto contiene metano e altre impurit\u00e0 come anidride carbonica, acqua e composti di zolfo. Per rendere il biometano utilizzabile per varie applicazioni, \u00e8 necessario purificarlo e liberarlo da queste impurit\u00e0. Questo processo \u00e8 noto come purificazione e comprende fasi quali la deumidificazione e la desolforazione.<\/p>\n<p style=\"text-align: justify;\">L'anidride carbonica (CO2) viene quindi rimossa dal biogas per aumentare il contenuto di metano. Questo pu\u00f2 essere ottenuto con vari metodi, come l'adsorbimento a pressione, lo scrubbing con acqua o la separazione a membrana.<\/p><\/div><div class=\"x-text x-text-headline e162-e29 m4i-e m4i-f m4i-j m4i-l m4i-m\"><div class=\"x-text-content\"><div class=\"x-text-content-text\"><h3 class=\"x-text-content-text-primary\">Immissione e utilizzo<\/h3>\n<\/div><\/div><\/div><div class=\"x-text x-content e162-e30 m4i-x m4i-y m4i-z m4i-10\"><p style=\"text-align: justify;\">Il biometano purificato pu\u00f2 essere trasportato nei gasdotti di gas naturale esistenti e utilizzato per generare elettricit\u00e0, fornire calore o come combustibile. \u00c8 un'alternativa rispettosa del clima ai combustibili fossili convenzionali e riduce significativamente le emissioni di CO2. Dopo la lavorazione, il biometano raggiunge un livello di purezza di circa 97-99% metano e pu\u00f2 essere immesso nella rete del gas naturale.&nbsp;<\/p><\/div><div class=\"x-text x-text-headline e162-e31 m4i-e m4i-f m4i-j m4i-l m4i-m\"><div class=\"x-text-content\"><div class=\"x-text-content-text\"><h2 class=\"x-text-content-text-primary\">Il biometano per la transizione energetica<\/h2>\n<\/div><\/div><\/div><div class=\"x-text x-content e162-e32 m4i-x m4i-y m4i-10 m4i-11 m4i-13\"><p style=\"text-align: justify;\">La produzione di biometano offre una soluzione sostenibile per generare energia dai rifiuti biologici. Il processo di digestione e trattamento anaerobico consente di convertire i rifiuti in un gas rinnovabile che pu\u00f2 servire per diverse applicazioni. Utilizzando il biometano, possiamo ridurre la nostra dipendenza dai combustibili fossili e dare un contributo positivo alla riduzione delle emissioni di gas serra.<\/p>\n<p style=\"text-align: justify;\">Queste sono le fasi fondamentali della produzione di biometano. Il processo pu\u00f2 variare a seconda della configurazione dell'impianto e della fonte di biomassa, ma il principio di base della digestione anaerobica rimane lo stesso. Il biometano \u00e8 una fonte di energia rinnovabile, poich\u00e9 la biomassa proviene da risorse rinnovabili e la combustione rilascia solo l'anidride carbonica assorbita durante la crescita della biomassa, rendendo il processo ampiamente neutro dal punto di vista del carbonio.<\/p><\/div><\/div><\/div><\/div><div class=\"x-section e162-e33 m4i-0 m4i-8\"><div class=\"x-div x-container max width e162-e34 m4i-1a m4i-1b m4i-1c m4i-1d\"><div class=\"x-text x-text-headline e162-e35 m4i-f m4i-g m4i-n\"><div class=\"x-text-content\"><div class=\"x-text-content-text\">\n<h2 class=\"x-text-content-text-primary\">Ulteriori articoli sul biometano<\/h2><\/div><\/div><\/div><\/div><div class=\"x-row x-container max width e162-e36 m4i-o m4i-p m4i-q m4i-s\"><div class=\"x-row-inner\"><div class=\"x-col e162-e37 m4i-t m4i-v\"><div class=\"x-div e162-e38 m4i-1c m4i-1d m4i-1e m4i-1f\"><span class=\"x-image e162-e39 m4i-17 m4i-19\"><img decoding=\"async\" src=\"https:\/\/agriportance.com\/wp-content\/uploads\/2023\/06\/ist-biomethan-nachhaltig.jpeg\" width=\"750\" height=\"499\" alt=\"il biometano \u00e8 sostenibile\"><\/span><\/div><div class=\"x-div e162-e40 m4i-1a m4i-1d m4i-1e m4i-1g\"><div class=\"x-text x-content e162-e41 m4i-y m4i-z m4i-14 m4i-15\"><h3>il biometano \u00e8 sostenibile?<\/h3><\/div><hr class=\"x-line e162-e42 m4i-1h\"\/><div class=\"x-text x-content e162-e43 m4i-y m4i-z m4i-10 m4i-15 m4i-16\"><p>Analizziamo questa domanda e vi diamo una risposta dettagliata<\/p><\/div><a class=\"x-anchor x-anchor-button has-graphic e162-e44 m4i-1i m4i-9\" tabindex=\"0\" href=\"https:\/\/agriportance.com\/it\/biometano\/ist-biometan-nachhaltig\/\" data-x-effect=\"{&quot;durationBase&quot;:&quot;300ms&quot;}\"><div class=\"x-anchor-content\"><span class=\"x-graphic\" aria-hidden=\"true\"><i class=\"x-icon x-graphic-child x-graphic-icon x-graphic-primary\" aria-hidden=\"true\" data-x-icon-o=\"&#xf061;\"><\/i><\/span><div class=\"x-anchor-text\"><span class=\"x-anchor-text-primary\">Ulteriori informazioni<\/span><\/div><\/div><\/a><\/div><\/div><div class=\"x-col e162-e45 m4i-t m4i-v\"><div class=\"x-div e162-e46 m4i-1c m4i-1d m4i-1e m4i-1f\"><span class=\"x-image e162-e47 m4i-17 m4i-19\"><img decoding=\"async\" src=\"https:\/\/agriportance.com\/wp-content\/uploads\/2023\/06\/biomethan-agriportance.jpeg\" width=\"750\" height=\"499\" alt=\"cos&#039;\u00e8 il biometano\"><\/span><\/div><div class=\"x-div e162-e48 m4i-1a m4i-1d m4i-1e m4i-1g\"><div class=\"x-text x-content e162-e49 m4i-y m4i-z m4i-14 m4i-15\"><h3>Che cos'\u00e8 il biometano?<\/h3><\/div><hr class=\"x-line e162-e50 m4i-1h\"\/><div class=\"x-text x-content e162-e51 m4i-y m4i-z m4i-10 m4i-15 m4i-16\"><p>Che cos'\u00e8 esattamente il biometano e come pu\u00f2 essere utilizzato, lo potete scoprire qui<\/p><\/div><a class=\"x-anchor x-anchor-button has-graphic e162-e52 m4i-1i m4i-9\" tabindex=\"0\" href=\"https:\/\/agriportance.com\/it\/biometano\/cose-il-biometano\/\" data-x-effect=\"{&quot;durationBase&quot;:&quot;300ms&quot;}\"><div class=\"x-anchor-content\"><span class=\"x-graphic\" aria-hidden=\"true\"><i class=\"x-icon x-graphic-child x-graphic-icon x-graphic-primary\" aria-hidden=\"true\" data-x-icon-o=\"&#xf061;\"><\/i><\/span><div class=\"x-anchor-text\"><span class=\"x-anchor-text-primary\">Ulteriori informazioni<\/span><\/div><\/div><\/a><\/div><\/div><div class=\"x-col e162-e53 m4i-t m4i-v\"><div class=\"x-div e162-e54 m4i-1c m4i-1d m4i-1e m4i-1f\"><span class=\"x-image e162-e55 m4i-17 m4i-19\"><img decoding=\"async\" src=\"https:\/\/agriportance.com\/wp-content\/uploads\/2023\/06\/biogasanlage-biomethan-agriportance-maisfeld-1.png\" width=\"500\" height=\"375\" alt=\"blog-biometano\"><\/span><\/div><div class=\"x-div e162-e56 m4i-1a m4i-1d m4i-1e m4i-1g\"><div class=\"x-text x-content e162-e57 m4i-y m4i-z m4i-14 m4i-15\"><h3>Clicca qui per andare al nostro blog<\/h3><\/div><hr class=\"x-line e162-e58 m4i-1h\"\/><div class=\"x-text x-content e162-e59 m4i-y m4i-z m4i-10 m4i-15 m4i-16\">Il nostro blog si concentra su contenuti relativi al biometano e alla sostenibilit\u00e0<\/div><a class=\"x-anchor x-anchor-button has-graphic e162-e60 m4i-1i m4i-9\" tabindex=\"0\" href=\"https:\/\/agriportance.com\/it\/conoscere\/blog\/\" data-x-effect=\"{&quot;durationBase&quot;:&quot;300ms&quot;}\"><div class=\"x-anchor-content\"><span class=\"x-graphic\" aria-hidden=\"true\"><i class=\"x-icon x-graphic-child x-graphic-icon x-graphic-primary\" aria-hidden=\"true\" data-x-icon-o=\"&#xf061;\"><\/i><\/span><div class=\"x-anchor-text\"><span class=\"x-anchor-text-primary\">Ulteriori informazioni<\/span><\/div><\/div><\/a><\/div><\/div><\/div><\/div><\/div><\/div>","protected":false},"excerpt":{"rendered":"<p>Come si produce il biometano? agriportanceProduzione di biometano La produzione di biometano \u00e8 un processo promettente che offre vantaggi sia ecologici che economici. Il biometano viene prodotto da rifiuti biologici e pu\u00f2 essere utilizzato come combustibile rinnovabile in diverse applicazioni. Il biometano viene prodotto principalmente da materiali organici come rifiuti agricoli, rifiuti alimentari, fanghi di depurazione e altre fonti biologiche. Questi rifiuti vengono trattati in un ...<\/p>","protected":false},"author":2,"featured_media":0,"parent":123,"menu_order":0,"comment_status":"closed","ping_status":"closed","template":"template-blank-4.php","meta":{"content-type":"","footnotes":""},"class_list":["post-162","page","type-page","status-publish","hentry","no-post-thumbnail"],"yoast_head":"<!-- This site is optimized with the Yoast SEO Premium plugin v27.3 (Yoast SEO v27.3) - https:\/\/yoast.com\/product\/yoast-seo-premium-wordpress\/ -->\n<title>Biomethan Herstellung: Wie wird Biomethan hergestellt?<\/title>\n<meta name=\"description\" content=\"Wie wird Biomethan hergestellt? Welche Substrate oder Biomasse kann zur Biomethan-Herstellung genutzt werden? Lesen Sie unseren Artikel \ud83d\udccb\" \/>\n<meta name=\"robots\" content=\"index, follow, max-snippet:-1, max-image-preview:large, max-video-preview:-1\" \/>\n<link rel=\"canonical\" href=\"https:\/\/agriportance.com\/it\/conoscere\/biometano\/come-si-produce-il-biometano\/\" \/>\n<meta property=\"og:locale\" content=\"it_IT\" \/>\n<meta property=\"og:type\" content=\"article\" \/>\n<meta property=\"og:title\" content=\"Wie wird Biomethan hergestellt\" \/>\n<meta property=\"og:description\" content=\"Wie wird Biomethan hergestellt? Welche Substrate oder Biomasse kann zur Biomethan-Herstellung genutzt werden? Lesen Sie unseren Artikel \ud83d\udccb\" \/>\n<meta property=\"og:url\" content=\"https:\/\/agriportance.com\/it\/conoscere\/biometano\/come-si-produce-il-biometano\/\" \/>\n<meta property=\"og:site_name\" content=\"agriportance GmbH\" \/>\n<meta property=\"article:publisher\" content=\"https:\/\/www.facebook.com\/agriportance\" \/>\n<meta property=\"article:modified_time\" content=\"2024-08-13T10:15:08+00:00\" \/>\n<meta name=\"twitter:card\" content=\"summary_large_image\" \/>\n<meta name=\"twitter:site\" content=\"@agriportance\" \/>\n<meta name=\"twitter:label1\" content=\"Tempo di lettura stimato\" \/>\n\t<meta name=\"twitter:data1\" content=\"3 minuti\" \/>\n<script type=\"application\/ld+json\" class=\"yoast-schema-graph\">{\"@context\":\"https:\\\/\\\/schema.org\",\"@graph\":[{\"@type\":\"WebPage\",\"@id\":\"https:\\\/\\\/agriportance.com\\\/de\\\/wissen\\\/biomethan\\\/wie-wird-biomethan-hergestellt\\\/\",\"url\":\"https:\\\/\\\/agriportance.com\\\/de\\\/wissen\\\/biomethan\\\/wie-wird-biomethan-hergestellt\\\/\",\"name\":\"Biomethan Herstellung: Wie wird Biomethan hergestellt?\",\"isPartOf\":{\"@id\":\"https:\\\/\\\/agriportance.com\\\/#website\"},\"datePublished\":\"2023-05-10T12:21:29+00:00\",\"dateModified\":\"2024-08-13T10:15:08+00:00\",\"description\":\"Wie wird Biomethan hergestellt? Welche Substrate oder Biomasse kann zur Biomethan-Herstellung genutzt werden? Lesen Sie unseren Artikel \ud83d\udccb\",\"breadcrumb\":{\"@id\":\"https:\\\/\\\/agriportance.com\\\/de\\\/wissen\\\/biomethan\\\/wie-wird-biomethan-hergestellt\\\/#breadcrumb\"},\"inLanguage\":\"it-IT\",\"potentialAction\":[{\"@type\":\"ReadAction\",\"target\":[\"https:\\\/\\\/agriportance.com\\\/de\\\/wissen\\\/biomethan\\\/wie-wird-biomethan-hergestellt\\\/\"]}]},{\"@type\":\"BreadcrumbList\",\"@id\":\"https:\\\/\\\/agriportance.com\\\/de\\\/wissen\\\/biomethan\\\/wie-wird-biomethan-hergestellt\\\/#breadcrumb\",\"itemListElement\":[{\"@type\":\"ListItem\",\"position\":1,\"name\":\"Startseite\",\"item\":\"https:\\\/\\\/agriportance.com\\\/de\\\/\"},{\"@type\":\"ListItem\",\"position\":2,\"name\":\"Wissen\",\"item\":\"https:\\\/\\\/agriportance.com\\\/de\\\/wissen\\\/\"},{\"@type\":\"ListItem\",\"position\":3,\"name\":\"Biomethan\",\"item\":\"https:\\\/\\\/agriportance.com\\\/wissen\\\/biomethan\\\/\"},{\"@type\":\"ListItem\",\"position\":4,\"name\":\"Wie wird Biomethan hergestellt\"}]},{\"@type\":\"WebSite\",\"@id\":\"https:\\\/\\\/agriportance.com\\\/#website\",\"url\":\"https:\\\/\\\/agriportance.com\\\/\",\"name\":\"agriportance\",\"description\":\"Informationen und Dienstleistungen zu Biomethan und LCO2\",\"publisher\":{\"@id\":\"https:\\\/\\\/agriportance.com\\\/#organization\"},\"potentialAction\":[{\"@type\":\"SearchAction\",\"target\":{\"@type\":\"EntryPoint\",\"urlTemplate\":\"https:\\\/\\\/agriportance.com\\\/?s={search_term_string}\"},\"query-input\":{\"@type\":\"PropertyValueSpecification\",\"valueRequired\":true,\"valueName\":\"search_term_string\"}}],\"inLanguage\":\"it-IT\"},{\"@type\":\"Organization\",\"@id\":\"https:\\\/\\\/agriportance.com\\\/#organization\",\"name\":\"agriportance GmbH\",\"url\":\"https:\\\/\\\/agriportance.com\\\/\",\"logo\":{\"@type\":\"ImageObject\",\"inLanguage\":\"it-IT\",\"@id\":\"https:\\\/\\\/agriportance.com\\\/#\\\/schema\\\/logo\\\/image\\\/\",\"url\":\"https:\\\/\\\/agriportance.com\\\/wp-content\\\/uploads\\\/2023\\\/05\\\/agriportance-logo.png\",\"contentUrl\":\"https:\\\/\\\/agriportance.com\\\/wp-content\\\/uploads\\\/2023\\\/05\\\/agriportance-logo.png\",\"width\":701,\"height\":108,\"caption\":\"agriportance GmbH\"},\"image\":{\"@id\":\"https:\\\/\\\/agriportance.com\\\/#\\\/schema\\\/logo\\\/image\\\/\"},\"sameAs\":[\"https:\\\/\\\/www.facebook.com\\\/agriportance\",\"https:\\\/\\\/x.com\\\/agriportance\",\"https:\\\/\\\/de.linkedin.com\\\/company\\\/agriportance\",\"https:\\\/\\\/www.instagram.com\\\/agriportance\"]}]}<\/script>\n<!-- \/ Yoast SEO Premium plugin. -->","yoast_head_json":{"title":"Produzione di biometano: come si produce il biometano?","description":"Come si produce il biometano? Quali substrati o biomasse possono essere utilizzati per produrre biometano? Leggete il nostro articolo \ud83d\udccb","robots":{"index":"index","follow":"follow","max-snippet":"max-snippet:-1","max-image-preview":"max-image-preview:large","max-video-preview":"max-video-preview:-1"},"canonical":"https:\/\/agriportance.com\/it\/conoscere\/biometano\/come-si-produce-il-biometano\/","og_locale":"it_IT","og_type":"article","og_title":"Wie wird Biomethan hergestellt","og_description":"Wie wird Biomethan hergestellt? Welche Substrate oder Biomasse kann zur Biomethan-Herstellung genutzt werden? Lesen Sie unseren Artikel \ud83d\udccb","og_url":"https:\/\/agriportance.com\/it\/conoscere\/biometano\/come-si-produce-il-biometano\/","og_site_name":"agriportance GmbH","article_publisher":"https:\/\/www.facebook.com\/agriportance","article_modified_time":"2024-08-13T10:15:08+00:00","twitter_card":"summary_large_image","twitter_site":"@agriportance","twitter_misc":{"Tempo di lettura stimato":"3 minuti"},"schema":{"@context":"https:\/\/schema.org","@graph":[{"@type":"WebPage","@id":"https:\/\/agriportance.com\/de\/wissen\/biomethan\/wie-wird-biomethan-hergestellt\/","url":"https:\/\/agriportance.com\/de\/wissen\/biomethan\/wie-wird-biomethan-hergestellt\/","name":"Produzione di biometano: come si produce il biometano?","isPartOf":{"@id":"https:\/\/agriportance.com\/#website"},"datePublished":"2023-05-10T12:21:29+00:00","dateModified":"2024-08-13T10:15:08+00:00","description":"Come si produce il biometano? Quali substrati o biomasse possono essere utilizzati per produrre biometano? Leggete il nostro articolo \ud83d\udccb","breadcrumb":{"@id":"https:\/\/agriportance.com\/de\/wissen\/biomethan\/wie-wird-biomethan-hergestellt\/#breadcrumb"},"inLanguage":"it-IT","potentialAction":[{"@type":"ReadAction","target":["https:\/\/agriportance.com\/de\/wissen\/biomethan\/wie-wird-biomethan-hergestellt\/"]}]},{"@type":"BreadcrumbList","@id":"https:\/\/agriportance.com\/de\/wissen\/biomethan\/wie-wird-biomethan-hergestellt\/#breadcrumb","itemListElement":[{"@type":"ListItem","position":1,"name":"Startseite","item":"https:\/\/agriportance.com\/de\/"},{"@type":"ListItem","position":2,"name":"Wissen","item":"https:\/\/agriportance.com\/de\/wissen\/"},{"@type":"ListItem","position":3,"name":"Biomethan","item":"https:\/\/agriportance.com\/wissen\/biomethan\/"},{"@type":"ListItem","position":4,"name":"Wie wird Biomethan hergestellt"}]},{"@type":"WebSite","@id":"https:\/\/agriportance.com\/#website","url":"https:\/\/agriportance.com\/","name":"agriportanza","description":"Informazioni e servizi su biometano e LCO2","publisher":{"@id":"https:\/\/agriportance.com\/#organization"},"potentialAction":[{"@type":"SearchAction","target":{"@type":"EntryPoint","urlTemplate":"https:\/\/agriportance.com\/?s={search_term_string}"},"query-input":{"@type":"PropertyValueSpecification","valueRequired":true,"valueName":"search_term_string"}}],"inLanguage":"it-IT"},{"@type":"Organization","@id":"https:\/\/agriportance.com\/#organization","name":"agriportance GmbH","url":"https:\/\/agriportance.com\/","logo":{"@type":"ImageObject","inLanguage":"it-IT","@id":"https:\/\/agriportance.com\/#\/schema\/logo\/image\/","url":"https:\/\/agriportance.com\/wp-content\/uploads\/2023\/05\/agriportance-logo.png","contentUrl":"https:\/\/agriportance.com\/wp-content\/uploads\/2023\/05\/agriportance-logo.png","width":701,"height":108,"caption":"agriportance GmbH"},"image":{"@id":"https:\/\/agriportance.com\/#\/schema\/logo\/image\/"},"sameAs":["https:\/\/www.facebook.com\/agriportance","https:\/\/x.com\/agriportance","https:\/\/de.linkedin.com\/company\/agriportance","https:\/\/www.instagram.com\/agriportance"]}]}},"_links":{"self":[{"href":"https:\/\/agriportance.com\/it\/wp-json\/wp\/v2\/pages\/162","targetHints":{"allow":["GET"]}}],"collection":[{"href":"https:\/\/agriportance.com\/it\/wp-json\/wp\/v2\/pages"}],"about":[{"href":"https:\/\/agriportance.com\/it\/wp-json\/wp\/v2\/types\/page"}],"author":[{"embeddable":true,"href":"https:\/\/agriportance.com\/it\/wp-json\/wp\/v2\/users\/2"}],"replies":[{"embeddable":true,"href":"https:\/\/agriportance.com\/it\/wp-json\/wp\/v2\/comments?post=162"}],"version-history":[{"count":18,"href":"https:\/\/agriportance.com\/it\/wp-json\/wp\/v2\/pages\/162\/revisions"}],"predecessor-version":[{"id":34739,"href":"https:\/\/agriportance.com\/it\/wp-json\/wp\/v2\/pages\/162\/revisions\/34739"}],"up":[{"embeddable":true,"href":"https:\/\/agriportance.com\/it\/wp-json\/wp\/v2\/pages\/123"}],"wp:attachment":[{"href":"https:\/\/agriportance.com\/it\/wp-json\/wp\/v2\/media?parent=162"}],"curies":[{"name":"wp","href":"https:\/\/api.w.org\/{rel}","templated":true}]}}