{"id":1277,"date":"2023-06-12T14:38:56","date_gmt":"2023-06-12T14:38:56","guid":{"rendered":"https:\/\/dev.agriportance.com\/biomethan-herstellung-2-2-2-2-3-2-2"},"modified":"2025-06-25T12:12:46","modified_gmt":"2025-06-25T12:12:46","slug":"duurzaamheidscertificaat-redcert","status":"publish","type":"page","link":"https:\/\/agriportance.com\/nl\/dienstleistungen\/nachhaltigkeitszertifizierung-redcert\/","title":{"rendered":"REDcert | Ondersteuning voor duurzaamheidscertificering"},"content":{"rendered":"<div id=\"cs-content\" class=\"cs-content\"><div class=\"x-section e1277-e1 mzh-0 mzh-1 mzh-2 mzh-3\"><div class=\"x-bg\" aria-hidden=\"true\"><div class=\"x-bg-layer-lower-image\"><\/div><div class=\"x-bg-layer-upper-color\"><\/div><\/div><div class=\"x-row x-container max width e1277-e2 mzh-e mzh-f mzh-g mzh-h mzh-m mzh-n\"><div class=\"x-row-inner\"><div class=\"x-col e1277-e3 mzh-w mzh-x mzh-y mzh-z\"><div class=\"x-section e1277-e4 mzh-0 mzh-4 mzh-5 mzh-6 mzh-7\"><div class=\"x-row x-container max width e1277-e5 mzh-e mzh-f mzh-g mzh-h mzh-m mzh-o\"><div class=\"x-row-inner\"><div class=\"x-col e1277-e6 mzh-w mzh-x mzh-y mzh-z\"><nav class=\"x-crumbs e1277-e7 mzh-17\" role=\"navigation\"><ol class=\"x-crumbs-list\" itemscope=\"\" itemtype=\"http:\/\/schema.org\/BreadcrumbList\" aria-label=\"Navigatie met kruimel\"><li class=\"x-crumbs-list-item\" itemprop=\"itemListElement\" itemscope itemtype=\"http:\/\/schema.org\/ListItem\"><a class=\"x-crumbs-current x-crumbs-link\" itemtype=\"http:\/\/schema.org\/Thing\" itemprop=\"item\" href=\"https:\/\/agriportance.com\/nl\/\" title=\"U bent hier\"><span itemprop=\"name\"><i class=\"x-icon\" aria-hidden=\"true\" data-x-icon-s=\"&#xf015;\"><\/i><span class=\"visually-hidden\">agriportance<\/span><\/span><\/a><meta itemprop=\"position\" content=\"1\"><\/li><\/ol><\/nav><\/div><\/div><\/div><\/div><\/div><\/div><\/div><\/div><div class=\"x-section e1277-e8 mzh-0 mzh-2 mzh-3 mzh-8\"><div class=\"x-bg\" aria-hidden=\"true\"><div class=\"x-bg-layer-lower-image\"><\/div><div class=\"x-bg-layer-upper-color\"><\/div><\/div><div class=\"x-container e1277-e9 mzh-18\"><div class=\"x-column x-sm x-1-1 e1277-e10 mzh-19\"><div class=\"x-text x-text-headline e1277-e11 mzh-1a mzh-1b mzh-1c mzh-1d\"><div class=\"x-text-content\"><div class=\"x-text-content-text\"><h1 class=\"x-text-content-text-primary\">Begeleidend bij de duurzaamheidscertificering volgens REDcert<\/h1>\n<\/div><\/div><\/div><div class=\"x-text x-content e1277-e12 mzh-1p mzh-1q mzh-1r\"><p>In een wereld die zich steeds meer bewust wordt van het milieu en duurzaamheid, zijn certificeringen zoals REDcert een belangrijke stap voor elke biogasinstallatie.<\/p>\n<p>Ze bevestigen niet alleen uw inzet voor een duurzamere toekomst, maar zorgen er ook voor dat uw biomethaanproduct een concurrentievoordeel op de markt krijgt en wordt gecertificeerd. Bij zo'n belangrijk proces als duurzaamheidscertificering kunnen wij u ondersteunen en cruciale hulp bieden. We kunnen je helpen met vragen, eventueel een BKG-balans voor je opstellen of een handleiding voor de audit ontwikkelen; in elk geval begeleiden we je met onze expertise door het proces.<\/p>\n<p class=\"p1\"><b>Wij begeleiden je door het proces van duurzaamheidscertificering volgens REDcert!<\/b><\/p><\/div><\/div><\/div><\/div><div class=\"x-section e1277-e13 mzh-0 mzh-4 mzh-7 mzh-9\"><div class=\"x-row x-container max width e1277-e14 mzh-e mzh-f mzh-g mzh-h mzh-m mzh-p\"><div class=\"x-row-inner\"><div class=\"x-col e1277-e15 mzh-w mzh-x mzh-y mzh-z\"><div class=\"x-text x-text-headline e1277-e16 mzh-1b mzh-1d mzh-1e mzh-1f mzh-1g\"><div class=\"x-text-content\"><div class=\"x-text-content-text\"><h2 class=\"x-text-content-text-primary\">REDcert - Duurzaamheidscertificering voor de bio-energiesector<\/h2>\n<\/div><\/div><\/div><div class=\"x-text x-content e1277-e17 mzh-1q mzh-1r mzh-1s mzh-1t mzh-1u\"><p data-start=\"213\" data-end=\"598\">De <strong data-start=\"217\" data-end=\"235\">REDcert systeem<\/strong> is een van de toonaangevende duurzaamheidssystemen voor de certificering van biomassa en biobrandstoffen in Europa. Het werd in 2010 opgericht door grote spelers in de landbouw- en biobrandstofindustrie en maakt de implementatie mogelijk van de vereisten van de EU-richtlijn voor hernieuwbare energie (RED II) op het gebied van duurzame productie en verwerking van biomassa.<\/p>\n<p data-start=\"600\" data-end=\"962\">Met <strong data-start=\"604\" data-end=\"615\">REDcert<\/strong> bedrijven in de hele waardeketen - van boerderijen en biogasfabrieken tot verkopers - aantonen dat hun producten op een ecologisch duurzame manier zijn geproduceerd en traceerbaar zijn. Dit houdt ook in dat ze voldoen aan doelstellingen voor broeikasgasreductie, criteria voor landgebruik en transparante massabalanssystemen.<\/p>\n<p data-start=\"964\" data-end=\"1307\">Het systeem is zowel praktisch als internationaal erkend en wordt regelmatig gecontroleerd door onafhankelijke certificeringsinstanties. Voor bedrijven die actief zijn op de Europese markt <strong data-start=\"1163\" data-end=\"1174\">REDcert<\/strong> is een centrale basis voor het verkrijgen van toegang tot subsidies en markten en voor het betrouwbaar voldoen aan wettelijke vereisten.<\/p><\/div><\/div><\/div><\/div><\/div><div class=\"x-section e1277-e18 mzh-0 mzh-2 mzh-4 mzh-5 mzh-a\"><div class=\"x-bg\" aria-hidden=\"true\"><div class=\"x-bg-layer-lower-image\"><\/div><div class=\"x-bg-layer-upper-color\"><\/div><\/div><div class=\"x-row x-container max width e1277-e19 mzh-e mzh-f mzh-g mzh-h mzh-m mzh-q\"><div class=\"x-row-inner\"><div class=\"x-col e1277-e20 mzh-w mzh-x mzh-y mzh-z\"><div class=\"x-section e1277-e21 mzh-0 mzh-7 mzh-9 mzh-b\"><div class=\"x-row x-container max width e1277-e22 mzh-e mzh-f mzh-g mzh-h mzh-m mzh-r\"><div class=\"x-row-inner\"><div class=\"x-col e1277-e23 mzh-w mzh-x mzh-y mzh-z\"><div class=\"x-section e1277-e24 mzh-0 mzh-7 mzh-c\"><div class=\"x-row x-container max width e1277-e25 mzh-e mzh-f mzh-g mzh-h mzh-m mzh-s\"><div class=\"x-row-inner\"><div class=\"x-col e1277-e26 mzh-w mzh-x mzh-y mzh-z\"><div class=\"x-row e1277-e27 mzh-e mzh-h mzh-i mzh-j mzh-t\"><div class=\"x-bg\" aria-hidden=\"true\"><div class=\"x-bg-layer-lower-color\"><\/div><\/div><div class=\"x-row-inner\"><div class=\"x-col e1277-e28 mzh-w mzh-x mzh-10 mzh-11 mzh-12 mzh-13\"><div class=\"x-text x-text-headline e1277-e29 mzh-1a mzh-1b mzh-1d mzh-1f mzh-1g mzh-1h mzh-1i mzh-1j\"><div class=\"x-text-content\"><div class=\"x-text-content-text\"><h3 class=\"x-text-content-text-primary\"><h5>Neem contact met ons op<\/h5><\/h3>\n<\/div><\/div><\/div><hr class=\"x-line e1277-e30 mzh-1z mzh-20\"\/><div class=\"x-text x-text-headline has-graphic e1277-e31 mzh-1a mzh-1b mzh-1f mzh-1g mzh-1j mzh-1k mzh-1l mzh-1m\"><div class=\"x-text-content\"><span class=\"x-graphic\" aria-hidden=\"true\"><i class=\"x-icon x-graphic-child x-graphic-icon x-graphic-primary\" aria-hidden=\"true\" data-x-icon-l=\"&#xf5a0;\"><\/i><\/span><div class=\"x-text-content-text\"><span class=\"x-text-content-text-primary\">Lippst\u00e4dter Stra\u00dfe 54 Gebouw Businessdock F 48155 M\u00fcnster<\/span>\n<\/div><\/div><\/div><hr class=\"x-line e1277-e32 mzh-20 mzh-21\"\/><div class=\"x-text x-text-headline has-graphic e1277-e33 mzh-1a mzh-1b mzh-1f mzh-1g mzh-1j mzh-1k mzh-1l mzh-1m\"><div class=\"x-text-content\"><span class=\"x-graphic\" aria-hidden=\"true\"><i class=\"x-icon x-graphic-child x-graphic-icon x-graphic-primary\" aria-hidden=\"true\" data-x-icon-l=\"&#x40;\"><\/i><\/span><div class=\"x-text-content-text\"><span class=\"x-text-content-text-primary\"><a href=\"mailto:info@agriportance.com\"><span style=\"color: #ffffff;\">info@agriportance.com<\/span><\/a><\/span>\n<\/div><\/div><\/div><hr class=\"x-line e1277-e34 mzh-20 mzh-21\"\/><div class=\"x-text x-text-headline has-graphic e1277-e35 mzh-1a mzh-1b mzh-1f mzh-1g mzh-1j mzh-1k mzh-1l mzh-1m\"><div class=\"x-text-content\"><span class=\"x-graphic\" aria-hidden=\"true\"><i class=\"x-icon x-graphic-child x-graphic-icon x-graphic-primary\" aria-hidden=\"true\" data-x-icon-l=\"&#xf2a0;\"><\/i><\/span><div class=\"x-text-content-text\"><span class=\"x-text-content-text-primary\">+49 176 57915277<\/span>\n<\/div><\/div><\/div><hr class=\"x-line e1277-e36 mzh-20 mzh-21\"\/><div class=\"x-row e1277-e37 mzh-e mzh-g mzh-i mzh-k mzh-l mzh-u\"><div class=\"x-row-inner\"><div class=\"x-col e1277-e38 mzh-w mzh-x mzh-y mzh-z mzh-10 mzh-13 mzh-14\"><a class=\"x-anchor x-anchor-button has-graphic e1277-e39 mzh-23 mzh-24\" tabindex=\"0\" href=\"https:\/\/www.instagram.com\/agriportance\/\" target=\"_blank\" rel=\"noopener noreferrer\"><div class=\"x-anchor-content\"><span class=\"x-graphic\" aria-hidden=\"true\"><i class=\"x-icon x-graphic-child x-graphic-icon x-graphic-primary\" aria-hidden=\"true\" data-x-icon-b=\"&#xf16d;\"><\/i><\/span><\/div><\/a><a class=\"x-anchor x-anchor-button has-graphic e1277-e40 mzh-23 mzh-24\" tabindex=\"0\" href=\"https:\/\/www.facebook.com\/agriportance\" target=\"_blank\" rel=\"noopener noreferrer\"><div class=\"x-anchor-content\"><span class=\"x-graphic\" aria-hidden=\"true\"><i class=\"x-icon x-graphic-child x-graphic-icon x-graphic-primary\" aria-hidden=\"true\" data-x-icon-b=\"&#xf09a;\"><\/i><\/span><\/div><\/a><a class=\"x-anchor x-anchor-button has-graphic e1277-e41 mzh-23 mzh-24\" tabindex=\"0\" href=\"tel:+49 175 6335057\"><div class=\"x-anchor-content\"><span class=\"x-graphic\" aria-hidden=\"true\"><i class=\"x-icon x-graphic-child x-graphic-icon x-graphic-primary\" aria-hidden=\"true\" data-x-icon-b=\"&#xf232;\"><\/i><\/span><\/div><\/a><\/div><\/div><\/div><\/div><div class=\"x-col e1277-e42 mzh-w mzh-x mzh-y mzh-15\"><div class=\"x-text x-text-headline e1277-e43 mzh-1a mzh-1b mzh-1f mzh-1g mzh-1h mzh-1l mzh-1n\"><div class=\"x-text-content\"><div class=\"x-text-content-text\"><h3 class=\"x-text-content-text-primary\">Heb je advies nodig?<\/h3>\n<\/div><\/div><\/div><div class=\"x-text x-content e1277-e44 mzh-1q mzh-1r mzh-1s mzh-1t mzh-1v\"><p>Stuur ons gerust een bericht<\/p><\/div><hr class=\"x-line e1277-e45 mzh-20 mzh-22\"\/><div class=\"x-form-integration x-form-integration-embed e1277-e46 mzh-26\"><p><script charset=\"utf-8\" type=\"text\/javascript\" src=\"\/\/js-eu1.hsforms.net\/forms\/embed\/v2.js\"><\/script> <script>\n  hbspt.forms.create({\n    region: \"eu1\",\n    portalId: \"25523324\",\n    formId: \"de664c9d-a35c-4cae-be59-912f053806c2\"\n  });\n<\/script><\/p><\/div><hr class=\"x-line e1277-e47 mzh-20 mzh-22\"\/><\/div><\/div><\/div><\/div><\/div><\/div><\/div><\/div><\/div><\/div><\/div><\/div><\/div><\/div><\/div><div class=\"x-section e1277-e48 mzh-0 mzh-7 mzh-9 mzh-b\"><div class=\"x-div x-container max width e1277-e49 mzh-27 mzh-28 mzh-29 mzh-2a\"><div class=\"x-text x-text-headline e1277-e50 mzh-1b mzh-1d mzh-1f mzh-1m mzh-1o\"><div class=\"x-text-content\"><div class=\"x-text-content-text\">\n<h2 class=\"x-text-content-text-primary\">Andere diensten aangeboden door agriportance.<\/h2><\/div><\/div><\/div><\/div><div class=\"x-row x-container max width e1277-e51 mzh-e mzh-f mzh-g mzh-h mzh-l mzh-m mzh-v\"><div class=\"x-row-inner\"><div class=\"x-col e1277-e52 mzh-w mzh-z mzh-10 mzh-11 mzh-16\"><div class=\"x-div e1277-e53 mzh-29 mzh-2a mzh-2b mzh-2c\"><span class=\"x-image e1277-e54 mzh-2e\"><img decoding=\"async\" src=\"https:\/\/agriportance.com\/wp-content\/uploads\/2023\/06\/biomethan-einkaufen-1.png\" width=\"500\" height=\"375\" alt=\"Plaatshouder afbeelding\"><\/span><\/div><div class=\"x-div e1277-e55 mzh-27 mzh-2a mzh-2b mzh-2d\"><div class=\"x-text x-content e1277-e56 mzh-1q mzh-1t mzh-1w mzh-1x\"><h3>Biomethaan kopen | Bio LNG | Bio CNG<\/h3><\/div><hr class=\"x-line e1277-e57 mzh-2f\"\/><div class=\"x-text x-content e1277-e58 mzh-1q mzh-1r mzh-1t mzh-1x mzh-1y\"><p>Heb je biomethaan of Bio-LNG of Bio-CNG nodig? Lees hier meer:<\/p><\/div><a class=\"x-anchor x-anchor-button has-graphic e1277-e59 mzh-24 mzh-25 mzh-d\" tabindex=\"0\" href=\"https:\/\/agriportance.com\/nl\/diensten\/biomethaan-kopen\/\" data-x-effect=\"{&quot;durationBase&quot;:&quot;300ms&quot;}\"><div class=\"x-anchor-content\"><span class=\"x-graphic\" aria-hidden=\"true\"><i class=\"x-icon x-graphic-child x-graphic-icon x-graphic-primary\" aria-hidden=\"true\" data-x-icon-o=\"&#xf061;\"><\/i><\/span><div class=\"x-anchor-text\"><span class=\"x-anchor-text-primary\">Meer informatie<\/span><\/div><\/div><\/a><\/div><\/div><div class=\"x-col e1277-e60 mzh-w mzh-z mzh-10 mzh-11 mzh-16\"><div class=\"x-div e1277-e61 mzh-29 mzh-2a mzh-2b mzh-2c\"><span class=\"x-image e1277-e62 mzh-2e\"><img decoding=\"async\" src=\"https:\/\/agriportance.com\/wp-content\/uploads\/2023\/06\/biomethan-preise-entwicklungen.jpeg\" width=\"750\" height=\"527\" alt=\"Plaatshouder afbeelding\"><\/span><\/div><div class=\"x-div e1277-e63 mzh-27 mzh-2a mzh-2b mzh-2d\"><div class=\"x-text x-content e1277-e64 mzh-1q mzh-1t mzh-1w mzh-1x\"><h3>LCO2 kopen<\/h3><\/div><hr class=\"x-line e1277-e65 mzh-2f\"\/><div class=\"x-text x-content e1277-e66 mzh-1q mzh-1r mzh-1t mzh-1x mzh-1y\"><p>Heb je LCO2 nodig? Wij regelen betrouwbaar de door jou gewenste hoeveelheid LCO2.<\/p><\/div><a class=\"x-anchor x-anchor-button has-graphic e1277-e67 mzh-24 mzh-25 mzh-d\" tabindex=\"0\" href=\"https:\/\/agriportance.com\/nl\/diensten\/bio-lco2-kopen\/\" data-x-effect=\"{&quot;durationBase&quot;:&quot;300ms&quot;}\"><div class=\"x-anchor-content\"><span class=\"x-graphic\" aria-hidden=\"true\"><i class=\"x-icon x-graphic-child x-graphic-icon x-graphic-primary\" aria-hidden=\"true\" data-x-icon-o=\"&#xf061;\"><\/i><\/span><div class=\"x-anchor-text\"><span class=\"x-anchor-text-primary\">Meer informatie<\/span><\/div><\/div><\/a><\/div><\/div><div class=\"x-col e1277-e68 mzh-w mzh-z mzh-10 mzh-11 mzh-16\"><div class=\"x-div e1277-e69 mzh-29 mzh-2a mzh-2b mzh-2c\"><span class=\"x-image e1277-e70 mzh-2e\"><img decoding=\"async\" src=\"https:\/\/agriportance.com\/wp-content\/uploads\/2023\/06\/biomethan-agriportance-23.jpeg\" width=\"750\" height=\"750\" alt=\"Plaatshouder afbeelding\"><\/span><\/div><div class=\"x-div e1277-e71 mzh-27 mzh-2a mzh-2b mzh-2d\"><div class=\"x-text x-content e1277-e72 mzh-1q mzh-1t mzh-1w mzh-1x\"><h3>LCO2 verkopen<\/h3><\/div><hr class=\"x-line e1277-e73 mzh-2f\"\/><div class=\"x-text x-content e1277-e74 mzh-1q mzh-1r mzh-1t mzh-1x mzh-1y\"><p>Wilt u LCO2 verkopen? Wij bemiddelen uw LCO2-hoeveelheden snel en winstgevend.<\/p><\/div><a class=\"x-anchor x-anchor-button has-graphic e1277-e75 mzh-24 mzh-25 mzh-d\" tabindex=\"0\" href=\"https:\/\/agriportance.com\/nl\/diensten\/bio-lco2-verkopen\/\" data-x-effect=\"{&quot;durationBase&quot;:&quot;300ms&quot;}\"><div class=\"x-anchor-content\"><span class=\"x-graphic\" aria-hidden=\"true\"><i class=\"x-icon x-graphic-child x-graphic-icon x-graphic-primary\" aria-hidden=\"true\" data-x-icon-o=\"&#xf061;\"><\/i><\/span><div class=\"x-anchor-text\"><span class=\"x-anchor-text-primary\">Meer informatie<\/span><\/div><\/div><\/a><\/div><\/div><\/div><\/div><\/div><\/div>","protected":false},"excerpt":{"rendered":"<p>agriportanceOndersteuning voor duurzaamheidscertificering volgens REDcert In een wereld die zich steeds meer bewust wordt van milieu en duurzaamheid, zijn certificeringen zoals REDcert een belangrijke stap voor elke biogasinstallatie. Ze bevestigen niet alleen een streven naar een duurzamere toekomst, maar zorgen er ook voor dat uw biomethaanproduct een concurrentievoordeel op de markt krijgt en gecertificeerd is. In een proces dat zo belangrijk is als ...<\/p>","protected":false},"author":2,"featured_media":0,"parent":87,"menu_order":0,"comment_status":"closed","ping_status":"closed","template":"template-blank-4.php","meta":{"content-type":"","footnotes":""},"class_list":["post-1277","page","type-page","status-publish","hentry","no-post-thumbnail"],"yoast_head":"<!-- This site is optimized with the Yoast SEO Premium plugin v27.3 (Yoast SEO v27.4) - https:\/\/yoast.com\/product\/yoast-seo-premium-wordpress\/ -->\n<title>Begleitung der Nachhaltigkeitszertifizierung nach REDcert<\/title>\n<meta name=\"description\" content=\"Wir bieten fachliche Begleitung der Nachhaltigkeitszertifizierung nach REDcert. Erstellung des Audit-Handbuchs &amp; THG-Bilanzierung m\u00f6glich \u2705\" \/>\n<meta name=\"robots\" content=\"index, follow, max-snippet:-1, max-image-preview:large, max-video-preview:-1\" \/>\n<link rel=\"canonical\" href=\"https:\/\/agriportance.com\/nl\/diensten\/duurzaamheidscertificaat-redcert\/\" \/>\n<meta property=\"og:locale\" content=\"nl_BE\" \/>\n<meta property=\"og:type\" content=\"article\" \/>\n<meta property=\"og:title\" content=\"REDcert | Begleitung der Nachhaltigkeitszertifizierung\" \/>\n<meta property=\"og:description\" content=\"Wir bieten fachliche Begleitung der Nachhaltigkeitszertifizierung nach REDcert. Erstellung des Audit-Handbuchs &amp; THG-Bilanzierung m\u00f6glich \u2705\" \/>\n<meta property=\"og:url\" content=\"https:\/\/agriportance.com\/nl\/diensten\/duurzaamheidscertificaat-redcert\/\" \/>\n<meta property=\"og:site_name\" content=\"agriportance GmbH\" \/>\n<meta property=\"article:publisher\" content=\"https:\/\/www.facebook.com\/agriportance\" \/>\n<meta property=\"article:modified_time\" content=\"2025-06-25T12:12:46+00:00\" \/>\n<meta name=\"twitter:card\" content=\"summary_large_image\" \/>\n<meta name=\"twitter:site\" content=\"@agriportance\" \/>\n<meta name=\"twitter:label1\" content=\"Geschatte leestijd\" \/>\n\t<meta name=\"twitter:data1\" content=\"4 minuten\" \/>\n<script type=\"application\/ld+json\" class=\"yoast-schema-graph\">{\"@context\":\"https:\\\/\\\/schema.org\",\"@graph\":[{\"@type\":\"WebPage\",\"@id\":\"https:\\\/\\\/agriportance.com\\\/en\\\/services\\\/sustainability-certification-redcert\\\/\",\"url\":\"https:\\\/\\\/agriportance.com\\\/en\\\/services\\\/sustainability-certification-redcert\\\/\",\"name\":\"Begleitung der Nachhaltigkeitszertifizierung nach REDcert\",\"isPartOf\":{\"@id\":\"https:\\\/\\\/agriportance.com\\\/#website\"},\"datePublished\":\"2023-06-12T14:38:56+00:00\",\"dateModified\":\"2025-06-25T12:12:46+00:00\",\"description\":\"Wir bieten fachliche Begleitung der Nachhaltigkeitszertifizierung nach REDcert. Erstellung des Audit-Handbuchs & THG-Bilanzierung m\u00f6glich \u2705\",\"breadcrumb\":{\"@id\":\"https:\\\/\\\/agriportance.com\\\/en\\\/services\\\/sustainability-certification-redcert\\\/#breadcrumb\"},\"inLanguage\":\"nl-BE\",\"potentialAction\":[{\"@type\":\"ReadAction\",\"target\":[\"https:\\\/\\\/agriportance.com\\\/en\\\/services\\\/sustainability-certification-redcert\\\/\"]}]},{\"@type\":\"BreadcrumbList\",\"@id\":\"https:\\\/\\\/agriportance.com\\\/en\\\/services\\\/sustainability-certification-redcert\\\/#breadcrumb\",\"itemListElement\":[{\"@type\":\"ListItem\",\"position\":1,\"name\":\"Startseite\",\"item\":\"https:\\\/\\\/agriportance.com\\\/de\\\/\"},{\"@type\":\"ListItem\",\"position\":2,\"name\":\"Dienstleistungen\",\"item\":\"https:\\\/\\\/agriportance.com\\\/de\\\/dienstleistungen\\\/\"},{\"@type\":\"ListItem\",\"position\":3,\"name\":\"REDcert | Begleitung der Nachhaltigkeitszertifizierung\"}]},{\"@type\":\"WebSite\",\"@id\":\"https:\\\/\\\/agriportance.com\\\/#website\",\"url\":\"https:\\\/\\\/agriportance.com\\\/\",\"name\":\"agriportance\",\"description\":\"Informationen und Dienstleistungen zu Biomethan und LCO2\",\"publisher\":{\"@id\":\"https:\\\/\\\/agriportance.com\\\/#organization\"},\"potentialAction\":[{\"@type\":\"SearchAction\",\"target\":{\"@type\":\"EntryPoint\",\"urlTemplate\":\"https:\\\/\\\/agriportance.com\\\/?s={search_term_string}\"},\"query-input\":{\"@type\":\"PropertyValueSpecification\",\"valueRequired\":true,\"valueName\":\"search_term_string\"}}],\"inLanguage\":\"nl-BE\"},{\"@type\":\"Organization\",\"@id\":\"https:\\\/\\\/agriportance.com\\\/#organization\",\"name\":\"agriportance GmbH\",\"url\":\"https:\\\/\\\/agriportance.com\\\/\",\"logo\":{\"@type\":\"ImageObject\",\"inLanguage\":\"nl-BE\",\"@id\":\"https:\\\/\\\/agriportance.com\\\/#\\\/schema\\\/logo\\\/image\\\/\",\"url\":\"https:\\\/\\\/agriportance.com\\\/wp-content\\\/uploads\\\/2023\\\/05\\\/agriportance-logo.png\",\"contentUrl\":\"https:\\\/\\\/agriportance.com\\\/wp-content\\\/uploads\\\/2023\\\/05\\\/agriportance-logo.png\",\"width\":701,\"height\":108,\"caption\":\"agriportance GmbH\"},\"image\":{\"@id\":\"https:\\\/\\\/agriportance.com\\\/#\\\/schema\\\/logo\\\/image\\\/\"},\"sameAs\":[\"https:\\\/\\\/www.facebook.com\\\/agriportance\",\"https:\\\/\\\/x.com\\\/agriportance\",\"https:\\\/\\\/de.linkedin.com\\\/company\\\/agriportance\",\"https:\\\/\\\/www.instagram.com\\\/agriportance\"]}]}<\/script>\n<!-- \/ Yoast SEO Premium plugin. -->","yoast_head_json":{"title":"Begeleidend bij de duurzaamheidscertificering volgens REDcert","description":"Wij bieden professionele ondersteuning voor duurzaamheidscertificering in overeenstemming met REDcert. Voorbereiding van de audithandleiding &amp; GHG-balans mogelijk \u2705","robots":{"index":"index","follow":"follow","max-snippet":"max-snippet:-1","max-image-preview":"max-image-preview:large","max-video-preview":"max-video-preview:-1"},"canonical":"https:\/\/agriportance.com\/nl\/diensten\/duurzaamheidscertificaat-redcert\/","og_locale":"nl_BE","og_type":"article","og_title":"REDcert | Begleitung der Nachhaltigkeitszertifizierung","og_description":"Wir bieten fachliche Begleitung der Nachhaltigkeitszertifizierung nach REDcert. Erstellung des Audit-Handbuchs & THG-Bilanzierung m\u00f6glich \u2705","og_url":"https:\/\/agriportance.com\/nl\/diensten\/duurzaamheidscertificaat-redcert\/","og_site_name":"agriportance GmbH","article_publisher":"https:\/\/www.facebook.com\/agriportance","article_modified_time":"2025-06-25T12:12:46+00:00","twitter_card":"summary_large_image","twitter_site":"@agriportance","twitter_misc":{"Geschatte leestijd":"4 minuten"},"schema":{"@context":"https:\/\/schema.org","@graph":[{"@type":"WebPage","@id":"https:\/\/agriportance.com\/en\/services\/sustainability-certification-redcert\/","url":"https:\/\/agriportance.com\/en\/services\/sustainability-certification-redcert\/","name":"Begeleidend bij de duurzaamheidscertificering volgens REDcert","isPartOf":{"@id":"https:\/\/agriportance.com\/#website"},"datePublished":"2023-06-12T14:38:56+00:00","dateModified":"2025-06-25T12:12:46+00:00","description":"Wij bieden professionele ondersteuning voor duurzaamheidscertificering in overeenstemming met REDcert. Voorbereiding van de audithandleiding &amp; GHG-balans mogelijk \u2705","breadcrumb":{"@id":"https:\/\/agriportance.com\/en\/services\/sustainability-certification-redcert\/#breadcrumb"},"inLanguage":"nl-BE","potentialAction":[{"@type":"ReadAction","target":["https:\/\/agriportance.com\/en\/services\/sustainability-certification-redcert\/"]}]},{"@type":"BreadcrumbList","@id":"https:\/\/agriportance.com\/en\/services\/sustainability-certification-redcert\/#breadcrumb","itemListElement":[{"@type":"ListItem","position":1,"name":"Startseite","item":"https:\/\/agriportance.com\/de\/"},{"@type":"ListItem","position":2,"name":"Dienstleistungen","item":"https:\/\/agriportance.com\/de\/dienstleistungen\/"},{"@type":"ListItem","position":3,"name":"REDcert | Begleitung der Nachhaltigkeitszertifizierung"}]},{"@type":"WebSite","@id":"https:\/\/agriportance.com\/#website","url":"https:\/\/agriportance.com\/","name":"agriportance","description":"Informatie en diensten over biomethaan en LCO2","publisher":{"@id":"https:\/\/agriportance.com\/#organization"},"potentialAction":[{"@type":"SearchAction","target":{"@type":"EntryPoint","urlTemplate":"https:\/\/agriportance.com\/?s={search_term_string}"},"query-input":{"@type":"PropertyValueSpecification","valueRequired":true,"valueName":"search_term_string"}}],"inLanguage":"nl-BE"},{"@type":"Organization","@id":"https:\/\/agriportance.com\/#organization","name":"agriportance GmbH","url":"https:\/\/agriportance.com\/","logo":{"@type":"ImageObject","inLanguage":"nl-BE","@id":"https:\/\/agriportance.com\/#\/schema\/logo\/image\/","url":"https:\/\/agriportance.com\/wp-content\/uploads\/2023\/05\/agriportance-logo.png","contentUrl":"https:\/\/agriportance.com\/wp-content\/uploads\/2023\/05\/agriportance-logo.png","width":701,"height":108,"caption":"agriportance GmbH"},"image":{"@id":"https:\/\/agriportance.com\/#\/schema\/logo\/image\/"},"sameAs":["https:\/\/www.facebook.com\/agriportance","https:\/\/x.com\/agriportance","https:\/\/de.linkedin.com\/company\/agriportance","https:\/\/www.instagram.com\/agriportance"]}]}},"_links":{"self":[{"href":"https:\/\/agriportance.com\/nl\/wp-json\/wp\/v2\/pages\/1277","targetHints":{"allow":["GET"]}}],"collection":[{"href":"https:\/\/agriportance.com\/nl\/wp-json\/wp\/v2\/pages"}],"about":[{"href":"https:\/\/agriportance.com\/nl\/wp-json\/wp\/v2\/types\/page"}],"author":[{"embeddable":true,"href":"https:\/\/agriportance.com\/nl\/wp-json\/wp\/v2\/users\/2"}],"replies":[{"embeddable":true,"href":"https:\/\/agriportance.com\/nl\/wp-json\/wp\/v2\/comments?post=1277"}],"version-history":[{"count":20,"href":"https:\/\/agriportance.com\/nl\/wp-json\/wp\/v2\/pages\/1277\/revisions"}],"predecessor-version":[{"id":37436,"href":"https:\/\/agriportance.com\/nl\/wp-json\/wp\/v2\/pages\/1277\/revisions\/37436"}],"up":[{"embeddable":true,"href":"https:\/\/agriportance.com\/nl\/wp-json\/wp\/v2\/pages\/87"}],"wp:attachment":[{"href":"https:\/\/agriportance.com\/nl\/wp-json\/wp\/v2\/media?parent=1277"}],"curies":[{"name":"wp","href":"https:\/\/api.w.org\/{rel}","templated":true}]}}