{"id":1390,"date":"2023-06-13T12:57:09","date_gmt":"2023-06-13T12:57:09","guid":{"rendered":"https:\/\/dev.agriportance.com\/geschaeftsbedingungen"},"modified":"2023-06-27T08:40:34","modified_gmt":"2023-06-27T08:40:34","slug":"algemene-voorwaarden","status":"publish","type":"page","link":"https:\/\/agriportance.com\/nl\/geschaeftsbedingungen\/","title":{"rendered":"Algemene voorwaarden"},"content":{"rendered":"<!-- This legal document was generated by Complianz Terms &amp; Conditions https:\/\/wordpress.org\/plugins\/complianz-terms-conditions -->\n<div id=\"cmplz-document\" class=\"cmplz-document cmplz-terms-conditions\"><p><i>Deze voorwaarden zijn voor het laatst bijgewerkt op 16 augustus 2024<\/i><\/p><h2>1. inleiding<\/h2><p>Deze algemene voorwaarden zijn van toepassing op deze website en op transacties met betrekking tot onze producten en diensten. U kunt gebonden zijn aan contracten die zijn aangegaan in verband met uw relatie met ons of met producten of diensten die u van ons gebruikt. Als de voorwaarden van de toepasselijke contracten in strijd zijn met de voorwaarden van deze algemene voorwaarden, hebben de voorwaarden van de toepasselijke contracten voorrang.<\/p><h2>2. bindend<\/h2><p>Om u te kunnen registreren bij, toegang te krijgen tot of anderszins gebruik te kunnen maken van deze website, dient u in het bezit te zijn van de hierin verstrekte informatie. Het gebruik van deze website impliceert dat u genennis hebt van deze voorwaarden en deze aanvaardt. In sommige specifieke gevallen kunnen we uw vragen ook in detail beantwoorden.<\/p><h2>3. intellectueel eigendom<\/h2><p>Wij of onze licentiegevers bezitten en beheren alle auteursrechten en andere intellectuele eigendomsrechten op de website en de gegevens, informatie en andere bronnen die worden weergegeven door of toegankelijk zijn op de website.<\/p><p class=\"cmplz-subtitle\">3.1 Creative Commons<\/p><p>De inhoud van deze website is beschikbaar onder een licentie, tenzij anders aangegeven.<\/p><h2>4e Nieuwsbrief<\/h2><p>Onverminderd het voorgaande mag u onze nieuwsbrief in digitale vorm doorsturen naar anderen die ge\u00efnteresseerd zouden kunnen zijn in een bezoek aan onze website.<\/p><h2>5e Eigendom van derden<\/h2><p>Onze website kan hyperlinks of andere koppelingen naar websites van andere partijen bevatten. Wij oefenen geen controle of toezicht uit op de inhoud van websites van andere partijen waarnaar vanaf deze website wordt gelinkt. Op producten of diensten die via andere websites worden aangeboden, zijn de toepasselijke algemene voorwaarden van die websites van toepassing. De informatie of het materiaal op deze websites is niet door ons bedoeld of onderschreven.<\/p><p>Wij zijn niet verantwoordelijk voor de privacy praktijken of inhoud van deze websites. U draagt alle risico's verbonden aan het gebruik van deze websites en alle verwante diensten van derden. Wij aanvaarden geen aansprakelijkheid voor verlies of schade, met inbegrip van schade als gevolg van persoonlijke gegevens die door u aan derden zijn verstrekt.<\/p><h2>6. verantwoord gebruik<\/h2><p>Om toegang te krijgen tot onze website, mag u deze uitsluitend gebruiken voor de doeleinden waarvoor deze bedoeld is en zoals toegestaan door deze voorwaarden, eventuele toepasselijke contracten met ons en door de toepasselijke wet- en regelgeving en algemene online praktijken en richtlijnen. U mag onze website of diensten niet gebruiken voor het gebruik, de openbaarmaking of de verspreiding van materiaal dat bestaat uit (of gekoppeld is aan) schadelijke computersoftware; de inhoud van onze website gebruiken voor direct marketingactiviteiten of deelnemen aan enige systematische of geautomatiseerde commercialiseringsactiviteiten op of in verband met onze website.<\/p><p>Het is ten strengste verboden activiteiten te ontplooien die schade toebrengen of kunnen toebrengen aan de website o die de werking, de beschikbaarheid of de toegankelijkheid van de website belemmeren.<\/p><h2>7. transport en retourzendingen<\/h2><p class=\"cmplz-subtitle\">7.1 Herroepingsrecht<\/p><p>U heeft het recht om dit contract binnen 14 dagen zonder opgave van redenen te herroepen.<\/p><p>Als u gebruik wilt maken van uw herroepingsrecht, neemt u contact met ons op door middel van een gedetailleerde kennisgeving (bijvoorbeeld een brief per post, fax of e-mail) op het adres dat u bij uw bestelling hebt opgegeven. Onze contactgegevens vindt u hier. U kunt het bijgevoegde model gebruiken <a target=\"_blank\" href=\"https:\/\/agriportance.com\/wp-content\/uploads\/complianz\/withdrawal-forms\/withdrawal-form-nl.pdf\">Intrekkingsformulier<\/a>, maar het is niet verplicht.<\/p><p>Als u van deze optie gebruik maakt, zullen wij u op korte termijn (bij voorkeur per e-mail) een ontvangstbevestiging van een dergelijke herroeping doen toekomen.<\/p><p>Om de herroepingstermijn na te leven, volstaat het dat u de mededeling betreffende de uitoefening van het herroepingsrecht verzendt voordat de herroepingstermijn is verstreken.<\/p><p class=\"cmplz-subtitle\">7.2 Gevolgen van herroeping<\/p><p>Wanneer u dit contract ondertekent, betalen wij alle van u ontvangen bedragen, inclusief de leveringskosten (met uitzondering van de extra kosten die voortvloeien uit uw keuze voor een andere leveringswijze dan de door ons aangeboden goedkoopste standaardlevering) onmiddellijk en in ieder geval niet dan later dan 14 dagen van de dag waarop wij op de hoogte zijn gebracht van uw beslissing om dit contract te herroepen, anan u terugbetalen. Wij zullen een dergelijke terugbetaling uitvoeren via hetzelfde betaalmiddel als u voor de oorspronkelijke transactie heeft gebruikt, tenzij u uitdrukkelijk anderszins heeft ingestemd; in ieder geval zijn er geen kosten verbonden aan een dergelijke terugbetaling.<\/p><p>U bent alleen verantwoordelijk voor waardevermindering van de goederen die onderhevig zijn aan ander gebruik dan noodzakelijk is om de veiligheid, kennis en prestaties van de goederen te garanderen.<\/p><p>Er gelden een aantal speciale voorwaarden voor het reproductierecht en sommige artikelen kunnen daardoor niet worden geretourneerd of gerepareerd.  We willen je laten weten of dit in jouw specifieke geval van eigendom is.<\/p><h2>8. indienen van idee\u00ebn<\/h2><p>Maak aan ons geen idee\u00ebn, uitvindingen, auteursrechtelijk beschermde werken of andere informatie bekend die als uw eigen intellectuele eigendom kan worden beschouwd, tenzij we eerst een bezwaar hebben ontvangen met betrekking tot dergelijke intellectuele eigendom of over de geheimhouding daarvan. Als u dit zonder de juiste schriftelijke toestemming aan ons bekendmaakt, verleent u ons een industri\u00eble, niet-exclusieve, royaltyvrije licentie om uw inhoud te gebruiken, te reproduceren, te publiceren, aan te passen, openbaar te maken, te distribueren en te verspreiden in alle bestaande of toekomstige media.<\/p><h2>9. be\u00ebindiging van gebruik<\/h2><p>Wij kunnen, naar eigen goeddunken, op elk moment de toegang tot de website of enige dienst op de website tijdelijk of permanent be\u00ebindigen of stopzetten. U erkent dat wij niet verantwoordelijk zijn jegens u of enige andere partij voor een dergelijk gebruik, wijziging of stopzetting van uw toegang tot of gebruik van de website of enige inhoud waartoe u toegang hebt op de website. U hebt geen recht op enige compensatie of andere betaling, vooral niet als functies, instellingen en\/of inhoud die u hebt gebruikt of waartoe u toegang hebt permanent verloren gaan. U mag geen toegangsbeperkingen op onze website betreden of uitproberen.<\/p><h2>10. garanties en garantieclaims<\/h2><p>Niets in dit artikel mag worden ge\u00efnterpreteerd als het uitsluiten of uitsluiten van enige impliciete garantie voor zover het wettelijk is toegestaan om deze uit te sluiten of uit te sluiten. Deze website en alle inhoud op de website wordt aangeboden op een \"as is\" en \"as available\" basis en kan fouten of typografische fouten bevatten. Wij wijzen uitdrukkelijk alle garanties van welke aard dan ook af, expliciet of impliciet, met betrekking tot de verhandelbaarheid, nauwkeurigheid of volledigheid van de inhoud. We garanderen niet dat:<\/p><p><ul>\n                    <li>deze website of onze inhoud aan uw eisen zal voldoen;<\/li>\n                    <li>deze website beschikbaar zal zijn op een ononderbroken, tijdige, veilige of foutloze basis.<\/li>\n        <\/ul><\/p><p>Ze zijn niet bedoeld om onze aansprakelijkheid te be\u00efnvloeden of uit te sluiten in het geval dat deze onwettig of onvermijdelijk wordt. In geen geval zijn wij aansprakelijk voor directe of indirecte schade (met inbegrip van winstderving of inkomstenderving, verlies van of schade aan eigendommen, software of databases, verlies van of schade aan eigendommen of goederen) die u of een andere partij lijdt als gevolg van uw toegang tot of gebruik van onze website.<\/p><h2>11. privacy<\/h2><p>Om toegang te krijgen tot onze website en\/of diensten kan u worden gevraagd om ons aanvullende informatie over uzelf te verstrekken als onderdeel van het registratieproces. U begrijpt dat alle informatie die u verstrekt accuraat, correct en up-to-date is.<\/p><p>We hebben beleid ontwikkeld om alle mogelijke zorgen over privacy te ondervangen. Zie voor meer informatie onze <a href=\"\">Privacyverklaring<\/a> en onze <a href=\"https:\/\/agriportance.com\/nl\/cookierichtlijn-eu\/\">Cookiebeleid<\/a>.<\/p><h2>12. toegankelijkheid<\/h2><p>We zetten ons in om de inhoud die we aanbieden toegankelijk te maken voor mensen met een handicap. Als je een handicap hebt en vanwege deze handicap geen toegang kunt krijgen tot een deel van onze website, vragen we je om ons hiervan op de hoogte te stellen door een gedetailleerde beschrijving te geven van het probleem dat je ondervindt. Als het probleem goed kan worden ge\u00efdentificeerd en opgelost met behulp van de informatietechnologie en -technieken die in de sector beschikbaar zijn, willen we het snel oplossen.<\/p><h2>13 Exportbeperkingen \/ Naleving van wetgeving<\/h2><p>Toegang tot de website is verboden voor bezoekers uit gebieden of landen waar de levering of aankoop van de producten of diensten die op de website worden verkocht illegaal is. U mag deze website niet gebruiken in strijd met de exportwetten en -voorschriften van Duitsland.<\/p><h2>14 Opdracht<\/h2><p>U kan geen van uw rechten en\/of verpflichichtingen onder deze voorwaarden geheel of gedeeltelijk toewijzen, overdragen of uitbesteden aan een derde partij zonder onze voorafgaande schriftelijke toestemming. Elke bijkomende debetstand die in strijd is met deze overeenkomst is gratis.<\/p><h2>15. inbreuken op deze voorwaarden<\/h2><p>Zonder afbreuk te doen aan onze andere rechten onder deze algemene voorwaarden, kunnen wij, als u ervoor kiest om deze algemene voorwaarden op enigerlei wijze te gebruiken, de algemene voorwaarden gebruiken die wij geschikt achten om de goederen te verpakken, met inbegrip van de tijdelijke of permanente opschorting van uw toegang tot de website, contact opnemen met uw internetprovider om uw toegang tot de website te blokkeren en\/of gerechtelijke stappen tegen u ondernemen.<\/p><h2>16. overmacht<\/h2><p>Met uitzondering van de verplichting tot het betalen van een geldbedrag, zal geen enkel contract, overeenkomst of verzuim van een van de partijen bij de uitvoering of nakoming van een van hun verplichtingen onder deze voorwaarden worden beschouwd als een geschenk van deze voorwaarden en zal het onderworpen zijn aan een dergelijk contract, het contract of de overeenkomst onderworpen is aan een machtiging die onderworpen is aan de juiste controle van de partij.<\/p><h2>17. vrijwaring<\/h2><p>U gaat ermee akkoord ons te vrijwaren, verdedigen en schadeloos te stellen voor alle claims, uitgaven, schade, kosten en uitgaven met betrekking tot uw gebruik van deze goederen en diensten, met inbegrip van intellectuele eigendomsrechten en privacyrechten. U bent aansprakelijk voor onze schade, verliezen, kosten en uitgaven in verband met of voortvloeiend uit het voorgaande.<\/p><h2>18. ontheffing<\/h2><p>Het niet afdwingen van een van de bepalingen in de deze voorwaarden en in enig ander document, of het niet uitoefenen van een mogelijkheid tot be\u00ebindiging, kan niet worden opgevat als een verklaring van afstand of stilzwijgende instemming, en zal geen invloed hebben op de geldigheid van deze voorwaarden of enig andere overeenkomst of een deel daarvan, of het recht om daarna alle bepalingen af te dwingen.<\/p><h2>19 Taal<\/h2><p>Deze voorwaarden zullen uitsluitend worden ge\u00efnterpreteerd en uitgelegd in het Engels. Alle mededelingen en correspondentie worden uitsluitend in die taal gevoerd.<\/p><h2>20. gehele overeenkomst<\/h2><p>Deze Algemene voorwaarden, samen met onze <a href=\"\">privacyverklaring<\/a> en <a href=\"https:\/\/agriportance.com\/nl\/cookierichtlijn-eu\/\">cookiebeleid<\/a>, vormen de volledige overeenkomst tussen u en agriportance GmbH met betrekking tot uw gebruik van deze website.<\/p><h2>21. bijwerken van deze voorwaarden<\/h2><p>We kunnen deze richtlijnen van tijd tot tijd bijwerken. Je bent verplicht deze richtlijnen regelmatig te controleren op wijzigingen of updates. De datum aan het begin van deze voorwaarden is de laatste revisiedatum. Wijzigingen in deze voorwaarden worden van kracht zodra dergelijke wijzigingen op deze website zijn geplaatst. Als u deze website blijft gebruiken nadat waarschuwingen of updates zijn toegevoegd, wordt dit beschouwd als een kennisgeving van uw aanvaarding van het gebruik en de naleving van deze voorwaarden.<\/p><h2>22. rechts en rechts gedrag<\/h2><p>Op deze voorwaarden is het recht van toepassing van Duitsland. Alle geschillen met betrekking tot deze Algemene Voorwaarden zijn onderworpen aan de bevoegdheid van de rechtbank in Duitsland. Indien enig onderdeel of enige bepaling van deze goederen door enige rechtsbank of andere autoriteit onbetaald en\/of niet-afdwingbaar wordt bevonden, zal een dergelijk onderdeel of bepaling worden goedgekeurd, afgekeurd en\/of ingetrokken voor zover dit noodzakelijk is om uitvoering te geven aan de bedoelingen van deze goederen. De overige bepalingen blijven onverlet.<\/p><h2>23 Contactinformatie<\/h2><p>Deze website is eigendom van en wordt beheerd door agriportance GmbH.<\/p><p>U kan contact met ons opnemen met betrekking tot deze voorwaarden en condities door ons te schrijven of te e-mailen op het volgende adres: i&#110;&#102;o&#064;ag&#114;ipo&#114;tan&#099;&#101;.&#099;&#111;&#109;<br>Lippst\u00e4dterstraat 54<br \/>\r\n48155 M\u00fcnster <\/p><h2>24. downloaden<\/h2><p>U kunt ook <a href=\"https:\/\/agriportance.com\/wp-content\/plugins\/complianz-terms-conditions\/download.php\">downloaden<\/a> onze Algemene voorwaarden als PDF.<\/p><\/div>","protected":false},"excerpt":{"rendered":"","protected":false},"author":2,"featured_media":0,"parent":0,"menu_order":0,"comment_status":"closed","ping_status":"closed","template":"template-layout-full-width.php","meta":{"content-type":"","footnotes":""},"class_list":["post-1390","page","type-page","status-publish","hentry","no-post-thumbnail"],"yoast_head":"<!-- This site is optimized with the Yoast SEO Premium plugin v27.3 (Yoast SEO v27.3) - https:\/\/yoast.com\/product\/yoast-seo-premium-wordpress\/ -->\n<title>Gesch\u00e4ftsbedingungen der agriportance GmbH<\/title>\n<meta name=\"description\" content=\"Erfahren Sie mehr \u00fcber unsere Gesch\u00e4ftsbedingungen. Wir legen gro\u00dfen Wert auf Transparenz und faire Vereinbarungen.\" \/>\n<meta name=\"robots\" content=\"index, follow, max-snippet:-1, max-image-preview:large, max-video-preview:-1\" \/>\n<link rel=\"canonical\" href=\"https:\/\/agriportance.com\/nl\/algemene-voorwaarden\/\" \/>\n<meta property=\"og:locale\" content=\"nl_BE\" \/>\n<meta property=\"og:type\" content=\"article\" \/>\n<meta property=\"og:title\" content=\"Gesch\u00e4ftsbedingungen\" \/>\n<meta property=\"og:description\" content=\"Erfahren Sie mehr \u00fcber unsere Gesch\u00e4ftsbedingungen. Wir legen gro\u00dfen Wert auf Transparenz und faire Vereinbarungen.\" \/>\n<meta property=\"og:url\" content=\"https:\/\/agriportance.com\/nl\/algemene-voorwaarden\/\" \/>\n<meta property=\"og:site_name\" content=\"agriportance GmbH\" \/>\n<meta property=\"article:publisher\" content=\"https:\/\/www.facebook.com\/agriportance\" \/>\n<meta property=\"article:modified_time\" content=\"2023-06-27T08:40:34+00:00\" \/>\n<meta name=\"twitter:card\" content=\"summary_large_image\" \/>\n<meta name=\"twitter:site\" content=\"@agriportance\" \/>\n<script type=\"application\/ld+json\" class=\"yoast-schema-graph\">{\"@context\":\"https:\\\/\\\/schema.org\",\"@graph\":[{\"@type\":\"WebPage\",\"@id\":\"https:\\\/\\\/agriportance.com\\\/geschaeftsbedingungen\\\/\",\"url\":\"https:\\\/\\\/agriportance.com\\\/geschaeftsbedingungen\\\/\",\"name\":\"Gesch\u00e4ftsbedingungen der agriportance GmbH\",\"isPartOf\":{\"@id\":\"https:\\\/\\\/agriportance.com\\\/#website\"},\"datePublished\":\"2023-06-13T12:57:09+00:00\",\"dateModified\":\"2023-06-27T08:40:34+00:00\",\"description\":\"Erfahren Sie mehr \u00fcber unsere Gesch\u00e4ftsbedingungen. Wir legen gro\u00dfen Wert auf Transparenz und faire Vereinbarungen.\",\"breadcrumb\":{\"@id\":\"https:\\\/\\\/agriportance.com\\\/geschaeftsbedingungen\\\/#breadcrumb\"},\"inLanguage\":\"nl-BE\",\"potentialAction\":[{\"@type\":\"ReadAction\",\"target\":[\"https:\\\/\\\/agriportance.com\\\/geschaeftsbedingungen\\\/\"]}]},{\"@type\":\"BreadcrumbList\",\"@id\":\"https:\\\/\\\/agriportance.com\\\/geschaeftsbedingungen\\\/#breadcrumb\",\"itemListElement\":[{\"@type\":\"ListItem\",\"position\":1,\"name\":\"Startseite\",\"item\":\"https:\\\/\\\/agriportance.com\\\/de\\\/\"},{\"@type\":\"ListItem\",\"position\":2,\"name\":\"Gesch\u00e4ftsbedingungen\"}]},{\"@type\":\"WebSite\",\"@id\":\"https:\\\/\\\/agriportance.com\\\/#website\",\"url\":\"https:\\\/\\\/agriportance.com\\\/\",\"name\":\"agriportance\",\"description\":\"Informationen und Dienstleistungen zu Biomethan und LCO2\",\"publisher\":{\"@id\":\"https:\\\/\\\/agriportance.com\\\/#organization\"},\"potentialAction\":[{\"@type\":\"SearchAction\",\"target\":{\"@type\":\"EntryPoint\",\"urlTemplate\":\"https:\\\/\\\/agriportance.com\\\/?s={search_term_string}\"},\"query-input\":{\"@type\":\"PropertyValueSpecification\",\"valueRequired\":true,\"valueName\":\"search_term_string\"}}],\"inLanguage\":\"nl-BE\"},{\"@type\":\"Organization\",\"@id\":\"https:\\\/\\\/agriportance.com\\\/#organization\",\"name\":\"agriportance GmbH\",\"url\":\"https:\\\/\\\/agriportance.com\\\/\",\"logo\":{\"@type\":\"ImageObject\",\"inLanguage\":\"nl-BE\",\"@id\":\"https:\\\/\\\/agriportance.com\\\/#\\\/schema\\\/logo\\\/image\\\/\",\"url\":\"https:\\\/\\\/agriportance.com\\\/wp-content\\\/uploads\\\/2023\\\/05\\\/agriportance-logo.png\",\"contentUrl\":\"https:\\\/\\\/agriportance.com\\\/wp-content\\\/uploads\\\/2023\\\/05\\\/agriportance-logo.png\",\"width\":701,\"height\":108,\"caption\":\"agriportance GmbH\"},\"image\":{\"@id\":\"https:\\\/\\\/agriportance.com\\\/#\\\/schema\\\/logo\\\/image\\\/\"},\"sameAs\":[\"https:\\\/\\\/www.facebook.com\\\/agriportance\",\"https:\\\/\\\/x.com\\\/agriportance\",\"https:\\\/\\\/de.linkedin.com\\\/company\\\/agriportance\",\"https:\\\/\\\/www.instagram.com\\\/agriportance\"]}]}<\/script>\n<!-- \/ Yoast SEO Premium plugin. -->","yoast_head_json":{"title":"Algemene voorwaarden van agriportance GmbH","description":"Lees meer over onze algemene voorwaarden. We hechten veel belang aan transparantie en eerlijke overeenkomsten.","robots":{"index":"index","follow":"follow","max-snippet":"max-snippet:-1","max-image-preview":"max-image-preview:large","max-video-preview":"max-video-preview:-1"},"canonical":"https:\/\/agriportance.com\/nl\/algemene-voorwaarden\/","og_locale":"nl_BE","og_type":"article","og_title":"Gesch\u00e4ftsbedingungen","og_description":"Erfahren Sie mehr \u00fcber unsere Gesch\u00e4ftsbedingungen. Wir legen gro\u00dfen Wert auf Transparenz und faire Vereinbarungen.","og_url":"https:\/\/agriportance.com\/nl\/algemene-voorwaarden\/","og_site_name":"agriportance GmbH","article_publisher":"https:\/\/www.facebook.com\/agriportance","article_modified_time":"2023-06-27T08:40:34+00:00","twitter_card":"summary_large_image","twitter_site":"@agriportance","schema":{"@context":"https:\/\/schema.org","@graph":[{"@type":"WebPage","@id":"https:\/\/agriportance.com\/geschaeftsbedingungen\/","url":"https:\/\/agriportance.com\/geschaeftsbedingungen\/","name":"Algemene voorwaarden van agriportance GmbH","isPartOf":{"@id":"https:\/\/agriportance.com\/#website"},"datePublished":"2023-06-13T12:57:09+00:00","dateModified":"2023-06-27T08:40:34+00:00","description":"Lees meer over onze algemene voorwaarden. We hechten veel belang aan transparantie en eerlijke overeenkomsten.","breadcrumb":{"@id":"https:\/\/agriportance.com\/geschaeftsbedingungen\/#breadcrumb"},"inLanguage":"nl-BE","potentialAction":[{"@type":"ReadAction","target":["https:\/\/agriportance.com\/geschaeftsbedingungen\/"]}]},{"@type":"BreadcrumbList","@id":"https:\/\/agriportance.com\/geschaeftsbedingungen\/#breadcrumb","itemListElement":[{"@type":"ListItem","position":1,"name":"Startseite","item":"https:\/\/agriportance.com\/de\/"},{"@type":"ListItem","position":2,"name":"Gesch\u00e4ftsbedingungen"}]},{"@type":"WebSite","@id":"https:\/\/agriportance.com\/#website","url":"https:\/\/agriportance.com\/","name":"agriportance","description":"Informatie en diensten over biomethaan en LCO2","publisher":{"@id":"https:\/\/agriportance.com\/#organization"},"potentialAction":[{"@type":"SearchAction","target":{"@type":"EntryPoint","urlTemplate":"https:\/\/agriportance.com\/?s={search_term_string}"},"query-input":{"@type":"PropertyValueSpecification","valueRequired":true,"valueName":"search_term_string"}}],"inLanguage":"nl-BE"},{"@type":"Organization","@id":"https:\/\/agriportance.com\/#organization","name":"agriportance GmbH","url":"https:\/\/agriportance.com\/","logo":{"@type":"ImageObject","inLanguage":"nl-BE","@id":"https:\/\/agriportance.com\/#\/schema\/logo\/image\/","url":"https:\/\/agriportance.com\/wp-content\/uploads\/2023\/05\/agriportance-logo.png","contentUrl":"https:\/\/agriportance.com\/wp-content\/uploads\/2023\/05\/agriportance-logo.png","width":701,"height":108,"caption":"agriportance GmbH"},"image":{"@id":"https:\/\/agriportance.com\/#\/schema\/logo\/image\/"},"sameAs":["https:\/\/www.facebook.com\/agriportance","https:\/\/x.com\/agriportance","https:\/\/de.linkedin.com\/company\/agriportance","https:\/\/www.instagram.com\/agriportance"]}]}},"_links":{"self":[{"href":"https:\/\/agriportance.com\/nl\/wp-json\/wp\/v2\/pages\/1390","targetHints":{"allow":["GET"]}}],"collection":[{"href":"https:\/\/agriportance.com\/nl\/wp-json\/wp\/v2\/pages"}],"about":[{"href":"https:\/\/agriportance.com\/nl\/wp-json\/wp\/v2\/types\/page"}],"author":[{"embeddable":true,"href":"https:\/\/agriportance.com\/nl\/wp-json\/wp\/v2\/users\/2"}],"replies":[{"embeddable":true,"href":"https:\/\/agriportance.com\/nl\/wp-json\/wp\/v2\/comments?post=1390"}],"version-history":[{"count":2,"href":"https:\/\/agriportance.com\/nl\/wp-json\/wp\/v2\/pages\/1390\/revisions"}],"predecessor-version":[{"id":1764,"href":"https:\/\/agriportance.com\/nl\/wp-json\/wp\/v2\/pages\/1390\/revisions\/1764"}],"wp:attachment":[{"href":"https:\/\/agriportance.com\/nl\/wp-json\/wp\/v2\/media?parent=1390"}],"curies":[{"name":"wp","href":"https:\/\/api.w.org\/{rel}","templated":true}]}}