{"id":1634,"date":"2023-06-15T11:12:57","date_gmt":"2023-06-15T11:12:57","guid":{"rendered":"https:\/\/dev.agriportance.com\/ist-biometan-nachhaltig-2"},"modified":"2026-01-08T10:32:24","modified_gmt":"2026-01-08T10:32:24","slug":"prijzen-voor-de-ontwikkeling-van-biomethaan","status":"publish","type":"page","link":"https:\/\/agriportance.com\/nl\/preisentwicklung\/biomethan-entwicklung-preise\/","title":{"rendered":"Prijzen biomethaan"},"content":{"rendered":"<div id=\"cs-content\" class=\"cs-content\"><div class=\"x-section e1634-e1 m19e-0 m19e-1 m19e-2 m19e-3\"><div class=\"x-form-integration x-form-integration-embed e1634-e2 m19e-7\"><script type=\"text\/javascript\">jQuery(function() { _initLayerSlider( '#layerslider_26_1jdb55a9ztvgr', {createdWith: '6.10.2', sliderVersion: '7.14.0', type: 'fullsize', maxRatio: 1, hideUnder: 400, pauseOnHover: 'enabled', skin: 'v6', sliderFadeInDuration: 350, navPrevNext: false, hoverPrevNext: false, navStartStop: false, navButtons: false, showCircleTimer: false, useSrcset: true, skinsPath: 'https:\/\/agriportance.com\/wp-content\/plugins\/LayerSlider\/assets\/static\/layerslider\/skins\/', performanceMode: true, height: 600}); });<\/script><div id=\"layerslider_26_1jdb55a9ztvgr\"  class=\"ls-wp-container fitvidsignore ls-about-us ls-selectable\" style=\"width:1280px;height:100vh;margin:0 auto;margin-bottom: 0px;\"><div class=\"ls-slide\" data-ls=\"bgcolor:#ffffff;\"><img decoding=\"async\" width=\"1739\" height=\"938\" src=\"https:\/\/agriportance.com\/wp-content\/uploads\/layerslider\/projects\/PIXEL-Agency-\u2013-Your-Agency\/your-agency-snapshot.jpg\" class=\"ls-tn\" alt=\"\" srcset=\"https:\/\/agriportance.com\/wp-content\/uploads\/layerslider\/projects\/PIXEL-Agency-\u2013-Your-Agency\/your-agency-snapshot.jpg 1739w, https:\/\/agriportance.com\/wp-content\/uploads\/layerslider\/projects\/PIXEL-Agency-\u2013-Your-Agency\/your-agency-snapshot-300x162.jpg 300w, https:\/\/agriportance.com\/wp-content\/uploads\/layerslider\/projects\/PIXEL-Agency-\u2013-Your-Agency\/your-agency-snapshot-1024x552.jpg 1024w, https:\/\/agriportance.com\/wp-content\/uploads\/layerslider\/projects\/PIXEL-Agency-\u2013-Your-Agency\/your-agency-snapshot-768x414.jpg 768w, https:\/\/agriportance.com\/wp-content\/uploads\/layerslider\/projects\/PIXEL-Agency-\u2013-Your-Agency\/your-agency-snapshot-1536x829.jpg 1536w, https:\/\/agriportance.com\/wp-content\/uploads\/layerslider\/projects\/PIXEL-Agency-\u2013-Your-Agency\/your-agency-snapshot-100x54.jpg 100w, https:\/\/agriportance.com\/wp-content\/uploads\/layerslider\/projects\/PIXEL-Agency-\u2013-Your-Agency\/your-agency-snapshot-862x465.jpg 862w, https:\/\/agriportance.com\/wp-content\/uploads\/layerslider\/projects\/PIXEL-Agency-\u2013-Your-Agency\/your-agency-snapshot-1140x615.jpg 1140w\" sizes=\"(max-width: 1739px) 100vw, 1739px\" \/><div style=\"top:41.58%;left:50%;background-size:inherit;background-position:inherit;font-size:18px;background-color:#f9f7fa;width:1600px;height:951px;\" class=\"ls-l ls-html-layer\" data-ls=\"durationin:2000;delayin:200;easingin:easeOutQuint;fadein:false;scalexin:0;position:fixed;\"><\/div><div style=\"top:46px;left:51px;background-size:inherit;background-position:inherit;font-size:18px;width:631px;height:420px;background-color:#73ad59;\" class=\"ls-l ls-html-layer\" data-ls=\"offsetxin:100;durationin:1400;delayin:400;easingin:easeOutQuint;fadein:false;scalexin:0;transformoriginin:100% 50% 0;position:relative;\"><\/div><img decoding=\"async\" width=\"1500\" height=\"600\" src=\"https:\/\/agriportance.com\/wp-content\/uploads\/2024\/06\/biogasanlage-agriportance-biomethan.png\" class=\"ls-l ls-img-layer\" alt=\"\" srcset=\"https:\/\/agriportance.com\/wp-content\/uploads\/2024\/06\/biogasanlage-agriportance-biomethan.png 1500w, https:\/\/agriportance.com\/wp-content\/uploads\/2024\/06\/biogasanlage-agriportance-biomethan-300x120.png 300w, https:\/\/agriportance.com\/wp-content\/uploads\/2024\/06\/biogasanlage-agriportance-biomethan-1024x410.png 1024w, https:\/\/agriportance.com\/wp-content\/uploads\/2024\/06\/biogasanlage-agriportance-biomethan-768x307.png 768w, https:\/\/agriportance.com\/wp-content\/uploads\/2024\/06\/biogasanlage-agriportance-biomethan-18x7.png 18w, https:\/\/agriportance.com\/wp-content\/uploads\/2024\/06\/biogasanlage-agriportance-biomethan-1000x400.png 1000w, https:\/\/agriportance.com\/wp-content\/uploads\/2024\/06\/biogasanlage-agriportance-biomethan-100x40.png 100w, https:\/\/agriportance.com\/wp-content\/uploads\/2024\/06\/biogasanlage-agriportance-biomethan-1190x476.png 1190w\" sizes=\"(max-width: 1500px) 100vw, 1500px\" style=\"top:94px;left:77px;background-size:inherit;background-position:inherit;width:680px;height:453px;\" data-ls=\"offsetxin:100;durationin:1400;delayin:500;easingin:easeOutQuint;clipin:0 0 0 100%;position:relative;\"><p style=\"top:94px;left:757px;font-weight:600;background-size:inherit;background-position:inherit;font-size:37px;font-family:poppins;color:#2b2b2b;\" class=\"ls-l ls-text-layer\" data-ls=\"offsetxin:-50;durationin:1400;delayin:500;easingin:easeOutQuint;clipin:0 0 0 0;texttransitionin:true;texttypein:words_asc;textshiftin:125;textoffsetyin:100lh;texteasingin:easeOutQuint;textstartatin:transitioninstart + 200;textrotatein:90;texttransformoriginin:0% 100% 0;position:relative;\">Ge\u00efnteresseerd in biomethaan?<\/p><div style=\"top:185px;left:761px;background-size:inherit;background-position:inherit;font-size:2px;width:66px;height:3px;background-color:#73ad59;\" class=\"ls-l ls-html-layer\" data-ls=\"durationin:1400;delayin:1000;easingin:easeOutQuint;scalexin:0;transformoriginin:0% 50% 0;position:relative;\"><\/div><p style=\"top:240px;left:757px;background-size:inherit;background-position:inherit;font-size:18px;font-family:poppins;color:#2b2b2b;width:400px;line-height:24px;white-space:normal;\" class=\"ls-l ls-text-layer\" data-ls=\"durationin:1400;delayin:1200;easingin:easeOutQuint;texttransitionin:true;texttypein:lines_asc;textshiftin:125;textoffsetyin:10;texteasingin:easeOutQuint;textstartatin:transitioninstart + 200;texttransformoriginin:0% 100% 0;position:relative;\">Heb je vragen over biomethaan? Ben je de exploitant van een biogasinstallatie of wil je biomethaan kopen? Neem vrijblijvend contact met ons op<\/p><a style=\"\" class=\"ls-l\" href=\"https:\/\/agriportance.com\/nl\/neem-contact-op-met\/contactformulier\/\" target=\"_self\"><ls-layer style=\"padding-top:0.7em;padding-bottom:0.7em;padding-right:1.85em;padding-left:1.85em;font-size:17px;font-weight:600;color:#fff;border-radius:0.45em;left:757px;top:408px;text-align:center;text-transform:uppercase;background-color:#73ad59;\" class=\"ls-button-layer\">Neem contact op met<\/ls-layer><\/a><\/div><\/div><\/div><\/div><div class=\"x-section e1634-e3 m19e-0 m19e-3 m19e-4\"><div class=\"x-bg\" aria-hidden=\"true\"><div class=\"x-bg-layer-lower-image\"><\/div><div class=\"x-bg-layer-upper-color\"><\/div><\/div><div class=\"x-container e1634-e4 m19e-8\"><div class=\"x-column x-sm x-1-1 e1634-e5 m19e-9\"><div class=\"x-text x-text-headline e1634-e6 m19e-a m19e-b m19e-c m19e-d m19e-e\"><div class=\"x-text-content\"><div class=\"x-text-content-text\"><h1 class=\"x-text-content-text-primary\"><span class=\"TextRun SCXW239588645 BCX8\" lang=\"DE-DE\" xml:lang=\"DE-DE\" data-contrast=\"auto\"><span class=\"NormalTextRun SCXW239588645 BCX8\">Ontwikkeling van biomethaantarieven | <\/span><span class=\"NormalTextRun SCXW239588645 BCX8\">De<\/span> <span class=\"NormalTextRun SCXW239588645 BCX8\">Biomethaan prijs ticker<\/span><\/span><\/h1>\n<\/div><\/div><\/div><div class=\"x-text x-text-headline e1634-e7 m19e-a m19e-d m19e-e m19e-f\"><div class=\"x-text-content\"><div class=\"x-text-content-text\"><h2 class=\"x-text-content-text-primary\"><span class=\"TextRun SCXW92992814 BCX8\" lang=\"DE-DE\" xml:lang=\"DE-DE\" data-contrast=\"auto\"><span class=\"NormalTextRun SCXW92992814 BCX8\">ONTWIKKELING VAN DE BIOMETHAANPRIJS IN DUITSLAND<\/span><\/span><span class=\"EOP SCXW92992814 BCX8\" data-ccp-props=\"{&quot;201341983&quot;:0,&quot;335559739&quot;:160,&quot;335559740&quot;:259}\">&nbsp;<\/span><\/h2>\n<\/div><\/div><\/div><div class=\"x-text x-content e1634-e8 m19e-n m19e-o\"><p class=\"p1\" style=\"text-align: justify;\"><span class=\"TextRun SCXW226102639 BCX8\" lang=\"DE-DE\" xml:lang=\"DE-DE\" data-contrast=\"auto\"><span class=\"NormalTextRun SCXW226102639 BCX8\">De biomethaanmarkt in Duitsland zit al jaren in de lift. De markt wordt gekenmerkt door <\/span><span class=\"NormalTextRun SCXW226102639 BCX8\">door stijgende<\/span><span class=\"NormalTextRun SCXW226102639 BCX8\"> prijzen voor biogas dat aan het net wordt geleverd. De drijvende kracht achter deze koers is in de eerste plaats de introductie van de <\/span><span class=\"NormalTextRun SpellingErrorV2Themed SCXW226102639 BCX8\">Hernieuwbaar<\/span><span class=\"NormalTextRun SCXW226102639 BCX8\"> Energie <\/span><span class=\"NormalTextRun SpellingErrorV2Themed SCXW226102639 BCX8\">Richtlijn<\/span><span class=\"NormalTextRun SCXW226102639 BCX8\"> III (REDIII) en de toegenomen belangstelling voor bio-LNG en, in sommige gevallen, bio-CNG. Dit resulteert in de <\/span><span class=\"NormalTextRun SCXW226102639 BCX8\">toegenomen<\/span> <span class=\"NormalTextRun SCXW226102639 BCX8\">Prijzen voor biomethaan, voornamelijk uit mest en geavanceerde residuen. Deze komen momenteel in aanmerking voor dubbeltelling in het systeem van broeikasgasquota en kunnen, vanwege hun betere broeikasgaswaarde, worden meegeteld bij de hernieuwbare grondstoffen (<\/span><span class=\"NormalTextRun SpellingErrorV2Themed SCXW226102639 BCX8\">NawaRos<\/span><span class=\"NormalTextRun SCXW226102639 BCX8\">) is een stap verder aan de inkomstenkant. Dit maakt de productie van biogas interessanter en biedt nieuwe mogelijkheden voor exploitanten van biogasinstallaties, weg van <\/span><span class=\"NormalTextRun SCXW226102639 BCX8\">de<\/span><span class=\"NormalTextRun SCXW226102639 BCX8\">r energieopwekking in de<\/span> <span class=\"NormalTextRun SCXW226102639 BCX8\">EEG<\/span><span class=\"NormalTextRun SCXW226102639 BCX8\">. De volgende gegevens zijn afkomstig van interviews met deelnemers aan de biomethaanmarkt en vormen slechts een steekproef van de totale markt. Deelnemers aan de biomethaanmarkt zijn bijvoorbeeld exploitanten van terugleverinstallaties voor biogas of vloeibaarmakingsinstallaties voor bio-LNG. De <\/span><span class=\"NormalTextRun SpellingErrorV2Themed SCXW226102639 BCX8\">agriportance<\/span><span class=\"NormalTextRun SCXW226102639 BCX8\"> kan de nauwkeurigheid van de prijzen voor biomethaan niet garanderen.<\/span><\/span><span class=\"EOP SCXW226102639 BCX8\" data-ccp-props=\"{&quot;201341983&quot;:0,&quot;335559739&quot;:160,&quot;335559740&quot;:259}\">&nbsp;<\/span><\/p><\/div><\/div><\/div><\/div><div class=\"x-section e1634-e9 m19e-0 m19e-1 m19e-5\"><div class=\"x-row x-container max width e1634-e10 m19e-q m19e-r m19e-s m19e-t m19e-u m19e-y m19e-z\"><div class=\"x-row-inner\"><div class=\"x-col e1634-e11 m19e-14 m19e-15 m19e-16\"><a class=\"x-anchor x-anchor-button e1634-e12 m19e-1b m19e-1c\" tabindex=\"0\" href=\"https:\/\/agriportance.com\/nl\/gereedschap\/prijzen-voor-de-ontwikkeling-van-biomethaan\/prijzen-biomethaan-jaar-vooruit\/\" target=\"_blank\" rel=\"noopener noreferrer\"><div class=\"x-anchor-content\"><div class=\"x-anchor-text\"><span class=\"x-anchor-text-primary\">Prijzen biomethaan jaar vooruit<\/span><\/div><\/div><\/a><\/div><div class=\"x-col e1634-e13 m19e-14 m19e-15 m19e-16\"><a class=\"x-anchor x-anchor-button e1634-e14 m19e-1b m19e-1c\" tabindex=\"0\" href=\"https:\/\/agriportance.com\/nl\/gereedschap\/prijzen-voor-de-ontwikkeling-van-biomethaan\/biomethaan-prijzen-spot\/\" target=\"_blank\" rel=\"noopener noreferrer\"><div class=\"x-anchor-content\"><div class=\"x-anchor-text\"><span class=\"x-anchor-text-primary\">Biomethaan prijzen spot<\/span><\/div><\/div><\/a><\/div><div class=\"x-col e1634-e15 m19e-14 m19e-15 m19e-16\"><a class=\"x-anchor x-anchor-button e1634-e16 m19e-1b m19e-1c m19e-1d\" tabindex=\"0\" href=\"https:\/\/agriportance.com\/nl\/gereedschap\/prijzen-voor-de-ontwikkeling-van-biomethaan\/prijzen-biomethaan-langetermijn-leveringscontracten\/\" target=\"_blank\" rel=\"noopener noreferrer\"><div class=\"x-anchor-content\"><div class=\"x-anchor-text\"><span class=\"x-anchor-text-primary\">Biomethaanprijzen op lange termijn<\/span><\/div><\/div><\/a><\/div><\/div><\/div><\/div><div class=\"x-section e1634-e17 m19e-0 m19e-5 m19e-6\"><div class=\"x-row x-container max width e1634-e18 m19e-q m19e-r m19e-s m19e-t m19e-y m19e-10\"><div class=\"x-row-inner\"><div class=\"x-col e1634-e19 m19e-14 m19e-15 m19e-16\"><div class=\"x-row x-container max width e1634-e20 m19e-q m19e-r m19e-s m19e-t m19e-y m19e-11\"><div class=\"x-row-inner\"><div class=\"x-col e1634-e21 m19e-14 m19e-15 m19e-16\"><div class=\"x-row e1634-e22 m19e-q m19e-t m19e-v m19e-w m19e-12\"><div class=\"x-bg\" aria-hidden=\"true\"><div class=\"x-bg-layer-lower-color\"><\/div><\/div><div class=\"x-row-inner\"><div class=\"x-col e1634-e23 m19e-14 m19e-17 m19e-18\"><div class=\"x-text x-text-headline e1634-e24 m19e-a m19e-b m19e-d m19e-g m19e-h m19e-i m19e-j\"><div class=\"x-text-content\"><div class=\"x-text-content-text\"><h3 class=\"x-text-content-text-primary\"><h5>Neem contact met ons op<\/h5><\/h3>\n<\/div><\/div><\/div><hr class=\"x-line e1634-e25 m19e-1f m19e-1g\"\/><div class=\"x-text x-text-headline has-graphic e1634-e26 m19e-a m19e-b m19e-g m19e-j m19e-k m19e-l\"><div class=\"x-text-content\"><span class=\"x-graphic\" aria-hidden=\"true\"><i class=\"x-icon x-graphic-child x-graphic-icon x-graphic-primary\" aria-hidden=\"true\" data-x-icon-l=\"&#xf5a0;\"><\/i><\/span><div class=\"x-text-content-text\"><span class=\"x-text-content-text-primary\">Lippst\u00e4dter Stra\u00dfe 54 Gebouw Businessdock F 48155 M\u00fcnster<\/span>\n<\/div><\/div><\/div><hr class=\"x-line e1634-e27 m19e-1g m19e-1h\"\/><div class=\"x-text x-text-headline has-graphic e1634-e28 m19e-a m19e-b m19e-g m19e-j m19e-k m19e-l\"><div class=\"x-text-content\"><span class=\"x-graphic\" aria-hidden=\"true\"><i class=\"x-icon x-graphic-child x-graphic-icon x-graphic-primary\" aria-hidden=\"true\" data-x-icon-l=\"&#x40;\"><\/i><\/span><div class=\"x-text-content-text\"><span class=\"x-text-content-text-primary\"><a href=\"mailto:info@agriportance.com\"><span style=\"color: #ffffff;\">info@agriportance.com<\/span><\/a><\/span>\n<\/div><\/div><\/div><hr class=\"x-line e1634-e29 m19e-1g m19e-1h\"\/><div class=\"x-text x-text-headline has-graphic e1634-e30 m19e-a m19e-b m19e-g m19e-j m19e-k m19e-l\"><div class=\"x-text-content\"><span class=\"x-graphic\" aria-hidden=\"true\"><i class=\"x-icon x-graphic-child x-graphic-icon x-graphic-primary\" aria-hidden=\"true\" data-x-icon-l=\"&#xf2a0;\"><\/i><\/span><div class=\"x-text-content-text\"><span class=\"x-text-content-text-primary\">+49 176 57915277<\/span>\n<\/div><\/div><\/div><hr class=\"x-line e1634-e31 m19e-1g m19e-1h\"\/><div class=\"x-row e1634-e32 m19e-q m19e-s m19e-u m19e-v m19e-x m19e-13\"><div class=\"x-row-inner\"><div class=\"x-col e1634-e33 m19e-14 m19e-15 m19e-16 m19e-17 m19e-19\"><a class=\"x-anchor x-anchor-button has-graphic e1634-e34 m19e-1b m19e-1e\" tabindex=\"0\" href=\"https:\/\/www.instagram.com\/agriportance\/\" target=\"_blank\" rel=\"noopener noreferrer\"><div class=\"x-anchor-content\"><span class=\"x-graphic\" aria-hidden=\"true\"><i class=\"x-icon x-graphic-child x-graphic-icon x-graphic-primary\" aria-hidden=\"true\" data-x-icon-b=\"&#xf16d;\"><\/i><\/span><\/div><\/a><a class=\"x-anchor x-anchor-button has-graphic e1634-e35 m19e-1b m19e-1e\" tabindex=\"0\" href=\"https:\/\/www.facebook.com\/agriportance\" target=\"_blank\" rel=\"noopener noreferrer\"><div class=\"x-anchor-content\"><span class=\"x-graphic\" aria-hidden=\"true\"><i class=\"x-icon x-graphic-child x-graphic-icon x-graphic-primary\" aria-hidden=\"true\" data-x-icon-b=\"&#xf09a;\"><\/i><\/span><\/div><\/a><a class=\"x-anchor x-anchor-button has-graphic e1634-e36 m19e-1b m19e-1e\" tabindex=\"0\" href=\"tel:+49 175 6335057\"><div class=\"x-anchor-content\"><span class=\"x-graphic\" aria-hidden=\"true\"><i class=\"x-icon x-graphic-child x-graphic-icon x-graphic-primary\" aria-hidden=\"true\" data-x-icon-b=\"&#xf232;\"><\/i><\/span><\/div><\/a><\/div><\/div><\/div><\/div><div class=\"x-col e1634-e37 m19e-14 m19e-15 m19e-1a\"><div class=\"x-text x-text-headline e1634-e38 m19e-a m19e-b m19e-g m19e-h m19e-l m19e-m\"><div class=\"x-text-content\"><div class=\"x-text-content-text\"><h3 class=\"x-text-content-text-primary\">Heb je advies nodig?<\/h3>\n<\/div><\/div><\/div><div class=\"x-text x-content e1634-e39 m19e-o m19e-p\"><p>Stuur ons gerust een bericht<\/p><\/div><hr class=\"x-line e1634-e40 m19e-1g m19e-1i\"\/><div class=\"x-form-integration x-form-integration-embed e1634-e41 m19e-7\"><p><script charset=\"utf-8\" type=\"text\/javascript\" src=\"\/\/js-eu1.hsforms.net\/forms\/embed\/v2.js\"><\/script> <script>\n  hbspt.forms.create({\n    region: \"eu1\",\n    portalId: \"25523324\",\n    formId: \"de664c9d-a35c-4cae-be59-912f053806c2\"\n  });\n<\/script><\/p><\/div><hr class=\"x-line e1634-e42 m19e-1g m19e-1i\"\/><\/div><\/div><\/div><\/div><\/div><\/div><\/div><\/div><\/div><\/div><\/div>","protected":false},"excerpt":{"rendered":"<p>Ben je ge\u00efnteresseerd in biomethaan? Heb je vragen over biomethaan? Ben je exploitant van een biogasinstallatie of wil je biomethaan kopen? Praat vrijblijvend met onsContactOntwikkeling van de biomethaantarieven De biomethaantarget ONTWIKKELING VAN DE BIOMETHAANPRIJZEN IN DUITSLAND De biomethaangasmarkt in Duitsland zit al jaren in de lift. De markt wordt gekenmerkt door stijgende prijzen voor biogas dat aan het net wordt geleverd. De drijvende kracht hierachter is ...<\/p>","protected":false},"author":2,"featured_media":0,"parent":1662,"menu_order":0,"comment_status":"closed","ping_status":"closed","template":"template-blank-4.php","meta":{"content-type":"","footnotes":""},"class_list":["post-1634","page","type-page","status-publish","hentry","no-post-thumbnail"],"yoast_head":"<!-- This site is optimized with the Yoast SEO Premium plugin v27.3 (Yoast SEO v27.3) - https:\/\/yoast.com\/product\/yoast-seo-premium-wordpress\/ -->\n<title>Preisentwicklung von Biomethan | Hier verfolgen<\/title>\n<meta name=\"description\" content=\"Verfolgen Sie die Preisentwicklung von Biomethan. Nutzen Sie unseren Biomethan-Preisticker und schauen Sie sich die Biomethan-Preise an \u2705\" \/>\n<meta name=\"robots\" content=\"index, follow, max-snippet:-1, max-image-preview:large, max-video-preview:-1\" \/>\n<link rel=\"canonical\" href=\"https:\/\/agriportance.com\/nl\/gereedschap\/prijzen-voor-de-ontwikkeling-van-biomethaan\/\" \/>\n<meta property=\"og:locale\" content=\"nl_BE\" \/>\n<meta property=\"og:type\" content=\"article\" \/>\n<meta property=\"og:title\" content=\"Biomethan Preise\" \/>\n<meta property=\"og:description\" content=\"Verfolgen Sie die Preisentwicklung von Biomethan. Nutzen Sie unseren Biomethan-Preisticker und schauen Sie sich die Biomethan-Preise an \u2705\" \/>\n<meta property=\"og:url\" content=\"https:\/\/agriportance.com\/nl\/gereedschap\/prijzen-voor-de-ontwikkeling-van-biomethaan\/\" \/>\n<meta property=\"og:site_name\" content=\"agriportance GmbH\" \/>\n<meta property=\"article:publisher\" content=\"https:\/\/www.facebook.com\/agriportance\" \/>\n<meta property=\"article:modified_time\" content=\"2026-01-08T10:32:24+00:00\" \/>\n<meta name=\"twitter:card\" content=\"summary_large_image\" \/>\n<meta name=\"twitter:site\" content=\"@agriportance\" \/>\n<meta name=\"twitter:label1\" content=\"Geschatte leestijd\" \/>\n\t<meta name=\"twitter:data1\" content=\"3 minuten\" \/>\n<script type=\"application\/ld+json\" class=\"yoast-schema-graph\">{\"@context\":\"https:\\\/\\\/schema.org\",\"@graph\":[{\"@type\":\"WebPage\",\"@id\":\"https:\\\/\\\/agriportance.com\\\/de\\\/preisentwicklung\\\/biomethan-entwicklung-preise\\\/\",\"url\":\"https:\\\/\\\/agriportance.com\\\/de\\\/preisentwicklung\\\/biomethan-entwicklung-preise\\\/\",\"name\":\"Preisentwicklung von Biomethan | Hier verfolgen\",\"isPartOf\":{\"@id\":\"https:\\\/\\\/agriportance.com\\\/#website\"},\"datePublished\":\"2023-06-15T11:12:57+00:00\",\"dateModified\":\"2026-01-08T10:32:24+00:00\",\"description\":\"Verfolgen Sie die Preisentwicklung von Biomethan. Nutzen Sie unseren Biomethan-Preisticker und schauen Sie sich die Biomethan-Preise an \u2705\",\"breadcrumb\":{\"@id\":\"https:\\\/\\\/agriportance.com\\\/de\\\/preisentwicklung\\\/biomethan-entwicklung-preise\\\/#breadcrumb\"},\"inLanguage\":\"nl-BE\",\"potentialAction\":[{\"@type\":\"ReadAction\",\"target\":[\"https:\\\/\\\/agriportance.com\\\/de\\\/preisentwicklung\\\/biomethan-entwicklung-preise\\\/\"]}]},{\"@type\":\"BreadcrumbList\",\"@id\":\"https:\\\/\\\/agriportance.com\\\/de\\\/preisentwicklung\\\/biomethan-entwicklung-preise\\\/#breadcrumb\",\"itemListElement\":[{\"@type\":\"ListItem\",\"position\":1,\"name\":\"Startseite\",\"item\":\"https:\\\/\\\/agriportance.com\\\/de\\\/\"},{\"@type\":\"ListItem\",\"position\":2,\"name\":\"Preisentwicklung\",\"item\":\"https:\\\/\\\/agriportance.com\\\/de\\\/preisentwicklung\\\/\"},{\"@type\":\"ListItem\",\"position\":3,\"name\":\"Biomethan Preise\"}]},{\"@type\":\"WebSite\",\"@id\":\"https:\\\/\\\/agriportance.com\\\/#website\",\"url\":\"https:\\\/\\\/agriportance.com\\\/\",\"name\":\"agriportance\",\"description\":\"Informationen und Dienstleistungen zu Biomethan und LCO2\",\"publisher\":{\"@id\":\"https:\\\/\\\/agriportance.com\\\/#organization\"},\"potentialAction\":[{\"@type\":\"SearchAction\",\"target\":{\"@type\":\"EntryPoint\",\"urlTemplate\":\"https:\\\/\\\/agriportance.com\\\/?s={search_term_string}\"},\"query-input\":{\"@type\":\"PropertyValueSpecification\",\"valueRequired\":true,\"valueName\":\"search_term_string\"}}],\"inLanguage\":\"nl-BE\"},{\"@type\":\"Organization\",\"@id\":\"https:\\\/\\\/agriportance.com\\\/#organization\",\"name\":\"agriportance GmbH\",\"url\":\"https:\\\/\\\/agriportance.com\\\/\",\"logo\":{\"@type\":\"ImageObject\",\"inLanguage\":\"nl-BE\",\"@id\":\"https:\\\/\\\/agriportance.com\\\/#\\\/schema\\\/logo\\\/image\\\/\",\"url\":\"https:\\\/\\\/agriportance.com\\\/wp-content\\\/uploads\\\/2023\\\/05\\\/agriportance-logo.png\",\"contentUrl\":\"https:\\\/\\\/agriportance.com\\\/wp-content\\\/uploads\\\/2023\\\/05\\\/agriportance-logo.png\",\"width\":701,\"height\":108,\"caption\":\"agriportance GmbH\"},\"image\":{\"@id\":\"https:\\\/\\\/agriportance.com\\\/#\\\/schema\\\/logo\\\/image\\\/\"},\"sameAs\":[\"https:\\\/\\\/www.facebook.com\\\/agriportance\",\"https:\\\/\\\/x.com\\\/agriportance\",\"https:\\\/\\\/de.linkedin.com\\\/company\\\/agriportance\",\"https:\\\/\\\/www.instagram.com\\\/agriportance\"]}]}<\/script>\n<!-- \/ Yoast SEO Premium plugin. -->","yoast_head_json":{"title":"Volg de prijsontwikkeling van biomethaan hier","description":"Volg de prijsontwikkeling van biomethaan. Gebruik onze biomethaan prijstikker en bekijk de biomethaanprijzen \u2705","robots":{"index":"index","follow":"follow","max-snippet":"max-snippet:-1","max-image-preview":"max-image-preview:large","max-video-preview":"max-video-preview:-1"},"canonical":"https:\/\/agriportance.com\/nl\/gereedschap\/prijzen-voor-de-ontwikkeling-van-biomethaan\/","og_locale":"nl_BE","og_type":"article","og_title":"Biomethan Preise","og_description":"Verfolgen Sie die Preisentwicklung von Biomethan. Nutzen Sie unseren Biomethan-Preisticker und schauen Sie sich die Biomethan-Preise an \u2705","og_url":"https:\/\/agriportance.com\/nl\/gereedschap\/prijzen-voor-de-ontwikkeling-van-biomethaan\/","og_site_name":"agriportance GmbH","article_publisher":"https:\/\/www.facebook.com\/agriportance","article_modified_time":"2026-01-08T10:32:24+00:00","twitter_card":"summary_large_image","twitter_site":"@agriportance","twitter_misc":{"Geschatte leestijd":"3 minuten"},"schema":{"@context":"https:\/\/schema.org","@graph":[{"@type":"WebPage","@id":"https:\/\/agriportance.com\/de\/preisentwicklung\/biomethan-entwicklung-preise\/","url":"https:\/\/agriportance.com\/de\/preisentwicklung\/biomethan-entwicklung-preise\/","name":"Volg de prijsontwikkeling van biomethaan hier","isPartOf":{"@id":"https:\/\/agriportance.com\/#website"},"datePublished":"2023-06-15T11:12:57+00:00","dateModified":"2026-01-08T10:32:24+00:00","description":"Volg de prijsontwikkeling van biomethaan. Gebruik onze biomethaan prijstikker en bekijk de biomethaanprijzen \u2705","breadcrumb":{"@id":"https:\/\/agriportance.com\/de\/preisentwicklung\/biomethan-entwicklung-preise\/#breadcrumb"},"inLanguage":"nl-BE","potentialAction":[{"@type":"ReadAction","target":["https:\/\/agriportance.com\/de\/preisentwicklung\/biomethan-entwicklung-preise\/"]}]},{"@type":"BreadcrumbList","@id":"https:\/\/agriportance.com\/de\/preisentwicklung\/biomethan-entwicklung-preise\/#breadcrumb","itemListElement":[{"@type":"ListItem","position":1,"name":"Startseite","item":"https:\/\/agriportance.com\/de\/"},{"@type":"ListItem","position":2,"name":"Preisentwicklung","item":"https:\/\/agriportance.com\/de\/preisentwicklung\/"},{"@type":"ListItem","position":3,"name":"Biomethan Preise"}]},{"@type":"WebSite","@id":"https:\/\/agriportance.com\/#website","url":"https:\/\/agriportance.com\/","name":"agriportance","description":"Informatie en diensten over biomethaan en LCO2","publisher":{"@id":"https:\/\/agriportance.com\/#organization"},"potentialAction":[{"@type":"SearchAction","target":{"@type":"EntryPoint","urlTemplate":"https:\/\/agriportance.com\/?s={search_term_string}"},"query-input":{"@type":"PropertyValueSpecification","valueRequired":true,"valueName":"search_term_string"}}],"inLanguage":"nl-BE"},{"@type":"Organization","@id":"https:\/\/agriportance.com\/#organization","name":"agriportance GmbH","url":"https:\/\/agriportance.com\/","logo":{"@type":"ImageObject","inLanguage":"nl-BE","@id":"https:\/\/agriportance.com\/#\/schema\/logo\/image\/","url":"https:\/\/agriportance.com\/wp-content\/uploads\/2023\/05\/agriportance-logo.png","contentUrl":"https:\/\/agriportance.com\/wp-content\/uploads\/2023\/05\/agriportance-logo.png","width":701,"height":108,"caption":"agriportance GmbH"},"image":{"@id":"https:\/\/agriportance.com\/#\/schema\/logo\/image\/"},"sameAs":["https:\/\/www.facebook.com\/agriportance","https:\/\/x.com\/agriportance","https:\/\/de.linkedin.com\/company\/agriportance","https:\/\/www.instagram.com\/agriportance"]}]}},"_links":{"self":[{"href":"https:\/\/agriportance.com\/nl\/wp-json\/wp\/v2\/pages\/1634","targetHints":{"allow":["GET"]}}],"collection":[{"href":"https:\/\/agriportance.com\/nl\/wp-json\/wp\/v2\/pages"}],"about":[{"href":"https:\/\/agriportance.com\/nl\/wp-json\/wp\/v2\/types\/page"}],"author":[{"embeddable":true,"href":"https:\/\/agriportance.com\/nl\/wp-json\/wp\/v2\/users\/2"}],"replies":[{"embeddable":true,"href":"https:\/\/agriportance.com\/nl\/wp-json\/wp\/v2\/comments?post=1634"}],"version-history":[{"count":43,"href":"https:\/\/agriportance.com\/nl\/wp-json\/wp\/v2\/pages\/1634\/revisions"}],"predecessor-version":[{"id":38111,"href":"https:\/\/agriportance.com\/nl\/wp-json\/wp\/v2\/pages\/1634\/revisions\/38111"}],"up":[{"embeddable":true,"href":"https:\/\/agriportance.com\/nl\/wp-json\/wp\/v2\/pages\/1662"}],"wp:attachment":[{"href":"https:\/\/agriportance.com\/nl\/wp-json\/wp\/v2\/media?parent=1634"}],"curies":[{"name":"wp","href":"https:\/\/api.w.org\/{rel}","templated":true}]}}