{"id":1634,"date":"2023-06-15T11:12:57","date_gmt":"2023-06-15T11:12:57","guid":{"rendered":"https:\/\/dev.agriportance.com\/ist-biometan-nachhaltig-2"},"modified":"2026-01-08T10:32:24","modified_gmt":"2026-01-08T10:32:24","slug":"ceny-rozwoju-biometanu","status":"publish","type":"page","link":"https:\/\/agriportance.com\/pl\/preisentwicklung\/biomethan-entwicklung-preise\/","title":{"rendered":"Ceny biometanu"},"content":{"rendered":"<div id=\"cs-content\" class=\"cs-content\"><div class=\"x-section e1634-e1 m19e-0 m19e-1 m19e-2 m19e-3\"><div class=\"x-form-integration x-form-integration-embed e1634-e2 m19e-7\"><script type=\"text\/javascript\">jQuery(function() { _initLayerSlider( '#layerslider_26_1y0an5pphvtar', {createdWith: '6.10.2', sliderVersion: '7.14.0', type: 'fullsize', maxRatio: 1, hideUnder: 400, pauseOnHover: 'enabled', skin: 'v6', sliderFadeInDuration: 350, navPrevNext: false, hoverPrevNext: false, navStartStop: false, navButtons: false, showCircleTimer: false, useSrcset: true, skinsPath: 'https:\/\/agriportance.com\/wp-content\/plugins\/LayerSlider\/assets\/static\/layerslider\/skins\/', performanceMode: true, height: 600}); });<\/script><div id=\"layerslider_26_1y0an5pphvtar\"  class=\"ls-wp-container fitvidsignore ls-about-us ls-selectable\" style=\"width:1280px;height:100vh;margin:0 auto;margin-bottom: 0px;\"><div class=\"ls-slide\" data-ls=\"bgcolor:#ffffff;\"><img decoding=\"async\" width=\"1739\" height=\"938\" src=\"https:\/\/agriportance.com\/wp-content\/uploads\/layerslider\/projects\/PIXEL-Agency-\u2013-Your-Agency\/your-agency-snapshot.jpg\" class=\"ls-tn\" alt=\"\" srcset=\"https:\/\/agriportance.com\/wp-content\/uploads\/layerslider\/projects\/PIXEL-Agency-\u2013-Your-Agency\/your-agency-snapshot.jpg 1739w, https:\/\/agriportance.com\/wp-content\/uploads\/layerslider\/projects\/PIXEL-Agency-\u2013-Your-Agency\/your-agency-snapshot-300x162.jpg 300w, https:\/\/agriportance.com\/wp-content\/uploads\/layerslider\/projects\/PIXEL-Agency-\u2013-Your-Agency\/your-agency-snapshot-1024x552.jpg 1024w, https:\/\/agriportance.com\/wp-content\/uploads\/layerslider\/projects\/PIXEL-Agency-\u2013-Your-Agency\/your-agency-snapshot-768x414.jpg 768w, https:\/\/agriportance.com\/wp-content\/uploads\/layerslider\/projects\/PIXEL-Agency-\u2013-Your-Agency\/your-agency-snapshot-1536x829.jpg 1536w, https:\/\/agriportance.com\/wp-content\/uploads\/layerslider\/projects\/PIXEL-Agency-\u2013-Your-Agency\/your-agency-snapshot-100x54.jpg 100w, https:\/\/agriportance.com\/wp-content\/uploads\/layerslider\/projects\/PIXEL-Agency-\u2013-Your-Agency\/your-agency-snapshot-862x465.jpg 862w, https:\/\/agriportance.com\/wp-content\/uploads\/layerslider\/projects\/PIXEL-Agency-\u2013-Your-Agency\/your-agency-snapshot-1140x615.jpg 1140w\" sizes=\"(max-width: 1739px) 100vw, 1739px\" \/><div style=\"top:41.58%;left:50%;background-size:inherit;background-position:inherit;font-size:18px;background-color:#f9f7fa;width:1600px;height:951px;\" class=\"ls-l ls-html-layer\" data-ls=\"durationin:2000;delayin:200;easingin:easeOutQuint;fadein:false;scalexin:0;position:fixed;\"><\/div><div style=\"top:46px;left:51px;background-size:inherit;background-position:inherit;font-size:18px;width:631px;height:420px;background-color:#73ad59;\" class=\"ls-l ls-html-layer\" data-ls=\"offsetxin:100;durationin:1400;delayin:400;easingin:easeOutQuint;fadein:false;scalexin:0;transformoriginin:100% 50% 0;position:relative;\"><\/div><img decoding=\"async\" width=\"1500\" height=\"600\" src=\"https:\/\/agriportance.com\/wp-content\/uploads\/2024\/06\/biogasanlage-agriportance-biomethan.png\" class=\"ls-l ls-img-layer\" alt=\"\" srcset=\"https:\/\/agriportance.com\/wp-content\/uploads\/2024\/06\/biogasanlage-agriportance-biomethan.png 1500w, https:\/\/agriportance.com\/wp-content\/uploads\/2024\/06\/biogasanlage-agriportance-biomethan-300x120.png 300w, https:\/\/agriportance.com\/wp-content\/uploads\/2024\/06\/biogasanlage-agriportance-biomethan-1024x410.png 1024w, https:\/\/agriportance.com\/wp-content\/uploads\/2024\/06\/biogasanlage-agriportance-biomethan-768x307.png 768w, https:\/\/agriportance.com\/wp-content\/uploads\/2024\/06\/biogasanlage-agriportance-biomethan-18x7.png 18w, https:\/\/agriportance.com\/wp-content\/uploads\/2024\/06\/biogasanlage-agriportance-biomethan-1000x400.png 1000w, https:\/\/agriportance.com\/wp-content\/uploads\/2024\/06\/biogasanlage-agriportance-biomethan-100x40.png 100w, https:\/\/agriportance.com\/wp-content\/uploads\/2024\/06\/biogasanlage-agriportance-biomethan-1190x476.png 1190w\" sizes=\"(max-width: 1500px) 100vw, 1500px\" style=\"top:94px;left:77px;background-size:inherit;background-position:inherit;width:680px;height:453px;\" data-ls=\"offsetxin:100;durationin:1400;delayin:500;easingin:easeOutQuint;clipin:0 0 0 100%;position:relative;\"><p style=\"top:94px;left:757px;font-weight:600;background-size:inherit;background-position:inherit;font-size:37px;font-family:poppins;color:#2b2b2b;\" class=\"ls-l ls-text-layer\" data-ls=\"offsetxin:-50;durationin:1400;delayin:500;easingin:easeOutQuint;clipin:0 0 0 0;texttransitionin:true;texttypein:words_asc;textshiftin:125;textoffsetyin:100lh;texteasingin:easeOutQuint;textstartatin:transitioninstart + 200;textrotatein:90;texttransformoriginin:0% 100% 0;position:relative;\">Zainteresowany biometanem?<\/p><div style=\"top:185px;left:761px;background-size:inherit;background-position:inherit;font-size:2px;width:66px;height:3px;background-color:#73ad59;\" class=\"ls-l ls-html-layer\" data-ls=\"durationin:1400;delayin:1000;easingin:easeOutQuint;scalexin:0;transformoriginin:0% 50% 0;position:relative;\"><\/div><p style=\"top:240px;left:757px;background-size:inherit;background-position:inherit;font-size:18px;font-family:poppins;color:#2b2b2b;width:400px;line-height:24px;white-space:normal;\" class=\"ls-l ls-text-layer\" data-ls=\"durationin:1400;delayin:1200;easingin:easeOutQuint;texttransitionin:true;texttypein:lines_asc;textshiftin:125;textoffsetyin:10;texteasingin:easeOutQuint;textstartatin:transitioninstart + 200;texttransformoriginin:0% 100% 0;position:relative;\">Masz pytania dotycz\u0105ce biometanu? Jeste\u015b operatorem biogazowni lub chcesz kupi\u0107 biometan? Skontaktuj si\u0119 z nami bez zobowi\u0105za\u0144<\/p><a style=\"\" class=\"ls-l\" href=\"https:\/\/agriportance.com\/pl\/kontakt\/formularz-kontaktowy\/\" target=\"_self\"><ls-layer style=\"padding-top:0.7em;padding-bottom:0.7em;padding-right:1.85em;padding-left:1.85em;font-size:17px;font-weight:600;color:#fff;border-radius:0.45em;left:757px;top:408px;text-align:center;text-transform:uppercase;background-color:#73ad59;\" class=\"ls-button-layer\">Kontakt<\/ls-layer><\/a><\/div><\/div><\/div><\/div><div class=\"x-section e1634-e3 m19e-0 m19e-3 m19e-4\"><div class=\"x-bg\" aria-hidden=\"true\"><div class=\"x-bg-layer-lower-image\"><\/div><div class=\"x-bg-layer-upper-color\"><\/div><\/div><div class=\"x-container e1634-e4 m19e-8\"><div class=\"x-column x-sm x-1-1 e1634-e5 m19e-9\"><div class=\"x-text x-text-headline e1634-e6 m19e-a m19e-b m19e-c m19e-d m19e-e\"><div class=\"x-text-content\"><div class=\"x-text-content-text\"><h1 class=\"x-text-content-text-primary\"><span class=\"TextRun SCXW239588645 BCX8\" lang=\"DE-DE\" xml:lang=\"DE-DE\" data-contrast=\"auto\"><span class=\"NormalTextRun SCXW239588645 BCX8\">Rozw\u00f3j cen biometanu | <\/span><span class=\"NormalTextRun SCXW239588645 BCX8\">The<\/span> <span class=\"NormalTextRun SCXW239588645 BCX8\">Notowania cen biometanu<\/span><\/span><\/h1>\n<\/div><\/div><\/div><div class=\"x-text x-text-headline e1634-e7 m19e-a m19e-d m19e-e m19e-f\"><div class=\"x-text-content\"><div class=\"x-text-content-text\"><h2 class=\"x-text-content-text-primary\"><span class=\"TextRun SCXW92992814 BCX8\" lang=\"DE-DE\" xml:lang=\"DE-DE\" data-contrast=\"auto\"><span class=\"NormalTextRun SCXW92992814 BCX8\">ROZW\u00d3J CEN BIOMETANU W NIEMCZECH<\/span><\/span><span class=\"EOP SCXW92992814 BCX8\" data-ccp-props=\"{&quot;201341983&quot;:0,&quot;335559739&quot;:160,&quot;335559740&quot;:259}\">&nbsp;<\/span><\/h2>\n<\/div><\/div><\/div><div class=\"x-text x-content e1634-e8 m19e-n m19e-o\"><p class=\"p1\" style=\"text-align: justify;\"><span class=\"TextRun SCXW226102639 BCX8\" lang=\"DE-DE\" xml:lang=\"DE-DE\" data-contrast=\"auto\"><span class=\"NormalTextRun SCXW226102639 BCX8\">Rynek biometanu w Niemczech ro\u015bnie od lat. Rynek ten charakteryzuje si\u0119 <\/span><span class=\"NormalTextRun SCXW226102639 BCX8\">poprzez wzrost<\/span><span class=\"NormalTextRun SCXW226102639 BCX8\"> ceny biogazu wprowadzanego do sieci. Si\u0142\u0105 nap\u0119dow\u0105 tego kursu jest przede wszystkim wprowadzenie <\/span><span class=\"NormalTextRun SpellingErrorV2Themed SCXW226102639 BCX8\">Odnawialne<\/span><span class=\"NormalTextRun SCXW226102639 BCX8\"> Energia <\/span><span class=\"NormalTextRun SpellingErrorV2Themed SCXW226102639 BCX8\">Dyrektywa<\/span><span class=\"NormalTextRun SCXW226102639 BCX8\"> III (REDIII) i zwi\u0119kszone zainteresowanie bio-LNG, a w niekt\u00f3rych przypadkach bio-CNG. Skutkuje to <\/span><span class=\"NormalTextRun SCXW226102639 BCX8\">zwi\u0119kszony<\/span> <span class=\"NormalTextRun SCXW226102639 BCX8\">Ceny biometanu g\u0142\u00f3wnie z obornika i zaawansowanych pozosta\u0142o\u015bci. Obecnie kwalifikuj\u0105 si\u0119 one do podw\u00f3jnego liczenia w systemie kwot gaz\u00f3w cieplarnianych (GHG) i, ze wzgl\u0119du na ich lepsz\u0105 warto\u015b\u0107 GHG, mog\u0105 by\u0107 zaliczane do surowc\u00f3w odnawialnych (<\/span><span class=\"NormalTextRun SpellingErrorV2Themed SCXW226102639 BCX8\">NawaRos<\/span><span class=\"NormalTextRun SCXW226102639 BCX8\">) jest o krok do przodu po stronie przychod\u00f3w. Sprawia to, \u017ce produkcja biogazu staje si\u0119 bardziej interesuj\u0105ca i oferuje nowe mo\u017cliwo\u015bci dla operator\u00f3w biogazowni z dala od <\/span><span class=\"NormalTextRun SCXW226102639 BCX8\">de<\/span><span class=\"NormalTextRun SCXW226102639 BCX8\">lub wytwarzanie energii w<\/span> <span class=\"NormalTextRun SCXW226102639 BCX8\">EEG<\/span><span class=\"NormalTextRun SCXW226102639 BCX8\">. Poni\u017csze dane pochodz\u0105 z wywiad\u00f3w z uczestnikami rynku biometanu i stanowi\u0105 jedynie pr\u00f3bk\u0119 ca\u0142ego rynku. Uczestnicy rynku biometanu obejmuj\u0105 na przyk\u0142ad operator\u00f3w biogazowni zasilanych biogazem lub zak\u0142ad\u00f3w skraplania bio-LNG. The <\/span><span class=\"NormalTextRun SpellingErrorV2Themed SCXW226102639 BCX8\">agriportance<\/span><span class=\"NormalTextRun SCXW226102639 BCX8\"> nie mo\u017ce zagwarantowa\u0107 dok\u0142adno\u015bci cen biometanu.<\/span><\/span><span class=\"EOP SCXW226102639 BCX8\" data-ccp-props=\"{&quot;201341983&quot;:0,&quot;335559739&quot;:160,&quot;335559740&quot;:259}\">&nbsp;<\/span><\/p><\/div><\/div><\/div><\/div><div class=\"x-section e1634-e9 m19e-0 m19e-1 m19e-5\"><div class=\"x-row x-container max width e1634-e10 m19e-q m19e-r m19e-s m19e-t m19e-u m19e-y m19e-z\"><div class=\"x-row-inner\"><div class=\"x-col e1634-e11 m19e-14 m19e-15 m19e-16\"><a class=\"x-anchor x-anchor-button e1634-e12 m19e-1b m19e-1c\" tabindex=\"0\" href=\"https:\/\/agriportance.com\/pl\/narzedzia\/ceny-rozwoju-biometanu\/ceny-biometanu-w-nadchodzacym-roku\/\" target=\"_blank\" rel=\"noopener noreferrer\"><div class=\"x-anchor-content\"><div class=\"x-anchor-text\"><span class=\"x-anchor-text-primary\">Ceny biometanu w nadchodz\u0105cym roku<\/span><\/div><\/div><\/a><\/div><div class=\"x-col e1634-e13 m19e-14 m19e-15 m19e-16\"><a class=\"x-anchor x-anchor-button e1634-e14 m19e-1b m19e-1c\" tabindex=\"0\" href=\"https:\/\/agriportance.com\/pl\/narzedzia\/ceny-rozwoju-biometanu\/ceny-biometanu-spot\/\" target=\"_blank\" rel=\"noopener noreferrer\"><div class=\"x-anchor-content\"><div class=\"x-anchor-text\"><span class=\"x-anchor-text-primary\">Ceny spot biometanu<\/span><\/div><\/div><\/a><\/div><div class=\"x-col e1634-e15 m19e-14 m19e-15 m19e-16\"><a class=\"x-anchor x-anchor-button e1634-e16 m19e-1b m19e-1c m19e-1d\" tabindex=\"0\" href=\"https:\/\/agriportance.com\/pl\/narzedzia\/ceny-rozwoju-biometanu\/ceny-biometanu-dlugoterminowe-kontrakty-na-dostawy\/\" target=\"_blank\" rel=\"noopener noreferrer\"><div class=\"x-anchor-content\"><div class=\"x-anchor-text\"><span class=\"x-anchor-text-primary\">Ceny biometanu w perspektywie d\u0142ugoterminowej<\/span><\/div><\/div><\/a><\/div><\/div><\/div><\/div><div class=\"x-section e1634-e17 m19e-0 m19e-5 m19e-6\"><div class=\"x-row x-container max width e1634-e18 m19e-q m19e-r m19e-s m19e-t m19e-y m19e-10\"><div class=\"x-row-inner\"><div class=\"x-col e1634-e19 m19e-14 m19e-15 m19e-16\"><div class=\"x-row x-container max width e1634-e20 m19e-q m19e-r m19e-s m19e-t m19e-y m19e-11\"><div class=\"x-row-inner\"><div class=\"x-col e1634-e21 m19e-14 m19e-15 m19e-16\"><div class=\"x-row e1634-e22 m19e-q m19e-t m19e-v m19e-w m19e-12\"><div class=\"x-bg\" aria-hidden=\"true\"><div class=\"x-bg-layer-lower-color\"><\/div><\/div><div class=\"x-row-inner\"><div class=\"x-col e1634-e23 m19e-14 m19e-17 m19e-18\"><div class=\"x-text x-text-headline e1634-e24 m19e-a m19e-b m19e-d m19e-g m19e-h m19e-i m19e-j\"><div class=\"x-text-content\"><div class=\"x-text-content-text\"><h3 class=\"x-text-content-text-primary\"><h5>Skontaktuj si\u0119 z nami<\/h5><\/h3>\n<\/div><\/div><\/div><hr class=\"x-line e1634-e25 m19e-1f m19e-1g\"\/><div class=\"x-text x-text-headline has-graphic e1634-e26 m19e-a m19e-b m19e-g m19e-j m19e-k m19e-l\"><div class=\"x-text-content\"><span class=\"x-graphic\" aria-hidden=\"true\"><i class=\"x-icon x-graphic-child x-graphic-icon x-graphic-primary\" aria-hidden=\"true\" data-x-icon-l=\"&#xf5a0;\"><\/i><\/span><div class=\"x-text-content-text\"><span class=\"x-text-content-text-primary\">Lippst\u00e4dter Stra\u00dfe 54 Businessdock Building F 48155 M\u00fcnster<\/span>\n<\/div><\/div><\/div><hr class=\"x-line e1634-e27 m19e-1g m19e-1h\"\/><div class=\"x-text x-text-headline has-graphic e1634-e28 m19e-a m19e-b m19e-g m19e-j m19e-k m19e-l\"><div class=\"x-text-content\"><span class=\"x-graphic\" aria-hidden=\"true\"><i class=\"x-icon x-graphic-child x-graphic-icon x-graphic-primary\" aria-hidden=\"true\" data-x-icon-l=\"&#x40;\"><\/i><\/span><div class=\"x-text-content-text\"><span class=\"x-text-content-text-primary\"><a href=\"mailto:info@agriportance.com\"><span style=\"color: #ffffff;\">info@agriportance.com<\/span><\/a><\/span>\n<\/div><\/div><\/div><hr class=\"x-line e1634-e29 m19e-1g m19e-1h\"\/><div class=\"x-text x-text-headline has-graphic e1634-e30 m19e-a m19e-b m19e-g m19e-j m19e-k m19e-l\"><div class=\"x-text-content\"><span class=\"x-graphic\" aria-hidden=\"true\"><i class=\"x-icon x-graphic-child x-graphic-icon x-graphic-primary\" aria-hidden=\"true\" data-x-icon-l=\"&#xf2a0;\"><\/i><\/span><div class=\"x-text-content-text\"><span class=\"x-text-content-text-primary\">+49 176 57915277<\/span>\n<\/div><\/div><\/div><hr class=\"x-line e1634-e31 m19e-1g m19e-1h\"\/><div class=\"x-row e1634-e32 m19e-q m19e-s m19e-u m19e-v m19e-x m19e-13\"><div class=\"x-row-inner\"><div class=\"x-col e1634-e33 m19e-14 m19e-15 m19e-16 m19e-17 m19e-19\"><a class=\"x-anchor x-anchor-button has-graphic e1634-e34 m19e-1b m19e-1e\" tabindex=\"0\" href=\"https:\/\/www.instagram.com\/agriportance\/\" target=\"_blank\" rel=\"noopener noreferrer\"><div class=\"x-anchor-content\"><span class=\"x-graphic\" aria-hidden=\"true\"><i class=\"x-icon x-graphic-child x-graphic-icon x-graphic-primary\" aria-hidden=\"true\" data-x-icon-b=\"&#xf16d;\"><\/i><\/span><\/div><\/a><a class=\"x-anchor x-anchor-button has-graphic e1634-e35 m19e-1b m19e-1e\" tabindex=\"0\" href=\"https:\/\/www.facebook.com\/agriportance\" target=\"_blank\" rel=\"noopener noreferrer\"><div class=\"x-anchor-content\"><span class=\"x-graphic\" aria-hidden=\"true\"><i class=\"x-icon x-graphic-child x-graphic-icon x-graphic-primary\" aria-hidden=\"true\" data-x-icon-b=\"&#xf09a;\"><\/i><\/span><\/div><\/a><a class=\"x-anchor x-anchor-button has-graphic e1634-e36 m19e-1b m19e-1e\" tabindex=\"0\" href=\"tel:+49 175 6335057\"><div class=\"x-anchor-content\"><span class=\"x-graphic\" aria-hidden=\"true\"><i class=\"x-icon x-graphic-child x-graphic-icon x-graphic-primary\" aria-hidden=\"true\" data-x-icon-b=\"&#xf232;\"><\/i><\/span><\/div><\/a><\/div><\/div><\/div><\/div><div class=\"x-col e1634-e37 m19e-14 m19e-15 m19e-1a\"><div class=\"x-text x-text-headline e1634-e38 m19e-a m19e-b m19e-g m19e-h m19e-l m19e-m\"><div class=\"x-text-content\"><div class=\"x-text-content-text\"><h3 class=\"x-text-content-text-primary\">Potrzebujesz porady?<\/h3>\n<\/div><\/div><\/div><div class=\"x-text x-content e1634-e39 m19e-o m19e-p\"><p>Zapraszamy do wys\u0142ania nam wiadomo\u015bci<\/p><\/div><hr class=\"x-line e1634-e40 m19e-1g m19e-1i\"\/><div class=\"x-form-integration x-form-integration-embed e1634-e41 m19e-7\"><p><script charset=\"utf-8\" type=\"text\/javascript\" src=\"\/\/js-eu1.hsforms.net\/forms\/embed\/v2.js\"><\/script> <script>\n  hbspt.forms.create({\n    region: \"eu1\",\n    portalId: \"25523324\",\n    formId: \"de664c9d-a35c-4cae-be59-912f053806c2\"\n  });\n<\/script><\/p><\/div><hr class=\"x-line e1634-e42 m19e-1g m19e-1i\"\/><\/div><\/div><\/div><\/div><\/div><\/div><\/div><\/div><\/div><\/div><\/div>","protected":false},"excerpt":{"rendered":"<p>Jeste\u015b zainteresowany biometanem? Masz pytania dotycz\u0105ce biometanu? Jeste\u015b operatorem biogazowni lub chcia\u0142by\u015b kupi\u0107 biometan? Porozmawiaj z nami bez zobowi\u0105za\u0144KontaktRozw\u00f3j cen biometanu | Notowania cen biometanuROZW\u00d3J CEN BIOMETANU W NIEMCZECH Rynek biometanu w Niemczech od lat wykazuje tendencj\u0119 wzrostow\u0105. Rynek charakteryzuje si\u0119 rosn\u0105cymi cenami biogazu wprowadzanego do sieci. Si\u0142\u0105 nap\u0119dow\u0105 tego zjawiska jest ...<\/p>","protected":false},"author":2,"featured_media":0,"parent":1662,"menu_order":0,"comment_status":"closed","ping_status":"closed","template":"template-blank-4.php","meta":{"content-type":"","footnotes":""},"class_list":["post-1634","page","type-page","status-publish","hentry","no-post-thumbnail"],"yoast_head":"<!-- This site is optimized with the Yoast SEO Premium plugin v27.3 (Yoast SEO v27.3) - https:\/\/yoast.com\/product\/yoast-seo-premium-wordpress\/ -->\n<title>Preisentwicklung von Biomethan | Hier verfolgen<\/title>\n<meta name=\"description\" content=\"Verfolgen Sie die Preisentwicklung von Biomethan. Nutzen Sie unseren Biomethan-Preisticker und schauen Sie sich die Biomethan-Preise an \u2705\" \/>\n<meta name=\"robots\" content=\"index, follow, max-snippet:-1, max-image-preview:large, max-video-preview:-1\" \/>\n<link rel=\"canonical\" href=\"https:\/\/agriportance.com\/pl\/narzedzia\/ceny-rozwoju-biometanu\/\" \/>\n<meta property=\"og:locale\" content=\"pl_PL\" \/>\n<meta property=\"og:type\" content=\"article\" \/>\n<meta property=\"og:title\" content=\"Biomethan Preise\" \/>\n<meta property=\"og:description\" content=\"Verfolgen Sie die Preisentwicklung von Biomethan. Nutzen Sie unseren Biomethan-Preisticker und schauen Sie sich die Biomethan-Preise an \u2705\" \/>\n<meta property=\"og:url\" content=\"https:\/\/agriportance.com\/pl\/narzedzia\/ceny-rozwoju-biometanu\/\" \/>\n<meta property=\"og:site_name\" content=\"agriportance GmbH\" \/>\n<meta property=\"article:publisher\" content=\"https:\/\/www.facebook.com\/agriportance\" \/>\n<meta property=\"article:modified_time\" content=\"2026-01-08T10:32:24+00:00\" \/>\n<meta name=\"twitter:card\" content=\"summary_large_image\" \/>\n<meta name=\"twitter:site\" content=\"@agriportance\" \/>\n<meta name=\"twitter:label1\" content=\"Szacowany czas czytania\" \/>\n\t<meta name=\"twitter:data1\" content=\"3 minuty\" \/>\n<script type=\"application\/ld+json\" class=\"yoast-schema-graph\">{\"@context\":\"https:\\\/\\\/schema.org\",\"@graph\":[{\"@type\":\"WebPage\",\"@id\":\"https:\\\/\\\/agriportance.com\\\/de\\\/preisentwicklung\\\/biomethan-entwicklung-preise\\\/\",\"url\":\"https:\\\/\\\/agriportance.com\\\/de\\\/preisentwicklung\\\/biomethan-entwicklung-preise\\\/\",\"name\":\"Preisentwicklung von Biomethan | Hier verfolgen\",\"isPartOf\":{\"@id\":\"https:\\\/\\\/agriportance.com\\\/#website\"},\"datePublished\":\"2023-06-15T11:12:57+00:00\",\"dateModified\":\"2026-01-08T10:32:24+00:00\",\"description\":\"Verfolgen Sie die Preisentwicklung von Biomethan. Nutzen Sie unseren Biomethan-Preisticker und schauen Sie sich die Biomethan-Preise an \u2705\",\"breadcrumb\":{\"@id\":\"https:\\\/\\\/agriportance.com\\\/de\\\/preisentwicklung\\\/biomethan-entwicklung-preise\\\/#breadcrumb\"},\"inLanguage\":\"pl-PL\",\"potentialAction\":[{\"@type\":\"ReadAction\",\"target\":[\"https:\\\/\\\/agriportance.com\\\/de\\\/preisentwicklung\\\/biomethan-entwicklung-preise\\\/\"]}]},{\"@type\":\"BreadcrumbList\",\"@id\":\"https:\\\/\\\/agriportance.com\\\/de\\\/preisentwicklung\\\/biomethan-entwicklung-preise\\\/#breadcrumb\",\"itemListElement\":[{\"@type\":\"ListItem\",\"position\":1,\"name\":\"Startseite\",\"item\":\"https:\\\/\\\/agriportance.com\\\/de\\\/\"},{\"@type\":\"ListItem\",\"position\":2,\"name\":\"Preisentwicklung\",\"item\":\"https:\\\/\\\/agriportance.com\\\/de\\\/preisentwicklung\\\/\"},{\"@type\":\"ListItem\",\"position\":3,\"name\":\"Biomethan Preise\"}]},{\"@type\":\"WebSite\",\"@id\":\"https:\\\/\\\/agriportance.com\\\/#website\",\"url\":\"https:\\\/\\\/agriportance.com\\\/\",\"name\":\"agriportance\",\"description\":\"Informationen und Dienstleistungen zu Biomethan und LCO2\",\"publisher\":{\"@id\":\"https:\\\/\\\/agriportance.com\\\/#organization\"},\"potentialAction\":[{\"@type\":\"SearchAction\",\"target\":{\"@type\":\"EntryPoint\",\"urlTemplate\":\"https:\\\/\\\/agriportance.com\\\/?s={search_term_string}\"},\"query-input\":{\"@type\":\"PropertyValueSpecification\",\"valueRequired\":true,\"valueName\":\"search_term_string\"}}],\"inLanguage\":\"pl-PL\"},{\"@type\":\"Organization\",\"@id\":\"https:\\\/\\\/agriportance.com\\\/#organization\",\"name\":\"agriportance GmbH\",\"url\":\"https:\\\/\\\/agriportance.com\\\/\",\"logo\":{\"@type\":\"ImageObject\",\"inLanguage\":\"pl-PL\",\"@id\":\"https:\\\/\\\/agriportance.com\\\/#\\\/schema\\\/logo\\\/image\\\/\",\"url\":\"https:\\\/\\\/agriportance.com\\\/wp-content\\\/uploads\\\/2023\\\/05\\\/agriportance-logo.png\",\"contentUrl\":\"https:\\\/\\\/agriportance.com\\\/wp-content\\\/uploads\\\/2023\\\/05\\\/agriportance-logo.png\",\"width\":701,\"height\":108,\"caption\":\"agriportance GmbH\"},\"image\":{\"@id\":\"https:\\\/\\\/agriportance.com\\\/#\\\/schema\\\/logo\\\/image\\\/\"},\"sameAs\":[\"https:\\\/\\\/www.facebook.com\\\/agriportance\",\"https:\\\/\\\/x.com\\\/agriportance\",\"https:\\\/\\\/de.linkedin.com\\\/company\\\/agriportance\",\"https:\\\/\\\/www.instagram.com\\\/agriportance\"]}]}<\/script>\n<!-- \/ Yoast SEO Premium plugin. -->","yoast_head_json":{"title":"\u015aled\u017a zmiany cen biometanu tutaj","description":"\u015aled\u017a zmiany cen biometanu. Skorzystaj z naszego tickera cen biometanu i sp\u00f3jrz na ceny biometanu \u2705","robots":{"index":"index","follow":"follow","max-snippet":"max-snippet:-1","max-image-preview":"max-image-preview:large","max-video-preview":"max-video-preview:-1"},"canonical":"https:\/\/agriportance.com\/pl\/narzedzia\/ceny-rozwoju-biometanu\/","og_locale":"pl_PL","og_type":"article","og_title":"Biomethan Preise","og_description":"Verfolgen Sie die Preisentwicklung von Biomethan. Nutzen Sie unseren Biomethan-Preisticker und schauen Sie sich die Biomethan-Preise an \u2705","og_url":"https:\/\/agriportance.com\/pl\/narzedzia\/ceny-rozwoju-biometanu\/","og_site_name":"agriportance GmbH","article_publisher":"https:\/\/www.facebook.com\/agriportance","article_modified_time":"2026-01-08T10:32:24+00:00","twitter_card":"summary_large_image","twitter_site":"@agriportance","twitter_misc":{"Szacowany czas czytania":"3 minuty"},"schema":{"@context":"https:\/\/schema.org","@graph":[{"@type":"WebPage","@id":"https:\/\/agriportance.com\/de\/preisentwicklung\/biomethan-entwicklung-preise\/","url":"https:\/\/agriportance.com\/de\/preisentwicklung\/biomethan-entwicklung-preise\/","name":"\u015aled\u017a zmiany cen biometanu tutaj","isPartOf":{"@id":"https:\/\/agriportance.com\/#website"},"datePublished":"2023-06-15T11:12:57+00:00","dateModified":"2026-01-08T10:32:24+00:00","description":"\u015aled\u017a zmiany cen biometanu. Skorzystaj z naszego tickera cen biometanu i sp\u00f3jrz na ceny biometanu \u2705","breadcrumb":{"@id":"https:\/\/agriportance.com\/de\/preisentwicklung\/biomethan-entwicklung-preise\/#breadcrumb"},"inLanguage":"pl-PL","potentialAction":[{"@type":"ReadAction","target":["https:\/\/agriportance.com\/de\/preisentwicklung\/biomethan-entwicklung-preise\/"]}]},{"@type":"BreadcrumbList","@id":"https:\/\/agriportance.com\/de\/preisentwicklung\/biomethan-entwicklung-preise\/#breadcrumb","itemListElement":[{"@type":"ListItem","position":1,"name":"Startseite","item":"https:\/\/agriportance.com\/de\/"},{"@type":"ListItem","position":2,"name":"Preisentwicklung","item":"https:\/\/agriportance.com\/de\/preisentwicklung\/"},{"@type":"ListItem","position":3,"name":"Biomethan Preise"}]},{"@type":"WebSite","@id":"https:\/\/agriportance.com\/#website","url":"https:\/\/agriportance.com\/","name":"agriportance","description":"Informacje i us\u0142ugi dotycz\u0105ce biometanu i LCO2","publisher":{"@id":"https:\/\/agriportance.com\/#organization"},"potentialAction":[{"@type":"SearchAction","target":{"@type":"EntryPoint","urlTemplate":"https:\/\/agriportance.com\/?s={search_term_string}"},"query-input":{"@type":"PropertyValueSpecification","valueRequired":true,"valueName":"search_term_string"}}],"inLanguage":"pl-PL"},{"@type":"Organization","@id":"https:\/\/agriportance.com\/#organization","name":"agriportance GmbH","url":"https:\/\/agriportance.com\/","logo":{"@type":"ImageObject","inLanguage":"pl-PL","@id":"https:\/\/agriportance.com\/#\/schema\/logo\/image\/","url":"https:\/\/agriportance.com\/wp-content\/uploads\/2023\/05\/agriportance-logo.png","contentUrl":"https:\/\/agriportance.com\/wp-content\/uploads\/2023\/05\/agriportance-logo.png","width":701,"height":108,"caption":"agriportance GmbH"},"image":{"@id":"https:\/\/agriportance.com\/#\/schema\/logo\/image\/"},"sameAs":["https:\/\/www.facebook.com\/agriportance","https:\/\/x.com\/agriportance","https:\/\/de.linkedin.com\/company\/agriportance","https:\/\/www.instagram.com\/agriportance"]}]}},"_links":{"self":[{"href":"https:\/\/agriportance.com\/pl\/wp-json\/wp\/v2\/pages\/1634","targetHints":{"allow":["GET"]}}],"collection":[{"href":"https:\/\/agriportance.com\/pl\/wp-json\/wp\/v2\/pages"}],"about":[{"href":"https:\/\/agriportance.com\/pl\/wp-json\/wp\/v2\/types\/page"}],"author":[{"embeddable":true,"href":"https:\/\/agriportance.com\/pl\/wp-json\/wp\/v2\/users\/2"}],"replies":[{"embeddable":true,"href":"https:\/\/agriportance.com\/pl\/wp-json\/wp\/v2\/comments?post=1634"}],"version-history":[{"count":43,"href":"https:\/\/agriportance.com\/pl\/wp-json\/wp\/v2\/pages\/1634\/revisions"}],"predecessor-version":[{"id":38111,"href":"https:\/\/agriportance.com\/pl\/wp-json\/wp\/v2\/pages\/1634\/revisions\/38111"}],"up":[{"embeddable":true,"href":"https:\/\/agriportance.com\/pl\/wp-json\/wp\/v2\/pages\/1662"}],"wp:attachment":[{"href":"https:\/\/agriportance.com\/pl\/wp-json\/wp\/v2\/media?parent=1634"}],"curies":[{"name":"wp","href":"https:\/\/api.w.org\/{rel}","templated":true}]}}