{"id":2256,"date":"2023-07-26T08:30:25","date_gmt":"2023-07-26T08:30:25","guid":{"rendered":"https:\/\/agriportance.com\/?page_id=2256"},"modified":"2023-07-31T13:14:02","modified_gmt":"2023-07-31T13:14:02","slug":"prasa","status":"publish","type":"page","link":"https:\/\/agriportance.com\/pl\/unternehmen\/presse\/","title":{"rendered":"Prasa"},"content":{"rendered":"<div id=\"cs-content\" class=\"cs-content\"><\/div>","protected":false},"excerpt":{"rendered":"<p>Serwis prasowyPoni\u017cej znajduje si\u0119 nasz obszar pobierania. Mo\u017cesz pobra\u0107 nasze logo i zdj\u0119cia Henninga Dicksa do cel\u00f3w redakcyjnych.Wi\u0119cej informacji Artyku\u0142y prasowePoni\u017cej znajdziesz nasze ju\u017c opublikowane artyku\u0142y prasoweWi\u0119cej informacji PrelegenciSzukasz eksperta do swojego specjalistycznego repozytorium lub wyk\u0142ad\u00f3w na ekscytuj\u0105ce tematy biometanu i LCO2 lub CO2?  Dzi\u0119ki kompleksowej wiedzy na temat rynku biometanu oraz aktualnych trend\u00f3w i rozwoju, ...<\/p>","protected":false},"author":2,"featured_media":0,"parent":338,"menu_order":0,"comment_status":"closed","ping_status":"closed","template":"template-blank-4.php","meta":{"content-type":"","footnotes":""},"class_list":["post-2256","page","type-page","status-publish","hentry","no-post-thumbnail"],"yoast_head":"<!-- This site is optimized with the Yoast SEO Premium plugin v27.3 (Yoast SEO v27.3) - https:\/\/yoast.com\/product\/yoast-seo-premium-wordpress\/ -->\n<title>Presse | Presseinformationen der agriportance GmbH<\/title>\n<meta name=\"description\" content=\"Unter Presse finden Sie die Presseinformationen der agriportance GmbH. Pressearchiv | Pressekontakt | Infos zu dem Speaker Henning Dicks\" \/>\n<meta name=\"robots\" content=\"index, follow, max-snippet:-1, max-image-preview:large, max-video-preview:-1\" \/>\n<link rel=\"canonical\" href=\"https:\/\/agriportance.com\/pl\/firma\/prasa\/\" \/>\n<meta property=\"og:locale\" content=\"pl_PL\" \/>\n<meta property=\"og:type\" content=\"article\" \/>\n<meta property=\"og:title\" content=\"Presse\" \/>\n<meta property=\"og:description\" content=\"Unter Presse finden Sie die Presseinformationen der agriportance GmbH. Pressearchiv | Pressekontakt | Infos zu dem Speaker Henning Dicks\" \/>\n<meta property=\"og:url\" content=\"https:\/\/agriportance.com\/pl\/firma\/prasa\/\" \/>\n<meta property=\"og:site_name\" content=\"agriportance GmbH\" \/>\n<meta property=\"article:publisher\" content=\"https:\/\/www.facebook.com\/agriportance\" \/>\n<meta property=\"article:modified_time\" content=\"2023-07-31T13:14:02+00:00\" \/>\n<meta name=\"twitter:card\" content=\"summary_large_image\" \/>\n<meta name=\"twitter:site\" content=\"@agriportance\" \/>\n<meta name=\"twitter:label1\" content=\"Szacowany czas czytania\" \/>\n\t<meta name=\"twitter:data1\" content=\"1 minuta\" \/>\n<script type=\"application\/ld+json\" class=\"yoast-schema-graph\">{\"@context\":\"https:\\\/\\\/schema.org\",\"@graph\":[{\"@type\":\"WebPage\",\"@id\":\"https:\\\/\\\/agriportance.com\\\/de\\\/unternehmen\\\/presse\\\/\",\"url\":\"https:\\\/\\\/agriportance.com\\\/de\\\/unternehmen\\\/presse\\\/\",\"name\":\"Presse | Presseinformationen der agriportance GmbH\",\"isPartOf\":{\"@id\":\"https:\\\/\\\/agriportance.com\\\/#website\"},\"datePublished\":\"2023-07-26T08:30:25+00:00\",\"dateModified\":\"2023-07-31T13:14:02+00:00\",\"description\":\"Unter Presse finden Sie die Presseinformationen der agriportance GmbH. Pressearchiv | Pressekontakt | Infos zu dem Speaker Henning Dicks\",\"breadcrumb\":{\"@id\":\"https:\\\/\\\/agriportance.com\\\/de\\\/unternehmen\\\/presse\\\/#breadcrumb\"},\"inLanguage\":\"pl-PL\",\"potentialAction\":[{\"@type\":\"ReadAction\",\"target\":[\"https:\\\/\\\/agriportance.com\\\/de\\\/unternehmen\\\/presse\\\/\"]}]},{\"@type\":\"BreadcrumbList\",\"@id\":\"https:\\\/\\\/agriportance.com\\\/de\\\/unternehmen\\\/presse\\\/#breadcrumb\",\"itemListElement\":[{\"@type\":\"ListItem\",\"position\":1,\"name\":\"Startseite\",\"item\":\"https:\\\/\\\/agriportance.com\\\/de\\\/\"},{\"@type\":\"ListItem\",\"position\":2,\"name\":\"Unternehmen\",\"item\":\"https:\\\/\\\/agriportance.com\\\/de\\\/unternehmen\\\/\"},{\"@type\":\"ListItem\",\"position\":3,\"name\":\"Presse\"}]},{\"@type\":\"WebSite\",\"@id\":\"https:\\\/\\\/agriportance.com\\\/#website\",\"url\":\"https:\\\/\\\/agriportance.com\\\/\",\"name\":\"agriportance\",\"description\":\"Informationen und Dienstleistungen zu Biomethan und LCO2\",\"publisher\":{\"@id\":\"https:\\\/\\\/agriportance.com\\\/#organization\"},\"potentialAction\":[{\"@type\":\"SearchAction\",\"target\":{\"@type\":\"EntryPoint\",\"urlTemplate\":\"https:\\\/\\\/agriportance.com\\\/?s={search_term_string}\"},\"query-input\":{\"@type\":\"PropertyValueSpecification\",\"valueRequired\":true,\"valueName\":\"search_term_string\"}}],\"inLanguage\":\"pl-PL\"},{\"@type\":\"Organization\",\"@id\":\"https:\\\/\\\/agriportance.com\\\/#organization\",\"name\":\"agriportance GmbH\",\"url\":\"https:\\\/\\\/agriportance.com\\\/\",\"logo\":{\"@type\":\"ImageObject\",\"inLanguage\":\"pl-PL\",\"@id\":\"https:\\\/\\\/agriportance.com\\\/#\\\/schema\\\/logo\\\/image\\\/\",\"url\":\"https:\\\/\\\/agriportance.com\\\/wp-content\\\/uploads\\\/2023\\\/05\\\/agriportance-logo.png\",\"contentUrl\":\"https:\\\/\\\/agriportance.com\\\/wp-content\\\/uploads\\\/2023\\\/05\\\/agriportance-logo.png\",\"width\":701,\"height\":108,\"caption\":\"agriportance GmbH\"},\"image\":{\"@id\":\"https:\\\/\\\/agriportance.com\\\/#\\\/schema\\\/logo\\\/image\\\/\"},\"sameAs\":[\"https:\\\/\\\/www.facebook.com\\\/agriportance\",\"https:\\\/\\\/x.com\\\/agriportance\",\"https:\\\/\\\/de.linkedin.com\\\/company\\\/agriportance\",\"https:\\\/\\\/www.instagram.com\\\/agriportance\"]}]}<\/script>\n<!-- \/ Yoast SEO Premium plugin. -->","yoast_head_json":{"title":"Prasa | Komunikaty prasowe agriportance GmbH","description":"W sekcji Prasa znajduj\u0105 si\u0119 komunikaty prasowe agriportance GmbH. Archiwum prasowe | Kontakt prasowy | Informacje o prelegencie Henningu Dicksie","robots":{"index":"index","follow":"follow","max-snippet":"max-snippet:-1","max-image-preview":"max-image-preview:large","max-video-preview":"max-video-preview:-1"},"canonical":"https:\/\/agriportance.com\/pl\/firma\/prasa\/","og_locale":"pl_PL","og_type":"article","og_title":"Presse","og_description":"Unter Presse finden Sie die Presseinformationen der agriportance GmbH. Pressearchiv | Pressekontakt | Infos zu dem Speaker Henning Dicks","og_url":"https:\/\/agriportance.com\/pl\/firma\/prasa\/","og_site_name":"agriportance GmbH","article_publisher":"https:\/\/www.facebook.com\/agriportance","article_modified_time":"2023-07-31T13:14:02+00:00","twitter_card":"summary_large_image","twitter_site":"@agriportance","twitter_misc":{"Szacowany czas czytania":"1 minuta"},"schema":{"@context":"https:\/\/schema.org","@graph":[{"@type":"WebPage","@id":"https:\/\/agriportance.com\/de\/unternehmen\/presse\/","url":"https:\/\/agriportance.com\/de\/unternehmen\/presse\/","name":"Prasa | Komunikaty prasowe agriportance GmbH","isPartOf":{"@id":"https:\/\/agriportance.com\/#website"},"datePublished":"2023-07-26T08:30:25+00:00","dateModified":"2023-07-31T13:14:02+00:00","description":"W sekcji Prasa znajduj\u0105 si\u0119 komunikaty prasowe agriportance GmbH. Archiwum prasowe | Kontakt prasowy | Informacje o prelegencie Henningu Dicksie","breadcrumb":{"@id":"https:\/\/agriportance.com\/de\/unternehmen\/presse\/#breadcrumb"},"inLanguage":"pl-PL","potentialAction":[{"@type":"ReadAction","target":["https:\/\/agriportance.com\/de\/unternehmen\/presse\/"]}]},{"@type":"BreadcrumbList","@id":"https:\/\/agriportance.com\/de\/unternehmen\/presse\/#breadcrumb","itemListElement":[{"@type":"ListItem","position":1,"name":"Startseite","item":"https:\/\/agriportance.com\/de\/"},{"@type":"ListItem","position":2,"name":"Unternehmen","item":"https:\/\/agriportance.com\/de\/unternehmen\/"},{"@type":"ListItem","position":3,"name":"Presse"}]},{"@type":"WebSite","@id":"https:\/\/agriportance.com\/#website","url":"https:\/\/agriportance.com\/","name":"agriportance","description":"Informacje i us\u0142ugi dotycz\u0105ce biometanu i LCO2","publisher":{"@id":"https:\/\/agriportance.com\/#organization"},"potentialAction":[{"@type":"SearchAction","target":{"@type":"EntryPoint","urlTemplate":"https:\/\/agriportance.com\/?s={search_term_string}"},"query-input":{"@type":"PropertyValueSpecification","valueRequired":true,"valueName":"search_term_string"}}],"inLanguage":"pl-PL"},{"@type":"Organization","@id":"https:\/\/agriportance.com\/#organization","name":"agriportance GmbH","url":"https:\/\/agriportance.com\/","logo":{"@type":"ImageObject","inLanguage":"pl-PL","@id":"https:\/\/agriportance.com\/#\/schema\/logo\/image\/","url":"https:\/\/agriportance.com\/wp-content\/uploads\/2023\/05\/agriportance-logo.png","contentUrl":"https:\/\/agriportance.com\/wp-content\/uploads\/2023\/05\/agriportance-logo.png","width":701,"height":108,"caption":"agriportance GmbH"},"image":{"@id":"https:\/\/agriportance.com\/#\/schema\/logo\/image\/"},"sameAs":["https:\/\/www.facebook.com\/agriportance","https:\/\/x.com\/agriportance","https:\/\/de.linkedin.com\/company\/agriportance","https:\/\/www.instagram.com\/agriportance"]}]}},"_links":{"self":[{"href":"https:\/\/agriportance.com\/pl\/wp-json\/wp\/v2\/pages\/2256","targetHints":{"allow":["GET"]}}],"collection":[{"href":"https:\/\/agriportance.com\/pl\/wp-json\/wp\/v2\/pages"}],"about":[{"href":"https:\/\/agriportance.com\/pl\/wp-json\/wp\/v2\/types\/page"}],"author":[{"embeddable":true,"href":"https:\/\/agriportance.com\/pl\/wp-json\/wp\/v2\/users\/2"}],"replies":[{"embeddable":true,"href":"https:\/\/agriportance.com\/pl\/wp-json\/wp\/v2\/comments?post=2256"}],"version-history":[{"count":11,"href":"https:\/\/agriportance.com\/pl\/wp-json\/wp\/v2\/pages\/2256\/revisions"}],"predecessor-version":[{"id":2540,"href":"https:\/\/agriportance.com\/pl\/wp-json\/wp\/v2\/pages\/2256\/revisions\/2540"}],"up":[{"embeddable":true,"href":"https:\/\/agriportance.com\/pl\/wp-json\/wp\/v2\/pages\/338"}],"wp:attachment":[{"href":"https:\/\/agriportance.com\/pl\/wp-json\/wp\/v2\/media?parent=2256"}],"curies":[{"name":"wp","href":"https:\/\/api.w.org\/{rel}","templated":true}]}}