{"id":85,"date":"2016-08-05T11:43:13","date_gmt":"2016-08-05T16:43:13","guid":{"rendered":"https:\/\/dev.agriportance.com\/contact"},"modified":"2025-02-13T15:27:20","modified_gmt":"2025-02-13T15:27:20","slug":"kontakt","status":"publish","type":"page","link":"https:\/\/agriportance.com\/pl\/kontakt\/","title":{"rendered":"Kontakt"},"content":{"rendered":"<div id=\"cs-content\" class=\"cs-content\"><div class=\"x-section e85-e1 m2d-0\"><div class=\"x-row x-container max width e85-e2 m2d-1 m2d-2\"><div class=\"x-row-inner\"><div class=\"x-col e85-e3 m2d-3\"><div class=\"x-text x-text-headline e85-e4 m2d-4\"><div class=\"x-text-content\"><div class=\"x-text-content-text\"><h1 class=\"x-text-content-text-primary\">Formularz kontaktowy<\/h1>\n<\/div><\/div><\/div><div class=\"x-text x-content e85-e5 m2d-5\"><p class=\"p1\">Witamy na naszej stronie agriportance!<\/p>\n<p class=\"p1\">Chcesz si\u0119 z nami skontaktowa\u0107? Nasz formularz kontaktowy to idealny spos\u00f3b na szybkie i \u0142atwe przes\u0142anie nam wiadomo\u015bci. Czekamy na wiadomo\u015b\u0107 od Ciebie!<\/p>\n<p class=\"p1\">Nasz formularz kontaktowy oferuje mo\u017cliwo\u015b\u0107 poinformowania nas o swoich w\u0105tpliwo\u015bciach, pytaniach lub opiniach. Niezale\u017cnie od tego, czy potrzebujesz informacji o naszych us\u0142ugach, chcia\u0142by\u015b uzyska\u0107 indywidualn\u0105 porad\u0119, czy po prostu chcesz si\u0119 przywita\u0107 - jeste\u015bmy do Twojej dyspozycji.<\/p>\n<p class=\"p1\">Wype\u0142nienie naszego formularza kontaktowego jest bardzo proste. Wystarczy wpisa\u0107 swoje imi\u0119 i nazwisko, adres e-mail oraz wiadomo\u015b\u0107 i klikn\u0105\u0107 \"Wy\u015blij\". Zapewniamy, \u017ce Twoje dane s\u0105 przesy\u0142ane bezpiecznie i traktowane jako poufne.<\/p><\/div><div class=\"x-form-integration x-form-integration-embed e85-e6 m2d-6\"><script charset=\"utf-8\" type=\"text\/javascript\" src=\"\/\/js-eu1.hsforms.net\/forms\/embed\/v2.js\"><\/script> <script>\n  hbspt.forms.create({\n    region: \"eu1\",\n    portalId: \"25523324\",\n    formId: \"de664c9d-a35c-4cae-be59-912f053806c2\"\n  });\n<\/script><\/div><\/div><\/div><\/div><\/div><\/div>","protected":false},"excerpt":{"rendered":"<p>Formularz kontaktowy Witamy na naszej stronie agriportance! Chcesz si\u0119 z nami skontaktowa\u0107? Nasz formularz kontaktowy to idealny spos\u00f3b na szybkie i \u0142atwe wys\u0142anie nam wiadomo\u015bci. Czekamy na wiadomo\u015b\u0107 od Ciebie! Nasz formularz kontaktowy daje mo\u017cliwo\u015b\u0107 przes\u0142ania nam swoich w\u0105tpliwo\u015bci, pyta\u0144 lub opinii. Niezale\u017cnie od tego, czy potrzebujesz informacji o naszych us\u0142ugach, ...<\/p>","protected":false},"author":1,"featured_media":0,"parent":0,"menu_order":0,"comment_status":"closed","ping_status":"closed","template":"template-blank-4.php","meta":{"content-type":"","footnotes":""},"class_list":["post-85","page","type-page","status-publish","hentry","no-post-thumbnail"],"yoast_head":"<!-- This site is optimized with the Yoast SEO Premium plugin v27.3 (Yoast SEO v27.3) - https:\/\/yoast.com\/product\/yoast-seo-premium-wordpress\/ -->\n<title>Kontakt | agriportance.<\/title>\n<meta name=\"description\" content=\"Folgend gelangen Sie zu den Kontaktm\u00f6glichkeiten von agriportance. Kontaktieren Sie uns bei Fragen oder wenn Sie eine Beratung ben\u00f6tigen\" \/>\n<meta name=\"robots\" content=\"index, follow, max-snippet:-1, max-image-preview:large, max-video-preview:-1\" \/>\n<link rel=\"canonical\" href=\"https:\/\/agriportance.com\/pl\/kontakt\/\" \/>\n<meta property=\"og:locale\" content=\"pl_PL\" \/>\n<meta property=\"og:type\" content=\"article\" \/>\n<meta property=\"og:title\" content=\"Kontakt\" \/>\n<meta property=\"og:description\" content=\"Folgend gelangen Sie zu den Kontaktm\u00f6glichkeiten von agriportance. Kontaktieren Sie uns bei Fragen oder wenn Sie eine Beratung ben\u00f6tigen\" \/>\n<meta property=\"og:url\" content=\"https:\/\/agriportance.com\/pl\/kontakt\/\" \/>\n<meta property=\"og:site_name\" content=\"agriportance GmbH\" \/>\n<meta property=\"article:publisher\" content=\"https:\/\/www.facebook.com\/agriportance\" \/>\n<meta property=\"article:modified_time\" content=\"2025-02-13T15:27:20+00:00\" \/>\n<meta name=\"twitter:card\" content=\"summary_large_image\" \/>\n<meta name=\"twitter:site\" content=\"@agriportance\" \/>\n<meta name=\"twitter:label1\" content=\"Szacowany czas czytania\" \/>\n\t<meta name=\"twitter:data1\" content=\"1 minuta\" \/>\n<script type=\"application\/ld+json\" class=\"yoast-schema-graph\">{\"@context\":\"https:\\\/\\\/schema.org\",\"@graph\":[{\"@type\":\"WebPage\",\"@id\":\"https:\\\/\\\/agriportance.com\\\/de\\\/kontakt\\\/\",\"url\":\"https:\\\/\\\/agriportance.com\\\/de\\\/kontakt\\\/\",\"name\":\"Kontakt | agriportance.\",\"isPartOf\":{\"@id\":\"https:\\\/\\\/agriportance.com\\\/#website\"},\"datePublished\":\"2016-08-05T16:43:13+00:00\",\"dateModified\":\"2025-02-13T15:27:20+00:00\",\"description\":\"Folgend gelangen Sie zu den Kontaktm\u00f6glichkeiten von agriportance. Kontaktieren Sie uns bei Fragen oder wenn Sie eine Beratung ben\u00f6tigen\",\"breadcrumb\":{\"@id\":\"https:\\\/\\\/agriportance.com\\\/de\\\/kontakt\\\/#breadcrumb\"},\"inLanguage\":\"pl-PL\",\"potentialAction\":[{\"@type\":\"ReadAction\",\"target\":[\"https:\\\/\\\/agriportance.com\\\/de\\\/kontakt\\\/\"]}]},{\"@type\":\"BreadcrumbList\",\"@id\":\"https:\\\/\\\/agriportance.com\\\/de\\\/kontakt\\\/#breadcrumb\",\"itemListElement\":[{\"@type\":\"ListItem\",\"position\":1,\"name\":\"Startseite\",\"item\":\"https:\\\/\\\/agriportance.com\\\/de\\\/\"},{\"@type\":\"ListItem\",\"position\":2,\"name\":\"Kontakt\"}]},{\"@type\":\"WebSite\",\"@id\":\"https:\\\/\\\/agriportance.com\\\/#website\",\"url\":\"https:\\\/\\\/agriportance.com\\\/\",\"name\":\"agriportance\",\"description\":\"Informationen und Dienstleistungen zu Biomethan und LCO2\",\"publisher\":{\"@id\":\"https:\\\/\\\/agriportance.com\\\/#organization\"},\"potentialAction\":[{\"@type\":\"SearchAction\",\"target\":{\"@type\":\"EntryPoint\",\"urlTemplate\":\"https:\\\/\\\/agriportance.com\\\/?s={search_term_string}\"},\"query-input\":{\"@type\":\"PropertyValueSpecification\",\"valueRequired\":true,\"valueName\":\"search_term_string\"}}],\"inLanguage\":\"pl-PL\"},{\"@type\":\"Organization\",\"@id\":\"https:\\\/\\\/agriportance.com\\\/#organization\",\"name\":\"agriportance GmbH\",\"url\":\"https:\\\/\\\/agriportance.com\\\/\",\"logo\":{\"@type\":\"ImageObject\",\"inLanguage\":\"pl-PL\",\"@id\":\"https:\\\/\\\/agriportance.com\\\/#\\\/schema\\\/logo\\\/image\\\/\",\"url\":\"https:\\\/\\\/agriportance.com\\\/wp-content\\\/uploads\\\/2023\\\/05\\\/agriportance-logo.png\",\"contentUrl\":\"https:\\\/\\\/agriportance.com\\\/wp-content\\\/uploads\\\/2023\\\/05\\\/agriportance-logo.png\",\"width\":701,\"height\":108,\"caption\":\"agriportance GmbH\"},\"image\":{\"@id\":\"https:\\\/\\\/agriportance.com\\\/#\\\/schema\\\/logo\\\/image\\\/\"},\"sameAs\":[\"https:\\\/\\\/www.facebook.com\\\/agriportance\",\"https:\\\/\\\/x.com\\\/agriportance\",\"https:\\\/\\\/de.linkedin.com\\\/company\\\/agriportance\",\"https:\\\/\\\/www.instagram.com\\\/agriportance\"]}]}<\/script>\n<!-- \/ Yoast SEO Premium plugin. -->","yoast_head_json":{"title":"Kontakt | agriportance.","description":"Poni\u017cej znajduj\u0105 si\u0119 dane kontaktowe agriportance. Skontaktuj si\u0119 z nami, je\u015bli masz jakiekolwiek pytania lub potrzebujesz porady","robots":{"index":"index","follow":"follow","max-snippet":"max-snippet:-1","max-image-preview":"max-image-preview:large","max-video-preview":"max-video-preview:-1"},"canonical":"https:\/\/agriportance.com\/pl\/kontakt\/","og_locale":"pl_PL","og_type":"article","og_title":"Kontakt","og_description":"Folgend gelangen Sie zu den Kontaktm\u00f6glichkeiten von agriportance. Kontaktieren Sie uns bei Fragen oder wenn Sie eine Beratung ben\u00f6tigen","og_url":"https:\/\/agriportance.com\/pl\/kontakt\/","og_site_name":"agriportance GmbH","article_publisher":"https:\/\/www.facebook.com\/agriportance","article_modified_time":"2025-02-13T15:27:20+00:00","twitter_card":"summary_large_image","twitter_site":"@agriportance","twitter_misc":{"Szacowany czas czytania":"1 minuta"},"schema":{"@context":"https:\/\/schema.org","@graph":[{"@type":"WebPage","@id":"https:\/\/agriportance.com\/de\/kontakt\/","url":"https:\/\/agriportance.com\/de\/kontakt\/","name":"Kontakt | agriportance.","isPartOf":{"@id":"https:\/\/agriportance.com\/#website"},"datePublished":"2016-08-05T16:43:13+00:00","dateModified":"2025-02-13T15:27:20+00:00","description":"Poni\u017cej znajduj\u0105 si\u0119 dane kontaktowe agriportance. Skontaktuj si\u0119 z nami, je\u015bli masz jakiekolwiek pytania lub potrzebujesz porady","breadcrumb":{"@id":"https:\/\/agriportance.com\/de\/kontakt\/#breadcrumb"},"inLanguage":"pl-PL","potentialAction":[{"@type":"ReadAction","target":["https:\/\/agriportance.com\/de\/kontakt\/"]}]},{"@type":"BreadcrumbList","@id":"https:\/\/agriportance.com\/de\/kontakt\/#breadcrumb","itemListElement":[{"@type":"ListItem","position":1,"name":"Startseite","item":"https:\/\/agriportance.com\/de\/"},{"@type":"ListItem","position":2,"name":"Kontakt"}]},{"@type":"WebSite","@id":"https:\/\/agriportance.com\/#website","url":"https:\/\/agriportance.com\/","name":"agriportance","description":"Informacje i us\u0142ugi dotycz\u0105ce biometanu i LCO2","publisher":{"@id":"https:\/\/agriportance.com\/#organization"},"potentialAction":[{"@type":"SearchAction","target":{"@type":"EntryPoint","urlTemplate":"https:\/\/agriportance.com\/?s={search_term_string}"},"query-input":{"@type":"PropertyValueSpecification","valueRequired":true,"valueName":"search_term_string"}}],"inLanguage":"pl-PL"},{"@type":"Organization","@id":"https:\/\/agriportance.com\/#organization","name":"agriportance GmbH","url":"https:\/\/agriportance.com\/","logo":{"@type":"ImageObject","inLanguage":"pl-PL","@id":"https:\/\/agriportance.com\/#\/schema\/logo\/image\/","url":"https:\/\/agriportance.com\/wp-content\/uploads\/2023\/05\/agriportance-logo.png","contentUrl":"https:\/\/agriportance.com\/wp-content\/uploads\/2023\/05\/agriportance-logo.png","width":701,"height":108,"caption":"agriportance GmbH"},"image":{"@id":"https:\/\/agriportance.com\/#\/schema\/logo\/image\/"},"sameAs":["https:\/\/www.facebook.com\/agriportance","https:\/\/x.com\/agriportance","https:\/\/de.linkedin.com\/company\/agriportance","https:\/\/www.instagram.com\/agriportance"]}]}},"_links":{"self":[{"href":"https:\/\/agriportance.com\/pl\/wp-json\/wp\/v2\/pages\/85","targetHints":{"allow":["GET"]}}],"collection":[{"href":"https:\/\/agriportance.com\/pl\/wp-json\/wp\/v2\/pages"}],"about":[{"href":"https:\/\/agriportance.com\/pl\/wp-json\/wp\/v2\/types\/page"}],"author":[{"embeddable":true,"href":"https:\/\/agriportance.com\/pl\/wp-json\/wp\/v2\/users\/1"}],"replies":[{"embeddable":true,"href":"https:\/\/agriportance.com\/pl\/wp-json\/wp\/v2\/comments?post=85"}],"version-history":[{"count":13,"href":"https:\/\/agriportance.com\/pl\/wp-json\/wp\/v2\/pages\/85\/revisions"}],"predecessor-version":[{"id":36335,"href":"https:\/\/agriportance.com\/pl\/wp-json\/wp\/v2\/pages\/85\/revisions\/36335"}],"wp:attachment":[{"href":"https:\/\/agriportance.com\/pl\/wp-json\/wp\/v2\/media?parent=85"}],"curies":[{"name":"wp","href":"https:\/\/api.w.org\/{rel}","templated":true}]}}