{"id":1054,"date":"2023-06-13T08:47:55","date_gmt":"2023-06-13T08:47:55","guid":{"rendered":"https:\/\/dev.agriportance.com\/?page_id=1054"},"modified":"2024-11-22T12:32:33","modified_gmt":"2024-11-22T12:32:33","slug":"mediacao-biometano-lco2","status":"publish","type":"page","link":"https:\/\/agriportance.com\/pt\/kontakt\/vertriebsgebiete\/vermittlung-biomethan-lco2\/","title":{"rendered":"Alemanha | Corretagem de biometano e LCO2"},"content":{"rendered":"<div id=\"cs-content\" class=\"cs-content\"><div class=\"x-section e1054-e1 mta-0 mta-1 mta-2\"><div class=\"x-row x-container max width e1054-e2 mta-8 mta-9 mta-a mta-b mta-e mta-f\"><div class=\"x-row-inner\"><div class=\"x-col e1054-e3 mta-l\"><div class=\"x-section e1054-e4 mta-0 mta-2 mta-3 mta-4\"><div class=\"x-row x-container max width e1054-e5 mta-8 mta-9 mta-a mta-b mta-e mta-g\"><div class=\"x-row-inner\"><div class=\"x-col e1054-e6 mta-l\"><nav class=\"x-crumbs e1054-e7 mta-n\" role=\"navigation\"><ol class=\"x-crumbs-list\" itemscope=\"\" itemtype=\"http:\/\/schema.org\/BreadcrumbList\" aria-label=\"Navega\u00e7\u00e3o de navega\u00e7\u00e3o\"><li class=\"x-crumbs-list-item\" itemprop=\"itemListElement\" itemscope itemtype=\"http:\/\/schema.org\/ListItem\"><a class=\"x-crumbs-current x-crumbs-link\" itemtype=\"http:\/\/schema.org\/Thing\" itemprop=\"item\" href=\"https:\/\/agriportance.com\/pt\/\" title=\"Est\u00e1 aqui\"><span itemprop=\"name\"><i class=\"x-icon\" aria-hidden=\"true\" data-x-icon-s=\"&#xf015;\"><\/i><span class=\"visually-hidden\">agriport\u00e2ncia<\/span><\/span><\/a><meta itemprop=\"position\" content=\"1\"><\/li><\/ol><\/nav><\/div><\/div><\/div><\/div><\/div><\/div><\/div><\/div><div class=\"x-section e1054-e8 mta-0 mta-3 mta-5 mta-6\"><div class=\"x-bg\" aria-hidden=\"true\"><div class=\"x-bg-layer-lower-image\"><\/div><div class=\"x-bg-layer-upper-color\"><\/div><\/div><div class=\"x-div x-container max width e1054-e9 mta-o\"><div class=\"x-row e1054-e10 mta-8 mta-9 mta-c mta-h\"><div class=\"x-row-inner\"><div class=\"x-col e1054-e11 mta-l\"><span class=\"x-image e1054-e12 mta-p\"><img decoding=\"async\" src=\"https:\/\/agriportance.com\/wp-content\/uploads\/2023\/10\/maximilian-becker-agriportance.jpg\" width=\"250\" height=\"324\" alt=\"maximilian-becker-agriportance\"><\/span><\/div><div class=\"x-col e1054-e13 mta-l\"><div class=\"x-text x-text-headline e1054-e14 mta-q mta-r mta-s\"><div class=\"x-text-content\"><div class=\"x-text-content-text\">\n<h2 class=\"x-text-content-text-primary\">Maximiliano Becker<\/h2><\/div><\/div><\/div><div class=\"x-text x-content e1054-e15 mta-x mta-y\"><span data-teams=\"true\"><span class=\"ui-provider a b c d e f g h i j k l m n o p q r s t u v w x y z ab ac ae af ag ah ai aj ak\" dir=\"ltr\">L\u00edder de equipa Media\u00e7\u00e3o<\/span><\/span><\/div><div class=\"x-text x-content e1054-e16 mta-x mta-z\"><p><strong>agriportance. GmbH<\/strong><\/p>\n<p>Lippst\u00e4dter Stra\u00dfe 54 | Businessdock Building F | 48155 M\u00fcnster<\/p><\/div><div class=\"x-text x-text-headline has-graphic e1054-e17 mta-r mta-s mta-t mta-u\"><div class=\"x-text-content\"><span class=\"x-graphic\" aria-hidden=\"true\"><i class=\"x-icon x-graphic-child x-graphic-icon x-graphic-primary\" aria-hidden=\"true\" data-x-icon-s=\"&#xf3ce;\"><\/i><\/span><div class=\"x-text-content-text\"><h5 class=\"x-text-content-text-primary\">+49 176 57915277<\/h5>\n<\/div><\/div><\/div><div class=\"x-text x-text-headline has-graphic e1054-e18 mta-r mta-s mta-t mta-v\"><div class=\"x-text-content\"><span class=\"x-graphic\" aria-hidden=\"true\"><i class=\"x-icon x-graphic-child x-graphic-icon x-graphic-primary\" aria-hidden=\"true\" data-x-icon-s=\"&#xf0e0;\"><\/i><\/span><div class=\"x-text-content-text\"><h3 class=\"x-text-content-text-primary\"><a href=\"mailto:maximilian.becker@agriportance.com\">maximilian.becker@agriportance.com<\/a><\/h3>\n<\/div><\/div><\/div><\/div><\/div><\/div><\/div><\/div><div class=\"x-section e1054-e19 mta-0 mta-6 mta-7\"><div class=\"x-row x-container max width e1054-e20 mta-8 mta-a mta-d mta-i mta-j\"><div class=\"x-row-inner\"><div class=\"x-col e1054-e21 mta-l mta-m\"><div class=\"x-text x-text-headline e1054-e22 mta-s mta-w\"><div class=\"x-text-content\"><div class=\"x-text-content-text\"><h2 class=\"x-text-content-text-primary\">Tamb\u00e9m pode marcar uma consulta diretamente comigo:<\/h2>\n<\/div><\/div><\/div><\/div><\/div><\/div><div class=\"x-row x-container max width e1054-e23 mta-8 mta-a mta-d mta-i mta-k\"><div class=\"x-row-inner\"><div class=\"x-col e1054-e24 mta-l mta-m\"><div class=\"x-form-integration x-form-integration-embed e1054-e25 mta-10\"><!-- Start of Meetings Embed Script -->\n    <div class=\"meetings-iframe-container\" data-src=\"https:\/\/meetings-eu1.hubspot.com\/meetings\/max-becker?embed=true\"><\/div>\n    <script type=\"text\/javascript\" src=\"https:\/\/static.hsappstatic.net\/MeetingsEmbed\/ex\/MeetingsEmbedCode.js\"><\/script>\n  <!-- End of Meetings Embed Script --><\/div><\/div><\/div><\/div><\/div><\/div>","protected":false},"excerpt":{"rendered":"<p>agriportance Maximilian BeckerTeam Leader Media\u00e7\u00e3o agriportance. GmbH Lippst\u00e4dter Stra\u00dfe 54 | Businessdock Building F | 48155 M\u00fcnster+49 176 57915277 maximilian.becker@agriportance.com Tamb\u00e9m pode marcar uma reuni\u00e3o diretamente comigo:<\/p>","protected":false},"author":2,"featured_media":0,"parent":590,"menu_order":0,"comment_status":"closed","ping_status":"closed","template":"template-blank-4.php","meta":{"content-type":"","footnotes":""},"class_list":["post-1054","page","type-page","status-publish","hentry","no-post-thumbnail"],"yoast_head":"<!-- This site is optimized with the Yoast SEO Premium plugin v27.2 (Yoast SEO v27.3) - https:\/\/yoast.com\/product\/yoast-seo-premium-wordpress\/ -->\n<title>Vertrieb Ostdeutschland | Alles rund um Biomethan &amp; LCO2<\/title>\n<meta name=\"description\" content=\"Dienstleistungen f\u00fcr Biogasanlagenbetreiber und Vermittlung von Biomethan\/LCO2 im Raum Ostdeutschland. Kontaktieren Sie uns f\u00fcr eine Beratung\" \/>\n<meta name=\"robots\" content=\"index, follow, max-snippet:-1, max-image-preview:large, max-video-preview:-1\" \/>\n<link rel=\"canonical\" href=\"https:\/\/agriportance.com\/pt\/contacto\/territorios-de-vendas\/mediacao-biometano-lco2\/\" \/>\n<meta property=\"og:locale\" content=\"pt_PT\" \/>\n<meta property=\"og:type\" content=\"article\" \/>\n<meta property=\"og:title\" content=\"Deutschland | Vermittlung Biomethan &amp; LCO2\" \/>\n<meta property=\"og:description\" content=\"Dienstleistungen f\u00fcr Biogasanlagenbetreiber und Vermittlung von Biomethan\/LCO2 im Raum Ostdeutschland. Kontaktieren Sie uns f\u00fcr eine Beratung\" \/>\n<meta property=\"og:url\" content=\"https:\/\/agriportance.com\/pt\/contacto\/territorios-de-vendas\/mediacao-biometano-lco2\/\" \/>\n<meta property=\"og:site_name\" content=\"agriportance GmbH\" \/>\n<meta property=\"article:publisher\" content=\"https:\/\/www.facebook.com\/agriportance\" \/>\n<meta property=\"article:modified_time\" content=\"2024-11-22T12:32:33+00:00\" \/>\n<meta name=\"twitter:card\" content=\"summary_large_image\" \/>\n<meta name=\"twitter:site\" content=\"@agriportance\" \/>\n<meta name=\"twitter:label1\" content=\"Tempo estimado de leitura\" \/>\n\t<meta name=\"twitter:data1\" content=\"1 minuto\" \/>\n<script type=\"application\/ld+json\" class=\"yoast-schema-graph\">{\"@context\":\"https:\\\/\\\/schema.org\",\"@graph\":[{\"@type\":\"WebPage\",\"@id\":\"https:\\\/\\\/agriportance.com\\\/de\\\/kontakt\\\/vertriebsgebiete\\\/vermittlung-biomethan-lco2\\\/\",\"url\":\"https:\\\/\\\/agriportance.com\\\/de\\\/kontakt\\\/vertriebsgebiete\\\/vermittlung-biomethan-lco2\\\/\",\"name\":\"Vertrieb Ostdeutschland | Alles rund um Biomethan & LCO2\",\"isPartOf\":{\"@id\":\"https:\\\/\\\/agriportance.com\\\/#website\"},\"datePublished\":\"2023-06-13T08:47:55+00:00\",\"dateModified\":\"2024-11-22T12:32:33+00:00\",\"description\":\"Dienstleistungen f\u00fcr Biogasanlagenbetreiber und Vermittlung von Biomethan\\\/LCO2 im Raum Ostdeutschland. Kontaktieren Sie uns f\u00fcr eine Beratung\",\"breadcrumb\":{\"@id\":\"https:\\\/\\\/agriportance.com\\\/de\\\/kontakt\\\/vertriebsgebiete\\\/vermittlung-biomethan-lco2\\\/#breadcrumb\"},\"inLanguage\":\"pt-PT\",\"potentialAction\":[{\"@type\":\"ReadAction\",\"target\":[\"https:\\\/\\\/agriportance.com\\\/de\\\/kontakt\\\/vertriebsgebiete\\\/vermittlung-biomethan-lco2\\\/\"]}]},{\"@type\":\"BreadcrumbList\",\"@id\":\"https:\\\/\\\/agriportance.com\\\/de\\\/kontakt\\\/vertriebsgebiete\\\/vermittlung-biomethan-lco2\\\/#breadcrumb\",\"itemListElement\":[{\"@type\":\"ListItem\",\"position\":1,\"name\":\"Startseite\",\"item\":\"https:\\\/\\\/agriportance.com\\\/de\\\/\"},{\"@type\":\"ListItem\",\"position\":2,\"name\":\"Kontakt\",\"item\":\"https:\\\/\\\/agriportance.com\\\/de\\\/kontakt\\\/\"},{\"@type\":\"ListItem\",\"position\":3,\"name\":\"Vertriebsgebiete\",\"item\":\"https:\\\/\\\/agriportance.com\\\/de\\\/kontakt\\\/vertriebsgebiete\\\/\"},{\"@type\":\"ListItem\",\"position\":4,\"name\":\"Deutschland | Vermittlung Biomethan &#038; LCO2\"}]},{\"@type\":\"WebSite\",\"@id\":\"https:\\\/\\\/agriportance.com\\\/#website\",\"url\":\"https:\\\/\\\/agriportance.com\\\/\",\"name\":\"agriportance\",\"description\":\"Informationen und Dienstleistungen zu Biomethan und LCO2\",\"publisher\":{\"@id\":\"https:\\\/\\\/agriportance.com\\\/#organization\"},\"potentialAction\":[{\"@type\":\"SearchAction\",\"target\":{\"@type\":\"EntryPoint\",\"urlTemplate\":\"https:\\\/\\\/agriportance.com\\\/?s={search_term_string}\"},\"query-input\":{\"@type\":\"PropertyValueSpecification\",\"valueRequired\":true,\"valueName\":\"search_term_string\"}}],\"inLanguage\":\"pt-PT\"},{\"@type\":\"Organization\",\"@id\":\"https:\\\/\\\/agriportance.com\\\/#organization\",\"name\":\"agriportance GmbH\",\"url\":\"https:\\\/\\\/agriportance.com\\\/\",\"logo\":{\"@type\":\"ImageObject\",\"inLanguage\":\"pt-PT\",\"@id\":\"https:\\\/\\\/agriportance.com\\\/#\\\/schema\\\/logo\\\/image\\\/\",\"url\":\"https:\\\/\\\/agriportance.com\\\/wp-content\\\/uploads\\\/2023\\\/05\\\/agriportance-logo.png\",\"contentUrl\":\"https:\\\/\\\/agriportance.com\\\/wp-content\\\/uploads\\\/2023\\\/05\\\/agriportance-logo.png\",\"width\":701,\"height\":108,\"caption\":\"agriportance GmbH\"},\"image\":{\"@id\":\"https:\\\/\\\/agriportance.com\\\/#\\\/schema\\\/logo\\\/image\\\/\"},\"sameAs\":[\"https:\\\/\\\/www.facebook.com\\\/agriportance\",\"https:\\\/\\\/x.com\\\/agriportance\",\"https:\\\/\\\/de.linkedin.com\\\/company\\\/agriportance\",\"https:\\\/\\\/www.instagram.com\\\/agriportance\"]}]}<\/script>\n<!-- \/ Yoast SEO Premium plugin. -->","yoast_head_json":{"title":"Vendas Alemanha Oriental | Tudo sobre biometano e LCO2","description":"Servi\u00e7os para operadores de centrais de biog\u00e1s e aquisi\u00e7\u00e3o de biometano\/LCO2 no leste da Alemanha. Contacte-nos para uma consulta","robots":{"index":"index","follow":"follow","max-snippet":"max-snippet:-1","max-image-preview":"max-image-preview:large","max-video-preview":"max-video-preview:-1"},"canonical":"https:\/\/agriportance.com\/pt\/contacto\/territorios-de-vendas\/mediacao-biometano-lco2\/","og_locale":"pt_PT","og_type":"article","og_title":"Deutschland | Vermittlung Biomethan & LCO2","og_description":"Dienstleistungen f\u00fcr Biogasanlagenbetreiber und Vermittlung von Biomethan\/LCO2 im Raum Ostdeutschland. Kontaktieren Sie uns f\u00fcr eine Beratung","og_url":"https:\/\/agriportance.com\/pt\/contacto\/territorios-de-vendas\/mediacao-biometano-lco2\/","og_site_name":"agriportance GmbH","article_publisher":"https:\/\/www.facebook.com\/agriportance","article_modified_time":"2024-11-22T12:32:33+00:00","twitter_card":"summary_large_image","twitter_site":"@agriportance","twitter_misc":{"Tempo estimado de leitura":"1 minuto"},"schema":{"@context":"https:\/\/schema.org","@graph":[{"@type":"WebPage","@id":"https:\/\/agriportance.com\/de\/kontakt\/vertriebsgebiete\/vermittlung-biomethan-lco2\/","url":"https:\/\/agriportance.com\/de\/kontakt\/vertriebsgebiete\/vermittlung-biomethan-lco2\/","name":"Vendas Alemanha Oriental | Tudo sobre biometano e LCO2","isPartOf":{"@id":"https:\/\/agriportance.com\/#website"},"datePublished":"2023-06-13T08:47:55+00:00","dateModified":"2024-11-22T12:32:33+00:00","description":"Servi\u00e7os para operadores de centrais de biog\u00e1s e aquisi\u00e7\u00e3o de biometano\/LCO2 no leste da Alemanha. Contacte-nos para uma consulta","breadcrumb":{"@id":"https:\/\/agriportance.com\/de\/kontakt\/vertriebsgebiete\/vermittlung-biomethan-lco2\/#breadcrumb"},"inLanguage":"pt-PT","potentialAction":[{"@type":"ReadAction","target":["https:\/\/agriportance.com\/de\/kontakt\/vertriebsgebiete\/vermittlung-biomethan-lco2\/"]}]},{"@type":"BreadcrumbList","@id":"https:\/\/agriportance.com\/de\/kontakt\/vertriebsgebiete\/vermittlung-biomethan-lco2\/#breadcrumb","itemListElement":[{"@type":"ListItem","position":1,"name":"Startseite","item":"https:\/\/agriportance.com\/de\/"},{"@type":"ListItem","position":2,"name":"Kontakt","item":"https:\/\/agriportance.com\/de\/kontakt\/"},{"@type":"ListItem","position":3,"name":"Vertriebsgebiete","item":"https:\/\/agriportance.com\/de\/kontakt\/vertriebsgebiete\/"},{"@type":"ListItem","position":4,"name":"Deutschland | Vermittlung Biomethan &#038; LCO2"}]},{"@type":"WebSite","@id":"https:\/\/agriportance.com\/#website","url":"https:\/\/agriportance.com\/","name":"agriport\u00e2ncia","description":"Informa\u00e7\u00f5es e servi\u00e7os sobre biometano e LCO2","publisher":{"@id":"https:\/\/agriportance.com\/#organization"},"potentialAction":[{"@type":"SearchAction","target":{"@type":"EntryPoint","urlTemplate":"https:\/\/agriportance.com\/?s={search_term_string}"},"query-input":{"@type":"PropertyValueSpecification","valueRequired":true,"valueName":"search_term_string"}}],"inLanguage":"pt-PT"},{"@type":"Organization","@id":"https:\/\/agriportance.com\/#organization","name":"agriportance GmbH","url":"https:\/\/agriportance.com\/","logo":{"@type":"ImageObject","inLanguage":"pt-PT","@id":"https:\/\/agriportance.com\/#\/schema\/logo\/image\/","url":"https:\/\/agriportance.com\/wp-content\/uploads\/2023\/05\/agriportance-logo.png","contentUrl":"https:\/\/agriportance.com\/wp-content\/uploads\/2023\/05\/agriportance-logo.png","width":701,"height":108,"caption":"agriportance GmbH"},"image":{"@id":"https:\/\/agriportance.com\/#\/schema\/logo\/image\/"},"sameAs":["https:\/\/www.facebook.com\/agriportance","https:\/\/x.com\/agriportance","https:\/\/de.linkedin.com\/company\/agriportance","https:\/\/www.instagram.com\/agriportance"]}]}},"_links":{"self":[{"href":"https:\/\/agriportance.com\/pt\/wp-json\/wp\/v2\/pages\/1054","targetHints":{"allow":["GET"]}}],"collection":[{"href":"https:\/\/agriportance.com\/pt\/wp-json\/wp\/v2\/pages"}],"about":[{"href":"https:\/\/agriportance.com\/pt\/wp-json\/wp\/v2\/types\/page"}],"author":[{"embeddable":true,"href":"https:\/\/agriportance.com\/pt\/wp-json\/wp\/v2\/users\/2"}],"replies":[{"embeddable":true,"href":"https:\/\/agriportance.com\/pt\/wp-json\/wp\/v2\/comments?post=1054"}],"version-history":[{"count":11,"href":"https:\/\/agriportance.com\/pt\/wp-json\/wp\/v2\/pages\/1054\/revisions"}],"predecessor-version":[{"id":35237,"href":"https:\/\/agriportance.com\/pt\/wp-json\/wp\/v2\/pages\/1054\/revisions\/35237"}],"up":[{"embeddable":true,"href":"https:\/\/agriportance.com\/pt\/wp-json\/wp\/v2\/pages\/590"}],"wp:attachment":[{"href":"https:\/\/agriportance.com\/pt\/wp-json\/wp\/v2\/media?parent=1054"}],"curies":[{"name":"wp","href":"https:\/\/api.w.org\/{rel}","templated":true}]}}