{"id":338,"date":"2023-05-15T08:50:40","date_gmt":"2023-05-15T08:50:40","guid":{"rendered":"https:\/\/dev.agriportance.com\/?page_id=338"},"modified":"2025-07-08T07:51:40","modified_gmt":"2025-07-08T07:51:40","slug":"empresa","status":"publish","type":"page","link":"https:\/\/agriportance.com\/pt\/unternehmen\/","title":{"rendered":"Empresa"},"content":{"rendered":"<div id=\"cs-content\" class=\"cs-content\"><div class=\"x-section e338-e1 m9e-0 m9e-1 m9e-2 m9e-3\"><div class=\"x-row x-container max width e338-e2 m9e-h m9e-i m9e-m m9e-n\"><div class=\"x-row-inner\"><div class=\"x-col e338-e3 m9e-s m9e-t\"><div class=\"x-section e338-e4 m9e-0 m9e-1 m9e-3 m9e-4 m9e-5\"><div class=\"x-row x-container max width e338-e5 m9e-h m9e-i m9e-m m9e-o\"><div class=\"x-row-inner\"><div class=\"x-col e338-e6 m9e-s m9e-t\"><nav class=\"x-crumbs e338-e7 m9e-w\" role=\"navigation\"><ol class=\"x-crumbs-list\" itemscope=\"\" itemtype=\"http:\/\/schema.org\/BreadcrumbList\" aria-label=\"Navega\u00e7\u00e3o de navega\u00e7\u00e3o\"><li class=\"x-crumbs-list-item\" itemprop=\"itemListElement\" itemscope itemtype=\"http:\/\/schema.org\/ListItem\"><a class=\"x-crumbs-current x-crumbs-link\" itemtype=\"http:\/\/schema.org\/Thing\" itemprop=\"item\" href=\"https:\/\/agriportance.com\/pt\/\" title=\"Est\u00e1 aqui\"><span itemprop=\"name\"><i class=\"x-icon\" aria-hidden=\"true\" data-x-icon-s=\"&#xf015;\"><\/i><span class=\"visually-hidden\">agriport\u00e2ncia<\/span><\/span><\/a><meta itemprop=\"position\" content=\"1\"><\/li><\/ol><\/nav><\/div><\/div><\/div><\/div><\/div><\/div><\/div><\/div><div class=\"x-section e338-e8 m9e-0 m9e-1 m9e-4 m9e-6 m9e-7 m9e-8\"><div class=\"x-container max width e338-e9 m9e-x m9e-y\"><div class=\"x-column x-sm x-1-1 e338-e10 m9e-10 m9e-11\"><div class=\"x-text x-text-headline e338-e11 m9e-1e m9e-1f m9e-1g m9e-1h m9e-1i m9e-1j m9e-1k m9e-1l m9e-1m m9e-1n\"><div class=\"x-text-content\"><div class=\"x-text-content-text\"><h1 class=\"x-text-content-text-primary\">agriportance - mais energia para a sustentabilidade<\/h1>\n<\/div><\/div><\/div><\/div><\/div><div class=\"x-container max width e338-e12 m9e-x m9e-y\"><div class=\"x-column x-sm x-3-5 e338-e13 m9e-10 m9e-11 m9e-12 m9e-13\"><div class=\"x-bg\" aria-hidden=\"true\"><div class=\"x-bg-layer-upper-image\" data-x-element-bg-layer=\"{&quot;parallaxSize&quot;:&quot;120%&quot;,&quot;parallaxDir&quot;:&quot;v&quot;,&quot;parallaxRev&quot;:true}\"><\/div><\/div><hr class=\"x-line e338-e14 m9e-1y\"\/><\/div><div class=\"x-column x-sm x-2-5 e338-e15 m9e-10 m9e-14 m9e-15 m9e-16\"><div class=\"x-text x-text-headline e338-e16 m9e-1g m9e-1h m9e-1i m9e-1m m9e-1o m9e-1p m9e-1q m9e-1r\"><div class=\"x-text-content\"><div class=\"x-text-content-text\"><p class=\"x-text-content-text-subheadline\">O ambiente \u00e9-nos muito caro<\/p>\n<div class=\"x-text-content-text-primary\">A paix\u00e3o pela sustentabilidade transformou-se numa ideia de neg\u00f3cio<\/div><\/div><\/div><\/div><div class=\"x-text x-content e338-e17 m9e-1z m9e-20 m9e-21\">A vis\u00e3o de trazer mais prote\u00e7\u00e3o clim\u00e1tica para a agricultura deu origem a uma ideia de neg\u00f3cio que refor\u00e7a de forma sustent\u00e1vel a transi\u00e7\u00e3o energ\u00e9tica para o sector dos combust\u00edveis.<\/div><\/div><\/div><\/div><div class=\"x-section e338-e18 m9e-0 m9e-1 m9e-8 m9e-9 m9e-a\"><div class=\"x-row e338-e19 m9e-h m9e-j m9e-k m9e-p repro-product-tables-outer-row\"><div class=\"x-row-inner\"><div class=\"x-col e338-e20 m9e-s m9e-u\"><div class=\"x-row e338-e21 m9e-h m9e-j m9e-l m9e-q\"><div class=\"x-row-inner\"><div class=\"x-col e338-e22 m9e-s m9e-t m9e-v\"><div class=\"x-text x-text-headline e338-e23 m9e-1f m9e-1g m9e-1h m9e-1i m9e-1j m9e-1q m9e-1r m9e-1s\"><div class=\"x-text-content\"><div class=\"x-text-content-text\"><h2 class=\"x-text-content-text-primary\">A empresa agriportance.<\/h2>\n<\/div><\/div><\/div><div class=\"x-text x-content e338-e24 m9e-20 m9e-22\"><p>Connosco, recebe aconselhamento e otimiza\u00e7\u00e3o s\u00f3lidos e fi\u00e1veis para obter o melhor resultado para o seu projeto. Atrav\u00e9s da nossa rede, conseguimos intermediar o biometano e o LCO2 de forma lucrativa, tanto para os clientes como para os produtores. Al\u00e9m disso, os nossos servi\u00e7os e ferramentas oferecem-lhe solu\u00e7\u00f5es \u00e0 medida para o apoiar eficazmente na certifica\u00e7\u00e3o de sustentabilidade, por exemplo.<\/p>\n<p>90% da nossa equipa tem forma\u00e7\u00e3o agr\u00edcola e encontrou no agroneg\u00f3cio a sua paix\u00e3o. Conhecemos o mercado e transmitimos-lhe a nossa experi\u00eancia.<\/p>\n<p>N\u00e3o hesite em telefonar-nos ou enviar-nos um e-mail e falaremos diretamente sobre o que podemos fazer por si.<\/p><\/div><a class=\"x-anchor x-anchor-button has-graphic e338-e25 m9e-24 m9e-25 m9e-26 m9e-27\" tabindex=\"0\" href=\"https:\/\/share-eu1.hsforms.com\/1MaGDJFhJT4GBcpuq-pnsogf71x8\"><div class=\"x-anchor-content\"><span class=\"x-graphic\" aria-hidden=\"true\"><i class=\"x-icon x-graphic-child x-graphic-icon x-graphic-primary\" aria-hidden=\"true\" data-x-icon-s=\"&#xf101;\"><\/i><\/span><div class=\"x-anchor-text\"><span class=\"x-anchor-text-primary\">Contacto<\/span><\/div><\/div><\/a><\/div><\/div><\/div><\/div><\/div><\/div><\/div><div class=\"x-section e338-e26 m9e-0 m9e-1 m9e-8 m9e-a m9e-b\"><div class=\"x-container e338-e27 m9e-x m9e-y\"><div class=\"x-column x-sm x-1-1 e338-e28 m9e-10 m9e-11\"><a class=\"x-anchor x-anchor-button has-graphic e338-e29 m9e-26 m9e-27 m9e-28 m9e-29 m9e-2a\" tabindex=\"0\" href=\"https:\/\/share-eu1.hsforms.com\/1npfZKCtTTi2QkSHl68Lvowf71x8\" target=\"_blank\" rel=\"noopener noreferrer\"><div class=\"x-anchor-content\"><span class=\"x-graphic\" aria-hidden=\"true\"><i class=\"x-icon x-graphic-child x-graphic-icon x-graphic-primary\" aria-hidden=\"true\" data-x-icon-s=\"&#xf105;\"><\/i><i class=\"x-icon x-graphic-child x-graphic-icon x-graphic-secondary\" aria-hidden=\"true\" data-x-icon-s=\"&#xf101;\"><\/i><\/span><div class=\"x-anchor-text\"><span class=\"x-anchor-text-primary\" data-x-single-anim=\"x-scale-up\">Subscrever a newsletter agora<\/span><\/div><\/div><\/a><\/div><\/div><\/div><div class=\"x-section e338-e30 m9e-0 m9e-1 m9e-7 m9e-8 m9e-c m9e-d\"><div class=\"x-container max width e338-e31 m9e-x m9e-y\"><div class=\"x-column x-sm x-1-2 e338-e32 m9e-10 m9e-13 m9e-15 m9e-16 m9e-17 m9e-18\"><div class=\"x-bg\" aria-hidden=\"true\"><div class=\"x-bg-layer-upper-image\" data-x-element-bg-layer=\"{&quot;parallaxSize&quot;:&quot;120%&quot;,&quot;parallaxDir&quot;:&quot;v&quot;,&quot;parallaxRev&quot;:true}\"><\/div><\/div><div class=\"x-text x-text-headline e338-e33 m9e-1h m9e-1k m9e-1m m9e-1p m9e-1r m9e-1t m9e-1u\"><div class=\"x-text-content\"><div class=\"x-text-content-text\"><p class=\"x-text-content-text-subheadline\">Informativo<\/p>\n<h3 class=\"x-text-content-text-primary\">Clique aqui para ver os nossos eventos<\/h3><\/div><\/div><\/div><a class=\"x-anchor x-anchor-button has-graphic e338-e34 m9e-25 m9e-26 m9e-29 m9e-2b m9e-2c\" tabindex=\"0\" href=\"https:\/\/agriportance.com\/pt\/empresa\/eventos\/\" target=\"_blank\" rel=\"noopener noreferrer\"><div class=\"x-anchor-content\"><span class=\"x-graphic\" aria-hidden=\"true\"><i class=\"x-icon x-graphic-child x-graphic-icon x-graphic-primary\" aria-hidden=\"true\" data-x-icon-s=\"&#xf105;\"><\/i><i class=\"x-icon x-graphic-child x-graphic-icon x-graphic-secondary\" aria-hidden=\"true\" data-x-icon-s=\"&#xf101;\"><\/i><\/span><\/div><\/a><\/div><div class=\"x-column x-sm x-1-2 e338-e35 m9e-10 m9e-13 m9e-15 m9e-16 m9e-17 m9e-19\"><div class=\"x-bg\" aria-hidden=\"true\"><div class=\"x-bg-layer-upper-image\" data-x-element-bg-layer=\"{&quot;parallaxSize&quot;:&quot;120%&quot;,&quot;parallaxDir&quot;:&quot;v&quot;,&quot;parallaxRev&quot;:true}\"><\/div><\/div><div class=\"x-text x-text-headline e338-e36 m9e-1h m9e-1k m9e-1m m9e-1p m9e-1r m9e-1t m9e-1u\"><div class=\"x-text-content\"><div class=\"x-text-content-text\"><p class=\"x-text-content-text-subheadline\">Hist\u00f3ria da funda\u00e7\u00e3o<\/p>\n<h3 class=\"x-text-content-text-primary\">Simplesmente mais simples: digitalizar os processos e promover as energias renov\u00e1veis.<\/h3><\/div><\/div><\/div><a class=\"x-anchor x-anchor-button has-graphic e338-e37 m9e-25 m9e-26 m9e-29 m9e-2b m9e-2c\" tabindex=\"0\" href=\"https:\/\/agriportance.com\/pt\/blogue\/agriportance-a-historia-de-uma-jovem-empresa-que-esta-a-moldar-a-transicao-energetica\/\" target=\"_blank\" rel=\"noopener noreferrer\"><div class=\"x-anchor-content\"><span class=\"x-graphic\" aria-hidden=\"true\"><i class=\"x-icon x-graphic-child x-graphic-icon x-graphic-primary\" aria-hidden=\"true\" data-x-icon-s=\"&#xf105;\"><\/i><i class=\"x-icon x-graphic-child x-graphic-icon x-graphic-secondary\" aria-hidden=\"true\" data-x-icon-s=\"&#xf101;\"><\/i><\/span><\/div><\/a><\/div><\/div><\/div><div class=\"x-section e338-e38 m9e-0 m9e-3 m9e-e\"><div class=\"x-row x-container max width e338-e39 m9e-h m9e-i m9e-m m9e-r\"><div class=\"x-row-inner\"><div class=\"x-col e338-e40 m9e-s m9e-t\"><span class=\"x-image e338-e41 m9e-2e m9e-2f m9e-2g\"><img decoding=\"async\" src=\"https:\/\/agriportance.com\/wp-content\/uploads\/2025\/07\/first-climate-co2.png\" width=\"353\" height=\"500\" alt=\"Imagem\"><\/span><\/div><div class=\"x-col e338-e42 m9e-s m9e-t\"><div class=\"x-text x-text-headline e338-e43 m9e-1h m9e-1i m9e-1j m9e-1k m9e-1l m9e-1m m9e-1n m9e-1t m9e-1v\"><div class=\"x-text-content\"><div class=\"x-text-content-text\"><h3 class=\"x-text-content-text-primary\"><span style=\"color: #ffffff;\"><span style=\"color: #000000;\">N\u00f3s\u00a0 \u00a0 \u00a0 <\/span><\/span><span style=\"color: #ffffff;\"><span style=\"color: #000000;\">\u00a0 \u00a0 \u00a0 \u00a0 \u00a0<\/span><\/span><span style=\"color: #ffffff;\"><span style=\"color: #000000;\">s\u00e3o\u00a0 \u00a0 \u00a0 \u00a0 \u00a0<\/span><\/span><span style=\"color: #ffffff;\"><span style=\"color: #000000;\">\u00a0<\/span><\/span><span style=\"color: #ffffff;\"><span style=\"color: #000000;\"><span style=\"color: #339966;\">verde<\/span><\/span><\/span><\/h3>\n<\/div><\/div><\/div><\/div><\/div><\/div><\/div><div class=\"x-text x-text-headline e338-e44 m9e-1h m9e-1i m9e-1j m9e-1k m9e-1l m9e-1m m9e-1t m9e-1v m9e-1w\"><div class=\"x-text-content\"><div class=\"x-text-content-text\"><h2 class=\"x-text-content-text-primary\"><span style=\"color: #ffffff;\">A equipa<\/span><\/h2>\n<\/div><\/div><\/div><div class=\"x-section e338-e45 m9e-0 m9e-1 m9e-8 m9e-f m9e-g\"><div class=\"x-bg\" aria-hidden=\"true\"><div class=\"x-bg-layer-lower-color\"><\/div><div class=\"x-bg-layer-upper-image\" data-x-element-bg-layer=\"{&quot;parallaxSize&quot;:&quot;120%&quot;,&quot;parallaxDir&quot;:&quot;v&quot;,&quot;parallaxRev&quot;:true}\"><\/div><\/div><div class=\"x-container max width e338-e46 m9e-y m9e-z\"><div class=\"x-column x-sm x-2-3 e338-e47 m9e-10 m9e-11\">&nbsp;<\/div><div class=\"x-column x-sm x-1-3 e338-e48 m9e-10 m9e-11\"><a class=\"x-anchor x-anchor-button has-graphic e338-e49 m9e-26 m9e-27 m9e-29 m9e-2a m9e-2b m9e-2d\" tabindex=\"0\" href=\"https:\/\/agriportance.com\/pt\/empresa\/equipa-agriportance-2\/\" target=\"_blank\" rel=\"noopener noreferrer\"><div class=\"x-anchor-content\"><span class=\"x-graphic\" aria-hidden=\"true\"><i class=\"x-icon x-graphic-child x-graphic-icon x-graphic-primary\" aria-hidden=\"true\" data-x-icon-s=\"&#xf105;\"><\/i><i class=\"x-icon x-graphic-child x-graphic-icon x-graphic-secondary\" aria-hidden=\"true\" data-x-icon-s=\"&#xf101;\"><\/i><\/span><div class=\"x-anchor-text\"><span class=\"x-anchor-text-primary\">Conhe\u00e7a-nos<\/span><\/div><\/div><\/a><\/div><\/div><\/div><div class=\"x-section e338-e50 m9e-0 m9e-1 m9e-7 m9e-8 m9e-c m9e-g\"><div class=\"x-container max width e338-e51 m9e-x m9e-y\"><div class=\"x-column x-sm x-1-1 e338-e52 m9e-10 m9e-16 m9e-1a\"><div class=\"x-text x-text-headline e338-e53 m9e-1f m9e-1g m9e-1h m9e-1i m9e-1k m9e-1l m9e-1n m9e-1v m9e-1x\"><div class=\"x-text-content\"><div class=\"x-text-content-text\"><h3 class=\"x-text-content-text-primary\">Juntos somos fortes!<\/h3>\n<\/div><\/div><\/div><div class=\"x-text x-content e338-e54 m9e-20 m9e-21 m9e-23\"><h2>Somos parceiros:<\/h2><\/div><\/div><\/div><div class=\"x-container max width marginless-columns e338-e55 m9e-x m9e-y\"><div class=\"x-column x-sm x-1-4 e338-e56 m9e-10 m9e-14 m9e-1b m9e-1c\"><span class=\"x-image e338-e57 m9e-2e m9e-2f m9e-2h\"><img decoding=\"async\" src=\"https:\/\/agriportance.com\/wp-content\/uploads\/2023\/06\/1-stork.energy-logo-grau.webp\" width=\"189\" height=\"116\" alt=\"storch-energy\"><\/span><\/div><div class=\"x-column x-sm x-1-4 e338-e58 m9e-10 m9e-14 m9e-1b m9e-1d\"><span class=\"x-image e338-e59 m9e-2e m9e-2h m9e-2i m9e-2j\"><img decoding=\"async\" src=\"https:\/\/agriportance.com\/wp-content\/uploads\/2023\/06\/digital-hub-muensterland.webp\" width=\"170\" height=\"61\" alt=\"digitasl-hub-muensterland\"><\/span><\/div><div class=\"x-column x-sm x-1-4 e338-e60 m9e-10 m9e-14 m9e-1b m9e-1c\"><\/div><div class=\"x-column x-sm x-1-4 e338-e62 m9e-10 m9e-14 m9e-1b m9e-1d\"><span class=\"x-image e338-e63 m9e-2e m9e-2h m9e-2i m9e-2j\"><img decoding=\"async\" src=\"https:\/\/agriportance.com\/wp-content\/uploads\/2023\/06\/Logo_ProjectTogether_w600.webp\" width=\"300\" height=\"150\" alt=\"projeto em conjunto\"><\/span><\/div><\/div><div class=\"x-container max width marginless-columns e338-e64 m9e-x m9e-y\"><div class=\"x-column x-sm x-1-4 e338-e65 m9e-10 m9e-14 m9e-1b m9e-1d\"><span class=\"x-image e338-e66 m9e-2e m9e-2h m9e-2i m9e-2j\"><img decoding=\"async\" src=\"https:\/\/agriportance.com\/wp-content\/uploads\/2023\/06\/Climate-Founders-Logo.webp\" width=\"367\" height=\"114\" alt=\"fundadores do clima\"><\/span><\/div><div class=\"x-column x-sm x-1-4 e338-e67 m9e-10 m9e-14 m9e-1b m9e-1c\"><span class=\"x-image e338-e68 m9e-2e m9e-2f m9e-2h\"><img decoding=\"async\" src=\"https:\/\/agriportance.com\/wp-content\/uploads\/2023\/06\/seedhouse_logo_greenblack_sign-768x432-1.png\" width=\"384\" height=\"216\" alt=\"casa de sementes\"><\/span><\/div><div class=\"x-column x-sm x-1-4 e338-e69 m9e-10 m9e-14 m9e-1b m9e-1d\"><span class=\"x-image e338-e70 m9e-2e m9e-2f m9e-2h\"><img decoding=\"async\" src=\"https:\/\/agriportance.com\/wp-content\/uploads\/2023\/06\/REACH_Logo_02.webp\" width=\"123\" height=\"94\" alt=\"reach-euregio-start-up-centre\"><\/span><\/div><div class=\"x-column x-sm x-1-4 e338-e71 m9e-10 m9e-14 m9e-1b m9e-1c\"><span class=\"x-image e338-e72 m9e-2e m9e-2h m9e-2j m9e-2k\"><img decoding=\"async\" src=\"https:\/\/agriportance.com\/wp-content\/uploads\/2023\/06\/gruendergarage-muenster-logo.png\" width=\"153\" height=\"44\" alt=\"gruendergarage-muenster-logo\"><\/span><\/div><\/div><\/div><\/div>","protected":false},"excerpt":{"rendered":"<p>agriportanceagriportance - com mais energia para a sustentabilidade O ambiente est\u00e1 perto dos nossos cora\u00e7\u00f5es Uma ideia de neg\u00f3cio nasceu do amor pela sustentabilidadeUma ideia de neg\u00f3cio nasceu da vis\u00e3o de trazer mais prote\u00e7\u00e3o clim\u00e1tica para a agricultura, o que refor\u00e7a de forma sustent\u00e1vel a transi\u00e7\u00e3o energ\u00e9tica para o sector dos combust\u00edveis. agriportance. Oferecemos-lhe aconselhamento e otimiza\u00e7\u00e3o s\u00f3lidos e fi\u00e1veis para obter o melhor resultado.<\/p>","protected":false},"author":2,"featured_media":0,"parent":0,"menu_order":0,"comment_status":"closed","ping_status":"closed","template":"template-blank-4.php","meta":{"content-type":"","footnotes":""},"class_list":["post-338","page","type-page","status-publish","hentry","no-post-thumbnail"],"yoast_head":"<!-- This site is optimized with the Yoast SEO Premium plugin v27.3 (Yoast SEO v27.3) - https:\/\/yoast.com\/product\/yoast-seo-premium-wordpress\/ -->\n<title>agriportance. | Infos &amp; News zum Unternehmen<\/title>\n<meta name=\"description\" content=\"Sie m\u00f6chten mehr \u00fcber das Unternehmen agriportance erfahren? Folgend erhalten Sie Infos zu unserem Unternehmen. Jetzt mehr erfahren \u2705\" \/>\n<meta name=\"robots\" content=\"index, follow, max-snippet:-1, max-image-preview:large, max-video-preview:-1\" \/>\n<link rel=\"canonical\" href=\"https:\/\/agriportance.com\/pt\/empresa\/\" \/>\n<meta property=\"og:locale\" content=\"pt_PT\" \/>\n<meta property=\"og:type\" content=\"article\" \/>\n<meta property=\"og:title\" content=\"Unternehmen\" \/>\n<meta property=\"og:description\" content=\"Sie m\u00f6chten mehr \u00fcber das Unternehmen agriportance erfahren? Folgend erhalten Sie Infos zu unserem Unternehmen. Jetzt mehr erfahren \u2705\" \/>\n<meta property=\"og:url\" content=\"https:\/\/agriportance.com\/pt\/empresa\/\" \/>\n<meta property=\"og:site_name\" content=\"agriportance GmbH\" \/>\n<meta property=\"article:publisher\" content=\"https:\/\/www.facebook.com\/agriportance\" \/>\n<meta property=\"article:modified_time\" content=\"2025-07-08T07:51:40+00:00\" \/>\n<meta name=\"twitter:card\" content=\"summary_large_image\" \/>\n<meta name=\"twitter:site\" content=\"@agriportance\" \/>\n<meta name=\"twitter:label1\" content=\"Tempo estimado de leitura\" \/>\n\t<meta name=\"twitter:data1\" content=\"2 minutos\" \/>\n<script type=\"application\/ld+json\" class=\"yoast-schema-graph\">{\"@context\":\"https:\\\/\\\/schema.org\",\"@graph\":[{\"@type\":\"WebPage\",\"@id\":\"https:\\\/\\\/agriportance.com\\\/de\\\/unternehmen\\\/\",\"url\":\"https:\\\/\\\/agriportance.com\\\/de\\\/unternehmen\\\/\",\"name\":\"agriportance. | Infos & News zum Unternehmen\",\"isPartOf\":{\"@id\":\"https:\\\/\\\/agriportance.com\\\/#website\"},\"datePublished\":\"2023-05-15T08:50:40+00:00\",\"dateModified\":\"2025-07-08T07:51:40+00:00\",\"description\":\"Sie m\u00f6chten mehr \u00fcber das Unternehmen agriportance erfahren? Folgend erhalten Sie Infos zu unserem Unternehmen. Jetzt mehr erfahren \u2705\",\"breadcrumb\":{\"@id\":\"https:\\\/\\\/agriportance.com\\\/de\\\/unternehmen\\\/#breadcrumb\"},\"inLanguage\":\"pt-PT\",\"potentialAction\":[{\"@type\":\"ReadAction\",\"target\":[\"https:\\\/\\\/agriportance.com\\\/de\\\/unternehmen\\\/\"]}]},{\"@type\":\"BreadcrumbList\",\"@id\":\"https:\\\/\\\/agriportance.com\\\/de\\\/unternehmen\\\/#breadcrumb\",\"itemListElement\":[{\"@type\":\"ListItem\",\"position\":1,\"name\":\"Startseite\",\"item\":\"https:\\\/\\\/agriportance.com\\\/de\\\/\"},{\"@type\":\"ListItem\",\"position\":2,\"name\":\"Unternehmen\"}]},{\"@type\":\"WebSite\",\"@id\":\"https:\\\/\\\/agriportance.com\\\/#website\",\"url\":\"https:\\\/\\\/agriportance.com\\\/\",\"name\":\"agriportance\",\"description\":\"Informationen und Dienstleistungen zu Biomethan und LCO2\",\"publisher\":{\"@id\":\"https:\\\/\\\/agriportance.com\\\/#organization\"},\"potentialAction\":[{\"@type\":\"SearchAction\",\"target\":{\"@type\":\"EntryPoint\",\"urlTemplate\":\"https:\\\/\\\/agriportance.com\\\/?s={search_term_string}\"},\"query-input\":{\"@type\":\"PropertyValueSpecification\",\"valueRequired\":true,\"valueName\":\"search_term_string\"}}],\"inLanguage\":\"pt-PT\"},{\"@type\":\"Organization\",\"@id\":\"https:\\\/\\\/agriportance.com\\\/#organization\",\"name\":\"agriportance GmbH\",\"url\":\"https:\\\/\\\/agriportance.com\\\/\",\"logo\":{\"@type\":\"ImageObject\",\"inLanguage\":\"pt-PT\",\"@id\":\"https:\\\/\\\/agriportance.com\\\/#\\\/schema\\\/logo\\\/image\\\/\",\"url\":\"https:\\\/\\\/agriportance.com\\\/wp-content\\\/uploads\\\/2023\\\/05\\\/agriportance-logo.png\",\"contentUrl\":\"https:\\\/\\\/agriportance.com\\\/wp-content\\\/uploads\\\/2023\\\/05\\\/agriportance-logo.png\",\"width\":701,\"height\":108,\"caption\":\"agriportance GmbH\"},\"image\":{\"@id\":\"https:\\\/\\\/agriportance.com\\\/#\\\/schema\\\/logo\\\/image\\\/\"},\"sameAs\":[\"https:\\\/\\\/www.facebook.com\\\/agriportance\",\"https:\\\/\\\/x.com\\\/agriportance\",\"https:\\\/\\\/de.linkedin.com\\\/company\\\/agriportance\",\"https:\\\/\\\/www.instagram.com\\\/agriportance\"]}]}<\/script>\n<!-- \/ Yoast SEO Premium plugin. -->","yoast_head_json":{"title":"agriportance. | Informa\u00e7\u00f5es e not\u00edcias sobre a empresa","description":"Gostaria de obter mais informa\u00e7\u00f5es sobre a agriportance? Abaixo encontrar\u00e1 informa\u00e7\u00f5es sobre a nossa empresa. Saiba mais agora \u2705","robots":{"index":"index","follow":"follow","max-snippet":"max-snippet:-1","max-image-preview":"max-image-preview:large","max-video-preview":"max-video-preview:-1"},"canonical":"https:\/\/agriportance.com\/pt\/empresa\/","og_locale":"pt_PT","og_type":"article","og_title":"Unternehmen","og_description":"Sie m\u00f6chten mehr \u00fcber das Unternehmen agriportance erfahren? Folgend erhalten Sie Infos zu unserem Unternehmen. Jetzt mehr erfahren \u2705","og_url":"https:\/\/agriportance.com\/pt\/empresa\/","og_site_name":"agriportance GmbH","article_publisher":"https:\/\/www.facebook.com\/agriportance","article_modified_time":"2025-07-08T07:51:40+00:00","twitter_card":"summary_large_image","twitter_site":"@agriportance","twitter_misc":{"Tempo estimado de leitura":"2 minutos"},"schema":{"@context":"https:\/\/schema.org","@graph":[{"@type":"WebPage","@id":"https:\/\/agriportance.com\/de\/unternehmen\/","url":"https:\/\/agriportance.com\/de\/unternehmen\/","name":"agriportance. | Informa\u00e7\u00f5es e not\u00edcias sobre a empresa","isPartOf":{"@id":"https:\/\/agriportance.com\/#website"},"datePublished":"2023-05-15T08:50:40+00:00","dateModified":"2025-07-08T07:51:40+00:00","description":"Gostaria de obter mais informa\u00e7\u00f5es sobre a agriportance? Abaixo encontrar\u00e1 informa\u00e7\u00f5es sobre a nossa empresa. Saiba mais agora \u2705","breadcrumb":{"@id":"https:\/\/agriportance.com\/de\/unternehmen\/#breadcrumb"},"inLanguage":"pt-PT","potentialAction":[{"@type":"ReadAction","target":["https:\/\/agriportance.com\/de\/unternehmen\/"]}]},{"@type":"BreadcrumbList","@id":"https:\/\/agriportance.com\/de\/unternehmen\/#breadcrumb","itemListElement":[{"@type":"ListItem","position":1,"name":"Startseite","item":"https:\/\/agriportance.com\/de\/"},{"@type":"ListItem","position":2,"name":"Unternehmen"}]},{"@type":"WebSite","@id":"https:\/\/agriportance.com\/#website","url":"https:\/\/agriportance.com\/","name":"agriport\u00e2ncia","description":"Informa\u00e7\u00f5es e servi\u00e7os sobre biometano e LCO2","publisher":{"@id":"https:\/\/agriportance.com\/#organization"},"potentialAction":[{"@type":"SearchAction","target":{"@type":"EntryPoint","urlTemplate":"https:\/\/agriportance.com\/?s={search_term_string}"},"query-input":{"@type":"PropertyValueSpecification","valueRequired":true,"valueName":"search_term_string"}}],"inLanguage":"pt-PT"},{"@type":"Organization","@id":"https:\/\/agriportance.com\/#organization","name":"agriportance GmbH","url":"https:\/\/agriportance.com\/","logo":{"@type":"ImageObject","inLanguage":"pt-PT","@id":"https:\/\/agriportance.com\/#\/schema\/logo\/image\/","url":"https:\/\/agriportance.com\/wp-content\/uploads\/2023\/05\/agriportance-logo.png","contentUrl":"https:\/\/agriportance.com\/wp-content\/uploads\/2023\/05\/agriportance-logo.png","width":701,"height":108,"caption":"agriportance GmbH"},"image":{"@id":"https:\/\/agriportance.com\/#\/schema\/logo\/image\/"},"sameAs":["https:\/\/www.facebook.com\/agriportance","https:\/\/x.com\/agriportance","https:\/\/de.linkedin.com\/company\/agriportance","https:\/\/www.instagram.com\/agriportance"]}]}},"_links":{"self":[{"href":"https:\/\/agriportance.com\/pt\/wp-json\/wp\/v2\/pages\/338","targetHints":{"allow":["GET"]}}],"collection":[{"href":"https:\/\/agriportance.com\/pt\/wp-json\/wp\/v2\/pages"}],"about":[{"href":"https:\/\/agriportance.com\/pt\/wp-json\/wp\/v2\/types\/page"}],"author":[{"embeddable":true,"href":"https:\/\/agriportance.com\/pt\/wp-json\/wp\/v2\/users\/2"}],"replies":[{"embeddable":true,"href":"https:\/\/agriportance.com\/pt\/wp-json\/wp\/v2\/comments?post=338"}],"version-history":[{"count":23,"href":"https:\/\/agriportance.com\/pt\/wp-json\/wp\/v2\/pages\/338\/revisions"}],"predecessor-version":[{"id":37540,"href":"https:\/\/agriportance.com\/pt\/wp-json\/wp\/v2\/pages\/338\/revisions\/37540"}],"wp:attachment":[{"href":"https:\/\/agriportance.com\/pt\/wp-json\/wp\/v2\/media?parent=338"}],"curies":[{"name":"wp","href":"https:\/\/api.w.org\/{rel}","templated":true}]}}