{"id":34045,"date":"2024-05-02T13:55:17","date_gmt":"2024-05-02T13:55:17","guid":{"rendered":"https:\/\/agriportance.com\/de\/?page_id=34045"},"modified":"2024-05-02T14:50:51","modified_gmt":"2024-05-02T14:50:51","slug":"pagina-404","status":"publish","type":"page","link":"https:\/\/agriportance.com\/pt\/agriportance\/404-page\/","title":{"rendered":"404-p\u00e1gina"},"content":{"rendered":"<div id=\"cs-content\" class=\"cs-content\"><div class=\"x-section e34045-e1 mq9p-0 mq9p-1\"><div class=\"x-bg\" aria-hidden=\"true\"><div class=\"x-bg-layer-lower-image\"><\/div><div class=\"x-bg-layer-upper-color\"><\/div><\/div><div class=\"x-row x-container max width e34045-e2 mq9p-3 mq9p-4 mq9p-5\"><div class=\"x-row-inner\"><div class=\"x-col e34045-e3 mq9p-7\"><div class=\"x-section e34045-e4 mq9p-0 mq9p-2\"><div class=\"x-row x-container max width e34045-e5 mq9p-3 mq9p-4 mq9p-6\"><div class=\"x-row-inner\"><div class=\"x-col e34045-e6 mq9p-7\"><nav class=\"x-crumbs e34045-e7 mq9p-8\" role=\"navigation\"><ol class=\"x-crumbs-list\" itemscope=\"\" itemtype=\"http:\/\/schema.org\/BreadcrumbList\" aria-label=\"Navega\u00e7\u00e3o de navega\u00e7\u00e3o\"><li class=\"x-crumbs-list-item\" itemprop=\"itemListElement\" itemscope itemtype=\"http:\/\/schema.org\/ListItem\"><a class=\"x-crumbs-current x-crumbs-link\" itemtype=\"http:\/\/schema.org\/Thing\" itemprop=\"item\" href=\"https:\/\/agriportance.com\/pt\/\" title=\"Est\u00e1 aqui\"><span itemprop=\"name\"><i class=\"x-icon\" aria-hidden=\"true\" data-x-icon-s=\"&#xf015;\"><\/i><span class=\"visually-hidden\">agriport\u00e2ncia<\/span><\/span><\/a><meta itemprop=\"position\" content=\"1\"><\/li><\/ol><\/nav><\/div><\/div><\/div><\/div><\/div><\/div><\/div><div class=\"x-form-integration x-form-integration-embed e34045-e8 mq9p-9\"><script type=\"text\/javascript\">jQuery(function() { _initLayerSlider( '#layerslider_44_1rd1a8p9lnpdv', {createdWith: '7.5.0', sliderVersion: '7.11.0', type: 'fullsize', autoStart: false, startInViewport: false, touchNav: false, skin: 'v6', navPrevNext: false, hoverPrevNext: false, navStartStop: false, navButtons: false, showCircleTimer: false, allowRestartOnResize: true, useSrcset: true, preferBlendMode: 'enabled', skinsPath: 'https:\/\/agriportance.com\/wp-content\/plugins\/LayerSlider\/assets\/static\/layerslider\/skins\/', performanceMode: true, height: 960}); });<\/script><link href=\"https:\/\/fonts.googleapis.com\/css?family=Poppins:100,100i,200,200i,300,300i,400,400i,500,500i,600,600i,700,700i,800,800i,900,900i%7CBayon:100,100i,200,200i,300,300i,400,400i,500,500i,600,600i,700,700i,800,800i,900,900i\" rel=\"stylesheet\"><div id=\"layerslider_44_1rd1a8p9lnpdv\"  class=\"ls-wp-container fitvidsignore ls-selectable\" style=\"width:560px;height:100vh;margin:0 auto;\"><div class=\"ls-slide\" data-ls=\"bgcolor:#ffffff;transition2d:5;\"><img decoding=\"async\" width=\"1000\" height=\"600\" src=\"https:\/\/agriportance.com\/wp-content\/uploads\/layerslider\/projects\/404-Blocks\/404-blocks.jpg\" class=\"ls-tn\" alt=\"\" srcset=\"https:\/\/agriportance.com\/wp-content\/uploads\/layerslider\/projects\/404-Blocks\/404-blocks.jpg 1000w, https:\/\/agriportance.com\/wp-content\/uploads\/layerslider\/projects\/404-Blocks\/404-blocks-300x180.jpg 300w, https:\/\/agriportance.com\/wp-content\/uploads\/layerslider\/projects\/404-Blocks\/404-blocks-768x461.jpg 768w, https:\/\/agriportance.com\/wp-content\/uploads\/layerslider\/projects\/404-Blocks\/404-blocks-18x12.jpg 18w, https:\/\/agriportance.com\/wp-content\/uploads\/layerslider\/projects\/404-Blocks\/404-blocks-100x60.jpg 100w\" sizes=\"(max-width: 1000px) 100vw, 1000px\" \/><ls-layer style=\"overflow:visible;width:100%;height:100%;left:0px;top:0px;background-color:#ffffff;\" class=\"ls-l ls-html-layer\" data-ls=\"durationin:0;easingin:linear;fadein:false;easingout:easeInQuint;position:fixed;\"><\/ls-layer><ls-layer style=\"overflow:visible;width:150px;height:150px;top:363px;left:271px;background-color:#73ad59;\" class=\"ls-l ls-html-layer\" data-ls=\"durationin:0;delayin:350;easingin:linear;fadein:false;rotatein:=;skewxin:=;easingout:easeOutQuint;rotateout:=;skewxout:=;loop:true;loopoffsety:-120;loopduration:1870;loopstartat:transitioninstart + 500;loopeasing:easeInOutSine;loopcount:-1;loopyoyo:true;rotation:30;skewX:30;\"><\/ls-layer><ls-layer style=\"overflow:visible;width:150px;height:150px;top:363px;left:399px;background-color:#ccc;\" class=\"ls-l ls-html-layer\" data-ls=\"durationin:0;delayin:350;easingin:linear;fadein:false;rotatein:=;skewxin:=;easingout:easeOutQuint;rotateout:=;skewxout:=;loop:true;loopoffsety:-120;loopduration:1870;loopstartat:transitioninstart + 500;loopeasing:easeInOutSine;loopcount:-1;loopyoyo:true;rotation:-30;skewX:-30;\"><\/ls-layer><ls-layer style=\"font-size:133px;text-align:center;overflow:visible;width:150px;height:150px;top:250px;left:335px;background-color:#eee;line-height:150px;font-family:Bayon;color:#73ad59;\" class=\"ls-l ls-html-layer\" data-ls=\"durationin:0;delayin:350;easingin:linear;fadein:false;rotatein:=;skewxin:=;easingout:easeOutQuint;rotateout:=;skewxout:=;loop:true;loopoffsetx:120;loopoffsety:-120;loopduration:1870;loopstartat:transitioninstart + 500;loopeasing:easeInOutSine;loopcount:-1;loopyoyo:true;rotation:-30;skewX:30;\">4<\/ls-layer><ls-layer style=\"overflow:visible;width:150px;height:150px;top:250px;left:335px;background-color:#ffffff;\" class=\"ls-l ls-html-layer\" data-ls=\"durationin:0;delayin:350;easingin:linear;fadein:false;rotatein:=;skewxin:=;easingout:easeOutQuint;rotateout:=;skewxout:=;loop:true;loopoffsetx:120;loopoffsety:-120;loopduration:1870;loopstartat:transitioninstart + 500;loopeasing:easeInOutSine;loopopacity:0;loopcount:-1;loopyoyo:true;rotation:-30;skewX:30;\"><\/ls-layer><ls-layer style=\"overflow:visible;width:150px;height:150px;top:438px;left:141px;background-color:#73ad59;\" class=\"ls-l ls-html-layer\" data-ls=\"durationin:0;delayin:350;easingin:linear;fadein:false;rotatein:=;skewxin:=;easingout:easeOutQuint;rotateout:=;skewxout:=;loop:true;loopoffsety:-75;loopduration:2480;loopstartat:transitioninstart + 1000;loopeasing:easeInOutSine;loopcount:-1;loopyoyo:true;rotation:30;skewX:30;\"><\/ls-layer><ls-layer style=\"overflow:visible;width:150px;height:150px;top:438px;left:269px;background-color:#ccc;\" class=\"ls-l ls-html-layer\" data-ls=\"durationin:0;delayin:350;easingin:linear;fadein:false;rotatein:=;skewxin:=;easingout:easeOutQuint;rotateout:=;skewxout:=;loop:true;loopoffsety:-75;loopduration:2480;loopstartat:transitioninstart + 1000;loopeasing:easeInOutSine;loopcount:-1;loopyoyo:true;rotation:-30;skewX:-30;\"><\/ls-layer><ls-layer style=\"font-size:133px;text-align:center;overflow:visible;width:150px;height:150px;top:325px;left:205px;background-color:#eee;line-height:150px;font-family:Bayon;color:#73ad59;\" class=\"ls-l ls-html-layer\" data-ls=\"durationin:0;delayin:350;easingin:linear;fadein:false;rotatein:=;skewxin:=;easingout:easeOutQuint;rotateout:=;skewxout:=;loop:true;loopoffsetx:75;loopoffsety:-75;loopduration:2480;loopstartat:transitioninstart + 1000;loopeasing:easeInOutSine;loopcount:-1;loopyoyo:true;rotation:-30;skewX:30;\">0<\/ls-layer><ls-layer style=\"overflow:visible;width:150px;height:150px;top:325px;left:205px;background-color:#ffffff;\" class=\"ls-l ls-html-layer\" data-ls=\"durationin:0;delayin:350;easingin:linear;fadein:false;rotatein:=;skewxin:=;easingout:easeOutQuint;rotateout:=;skewxout:=;loop:true;loopoffsetx:75;loopoffsety:-75;loopduration:2480;loopstartat:transitioninstart + 1000;loopeasing:easeInOutSine;loopopacity:0;loopcount:-1;loopyoyo:true;rotation:-30;skewX:30;\"><\/ls-layer><ls-layer style=\"overflow:visible;width:150px;height:150px;top:513px;left:11px;background-color:#73ad59;\" class=\"ls-l ls-html-layer\" data-ls=\"durationin:0;delayin:350;easingin:linear;fadein:false;rotatein:=;skewxin:=;easingout:easeOutQuint;rotateout:=;skewxout:=;loop:true;loopoffsety:-100;loopduration:2150;loopeasing:easeInOutSine;loopcount:-1;loopyoyo:true;rotation:30;skewX:30;\"><\/ls-layer><ls-layer style=\"overflow:visible;width:150px;height:150px;top:513px;left:139px;background-color:#ccc;\" class=\"ls-l ls-html-layer\" data-ls=\"durationin:0;delayin:350;easingin:linear;fadein:false;rotatein:=;skewxin:=;easingout:easeOutQuint;rotateout:=;skewxout:=;loop:true;loopoffsety:-100;loopduration:2150;loopeasing:easeInOutSine;loopcount:-1;loopyoyo:true;rotation:-30;skewX:-30;\"><\/ls-layer><ls-layer style=\"font-size:133px;text-align:center;overflow:visible;width:150px;height:150px;top:400px;left:75px;line-height:150px;font-family:Bayon;background-color:#eeeeee;color:#73ad59;\" class=\"ls-l ls-html-layer\" data-ls=\"durationin:0;delayin:350;easingin:linear;fadein:false;rotatein:=;skewxin:=;easingout:easeOutQuint;rotateout:=;skewxout:=;loop:true;loopoffsetx:100;loopoffsety:-100;loopduration:2150;loopeasing:easeInOutSine;loopcount:-1;loopyoyo:true;rotation:-30;skewX:30;\">4<\/ls-layer><ls-layer style=\"overflow:visible;width:150px;height:150px;top:400px;left:75px;background-color:#ffffff;\" class=\"ls-l ls-html-layer\" data-ls=\"durationin:0;delayin:350;easingin:linear;fadein:false;rotatein:=;skewxin:=;easingout:easeOutQuint;rotateout:=;skewxout:=;loop:true;loopoffsetx:100;loopoffsety:-100;loopduration:2150;loopeasing:easeInOutSine;loopopacity:0;loopcount:-1;loopyoyo:true;rotation:-30;skewX:30;\"><\/ls-layer><ls-layer style=\"overflow:visible;width:300px;height:300px;color:#000000;text-shadow:0px 0px 0px;top:522px;left:-48px;background-color:#ffffff;\" class=\"ls-l ls-html-layer\" data-ls=\"durationin:0;easingin:linear;fadein:false;rotatein:=;skewxin:=;easingout:easeInOutQuad;rotateout:=;skewxout:=;rotation:30;skewX:30;\"><\/ls-layer><ls-layer style=\"overflow:visible;width:900px;height:300px;color:#000000;text-shadow:0px 0px 0px;top:404px;left:-48px;background-color:#ffffff;\" class=\"ls-l ls-html-layer\" data-ls=\"durationin:0;easingin:linear;fadein:false;rotatein:=;skewxin:=;easingout:easeInOutQuad;rotateout:=;skewxout:=;rotation:-30;skewX:-30;\"><\/ls-layer><ls-layer style=\"overflow:visible;width:50px;height:150px;top:858px;left:194px;background-color:#aaa;\" class=\"ls-l ls-html-layer\" data-ls=\"durationin:0;delayin:1500;easingin:linear;fadein:false;rotatein:=;skewxin:=;easingout:easeOutQuint;rotateout:=;skewxout:=;loop:true;loopoffsety:-30;loopduration:1870;loopstartat:transitioninstart + 500;loopeasing:easeInOutSine;loopcount:1;rotation:30;skewX:30;\"><\/ls-layer><ls-layer style=\"overflow:visible;width:300px;height:150px;top:796px;left:220px;background-color:#ccc;\" class=\"ls-l ls-html-layer\" data-ls=\"durationin:0;delayin:1500;easingin:linear;fadein:false;rotatein:=;skewxin:=;easingout:easeOutQuint;rotateout:=;skewxout:=;loop:true;loopoffsety:-30;loopduration:1870;loopstartat:transitioninstart + 500;loopeasing:easeInOutSine;loopcount:1;rotation:-30;skewX:-30;\"><\/ls-layer><ls-layer style=\"text-align:center;overflow:visible;width:300px;height:50px;top:758px;left:199px;background-color:#eee;line-height:50px;font-family:Poppins;color:#777;\" class=\"ls-l ls-html-layer\" data-ls=\"durationin:0;delayin:1500;easingin:linear;fadein:false;rotatein:=;skewxin:=;easingout:easeOutQuint;rotateout:=;skewxout:=;loop:true;loopoffsetx:30;loopoffsety:-30;loopduration:1870;loopstartat:transitioninstart + 500;loopeasing:easeInOutSine;loopcount:1;rotation:-30;skewX:30;\">Voltar<\/ls-layer><ls-layer style=\"overflow:visible;width:300px;height:50px;top:758px;left:199px;background-color:#ffffff;\" class=\"ls-l ls-html-layer\" data-ls=\"durationin:0;delayin:1500;easingin:linear;fadein:false;rotatein:=;skewxin:=;easingout:easeOutQuint;rotateout:=;skewxout:=;loop:true;loopoffsetx:30;loopoffsety:-30;loopduration:1870;loopstartat:transitioninstart + 500;loopeasing:easeInOutSine;loopopacity:0;loopcount:1;rotation:-30;skewX:30;\"><\/ls-layer><a style=\"\" class=\"ls-l\" href=\"\/pt\/\" target=\"_self\" data-ls=\"durationin:0;delayin:1500;easingin:linear;fadein:false;rotatein:=;skewxin:=;easingout:easeOutQuint;rotateout:=;skewxout:=;loop:true;loopoffsetx:30;loopoffsety:-30;loopduration:1870;loopstartat:transitioninstart + 500;loopeasing:easeInOutSine;loopcount:1;hover:true;hoverdurationin:250;hovereasingin:easeOutQuint;hoveropacity:1;rotation:-30;skewX:30;\"><ls-layer style=\"mix-blend-mode:overlay;overflow:visible;width:340px;height:90px;top:753px;left:178px;border-radius:30px 0 30px 10px;opacity:0;background-color:#73ad59;\" class=\"ls-html-layer\"><\/ls-layer><\/a><ls-layer style=\"overflow:visible;width:900px;height:300px;color:#000000;text-shadow:0px 0px 0px;top:702px;left:83px;background-color:#ffffff;\" class=\"ls-l ls-html-layer\" data-ls=\"durationin:0;easingin:linear;fadein:false;rotatein:=;skewxin:=;easingout:easeInOutQuad;rotateout:=;skewxout:=;rotation:-30;skewX:-30;\"><\/ls-layer><ls-layer style=\"overflow:visible;width:300px;height:300px;color:#000000;text-shadow:0px 0px 0px;top:818px;left:0px;background-color:#ffffff;\" class=\"ls-l ls-html-layer\" data-ls=\"durationin:0;easingin:linear;fadein:false;rotatein:=;skewxin:=;easingout:easeInOutQuad;rotateout:=;skewxout:=;rotation:30;skewX:30;\"><\/ls-layer><ls-layer style=\"overflow:visible;font-family:Bayon;top:551px;left:31px;text-shadow:0px 0px 0px;color:#777777;\" class=\"ls-l ls-text-layer\" data-ls=\"durationin:1500;easingin:easeOutQuart;fadein:false;rotatein:=;skewxin:=;clipin:100% 0 0 0;easingout:easeOutQuint;rotateout:=;skewxout:=;rotation:30;skewX:30;\">A p\u00e1gina<\/ls-layer><ls-layer style=\"overflow:visible;font-family:Bayon;top:486px;left:124px;text-shadow:0px 0px 0px;color:#777777;\" class=\"ls-l ls-text-layer\" data-ls=\"durationin:1500;easingin:easeOutQuart;fadein:false;rotatein:=;skewxin:=;clipin:100% 0 0 0;easingout:easeOutQuint;rotateout:=;skewxout:=;rotation:-30;skewX:-30;\">n\u00e3o pode ser encontrado<\/ls-layer><ls-layer style=\"overflow:visible;width:100%;height:100%;left:0px;top:0px;mix-blend-mode:overlay;\" class=\"ls-l ls-html-layer\" data-ls=\"durationin:0;easingin:linear;fadein:false;position:fixed;pointerEvents:true;\"><\/ls-layer><ls-layer style=\"top:46px;left:56px;font-family:Poppins;font-size:31px;\" class=\"ls-l ls-text-layer\">Desculpe...<\/ls-layer><\/div><\/div><\/div><\/div><\/div>","protected":false},"excerpt":{"rendered":"<p>agriportance404VoltarA p\u00e1gina n\u00e3o pode ser encontradaSorry...<\/p>","protected":false},"author":2,"featured_media":0,"parent":55,"menu_order":0,"comment_status":"closed","ping_status":"closed","template":"template-blank-4.php","meta":{"content-type":"","footnotes":""},"class_list":["post-34045","page","type-page","status-publish","hentry","no-post-thumbnail"],"yoast_head":"<!-- This site is optimized with the Yoast SEO Premium plugin v27.3 (Yoast SEO v27.4) - https:\/\/yoast.com\/product\/yoast-seo-premium-wordpress\/ -->\n<title>404-page - agriportance GmbH<\/title>\n<meta name=\"description\" content=\"Unsere 404-Page unserer Website der agriportance GmbH. Durch die tolle Animation einen Blick wert. F\u00fchrt wieder zur\u00fcck zu unserer Startseite\" \/>\n<meta name=\"robots\" content=\"index, follow, max-snippet:-1, max-image-preview:large, max-video-preview:-1\" \/>\n<link rel=\"canonical\" href=\"https:\/\/agriportance.com\/pt\/agriportancia-2\/pagina-404\/\" \/>\n<meta property=\"og:locale\" content=\"pt_PT\" \/>\n<meta property=\"og:type\" content=\"article\" \/>\n<meta property=\"og:title\" content=\"404-page\" \/>\n<meta property=\"og:description\" content=\"Unsere 404-Page unserer Website der agriportance GmbH. Durch die tolle Animation einen Blick wert. F\u00fchrt wieder zur\u00fcck zu unserer Startseite\" \/>\n<meta property=\"og:url\" content=\"https:\/\/agriportance.com\/pt\/agriportancia-2\/pagina-404\/\" \/>\n<meta property=\"og:site_name\" content=\"agriportance GmbH\" \/>\n<meta property=\"article:publisher\" content=\"https:\/\/www.facebook.com\/agriportance\" \/>\n<meta property=\"article:modified_time\" content=\"2024-05-02T14:50:51+00:00\" \/>\n<meta name=\"twitter:card\" content=\"summary_large_image\" \/>\n<meta name=\"twitter:site\" content=\"@agriportance\" \/>\n<meta name=\"twitter:label1\" content=\"Tempo estimado de leitura\" \/>\n\t<meta name=\"twitter:data1\" content=\"1 minuto\" \/>\n<script type=\"application\/ld+json\" class=\"yoast-schema-graph\">{\"@context\":\"https:\\\/\\\/schema.org\",\"@graph\":[{\"@type\":\"WebPage\",\"@id\":\"https:\\\/\\\/agriportance.com\\\/de\\\/agriportance\\\/404-page\\\/\",\"url\":\"https:\\\/\\\/agriportance.com\\\/de\\\/agriportance\\\/404-page\\\/\",\"name\":\"404-page - agriportance GmbH\",\"isPartOf\":{\"@id\":\"https:\\\/\\\/agriportance.com\\\/#website\"},\"datePublished\":\"2024-05-02T13:55:17+00:00\",\"dateModified\":\"2024-05-02T14:50:51+00:00\",\"description\":\"Unsere 404-Page unserer Website der agriportance GmbH. Durch die tolle Animation einen Blick wert. F\u00fchrt wieder zur\u00fcck zu unserer Startseite\",\"breadcrumb\":{\"@id\":\"https:\\\/\\\/agriportance.com\\\/de\\\/agriportance\\\/404-page\\\/#breadcrumb\"},\"inLanguage\":\"pt-PT\",\"potentialAction\":[{\"@type\":\"ReadAction\",\"target\":[\"https:\\\/\\\/agriportance.com\\\/de\\\/agriportance\\\/404-page\\\/\"]}]},{\"@type\":\"BreadcrumbList\",\"@id\":\"https:\\\/\\\/agriportance.com\\\/de\\\/agriportance\\\/404-page\\\/#breadcrumb\",\"itemListElement\":[{\"@type\":\"ListItem\",\"position\":1,\"name\":\"Startseite\",\"item\":\"https:\\\/\\\/agriportance.com\\\/de\\\/\"},{\"@type\":\"ListItem\",\"position\":2,\"name\":\"agriportance\",\"item\":\"https:\\\/\\\/agriportance.com\\\/de\\\/\"},{\"@type\":\"ListItem\",\"position\":3,\"name\":\"404-page\"}]},{\"@type\":\"WebSite\",\"@id\":\"https:\\\/\\\/agriportance.com\\\/#website\",\"url\":\"https:\\\/\\\/agriportance.com\\\/\",\"name\":\"agriportance\",\"description\":\"Informationen und Dienstleistungen zu Biomethan und LCO2\",\"publisher\":{\"@id\":\"https:\\\/\\\/agriportance.com\\\/#organization\"},\"potentialAction\":[{\"@type\":\"SearchAction\",\"target\":{\"@type\":\"EntryPoint\",\"urlTemplate\":\"https:\\\/\\\/agriportance.com\\\/?s={search_term_string}\"},\"query-input\":{\"@type\":\"PropertyValueSpecification\",\"valueRequired\":true,\"valueName\":\"search_term_string\"}}],\"inLanguage\":\"pt-PT\"},{\"@type\":\"Organization\",\"@id\":\"https:\\\/\\\/agriportance.com\\\/#organization\",\"name\":\"agriportance GmbH\",\"url\":\"https:\\\/\\\/agriportance.com\\\/\",\"logo\":{\"@type\":\"ImageObject\",\"inLanguage\":\"pt-PT\",\"@id\":\"https:\\\/\\\/agriportance.com\\\/#\\\/schema\\\/logo\\\/image\\\/\",\"url\":\"https:\\\/\\\/agriportance.com\\\/wp-content\\\/uploads\\\/2023\\\/05\\\/agriportance-logo.png\",\"contentUrl\":\"https:\\\/\\\/agriportance.com\\\/wp-content\\\/uploads\\\/2023\\\/05\\\/agriportance-logo.png\",\"width\":701,\"height\":108,\"caption\":\"agriportance GmbH\"},\"image\":{\"@id\":\"https:\\\/\\\/agriportance.com\\\/#\\\/schema\\\/logo\\\/image\\\/\"},\"sameAs\":[\"https:\\\/\\\/www.facebook.com\\\/agriportance\",\"https:\\\/\\\/x.com\\\/agriportance\",\"https:\\\/\\\/de.linkedin.com\\\/company\\\/agriportance\",\"https:\\\/\\\/www.instagram.com\\\/agriportance\"]}]}<\/script>\n<!-- \/ Yoast SEO Premium plugin. -->","yoast_head_json":{"title":"404-page - agriportance GmbH","description":"A p\u00e1gina 404 do nosso s\u00edtio Web da agriportance GmbH. Vale a pena dar uma olhadela devido \u00e0 excelente anima\u00e7\u00e3o. Leva-nos de volta \u00e0 nossa p\u00e1gina inicial","robots":{"index":"index","follow":"follow","max-snippet":"max-snippet:-1","max-image-preview":"max-image-preview:large","max-video-preview":"max-video-preview:-1"},"canonical":"https:\/\/agriportance.com\/pt\/agriportancia-2\/pagina-404\/","og_locale":"pt_PT","og_type":"article","og_title":"404-page","og_description":"Unsere 404-Page unserer Website der agriportance GmbH. Durch die tolle Animation einen Blick wert. F\u00fchrt wieder zur\u00fcck zu unserer Startseite","og_url":"https:\/\/agriportance.com\/pt\/agriportancia-2\/pagina-404\/","og_site_name":"agriportance GmbH","article_publisher":"https:\/\/www.facebook.com\/agriportance","article_modified_time":"2024-05-02T14:50:51+00:00","twitter_card":"summary_large_image","twitter_site":"@agriportance","twitter_misc":{"Tempo estimado de leitura":"1 minuto"},"schema":{"@context":"https:\/\/schema.org","@graph":[{"@type":"WebPage","@id":"https:\/\/agriportance.com\/de\/agriportance\/404-page\/","url":"https:\/\/agriportance.com\/de\/agriportance\/404-page\/","name":"404-page - agriportance GmbH","isPartOf":{"@id":"https:\/\/agriportance.com\/#website"},"datePublished":"2024-05-02T13:55:17+00:00","dateModified":"2024-05-02T14:50:51+00:00","description":"A p\u00e1gina 404 do nosso s\u00edtio Web da agriportance GmbH. Vale a pena dar uma olhadela devido \u00e0 excelente anima\u00e7\u00e3o. Leva-nos de volta \u00e0 nossa p\u00e1gina inicial","breadcrumb":{"@id":"https:\/\/agriportance.com\/de\/agriportance\/404-page\/#breadcrumb"},"inLanguage":"pt-PT","potentialAction":[{"@type":"ReadAction","target":["https:\/\/agriportance.com\/de\/agriportance\/404-page\/"]}]},{"@type":"BreadcrumbList","@id":"https:\/\/agriportance.com\/de\/agriportance\/404-page\/#breadcrumb","itemListElement":[{"@type":"ListItem","position":1,"name":"Startseite","item":"https:\/\/agriportance.com\/de\/"},{"@type":"ListItem","position":2,"name":"agriportance","item":"https:\/\/agriportance.com\/de\/"},{"@type":"ListItem","position":3,"name":"404-page"}]},{"@type":"WebSite","@id":"https:\/\/agriportance.com\/#website","url":"https:\/\/agriportance.com\/","name":"agriport\u00e2ncia","description":"Informa\u00e7\u00f5es e servi\u00e7os sobre biometano e LCO2","publisher":{"@id":"https:\/\/agriportance.com\/#organization"},"potentialAction":[{"@type":"SearchAction","target":{"@type":"EntryPoint","urlTemplate":"https:\/\/agriportance.com\/?s={search_term_string}"},"query-input":{"@type":"PropertyValueSpecification","valueRequired":true,"valueName":"search_term_string"}}],"inLanguage":"pt-PT"},{"@type":"Organization","@id":"https:\/\/agriportance.com\/#organization","name":"agriportance GmbH","url":"https:\/\/agriportance.com\/","logo":{"@type":"ImageObject","inLanguage":"pt-PT","@id":"https:\/\/agriportance.com\/#\/schema\/logo\/image\/","url":"https:\/\/agriportance.com\/wp-content\/uploads\/2023\/05\/agriportance-logo.png","contentUrl":"https:\/\/agriportance.com\/wp-content\/uploads\/2023\/05\/agriportance-logo.png","width":701,"height":108,"caption":"agriportance GmbH"},"image":{"@id":"https:\/\/agriportance.com\/#\/schema\/logo\/image\/"},"sameAs":["https:\/\/www.facebook.com\/agriportance","https:\/\/x.com\/agriportance","https:\/\/de.linkedin.com\/company\/agriportance","https:\/\/www.instagram.com\/agriportance"]}]}},"_links":{"self":[{"href":"https:\/\/agriportance.com\/pt\/wp-json\/wp\/v2\/pages\/34045","targetHints":{"allow":["GET"]}}],"collection":[{"href":"https:\/\/agriportance.com\/pt\/wp-json\/wp\/v2\/pages"}],"about":[{"href":"https:\/\/agriportance.com\/pt\/wp-json\/wp\/v2\/types\/page"}],"author":[{"embeddable":true,"href":"https:\/\/agriportance.com\/pt\/wp-json\/wp\/v2\/users\/2"}],"replies":[{"embeddable":true,"href":"https:\/\/agriportance.com\/pt\/wp-json\/wp\/v2\/comments?post=34045"}],"version-history":[{"count":4,"href":"https:\/\/agriportance.com\/pt\/wp-json\/wp\/v2\/pages\/34045\/revisions"}],"predecessor-version":[{"id":34049,"href":"https:\/\/agriportance.com\/pt\/wp-json\/wp\/v2\/pages\/34045\/revisions\/34049"}],"up":[{"embeddable":true,"href":"https:\/\/agriportance.com\/pt\/wp-json\/wp\/v2\/pages\/55"}],"wp:attachment":[{"href":"https:\/\/agriportance.com\/pt\/wp-json\/wp\/v2\/media?parent=34045"}],"curies":[{"name":"wp","href":"https:\/\/api.w.org\/{rel}","templated":true}]}}