{"id":34478,"date":"2024-06-05T10:20:01","date_gmt":"2024-06-05T10:20:01","guid":{"rendered":"https:\/\/agriportance.com\/de\/kontakt\/vertriebsgebiete\/vertrieb-oesterreich-2\/"},"modified":"2025-07-30T07:36:12","modified_gmt":"2025-07-30T07:36:12","slug":"vendas-espanha-dinamarca","status":"publish","type":"page","link":"https:\/\/agriportance.com\/pt\/kontakt\/vertriebsgebiete\/vertrieb-spanien-daenemark\/","title":{"rendered":"Distribui\u00e7\u00e3o Espanha"},"content":{"rendered":"<div id=\"cs-content\" class=\"cs-content\"><div class=\"x-section e34478-e1 mqlq-0 mqlq-1 mqlq-2\"><div class=\"x-row x-container max width e34478-e2 mqlq-8 mqlq-9 mqlq-a mqlq-b mqlq-e mqlq-f\"><div class=\"x-row-inner\"><div class=\"x-col e34478-e3 mqlq-l\"><div class=\"x-section e34478-e4 mqlq-0 mqlq-2 mqlq-3 mqlq-4\"><div class=\"x-row x-container max width e34478-e5 mqlq-8 mqlq-9 mqlq-a mqlq-b mqlq-e mqlq-g\"><div class=\"x-row-inner\"><div class=\"x-col e34478-e6 mqlq-l\"><nav class=\"x-crumbs e34478-e7 mqlq-n\" role=\"navigation\"><ol class=\"x-crumbs-list\" itemscope=\"\" itemtype=\"http:\/\/schema.org\/BreadcrumbList\" aria-label=\"Navega\u00e7\u00e3o de navega\u00e7\u00e3o\"><li class=\"x-crumbs-list-item\" itemprop=\"itemListElement\" itemscope itemtype=\"http:\/\/schema.org\/ListItem\"><a class=\"x-crumbs-current x-crumbs-link\" itemtype=\"http:\/\/schema.org\/Thing\" itemprop=\"item\" href=\"https:\/\/agriportance.com\/pt\/\" title=\"Est\u00e1 aqui\"><span itemprop=\"name\"><i class=\"x-icon\" aria-hidden=\"true\" data-x-icon-s=\"&#xf015;\"><\/i><span class=\"visually-hidden\">agriport\u00e2ncia<\/span><\/span><\/a><meta itemprop=\"position\" content=\"1\"><\/li><\/ol><\/nav><\/div><\/div><\/div><\/div><\/div><\/div><\/div><\/div><div class=\"x-section e34478-e8 mqlq-0 mqlq-3 mqlq-5 mqlq-6\"><div class=\"x-bg\" aria-hidden=\"true\"><div class=\"x-bg-layer-lower-image\"><\/div><div class=\"x-bg-layer-upper-color\"><\/div><\/div><div class=\"x-div x-container max width e34478-e9 mqlq-o\"><div class=\"x-row e34478-e10 mqlq-8 mqlq-9 mqlq-c mqlq-h\"><div class=\"x-row-inner\"><div class=\"x-col e34478-e11 mqlq-l\"><span class=\"x-image e34478-e12 mqlq-p\"><img decoding=\"async\" src=\"https:\/\/agriportance.com\/wp-content\/uploads\/2025\/01\/kelsey-winkel-agriportance.png\" width=\"250\" height=\"324\" alt=\"christian-schuerholz-agriportance\"><\/span><\/div><div class=\"x-col e34478-e13 mqlq-l\"><div class=\"x-text x-content e34478-e14 mqlq-q mqlq-r mqlq-s\"><h1>\u00c1REA DE DISTRIBUI\u00c7\u00c3O Espanha<\/h1><\/div><div class=\"x-text x-text-headline e34478-e15 mqlq-w mqlq-x mqlq-y\"><div class=\"x-text-content\"><div class=\"x-text-content-text\">\n<h2 class=\"x-text-content-text-primary\">Kelsey Angle<\/h2><\/div><\/div><\/div><div class=\"x-text x-content e34478-e16 mqlq-q mqlq-r mqlq-t mqlq-u\"><p><span class=\"OYPEnA font-feature-liga-off font-feature-clig-off font-feature-calt-off text-decoration-none text-strikethrough-none\">Vendas e gest\u00e3o de projectos<\/span><\/p><\/div><div class=\"x-text x-content e34478-e17 mqlq-r mqlq-t mqlq-v\"><p><strong>agriportance. GmbH<\/strong><\/p>\n<p>Lippst\u00e4dter Stra\u00dfe 54 | Businessdock Building F | 48155 M\u00fcnster<\/p><\/div><div class=\"x-text x-text-headline has-graphic e34478-e18 mqlq-x mqlq-y mqlq-z mqlq-10\"><div class=\"x-text-content\"><span class=\"x-graphic\" aria-hidden=\"true\"><i class=\"x-icon x-graphic-child x-graphic-icon x-graphic-primary\" aria-hidden=\"true\" data-x-icon-s=\"&#xf3ce;\"><\/i><\/span><div class=\"x-text-content-text\"><h5 class=\"x-text-content-text-primary\"><span class=\"OYPEnA font-feature-liga-off font-feature-clig-off font-feature-calt-off text-decoration-none text-strikethrough-none\">+49 176 43870278<\/span><\/h5>\n<\/div><\/div><\/div><div class=\"x-text x-text-headline has-graphic e34478-e19 mqlq-x mqlq-y mqlq-z mqlq-11\"><div class=\"x-text-content\"><span class=\"x-graphic\" aria-hidden=\"true\"><i class=\"x-icon x-graphic-child x-graphic-icon x-graphic-primary\" aria-hidden=\"true\" data-x-icon-s=\"&#xf0e0;\"><\/i><\/span><div class=\"x-text-content-text\"><h3 class=\"x-text-content-text-primary\"><span class=\"OYPEnA font-feature-liga-off font-feature-clig-off font-feature-calt-off text-decoration-none text-strikethrough-none\">kelsey.winkel@agriportance.com<\/span><\/h3>\n<\/div><\/div><\/div><\/div><\/div><\/div><\/div><\/div><div class=\"x-section e34478-e20 mqlq-0 mqlq-6 mqlq-7\"><div class=\"x-row x-container max width e34478-e21 mqlq-8 mqlq-a mqlq-d mqlq-i mqlq-j\"><div class=\"x-row-inner\"><div class=\"x-col e34478-e22 mqlq-l mqlq-m\"><div class=\"x-text x-text-headline e34478-e23 mqlq-y mqlq-12\"><div class=\"x-text-content\"><div class=\"x-text-content-text\"><h2 class=\"x-text-content-text-primary\">Tamb\u00e9m pode marcar uma consulta diretamente comigo:<\/h2>\n<\/div><\/div><\/div><\/div><\/div><\/div><div class=\"x-row x-container max width e34478-e24 mqlq-8 mqlq-a mqlq-d mqlq-i mqlq-k\"><div class=\"x-row-inner\"><div class=\"x-col e34478-e25 mqlq-l mqlq-m\"><div class=\"x-form-integration x-form-integration-embed e34478-e26 mqlq-13\"><!-- Start of Meetings Embed Script -->\n    <div class=\"meetings-iframe-container\" data-src=\"https:\/\/meetings-eu1.hubspot.com\/kelsey-winkel?embed=true\"><\/div>\n    <script type=\"text\/javascript\" src=\"https:\/\/static.hsappstatic.net\/MeetingsEmbed\/ex\/MeetingsEmbedCode.js\"><\/script>\n  <!-- End of Meetings Embed Script --><\/div><\/div><\/div><\/div><\/div><\/div>","protected":false},"excerpt":{"rendered":"<p>agriportance\u00c1REA DE VENDAS Espanha Kelsey WinkelVendas e gest\u00e3o de projectos agriportance. GmbH Lippst\u00e4dter Stra\u00dfe 54 | Businessdock Building F | 48155 M\u00fcnster+49 176 43870278 kelsey.winkel@agriportance.com Tamb\u00e9m pode marcar uma reuni\u00e3o diretamente comigo:<\/p>","protected":false},"author":2,"featured_media":0,"parent":590,"menu_order":0,"comment_status":"closed","ping_status":"closed","template":"template-blank-4.php","meta":{"content-type":"","footnotes":""},"class_list":["post-34478","page","type-page","status-publish","hentry","no-post-thumbnail"],"yoast_head":"<!-- This site is optimized with the Yoast SEO Premium plugin v27.3 (Yoast SEO v27.3) - https:\/\/yoast.com\/product\/yoast-seo-premium-wordpress\/ -->\n<title>Vertrieb Spanien - agriportance GmbH<\/title>\n<meta name=\"robots\" content=\"index, follow, max-snippet:-1, max-image-preview:large, max-video-preview:-1\" \/>\n<link rel=\"canonical\" href=\"https:\/\/agriportance.com\/pt\/contacto\/territorios-de-vendas\/vendas-espanha-dinamarca\/\" \/>\n<meta property=\"og:locale\" content=\"pt_PT\" \/>\n<meta property=\"og:type\" content=\"article\" \/>\n<meta property=\"og:title\" content=\"Vertrieb Spanien\" \/>\n<meta property=\"og:description\" content=\"agriportanceVERTRIEBSGEBIET Spanien Kelsey WinkelVertrieb und Projektmanagementagriportance. GmbH Lippst&auml;dter Stra&szlig;e 54 | Businessdock Building F |&nbsp; 48155 M&uuml;nster+49 176 43870278 kelsey.winkel@agriportance.com Gerne k&ouml;nnen Sie auch direkt einen Termin mit mir buchen:\" \/>\n<meta property=\"og:url\" content=\"https:\/\/agriportance.com\/pt\/contacto\/territorios-de-vendas\/vendas-espanha-dinamarca\/\" \/>\n<meta property=\"og:site_name\" content=\"agriportance GmbH\" \/>\n<meta property=\"article:publisher\" content=\"https:\/\/www.facebook.com\/agriportance\" \/>\n<meta property=\"article:modified_time\" content=\"2025-07-30T07:36:12+00:00\" \/>\n<meta name=\"twitter:card\" content=\"summary_large_image\" \/>\n<meta name=\"twitter:site\" content=\"@agriportance\" \/>\n<meta name=\"twitter:label1\" content=\"Tempo estimado de leitura\" \/>\n\t<meta name=\"twitter:data1\" content=\"1 minuto\" \/>\n<script type=\"application\/ld+json\" class=\"yoast-schema-graph\">{\"@context\":\"https:\\\/\\\/schema.org\",\"@graph\":[{\"@type\":\"WebPage\",\"@id\":\"https:\\\/\\\/agriportance.com\\\/de\\\/kontakt\\\/vertriebsgebiete\\\/vertrieb-spanien-daenemark\\\/\",\"url\":\"https:\\\/\\\/agriportance.com\\\/de\\\/kontakt\\\/vertriebsgebiete\\\/vertrieb-spanien-daenemark\\\/\",\"name\":\"Vertrieb Spanien - agriportance GmbH\",\"isPartOf\":{\"@id\":\"https:\\\/\\\/agriportance.com\\\/#website\"},\"datePublished\":\"2024-06-05T10:20:01+00:00\",\"dateModified\":\"2025-07-30T07:36:12+00:00\",\"breadcrumb\":{\"@id\":\"https:\\\/\\\/agriportance.com\\\/de\\\/kontakt\\\/vertriebsgebiete\\\/vertrieb-spanien-daenemark\\\/#breadcrumb\"},\"inLanguage\":\"pt-PT\",\"potentialAction\":[{\"@type\":\"ReadAction\",\"target\":[\"https:\\\/\\\/agriportance.com\\\/de\\\/kontakt\\\/vertriebsgebiete\\\/vertrieb-spanien-daenemark\\\/\"]}]},{\"@type\":\"BreadcrumbList\",\"@id\":\"https:\\\/\\\/agriportance.com\\\/de\\\/kontakt\\\/vertriebsgebiete\\\/vertrieb-spanien-daenemark\\\/#breadcrumb\",\"itemListElement\":[{\"@type\":\"ListItem\",\"position\":1,\"name\":\"Startseite\",\"item\":\"https:\\\/\\\/agriportance.com\\\/de\\\/\"},{\"@type\":\"ListItem\",\"position\":2,\"name\":\"Kontakt\",\"item\":\"https:\\\/\\\/agriportance.com\\\/de\\\/kontakt\\\/\"},{\"@type\":\"ListItem\",\"position\":3,\"name\":\"Vertriebsgebiete\",\"item\":\"https:\\\/\\\/agriportance.com\\\/de\\\/kontakt\\\/vertriebsgebiete\\\/\"},{\"@type\":\"ListItem\",\"position\":4,\"name\":\"Vertrieb Spanien\"}]},{\"@type\":\"WebSite\",\"@id\":\"https:\\\/\\\/agriportance.com\\\/#website\",\"url\":\"https:\\\/\\\/agriportance.com\\\/\",\"name\":\"agriportance\",\"description\":\"Informationen und Dienstleistungen zu Biomethan und LCO2\",\"publisher\":{\"@id\":\"https:\\\/\\\/agriportance.com\\\/#organization\"},\"potentialAction\":[{\"@type\":\"SearchAction\",\"target\":{\"@type\":\"EntryPoint\",\"urlTemplate\":\"https:\\\/\\\/agriportance.com\\\/?s={search_term_string}\"},\"query-input\":{\"@type\":\"PropertyValueSpecification\",\"valueRequired\":true,\"valueName\":\"search_term_string\"}}],\"inLanguage\":\"pt-PT\"},{\"@type\":\"Organization\",\"@id\":\"https:\\\/\\\/agriportance.com\\\/#organization\",\"name\":\"agriportance GmbH\",\"url\":\"https:\\\/\\\/agriportance.com\\\/\",\"logo\":{\"@type\":\"ImageObject\",\"inLanguage\":\"pt-PT\",\"@id\":\"https:\\\/\\\/agriportance.com\\\/#\\\/schema\\\/logo\\\/image\\\/\",\"url\":\"https:\\\/\\\/agriportance.com\\\/wp-content\\\/uploads\\\/2023\\\/05\\\/agriportance-logo.png\",\"contentUrl\":\"https:\\\/\\\/agriportance.com\\\/wp-content\\\/uploads\\\/2023\\\/05\\\/agriportance-logo.png\",\"width\":701,\"height\":108,\"caption\":\"agriportance GmbH\"},\"image\":{\"@id\":\"https:\\\/\\\/agriportance.com\\\/#\\\/schema\\\/logo\\\/image\\\/\"},\"sameAs\":[\"https:\\\/\\\/www.facebook.com\\\/agriportance\",\"https:\\\/\\\/x.com\\\/agriportance\",\"https:\\\/\\\/de.linkedin.com\\\/company\\\/agriportance\",\"https:\\\/\\\/www.instagram.com\\\/agriportance\"]}]}<\/script>\n<!-- \/ Yoast SEO Premium plugin. -->","yoast_head_json":{"title":"Vendas Espanha - agriportance GmbH","robots":{"index":"index","follow":"follow","max-snippet":"max-snippet:-1","max-image-preview":"max-image-preview:large","max-video-preview":"max-video-preview:-1"},"canonical":"https:\/\/agriportance.com\/pt\/contacto\/territorios-de-vendas\/vendas-espanha-dinamarca\/","og_locale":"pt_PT","og_type":"article","og_title":"Vertrieb Spanien","og_description":"agriportanceVERTRIEBSGEBIET Spanien Kelsey WinkelVertrieb und Projektmanagementagriportance. GmbH Lippst&auml;dter Stra&szlig;e 54 | Businessdock Building F |&nbsp; 48155 M&uuml;nster+49 176 43870278 kelsey.winkel@agriportance.com Gerne k&ouml;nnen Sie auch direkt einen Termin mit mir buchen:","og_url":"https:\/\/agriportance.com\/pt\/contacto\/territorios-de-vendas\/vendas-espanha-dinamarca\/","og_site_name":"agriportance GmbH","article_publisher":"https:\/\/www.facebook.com\/agriportance","article_modified_time":"2025-07-30T07:36:12+00:00","twitter_card":"summary_large_image","twitter_site":"@agriportance","twitter_misc":{"Tempo estimado de leitura":"1 minuto"},"schema":{"@context":"https:\/\/schema.org","@graph":[{"@type":"WebPage","@id":"https:\/\/agriportance.com\/de\/kontakt\/vertriebsgebiete\/vertrieb-spanien-daenemark\/","url":"https:\/\/agriportance.com\/de\/kontakt\/vertriebsgebiete\/vertrieb-spanien-daenemark\/","name":"Vendas Espanha - agriportance GmbH","isPartOf":{"@id":"https:\/\/agriportance.com\/#website"},"datePublished":"2024-06-05T10:20:01+00:00","dateModified":"2025-07-30T07:36:12+00:00","breadcrumb":{"@id":"https:\/\/agriportance.com\/de\/kontakt\/vertriebsgebiete\/vertrieb-spanien-daenemark\/#breadcrumb"},"inLanguage":"pt-PT","potentialAction":[{"@type":"ReadAction","target":["https:\/\/agriportance.com\/de\/kontakt\/vertriebsgebiete\/vertrieb-spanien-daenemark\/"]}]},{"@type":"BreadcrumbList","@id":"https:\/\/agriportance.com\/de\/kontakt\/vertriebsgebiete\/vertrieb-spanien-daenemark\/#breadcrumb","itemListElement":[{"@type":"ListItem","position":1,"name":"Startseite","item":"https:\/\/agriportance.com\/de\/"},{"@type":"ListItem","position":2,"name":"Kontakt","item":"https:\/\/agriportance.com\/de\/kontakt\/"},{"@type":"ListItem","position":3,"name":"Vertriebsgebiete","item":"https:\/\/agriportance.com\/de\/kontakt\/vertriebsgebiete\/"},{"@type":"ListItem","position":4,"name":"Vertrieb Spanien"}]},{"@type":"WebSite","@id":"https:\/\/agriportance.com\/#website","url":"https:\/\/agriportance.com\/","name":"agriport\u00e2ncia","description":"Informa\u00e7\u00f5es e servi\u00e7os sobre biometano e LCO2","publisher":{"@id":"https:\/\/agriportance.com\/#organization"},"potentialAction":[{"@type":"SearchAction","target":{"@type":"EntryPoint","urlTemplate":"https:\/\/agriportance.com\/?s={search_term_string}"},"query-input":{"@type":"PropertyValueSpecification","valueRequired":true,"valueName":"search_term_string"}}],"inLanguage":"pt-PT"},{"@type":"Organization","@id":"https:\/\/agriportance.com\/#organization","name":"agriportance GmbH","url":"https:\/\/agriportance.com\/","logo":{"@type":"ImageObject","inLanguage":"pt-PT","@id":"https:\/\/agriportance.com\/#\/schema\/logo\/image\/","url":"https:\/\/agriportance.com\/wp-content\/uploads\/2023\/05\/agriportance-logo.png","contentUrl":"https:\/\/agriportance.com\/wp-content\/uploads\/2023\/05\/agriportance-logo.png","width":701,"height":108,"caption":"agriportance GmbH"},"image":{"@id":"https:\/\/agriportance.com\/#\/schema\/logo\/image\/"},"sameAs":["https:\/\/www.facebook.com\/agriportance","https:\/\/x.com\/agriportance","https:\/\/de.linkedin.com\/company\/agriportance","https:\/\/www.instagram.com\/agriportance"]}]}},"_links":{"self":[{"href":"https:\/\/agriportance.com\/pt\/wp-json\/wp\/v2\/pages\/34478","targetHints":{"allow":["GET"]}}],"collection":[{"href":"https:\/\/agriportance.com\/pt\/wp-json\/wp\/v2\/pages"}],"about":[{"href":"https:\/\/agriportance.com\/pt\/wp-json\/wp\/v2\/types\/page"}],"author":[{"embeddable":true,"href":"https:\/\/agriportance.com\/pt\/wp-json\/wp\/v2\/users\/2"}],"replies":[{"embeddable":true,"href":"https:\/\/agriportance.com\/pt\/wp-json\/wp\/v2\/comments?post=34478"}],"version-history":[{"count":7,"href":"https:\/\/agriportance.com\/pt\/wp-json\/wp\/v2\/pages\/34478\/revisions"}],"predecessor-version":[{"id":37614,"href":"https:\/\/agriportance.com\/pt\/wp-json\/wp\/v2\/pages\/34478\/revisions\/37614"}],"up":[{"embeddable":true,"href":"https:\/\/agriportance.com\/pt\/wp-json\/wp\/v2\/pages\/590"}],"wp:attachment":[{"href":"https:\/\/agriportance.com\/pt\/wp-json\/wp\/v2\/media?parent=34478"}],"curies":[{"name":"wp","href":"https:\/\/api.w.org\/{rel}","templated":true}]}}