{"id":35725,"date":"2025-01-17T13:42:31","date_gmt":"2025-01-17T13:42:31","guid":{"rendered":"https:\/\/agriportance.com\/?page_id=35725"},"modified":"2025-01-20T13:53:36","modified_gmt":"2025-01-20T13:53:36","slug":"notas-de-isencao-de-responsabilidade","status":"publish","type":"page","link":"https:\/\/agriportance.com\/pt\/agriportance\/disclaimer-hinweise\/","title":{"rendered":"Notas"},"content":{"rendered":"<h2 class=\"wp-block-heading\" id=\"h-unerlaubte-vervielfaltigung\"><strong>Duplica\u00e7\u00e3o n\u00e3o autorizada:<\/strong><\/h2>\n\n\n\n<p>O conte\u00fado desta apresenta\u00e7\u00e3o est\u00e1 protegido por direitos de autor. Qualquer forma de reprodu\u00e7\u00e3o, distribui\u00e7\u00e3o ou outra utiliza\u00e7\u00e3o sem a autoriza\u00e7\u00e3o expressa por escrito da empresa \u00e9 estritamente proibida.<\/p>\n\n\n\n<h2 class=\"wp-block-heading\" id=\"h-beispielhafter-charakter\"><strong>Car\u00e1cter exemplar:<\/strong><\/h2>\n\n\n\n<p>Os dados, informa\u00e7\u00f5es e exemplos apresentados nesta apresenta\u00e7\u00e3o s\u00e3o apenas para fins ilustrativos e n\u00e3o devem ser interpretados como representa\u00e7\u00f5es ou previs\u00f5es exactas.<\/p>\n\n\n\n<h2 class=\"wp-block-heading\" id=\"h-ausschluss-der-rechtlichen-beratung\"><strong>Exclus\u00e3o do aconselhamento jur\u00eddico:<\/strong><\/h2>\n\n\n\n<p>O conte\u00fado desta apresenta\u00e7\u00e3o n\u00e3o constitui aconselhamento jur\u00eddico e n\u00e3o deve ser considerado como tal.<\/p>\n\n\n\n<h2 class=\"wp-block-heading\" id=\"h-ausschluss-der-haftung\"><strong>Exclus\u00e3o de responsabilidade:<\/strong><\/h2>\n\n\n\n<p>A empresa n\u00e3o se responsabiliza por quaisquer danos ou perdas que possam resultar direta ou indiretamente da utiliza\u00e7\u00e3o da informa\u00e7\u00e3o contida nesta apresenta\u00e7\u00e3o.<\/p>\n\n\n\n<p><\/p>","protected":false},"excerpt":{"rendered":"<p>Reprodu\u00e7\u00e3o n\u00e3o autorizada: O conte\u00fado desta apresenta\u00e7\u00e3o est\u00e1 protegido por direitos de autor. Qualquer forma de reprodu\u00e7\u00e3o, distribui\u00e7\u00e3o ou outra utiliza\u00e7\u00e3o sem a autoriza\u00e7\u00e3o expressa por escrito da empresa \u00e9 estritamente proibida. Car\u00e1cter exemplificativo: Os dados, informa\u00e7\u00f5es e exemplos apresentados nesta apresenta\u00e7\u00e3o s\u00e3o apenas para fins ilustrativos e n\u00e3o devem ser interpretados como representa\u00e7\u00f5es ou previs\u00f5es exactas. Exclus\u00e3o de aconselhamento jur\u00eddico: O ...<\/p>","protected":false},"author":2,"featured_media":0,"parent":55,"menu_order":0,"comment_status":"closed","ping_status":"closed","template":"template-blank-1.php","meta":{"content-type":"","footnotes":""},"class_list":["post-35725","page","type-page","status-publish","hentry","no-post-thumbnail"],"yoast_head":"<!-- This site is optimized with the Yoast SEO Premium plugin v27.3 (Yoast SEO v27.3) - https:\/\/yoast.com\/product\/yoast-seo-premium-wordpress\/ -->\n<title>Hinweise - agriportance GmbH<\/title>\n<meta name=\"description\" content=\"Wichtige Hinweise zu den Daten und Informationen, die agriportance unverbindlich bereitstellt.\" \/>\n<meta name=\"robots\" content=\"index, follow, max-snippet:-1, max-image-preview:large, max-video-preview:-1\" \/>\n<link rel=\"canonical\" href=\"https:\/\/agriportance.com\/pt\/agriportancia-2\/notas-de-isencao-de-responsabilidade\/\" \/>\n<meta property=\"og:locale\" content=\"pt_PT\" \/>\n<meta property=\"og:type\" content=\"article\" \/>\n<meta property=\"og:title\" content=\"Hinweise\" \/>\n<meta property=\"og:description\" content=\"Wichtige Hinweise zu den Daten und Informationen, die agriportance unverbindlich bereitstellt.\" \/>\n<meta property=\"og:url\" content=\"https:\/\/agriportance.com\/pt\/agriportancia-2\/notas-de-isencao-de-responsabilidade\/\" \/>\n<meta property=\"og:site_name\" content=\"agriportance GmbH\" \/>\n<meta property=\"article:publisher\" content=\"https:\/\/www.facebook.com\/agriportance\" \/>\n<meta property=\"article:modified_time\" content=\"2025-01-20T13:53:36+00:00\" \/>\n<meta name=\"twitter:card\" content=\"summary_large_image\" \/>\n<meta name=\"twitter:site\" content=\"@agriportance\" \/>\n<meta name=\"twitter:label1\" content=\"Tempo estimado de leitura\" \/>\n\t<meta name=\"twitter:data1\" content=\"1 minuto\" \/>\n<script type=\"application\/ld+json\" class=\"yoast-schema-graph\">{\"@context\":\"https:\\\/\\\/schema.org\",\"@graph\":[{\"@type\":\"WebPage\",\"@id\":\"https:\\\/\\\/agriportance.com\\\/de\\\/agriportance\\\/disclaimer-hinweise\\\/\",\"url\":\"https:\\\/\\\/agriportance.com\\\/de\\\/agriportance\\\/disclaimer-hinweise\\\/\",\"name\":\"Hinweise - agriportance GmbH\",\"isPartOf\":{\"@id\":\"https:\\\/\\\/agriportance.com\\\/#website\"},\"datePublished\":\"2025-01-17T13:42:31+00:00\",\"dateModified\":\"2025-01-20T13:53:36+00:00\",\"description\":\"Wichtige Hinweise zu den Daten und Informationen, die agriportance unverbindlich bereitstellt.\",\"breadcrumb\":{\"@id\":\"https:\\\/\\\/agriportance.com\\\/de\\\/agriportance\\\/disclaimer-hinweise\\\/#breadcrumb\"},\"inLanguage\":\"pt-PT\",\"potentialAction\":[{\"@type\":\"ReadAction\",\"target\":[\"https:\\\/\\\/agriportance.com\\\/de\\\/agriportance\\\/disclaimer-hinweise\\\/\"]}]},{\"@type\":\"BreadcrumbList\",\"@id\":\"https:\\\/\\\/agriportance.com\\\/de\\\/agriportance\\\/disclaimer-hinweise\\\/#breadcrumb\",\"itemListElement\":[{\"@type\":\"ListItem\",\"position\":1,\"name\":\"Startseite\",\"item\":\"https:\\\/\\\/agriportance.com\\\/de\\\/\"},{\"@type\":\"ListItem\",\"position\":2,\"name\":\"agriportance\",\"item\":\"https:\\\/\\\/agriportance.com\\\/de\\\/\"},{\"@type\":\"ListItem\",\"position\":3,\"name\":\"Hinweise\"}]},{\"@type\":\"WebSite\",\"@id\":\"https:\\\/\\\/agriportance.com\\\/#website\",\"url\":\"https:\\\/\\\/agriportance.com\\\/\",\"name\":\"agriportance\",\"description\":\"Informationen und Dienstleistungen zu Biomethan und LCO2\",\"publisher\":{\"@id\":\"https:\\\/\\\/agriportance.com\\\/#organization\"},\"potentialAction\":[{\"@type\":\"SearchAction\",\"target\":{\"@type\":\"EntryPoint\",\"urlTemplate\":\"https:\\\/\\\/agriportance.com\\\/?s={search_term_string}\"},\"query-input\":{\"@type\":\"PropertyValueSpecification\",\"valueRequired\":true,\"valueName\":\"search_term_string\"}}],\"inLanguage\":\"pt-PT\"},{\"@type\":\"Organization\",\"@id\":\"https:\\\/\\\/agriportance.com\\\/#organization\",\"name\":\"agriportance GmbH\",\"url\":\"https:\\\/\\\/agriportance.com\\\/\",\"logo\":{\"@type\":\"ImageObject\",\"inLanguage\":\"pt-PT\",\"@id\":\"https:\\\/\\\/agriportance.com\\\/#\\\/schema\\\/logo\\\/image\\\/\",\"url\":\"https:\\\/\\\/agriportance.com\\\/wp-content\\\/uploads\\\/2023\\\/05\\\/agriportance-logo.png\",\"contentUrl\":\"https:\\\/\\\/agriportance.com\\\/wp-content\\\/uploads\\\/2023\\\/05\\\/agriportance-logo.png\",\"width\":701,\"height\":108,\"caption\":\"agriportance GmbH\"},\"image\":{\"@id\":\"https:\\\/\\\/agriportance.com\\\/#\\\/schema\\\/logo\\\/image\\\/\"},\"sameAs\":[\"https:\\\/\\\/www.facebook.com\\\/agriportance\",\"https:\\\/\\\/x.com\\\/agriportance\",\"https:\\\/\\\/de.linkedin.com\\\/company\\\/agriportance\",\"https:\\\/\\\/www.instagram.com\\\/agriportance\"]}]}<\/script>\n<!-- \/ Yoast SEO Premium plugin. -->","yoast_head_json":{"title":"Notas - agriportance GmbH","description":"Notas importantes sobre os dados e informa\u00e7\u00f5es fornecidos pela agriportance sem compromisso.","robots":{"index":"index","follow":"follow","max-snippet":"max-snippet:-1","max-image-preview":"max-image-preview:large","max-video-preview":"max-video-preview:-1"},"canonical":"https:\/\/agriportance.com\/pt\/agriportancia-2\/notas-de-isencao-de-responsabilidade\/","og_locale":"pt_PT","og_type":"article","og_title":"Hinweise","og_description":"Wichtige Hinweise zu den Daten und Informationen, die agriportance unverbindlich bereitstellt.","og_url":"https:\/\/agriportance.com\/pt\/agriportancia-2\/notas-de-isencao-de-responsabilidade\/","og_site_name":"agriportance GmbH","article_publisher":"https:\/\/www.facebook.com\/agriportance","article_modified_time":"2025-01-20T13:53:36+00:00","twitter_card":"summary_large_image","twitter_site":"@agriportance","twitter_misc":{"Tempo estimado de leitura":"1 minuto"},"schema":{"@context":"https:\/\/schema.org","@graph":[{"@type":"WebPage","@id":"https:\/\/agriportance.com\/de\/agriportance\/disclaimer-hinweise\/","url":"https:\/\/agriportance.com\/de\/agriportance\/disclaimer-hinweise\/","name":"Notas - agriportance GmbH","isPartOf":{"@id":"https:\/\/agriportance.com\/#website"},"datePublished":"2025-01-17T13:42:31+00:00","dateModified":"2025-01-20T13:53:36+00:00","description":"Notas importantes sobre os dados e informa\u00e7\u00f5es fornecidos pela agriportance sem compromisso.","breadcrumb":{"@id":"https:\/\/agriportance.com\/de\/agriportance\/disclaimer-hinweise\/#breadcrumb"},"inLanguage":"pt-PT","potentialAction":[{"@type":"ReadAction","target":["https:\/\/agriportance.com\/de\/agriportance\/disclaimer-hinweise\/"]}]},{"@type":"BreadcrumbList","@id":"https:\/\/agriportance.com\/de\/agriportance\/disclaimer-hinweise\/#breadcrumb","itemListElement":[{"@type":"ListItem","position":1,"name":"Startseite","item":"https:\/\/agriportance.com\/de\/"},{"@type":"ListItem","position":2,"name":"agriportance","item":"https:\/\/agriportance.com\/de\/"},{"@type":"ListItem","position":3,"name":"Hinweise"}]},{"@type":"WebSite","@id":"https:\/\/agriportance.com\/#website","url":"https:\/\/agriportance.com\/","name":"agriport\u00e2ncia","description":"Informa\u00e7\u00f5es e servi\u00e7os sobre biometano e LCO2","publisher":{"@id":"https:\/\/agriportance.com\/#organization"},"potentialAction":[{"@type":"SearchAction","target":{"@type":"EntryPoint","urlTemplate":"https:\/\/agriportance.com\/?s={search_term_string}"},"query-input":{"@type":"PropertyValueSpecification","valueRequired":true,"valueName":"search_term_string"}}],"inLanguage":"pt-PT"},{"@type":"Organization","@id":"https:\/\/agriportance.com\/#organization","name":"agriportance GmbH","url":"https:\/\/agriportance.com\/","logo":{"@type":"ImageObject","inLanguage":"pt-PT","@id":"https:\/\/agriportance.com\/#\/schema\/logo\/image\/","url":"https:\/\/agriportance.com\/wp-content\/uploads\/2023\/05\/agriportance-logo.png","contentUrl":"https:\/\/agriportance.com\/wp-content\/uploads\/2023\/05\/agriportance-logo.png","width":701,"height":108,"caption":"agriportance GmbH"},"image":{"@id":"https:\/\/agriportance.com\/#\/schema\/logo\/image\/"},"sameAs":["https:\/\/www.facebook.com\/agriportance","https:\/\/x.com\/agriportance","https:\/\/de.linkedin.com\/company\/agriportance","https:\/\/www.instagram.com\/agriportance"]}]}},"_links":{"self":[{"href":"https:\/\/agriportance.com\/pt\/wp-json\/wp\/v2\/pages\/35725","targetHints":{"allow":["GET"]}}],"collection":[{"href":"https:\/\/agriportance.com\/pt\/wp-json\/wp\/v2\/pages"}],"about":[{"href":"https:\/\/agriportance.com\/pt\/wp-json\/wp\/v2\/types\/page"}],"author":[{"embeddable":true,"href":"https:\/\/agriportance.com\/pt\/wp-json\/wp\/v2\/users\/2"}],"replies":[{"embeddable":true,"href":"https:\/\/agriportance.com\/pt\/wp-json\/wp\/v2\/comments?post=35725"}],"version-history":[{"count":4,"href":"https:\/\/agriportance.com\/pt\/wp-json\/wp\/v2\/pages\/35725\/revisions"}],"predecessor-version":[{"id":35757,"href":"https:\/\/agriportance.com\/pt\/wp-json\/wp\/v2\/pages\/35725\/revisions\/35757"}],"up":[{"embeddable":true,"href":"https:\/\/agriportance.com\/pt\/wp-json\/wp\/v2\/pages\/55"}],"wp:attachment":[{"href":"https:\/\/agriportance.com\/pt\/wp-json\/wp\/v2\/media?parent=35725"}],"curies":[{"name":"wp","href":"https:\/\/api.w.org\/{rel}","templated":true}]}}