{"id":1279,"date":"2023-06-12T14:40:16","date_gmt":"2023-06-12T14:40:16","guid":{"rendered":"https:\/\/dev.agriportance.com\/biomethan-herstellung-2-2-2-2-4"},"modified":"2023-08-10T11:34:23","modified_gmt":"2023-08-10T11:34:23","slug":"saelja-bio-lco2","status":"publish","type":"page","link":"https:\/\/agriportance.com\/sv\/dienstleistungen\/bio-lco2-verkaufen\/","title":{"rendered":"S\u00e4lja Bio LCO2"},"content":{"rendered":"<div id=\"cs-content\" class=\"cs-content\"><\/div>","protected":false},"excerpt":{"rendered":"<p>agriportanceBio-LCO2 till salu S\u00e4lj organisk LCO2 genom oss till p\u00e5litliga k\u00f6pare. Det \u00e4r ingen hemlighet att marknaden f\u00f6r LCO2 \u00e4r dynamisk och komplex, varf\u00f6r professionell f\u00f6rmedling kan \u00f6ka din f\u00f6rs\u00e4ljningsframg\u00e5ng avsev\u00e4rt. P\u00e5 agriportance s\u00e4ljer vi din organiska LCO2 \u00e5t dig och erbjuder dig ett helt\u00e4ckande paket som befriar dig fr\u00e5n de hinder och utmaningar som finns p\u00e5 LCO2-marknaden. Om du \u00e4r en organisk LCO2-producent eller ...<\/p>","protected":false},"author":2,"featured_media":0,"parent":87,"menu_order":0,"comment_status":"closed","ping_status":"closed","template":"template-blank-4.php","meta":{"content-type":"","footnotes":""},"class_list":["post-1279","page","type-page","status-publish","hentry","no-post-thumbnail"],"yoast_head":"<!-- This site is optimized with the Yoast SEO Premium plugin v27.5 (Yoast SEO v27.5) - https:\/\/yoast.com\/product\/yoast-seo-premium-wordpress\/ -->\n<title>BIO - LCO2 zu attraktiven Konditionen verkaufen<\/title>\n<meta name=\"description\" content=\"Wir vermitteln schnell und effizient Ihr Bio-LCO2. Profitieren Sie von unserem gro\u00dfen Netzwerk. Jetzt Kontakt aufnehmen \u2705\" \/>\n<meta name=\"robots\" content=\"index, follow, max-snippet:-1, max-image-preview:large, max-video-preview:-1\" \/>\n<link rel=\"canonical\" href=\"https:\/\/agriportance.com\/sv\/tjaenster\/saelja-bio-lco2\/\" \/>\n<meta property=\"og:locale\" content=\"sv_SE\" \/>\n<meta property=\"og:type\" content=\"article\" \/>\n<meta property=\"og:title\" content=\"Bio-LCO2 verkaufen\" \/>\n<meta property=\"og:description\" content=\"Wir vermitteln schnell und effizient Ihr Bio-LCO2. Profitieren Sie von unserem gro\u00dfen Netzwerk. Jetzt Kontakt aufnehmen \u2705\" \/>\n<meta property=\"og:url\" content=\"https:\/\/agriportance.com\/sv\/tjaenster\/saelja-bio-lco2\/\" \/>\n<meta property=\"og:site_name\" content=\"agriportance GmbH\" \/>\n<meta property=\"article:publisher\" content=\"https:\/\/www.facebook.com\/agriportance\" \/>\n<meta property=\"article:modified_time\" content=\"2023-08-10T11:34:23+00:00\" \/>\n<meta name=\"twitter:card\" content=\"summary_large_image\" \/>\n<meta name=\"twitter:site\" content=\"@agriportance\" \/>\n<meta name=\"twitter:label1\" content=\"Ber\u00e4knad l\u00e4stid\" \/>\n\t<meta name=\"twitter:data1\" content=\"5 minuter\" \/>\n<script type=\"application\/ld+json\" class=\"yoast-schema-graph\">{\"@context\":\"https:\\\/\\\/schema.org\",\"@graph\":[{\"@type\":\"WebPage\",\"@id\":\"https:\\\/\\\/agriportance.com\\\/de\\\/dienstleistungen\\\/bio-lco2-verkaufen\\\/\",\"url\":\"https:\\\/\\\/agriportance.com\\\/de\\\/dienstleistungen\\\/bio-lco2-verkaufen\\\/\",\"name\":\"BIO - LCO2 zu attraktiven Konditionen verkaufen\",\"isPartOf\":{\"@id\":\"https:\\\/\\\/agriportance.com\\\/#website\"},\"datePublished\":\"2023-06-12T14:40:16+00:00\",\"dateModified\":\"2023-08-10T11:34:23+00:00\",\"description\":\"Wir vermitteln schnell und effizient Ihr Bio-LCO2. Profitieren Sie von unserem gro\u00dfen Netzwerk. Jetzt Kontakt aufnehmen \u2705\",\"breadcrumb\":{\"@id\":\"https:\\\/\\\/agriportance.com\\\/de\\\/dienstleistungen\\\/bio-lco2-verkaufen\\\/#breadcrumb\"},\"inLanguage\":\"sv-SE\",\"potentialAction\":[{\"@type\":\"ReadAction\",\"target\":[\"https:\\\/\\\/agriportance.com\\\/de\\\/dienstleistungen\\\/bio-lco2-verkaufen\\\/\"]}]},{\"@type\":\"BreadcrumbList\",\"@id\":\"https:\\\/\\\/agriportance.com\\\/de\\\/dienstleistungen\\\/bio-lco2-verkaufen\\\/#breadcrumb\",\"itemListElement\":[{\"@type\":\"ListItem\",\"position\":1,\"name\":\"Startseite\",\"item\":\"https:\\\/\\\/agriportance.com\\\/de\\\/\"},{\"@type\":\"ListItem\",\"position\":2,\"name\":\"Dienstleistungen\",\"item\":\"https:\\\/\\\/agriportance.com\\\/de\\\/dienstleistungen\\\/\"},{\"@type\":\"ListItem\",\"position\":3,\"name\":\"Bio-LCO2 verkaufen\"}]},{\"@type\":\"WebSite\",\"@id\":\"https:\\\/\\\/agriportance.com\\\/#website\",\"url\":\"https:\\\/\\\/agriportance.com\\\/\",\"name\":\"agriportance\",\"description\":\"Informationen und Dienstleistungen zu Biomethan und LCO2\",\"publisher\":{\"@id\":\"https:\\\/\\\/agriportance.com\\\/#organization\"},\"potentialAction\":[{\"@type\":\"SearchAction\",\"target\":{\"@type\":\"EntryPoint\",\"urlTemplate\":\"https:\\\/\\\/agriportance.com\\\/?s={search_term_string}\"},\"query-input\":{\"@type\":\"PropertyValueSpecification\",\"valueRequired\":true,\"valueName\":\"search_term_string\"}}],\"inLanguage\":\"sv-SE\"},{\"@type\":\"Organization\",\"@id\":\"https:\\\/\\\/agriportance.com\\\/#organization\",\"name\":\"agriportance GmbH\",\"url\":\"https:\\\/\\\/agriportance.com\\\/\",\"logo\":{\"@type\":\"ImageObject\",\"inLanguage\":\"sv-SE\",\"@id\":\"https:\\\/\\\/agriportance.com\\\/#\\\/schema\\\/logo\\\/image\\\/\",\"url\":\"https:\\\/\\\/agriportance.com\\\/wp-content\\\/uploads\\\/2023\\\/05\\\/agriportance-logo.png\",\"contentUrl\":\"https:\\\/\\\/agriportance.com\\\/wp-content\\\/uploads\\\/2023\\\/05\\\/agriportance-logo.png\",\"width\":701,\"height\":108,\"caption\":\"agriportance GmbH\"},\"image\":{\"@id\":\"https:\\\/\\\/agriportance.com\\\/#\\\/schema\\\/logo\\\/image\\\/\"},\"sameAs\":[\"https:\\\/\\\/www.facebook.com\\\/agriportance\",\"https:\\\/\\\/x.com\\\/agriportance\",\"https:\\\/\\\/de.linkedin.com\\\/company\\\/agriportance\",\"https:\\\/\\\/www.instagram.com\\\/agriportance\"]}]}<\/script>\n<!-- \/ Yoast SEO Premium plugin. -->","yoast_head_json":{"title":"BIO - LCO2 till salu till attraktiva villkor","description":"Vi ordnar din Bio-LCO2 snabbt och effektivt. Dra nytta av v\u00e5rt stora n\u00e4tverk. Kontakta oss nu \u2705","robots":{"index":"index","follow":"follow","max-snippet":"max-snippet:-1","max-image-preview":"max-image-preview:large","max-video-preview":"max-video-preview:-1"},"canonical":"https:\/\/agriportance.com\/sv\/tjaenster\/saelja-bio-lco2\/","og_locale":"sv_SE","og_type":"article","og_title":"Bio-LCO2 verkaufen","og_description":"Wir vermitteln schnell und effizient Ihr Bio-LCO2. Profitieren Sie von unserem gro\u00dfen Netzwerk. Jetzt Kontakt aufnehmen \u2705","og_url":"https:\/\/agriportance.com\/sv\/tjaenster\/saelja-bio-lco2\/","og_site_name":"agriportance GmbH","article_publisher":"https:\/\/www.facebook.com\/agriportance","article_modified_time":"2023-08-10T11:34:23+00:00","twitter_card":"summary_large_image","twitter_site":"@agriportance","twitter_misc":{"Ber\u00e4knad l\u00e4stid":"5 minuter"},"schema":{"@context":"https:\/\/schema.org","@graph":[{"@type":"WebPage","@id":"https:\/\/agriportance.com\/de\/dienstleistungen\/bio-lco2-verkaufen\/","url":"https:\/\/agriportance.com\/de\/dienstleistungen\/bio-lco2-verkaufen\/","name":"BIO - LCO2 till salu till attraktiva villkor","isPartOf":{"@id":"https:\/\/agriportance.com\/#website"},"datePublished":"2023-06-12T14:40:16+00:00","dateModified":"2023-08-10T11:34:23+00:00","description":"Vi ordnar din Bio-LCO2 snabbt och effektivt. Dra nytta av v\u00e5rt stora n\u00e4tverk. Kontakta oss nu \u2705","breadcrumb":{"@id":"https:\/\/agriportance.com\/de\/dienstleistungen\/bio-lco2-verkaufen\/#breadcrumb"},"inLanguage":"sv-SE","potentialAction":[{"@type":"ReadAction","target":["https:\/\/agriportance.com\/de\/dienstleistungen\/bio-lco2-verkaufen\/"]}]},{"@type":"BreadcrumbList","@id":"https:\/\/agriportance.com\/de\/dienstleistungen\/bio-lco2-verkaufen\/#breadcrumb","itemListElement":[{"@type":"ListItem","position":1,"name":"Startseite","item":"https:\/\/agriportance.com\/de\/"},{"@type":"ListItem","position":2,"name":"Dienstleistungen","item":"https:\/\/agriportance.com\/de\/dienstleistungen\/"},{"@type":"ListItem","position":3,"name":"Bio-LCO2 verkaufen"}]},{"@type":"WebSite","@id":"https:\/\/agriportance.com\/#website","url":"https:\/\/agriportance.com\/","name":"agriportance","description":"Information och tj\u00e4nster om biometan och LCO2","publisher":{"@id":"https:\/\/agriportance.com\/#organization"},"potentialAction":[{"@type":"SearchAction","target":{"@type":"EntryPoint","urlTemplate":"https:\/\/agriportance.com\/?s={search_term_string}"},"query-input":{"@type":"PropertyValueSpecification","valueRequired":true,"valueName":"search_term_string"}}],"inLanguage":"sv-SE"},{"@type":"Organization","@id":"https:\/\/agriportance.com\/#organization","name":"agriportance GmbH","url":"https:\/\/agriportance.com\/","logo":{"@type":"ImageObject","inLanguage":"sv-SE","@id":"https:\/\/agriportance.com\/#\/schema\/logo\/image\/","url":"https:\/\/agriportance.com\/wp-content\/uploads\/2023\/05\/agriportance-logo.png","contentUrl":"https:\/\/agriportance.com\/wp-content\/uploads\/2023\/05\/agriportance-logo.png","width":701,"height":108,"caption":"agriportance GmbH"},"image":{"@id":"https:\/\/agriportance.com\/#\/schema\/logo\/image\/"},"sameAs":["https:\/\/www.facebook.com\/agriportance","https:\/\/x.com\/agriportance","https:\/\/de.linkedin.com\/company\/agriportance","https:\/\/www.instagram.com\/agriportance"]}]}},"_links":{"self":[{"href":"https:\/\/agriportance.com\/sv\/wp-json\/wp\/v2\/pages\/1279","targetHints":{"allow":["GET"]}}],"collection":[{"href":"https:\/\/agriportance.com\/sv\/wp-json\/wp\/v2\/pages"}],"about":[{"href":"https:\/\/agriportance.com\/sv\/wp-json\/wp\/v2\/types\/page"}],"author":[{"embeddable":true,"href":"https:\/\/agriportance.com\/sv\/wp-json\/wp\/v2\/users\/2"}],"replies":[{"embeddable":true,"href":"https:\/\/agriportance.com\/sv\/wp-json\/wp\/v2\/comments?post=1279"}],"version-history":[{"count":27,"href":"https:\/\/agriportance.com\/sv\/wp-json\/wp\/v2\/pages\/1279\/revisions"}],"predecessor-version":[{"id":2725,"href":"https:\/\/agriportance.com\/sv\/wp-json\/wp\/v2\/pages\/1279\/revisions\/2725"}],"up":[{"embeddable":true,"href":"https:\/\/agriportance.com\/sv\/wp-json\/wp\/v2\/pages\/87"}],"wp:attachment":[{"href":"https:\/\/agriportance.com\/sv\/wp-json\/wp\/v2\/media?parent=1279"}],"curies":[{"name":"wp","href":"https:\/\/api.w.org\/{rel}","templated":true}]}}