{"id":2058,"date":"2023-07-04T12:18:40","date_gmt":"2023-07-04T12:18:40","guid":{"rendered":"https:\/\/agriportance.com\/?page_id=2058"},"modified":"2024-01-25T16:11:09","modified_gmt":"2024-01-25T16:11:09","slug":"veta","status":"publish","type":"page","link":"https:\/\/agriportance.com\/sv\/wissen\/","title":{"rendered":"Kunskap"},"content":{"rendered":"<div id=\"cs-content\" class=\"cs-content\"><div class=\"x-section e2058-e1 m1l6-0 m1l6-1 m1l6-2\"><div class=\"x-text x-text-headline e2058-e2 m1l6-5 m1l6-6\"><div class=\"x-text-content\"><div class=\"x-text-content-text\"><h1 class=\"x-text-content-text-primary\"><h1 style=\"text-align: center;\">Kunskap kring \u00e4mnet biometan<\/h1><\/h1>\n<\/div><\/div><\/div><\/div><div class=\"x-section e2058-e3 m1l6-0 m1l6-1 m1l6-3\"><div class=\"x-row x-container max width e2058-e4 m1l6-8 m1l6-9 m1l6-b\"><div class=\"x-row-inner\"><div class=\"x-col e2058-e5 m1l6-d m1l6-e\"><div class=\"x-text x-content e2058-e6 m1l6-j\"><p class=\"p1\">H\u00e4r hittar du en omfattande samling information, podcasts, bloggartiklar, publikationer och nedladdningar f\u00f6r att ut\u00f6ka din kunskap om \u00e4mnet h\u00e5llbarhet och biometan. V\u00e5rt m\u00e5l \u00e4r att f\u00f6rse dig med en v\u00e4rdefull resurs om \u00e4mnet biometan.<\/p>\n<p class=\"p1\"><strong>Podcast:<\/strong><\/p>\n<p class=\"p1\">F\u00f6rdjupa dig i v\u00e4rlden av biometan med v\u00e5r informativa podcast. Vi t\u00e4cker en m\u00e4ngd olika \u00e4mnen, fr\u00e5n produktion och bearbetning till till\u00e4mpning och f\u00f6rdelar med biometan. L\u00e4r dig av experter hur biometan bidrar till energiomst\u00e4llningen och hur det kan anv\u00e4ndas inom olika sektorer som transport, industri och hush\u00e5ll.<\/p>\n<p class=\"p1\"><strong>Blogg:<\/strong><\/p>\n<p class=\"p1\">I v\u00e5r blogg h\u00e5ller vi dig regelbundet uppdaterad om den senaste utvecklingen och intressanta aspekter inom omr\u00e5det biometan. V\u00e5ra experter delar med sig av sina kunskaper och ger inblickar i de senaste forskningsresultaten, innovativa tekniker och framg\u00e5ngsrika projekt. H\u00e4r hittar du sp\u00e4nnande artiklar som hj\u00e4lper dig att f\u00f6rst\u00e5 och utnyttja biometanens fulla potential.<\/p>\n<p class=\"p1\"><strong>Publikationer:<\/strong><\/p>\n<p class=\"p1\">V\u00e5r omfattande samling av publikationer ger dig djupg\u00e5ende insikter i olika aspekter av biometan. Fr\u00e5n vetenskapliga artiklar och fallstudier till guider och rapporter hittar du en m\u00e4ngd information av h\u00f6g kvalitet. V\u00e5ra publikationer \u00e4r skrivna av v\u00e4lrenommerade experter och \u00e4r en v\u00e4rdefull resurs f\u00f6r forskare, yrkesverksamma och intresserade parter.<\/p>\n<p class=\"p1\">Ha s\u00e5 kul n\u00e4r du surfar!<\/p><\/div><\/div><\/div><\/div><\/div><div class=\"x-section e2058-e7 m1l6-0 m1l6-4\"><div class=\"x-row e2058-e8 m1l6-8 m1l6-a m1l6-c\"><div class=\"x-row-inner\"><div class=\"x-col e2058-e9 m1l6-d m1l6-f m1l6-g interactive-column\"><div class=\"x-bg\" aria-hidden=\"true\"><div class=\"x-bg-layer-lower-image\"><\/div><div class=\"x-bg-layer-upper-color\"><\/div><\/div><div class=\"x-text x-text-headline e2058-e10 m1l6-5 m1l6-7\"><div class=\"x-text-content\"><div class=\"x-text-content-text\"><h2 class=\"x-text-content-text-primary\">agriportcast\nV\u00e5r podcast<\/h2>\n<\/div><\/div><\/div><a class=\"x-anchor x-anchor-button has-graphic e2058-e11 m1l6-k m1l6-l icon\" tabindex=\"0\" href=\"#\"><div class=\"x-anchor-content\"><span class=\"x-graphic\" aria-hidden=\"true\"><i class=\"x-icon x-graphic-child x-graphic-icon x-graphic-primary\" aria-hidden=\"true\" data-x-icon-l=\"&#x2b;\"><\/i><\/span><\/div><\/a><a class=\"x-anchor x-anchor-button has-graphic e2058-e12 m1l6-k m1l6-m m1l6-n\" tabindex=\"0\" href=\"https:\/\/agriportance.com\/sv\/veta\/podcast\/\"><div class=\"x-anchor-content\"><span class=\"x-graphic\" aria-hidden=\"true\"><i class=\"x-icon x-graphic-child x-graphic-icon x-graphic-primary\" aria-hidden=\"true\" data-x-icon-l=\"&#xf105;\"><\/i><\/span><div class=\"x-anchor-text\"><span class=\"x-anchor-text-primary\">Klicka h\u00e4r<\/span><\/div><\/div><\/a><\/div><div class=\"x-col e2058-e13 m1l6-d m1l6-f m1l6-h interactive-column\"><div class=\"x-bg\" aria-hidden=\"true\"><div class=\"x-bg-layer-lower-image\"><\/div><div class=\"x-bg-layer-upper-color\"><\/div><\/div><div class=\"x-text x-text-headline e2058-e14 m1l6-5 m1l6-7\"><div class=\"x-text-content\"><div class=\"x-text-content-text\"><h2 class=\"x-text-content-text-primary\">Agriportance Blogg<\/h2>\n<\/div><\/div><\/div><a class=\"x-anchor x-anchor-button has-graphic e2058-e15 m1l6-k m1l6-l icon\" tabindex=\"0\" href=\"#\"><div class=\"x-anchor-content\"><span class=\"x-graphic\" aria-hidden=\"true\"><i class=\"x-icon x-graphic-child x-graphic-icon x-graphic-primary\" aria-hidden=\"true\" data-x-icon-l=\"&#x2b;\"><\/i><\/span><\/div><\/a><a class=\"x-anchor x-anchor-button has-graphic e2058-e16 m1l6-k m1l6-m m1l6-o\" tabindex=\"0\" href=\"https:\/\/agriportance.com\/sv\/veta\/blogg\/\"><div class=\"x-anchor-content\"><span class=\"x-graphic\" aria-hidden=\"true\"><i class=\"x-icon x-graphic-child x-graphic-icon x-graphic-primary\" aria-hidden=\"true\" data-x-icon-l=\"&#xf105;\"><\/i><\/span><div class=\"x-anchor-text\"><span class=\"x-anchor-text-primary\">Klicka h\u00e4r<\/span><\/div><\/div><\/a><\/div><div class=\"x-col e2058-e17 m1l6-d m1l6-f m1l6-i interactive-column\"><div class=\"x-bg\" aria-hidden=\"true\"><div class=\"x-bg-layer-lower-image\"><\/div><div class=\"x-bg-layer-upper-color\"><\/div><\/div><div class=\"x-text x-text-headline e2058-e18 m1l6-5 m1l6-7\"><div class=\"x-text-content\"><div class=\"x-text-content-text\"><h2 class=\"x-text-content-text-primary\">Publikationer<\/h2>\n<\/div><\/div><\/div><a class=\"x-anchor x-anchor-button has-graphic e2058-e19 m1l6-k m1l6-l icon\" tabindex=\"0\" href=\"#\"><div class=\"x-anchor-content\"><span class=\"x-graphic\" aria-hidden=\"true\"><i class=\"x-icon x-graphic-child x-graphic-icon x-graphic-primary\" aria-hidden=\"true\" data-x-icon-l=\"&#x2b;\"><\/i><\/span><\/div><\/a><a class=\"x-anchor x-anchor-button has-graphic e2058-e20 m1l6-k m1l6-m m1l6-o\" tabindex=\"0\" href=\"#\"><div class=\"x-anchor-content\"><span class=\"x-graphic\" aria-hidden=\"true\"><i class=\"x-icon x-graphic-child x-graphic-icon x-graphic-primary\" aria-hidden=\"true\" data-x-icon-l=\"&#xf105;\"><\/i><\/span><div class=\"x-anchor-text\"><span class=\"x-anchor-text-primary\">Klicka h\u00e4r<\/span><\/div><\/div><\/a><\/div><\/div><\/div><\/div><\/div>","protected":false},"excerpt":{"rendered":"<p>Kunskap om biometan H\u00e4r hittar du en omfattande samling av information, poddar, bloggartiklar, publikationer och nedladdningar f\u00f6r att ut\u00f6ka din kunskap om h\u00e5llbarhet och biometan. V\u00e5rt m\u00e5l \u00e4r att ge dig en v\u00e4rdefull k\u00e4lla till information om alla aspekter av biometan. Podcast: F\u00f6rdjupa dig i biometanets v\u00e4rld med v\u00e5r informativa podcast. Vi t\u00e4cker ...<\/p>","protected":false},"author":2,"featured_media":0,"parent":0,"menu_order":0,"comment_status":"closed","ping_status":"closed","template":"template-blank-4.php","meta":{"content-type":"","footnotes":""},"class_list":["post-2058","page","type-page","status-publish","hentry","no-post-thumbnail"],"yoast_head":"<!-- This site is optimized with the Yoast SEO Premium plugin v27.3 (Yoast SEO v27.3) - https:\/\/yoast.com\/product\/yoast-seo-premium-wordpress\/ -->\n<title>Wissen zu Biomethan: Podcast, Blog, Publikationen &amp; Downloads<\/title>\n<meta name=\"description\" content=\"Erfahren Sie mehr zum Thema Biomethan &amp; LCO2 in unserem Podcast oder Blog. Nutzen Sie unsere Publikationen &amp; Downloads. Jetzt Wissen aneignen\" \/>\n<meta name=\"robots\" content=\"index, follow, max-snippet:-1, max-image-preview:large, max-video-preview:-1\" \/>\n<link rel=\"canonical\" href=\"https:\/\/agriportance.com\/sv\/veta\/\" \/>\n<meta property=\"og:locale\" content=\"sv_SE\" \/>\n<meta property=\"og:type\" content=\"article\" \/>\n<meta property=\"og:title\" content=\"Wissen\" \/>\n<meta property=\"og:description\" content=\"Erfahren Sie mehr zum Thema Biomethan &amp; LCO2 in unserem Podcast oder Blog. Nutzen Sie unsere Publikationen &amp; Downloads. Jetzt Wissen aneignen\" \/>\n<meta property=\"og:url\" content=\"https:\/\/agriportance.com\/sv\/veta\/\" \/>\n<meta property=\"og:site_name\" content=\"agriportance GmbH\" \/>\n<meta property=\"article:publisher\" content=\"https:\/\/www.facebook.com\/agriportance\" \/>\n<meta property=\"article:modified_time\" content=\"2024-01-25T16:11:09+00:00\" \/>\n<meta name=\"twitter:card\" content=\"summary_large_image\" \/>\n<meta name=\"twitter:site\" content=\"@agriportance\" \/>\n<meta name=\"twitter:label1\" content=\"Ber\u00e4knad l\u00e4stid\" \/>\n\t<meta name=\"twitter:data1\" content=\"2 minuter\" \/>\n<script type=\"application\/ld+json\" class=\"yoast-schema-graph\">{\"@context\":\"https:\\\/\\\/schema.org\",\"@graph\":[{\"@type\":\"WebPage\",\"@id\":\"https:\\\/\\\/agriportance.com\\\/de\\\/wissen\\\/\",\"url\":\"https:\\\/\\\/agriportance.com\\\/de\\\/wissen\\\/\",\"name\":\"Wissen zu Biomethan: Podcast, Blog, Publikationen & Downloads\",\"isPartOf\":{\"@id\":\"https:\\\/\\\/agriportance.com\\\/#website\"},\"datePublished\":\"2023-07-04T12:18:40+00:00\",\"dateModified\":\"2024-01-25T16:11:09+00:00\",\"description\":\"Erfahren Sie mehr zum Thema Biomethan & LCO2 in unserem Podcast oder Blog. Nutzen Sie unsere Publikationen & Downloads. Jetzt Wissen aneignen\",\"breadcrumb\":{\"@id\":\"https:\\\/\\\/agriportance.com\\\/de\\\/wissen\\\/#breadcrumb\"},\"inLanguage\":\"sv-SE\",\"potentialAction\":[{\"@type\":\"ReadAction\",\"target\":[\"https:\\\/\\\/agriportance.com\\\/de\\\/wissen\\\/\"]}]},{\"@type\":\"BreadcrumbList\",\"@id\":\"https:\\\/\\\/agriportance.com\\\/de\\\/wissen\\\/#breadcrumb\",\"itemListElement\":[{\"@type\":\"ListItem\",\"position\":1,\"name\":\"Startseite\",\"item\":\"https:\\\/\\\/agriportance.com\\\/de\\\/\"},{\"@type\":\"ListItem\",\"position\":2,\"name\":\"Wissen\"}]},{\"@type\":\"WebSite\",\"@id\":\"https:\\\/\\\/agriportance.com\\\/#website\",\"url\":\"https:\\\/\\\/agriportance.com\\\/\",\"name\":\"agriportance\",\"description\":\"Informationen und Dienstleistungen zu Biomethan und LCO2\",\"publisher\":{\"@id\":\"https:\\\/\\\/agriportance.com\\\/#organization\"},\"potentialAction\":[{\"@type\":\"SearchAction\",\"target\":{\"@type\":\"EntryPoint\",\"urlTemplate\":\"https:\\\/\\\/agriportance.com\\\/?s={search_term_string}\"},\"query-input\":{\"@type\":\"PropertyValueSpecification\",\"valueRequired\":true,\"valueName\":\"search_term_string\"}}],\"inLanguage\":\"sv-SE\"},{\"@type\":\"Organization\",\"@id\":\"https:\\\/\\\/agriportance.com\\\/#organization\",\"name\":\"agriportance GmbH\",\"url\":\"https:\\\/\\\/agriportance.com\\\/\",\"logo\":{\"@type\":\"ImageObject\",\"inLanguage\":\"sv-SE\",\"@id\":\"https:\\\/\\\/agriportance.com\\\/#\\\/schema\\\/logo\\\/image\\\/\",\"url\":\"https:\\\/\\\/agriportance.com\\\/wp-content\\\/uploads\\\/2023\\\/05\\\/agriportance-logo.png\",\"contentUrl\":\"https:\\\/\\\/agriportance.com\\\/wp-content\\\/uploads\\\/2023\\\/05\\\/agriportance-logo.png\",\"width\":701,\"height\":108,\"caption\":\"agriportance GmbH\"},\"image\":{\"@id\":\"https:\\\/\\\/agriportance.com\\\/#\\\/schema\\\/logo\\\/image\\\/\"},\"sameAs\":[\"https:\\\/\\\/www.facebook.com\\\/agriportance\",\"https:\\\/\\\/x.com\\\/agriportance\",\"https:\\\/\\\/de.linkedin.com\\\/company\\\/agriportance\",\"https:\\\/\\\/www.instagram.com\\\/agriportance\"]}]}<\/script>\n<!-- \/ Yoast SEO Premium plugin. -->","yoast_head_json":{"title":"Kunskap om biometan: podcast, blogg, publikationer och nedladdningar","description":"Ta reda p\u00e5 mer om biometan &amp; LCO2 i v\u00e5r podcast eller blogg. Anv\u00e4nd v\u00e5ra publikationer och nedladdningar. F\u00f6rv\u00e4rva kunskap nu","robots":{"index":"index","follow":"follow","max-snippet":"max-snippet:-1","max-image-preview":"max-image-preview:large","max-video-preview":"max-video-preview:-1"},"canonical":"https:\/\/agriportance.com\/sv\/veta\/","og_locale":"sv_SE","og_type":"article","og_title":"Wissen","og_description":"Erfahren Sie mehr zum Thema Biomethan & LCO2 in unserem Podcast oder Blog. Nutzen Sie unsere Publikationen & Downloads. Jetzt Wissen aneignen","og_url":"https:\/\/agriportance.com\/sv\/veta\/","og_site_name":"agriportance GmbH","article_publisher":"https:\/\/www.facebook.com\/agriportance","article_modified_time":"2024-01-25T16:11:09+00:00","twitter_card":"summary_large_image","twitter_site":"@agriportance","twitter_misc":{"Ber\u00e4knad l\u00e4stid":"2 minuter"},"schema":{"@context":"https:\/\/schema.org","@graph":[{"@type":"WebPage","@id":"https:\/\/agriportance.com\/de\/wissen\/","url":"https:\/\/agriportance.com\/de\/wissen\/","name":"Kunskap om biometan: podcast, blogg, publikationer och nedladdningar","isPartOf":{"@id":"https:\/\/agriportance.com\/#website"},"datePublished":"2023-07-04T12:18:40+00:00","dateModified":"2024-01-25T16:11:09+00:00","description":"Ta reda p\u00e5 mer om biometan &amp; LCO2 i v\u00e5r podcast eller blogg. Anv\u00e4nd v\u00e5ra publikationer och nedladdningar. F\u00f6rv\u00e4rva kunskap nu","breadcrumb":{"@id":"https:\/\/agriportance.com\/de\/wissen\/#breadcrumb"},"inLanguage":"sv-SE","potentialAction":[{"@type":"ReadAction","target":["https:\/\/agriportance.com\/de\/wissen\/"]}]},{"@type":"BreadcrumbList","@id":"https:\/\/agriportance.com\/de\/wissen\/#breadcrumb","itemListElement":[{"@type":"ListItem","position":1,"name":"Startseite","item":"https:\/\/agriportance.com\/de\/"},{"@type":"ListItem","position":2,"name":"Wissen"}]},{"@type":"WebSite","@id":"https:\/\/agriportance.com\/#website","url":"https:\/\/agriportance.com\/","name":"agriportance","description":"Information och tj\u00e4nster om biometan och LCO2","publisher":{"@id":"https:\/\/agriportance.com\/#organization"},"potentialAction":[{"@type":"SearchAction","target":{"@type":"EntryPoint","urlTemplate":"https:\/\/agriportance.com\/?s={search_term_string}"},"query-input":{"@type":"PropertyValueSpecification","valueRequired":true,"valueName":"search_term_string"}}],"inLanguage":"sv-SE"},{"@type":"Organization","@id":"https:\/\/agriportance.com\/#organization","name":"agriportance GmbH","url":"https:\/\/agriportance.com\/","logo":{"@type":"ImageObject","inLanguage":"sv-SE","@id":"https:\/\/agriportance.com\/#\/schema\/logo\/image\/","url":"https:\/\/agriportance.com\/wp-content\/uploads\/2023\/05\/agriportance-logo.png","contentUrl":"https:\/\/agriportance.com\/wp-content\/uploads\/2023\/05\/agriportance-logo.png","width":701,"height":108,"caption":"agriportance GmbH"},"image":{"@id":"https:\/\/agriportance.com\/#\/schema\/logo\/image\/"},"sameAs":["https:\/\/www.facebook.com\/agriportance","https:\/\/x.com\/agriportance","https:\/\/de.linkedin.com\/company\/agriportance","https:\/\/www.instagram.com\/agriportance"]}]}},"_links":{"self":[{"href":"https:\/\/agriportance.com\/sv\/wp-json\/wp\/v2\/pages\/2058","targetHints":{"allow":["GET"]}}],"collection":[{"href":"https:\/\/agriportance.com\/sv\/wp-json\/wp\/v2\/pages"}],"about":[{"href":"https:\/\/agriportance.com\/sv\/wp-json\/wp\/v2\/types\/page"}],"author":[{"embeddable":true,"href":"https:\/\/agriportance.com\/sv\/wp-json\/wp\/v2\/users\/2"}],"replies":[{"embeddable":true,"href":"https:\/\/agriportance.com\/sv\/wp-json\/wp\/v2\/comments?post=2058"}],"version-history":[{"count":8,"href":"https:\/\/agriportance.com\/sv\/wp-json\/wp\/v2\/pages\/2058\/revisions"}],"predecessor-version":[{"id":31315,"href":"https:\/\/agriportance.com\/sv\/wp-json\/wp\/v2\/pages\/2058\/revisions\/31315"}],"wp:attachment":[{"href":"https:\/\/agriportance.com\/sv\/wp-json\/wp\/v2\/media?parent=2058"}],"curies":[{"name":"wp","href":"https:\/\/api.w.org\/{rel}","templated":true}]}}