{"id":2221,"date":"2023-07-26T09:05:20","date_gmt":"2023-07-26T09:05:20","guid":{"rendered":"https:\/\/agriportance.com\/?page_id=2221"},"modified":"2023-07-31T10:55:36","modified_gmt":"2023-07-31T10:55:36","slug":"henning-kukar","status":"publish","type":"page","link":"https:\/\/agriportance.com\/sv\/unternehmen\/presse\/henning-dicks\/","title":{"rendered":"Henning Dicks"},"content":{"rendered":"<div id=\"cs-content\" class=\"cs-content\"><\/div>","protected":false},"excerpt":{"rendered":"<p>Henning DicksS\u00f6ker du en expert p\u00e5 biometan och LCO2 eller CO2? Henning Dicks har en omfattande kunskap om marknaden f\u00f6r biometan och de aktuella trenderna och utvecklingen och har flera g\u00e5nger bjudits in f\u00f6r att dela med sig av sin kunskap som expertf\u00f6rel\u00e4sare f\u00f6r specialiserade arkiv eller f\u00f6rel\u00e4sningar. Hans expertis str\u00e4cker sig ocks\u00e5 till under\u00e4mnena Bio-LNG och Bio-CNG, vilket ger dig v\u00e4rdefulla insikter i ...<\/p>","protected":false},"author":2,"featured_media":0,"parent":2256,"menu_order":0,"comment_status":"closed","ping_status":"closed","template":"template-blank-4.php","meta":{"content-type":"","footnotes":""},"class_list":["post-2221","page","type-page","status-publish","hentry","no-post-thumbnail"],"yoast_head":"<!-- This site is optimized with the Yoast SEO Premium plugin v27.3 (Yoast SEO v27.3) - https:\/\/yoast.com\/product\/yoast-seo-premium-wordpress\/ -->\n<title>Henning Dicks | Biomethan-Experte &amp; Speaker<\/title>\n<meta name=\"description\" content=\"Henning Dicks ist Experte auf dem Themengebiet Biomethan. Folgend k\u00f6nnen Sie Herrn Dicks als Speaker anfragen und seine Vita lesen\" \/>\n<meta name=\"robots\" content=\"index, follow, max-snippet:-1, max-image-preview:large, max-video-preview:-1\" \/>\n<link rel=\"canonical\" href=\"https:\/\/agriportance.com\/sv\/foeretag\/press\/henning-kukar\/\" \/>\n<meta property=\"og:locale\" content=\"sv_SE\" \/>\n<meta property=\"og:type\" content=\"article\" \/>\n<meta property=\"og:title\" content=\"Henning Dicks\" \/>\n<meta property=\"og:description\" content=\"Henning Dicks ist Experte auf dem Themengebiet Biomethan. Folgend k\u00f6nnen Sie Herrn Dicks als Speaker anfragen und seine Vita lesen\" \/>\n<meta property=\"og:url\" content=\"https:\/\/agriportance.com\/sv\/foeretag\/press\/henning-kukar\/\" \/>\n<meta property=\"og:site_name\" content=\"agriportance GmbH\" \/>\n<meta property=\"article:publisher\" content=\"https:\/\/www.facebook.com\/agriportance\" \/>\n<meta property=\"article:modified_time\" content=\"2023-07-31T10:55:36+00:00\" \/>\n<meta name=\"twitter:card\" content=\"summary_large_image\" \/>\n<meta name=\"twitter:site\" content=\"@agriportance\" \/>\n<meta name=\"twitter:label1\" content=\"Ber\u00e4knad l\u00e4stid\" \/>\n\t<meta name=\"twitter:data1\" content=\"2 minuter\" \/>\n<script type=\"application\/ld+json\" class=\"yoast-schema-graph\">{\"@context\":\"https:\\\/\\\/schema.org\",\"@graph\":[{\"@type\":\"WebPage\",\"@id\":\"https:\\\/\\\/agriportance.com\\\/de\\\/unternehmen\\\/presse\\\/henning-dicks\\\/\",\"url\":\"https:\\\/\\\/agriportance.com\\\/de\\\/unternehmen\\\/presse\\\/henning-dicks\\\/\",\"name\":\"Henning Dicks | Biomethan-Experte & Speaker\",\"isPartOf\":{\"@id\":\"https:\\\/\\\/agriportance.com\\\/#website\"},\"datePublished\":\"2023-07-26T09:05:20+00:00\",\"dateModified\":\"2023-07-31T10:55:36+00:00\",\"description\":\"Henning Dicks ist Experte auf dem Themengebiet Biomethan. Folgend k\u00f6nnen Sie Herrn Dicks als Speaker anfragen und seine Vita lesen\",\"breadcrumb\":{\"@id\":\"https:\\\/\\\/agriportance.com\\\/de\\\/unternehmen\\\/presse\\\/henning-dicks\\\/#breadcrumb\"},\"inLanguage\":\"sv-SE\",\"potentialAction\":[{\"@type\":\"ReadAction\",\"target\":[\"https:\\\/\\\/agriportance.com\\\/de\\\/unternehmen\\\/presse\\\/henning-dicks\\\/\"]}]},{\"@type\":\"BreadcrumbList\",\"@id\":\"https:\\\/\\\/agriportance.com\\\/de\\\/unternehmen\\\/presse\\\/henning-dicks\\\/#breadcrumb\",\"itemListElement\":[{\"@type\":\"ListItem\",\"position\":1,\"name\":\"Startseite\",\"item\":\"https:\\\/\\\/agriportance.com\\\/de\\\/\"},{\"@type\":\"ListItem\",\"position\":2,\"name\":\"Unternehmen\",\"item\":\"https:\\\/\\\/agriportance.com\\\/de\\\/unternehmen\\\/\"},{\"@type\":\"ListItem\",\"position\":3,\"name\":\"Presse\",\"item\":\"https:\\\/\\\/agriportance.com\\\/de\\\/unternehmen\\\/presse\\\/\"},{\"@type\":\"ListItem\",\"position\":4,\"name\":\"Henning Dicks\"}]},{\"@type\":\"WebSite\",\"@id\":\"https:\\\/\\\/agriportance.com\\\/#website\",\"url\":\"https:\\\/\\\/agriportance.com\\\/\",\"name\":\"agriportance\",\"description\":\"Informationen und Dienstleistungen zu Biomethan und LCO2\",\"publisher\":{\"@id\":\"https:\\\/\\\/agriportance.com\\\/#organization\"},\"potentialAction\":[{\"@type\":\"SearchAction\",\"target\":{\"@type\":\"EntryPoint\",\"urlTemplate\":\"https:\\\/\\\/agriportance.com\\\/?s={search_term_string}\"},\"query-input\":{\"@type\":\"PropertyValueSpecification\",\"valueRequired\":true,\"valueName\":\"search_term_string\"}}],\"inLanguage\":\"sv-SE\"},{\"@type\":\"Organization\",\"@id\":\"https:\\\/\\\/agriportance.com\\\/#organization\",\"name\":\"agriportance GmbH\",\"url\":\"https:\\\/\\\/agriportance.com\\\/\",\"logo\":{\"@type\":\"ImageObject\",\"inLanguage\":\"sv-SE\",\"@id\":\"https:\\\/\\\/agriportance.com\\\/#\\\/schema\\\/logo\\\/image\\\/\",\"url\":\"https:\\\/\\\/agriportance.com\\\/wp-content\\\/uploads\\\/2023\\\/05\\\/agriportance-logo.png\",\"contentUrl\":\"https:\\\/\\\/agriportance.com\\\/wp-content\\\/uploads\\\/2023\\\/05\\\/agriportance-logo.png\",\"width\":701,\"height\":108,\"caption\":\"agriportance GmbH\"},\"image\":{\"@id\":\"https:\\\/\\\/agriportance.com\\\/#\\\/schema\\\/logo\\\/image\\\/\"},\"sameAs\":[\"https:\\\/\\\/www.facebook.com\\\/agriportance\",\"https:\\\/\\\/x.com\\\/agriportance\",\"https:\\\/\\\/de.linkedin.com\\\/company\\\/agriportance\",\"https:\\\/\\\/www.instagram.com\\\/agriportance\"]}]}<\/script>\n<!-- \/ Yoast SEO Premium plugin. -->","yoast_head_json":{"title":"Henning Dicks | Expert och talare inom biometan","description":"Henning Dicks \u00e4r expert inom omr\u00e5det biometan. Du kan boka Henning Dicks som talare och l\u00e4sa hans CV nedan","robots":{"index":"index","follow":"follow","max-snippet":"max-snippet:-1","max-image-preview":"max-image-preview:large","max-video-preview":"max-video-preview:-1"},"canonical":"https:\/\/agriportance.com\/sv\/foeretag\/press\/henning-kukar\/","og_locale":"sv_SE","og_type":"article","og_title":"Henning Dicks","og_description":"Henning Dicks ist Experte auf dem Themengebiet Biomethan. Folgend k\u00f6nnen Sie Herrn Dicks als Speaker anfragen und seine Vita lesen","og_url":"https:\/\/agriportance.com\/sv\/foeretag\/press\/henning-kukar\/","og_site_name":"agriportance GmbH","article_publisher":"https:\/\/www.facebook.com\/agriportance","article_modified_time":"2023-07-31T10:55:36+00:00","twitter_card":"summary_large_image","twitter_site":"@agriportance","twitter_misc":{"Ber\u00e4knad l\u00e4stid":"2 minuter"},"schema":{"@context":"https:\/\/schema.org","@graph":[{"@type":"WebPage","@id":"https:\/\/agriportance.com\/de\/unternehmen\/presse\/henning-dicks\/","url":"https:\/\/agriportance.com\/de\/unternehmen\/presse\/henning-dicks\/","name":"Henning Dicks | Expert och talare inom biometan","isPartOf":{"@id":"https:\/\/agriportance.com\/#website"},"datePublished":"2023-07-26T09:05:20+00:00","dateModified":"2023-07-31T10:55:36+00:00","description":"Henning Dicks \u00e4r expert inom omr\u00e5det biometan. Du kan boka Henning Dicks som talare och l\u00e4sa hans CV nedan","breadcrumb":{"@id":"https:\/\/agriportance.com\/de\/unternehmen\/presse\/henning-dicks\/#breadcrumb"},"inLanguage":"sv-SE","potentialAction":[{"@type":"ReadAction","target":["https:\/\/agriportance.com\/de\/unternehmen\/presse\/henning-dicks\/"]}]},{"@type":"BreadcrumbList","@id":"https:\/\/agriportance.com\/de\/unternehmen\/presse\/henning-dicks\/#breadcrumb","itemListElement":[{"@type":"ListItem","position":1,"name":"Startseite","item":"https:\/\/agriportance.com\/de\/"},{"@type":"ListItem","position":2,"name":"Unternehmen","item":"https:\/\/agriportance.com\/de\/unternehmen\/"},{"@type":"ListItem","position":3,"name":"Presse","item":"https:\/\/agriportance.com\/de\/unternehmen\/presse\/"},{"@type":"ListItem","position":4,"name":"Henning Dicks"}]},{"@type":"WebSite","@id":"https:\/\/agriportance.com\/#website","url":"https:\/\/agriportance.com\/","name":"agriportance","description":"Information och tj\u00e4nster om biometan och LCO2","publisher":{"@id":"https:\/\/agriportance.com\/#organization"},"potentialAction":[{"@type":"SearchAction","target":{"@type":"EntryPoint","urlTemplate":"https:\/\/agriportance.com\/?s={search_term_string}"},"query-input":{"@type":"PropertyValueSpecification","valueRequired":true,"valueName":"search_term_string"}}],"inLanguage":"sv-SE"},{"@type":"Organization","@id":"https:\/\/agriportance.com\/#organization","name":"agriportance GmbH","url":"https:\/\/agriportance.com\/","logo":{"@type":"ImageObject","inLanguage":"sv-SE","@id":"https:\/\/agriportance.com\/#\/schema\/logo\/image\/","url":"https:\/\/agriportance.com\/wp-content\/uploads\/2023\/05\/agriportance-logo.png","contentUrl":"https:\/\/agriportance.com\/wp-content\/uploads\/2023\/05\/agriportance-logo.png","width":701,"height":108,"caption":"agriportance GmbH"},"image":{"@id":"https:\/\/agriportance.com\/#\/schema\/logo\/image\/"},"sameAs":["https:\/\/www.facebook.com\/agriportance","https:\/\/x.com\/agriportance","https:\/\/de.linkedin.com\/company\/agriportance","https:\/\/www.instagram.com\/agriportance"]}]}},"_links":{"self":[{"href":"https:\/\/agriportance.com\/sv\/wp-json\/wp\/v2\/pages\/2221","targetHints":{"allow":["GET"]}}],"collection":[{"href":"https:\/\/agriportance.com\/sv\/wp-json\/wp\/v2\/pages"}],"about":[{"href":"https:\/\/agriportance.com\/sv\/wp-json\/wp\/v2\/types\/page"}],"author":[{"embeddable":true,"href":"https:\/\/agriportance.com\/sv\/wp-json\/wp\/v2\/users\/2"}],"replies":[{"embeddable":true,"href":"https:\/\/agriportance.com\/sv\/wp-json\/wp\/v2\/comments?post=2221"}],"version-history":[{"count":7,"href":"https:\/\/agriportance.com\/sv\/wp-json\/wp\/v2\/pages\/2221\/revisions"}],"predecessor-version":[{"id":2510,"href":"https:\/\/agriportance.com\/sv\/wp-json\/wp\/v2\/pages\/2221\/revisions\/2510"}],"up":[{"embeddable":true,"href":"https:\/\/agriportance.com\/sv\/wp-json\/wp\/v2\/pages\/2256"}],"wp:attachment":[{"href":"https:\/\/agriportance.com\/sv\/wp-json\/wp\/v2\/media?parent=2221"}],"curies":[{"name":"wp","href":"https:\/\/api.w.org\/{rel}","templated":true}]}}