{"id":85,"date":"2016-08-05T11:43:13","date_gmt":"2016-08-05T16:43:13","guid":{"rendered":"https:\/\/dev.agriportance.com\/contact"},"modified":"2025-02-13T15:27:20","modified_gmt":"2025-02-13T15:27:20","slug":"kontakt","status":"publish","type":"page","link":"https:\/\/agriportance.com\/sv\/kontakt\/","title":{"rendered":"Kontakt"},"content":{"rendered":"<div id=\"cs-content\" class=\"cs-content\"><div class=\"x-section e85-e1 m2d-0\"><div class=\"x-row x-container max width e85-e2 m2d-1 m2d-2\"><div class=\"x-row-inner\"><div class=\"x-col e85-e3 m2d-3\"><div class=\"x-text x-text-headline e85-e4 m2d-4\"><div class=\"x-text-content\"><div class=\"x-text-content-text\"><h1 class=\"x-text-content-text-primary\">Kontaktformul\u00e4r<\/h1>\n<\/div><\/div><\/div><div class=\"x-text x-content e85-e5 m2d-5\"><p class=\"p1\">V\u00e4lkommen till v\u00e5r webbplats f\u00f6r agriportance!<\/p>\n<p class=\"p1\">Vill du komma i kontakt med oss? V\u00e5rt kontaktformul\u00e4r \u00e4r det perfekta s\u00e4ttet att snabbt och enkelt skicka ett meddelande till oss. Vi ser fram emot att h\u00f6ra fr\u00e5n dig!<\/p>\n<p class=\"p1\">V\u00e5rt kontaktformul\u00e4r ger dig m\u00f6jlighet att ber\u00e4tta f\u00f6r oss om dina problem, fr\u00e5gor eller feedback. Oavsett om du beh\u00f6ver information om v\u00e5ra tj\u00e4nster, vill ha individuell r\u00e5dgivning eller bara vill s\u00e4ga hej - vi \u00e4r glada att finnas d\u00e4r f\u00f6r dig.<\/p>\n<p class=\"p1\">Att fylla i v\u00e5rt kontaktformul\u00e4r \u00e4r hur enkelt som helst. Ange ditt namn, din e-postadress och ditt meddelande och klicka p\u00e5 \"Skicka\". Vi ser till att dina uppgifter \u00f6verf\u00f6rs p\u00e5 ett s\u00e4kert s\u00e4tt och behandlas konfidentiellt.<\/p><\/div><div class=\"x-form-integration x-form-integration-embed e85-e6 m2d-6\"><script charset=\"utf-8\" type=\"text\/javascript\" src=\"\/\/js-eu1.hsforms.net\/forms\/embed\/v2.js\"><\/script> <script>\n  hbspt.forms.create({\n    region: \"eu1\",\n    portalId: \"25523324\",\n    formId: \"de664c9d-a35c-4cae-be59-912f053806c2\"\n  });\n<\/script><\/div><\/div><\/div><\/div><\/div><\/div>","protected":false},"excerpt":{"rendered":"<p>Kontaktformul\u00e4r V\u00e4lkommen till v\u00e5r webbplats f\u00f6r agriportance! Vill du komma i kontakt med oss? V\u00e5rt kontaktformul\u00e4r \u00e4r det perfekta s\u00e4ttet att skicka ett meddelande till oss snabbt och enkelt. Vi ser fram emot att h\u00f6ra fr\u00e5n dig! V\u00e5rt kontaktformul\u00e4r ger dig m\u00f6jlighet att skicka oss dina bekymmer, fr\u00e5gor eller feedback. Oavsett om du beh\u00f6ver information om v\u00e5ra tj\u00e4nster, en personlig offert eller...<\/p>","protected":false},"author":1,"featured_media":0,"parent":0,"menu_order":0,"comment_status":"closed","ping_status":"closed","template":"template-blank-4.php","meta":{"content-type":"","footnotes":""},"class_list":["post-85","page","type-page","status-publish","hentry","no-post-thumbnail"],"yoast_head":"<!-- This site is optimized with the Yoast SEO Premium plugin v27.3 (Yoast SEO v27.3) - https:\/\/yoast.com\/product\/yoast-seo-premium-wordpress\/ -->\n<title>Kontakt | agriportance.<\/title>\n<meta name=\"description\" content=\"Folgend gelangen Sie zu den Kontaktm\u00f6glichkeiten von agriportance. Kontaktieren Sie uns bei Fragen oder wenn Sie eine Beratung ben\u00f6tigen\" \/>\n<meta name=\"robots\" content=\"index, follow, max-snippet:-1, max-image-preview:large, max-video-preview:-1\" \/>\n<link rel=\"canonical\" href=\"https:\/\/agriportance.com\/sv\/kontakt\/\" \/>\n<meta property=\"og:locale\" content=\"sv_SE\" \/>\n<meta property=\"og:type\" content=\"article\" \/>\n<meta property=\"og:title\" content=\"Kontakt\" \/>\n<meta property=\"og:description\" content=\"Folgend gelangen Sie zu den Kontaktm\u00f6glichkeiten von agriportance. Kontaktieren Sie uns bei Fragen oder wenn Sie eine Beratung ben\u00f6tigen\" \/>\n<meta property=\"og:url\" content=\"https:\/\/agriportance.com\/sv\/kontakt\/\" \/>\n<meta property=\"og:site_name\" content=\"agriportance GmbH\" \/>\n<meta property=\"article:publisher\" content=\"https:\/\/www.facebook.com\/agriportance\" \/>\n<meta property=\"article:modified_time\" content=\"2025-02-13T15:27:20+00:00\" \/>\n<meta name=\"twitter:card\" content=\"summary_large_image\" \/>\n<meta name=\"twitter:site\" content=\"@agriportance\" \/>\n<meta name=\"twitter:label1\" content=\"Ber\u00e4knad l\u00e4stid\" \/>\n\t<meta name=\"twitter:data1\" content=\"1 minut\" \/>\n<script type=\"application\/ld+json\" class=\"yoast-schema-graph\">{\"@context\":\"https:\\\/\\\/schema.org\",\"@graph\":[{\"@type\":\"WebPage\",\"@id\":\"https:\\\/\\\/agriportance.com\\\/de\\\/kontakt\\\/\",\"url\":\"https:\\\/\\\/agriportance.com\\\/de\\\/kontakt\\\/\",\"name\":\"Kontakt | agriportance.\",\"isPartOf\":{\"@id\":\"https:\\\/\\\/agriportance.com\\\/#website\"},\"datePublished\":\"2016-08-05T16:43:13+00:00\",\"dateModified\":\"2025-02-13T15:27:20+00:00\",\"description\":\"Folgend gelangen Sie zu den Kontaktm\u00f6glichkeiten von agriportance. Kontaktieren Sie uns bei Fragen oder wenn Sie eine Beratung ben\u00f6tigen\",\"breadcrumb\":{\"@id\":\"https:\\\/\\\/agriportance.com\\\/de\\\/kontakt\\\/#breadcrumb\"},\"inLanguage\":\"sv-SE\",\"potentialAction\":[{\"@type\":\"ReadAction\",\"target\":[\"https:\\\/\\\/agriportance.com\\\/de\\\/kontakt\\\/\"]}]},{\"@type\":\"BreadcrumbList\",\"@id\":\"https:\\\/\\\/agriportance.com\\\/de\\\/kontakt\\\/#breadcrumb\",\"itemListElement\":[{\"@type\":\"ListItem\",\"position\":1,\"name\":\"Startseite\",\"item\":\"https:\\\/\\\/agriportance.com\\\/de\\\/\"},{\"@type\":\"ListItem\",\"position\":2,\"name\":\"Kontakt\"}]},{\"@type\":\"WebSite\",\"@id\":\"https:\\\/\\\/agriportance.com\\\/#website\",\"url\":\"https:\\\/\\\/agriportance.com\\\/\",\"name\":\"agriportance\",\"description\":\"Informationen und Dienstleistungen zu Biomethan und LCO2\",\"publisher\":{\"@id\":\"https:\\\/\\\/agriportance.com\\\/#organization\"},\"potentialAction\":[{\"@type\":\"SearchAction\",\"target\":{\"@type\":\"EntryPoint\",\"urlTemplate\":\"https:\\\/\\\/agriportance.com\\\/?s={search_term_string}\"},\"query-input\":{\"@type\":\"PropertyValueSpecification\",\"valueRequired\":true,\"valueName\":\"search_term_string\"}}],\"inLanguage\":\"sv-SE\"},{\"@type\":\"Organization\",\"@id\":\"https:\\\/\\\/agriportance.com\\\/#organization\",\"name\":\"agriportance GmbH\",\"url\":\"https:\\\/\\\/agriportance.com\\\/\",\"logo\":{\"@type\":\"ImageObject\",\"inLanguage\":\"sv-SE\",\"@id\":\"https:\\\/\\\/agriportance.com\\\/#\\\/schema\\\/logo\\\/image\\\/\",\"url\":\"https:\\\/\\\/agriportance.com\\\/wp-content\\\/uploads\\\/2023\\\/05\\\/agriportance-logo.png\",\"contentUrl\":\"https:\\\/\\\/agriportance.com\\\/wp-content\\\/uploads\\\/2023\\\/05\\\/agriportance-logo.png\",\"width\":701,\"height\":108,\"caption\":\"agriportance GmbH\"},\"image\":{\"@id\":\"https:\\\/\\\/agriportance.com\\\/#\\\/schema\\\/logo\\\/image\\\/\"},\"sameAs\":[\"https:\\\/\\\/www.facebook.com\\\/agriportance\",\"https:\\\/\\\/x.com\\\/agriportance\",\"https:\\\/\\\/de.linkedin.com\\\/company\\\/agriportance\",\"https:\\\/\\\/www.instagram.com\\\/agriportance\"]}]}<\/script>\n<!-- \/ Yoast SEO Premium plugin. -->","yoast_head_json":{"title":"Kontakta oss p\u00e5 telefon.","description":"Nedan hittar du kontaktuppgifter till agriportance. Kontakta oss om du har n\u00e5gra fr\u00e5gor eller beh\u00f6ver r\u00e5dgivning","robots":{"index":"index","follow":"follow","max-snippet":"max-snippet:-1","max-image-preview":"max-image-preview:large","max-video-preview":"max-video-preview:-1"},"canonical":"https:\/\/agriportance.com\/sv\/kontakt\/","og_locale":"sv_SE","og_type":"article","og_title":"Kontakt","og_description":"Folgend gelangen Sie zu den Kontaktm\u00f6glichkeiten von agriportance. Kontaktieren Sie uns bei Fragen oder wenn Sie eine Beratung ben\u00f6tigen","og_url":"https:\/\/agriportance.com\/sv\/kontakt\/","og_site_name":"agriportance GmbH","article_publisher":"https:\/\/www.facebook.com\/agriportance","article_modified_time":"2025-02-13T15:27:20+00:00","twitter_card":"summary_large_image","twitter_site":"@agriportance","twitter_misc":{"Ber\u00e4knad l\u00e4stid":"1 minut"},"schema":{"@context":"https:\/\/schema.org","@graph":[{"@type":"WebPage","@id":"https:\/\/agriportance.com\/de\/kontakt\/","url":"https:\/\/agriportance.com\/de\/kontakt\/","name":"Kontakta oss p\u00e5 telefon.","isPartOf":{"@id":"https:\/\/agriportance.com\/#website"},"datePublished":"2016-08-05T16:43:13+00:00","dateModified":"2025-02-13T15:27:20+00:00","description":"Nedan hittar du kontaktuppgifter till agriportance. Kontakta oss om du har n\u00e5gra fr\u00e5gor eller beh\u00f6ver r\u00e5dgivning","breadcrumb":{"@id":"https:\/\/agriportance.com\/de\/kontakt\/#breadcrumb"},"inLanguage":"sv-SE","potentialAction":[{"@type":"ReadAction","target":["https:\/\/agriportance.com\/de\/kontakt\/"]}]},{"@type":"BreadcrumbList","@id":"https:\/\/agriportance.com\/de\/kontakt\/#breadcrumb","itemListElement":[{"@type":"ListItem","position":1,"name":"Startseite","item":"https:\/\/agriportance.com\/de\/"},{"@type":"ListItem","position":2,"name":"Kontakt"}]},{"@type":"WebSite","@id":"https:\/\/agriportance.com\/#website","url":"https:\/\/agriportance.com\/","name":"agriportance","description":"Information och tj\u00e4nster om biometan och LCO2","publisher":{"@id":"https:\/\/agriportance.com\/#organization"},"potentialAction":[{"@type":"SearchAction","target":{"@type":"EntryPoint","urlTemplate":"https:\/\/agriportance.com\/?s={search_term_string}"},"query-input":{"@type":"PropertyValueSpecification","valueRequired":true,"valueName":"search_term_string"}}],"inLanguage":"sv-SE"},{"@type":"Organization","@id":"https:\/\/agriportance.com\/#organization","name":"agriportance GmbH","url":"https:\/\/agriportance.com\/","logo":{"@type":"ImageObject","inLanguage":"sv-SE","@id":"https:\/\/agriportance.com\/#\/schema\/logo\/image\/","url":"https:\/\/agriportance.com\/wp-content\/uploads\/2023\/05\/agriportance-logo.png","contentUrl":"https:\/\/agriportance.com\/wp-content\/uploads\/2023\/05\/agriportance-logo.png","width":701,"height":108,"caption":"agriportance GmbH"},"image":{"@id":"https:\/\/agriportance.com\/#\/schema\/logo\/image\/"},"sameAs":["https:\/\/www.facebook.com\/agriportance","https:\/\/x.com\/agriportance","https:\/\/de.linkedin.com\/company\/agriportance","https:\/\/www.instagram.com\/agriportance"]}]}},"_links":{"self":[{"href":"https:\/\/agriportance.com\/sv\/wp-json\/wp\/v2\/pages\/85","targetHints":{"allow":["GET"]}}],"collection":[{"href":"https:\/\/agriportance.com\/sv\/wp-json\/wp\/v2\/pages"}],"about":[{"href":"https:\/\/agriportance.com\/sv\/wp-json\/wp\/v2\/types\/page"}],"author":[{"embeddable":true,"href":"https:\/\/agriportance.com\/sv\/wp-json\/wp\/v2\/users\/1"}],"replies":[{"embeddable":true,"href":"https:\/\/agriportance.com\/sv\/wp-json\/wp\/v2\/comments?post=85"}],"version-history":[{"count":13,"href":"https:\/\/agriportance.com\/sv\/wp-json\/wp\/v2\/pages\/85\/revisions"}],"predecessor-version":[{"id":36335,"href":"https:\/\/agriportance.com\/sv\/wp-json\/wp\/v2\/pages\/85\/revisions\/36335"}],"wp:attachment":[{"href":"https:\/\/agriportance.com\/sv\/wp-json\/wp\/v2\/media?parent=85"}],"curies":[{"name":"wp","href":"https:\/\/api.w.org\/{rel}","templated":true}]}}